{"id":20601,"date":"2025-06-13T13:21:14","date_gmt":"2025-06-13T12:21:14","guid":{"rendered":"https:\/\/lottohoy.com\/?page_id=20601"},"modified":"2025-06-14T16:35:32","modified_gmt":"2025-06-14T15:35:32","slug":"resultats-euromillions-uk","status":"publish","type":"page","link":"https:\/\/lottohoy.com\/fr\/resultats\/resultats-euromillions-uk\/","title":{"rendered":"R\u00e9sultats EuroMillions UK"},"content":{"rendered":"<h1 data-start=\"305\" data-end=\"367\">R\u00e9sultats EuroMillions UK en ligne \u2013 V\u00e9rifiez votre ticket imm\u00e9diatement<\/h1>\n<p data-start=\"369\" data-end=\"585\">Pour consulter les r\u00e9sultats du tirage EuroMillions UK \u2014 y compris le code gagnant du <strong data-start=\"455\" data-end=\"479\">UK Millionaire Maker<\/strong> \u2014 il suffit de comparer les num\u00e9ros de votre ticket avec la combinaison gagnante affich\u00e9e sur cette page.<\/p>\n<p data-start=\"587\" data-end=\"831\">Si vous avez achet\u00e9 votre ticket hors ligne, nous vous recommandons vivement de v\u00e9rifier les r\u00e9sultats plusieurs fois. Il arrive souvent que des joueurs jettent par erreur un ticket gagnant, perdant ainsi des gains importants, voire un jackpot.<\/p>\n<p data-start=\"833\" data-end=\"1032\">Avec LottoHoy, vous pouvez \u00e9galement consulter le <strong data-start=\"883\" data-end=\"901\">jackpot actuel<\/strong>, voir le nombre de gagnants par cat\u00e9gorie de prix, et acc\u00e9der aux r\u00e9sultats des tirages pr\u00e9c\u00e9dents jusqu\u2019\u00e0 <strong data-start=\"1009\" data-end=\"1031\">24 mois en arri\u00e8re<\/strong>.<\/p>\n<h2 data-start=\"1039\" data-end=\"1120\">Les avantages de v\u00e9rifier les r\u00e9sultats EuroMillions UK en ligne sur LottoHoy<\/h2>\n<p data-start=\"1122\" data-end=\"1290\">En cr\u00e9ant gratuitement un compte utilisateur sur notre plateforme, vous saurez imm\u00e9diatement si vous avez gagn\u00e9 \u2014 sans avoir besoin de chercher les r\u00e9sultats vous-m\u00eame.<\/p>\n<p data-start=\"1292\" data-end=\"1514\">Si vous remportez un prix lors du tirage du mardi ou du vendredi, et que le montant est inf\u00e9rieur ou \u00e9gal \u00e0 <strong data-start=\"1402\" data-end=\"1417\">2 500 \u20ac \/ \u00a3<\/strong>, le gain est <strong data-start=\"1431\" data-end=\"1458\">cr\u00e9dit\u00e9 automatiquement<\/strong> sur votre compte utilisateur, disponible imm\u00e9diatement.<\/p>\n<p data-start=\"1516\" data-end=\"1777\">Pour les gains plus importants, notre \u00e9quipe juridique vous contactera pour vous accompagner dans <strong data-start=\"1618\" data-end=\"1674\">l\u2019ensemble du processus de validation et de paiement<\/strong>. Nous vous offrons une <strong data-start=\"1698\" data-end=\"1744\">assistance personnalis\u00e9e et confidentielle<\/strong> afin de garantir votre s\u00e9curit\u00e9.<\/p>\n<h2 data-start=\"1784\" data-end=\"1825\">R\u00e9partition des gains EuroMillions UK<\/h2>\n<p data-start=\"1827\" data-end=\"2023\">Vous trouverez ci-dessous le tableau affichant <strong data-start=\"1874\" data-end=\"1935\">la combinaison gagnante du dernier tirage EuroMillions UK<\/strong>, ainsi que <strong data-start=\"1947\" data-end=\"1975\">la r\u00e9partition des gains<\/strong> pour chacune des <strong data-start=\"1993\" data-end=\"2022\">13 cat\u00e9gories officielles<\/strong>.<\/p>\n<p data-start=\"2025\" data-end=\"2045\">Ce tableau indique :<\/p>\n<ul data-start=\"2047\" data-end=\"2275\">\n<li data-start=\"2047\" data-end=\"2128\">\n<p data-start=\"2049\" data-end=\"2128\">Les combinaisons de num\u00e9ros et d\u2019\u00e9toiles n\u00e9cessaires pour chaque rang de gain<\/p>\n<\/li>\n<li data-start=\"2129\" data-end=\"2168\">\n<p data-start=\"2131\" data-end=\"2168\">Le nombre de gagnants par cat\u00e9gorie<\/p>\n<\/li>\n<li data-start=\"2169\" data-end=\"2275\">\n<p data-start=\"2171\" data-end=\"2275\">Le montant attribu\u00e9 <strong data-start=\"2191\" data-end=\"2207\">en euros (\u20ac)<\/strong> par gagnant (<em data-start=\"2221\" data-end=\"2274\">le paiement final est effectu\u00e9 en livres sterling \u00a3<\/em>)<\/p>\n<\/li>\n<\/ul>\n<p data-start=\"2277\" data-end=\"2430\">\ud83d\udc49 Vous pouvez \u00e9galement consulter l\u2019historique des <a href=\"https:\/\/lottohoy.com\/fr\/jackpots-de-loterie\/\">derniers jackpots<\/a> via ce lien :<\/p>\n<p data-start=\"2432\" data-end=\"2620\">\ud83d\udc49\u00a0 Pas encore inscrit ? <a href=\"https:\/\/lottohoy.com\/fr\/registration\/\">Cr\u00e9ez votre compte gratuitement ici<\/a> :<br data-start=\"2490\" data-end=\"2493\" \/><\/p>\n","protected":false},"excerpt":{"rendered":"<p>R\u00e9sultats EuroMillions UK en ligne \u2013 V\u00e9rifiez votre ticket imm\u00e9diatement Pour consulter les r\u00e9sultats du tirage EuroMillions UK \u2014 y compris le code gagnant du UK Millionaire Maker \u2014 il suffit de comparer les num\u00e9ros de votre ticket avec la combinaison gagnante affich\u00e9e sur cette page. Si vous avez achet\u00e9 votre ticket hors ligne, nous [&hellip;]<\/p>\n","protected":false},"author":8,"featured_media":0,"parent":4004,"menu_order":0,"comment_status":"closed","ping_status":"closed","template":"euromillions-results.php","meta":{"_et_pb_use_builder":"","_et_pb_old_content":"","_et_gb_content_width":"","exclude_from_search":false,"footnotes":""},"class_list":["post-20601","page","type-page","status-publish","hentry"],"yoast_head":"<!-- This site is optimized with the Yoast SEO plugin v23.7 - https:\/\/yoast.com\/wordpress\/plugins\/seo\/ -->\n<title>V\u00e9rifiez les r\u00e9sultats EuroMillions UK \u2013 Gagnez et encaissez facilement<\/title>\n<meta name=\"description\" content=\"Consultez les r\u00e9sultats EuroMillions UK en ligne. V\u00e9rifiez votre ticket, d\u00e9couvrez si vous avez gagn\u00e9 et touchez vos gains facilement via LottoHoy.\" \/>\n<meta name=\"robots\" content=\"index, follow, max-snippet:-1, max-image-preview:large, max-video-preview:-1\" \/>\n<link rel=\"canonical\" href=\"https:\/\/lottohoy.com\/fr\/resultats\/resultats-euromillions-uk\/\" \/>\n<meta property=\"og:locale\" content=\"fr_FR\" \/>\n<meta property=\"og:type\" content=\"article\" \/>\n<meta property=\"og:title\" content=\"V\u00e9rifiez les r\u00e9sultats EuroMillions UK \u2013 Gagnez et encaissez facilement\" \/>\n<meta property=\"og:description\" content=\"Consultez les r\u00e9sultats EuroMillions UK en ligne. V\u00e9rifiez votre ticket, d\u00e9couvrez si vous avez gagn\u00e9 et touchez vos gains facilement via LottoHoy.\" \/>\n<meta property=\"og:url\" content=\"https:\/\/lottohoy.com\/fr\/resultats\/resultats-euromillions-uk\/\" \/>\n<meta property=\"og:site_name\" content=\"Lottohoy\" \/>\n<meta property=\"article:modified_time\" content=\"2025-06-14T15:35:32+00:00\" \/>\n<meta name=\"twitter:card\" content=\"summary_large_image\" \/>\n<meta name=\"twitter:label1\" content=\"Dur\u00e9e de lecture estim\u00e9e\" \/>\n\t<meta name=\"twitter:data1\" content=\"2 minutes\" \/>\n<script type=\"application\/ld+json\" class=\"yoast-schema-graph\">{\"@context\":\"https:\/\/schema.org\",\"@graph\":[{\"@type\":\"WebPage\",\"@id\":\"https:\/\/lottohoy.com\/fr\/resultats\/resultats-euromillions-uk\/\",\"url\":\"https:\/\/lottohoy.com\/fr\/resultats\/resultats-euromillions-uk\/\",\"name\":\"V\u00e9rifiez les r\u00e9sultats EuroMillions UK \u2013 Gagnez et encaissez facilement\",\"isPartOf\":{\"@id\":\"https:\/\/lottohoy.com\/fr\/#website\"},\"datePublished\":\"2025-06-13T12:21:14+00:00\",\"dateModified\":\"2025-06-14T15:35:32+00:00\",\"description\":\"Consultez les r\u00e9sultats EuroMillions UK en ligne. V\u00e9rifiez votre ticket, d\u00e9couvrez si vous avez gagn\u00e9 et touchez vos gains facilement via LottoHoy.\",\"breadcrumb\":{\"@id\":\"https:\/\/lottohoy.com\/fr\/resultats\/resultats-euromillions-uk\/#breadcrumb\"},\"inLanguage\":\"fr-FR\",\"potentialAction\":[{\"@type\":\"ReadAction\",\"target\":[\"https:\/\/lottohoy.com\/fr\/resultats\/resultats-euromillions-uk\/\"]}]},{\"@type\":\"BreadcrumbList\",\"@id\":\"https:\/\/lottohoy.com\/fr\/resultats\/resultats-euromillions-uk\/#breadcrumb\",\"itemListElement\":[{\"@type\":\"ListItem\",\"position\":1,\"name\":\"Home\",\"item\":\"https:\/\/lottohoy.com\/fr\/\"},{\"@type\":\"ListItem\",\"position\":2,\"name\":\"R\u00e9sultats du loto en ligne\",\"item\":\"https:\/\/lottohoy.com\/fr\/resultats\/\"},{\"@type\":\"ListItem\",\"position\":3,\"name\":\"R\u00e9sultats EuroMillions UK\"}]},{\"@type\":\"WebSite\",\"@id\":\"https:\/\/lottohoy.com\/fr\/#website\",\"url\":\"https:\/\/lottohoy.com\/fr\/\",\"name\":\"Lottohoy\",\"description\":\"\",\"potentialAction\":[{\"@type\":\"SearchAction\",\"target\":{\"@type\":\"EntryPoint\",\"urlTemplate\":\"https:\/\/lottohoy.com\/fr\/?s={search_term_string}\"},\"query-input\":{\"@type\":\"PropertyValueSpecification\",\"valueRequired\":true,\"valueName\":\"search_term_string\"}}],\"inLanguage\":\"fr-FR\"}]}<\/script>\n<!-- \/ Yoast SEO plugin. -->","yoast_head_json":{"title":"V\u00e9rifiez les r\u00e9sultats EuroMillions UK \u2013 Gagnez et encaissez facilement","description":"Consultez les r\u00e9sultats EuroMillions UK en ligne. V\u00e9rifiez votre ticket, d\u00e9couvrez si vous avez gagn\u00e9 et touchez vos gains facilement via LottoHoy.","robots":{"index":"index","follow":"follow","max-snippet":"max-snippet:-1","max-image-preview":"max-image-preview:large","max-video-preview":"max-video-preview:-1"},"canonical":"https:\/\/lottohoy.com\/fr\/resultats\/resultats-euromillions-uk\/","og_locale":"fr_FR","og_type":"article","og_title":"V\u00e9rifiez les r\u00e9sultats EuroMillions UK \u2013 Gagnez et encaissez facilement","og_description":"Consultez les r\u00e9sultats EuroMillions UK en ligne. V\u00e9rifiez votre ticket, d\u00e9couvrez si vous avez gagn\u00e9 et touchez vos gains facilement via LottoHoy.","og_url":"https:\/\/lottohoy.com\/fr\/resultats\/resultats-euromillions-uk\/","og_site_name":"Lottohoy","article_modified_time":"2025-06-14T15:35:32+00:00","twitter_card":"summary_large_image","twitter_misc":{"Dur\u00e9e de lecture estim\u00e9e":"2 minutes"},"schema":{"@context":"https:\/\/schema.org","@graph":[{"@type":"WebPage","@id":"https:\/\/lottohoy.com\/fr\/resultats\/resultats-euromillions-uk\/","url":"https:\/\/lottohoy.com\/fr\/resultats\/resultats-euromillions-uk\/","name":"V\u00e9rifiez les r\u00e9sultats EuroMillions UK \u2013 Gagnez et encaissez facilement","isPartOf":{"@id":"https:\/\/lottohoy.com\/fr\/#website"},"datePublished":"2025-06-13T12:21:14+00:00","dateModified":"2025-06-14T15:35:32+00:00","description":"Consultez les r\u00e9sultats EuroMillions UK en ligne. V\u00e9rifiez votre ticket, d\u00e9couvrez si vous avez gagn\u00e9 et touchez vos gains facilement via LottoHoy.","breadcrumb":{"@id":"https:\/\/lottohoy.com\/fr\/resultats\/resultats-euromillions-uk\/#breadcrumb"},"inLanguage":"fr-FR","potentialAction":[{"@type":"ReadAction","target":["https:\/\/lottohoy.com\/fr\/resultats\/resultats-euromillions-uk\/"]}]},{"@type":"BreadcrumbList","@id":"https:\/\/lottohoy.com\/fr\/resultats\/resultats-euromillions-uk\/#breadcrumb","itemListElement":[{"@type":"ListItem","position":1,"name":"Home","item":"https:\/\/lottohoy.com\/fr\/"},{"@type":"ListItem","position":2,"name":"R\u00e9sultats du loto en ligne","item":"https:\/\/lottohoy.com\/fr\/resultats\/"},{"@type":"ListItem","position":3,"name":"R\u00e9sultats EuroMillions UK"}]},{"@type":"WebSite","@id":"https:\/\/lottohoy.com\/fr\/#website","url":"https:\/\/lottohoy.com\/fr\/","name":"Lottohoy","description":"","potentialAction":[{"@type":"SearchAction","target":{"@type":"EntryPoint","urlTemplate":"https:\/\/lottohoy.com\/fr\/?s={search_term_string}"},"query-input":{"@type":"PropertyValueSpecification","valueRequired":true,"valueName":"search_term_string"}}],"inLanguage":"fr-FR"}]}},"_links":{"self":[{"href":"https:\/\/lottohoy.com\/fr\/wp-json\/wp\/v2\/pages\/20601","targetHints":{"allow":["GET"]}}],"collection":[{"href":"https:\/\/lottohoy.com\/fr\/wp-json\/wp\/v2\/pages"}],"about":[{"href":"https:\/\/lottohoy.com\/fr\/wp-json\/wp\/v2\/types\/page"}],"author":[{"embeddable":true,"href":"https:\/\/lottohoy.com\/fr\/wp-json\/wp\/v2\/users\/8"}],"replies":[{"embeddable":true,"href":"https:\/\/lottohoy.com\/fr\/wp-json\/wp\/v2\/comments?post=20601"}],"version-history":[{"count":1,"href":"https:\/\/lottohoy.com\/fr\/wp-json\/wp\/v2\/pages\/20601\/revisions"}],"predecessor-version":[{"id":20603,"href":"https:\/\/lottohoy.com\/fr\/wp-json\/wp\/v2\/pages\/20601\/revisions\/20603"}],"up":[{"embeddable":true,"href":"https:\/\/lottohoy.com\/fr\/wp-json\/wp\/v2\/pages\/4004"}],"wp:attachment":[{"href":"https:\/\/lottohoy.com\/fr\/wp-json\/wp\/v2\/media?parent=20601"}],"curies":[{"name":"wp","href":"https:\/\/api.w.org\/{rel}","templated":true}]}}