{"id":20530,"date":"2025-06-13T12:40:52","date_gmt":"2025-06-13T11:40:52","guid":{"rendered":"https:\/\/lottohoy.com\/?page_id=20530"},"modified":"2025-06-13T18:24:29","modified_gmt":"2025-06-13T17:24:29","slug":"jouer-a-euromillions-uk","status":"publish","type":"page","link":"https:\/\/lottohoy.com\/fr\/jouer\/jouer-a-euromillions-uk\/","title":{"rendered":"Jouer \u00e0 EuroMillions UK"},"content":{"rendered":"<h2 data-start=\"275\" data-end=\"317\">Jouer \u00e0 EuroMillions UK \u2013 Introduction<\/h2>\n<p data-start=\"319\" data-end=\"735\">EuroMillions est un jeu de loterie g\u00e9r\u00e9 ind\u00e9pendamment par chacun des pays participants.<br data-start=\"407\" data-end=\"410\" \/>Il a \u00e9t\u00e9 lanc\u00e9 en 2004 par la Fran\u00e7aise des Jeux (France), Loter\u00edas y Apuestas del Estado (Espagne) et Camelot (Royaume-Uni). D&rsquo;autres loteries nationales ont ensuite rejoint le consortium, portant \u00e0 9 le nombre de pays participants : France, Espagne, Royaume-Uni, Autriche, Belgique, Irlande, Luxembourg, Portugal et Suisse.<\/p>\n<p data-start=\"737\" data-end=\"939\">Apr\u00e8s le Brexit, le Royaume-Uni a quitt\u00e9 l&rsquo;Union Europ\u00e9enne, mais continue \u00e0 participer au tirage EuroMillions avec les m\u00eames r\u00e8gles que les autres pays, \u00e0 quelques diff\u00e9rences pr\u00e8s. (Voir informations)<\/p>\n<p data-start=\"941\" data-end=\"1132\">Au Royaume-Uni, chaque ticket EuroMillions inclut \u00e9galement une participation automatique \u00e0 UK Millionaire Maker \u2013 un jeu \u00e0 code unique avec un gagnant garanti de 1 000 000 \u00a3 \u00e0 chaque tirage.<\/p>\n<h2 data-start=\"1139\" data-end=\"1182\">Comment jouer \u00e0 EuroMillions en ligne ?<\/h2>\n<p data-start=\"1184\" data-end=\"1397\">C\u2019est tr\u00e8s simple. Il suffit de cr\u00e9er un compte utilisateur sur <a class=\"\" href=\"https:\/\/lottohoy.com\/fr\/registration\/\" target=\"_new\" rel=\"noopener\" data-start=\"1248\" data-end=\"1283\">lottohoy.com<\/a> pour acc\u00e9der \u00e0 toutes les fonctionnalit\u00e9s : console de jeu, informations sur la loterie, r\u00e9sultats et actualit\u00e9s.<\/p>\n<p data-start=\"1399\" data-end=\"1577\">Sur la console de jeu, vous verrez 5 grilles (chacune repr\u00e9sentant une mise), avec les num\u00e9ros s\u00e9par\u00e9s en deux sections : les num\u00e9ros principaux (1 \u00e0 50) et les \u00e9toiles (1 \u00e0 12).<\/p>\n<p data-start=\"1579\" data-end=\"1686\">Vous pouvez s\u00e9lectionner manuellement vos num\u00e9ros, ou laisser le syst\u00e8me g\u00e9n\u00e9rer une combinaison al\u00e9atoire.<\/p>\n<p data-start=\"1688\" data-end=\"1749\">Il est important de conna\u00eetre les diff\u00e9rents types de mises :<\/p>\n<h3 data-start=\"1756\" data-end=\"1787\">Mise simple EuroMillions UK<\/h3>\n<p data-start=\"1789\" data-end=\"1931\">Chaque grille est une mise simple.<br data-start=\"1823\" data-end=\"1826\" \/>Il faut cocher 5 num\u00e9ros parmi 1 \u00e0 50, et 2 \u00e9toiles entre 1 et 12 dans la partie inf\u00e9rieure de la grille.<\/p>\n<h3 data-start=\"1938\" data-end=\"1971\">Mise multiple EuroMillions UK<\/h3>\n<p data-start=\"1973\" data-end=\"2110\">Actuellement, il n\u2019est pas possible de faire des mises multiples sur notre plateforme en ligne, mais&#8230;<br data-start=\"2076\" data-end=\"2079\" \/>Nos d\u00e9veloppeurs y travaillent.<\/p>\n<p data-start=\"2112\" data-end=\"2263\">En jeu hors ligne, les mises multiples sont possibles.<br data-start=\"2166\" data-end=\"2169\" \/>Il faut cocher entre 6 et 10 num\u00e9ros principaux, et entre 2 et 6 \u00e9toiles sur une seule grille.<\/p>\n<p data-start=\"2265\" data-end=\"2375\">Plus vous s\u00e9lectionnez de num\u00e9ros, plus le prix total de votre ticket sera \u00e9lev\u00e9. Voici un tableau indicatif :<\/p>\n<div class=\"_tableContainer_16hzy_1\">\n<div class=\"_tableWrapper_16hzy_14 group flex w-fit flex-col-reverse\">\n<table class=\"w-fit min-w-(--thread-content-width)\" data-start=\"2377\" data-end=\"2748\">\n<thead data-start=\"2377\" data-end=\"2438\">\n<tr data-start=\"2377\" data-end=\"2438\">\n<th data-start=\"2377\" data-end=\"2397\" data-col-size=\"sm\">\u00c9toiles \\ Num\u00e9ros<\/th>\n<th data-start=\"2397\" data-end=\"2402\" data-col-size=\"sm\">5<\/th>\n<th data-start=\"2402\" data-end=\"2407\" data-col-size=\"sm\">6<\/th>\n<th data-start=\"2407\" data-end=\"2413\" data-col-size=\"sm\">7<\/th>\n<th data-start=\"2413\" data-end=\"2420\" data-col-size=\"sm\">8<\/th>\n<th data-start=\"2420\" data-end=\"2428\" data-col-size=\"sm\">9<\/th>\n<th data-start=\"2428\" data-end=\"2438\" data-col-size=\"sm\">10<\/th>\n<\/tr>\n<\/thead>\n<tbody data-start=\"2501\" data-end=\"2748\">\n<tr data-start=\"2501\" data-end=\"2562\">\n<td data-start=\"2501\" data-end=\"2521\" data-col-size=\"sm\">2<\/td>\n<td data-col-size=\"sm\" data-start=\"2521\" data-end=\"2526\">\u2013<\/td>\n<td data-col-size=\"sm\" data-start=\"2526\" data-end=\"2531\">6<\/td>\n<td data-col-size=\"sm\" data-start=\"2531\" data-end=\"2537\">21<\/td>\n<td data-col-size=\"sm\" data-start=\"2537\" data-end=\"2544\">56<\/td>\n<td data-col-size=\"sm\" data-start=\"2544\" data-end=\"2552\">126<\/td>\n<td data-col-size=\"sm\" data-start=\"2552\" data-end=\"2562\">252<\/td>\n<\/tr>\n<tr data-start=\"2563\" data-end=\"2624\">\n<td data-start=\"2563\" data-end=\"2583\" data-col-size=\"sm\">3<\/td>\n<td data-start=\"2583\" data-end=\"2588\" data-col-size=\"sm\">3<\/td>\n<td data-start=\"2588\" data-end=\"2593\" data-col-size=\"sm\">18<\/td>\n<td data-start=\"2593\" data-end=\"2599\" data-col-size=\"sm\">63<\/td>\n<td data-start=\"2599\" data-end=\"2606\" data-col-size=\"sm\">168<\/td>\n<td data-start=\"2606\" data-end=\"2614\" data-col-size=\"sm\">378<\/td>\n<td data-start=\"2614\" data-end=\"2624\" data-col-size=\"sm\">756<\/td>\n<\/tr>\n<tr data-start=\"2625\" data-end=\"2686\">\n<td data-start=\"2625\" data-end=\"2645\" data-col-size=\"sm\">4<\/td>\n<td data-start=\"2645\" data-end=\"2650\" data-col-size=\"sm\">6<\/td>\n<td data-start=\"2650\" data-end=\"2655\" data-col-size=\"sm\">36<\/td>\n<td data-start=\"2655\" data-end=\"2661\" data-col-size=\"sm\">126<\/td>\n<td data-start=\"2661\" data-end=\"2668\" data-col-size=\"sm\">336<\/td>\n<td data-start=\"2668\" data-end=\"2676\" data-col-size=\"sm\">756<\/td>\n<td data-start=\"2676\" data-end=\"2686\" data-col-size=\"sm\">1 512<\/td>\n<\/tr>\n<tr data-start=\"2687\" data-end=\"2748\">\n<td data-start=\"2687\" data-end=\"2707\" data-col-size=\"sm\">5<\/td>\n<td data-start=\"2707\" data-end=\"2712\" data-col-size=\"sm\">10<\/td>\n<td data-start=\"2712\" data-end=\"2717\" data-col-size=\"sm\">60<\/td>\n<td data-start=\"2717\" data-end=\"2723\" data-col-size=\"sm\">210<\/td>\n<td data-start=\"2723\" data-end=\"2730\" data-col-size=\"sm\">560<\/td>\n<td data-start=\"2730\" data-end=\"2738\" data-col-size=\"sm\">1 260<\/td>\n<td data-start=\"2738\" data-end=\"2748\" data-col-size=\"sm\">2 520<\/td>\n<\/tr>\n<\/tbody>\n<\/table>\n<div class=\"sticky end-(--thread-content-margin) h-0 self-end select-none\">\n<div class=\"absolute end-0 flex items-end\"><\/div>\n<\/div>\n<\/div>\n<\/div>\n<h3 data-start=\"2755\" data-end=\"2787\">Mise r\u00e9duite EuroMillions UK<\/h3>\n<p data-start=\"2789\" data-end=\"2884\">Cette option n\u2019est disponible qu\u2019en mode hors ligne. Elle est pr\u00e9sent\u00e9e ici \u00e0 titre informatif.<\/p>\n<p data-start=\"2886\" data-end=\"3061\">Il s\u2019agit d\u2019une variante qui permet de combiner des mises simples et multiples. Le joueur peut jouer plusieurs combinaisons avec certains num\u00e9ros r\u00e9p\u00e9t\u00e9s sur une seule grille.<\/p>\n<p data-start=\"3063\" data-end=\"3073\">Exemples :<\/p>\n<ul data-start=\"3075\" data-end=\"3389\">\n<li data-start=\"3075\" data-end=\"3144\">\n<p data-start=\"3077\" data-end=\"3144\">10 num\u00e9ros + 2 \u00e9toiles = 14 mises (vs 252 combinaisons compl\u00e8tes)<\/p>\n<\/li>\n<li data-start=\"3145\" data-end=\"3205\">\n<p data-start=\"3147\" data-end=\"3205\">10 num\u00e9ros + 4 \u00e9toiles = 28 mises (vs 1512 combinaisons)<\/p>\n<\/li>\n<li data-start=\"3206\" data-end=\"3266\">\n<p data-start=\"3208\" data-end=\"3266\">10 num\u00e9ros + 3 \u00e9toiles = 84 mises (vs 1512 combinaisons)<\/p>\n<\/li>\n<li data-start=\"3267\" data-end=\"3328\">\n<p data-start=\"3269\" data-end=\"3328\">12 num\u00e9ros + 3 \u00e9toiles = 114 mises (vs 2376 combinaisons)<\/p>\n<\/li>\n<li data-start=\"3329\" data-end=\"3389\">\n<p data-start=\"3331\" data-end=\"3389\">15 num\u00e9ros + 4 \u00e9toiles = 30 mises (vs 18 018 combinaisons)<\/p>\n<\/li>\n<\/ul>\n<h2 data-start=\"3396\" data-end=\"3441\">Quand ont lieu les tirages EuroMillions ?<\/h2>\n<p data-start=\"3443\" data-end=\"3566\">EuroMillions est une loterie unique et ses tirages ont lieu tous les mardis et vendredis \u00e0 21h30 (heure d\u2019Europe centrale).<\/p>\n<p data-start=\"3568\" data-end=\"3748\">Notre plateforme ferme les ventes quelques heures avant le tirage (l\u2019heure exacte s\u2019affiche dans la console de jeu) pour permettre la validation des tickets par nos correspondants.<\/p>\n<p data-start=\"3750\" data-end=\"3874\">Si vous achetez apr\u00e8s la fermeture, votre ticket sera automatiquement report\u00e9 au prochain tirage, dans les m\u00eames conditions.<\/p>\n<p data-start=\"3876\" data-end=\"4011\">Pour les jeux r\u00e9currents, seule la premi\u00e8re grille doit \u00eatre valid\u00e9e avant la date limite. Les suivantes seront programm\u00e9es \u00e0 l\u2019avance.<\/p>\n<h2 data-start=\"4018\" data-end=\"4063\">Avantages d\u2019acheter EuroMillions en ligne<\/h2>\n<p data-start=\"4065\" data-end=\"4154\">Les nouveaux comportements d\u2019achat et la facilit\u00e9 d\u2019acc\u00e8s offrent de nombreux avantages :<\/p>\n<ul data-start=\"4156\" data-end=\"4819\">\n<li data-start=\"4156\" data-end=\"4243\">\n<p data-start=\"4158\" data-end=\"4243\"><strong data-start=\"4158\" data-end=\"4203\">S\u00e9curit\u00e9 renforc\u00e9e via le protocole HTTPS<\/strong> \u2013 v\u00e9rifiez toujours l\u2019adresse du site<\/p>\n<\/li>\n<li data-start=\"4244\" data-end=\"4302\">\n<p data-start=\"4246\" data-end=\"4302\"><strong data-start=\"4246\" data-end=\"4300\">Multiples moyens de paiement et de retrait fiables<\/strong><\/p>\n<\/li>\n<li data-start=\"4303\" data-end=\"4375\">\n<p data-start=\"4305\" data-end=\"4375\"><strong data-start=\"4305\" data-end=\"4342\">Achat 24h\/24, 7j\/7, toute l\u2019ann\u00e9e<\/strong> \u2013 plus de contraintes horaires<\/p>\n<\/li>\n<li data-start=\"4376\" data-end=\"4446\">\n<p data-start=\"4378\" data-end=\"4446\"><strong data-start=\"4378\" data-end=\"4444\">Jouez depuis n\u2019importe o\u00f9 \u2013 sans d\u00e9placement ni file d\u2019attente<\/strong><\/p>\n<\/li>\n<li data-start=\"4447\" data-end=\"4529\">\n<p data-start=\"4449\" data-end=\"4529\"><strong data-start=\"4449\" data-end=\"4527\">Aucun risque de perdre votre ticket \u2013 tout est enregistr\u00e9 sur votre compte<\/strong><\/p>\n<\/li>\n<li data-start=\"4530\" data-end=\"4613\">\n<p data-start=\"4532\" data-end=\"4613\"><strong data-start=\"4532\" data-end=\"4592\">Les gains sont cr\u00e9dit\u00e9s automatiquement sur votre compte<\/strong> apr\u00e8s v\u00e9rification<\/p>\n<\/li>\n<li data-start=\"4614\" data-end=\"4756\">\n<p data-start=\"4616\" data-end=\"4756\"><strong data-start=\"4616\" data-end=\"4683\">Soyez inform\u00e9 des jackpots, tirages exceptionnels et nouveaut\u00e9s<\/strong><br data-start=\"4683\" data-end=\"4686\" \/>\u27a4 <a class=\"\" href=\"https:\/\/lottohoy.com\/fr\/jackpots-de-loterie\/\" target=\"_new\" rel=\"noopener\" data-start=\"4690\" data-end=\"4754\">https:\/\/lottohoy.com\/kackpots<\/a><\/p>\n<\/li>\n<li data-start=\"4757\" data-end=\"4819\">\n<p data-start=\"4759\" data-end=\"4819\"><strong data-start=\"4759\" data-end=\"4819\">Recevez les r\u00e9sultats des tirages directement par e-mail<\/strong><\/p>\n<\/li>\n<\/ul>\n","protected":false},"excerpt":{"rendered":"<p>Jouer \u00e0 EuroMillions UK \u2013 Introduction EuroMillions est un jeu de loterie g\u00e9r\u00e9 ind\u00e9pendamment par chacun des pays participants.Il a \u00e9t\u00e9 lanc\u00e9 en 2004 par la Fran\u00e7aise des Jeux (France), Loter\u00edas y Apuestas del Estado (Espagne) et Camelot (Royaume-Uni). D&rsquo;autres loteries nationales ont ensuite rejoint le consortium, portant \u00e0 9 le nombre de pays participants [&hellip;]<\/p>\n","protected":false},"author":8,"featured_media":0,"parent":4072,"menu_order":0,"comment_status":"closed","ping_status":"closed","template":"euromillions.php","meta":{"_et_pb_use_builder":"","_et_pb_old_content":"","_et_gb_content_width":"","exclude_from_search":false,"footnotes":""},"class_list":["post-20530","page","type-page","status-publish","hentry"],"yoast_head":"<!-- This site is optimized with the Yoast SEO plugin v23.7 - https:\/\/yoast.com\/wordpress\/plugins\/seo\/ -->\n<title>Jouer \u00e0 EuroMillions UK en ligne \u2013 R\u00e8gles et jackpots | LottoHoy<\/title>\n<meta name=\"description\" content=\"D\u00e9couvrez comment jouer \u00e0 EuroMillions UK en ligne. Infos sur les r\u00e8gles, les tirages et le Millionaire Maker britannique. S\u00e9curis\u00e9 et rapide avec LottoHoy.\" \/>\n<meta name=\"robots\" content=\"index, follow, max-snippet:-1, max-image-preview:large, max-video-preview:-1\" \/>\n<link rel=\"canonical\" href=\"https:\/\/lottohoy.com\/fr\/jouer\/jouer-a-euromillions-uk\/\" \/>\n<meta property=\"og:locale\" content=\"fr_FR\" \/>\n<meta property=\"og:type\" content=\"article\" \/>\n<meta property=\"og:title\" content=\"Jouer \u00e0 EuroMillions UK en ligne \u2013 R\u00e8gles et jackpots | LottoHoy\" \/>\n<meta property=\"og:description\" content=\"D\u00e9couvrez comment jouer \u00e0 EuroMillions UK en ligne. Infos sur les r\u00e8gles, les tirages et le Millionaire Maker britannique. S\u00e9curis\u00e9 et rapide avec LottoHoy.\" \/>\n<meta property=\"og:url\" content=\"https:\/\/lottohoy.com\/fr\/jouer\/jouer-a-euromillions-uk\/\" \/>\n<meta property=\"og:site_name\" content=\"Lottohoy\" \/>\n<meta property=\"article:modified_time\" content=\"2025-06-13T17:24:29+00:00\" \/>\n<meta name=\"twitter:card\" content=\"summary_large_image\" \/>\n<meta name=\"twitter:label1\" content=\"Dur\u00e9e de lecture estim\u00e9e\" \/>\n\t<meta name=\"twitter:data1\" content=\"3 minutes\" \/>\n<script type=\"application\/ld+json\" class=\"yoast-schema-graph\">{\"@context\":\"https:\/\/schema.org\",\"@graph\":[{\"@type\":\"WebPage\",\"@id\":\"https:\/\/lottohoy.com\/fr\/jouer\/jouer-a-euromillions-uk\/\",\"url\":\"https:\/\/lottohoy.com\/fr\/jouer\/jouer-a-euromillions-uk\/\",\"name\":\"Jouer \u00e0 EuroMillions UK en ligne \u2013 R\u00e8gles et jackpots | LottoHoy\",\"isPartOf\":{\"@id\":\"https:\/\/lottohoy.com\/fr\/#website\"},\"datePublished\":\"2025-06-13T11:40:52+00:00\",\"dateModified\":\"2025-06-13T17:24:29+00:00\",\"description\":\"D\u00e9couvrez comment jouer \u00e0 EuroMillions UK en ligne. Infos sur les r\u00e8gles, les tirages et le Millionaire Maker britannique. S\u00e9curis\u00e9 et rapide avec LottoHoy.\",\"breadcrumb\":{\"@id\":\"https:\/\/lottohoy.com\/fr\/jouer\/jouer-a-euromillions-uk\/#breadcrumb\"},\"inLanguage\":\"fr-FR\",\"potentialAction\":[{\"@type\":\"ReadAction\",\"target\":[\"https:\/\/lottohoy.com\/fr\/jouer\/jouer-a-euromillions-uk\/\"]}]},{\"@type\":\"BreadcrumbList\",\"@id\":\"https:\/\/lottohoy.com\/fr\/jouer\/jouer-a-euromillions-uk\/#breadcrumb\",\"itemListElement\":[{\"@type\":\"ListItem\",\"position\":1,\"name\":\"Home\",\"item\":\"https:\/\/lottohoy.com\/fr\/\"},{\"@type\":\"ListItem\",\"position\":2,\"name\":\"Jouez la loterie en ligne\",\"item\":\"https:\/\/lottohoy.com\/fr\/jouer\/\"},{\"@type\":\"ListItem\",\"position\":3,\"name\":\"Jouer \u00e0 EuroMillions UK\"}]},{\"@type\":\"WebSite\",\"@id\":\"https:\/\/lottohoy.com\/fr\/#website\",\"url\":\"https:\/\/lottohoy.com\/fr\/\",\"name\":\"Lottohoy\",\"description\":\"\",\"potentialAction\":[{\"@type\":\"SearchAction\",\"target\":{\"@type\":\"EntryPoint\",\"urlTemplate\":\"https:\/\/lottohoy.com\/fr\/?s={search_term_string}\"},\"query-input\":{\"@type\":\"PropertyValueSpecification\",\"valueRequired\":true,\"valueName\":\"search_term_string\"}}],\"inLanguage\":\"fr-FR\"}]}<\/script>\n<!-- \/ Yoast SEO plugin. -->","yoast_head_json":{"title":"Jouer \u00e0 EuroMillions UK en ligne \u2013 R\u00e8gles et jackpots | LottoHoy","description":"D\u00e9couvrez comment jouer \u00e0 EuroMillions UK en ligne. Infos sur les r\u00e8gles, les tirages et le Millionaire Maker britannique. S\u00e9curis\u00e9 et rapide avec LottoHoy.","robots":{"index":"index","follow":"follow","max-snippet":"max-snippet:-1","max-image-preview":"max-image-preview:large","max-video-preview":"max-video-preview:-1"},"canonical":"https:\/\/lottohoy.com\/fr\/jouer\/jouer-a-euromillions-uk\/","og_locale":"fr_FR","og_type":"article","og_title":"Jouer \u00e0 EuroMillions UK en ligne \u2013 R\u00e8gles et jackpots | LottoHoy","og_description":"D\u00e9couvrez comment jouer \u00e0 EuroMillions UK en ligne. Infos sur les r\u00e8gles, les tirages et le Millionaire Maker britannique. S\u00e9curis\u00e9 et rapide avec LottoHoy.","og_url":"https:\/\/lottohoy.com\/fr\/jouer\/jouer-a-euromillions-uk\/","og_site_name":"Lottohoy","article_modified_time":"2025-06-13T17:24:29+00:00","twitter_card":"summary_large_image","twitter_misc":{"Dur\u00e9e de lecture estim\u00e9e":"3 minutes"},"schema":{"@context":"https:\/\/schema.org","@graph":[{"@type":"WebPage","@id":"https:\/\/lottohoy.com\/fr\/jouer\/jouer-a-euromillions-uk\/","url":"https:\/\/lottohoy.com\/fr\/jouer\/jouer-a-euromillions-uk\/","name":"Jouer \u00e0 EuroMillions UK en ligne \u2013 R\u00e8gles et jackpots | LottoHoy","isPartOf":{"@id":"https:\/\/lottohoy.com\/fr\/#website"},"datePublished":"2025-06-13T11:40:52+00:00","dateModified":"2025-06-13T17:24:29+00:00","description":"D\u00e9couvrez comment jouer \u00e0 EuroMillions UK en ligne. Infos sur les r\u00e8gles, les tirages et le Millionaire Maker britannique. S\u00e9curis\u00e9 et rapide avec LottoHoy.","breadcrumb":{"@id":"https:\/\/lottohoy.com\/fr\/jouer\/jouer-a-euromillions-uk\/#breadcrumb"},"inLanguage":"fr-FR","potentialAction":[{"@type":"ReadAction","target":["https:\/\/lottohoy.com\/fr\/jouer\/jouer-a-euromillions-uk\/"]}]},{"@type":"BreadcrumbList","@id":"https:\/\/lottohoy.com\/fr\/jouer\/jouer-a-euromillions-uk\/#breadcrumb","itemListElement":[{"@type":"ListItem","position":1,"name":"Home","item":"https:\/\/lottohoy.com\/fr\/"},{"@type":"ListItem","position":2,"name":"Jouez la loterie en ligne","item":"https:\/\/lottohoy.com\/fr\/jouer\/"},{"@type":"ListItem","position":3,"name":"Jouer \u00e0 EuroMillions UK"}]},{"@type":"WebSite","@id":"https:\/\/lottohoy.com\/fr\/#website","url":"https:\/\/lottohoy.com\/fr\/","name":"Lottohoy","description":"","potentialAction":[{"@type":"SearchAction","target":{"@type":"EntryPoint","urlTemplate":"https:\/\/lottohoy.com\/fr\/?s={search_term_string}"},"query-input":{"@type":"PropertyValueSpecification","valueRequired":true,"valueName":"search_term_string"}}],"inLanguage":"fr-FR"}]}},"_links":{"self":[{"href":"https:\/\/lottohoy.com\/fr\/wp-json\/wp\/v2\/pages\/20530","targetHints":{"allow":["GET"]}}],"collection":[{"href":"https:\/\/lottohoy.com\/fr\/wp-json\/wp\/v2\/pages"}],"about":[{"href":"https:\/\/lottohoy.com\/fr\/wp-json\/wp\/v2\/types\/page"}],"author":[{"embeddable":true,"href":"https:\/\/lottohoy.com\/fr\/wp-json\/wp\/v2\/users\/8"}],"replies":[{"embeddable":true,"href":"https:\/\/lottohoy.com\/fr\/wp-json\/wp\/v2\/comments?post=20530"}],"version-history":[{"count":1,"href":"https:\/\/lottohoy.com\/fr\/wp-json\/wp\/v2\/pages\/20530\/revisions"}],"predecessor-version":[{"id":20531,"href":"https:\/\/lottohoy.com\/fr\/wp-json\/wp\/v2\/pages\/20530\/revisions\/20531"}],"up":[{"embeddable":true,"href":"https:\/\/lottohoy.com\/fr\/wp-json\/wp\/v2\/pages\/4072"}],"wp:attachment":[{"href":"https:\/\/lottohoy.com\/fr\/wp-json\/wp\/v2\/media?parent=20530"}],"curies":[{"name":"wp","href":"https:\/\/api.w.org\/{rel}","templated":true}]}}