{"id":11849,"date":"2024-11-16T10:47:26","date_gmt":"2024-11-16T10:47:26","guid":{"rendered":"https:\/\/lottohoy.xyz\/?page_id=11849"},"modified":"2025-04-01T17:41:02","modified_gmt":"2025-04-01T16:41:02","slug":"contact","status":"publish","type":"page","link":"https:\/\/lottohoy.com\/fr\/contact\/","title":{"rendered":"Contact"},"content":{"rendered":"<h1><strong>Contacto<\/strong><\/h1>\n<h2><strong>Vous avez besoin d&rsquo;aide ? Contactez nous !<\/strong><\/h2>\n<p>Nous nous ferons un plaisir de vous aider 24 heures sur 24, 7 jours sur 7. Consultez notre<a href=\"https:\/\/lottohoy.com\/fr\/faq\/\"> FAQ &#8211; Centre d&rsquo;aide<\/a> pour voir si votre question n&rsquo;a pas d\u00e9j\u00e0 re\u00e7u une r\u00e9ponse.<\/p>\n<div class=\"wpforms-container wpforms-container-full wpforms-render-modern\" id=\"wpforms-12619\"><form id=\"wpforms-form-12619\" class=\"wpforms-validate wpforms-form wpforms-ajax-form\" data-formid=\"12619\" method=\"post\" enctype=\"multipart\/form-data\" action=\"\/fr\/wp-json\/wp\/v2\/pages\/11849\" data-token=\"73297fe6936b0347275b7513736387b7\" data-token-time=\"1777065597\"><noscript class=\"wpforms-error-noscript\">Veuillez activer JavaScript dans votre navigateur pour remplir ce formulaire.<\/noscript><div class=\"wpforms-hidden\" id=\"wpforms-error-noscript\">Veuillez activer JavaScript dans votre navigateur pour remplir ce formulaire.<\/div><div class=\"wpforms-field-container\"><div id=\"wpforms-12619-field_1-container\" class=\"wpforms-field wpforms-field-name\" data-field-id=\"1\"><fieldset><legend class=\"wpforms-field-label\">Name <span class=\"wpforms-required-label\" aria-hidden=\"true\">*<\/span><\/legend><div class=\"wpforms-field-row wpforms-field-medium\"><div class=\"wpforms-field-row-block wpforms-first wpforms-one-half\"><input type=\"text\" id=\"wpforms-12619-field_1\" class=\"wpforms-field-name-first wpforms-field-required\" name=\"wpforms[fields][1][first]\" aria-errormessage=\"wpforms-12619-field_1-error\" required><label for=\"wpforms-12619-field_1\" class=\"wpforms-field-sublabel after\">Pr\u00e9nom<\/label><\/div><div class=\"wpforms-field-row-block wpforms-one-half\"><input type=\"text\" id=\"wpforms-12619-field_1-last\" class=\"wpforms-field-name-last wpforms-field-required\" name=\"wpforms[fields][1][last]\" aria-errormessage=\"wpforms-12619-field_1-last-error\" required><label for=\"wpforms-12619-field_1-last\" class=\"wpforms-field-sublabel after\">Nom<\/label><\/div><\/div><\/fieldset><\/div><div id=\"wpforms-12619-field_2-container\" class=\"wpforms-field wpforms-field-email\" data-field-id=\"2\"><label class=\"wpforms-field-label\" for=\"wpforms-12619-field_2\">Email <span class=\"wpforms-required-label\" aria-hidden=\"true\">*<\/span><\/label><input type=\"email\" id=\"wpforms-12619-field_2\" class=\"wpforms-field-medium wpforms-field-required\" name=\"wpforms[fields][2]\" spellcheck=\"false\" aria-errormessage=\"wpforms-12619-field_2-error\" required><\/div><div id=\"wpforms-12619-field_5-container\" class=\"wpforms-field wpforms-field-text\" data-field-id=\"5\"><label class=\"wpforms-field-label\" for=\"wpforms-12619-field_5\">Subject <span class=\"wpforms-required-label\" aria-hidden=\"true\">*<\/span><\/label><input type=\"text\" id=\"wpforms-12619-field_5\" class=\"wpforms-field-medium wpforms-field-required\" name=\"wpforms[fields][5]\" aria-errormessage=\"wpforms-12619-field_5-error\" required><\/div><div id=\"wpforms-12619-field_3-container\" class=\"wpforms-field wpforms-field-textarea\" data-field-id=\"3\"><label class=\"wpforms-field-label\" for=\"wpforms-12619-field_3\">Comment or Message<\/label><textarea id=\"wpforms-12619-field_3\" class=\"wpforms-field-medium\" name=\"wpforms[fields][3]\" aria-errormessage=\"wpforms-12619-field_3-error\" ><\/textarea><\/div><\/div><!-- .wpforms-field-container --><div class=\"wpforms-recaptcha-container wpforms-is-recaptcha wpforms-is-recaptcha-type-v3\" ><input type=\"hidden\" name=\"wpforms[recaptcha]\" value=\"\"><\/div><div class=\"wpforms-submit-container\" ><input type=\"hidden\" name=\"wpforms[id]\" value=\"12619\"><input type=\"hidden\" name=\"page_title\" value=\"\"><input type=\"hidden\" name=\"page_url\" value=\"https:\/\/lottohoy.com\/fr\/wp-json\/wp\/v2\/pages\/11849\"><button type=\"submit\" name=\"wpforms[submit]\" id=\"wpforms-submit-12619\" class=\"wpforms-submit\" data-alt-text=\"Sending...\" data-submit-text=\"Submit\" aria-live=\"assertive\" value=\"wpforms-submit\">Submit<\/button><img loading=\"lazy\" decoding=\"async\" src=\"https:\/\/lottohoy.com\/wp-content\/plugins\/wpforms-lite.1.9.2.2\/assets\/images\/submit-spin.svg\" class=\"wpforms-submit-spinner\" style=\"display: none;\" width=\"26\" height=\"26\" alt=\"Chargement en cours\"><\/div><\/form><\/div>  <!-- .wpforms-container -->\n<h2><strong>Notre emplacement<\/strong><\/h2>\n<p>LLL World Marketing Limited, Peiraios 30, 1er \u00e9tage, bureau 1, 2023 Strovolos, Nikosia-Chypre.<\/p>\n<p>&nbsp;<\/p>\n","protected":false},"excerpt":{"rendered":"<p>Contacto Vous avez besoin d&rsquo;aide ? Contactez nous ! Nous nous ferons un plaisir de vous aider 24 heures sur 24, 7 jours sur 7. Consultez notre FAQ &#8211; Centre d&rsquo;aide pour voir si votre question n&rsquo;a pas d\u00e9j\u00e0 re\u00e7u une r\u00e9ponse. Notre emplacement LLL World Marketing Limited, Peiraios 30, 1er \u00e9tage, bureau 1, 2023 [&hellip;]<\/p>\n","protected":false},"author":2,"featured_media":0,"parent":0,"menu_order":0,"comment_status":"closed","ping_status":"closed","template":"","meta":{"_et_pb_use_builder":"off","_et_pb_old_content":"<h1><strong>Contact<\/strong><\/h1><h2><strong>Do you need support? Contact us!<\/strong><\/h2><p>We\u2019ll be glad to help you 24\/7. Check our\u00a0<a href=\"https:\/\/www.lottohoy.com\/faq\/\">FAQ - Help Center<\/a>\u00a0section to see if your question hasn\u2019t been already answered.<\/p><p>[contact-form-7 id=\"7842f5c\" title=\"Contact form 1\"]<\/p><h2>Our Location<\/h2><p>LLL World Marketing Limited, Peiraios 30, 1st floor, office 1, 2023 Strovolos, Nikosia-Cyprus.<\/p><p>\u00a0<\/p>","_et_gb_content_width":"","exclude_from_search":false,"footnotes":""},"class_list":["post-11849","page","type-page","status-publish","hentry"],"yoast_head":"<!-- This site is optimized with the Yoast SEO plugin v23.7 - https:\/\/yoast.com\/wordpress\/plugins\/seo\/ -->\n<title>Contact - Lottohoy<\/title>\n<meta name=\"description\" content=\"Si vous avez besoin de nous contact, si vous avez besoin de r\u00e9soudre des questions ou si vous rencontrez des probl\u00e8mes avec la plateforme\" \/>\n<meta name=\"robots\" content=\"index, follow, max-snippet:-1, max-image-preview:large, max-video-preview:-1\" \/>\n<link rel=\"canonical\" href=\"https:\/\/lottohoy.com\/fr\/contact\/\" \/>\n<meta property=\"og:locale\" content=\"fr_FR\" \/>\n<meta property=\"og:type\" content=\"article\" \/>\n<meta property=\"og:title\" content=\"Contact - Lottohoy\" \/>\n<meta property=\"og:description\" content=\"Si vous avez besoin de nous contact, si vous avez besoin de r\u00e9soudre des questions ou si vous rencontrez des probl\u00e8mes avec la plateforme\" \/>\n<meta property=\"og:url\" content=\"https:\/\/lottohoy.com\/fr\/contact\/\" \/>\n<meta property=\"og:site_name\" content=\"Lottohoy\" \/>\n<meta property=\"article:modified_time\" content=\"2025-04-01T16:41:02+00:00\" \/>\n<meta name=\"twitter:card\" content=\"summary_large_image\" \/>\n<meta name=\"twitter:label1\" content=\"Dur\u00e9e de lecture estim\u00e9e\" \/>\n\t<meta name=\"twitter:data1\" content=\"1 minute\" \/>\n<script type=\"application\/ld+json\" class=\"yoast-schema-graph\">{\"@context\":\"https:\/\/schema.org\",\"@graph\":[{\"@type\":\"WebPage\",\"@id\":\"https:\/\/lottohoy.com\/fr\/contact\/\",\"url\":\"https:\/\/lottohoy.com\/fr\/contact\/\",\"name\":\"Contact - Lottohoy\",\"isPartOf\":{\"@id\":\"https:\/\/lottohoy.com\/fr\/#website\"},\"datePublished\":\"2024-11-16T10:47:26+00:00\",\"dateModified\":\"2025-04-01T16:41:02+00:00\",\"description\":\"Si vous avez besoin de nous contact, si vous avez besoin de r\u00e9soudre des questions ou si vous rencontrez des probl\u00e8mes avec la plateforme\",\"breadcrumb\":{\"@id\":\"https:\/\/lottohoy.com\/fr\/contact\/#breadcrumb\"},\"inLanguage\":\"fr-FR\",\"potentialAction\":[{\"@type\":\"ReadAction\",\"target\":[\"https:\/\/lottohoy.com\/fr\/contact\/\"]}]},{\"@type\":\"BreadcrumbList\",\"@id\":\"https:\/\/lottohoy.com\/fr\/contact\/#breadcrumb\",\"itemListElement\":[{\"@type\":\"ListItem\",\"position\":1,\"name\":\"Home\",\"item\":\"https:\/\/lottohoy.com\/fr\/\"},{\"@type\":\"ListItem\",\"position\":2,\"name\":\"Contact\"}]},{\"@type\":\"WebSite\",\"@id\":\"https:\/\/lottohoy.com\/fr\/#website\",\"url\":\"https:\/\/lottohoy.com\/fr\/\",\"name\":\"Lottohoy\",\"description\":\"\",\"potentialAction\":[{\"@type\":\"SearchAction\",\"target\":{\"@type\":\"EntryPoint\",\"urlTemplate\":\"https:\/\/lottohoy.com\/fr\/?s={search_term_string}\"},\"query-input\":{\"@type\":\"PropertyValueSpecification\",\"valueRequired\":true,\"valueName\":\"search_term_string\"}}],\"inLanguage\":\"fr-FR\"}]}<\/script>\n<!-- \/ Yoast SEO plugin. -->","yoast_head_json":{"title":"Contact - Lottohoy","description":"Si vous avez besoin de nous contact, si vous avez besoin de r\u00e9soudre des questions ou si vous rencontrez des probl\u00e8mes avec la plateforme","robots":{"index":"index","follow":"follow","max-snippet":"max-snippet:-1","max-image-preview":"max-image-preview:large","max-video-preview":"max-video-preview:-1"},"canonical":"https:\/\/lottohoy.com\/fr\/contact\/","og_locale":"fr_FR","og_type":"article","og_title":"Contact - Lottohoy","og_description":"Si vous avez besoin de nous contact, si vous avez besoin de r\u00e9soudre des questions ou si vous rencontrez des probl\u00e8mes avec la plateforme","og_url":"https:\/\/lottohoy.com\/fr\/contact\/","og_site_name":"Lottohoy","article_modified_time":"2025-04-01T16:41:02+00:00","twitter_card":"summary_large_image","twitter_misc":{"Dur\u00e9e de lecture estim\u00e9e":"1 minute"},"schema":{"@context":"https:\/\/schema.org","@graph":[{"@type":"WebPage","@id":"https:\/\/lottohoy.com\/fr\/contact\/","url":"https:\/\/lottohoy.com\/fr\/contact\/","name":"Contact - Lottohoy","isPartOf":{"@id":"https:\/\/lottohoy.com\/fr\/#website"},"datePublished":"2024-11-16T10:47:26+00:00","dateModified":"2025-04-01T16:41:02+00:00","description":"Si vous avez besoin de nous contact, si vous avez besoin de r\u00e9soudre des questions ou si vous rencontrez des probl\u00e8mes avec la plateforme","breadcrumb":{"@id":"https:\/\/lottohoy.com\/fr\/contact\/#breadcrumb"},"inLanguage":"fr-FR","potentialAction":[{"@type":"ReadAction","target":["https:\/\/lottohoy.com\/fr\/contact\/"]}]},{"@type":"BreadcrumbList","@id":"https:\/\/lottohoy.com\/fr\/contact\/#breadcrumb","itemListElement":[{"@type":"ListItem","position":1,"name":"Home","item":"https:\/\/lottohoy.com\/fr\/"},{"@type":"ListItem","position":2,"name":"Contact"}]},{"@type":"WebSite","@id":"https:\/\/lottohoy.com\/fr\/#website","url":"https:\/\/lottohoy.com\/fr\/","name":"Lottohoy","description":"","potentialAction":[{"@type":"SearchAction","target":{"@type":"EntryPoint","urlTemplate":"https:\/\/lottohoy.com\/fr\/?s={search_term_string}"},"query-input":{"@type":"PropertyValueSpecification","valueRequired":true,"valueName":"search_term_string"}}],"inLanguage":"fr-FR"}]}},"_links":{"self":[{"href":"https:\/\/lottohoy.com\/fr\/wp-json\/wp\/v2\/pages\/11849","targetHints":{"allow":["GET"]}}],"collection":[{"href":"https:\/\/lottohoy.com\/fr\/wp-json\/wp\/v2\/pages"}],"about":[{"href":"https:\/\/lottohoy.com\/fr\/wp-json\/wp\/v2\/types\/page"}],"author":[{"embeddable":true,"href":"https:\/\/lottohoy.com\/fr\/wp-json\/wp\/v2\/users\/2"}],"replies":[{"embeddable":true,"href":"https:\/\/lottohoy.com\/fr\/wp-json\/wp\/v2\/comments?post=11849"}],"version-history":[{"count":18,"href":"https:\/\/lottohoy.com\/fr\/wp-json\/wp\/v2\/pages\/11849\/revisions"}],"predecessor-version":[{"id":12637,"href":"https:\/\/lottohoy.com\/fr\/wp-json\/wp\/v2\/pages\/11849\/revisions\/12637"}],"wp:attachment":[{"href":"https:\/\/lottohoy.com\/fr\/wp-json\/wp\/v2\/media?parent=11849"}],"curies":[{"name":"wp","href":"https:\/\/api.w.org\/{rel}","templated":true}]}}