{"id":10983,"date":"2024-10-23T09:10:38","date_gmt":"2024-10-23T08:10:38","guid":{"rendered":"https:\/\/lottohoy.xyz\/jackpots-de-loterie\/"},"modified":"2025-02-15T16:50:11","modified_gmt":"2025-02-15T16:50:11","slug":"jackpots-de-loterie","status":"publish","type":"page","link":"https:\/\/lottohoy.com\/fr\/jackpots-de-loterie\/","title":{"rendered":"Jackpots de loterie"},"content":{"rendered":"<p>Ci-dessous vous trouverez un tableau r\u00e9capitulatif avec tous les <strong>jackpots de loterie<\/strong> d&rsquo;aujourd&rsquo;hui et de la semaine. Cette section est automatiquement mise \u00e0 jour apr\u00e8s chaque tirage pour vous montrer les jackpots d&rsquo;Euromillions, Mega Millions, Powerball, La Primitiva, Eurojackpot et beaucoup plus. En cliquant sur <strong>\u00ab\u00a0Jouer\u00a0\u00bb,<\/strong> vous pourrez acheter des billets pour le prochain tirage au sort de chacune des loteries \u00e9num\u00e9r\u00e9es.<\/p>\n<p><!--more--><\/p>\n<h2><strong>Ce que sont les jackpots et comment ils fonctionnent<\/strong><\/h2>\n<p>Dans les jeux de hasard et les loteries, le mot \u00a0\u00bb jackpot \u00a0\u00bb d\u00e9signe une somme d&rsquo;argent accumul\u00e9e \u00e0 partir de prix non attribu\u00e9s lors de certains tirages pr\u00e9c\u00e9dents. C&rsquo;est ce qu&rsquo;on appelle souvent un jackpot.<\/p>\n<p><img loading=\"lazy\" decoding=\"async\" class=\"alignnone wp-image-4165 size-medium\" src=\"https:\/\/lottohoy.com\/wp-content\/uploads\/sites\/4\/botes-495x169.jpg\" alt=\"\" width=\"495\" height=\"169\" \/><\/p>\n<p>Toutes les loteries modernes ont adapt\u00e9 leurs r\u00e8gles pour attirer les joueurs \u00e0 une plus grande participation, et ainsi rendre la tentation du jeu irr\u00e9sistible. Les <strong>jackpots de loterie<\/strong> contribuent \u00e0 attirer un public plus large, car ils offrent la possibilit\u00e9 de gagner des prix qui peuvent devenir astronomiques.<\/p>\n<p>Un jackpot est cr\u00e9\u00e9 lorsqu&rsquo;il n&rsquo;y a pas de gagnant d&rsquo;une des cat\u00e9gories du tirage au sort. Chaque jeu a sa propre fa\u00e7on de d\u00e9terminer le nombre de <strong>jackpots possibles pour chaque tirage<\/strong>, la fa\u00e7on dont l&rsquo;argent r\u00e9colt\u00e9 est distribu\u00e9, la part qui va \u00e0 chaque cat\u00e9gorie de prix, s&rsquo;il y a un minimum garanti ou s&rsquo;il y a un maximum de fois o\u00f9 un jackpot peut \u00eatre accumul\u00e9.<\/p>\n<h2><strong>Des jackpots minimum et maximum garantis dans les loteries<\/strong><\/h2>\n<p>Si nous examinons les loteries qui accumulent de <strong>plus gros jackpots<\/strong>, nous constatons que certaines part partent d&rsquo;un minimum auquel ajouter la part qui correspond \u00e0 la collection pour le tirage. Chaque entit\u00e9 organisatrice d\u00e9cide quel est le minimum en fonction de la collection estim\u00e9e, les loteries am\u00e9ricaines \u00e9tant celles qui commencent avec le jackpot le plus \u00e9lev\u00e9.<\/p>\n<p>Voyons un tableau qui nous le montre :<\/p>\n<table width=\"567\">\n<tbody>\n<tr>\n<td width=\"138\"><strong>Jackpots<\/strong><\/td>\n<td width=\"127\"><strong>Minimum garanti<\/strong><\/td>\n<td width=\"151\"><strong>Jackpot maximum<\/strong><\/td>\n<td width=\"151\"><strong>Accumulation<\/strong><\/td>\n<\/tr>\n<tr>\n<td width=\"138\">Jackpot de PowerBall<\/td>\n<td width=\"127\">$ 40 millions<\/td>\n<td width=\"151\">Illimit\u00e9<\/td>\n<td width=\"151\">Illimit\u00e9<\/td>\n<\/tr>\n<tr>\n<td width=\"138\">Jackpot \u00a0de MegaMillions<\/td>\n<td width=\"127\">$ 40 \u00a0millions*<\/td>\n<td width=\"151\">Illimit\u00e9<\/td>\n<td width=\"151\">Illimit\u00e9<\/td>\n<\/tr>\n<tr>\n<td width=\"138\">Jackpot \u00a0de Euromillones<\/td>\n<td width=\"127\">\u20ac 20\u00a0 millions<\/td>\n<td width=\"151\">\u20ac 250\u00a0 millions<\/td>\n<td width=\"151\">4<\/td>\n<\/tr>\n<tr>\n<td width=\"138\">Jackpot \u00a0de Eurojackpot<\/td>\n<td width=\"127\">\u20ac 10 \u00a0millions<\/td>\n<td width=\"151\">\u20ac 120\u00a0 millions<\/td>\n<td width=\"151\">1<\/td>\n<\/tr>\n<tr>\n<td width=\"138\">Jackpot \u00a0de SuperEnalotto<\/td>\n<td width=\"127\">\u20ac 2 \u00a0millions<\/td>\n<td width=\"151\">Illimit\u00e9<\/td>\n<td width=\"151\">Illimit\u00e9<\/td>\n<\/tr>\n<tr>\n<td width=\"138\">Jackpot \u00a0de La Primitiva<\/td>\n<td width=\"127\">\u20ac 2 \u00a0millions<\/td>\n<td width=\"151\">Illimit\u00e9<\/td>\n<td width=\"151\">Illimit\u00e9<\/td>\n<\/tr>\n<tr>\n<td width=\"138\">Jackpot \u00a0de OZ PowerBall<\/td>\n<td width=\"127\">AU $ 3 \u00a0millions<\/td>\n<td width=\"151\">Illimit\u00e9<\/td>\n<td width=\"151\">Illimit\u00e9<\/td>\n<\/tr>\n<tr>\n<td width=\"138\">Jackpot \u00a0de BonoLoto<\/td>\n<td width=\"127\">\u20ac 0,400 \u00a0millions<\/td>\n<td width=\"151\">Illimit\u00e9<\/td>\n<td width=\"151\">Illimit\u00e9<\/td>\n<\/tr>\n<tr>\n<td width=\"138\">Jackpot Gordo Primitiva<\/td>\n<td width=\"127\">\u20ac 5 \u00a0millions<\/td>\n<td width=\"151\">Illimit\u00e9<\/td>\n<td width=\"151\">Illimit\u00e9<\/td>\n<\/tr>\n<tr>\n<td width=\"138\">Jackpot \u00a0de UK Lottery<\/td>\n<td width=\"127\">\u00a3 2 \u00a0millions *+<\/td>\n<td width=\"151\">\u00a3 22 millones<\/td>\n<td width=\"151\">4<\/td>\n<\/tr>\n<tr>\n<td width=\"138\">Jackpot \u00a0Polish Lotto<\/td>\n<td width=\"127\">z\u0142 2 \u00a0millions<\/td>\n<td width=\"151\">Illimit\u00e9<\/td>\n<td width=\"151\">Illimit\u00e9<\/td>\n<\/tr>\n<\/tbody>\n<\/table>\n<p><em>* Pendant la pand\u00e9mie COVID 19, le prix minimum garanti a \u00e9t\u00e9 r\u00e9duit \u00e0 20 millions de dollars.\u00a0<\/em><\/p>\n<p><em>** Non garanti, mais le montant minimum est estim\u00e9<\/em><\/p>\n<h2><strong>Comment les jackpots de loterie s&rsquo;accumulent<\/strong><\/h2>\n<p>Ind\u00e9pendamment du fait que la loterie en question dispose d&rsquo;un minimum garanti pour le prix principal, <strong>les pourcentages de collecte<\/strong> d\u00e9termin\u00e9s par chaque r\u00e8glement pour les autres cat\u00e9gories font \u00e9galement partie de ces jackpots accumul\u00e9s.<\/p>\n<p>Cependant, il existe des loteries telles que PowerBall, MegaMillions et autres, qui d\u00e9terminent des montants fixes pour les prix dans la deuxi\u00e8me cat\u00e9gorie et les cat\u00e9gories suivantes et pas seulement pour le jackpot.<\/p>\n<h3><strong>R\u00e9partition de la collection de cagnottes de loterie<\/strong><\/h3>\n<p>En g\u00e9n\u00e9ral, lorsqu&rsquo;il y a un montant de jackpot pr\u00e9existant accumul\u00e9 \u00e0 partir de tirages pr\u00e9c\u00e9dents, le pourcentage de collecte pour le jackpot suivant est ajout\u00e9 au <strong>jackpot existant<\/strong>. Il y a des loteries qui allouent un pourcentage \u00e9lev\u00e9 du produit de chaque tirage pour gonfler le jackpot, et d&rsquo;autres, au contraire, pr\u00e9f\u00e8rent le distribuer entre les diff\u00e9rentes cat\u00e9gories pr\u00e9vues.<\/p>\n<p>Voyons comment les loteries qui accumulent plus de jackpots :<\/p>\n<table width=\"624\">\n<tbody>\n<tr>\n<td width=\"198\"><strong>Loteries<\/strong><\/td>\n<td width=\"425\"><strong>Pourcentages destin\u00e9s au jackpot<\/strong><\/td>\n<\/tr>\n<tr>\n<td width=\"198\"><strong>PowerBall<\/strong><\/td>\n<td width=\"425\">68,01 % + Jackpot accumul\u00e9<\/td>\n<\/tr>\n<tr>\n<td width=\"198\"><strong>MegaMillions<\/strong><\/td>\n<td width=\"425\">65,15% + Jackpot accumul\u00e9<\/td>\n<\/tr>\n<tr>\n<td width=\"198\"><strong>Euromillones<\/strong><\/td>\n<td width=\"425\">43,20% 6 dessins dans le cycle, et 27% par la suite<\/td>\n<\/tr>\n<tr>\n<td width=\"198\"><strong>Eurojackpot<\/strong><\/td>\n<td width=\"425\">18% + Jackpot accumul\u00e9<\/td>\n<\/tr>\n<tr>\n<td width=\"198\"><strong>SuperEnalotto<\/strong><\/td>\n<td width=\"425\">17,4%<\/td>\n<\/tr>\n<tr>\n<td width=\"198\"><strong>La Primitiva<\/strong><\/td>\n<td width=\"425\">6,18%<\/td>\n<\/tr>\n<tr>\n<td width=\"198\"><strong>OZ PowerBall<\/strong><\/td>\n<td width=\"425\">35%<\/td>\n<\/tr>\n<tr>\n<td width=\"198\"><strong>BonoLoto<\/strong><\/td>\n<td width=\"425\">45%<\/td>\n<\/tr>\n<tr>\n<td width=\"198\"><strong>El Gordo<\/strong><\/td>\n<td width=\"425\">22%<\/td>\n<\/tr>\n<tr>\n<td width=\"198\"><strong>UK Lottery<\/strong><\/td>\n<td width=\"425\">Initial 83 %, et 27 % par la suite<\/td>\n<\/tr>\n<tr>\n<td width=\"198\"><strong>Polish Lotto<\/strong><\/td>\n<td width=\"425\">Initial 44 %, et 27 % par la suite<\/td>\n<\/tr>\n<\/tbody>\n<\/table>\n<h2><strong>Plus gros jackpots ou jackpots gagn\u00e9s<\/strong><\/h2>\n<p>Les plus gros jackpots en argent livr\u00e9s correspondent aux loteries am\u00e9ricaines (PowerBall et MegaMillions), mais les jackpots des loteries europ\u00e9ennes (Euromillions, Eurojackpot, SuperEnalotto, La Primitiva et loteries nationales de plusieurs pays) ne sont pas n\u00e9gligeables.<\/p>\n<h3><strong>Les plus gros jackpots des loteries am\u00e9ricaines<\/strong><\/h3>\n<p>Nous laissons ici une liste des plus gros jackpots de l\u2019histoire des loteries am\u00e9ricaines :<\/p>\n<p><strong>2,04 milliards de dollars<\/strong>, actuellement en 2025, le plus gros jackpot attribu\u00e9 par la loterie <span style=\"color: #ff6600;\"><strong>Powerball<\/strong><\/span>, en novembre 2022<\/p>\n<p><strong>1,6 milliard de dollars<\/strong>. Nouveau record \u00e9tabli le 23 octobre 2018 au <strong><span style=\"color: #ff6600;\">MegaMillions.<\/span><\/strong><\/p>\n<h3><strong>Les plus gros prix des loteries europ\u00e9ennes<\/strong><\/h3>\n<p>Contrairement aux loteries am\u00e9ricaines, les prix des loteries europ\u00e9ennes de l&rsquo;EuroMillions, de l&rsquo;Eurojackpot et autres ne sont g\u00e9n\u00e9ralement pas soumis \u00e0 taxe, sauf dans certains pays, comme l&rsquo;Espagne, le Portugal ou l&rsquo;Italie.<\/p>\n<p>Les plus gros jackpots de loterie europ\u00e9enne \u00e0 ce jour sont les suivants :<\/p>\n<p>Le plus gros jackpot de la loterie <strong><span style=\"color: #ff6600;\">EuroMillions<\/span><\/strong> s&rsquo;\u00e9l\u00e8ve \u00e0 <strong>240 millions d&rsquo;euro<\/strong>s le 8 d\u00e9cembre 2023 et sera attribu\u00e9 \u00e0 un gagnant autrichien.<\/p>\n<p>Le plus gros jackpot de la loterie <strong><span style=\"color: #ff6600;\">SuperEnalotto<\/span><\/strong>. s&rsquo;\u00e9l\u00e8ve \u00e0 <strong>371,1 millions d&rsquo;euros<\/strong> au 16\/02\/2023<\/p>\n<p>La loterie <strong><span style=\"color: #ff6600;\">Eurojackpot,<\/span><\/strong> actuellement le jackpot maximum est de <strong>120 millions d&rsquo;euros,<\/strong> et en 2024, il a \u00e9t\u00e9 attribu\u00e9 jusqu&rsquo;\u00e0 4 fois.<em>\u00ab\u00a0Auparavant, le jackpot maximum \u00e9tait de 90 millions d&rsquo;euros et il avait \u00e9t\u00e9 attribu\u00e9 cinq fois\u00a0\u00bb<\/em><\/p>\n<p>Le jackpot <strong><span style=\"color: #ff6600;\">BonoLoto<\/span> <\/strong>le plus \u00e9lev\u00e9 est de <strong>10,6 millions d&rsquo;euros<\/strong>, le 17\/01\/2024<\/p>\n<p><span style=\"color: #ff6600;\"><strong>Loterie La Primitiva<\/strong><\/span> <strong>101,7 millions d&rsquo;euros,<\/strong> \u00e0 ce jour, en 10 ans, il n&rsquo;a pas \u00e9t\u00e9 d\u00e9pass\u00e9<\/p>\n<p><strong>66.0 70.646 \u00a3<\/strong> le 01\/09\/2016 \u00e0 la <strong><span style=\"color: #ff6600;\">loterie britannique<\/span><\/strong>. Il a ensuite \u00e9t\u00e9 plafonn\u00e9 \u00e0 22 millions de livres sterling.<\/p>\n<p><strong>56 millions de Z\u0142<\/strong> (pr\u00e8s de 13 millions d&rsquo;euros) en septembre 2011 \u00e0 la<strong> loterie polonaise.<\/strong><\/p>\n<p>Si vous voulez tenter votre chance et participer au prochain tirage au sort des principales loteries du monde, il vous suffit de cliquer sur l&rsquo;un des liens \u00ab\u00a0Jouer\u00a0\u00bb figurant dans le tableau en haut de cette page, qu&rsquo;attendez-vous? Vous pourriez \u00eatre le prochain gagnant d&rsquo;un de ces <strong>jackpots de loterie<\/strong>.<\/p>\n","protected":false},"excerpt":{"rendered":"<p>Ci-dessous vous trouverez un tableau r\u00e9capitulatif avec tous les jackpots de loterie d&rsquo;aujourd&rsquo;hui et de la semaine. Cette section est automatiquement mise \u00e0 jour apr\u00e8s chaque tirage pour vous montrer les jackpots d&rsquo;Euromillions, Mega Millions, Powerball, La Primitiva, Eurojackpot et beaucoup plus. En cliquant sur \u00ab\u00a0Jouer\u00a0\u00bb, vous pourrez acheter des billets pour le prochain tirage [&hellip;]<\/p>\n","protected":false},"author":1,"featured_media":0,"parent":0,"menu_order":6,"comment_status":"closed","ping_status":"closed","template":"","meta":{"_et_pb_use_builder":"","_et_pb_old_content":"","_et_gb_content_width":"","exclude_from_search":false,"footnotes":""},"class_list":["post-10983","page","type-page","status-publish","hentry"],"yoast_head":"<!-- This site is optimized with the Yoast SEO plugin v23.7 - https:\/\/yoast.com\/wordpress\/plugins\/seo\/ -->\n<title>Tous les jackpots de loterie \u2013 Meilleurs jackpots de loterie - LottoHoy.com<\/title>\n<meta name=\"description\" content=\"Consultez les jackpots de loterie avec les prix les plus \u00e9lev\u00e9s automatiquement mis \u00e0 jour. Tentez votre chance en jouant \u00e0 la loterie en ligne.\" \/>\n<meta name=\"robots\" content=\"index, follow, max-snippet:-1, max-image-preview:large, max-video-preview:-1\" \/>\n<link rel=\"canonical\" href=\"https:\/\/lottohoy.com\/fr\/jackpots-de-loterie\/\" \/>\n<meta property=\"og:locale\" content=\"fr_FR\" \/>\n<meta property=\"og:type\" content=\"article\" \/>\n<meta property=\"og:title\" content=\"Tous les jackpots de loterie \u2013 Meilleurs jackpots de loterie - LottoHoy.com\" \/>\n<meta property=\"og:description\" content=\"Consultez les jackpots de loterie avec les prix les plus \u00e9lev\u00e9s automatiquement mis \u00e0 jour. Tentez votre chance en jouant \u00e0 la loterie en ligne.\" \/>\n<meta property=\"og:url\" content=\"https:\/\/lottohoy.com\/fr\/jackpots-de-loterie\/\" \/>\n<meta property=\"og:site_name\" content=\"Lottohoy\" \/>\n<meta property=\"article:modified_time\" content=\"2025-02-15T16:50:11+00:00\" \/>\n<meta property=\"og:image\" content=\"https:\/\/lottohoy.com\/wp-content\/uploads\/sites\/4\/botes-495x169.jpg\" \/>\n<meta name=\"twitter:card\" content=\"summary_large_image\" \/>\n<meta name=\"twitter:label1\" content=\"Dur\u00e9e de lecture estim\u00e9e\" \/>\n\t<meta name=\"twitter:data1\" content=\"5 minutes\" \/>\n<script type=\"application\/ld+json\" class=\"yoast-schema-graph\">{\"@context\":\"https:\/\/schema.org\",\"@graph\":[{\"@type\":\"WebPage\",\"@id\":\"https:\/\/lottohoy.com\/fr\/jackpots-de-loterie\/\",\"url\":\"https:\/\/lottohoy.com\/fr\/jackpots-de-loterie\/\",\"name\":\"Tous les jackpots de loterie \u2013 Meilleurs jackpots de loterie - LottoHoy.com\",\"isPartOf\":{\"@id\":\"https:\/\/lottohoy.com\/fr\/#website\"},\"primaryImageOfPage\":{\"@id\":\"https:\/\/lottohoy.com\/fr\/jackpots-de-loterie\/#primaryimage\"},\"image\":{\"@id\":\"https:\/\/lottohoy.com\/fr\/jackpots-de-loterie\/#primaryimage\"},\"thumbnailUrl\":\"https:\/\/lottohoy.com\/wp-content\/uploads\/sites\/4\/botes-495x169.jpg\",\"datePublished\":\"2024-10-23T08:10:38+00:00\",\"dateModified\":\"2025-02-15T16:50:11+00:00\",\"description\":\"Consultez les jackpots de loterie avec les prix les plus \u00e9lev\u00e9s automatiquement mis \u00e0 jour. Tentez votre chance en jouant \u00e0 la loterie en ligne.\",\"breadcrumb\":{\"@id\":\"https:\/\/lottohoy.com\/fr\/jackpots-de-loterie\/#breadcrumb\"},\"inLanguage\":\"fr-FR\",\"potentialAction\":[{\"@type\":\"ReadAction\",\"target\":[\"https:\/\/lottohoy.com\/fr\/jackpots-de-loterie\/\"]}]},{\"@type\":\"ImageObject\",\"inLanguage\":\"fr-FR\",\"@id\":\"https:\/\/lottohoy.com\/fr\/jackpots-de-loterie\/#primaryimage\",\"url\":\"https:\/\/lottohoy.com\/wp-content\/uploads\/sites\/4\/botes-495x169.jpg\",\"contentUrl\":\"https:\/\/lottohoy.com\/wp-content\/uploads\/sites\/4\/botes-495x169.jpg\"},{\"@type\":\"BreadcrumbList\",\"@id\":\"https:\/\/lottohoy.com\/fr\/jackpots-de-loterie\/#breadcrumb\",\"itemListElement\":[{\"@type\":\"ListItem\",\"position\":1,\"name\":\"Home\",\"item\":\"https:\/\/lottohoy.com\/fr\/\"},{\"@type\":\"ListItem\",\"position\":2,\"name\":\"Jackpots de loterie\"}]},{\"@type\":\"WebSite\",\"@id\":\"https:\/\/lottohoy.com\/fr\/#website\",\"url\":\"https:\/\/lottohoy.com\/fr\/\",\"name\":\"Lottohoy\",\"description\":\"\",\"potentialAction\":[{\"@type\":\"SearchAction\",\"target\":{\"@type\":\"EntryPoint\",\"urlTemplate\":\"https:\/\/lottohoy.com\/fr\/?s={search_term_string}\"},\"query-input\":{\"@type\":\"PropertyValueSpecification\",\"valueRequired\":true,\"valueName\":\"search_term_string\"}}],\"inLanguage\":\"fr-FR\"}]}<\/script>\n<!-- \/ Yoast SEO plugin. -->","yoast_head_json":{"title":"Tous les jackpots de loterie \u2013 Meilleurs jackpots de loterie - LottoHoy.com","description":"Consultez les jackpots de loterie avec les prix les plus \u00e9lev\u00e9s automatiquement mis \u00e0 jour. Tentez votre chance en jouant \u00e0 la loterie en ligne.","robots":{"index":"index","follow":"follow","max-snippet":"max-snippet:-1","max-image-preview":"max-image-preview:large","max-video-preview":"max-video-preview:-1"},"canonical":"https:\/\/lottohoy.com\/fr\/jackpots-de-loterie\/","og_locale":"fr_FR","og_type":"article","og_title":"Tous les jackpots de loterie \u2013 Meilleurs jackpots de loterie - LottoHoy.com","og_description":"Consultez les jackpots de loterie avec les prix les plus \u00e9lev\u00e9s automatiquement mis \u00e0 jour. Tentez votre chance en jouant \u00e0 la loterie en ligne.","og_url":"https:\/\/lottohoy.com\/fr\/jackpots-de-loterie\/","og_site_name":"Lottohoy","article_modified_time":"2025-02-15T16:50:11+00:00","og_image":[{"url":"https:\/\/lottohoy.com\/wp-content\/uploads\/sites\/4\/botes-495x169.jpg"}],"twitter_card":"summary_large_image","twitter_misc":{"Dur\u00e9e de lecture estim\u00e9e":"5 minutes"},"schema":{"@context":"https:\/\/schema.org","@graph":[{"@type":"WebPage","@id":"https:\/\/lottohoy.com\/fr\/jackpots-de-loterie\/","url":"https:\/\/lottohoy.com\/fr\/jackpots-de-loterie\/","name":"Tous les jackpots de loterie \u2013 Meilleurs jackpots de loterie - LottoHoy.com","isPartOf":{"@id":"https:\/\/lottohoy.com\/fr\/#website"},"primaryImageOfPage":{"@id":"https:\/\/lottohoy.com\/fr\/jackpots-de-loterie\/#primaryimage"},"image":{"@id":"https:\/\/lottohoy.com\/fr\/jackpots-de-loterie\/#primaryimage"},"thumbnailUrl":"https:\/\/lottohoy.com\/wp-content\/uploads\/sites\/4\/botes-495x169.jpg","datePublished":"2024-10-23T08:10:38+00:00","dateModified":"2025-02-15T16:50:11+00:00","description":"Consultez les jackpots de loterie avec les prix les plus \u00e9lev\u00e9s automatiquement mis \u00e0 jour. Tentez votre chance en jouant \u00e0 la loterie en ligne.","breadcrumb":{"@id":"https:\/\/lottohoy.com\/fr\/jackpots-de-loterie\/#breadcrumb"},"inLanguage":"fr-FR","potentialAction":[{"@type":"ReadAction","target":["https:\/\/lottohoy.com\/fr\/jackpots-de-loterie\/"]}]},{"@type":"ImageObject","inLanguage":"fr-FR","@id":"https:\/\/lottohoy.com\/fr\/jackpots-de-loterie\/#primaryimage","url":"https:\/\/lottohoy.com\/wp-content\/uploads\/sites\/4\/botes-495x169.jpg","contentUrl":"https:\/\/lottohoy.com\/wp-content\/uploads\/sites\/4\/botes-495x169.jpg"},{"@type":"BreadcrumbList","@id":"https:\/\/lottohoy.com\/fr\/jackpots-de-loterie\/#breadcrumb","itemListElement":[{"@type":"ListItem","position":1,"name":"Home","item":"https:\/\/lottohoy.com\/fr\/"},{"@type":"ListItem","position":2,"name":"Jackpots de loterie"}]},{"@type":"WebSite","@id":"https:\/\/lottohoy.com\/fr\/#website","url":"https:\/\/lottohoy.com\/fr\/","name":"Lottohoy","description":"","potentialAction":[{"@type":"SearchAction","target":{"@type":"EntryPoint","urlTemplate":"https:\/\/lottohoy.com\/fr\/?s={search_term_string}"},"query-input":{"@type":"PropertyValueSpecification","valueRequired":true,"valueName":"search_term_string"}}],"inLanguage":"fr-FR"}]}},"_links":{"self":[{"href":"https:\/\/lottohoy.com\/fr\/wp-json\/wp\/v2\/pages\/10983","targetHints":{"allow":["GET"]}}],"collection":[{"href":"https:\/\/lottohoy.com\/fr\/wp-json\/wp\/v2\/pages"}],"about":[{"href":"https:\/\/lottohoy.com\/fr\/wp-json\/wp\/v2\/types\/page"}],"author":[{"embeddable":true,"href":"https:\/\/lottohoy.com\/fr\/wp-json\/wp\/v2\/users\/1"}],"replies":[{"embeddable":true,"href":"https:\/\/lottohoy.com\/fr\/wp-json\/wp\/v2\/comments?post=10983"}],"version-history":[{"count":2,"href":"https:\/\/lottohoy.com\/fr\/wp-json\/wp\/v2\/pages\/10983\/revisions"}],"predecessor-version":[{"id":15096,"href":"https:\/\/lottohoy.com\/fr\/wp-json\/wp\/v2\/pages\/10983\/revisions\/15096"}],"wp:attachment":[{"href":"https:\/\/lottohoy.com\/fr\/wp-json\/wp\/v2\/media?parent=10983"}],"curies":[{"name":"wp","href":"https:\/\/api.w.org\/{rel}","templated":true}]}}