{"id":20655,"date":"2025-06-13T13:21:53","date_gmt":"2025-06-13T12:21:53","guid":{"rendered":"https:\/\/lottohoy.com\/?page_id=20655"},"modified":"2025-06-15T10:50:21","modified_gmt":"2025-06-15T09:50:21","slug":"mika-on-euromillions-uk","status":"publish","type":"page","link":"https:\/\/lottohoy.com\/fi\/online-arpajaiset-faq\/mika-on-euromillions-uk\/","title":{"rendered":"Mik\u00e4 on EuroMillions UK?"},"content":{"rendered":"<h1 data-start=\"304\" data-end=\"580\">EuroMillions UK. Usein kysytyt kysymykset: S\u00e4\u00e4nn\u00f6t, palkinnot ja arvonnat<\/h1>\n<p data-start=\"304\" data-end=\"580\">EuroMillions UK on brittil\u00e4inen versio Euroopan suurimmasta yhteiseurooppalaisesta lottoarvonnasta, joka j\u00e4rjestet\u00e4\u00e4n <strong data-start=\"422\" data-end=\"478\">joka tiistai ja perjantai klo 21:30 (Pariisin aikaa)<\/strong>. Se on <strong data-start=\"486\" data-end=\"520\">Euroopan suosituin arvontapeli<\/strong>, jossa on miljoonia pelaajia ja eritt\u00e4in suuret j\u00e4ttipotit.<\/p>\n<p data-start=\"582\" data-end=\"857\">Ensimm\u00e4inen arvonta j\u00e4rjestettiin <strong data-start=\"616\" data-end=\"639\">13. helmikuuta 2004<\/strong>, ja sen j\u00e4rjestiv\u00e4t Iso-Britannia (National Lottery), Ranska (La Fran\u00e7aise des Jeux) ja Espanja (Loter\u00edas y Apuestas del Estado). My\u00f6hemmin mukaan liittyiv\u00e4t It\u00e4valta, Belgia, Irlanti, Luxemburg, Portugali ja Sveitsi.<\/p>\n<p data-start=\"859\" data-end=\"1020\">Peli on suhteellisen uusi ja syntyi euro-valuutan my\u00f6t\u00e4. Sen tavoitteena oli alusta asti yhdist\u00e4\u00e4 yli <strong data-start=\"961\" data-end=\"1002\">500 miljoonaa eurooppalaista pelaajaa<\/strong> yhteen arvontaan.<\/p>\n<p data-start=\"1022\" data-end=\"1156\"><strong data-start=\"1022\" data-end=\"1062\">V\u00e4himm\u00e4ispotti on 17 miljoonaa euroa<\/strong>, ja vuoden 2020 s\u00e4\u00e4nt\u00f6muutoksen j\u00e4lkeen j\u00e4ttipotti voi nousta jopa <strong data-start=\"1130\" data-end=\"1155\">250 miljoonaan euroon<\/strong>.<\/p>\n<h2 data-start=\"1163\" data-end=\"1196\">Mik\u00e4 on UK Millionaire Maker?<\/h2>\n<p data-start=\"1198\" data-end=\"1469\">UK Millionaire Maker on <strong data-start=\"1222\" data-end=\"1246\">ylim\u00e4\u00e4r\u00e4inen arvonta<\/strong>, joka sis\u00e4ltyy automaattisesti jokaiseen EuroMillions UK -lottokuponkiin. Jokainen kuponki saa yksil\u00f6llisen koodin (4 kirjainta + 5 numeroa), jolla <strong data-start=\"1395\" data-end=\"1446\">joku pelaaja voittaa varmasti 1 miljoona puntaa<\/strong> jokaisessa arvonnassa.<\/p>\n<p data-start=\"1471\" data-end=\"1587\">Kampanja-aikoina j\u00e4rjestet\u00e4\u00e4n my\u00f6s erikoisarvontoja, joissa <strong data-start=\"1531\" data-end=\"1586\">useita pelaajia voi voittaa miljoonan samana iltana<\/strong>.<\/p>\n<h2 data-start=\"1594\" data-end=\"1636\">Miten EuroMillions UK -peli\u00e4 pelataan?<\/h2>\n<p data-start=\"1638\" data-end=\"1706\">Pelis\u00e4\u00e4nn\u00f6t ovat samat kaikissa osallistujamaissa. Pelaaja valitsee:<\/p>\n<ul data-start=\"1708\" data-end=\"1772\">\n<li data-start=\"1708\" data-end=\"1738\">\n<p data-start=\"1710\" data-end=\"1738\"><strong data-start=\"1710\" data-end=\"1736\">5 numeroa v\u00e4lilt\u00e4 1\u201350<\/strong><\/p>\n<\/li>\n<li data-start=\"1739\" data-end=\"1772\">\n<p data-start=\"1741\" data-end=\"1772\"><strong data-start=\"1741\" data-end=\"1772\">2 t\u00e4htinumeroa v\u00e4lilt\u00e4 1\u201312<\/strong><\/p>\n<\/li>\n<\/ul>\n<p data-start=\"1774\" data-end=\"1820\">Mit\u00e4 enemm\u00e4n osumia, sit\u00e4 <strong data-start=\"1800\" data-end=\"1819\">suurempi voitto<\/strong>.<\/p>\n<p data-start=\"1822\" data-end=\"2129\"><a class=\"\" href=\"https:\/\/lottohoy.com\/fi\/pelata\/\" target=\"_new\" rel=\"noopener\" data-start=\"1822\" data-end=\"1899\">Siirry LottoHoyn pelialustalle<\/a>, jossa voit valita numerot k\u00e4sin tai k\u00e4ytt\u00e4\u00e4 <strong data-start=\"1945\" data-end=\"1980\">pikavalintaa (SELECCI\u00d3N R\u00c1PIDA)<\/strong>. Voit lis\u00e4t\u00e4 rivej\u00e4 painamalla <strong data-start=\"2012\" data-end=\"2030\">\u201dLIS\u00c4\u00c4 RIVEJ\u00c4\u201d<\/strong>. Kokonaishinta n\u00e4kyy oikeassa alakulmassa. Klikkaa <strong data-start=\"2082\" data-end=\"2105\">\u201dJATKA (CONTINUAR)\u201d<\/strong> siirty\u00e4ksesi maksamaan.<\/p>\n<h2 data-start=\"2136\" data-end=\"2181\">Paljonko EuroMillions UK -kuponki maksaa?<\/h2>\n<p data-start=\"2183\" data-end=\"2333\">Hinta vaihtelee maittain. <strong data-start=\"2209\" data-end=\"2221\">LottoHoy<\/strong>-palvelussa yksi rivi, joka sis\u00e4lt\u00e4\u00e4 my\u00f6s osallistumisen <strong data-start=\"2278\" data-end=\"2313\">UK Millionaire Maker -arvontaan<\/strong>, maksaa <strong data-start=\"2322\" data-end=\"2332\">6,75 \u20ac<\/strong>.<\/p>\n<p data-start=\"2335\" data-end=\"2477\">T\u00e4ll\u00e4 hinnalla osallistut sek\u00e4 p\u00e4\u00e4arvontaan ett\u00e4 voit voittaa <strong data-start=\"2397\" data-end=\"2417\">1 000 000 puntaa<\/strong> yksil\u00f6llisell\u00e4 koodilla \u2014 vaikka et voittaisi p\u00e4\u00e4palkintoa.<\/p>\n<h2 data-start=\"2484\" data-end=\"2523\">Muut erikoisarvonnat (vain offline)<\/h2>\n<p data-start=\"2525\" data-end=\"2648\">Jotkin maat j\u00e4rjest\u00e4v\u00e4t <strong data-start=\"2549\" data-end=\"2576\">erillisi\u00e4 lis\u00e4arvontoja<\/strong>, jotka voivat sis\u00e4lty\u00e4 kuponkiin tai maksaa erikseen. T\u00e4ss\u00e4 t\u00e4rkeimm\u00e4t:<\/p>\n<h4 data-start=\"2655\" data-end=\"2698\">Miljon\u00e4\u00e4risade (Lluvia de millones)<\/h4>\n<p data-start=\"2700\" data-end=\"2847\">Euroopan laajuinen arvonta, jossa <strong data-start=\"2734\" data-end=\"2792\">monista pelaajista tehd\u00e4\u00e4n miljon\u00e4\u00e4rej\u00e4 yhdell\u00e4 kertaa<\/strong>. Voittajat arvotaan satunnaisesti koodien perusteella.<\/p>\n<h4 data-start=\"2962\" data-end=\"2997\">Superarvonta (S\u00faper sorteo)<\/h4>\n<p data-start=\"2999\" data-end=\"3227\">Superarvonnassa on v\u00e4hint\u00e4\u00e4n <strong data-start=\"3028\" data-end=\"3063\">130 miljoonan euron takuuvoitto<\/strong>. Vuodesta 2020 alkaen niit\u00e4 j\u00e4rjestet\u00e4\u00e4n <strong data-start=\"3105\" data-end=\"3130\">kolme kertaa vuodessa<\/strong>. Jos p\u00e4\u00e4voittoa ei voiteta, se siirtyy seuraavaan arvontaan aina <strong data-start=\"3196\" data-end=\"3226\">250 miljoonaan euroon asti<\/strong>.<\/p>\n<h4 data-start=\"3333\" data-end=\"3370\">Erikoisperjantai (Big Friday)<\/h4>\n<p data-start=\"3372\" data-end=\"3601\">Big Friday -arvonnoissa on <strong data-start=\"3399\" data-end=\"3432\">yhdeks\u00e4nnumeroinen takuupotti<\/strong>. Ne noudattavat normaaleja s\u00e4\u00e4nt\u00f6j\u00e4, mutta osa palkintorahastosta (4,8 %) jaetaan jo alkuvaiheessa, ja kahdeksannen arvonnan j\u00e4lkeen 21 % lis\u00e4t\u00e4\u00e4n potin vahvistamiseen.<\/p>\n<h2 data-start=\"3608\" data-end=\"3657\">Voittomahdollisuudet EuroMillions UK -peliss\u00e4<\/h2>\n<p data-start=\"3659\" data-end=\"3821\">Voit tarkistaa tarkat <strong data-start=\"3681\" data-end=\"3736\">voittotodenn\u00e4k\u00f6isyydet kaikissa 13 palkintoluokassa<\/strong>. Yhdist\u00e4 n\u00e4m\u00e4 tiedot edellisten arvontojen tuloksiin parantaaksesi pelistrategiaasi.<\/p>\n<p data-start=\"3823\" data-end=\"3956\"><a href=\"https:\/\/lottohoy.com\/fi\/lottery-tulokset\/\">Katso tulokset ja tilastot:<\/a><br data-start=\"3853\" data-end=\"3856\" \/><\/p>\n","protected":false},"excerpt":{"rendered":"<p>EuroMillions UK. Usein kysytyt kysymykset: S\u00e4\u00e4nn\u00f6t, palkinnot ja arvonnat EuroMillions UK on brittil\u00e4inen versio Euroopan suurimmasta yhteiseurooppalaisesta lottoarvonnasta, joka j\u00e4rjestet\u00e4\u00e4n joka tiistai ja perjantai klo 21:30 (Pariisin aikaa). Se on Euroopan suosituin arvontapeli, jossa on miljoonia pelaajia ja eritt\u00e4in suuret j\u00e4ttipotit. Ensimm\u00e4inen arvonta j\u00e4rjestettiin 13. helmikuuta 2004, ja sen j\u00e4rjestiv\u00e4t Iso-Britannia (National Lottery), Ranska (La [&hellip;]<\/p>\n","protected":false},"author":8,"featured_media":0,"parent":16745,"menu_order":0,"comment_status":"closed","ping_status":"closed","template":"euromillions-info.php","meta":{"_et_pb_use_builder":"","_et_pb_old_content":"","_et_gb_content_width":"","exclude_from_search":false,"footnotes":""},"class_list":["post-20655","page","type-page","status-publish","hentry"],"yoast_head":"<!-- This site is optimized with the Yoast SEO plugin v23.7 - https:\/\/yoast.com\/wordpress\/plugins\/seo\/ -->\n<title>EuroMillions UK Ohjekeskus \u2013 Vastaukset usein kysyttyihin kysymyksiin<\/title>\n<meta name=\"description\" content=\"Opi pelaamaan EuroMillions UK: kuinka arvonta toimii, mik\u00e4 on UK Millionaire Maker ja miten voitat jopa 250 miljoonaa euroa.\" \/>\n<meta name=\"robots\" content=\"index, follow, max-snippet:-1, max-image-preview:large, max-video-preview:-1\" \/>\n<link rel=\"canonical\" href=\"https:\/\/lottohoy.com\/fi\/online-arpajaiset-faq\/mika-on-euromillions-uk\/\" \/>\n<meta property=\"og:locale\" content=\"fi_FI\" \/>\n<meta property=\"og:type\" content=\"article\" \/>\n<meta property=\"og:title\" content=\"EuroMillions UK Ohjekeskus \u2013 Vastaukset usein kysyttyihin kysymyksiin\" \/>\n<meta property=\"og:description\" content=\"Opi pelaamaan EuroMillions UK: kuinka arvonta toimii, mik\u00e4 on UK Millionaire Maker ja miten voitat jopa 250 miljoonaa euroa.\" \/>\n<meta property=\"og:url\" content=\"https:\/\/lottohoy.com\/fi\/online-arpajaiset-faq\/mika-on-euromillions-uk\/\" \/>\n<meta property=\"og:site_name\" content=\"Lottohoy\" \/>\n<meta property=\"article:modified_time\" content=\"2025-06-15T09:50:21+00:00\" \/>\n<meta name=\"twitter:card\" content=\"summary_large_image\" \/>\n<meta name=\"twitter:label1\" content=\"Arvioitu lukuaika\" \/>\n\t<meta name=\"twitter:data1\" content=\"2 minuuttia\" \/>\n<script type=\"application\/ld+json\" class=\"yoast-schema-graph\">{\"@context\":\"https:\/\/schema.org\",\"@graph\":[{\"@type\":\"WebPage\",\"@id\":\"https:\/\/lottohoy.com\/fi\/online-arpajaiset-faq\/mika-on-euromillions-uk\/\",\"url\":\"https:\/\/lottohoy.com\/fi\/online-arpajaiset-faq\/mika-on-euromillions-uk\/\",\"name\":\"EuroMillions UK Ohjekeskus \u2013 Vastaukset usein kysyttyihin kysymyksiin\",\"isPartOf\":{\"@id\":\"https:\/\/lottohoy.com\/fi\/#website\"},\"datePublished\":\"2025-06-13T12:21:53+00:00\",\"dateModified\":\"2025-06-15T09:50:21+00:00\",\"description\":\"Opi pelaamaan EuroMillions UK: kuinka arvonta toimii, mik\u00e4 on UK Millionaire Maker ja miten voitat jopa 250 miljoonaa euroa.\",\"breadcrumb\":{\"@id\":\"https:\/\/lottohoy.com\/fi\/online-arpajaiset-faq\/mika-on-euromillions-uk\/#breadcrumb\"},\"inLanguage\":\"fi\",\"potentialAction\":[{\"@type\":\"ReadAction\",\"target\":[\"https:\/\/lottohoy.com\/fi\/online-arpajaiset-faq\/mika-on-euromillions-uk\/\"]}]},{\"@type\":\"BreadcrumbList\",\"@id\":\"https:\/\/lottohoy.com\/fi\/online-arpajaiset-faq\/mika-on-euromillions-uk\/#breadcrumb\",\"itemListElement\":[{\"@type\":\"ListItem\",\"position\":1,\"name\":\"Home\",\"item\":\"https:\/\/lottohoy.com\/fi\/\"},{\"@type\":\"ListItem\",\"position\":2,\"name\":\"Online arpajaiset FAQ\",\"item\":\"https:\/\/lottohoy.com\/fi\/online-arpajaiset-faq\/\"},{\"@type\":\"ListItem\",\"position\":3,\"name\":\"Mik\u00e4 on EuroMillions UK?\"}]},{\"@type\":\"WebSite\",\"@id\":\"https:\/\/lottohoy.com\/fi\/#website\",\"url\":\"https:\/\/lottohoy.com\/fi\/\",\"name\":\"Lottohoy\",\"description\":\"\",\"potentialAction\":[{\"@type\":\"SearchAction\",\"target\":{\"@type\":\"EntryPoint\",\"urlTemplate\":\"https:\/\/lottohoy.com\/fi\/?s={search_term_string}\"},\"query-input\":{\"@type\":\"PropertyValueSpecification\",\"valueRequired\":true,\"valueName\":\"search_term_string\"}}],\"inLanguage\":\"fi\"}]}<\/script>\n<!-- \/ Yoast SEO plugin. -->","yoast_head_json":{"title":"EuroMillions UK Ohjekeskus \u2013 Vastaukset usein kysyttyihin kysymyksiin","description":"Opi pelaamaan EuroMillions UK: kuinka arvonta toimii, mik\u00e4 on UK Millionaire Maker ja miten voitat jopa 250 miljoonaa euroa.","robots":{"index":"index","follow":"follow","max-snippet":"max-snippet:-1","max-image-preview":"max-image-preview:large","max-video-preview":"max-video-preview:-1"},"canonical":"https:\/\/lottohoy.com\/fi\/online-arpajaiset-faq\/mika-on-euromillions-uk\/","og_locale":"fi_FI","og_type":"article","og_title":"EuroMillions UK Ohjekeskus \u2013 Vastaukset usein kysyttyihin kysymyksiin","og_description":"Opi pelaamaan EuroMillions UK: kuinka arvonta toimii, mik\u00e4 on UK Millionaire Maker ja miten voitat jopa 250 miljoonaa euroa.","og_url":"https:\/\/lottohoy.com\/fi\/online-arpajaiset-faq\/mika-on-euromillions-uk\/","og_site_name":"Lottohoy","article_modified_time":"2025-06-15T09:50:21+00:00","twitter_card":"summary_large_image","twitter_misc":{"Arvioitu lukuaika":"2 minuuttia"},"schema":{"@context":"https:\/\/schema.org","@graph":[{"@type":"WebPage","@id":"https:\/\/lottohoy.com\/fi\/online-arpajaiset-faq\/mika-on-euromillions-uk\/","url":"https:\/\/lottohoy.com\/fi\/online-arpajaiset-faq\/mika-on-euromillions-uk\/","name":"EuroMillions UK Ohjekeskus \u2013 Vastaukset usein kysyttyihin kysymyksiin","isPartOf":{"@id":"https:\/\/lottohoy.com\/fi\/#website"},"datePublished":"2025-06-13T12:21:53+00:00","dateModified":"2025-06-15T09:50:21+00:00","description":"Opi pelaamaan EuroMillions UK: kuinka arvonta toimii, mik\u00e4 on UK Millionaire Maker ja miten voitat jopa 250 miljoonaa euroa.","breadcrumb":{"@id":"https:\/\/lottohoy.com\/fi\/online-arpajaiset-faq\/mika-on-euromillions-uk\/#breadcrumb"},"inLanguage":"fi","potentialAction":[{"@type":"ReadAction","target":["https:\/\/lottohoy.com\/fi\/online-arpajaiset-faq\/mika-on-euromillions-uk\/"]}]},{"@type":"BreadcrumbList","@id":"https:\/\/lottohoy.com\/fi\/online-arpajaiset-faq\/mika-on-euromillions-uk\/#breadcrumb","itemListElement":[{"@type":"ListItem","position":1,"name":"Home","item":"https:\/\/lottohoy.com\/fi\/"},{"@type":"ListItem","position":2,"name":"Online arpajaiset FAQ","item":"https:\/\/lottohoy.com\/fi\/online-arpajaiset-faq\/"},{"@type":"ListItem","position":3,"name":"Mik\u00e4 on EuroMillions UK?"}]},{"@type":"WebSite","@id":"https:\/\/lottohoy.com\/fi\/#website","url":"https:\/\/lottohoy.com\/fi\/","name":"Lottohoy","description":"","potentialAction":[{"@type":"SearchAction","target":{"@type":"EntryPoint","urlTemplate":"https:\/\/lottohoy.com\/fi\/?s={search_term_string}"},"query-input":{"@type":"PropertyValueSpecification","valueRequired":true,"valueName":"search_term_string"}}],"inLanguage":"fi"}]}},"_links":{"self":[{"href":"https:\/\/lottohoy.com\/fi\/wp-json\/wp\/v2\/pages\/20655","targetHints":{"allow":["GET"]}}],"collection":[{"href":"https:\/\/lottohoy.com\/fi\/wp-json\/wp\/v2\/pages"}],"about":[{"href":"https:\/\/lottohoy.com\/fi\/wp-json\/wp\/v2\/types\/page"}],"author":[{"embeddable":true,"href":"https:\/\/lottohoy.com\/fi\/wp-json\/wp\/v2\/users\/8"}],"replies":[{"embeddable":true,"href":"https:\/\/lottohoy.com\/fi\/wp-json\/wp\/v2\/comments?post=20655"}],"version-history":[{"count":1,"href":"https:\/\/lottohoy.com\/fi\/wp-json\/wp\/v2\/pages\/20655\/revisions"}],"predecessor-version":[{"id":20656,"href":"https:\/\/lottohoy.com\/fi\/wp-json\/wp\/v2\/pages\/20655\/revisions\/20656"}],"up":[{"embeddable":true,"href":"https:\/\/lottohoy.com\/fi\/wp-json\/wp\/v2\/pages\/16745"}],"wp:attachment":[{"href":"https:\/\/lottohoy.com\/fi\/wp-json\/wp\/v2\/media?parent=20655"}],"curies":[{"name":"wp","href":"https:\/\/api.w.org\/{rel}","templated":true}]}}