{"id":20597,"date":"2025-06-13T13:21:14","date_gmt":"2025-06-13T12:21:14","guid":{"rendered":"https:\/\/lottohoy.com\/?page_id=20597"},"modified":"2025-06-14T16:29:49","modified_gmt":"2025-06-14T15:29:49","slug":"euromillions-uk-tulokset","status":"publish","type":"page","link":"https:\/\/lottohoy.com\/fi\/lottery-tulokset\/euromillions-uk-tulokset\/","title":{"rendered":"EuroMillions UK &#8211; tulokset"},"content":{"rendered":"<h1 data-start=\"262\" data-end=\"318\">Tuoreimmat EuroMillions UK -tulokset \u2013 Tarkista kuponkisi heti<\/h1>\n<p data-start=\"320\" data-end=\"499\">Tarkistaaksesi EuroMillions UK -arvonnan tulokset \u2014 mukaan lukien <strong data-start=\"386\" data-end=\"410\">UK Millionaire Maker<\/strong> -koodin \u2014 vertaile oman lottokuponkisi numeroita t\u00e4ll\u00e4 sivulla julkaistuun voittoriviin.<\/p>\n<p data-start=\"501\" data-end=\"704\">Jos olet ostanut kupongin offline-tilassa, suosittelemme tarkistamaan tulokset useaan kertaan. Pelaajat saattavat vahingossa heitt\u00e4\u00e4 pois voittavan kupongin ja menett\u00e4\u00e4 suuria summia tai jopa j\u00e4ttipotin.<\/p>\n<p data-start=\"706\" data-end=\"878\">LottoHoy-palvelussa voit my\u00f6s tarkistaa <strong data-start=\"746\" data-end=\"766\">p\u00e4iv\u00e4n jackpotin<\/strong>, voittajien m\u00e4\u00e4r\u00e4n eri voittoluokissa ja tarkastella aiempien arvontojen tuloksia jopa <strong data-start=\"854\" data-end=\"877\">24 kuukauden ajalta<\/strong>.<\/p>\n<h2 data-start=\"885\" data-end=\"957\">Miksi tarkistaa EuroMillions UK -tulokset verkossa LottoHoyn kautta?<\/h2>\n<p data-start=\"959\" data-end=\"1098\">Kun luot ilmaisen k\u00e4ytt\u00e4j\u00e4tilin LottoHoyssa, saat automaattisesti tiedon mahdollisista voitoistasi \u2013 sinun ei tarvitse etsi\u00e4 tuloksia itse.<\/p>\n<p data-start=\"1100\" data-end=\"1274\">Jos voitat tiistain tai perjantain arvonnassa ja voittosumma on <strong data-start=\"1166\" data-end=\"1190\">enint\u00e4\u00e4n 2 500 \u20ac \/ \u00a3<\/strong>, rahat <strong data-start=\"1198\" data-end=\"1228\">siirret\u00e4\u00e4n automaattisesti<\/strong> k\u00e4ytt\u00e4j\u00e4tilillesi ja ovat heti k\u00e4ytett\u00e4viss\u00e4.<\/p>\n<p data-start=\"1276\" data-end=\"1490\">Suuremmista voitoista ottaa yhteytt\u00e4 oikeudellinen tiimimme, joka <strong data-start=\"1346\" data-end=\"1382\">auttaa sinua koko prosessin ajan<\/strong>. Tarjoamme <strong data-start=\"1394\" data-end=\"1445\">henkil\u00f6kohtaista ja luottamuksellista neuvontaa<\/strong>, jotta kaikki sujuu turvallisesti ja oikein.<\/p>\n<h2 data-start=\"1497\" data-end=\"1530\">EuroMillions UK -voittoluokat<\/h2>\n<p data-start=\"1532\" data-end=\"1688\">Alta l\u00f6yd\u00e4t taulukon, jossa on <strong data-start=\"1563\" data-end=\"1616\">viimeisimm\u00e4n EuroMillions UK -arvonnan voittorivi<\/strong> ja <strong data-start=\"1620\" data-end=\"1643\">palkintojen jakauma<\/strong> kaikissa <strong data-start=\"1653\" data-end=\"1687\">13 virallisessa voittoluokassa<\/strong>.<\/p>\n<p data-start=\"1690\" data-end=\"1707\">Taulukossa n\u00e4kyy:<\/p>\n<ul data-start=\"1709\" data-end=\"1884\">\n<li data-start=\"1709\" data-end=\"1780\">\n<p data-start=\"1711\" data-end=\"1780\">Kuinka monta p\u00e4\u00e4- ja t\u00e4htinumeroa tarvitaan kussakin voittoluokassa<\/p>\n<\/li>\n<li data-start=\"1781\" data-end=\"1812\">\n<p data-start=\"1783\" data-end=\"1812\">Voittajien m\u00e4\u00e4r\u00e4 luokittain<\/p>\n<\/li>\n<li data-start=\"1813\" data-end=\"1884\">\n<p data-start=\"1815\" data-end=\"1884\">Voittosumma <strong data-start=\"1827\" data-end=\"1843\">euroissa (\u20ac)<\/strong> (<em data-start=\"1845\" data-end=\"1883\">maksu tapahtuu Britannian punnissa \u00a3<\/em>)<\/p>\n<\/li>\n<\/ul>\n<p data-start=\"1886\" data-end=\"2013\">\ud83d\udc49 Voit tarkastella my\u00f6s viimeaikaisia <a href=\"https:\/\/lottohoy.com\/fi\/lotto-jattipotit\/\">jackpoteja t\u00e4\u00e4ll\u00e4<\/a>:<\/p>\n<p data-start=\"2015\" data-end=\"2206\">\ud83d\udc49\u00a0 sinulla ole viel\u00e4 tili\u00e4? <a href=\"https:\/\/lottohoy.com\/fi\/rekisterointi\/\">Rekister\u00f6idy ilmaiseksi t\u00e4\u00e4ll\u00e4:<\/a><br data-start=\"2076\" data-end=\"2079\" \/><\/p>\n","protected":false},"excerpt":{"rendered":"<p>Tuoreimmat EuroMillions UK -tulokset \u2013 Tarkista kuponkisi heti Tarkistaaksesi EuroMillions UK -arvonnan tulokset \u2014 mukaan lukien UK Millionaire Maker -koodin \u2014 vertaile oman lottokuponkisi numeroita t\u00e4ll\u00e4 sivulla julkaistuun voittoriviin. Jos olet ostanut kupongin offline-tilassa, suosittelemme tarkistamaan tulokset useaan kertaan. Pelaajat saattavat vahingossa heitt\u00e4\u00e4 pois voittavan kupongin ja menett\u00e4\u00e4 suuria summia tai jopa j\u00e4ttipotin. LottoHoy-palvelussa voit [&hellip;]<\/p>\n","protected":false},"author":8,"featured_media":0,"parent":16889,"menu_order":0,"comment_status":"closed","ping_status":"closed","template":"euromillions-results.php","meta":{"_et_pb_use_builder":"","_et_pb_old_content":"","_et_gb_content_width":"","exclude_from_search":false,"footnotes":""},"class_list":["post-20597","page","type-page","status-publish","hentry"],"yoast_head":"<!-- This site is optimized with the Yoast SEO plugin v23.7 - https:\/\/yoast.com\/wordpress\/plugins\/seo\/ -->\n<title>EuroMillions UK -tulokset verkossa \u2013 N\u00e4et heti oletko voittanut<\/title>\n<meta name=\"description\" content=\"Tarkista EuroMillions UK -tulokset verkossa. Vertaile kuponkiasi ja katso heti, oletko voittanut. Tulokset jopa 24 kuukauden ajalta LottoHoy-palvelussa.\" \/>\n<meta name=\"robots\" content=\"index, follow, max-snippet:-1, max-image-preview:large, max-video-preview:-1\" \/>\n<link rel=\"canonical\" href=\"https:\/\/lottohoy.com\/fi\/lottery-tulokset\/euromillions-uk-tulokset\/\" \/>\n<meta property=\"og:locale\" content=\"fi_FI\" \/>\n<meta property=\"og:type\" content=\"article\" \/>\n<meta property=\"og:title\" content=\"EuroMillions UK -tulokset verkossa \u2013 N\u00e4et heti oletko voittanut\" \/>\n<meta property=\"og:description\" content=\"Tarkista EuroMillions UK -tulokset verkossa. Vertaile kuponkiasi ja katso heti, oletko voittanut. Tulokset jopa 24 kuukauden ajalta LottoHoy-palvelussa.\" \/>\n<meta property=\"og:url\" content=\"https:\/\/lottohoy.com\/fi\/lottery-tulokset\/euromillions-uk-tulokset\/\" \/>\n<meta property=\"og:site_name\" content=\"Lottohoy\" \/>\n<meta property=\"article:modified_time\" content=\"2025-06-14T15:29:49+00:00\" \/>\n<meta name=\"twitter:card\" content=\"summary_large_image\" \/>\n<meta name=\"twitter:label1\" content=\"Arvioitu lukuaika\" \/>\n\t<meta name=\"twitter:data1\" content=\"1 minuutti\" \/>\n<script type=\"application\/ld+json\" class=\"yoast-schema-graph\">{\"@context\":\"https:\/\/schema.org\",\"@graph\":[{\"@type\":\"WebPage\",\"@id\":\"https:\/\/lottohoy.com\/fi\/lottery-tulokset\/euromillions-uk-tulokset\/\",\"url\":\"https:\/\/lottohoy.com\/fi\/lottery-tulokset\/euromillions-uk-tulokset\/\",\"name\":\"EuroMillions UK -tulokset verkossa \u2013 N\u00e4et heti oletko voittanut\",\"isPartOf\":{\"@id\":\"https:\/\/lottohoy.com\/fi\/#website\"},\"datePublished\":\"2025-06-13T12:21:14+00:00\",\"dateModified\":\"2025-06-14T15:29:49+00:00\",\"description\":\"Tarkista EuroMillions UK -tulokset verkossa. Vertaile kuponkiasi ja katso heti, oletko voittanut. Tulokset jopa 24 kuukauden ajalta LottoHoy-palvelussa.\",\"breadcrumb\":{\"@id\":\"https:\/\/lottohoy.com\/fi\/lottery-tulokset\/euromillions-uk-tulokset\/#breadcrumb\"},\"inLanguage\":\"fi\",\"potentialAction\":[{\"@type\":\"ReadAction\",\"target\":[\"https:\/\/lottohoy.com\/fi\/lottery-tulokset\/euromillions-uk-tulokset\/\"]}]},{\"@type\":\"BreadcrumbList\",\"@id\":\"https:\/\/lottohoy.com\/fi\/lottery-tulokset\/euromillions-uk-tulokset\/#breadcrumb\",\"itemListElement\":[{\"@type\":\"ListItem\",\"position\":1,\"name\":\"Home\",\"item\":\"https:\/\/lottohoy.com\/fi\/\"},{\"@type\":\"ListItem\",\"position\":2,\"name\":\"Lottery Tulokset\",\"item\":\"https:\/\/lottohoy.com\/fi\/lottery-tulokset\/\"},{\"@type\":\"ListItem\",\"position\":3,\"name\":\"EuroMillions UK &#8211; tulokset\"}]},{\"@type\":\"WebSite\",\"@id\":\"https:\/\/lottohoy.com\/fi\/#website\",\"url\":\"https:\/\/lottohoy.com\/fi\/\",\"name\":\"Lottohoy\",\"description\":\"\",\"potentialAction\":[{\"@type\":\"SearchAction\",\"target\":{\"@type\":\"EntryPoint\",\"urlTemplate\":\"https:\/\/lottohoy.com\/fi\/?s={search_term_string}\"},\"query-input\":{\"@type\":\"PropertyValueSpecification\",\"valueRequired\":true,\"valueName\":\"search_term_string\"}}],\"inLanguage\":\"fi\"}]}<\/script>\n<!-- \/ Yoast SEO plugin. -->","yoast_head_json":{"title":"EuroMillions UK -tulokset verkossa \u2013 N\u00e4et heti oletko voittanut","description":"Tarkista EuroMillions UK -tulokset verkossa. Vertaile kuponkiasi ja katso heti, oletko voittanut. Tulokset jopa 24 kuukauden ajalta LottoHoy-palvelussa.","robots":{"index":"index","follow":"follow","max-snippet":"max-snippet:-1","max-image-preview":"max-image-preview:large","max-video-preview":"max-video-preview:-1"},"canonical":"https:\/\/lottohoy.com\/fi\/lottery-tulokset\/euromillions-uk-tulokset\/","og_locale":"fi_FI","og_type":"article","og_title":"EuroMillions UK -tulokset verkossa \u2013 N\u00e4et heti oletko voittanut","og_description":"Tarkista EuroMillions UK -tulokset verkossa. Vertaile kuponkiasi ja katso heti, oletko voittanut. Tulokset jopa 24 kuukauden ajalta LottoHoy-palvelussa.","og_url":"https:\/\/lottohoy.com\/fi\/lottery-tulokset\/euromillions-uk-tulokset\/","og_site_name":"Lottohoy","article_modified_time":"2025-06-14T15:29:49+00:00","twitter_card":"summary_large_image","twitter_misc":{"Arvioitu lukuaika":"1 minuutti"},"schema":{"@context":"https:\/\/schema.org","@graph":[{"@type":"WebPage","@id":"https:\/\/lottohoy.com\/fi\/lottery-tulokset\/euromillions-uk-tulokset\/","url":"https:\/\/lottohoy.com\/fi\/lottery-tulokset\/euromillions-uk-tulokset\/","name":"EuroMillions UK -tulokset verkossa \u2013 N\u00e4et heti oletko voittanut","isPartOf":{"@id":"https:\/\/lottohoy.com\/fi\/#website"},"datePublished":"2025-06-13T12:21:14+00:00","dateModified":"2025-06-14T15:29:49+00:00","description":"Tarkista EuroMillions UK -tulokset verkossa. Vertaile kuponkiasi ja katso heti, oletko voittanut. Tulokset jopa 24 kuukauden ajalta LottoHoy-palvelussa.","breadcrumb":{"@id":"https:\/\/lottohoy.com\/fi\/lottery-tulokset\/euromillions-uk-tulokset\/#breadcrumb"},"inLanguage":"fi","potentialAction":[{"@type":"ReadAction","target":["https:\/\/lottohoy.com\/fi\/lottery-tulokset\/euromillions-uk-tulokset\/"]}]},{"@type":"BreadcrumbList","@id":"https:\/\/lottohoy.com\/fi\/lottery-tulokset\/euromillions-uk-tulokset\/#breadcrumb","itemListElement":[{"@type":"ListItem","position":1,"name":"Home","item":"https:\/\/lottohoy.com\/fi\/"},{"@type":"ListItem","position":2,"name":"Lottery Tulokset","item":"https:\/\/lottohoy.com\/fi\/lottery-tulokset\/"},{"@type":"ListItem","position":3,"name":"EuroMillions UK &#8211; tulokset"}]},{"@type":"WebSite","@id":"https:\/\/lottohoy.com\/fi\/#website","url":"https:\/\/lottohoy.com\/fi\/","name":"Lottohoy","description":"","potentialAction":[{"@type":"SearchAction","target":{"@type":"EntryPoint","urlTemplate":"https:\/\/lottohoy.com\/fi\/?s={search_term_string}"},"query-input":{"@type":"PropertyValueSpecification","valueRequired":true,"valueName":"search_term_string"}}],"inLanguage":"fi"}]}},"_links":{"self":[{"href":"https:\/\/lottohoy.com\/fi\/wp-json\/wp\/v2\/pages\/20597","targetHints":{"allow":["GET"]}}],"collection":[{"href":"https:\/\/lottohoy.com\/fi\/wp-json\/wp\/v2\/pages"}],"about":[{"href":"https:\/\/lottohoy.com\/fi\/wp-json\/wp\/v2\/types\/page"}],"author":[{"embeddable":true,"href":"https:\/\/lottohoy.com\/fi\/wp-json\/wp\/v2\/users\/8"}],"replies":[{"embeddable":true,"href":"https:\/\/lottohoy.com\/fi\/wp-json\/wp\/v2\/comments?post=20597"}],"version-history":[{"count":1,"href":"https:\/\/lottohoy.com\/fi\/wp-json\/wp\/v2\/pages\/20597\/revisions"}],"predecessor-version":[{"id":20598,"href":"https:\/\/lottohoy.com\/fi\/wp-json\/wp\/v2\/pages\/20597\/revisions\/20598"}],"up":[{"embeddable":true,"href":"https:\/\/lottohoy.com\/fi\/wp-json\/wp\/v2\/pages\/16889"}],"wp:attachment":[{"href":"https:\/\/lottohoy.com\/fi\/wp-json\/wp\/v2\/media?parent=20597"}],"curies":[{"name":"wp","href":"https:\/\/api.w.org\/{rel}","templated":true}]}}