{"id":20526,"date":"2025-06-13T12:40:52","date_gmt":"2025-06-13T11:40:52","guid":{"rendered":"https:\/\/lottohoy.com\/?page_id=20526"},"modified":"2025-06-13T18:16:48","modified_gmt":"2025-06-13T17:16:48","slug":"pelaa-euromillions-uk","status":"publish","type":"page","link":"https:\/\/lottohoy.com\/fi\/pelata\/pelaa-euromillions-uk\/","title":{"rendered":"Pelaa EuroMillions UK"},"content":{"rendered":"<h1 data-start=\"254\" data-end=\"290\">Pelaa EuroMillions UK \u2013 Johdanto<\/h1>\n<p data-start=\"292\" data-end=\"725\">EuroMillions on eri osallistujamaiden itsen\u00e4isesti hallinnoima arvontapeli.<br data-start=\"367\" data-end=\"370\" \/>Se perustettiin vuonna 2004 Ranskan \u201cFran\u00e7aise des Jeux\u201d -yhti\u00f6n, Espanjan \u201cLoter\u00edas y Apuestas del Estado\u201d -lottoviranomaisen ja Britannian \u201cCamelot\u201d-yhti\u00f6n aloitteesta. My\u00f6hemmin liittyiv\u00e4t mukaan muiden maiden viralliset lotto-organisaatiot, yhteens\u00e4 9 maata (Ranska, Espanja, Iso-Britannia, It\u00e4valta, Belgia, Irlanti, Luxemburg, Portugali ja Sveitsi).<\/p>\n<p data-start=\"727\" data-end=\"893\">Brexitin j\u00e4lkeen Iso-Britannia erosi EU:sta, mutta osallistuu yh\u00e4 EuroMillions-arvontaan samoilla s\u00e4\u00e4nn\u00f6ill\u00e4 kuin muutkin maat \u2013 pienill\u00e4 eroilla. (Katso lis\u00e4tietoja)<\/p>\n<p data-start=\"895\" data-end=\"1084\">Iso-Britannian versiossa tavallinen EuroMillions-kuponki sis\u00e4lt\u00e4\u00e4 my\u00f6s osallistumisen UK Millionaire Maker -arvontaan, jossa jokaisessa arvonnassa yksi pelaaja voittaa varmasti 1 000 000 \u00a3.<\/p>\n<h2 data-start=\"1091\" data-end=\"1132\">Miten pelata EuroMillionsia verkossa?<\/h2>\n<p data-start=\"1134\" data-end=\"1321\">Se on helppoa. Luo ensin k\u00e4ytt\u00e4j\u00e4tili osoitteessa <a class=\"\" href=\"https:\/\/lottohoy.com\/fi\/rekisterointi\/\" target=\"_new\" rel=\"noopener\" data-start=\"1184\" data-end=\"1219\">lottohoy.com<\/a>, jolloin saat p\u00e4\u00e4syn kaikkiin toimintoihin: pelialustaan, arvontatietoihin, tuloksiin ja uutisosioon.<\/p>\n<p data-start=\"1323\" data-end=\"1444\">Pelialustalla on 5 taulukkoa (jokainen yksi panos), ja numerot on jaettu kahteen osaan: p\u00e4\u00e4luvut (1\u201350) ja t\u00e4hdet (1\u201312).<\/p>\n<p data-start=\"1446\" data-end=\"1528\">Voit valita numerot itse manuaalisesti tai antaa j\u00e4rjestelm\u00e4n arpoa ne puolestasi.<\/p>\n<p data-start=\"1530\" data-end=\"1562\">On t\u00e4rke\u00e4\u00e4 tuntea eri pelitavat:<\/p>\n<h3 data-start=\"1569\" data-end=\"1607\">Yksitt\u00e4inen EuroMillions UK -panos<\/h3>\n<p data-start=\"1609\" data-end=\"1727\">Jokainen ruudukko on yksi panos.<br data-start=\"1641\" data-end=\"1644\" \/>Valitse 5 numeroa v\u00e4lill\u00e4 1\u201350 ja lis\u00e4ksi 2 t\u00e4htinumeroa taulukon alaosasta (1\u201312).<\/p>\n<h3 data-start=\"1734\" data-end=\"1774\">Moninkertainen panos EuroMillions UK<\/h3>\n<p data-start=\"1776\" data-end=\"1925\">T\u00e4ll\u00e4 hetkell\u00e4 usean numeron panoksia ei voi tehd\u00e4 verkkosivustolla, mutta&#8230;<br data-start=\"1853\" data-end=\"1856\" \/>Kehitt\u00e4j\u00e4mme ty\u00f6skentelev\u00e4t parhaillaan t\u00e4m\u00e4n toiminnon lis\u00e4\u00e4miseksi.<\/p>\n<p data-start=\"1927\" data-end=\"2049\">Offline-tilassa moninkertainen panostus on mahdollista.<br data-start=\"1982\" data-end=\"1985\" \/>T\u00e4yt\u00e4 vain ensimm\u00e4inen taulukko 6\u201310 p\u00e4\u00e4luvulla ja 2\u20136 t\u00e4hdell\u00e4.<\/p>\n<p data-start=\"2051\" data-end=\"2119\">Mit\u00e4 useampia yhdistelmi\u00e4, sit\u00e4 korkeampi hinta.<br data-start=\"2099\" data-end=\"2102\" \/>Alla esimerkkej\u00e4:<\/p>\n<div class=\"_tableContainer_16hzy_1\">\n<div class=\"_tableWrapper_16hzy_14 group flex w-fit flex-col-reverse\">\n<table class=\"w-fit min-w-(--thread-content-width)\" data-start=\"2121\" data-end=\"2486\">\n<thead data-start=\"2121\" data-end=\"2181\">\n<tr data-start=\"2121\" data-end=\"2181\">\n<th data-start=\"2121\" data-end=\"2140\" data-col-size=\"sm\">T\u00e4hdet \\ Numerot<\/th>\n<th data-start=\"2140\" data-end=\"2145\" data-col-size=\"sm\">5<\/th>\n<th data-start=\"2145\" data-end=\"2150\" data-col-size=\"sm\">6<\/th>\n<th data-start=\"2150\" data-end=\"2156\" data-col-size=\"sm\">7<\/th>\n<th data-start=\"2156\" data-end=\"2163\" data-col-size=\"sm\">8<\/th>\n<th data-start=\"2163\" data-end=\"2171\" data-col-size=\"sm\">9<\/th>\n<th data-start=\"2171\" data-end=\"2181\" data-col-size=\"sm\">10<\/th>\n<\/tr>\n<\/thead>\n<tbody data-start=\"2243\" data-end=\"2486\">\n<tr data-start=\"2243\" data-end=\"2303\">\n<td data-start=\"2243\" data-end=\"2262\" data-col-size=\"sm\">2<\/td>\n<td data-start=\"2262\" data-end=\"2267\" data-col-size=\"sm\">\u2013<\/td>\n<td data-start=\"2267\" data-end=\"2272\" data-col-size=\"sm\">6<\/td>\n<td data-start=\"2272\" data-end=\"2278\" data-col-size=\"sm\">21<\/td>\n<td data-start=\"2278\" data-end=\"2285\" data-col-size=\"sm\">56<\/td>\n<td data-start=\"2285\" data-end=\"2293\" data-col-size=\"sm\">126<\/td>\n<td data-start=\"2293\" data-end=\"2303\" data-col-size=\"sm\">252<\/td>\n<\/tr>\n<tr data-start=\"2304\" data-end=\"2364\">\n<td data-start=\"2304\" data-end=\"2323\" data-col-size=\"sm\">3<\/td>\n<td data-start=\"2323\" data-end=\"2328\" data-col-size=\"sm\">3<\/td>\n<td data-start=\"2328\" data-end=\"2333\" data-col-size=\"sm\">18<\/td>\n<td data-start=\"2333\" data-end=\"2339\" data-col-size=\"sm\">63<\/td>\n<td data-start=\"2339\" data-end=\"2346\" data-col-size=\"sm\">168<\/td>\n<td data-start=\"2346\" data-end=\"2354\" data-col-size=\"sm\">378<\/td>\n<td data-start=\"2354\" data-end=\"2364\" data-col-size=\"sm\">756<\/td>\n<\/tr>\n<tr data-start=\"2365\" data-end=\"2425\">\n<td data-start=\"2365\" data-end=\"2384\" data-col-size=\"sm\">4<\/td>\n<td data-start=\"2384\" data-end=\"2389\" data-col-size=\"sm\">6<\/td>\n<td data-start=\"2389\" data-end=\"2394\" data-col-size=\"sm\">36<\/td>\n<td data-start=\"2394\" data-end=\"2400\" data-col-size=\"sm\">126<\/td>\n<td data-start=\"2400\" data-end=\"2407\" data-col-size=\"sm\">336<\/td>\n<td data-start=\"2407\" data-end=\"2415\" data-col-size=\"sm\">756<\/td>\n<td data-start=\"2415\" data-end=\"2425\" data-col-size=\"sm\">1 512<\/td>\n<\/tr>\n<tr data-start=\"2426\" data-end=\"2486\">\n<td data-start=\"2426\" data-end=\"2445\" data-col-size=\"sm\">5<\/td>\n<td data-start=\"2445\" data-end=\"2450\" data-col-size=\"sm\">10<\/td>\n<td data-start=\"2450\" data-end=\"2455\" data-col-size=\"sm\">60<\/td>\n<td data-start=\"2455\" data-end=\"2461\" data-col-size=\"sm\">210<\/td>\n<td data-start=\"2461\" data-end=\"2468\" data-col-size=\"sm\">560<\/td>\n<td data-start=\"2468\" data-end=\"2476\" data-col-size=\"sm\">1 260<\/td>\n<td data-start=\"2476\" data-end=\"2486\" data-col-size=\"sm\">2 520<\/td>\n<\/tr>\n<\/tbody>\n<\/table>\n<div class=\"sticky end-(--thread-content-margin) h-0 self-end select-none\">\n<div class=\"absolute end-0 flex items-end\"><\/div>\n<\/div>\n<\/div>\n<\/div>\n<h2 data-start=\"2493\" data-end=\"2529\">Supistettu panos EuroMillions UK<\/h2>\n<p data-start=\"2531\" data-end=\"2633\">Kuten edellisess\u00e4 kohdassa, t\u00e4m\u00e4 pelimuoto on saatavilla vain offline-tilassa. T\u00e4ss\u00e4 kuitenkin tietoa:<\/p>\n<p data-start=\"2635\" data-end=\"2767\">Kyseess\u00e4 on yhdistelm\u00e4 yksitt\u00e4isi\u00e4 ja moninkertaisia panoksia \u2013 voit pelata useita rivej\u00e4 yhdell\u00e4 kupongilla toistuvilla numeroilla.<\/p>\n<p data-start=\"2769\" data-end=\"2781\">Esimerkkej\u00e4:<\/p>\n<ul data-start=\"2783\" data-end=\"3104\">\n<li data-start=\"2783\" data-end=\"2851\">\n<p data-start=\"2785\" data-end=\"2851\">10 numeroa ja 2 t\u00e4hte\u00e4 = 14 panosta (vs. 252 t\u00e4ytt\u00e4 yhdistelm\u00e4\u00e4)<\/p>\n<\/li>\n<li data-start=\"2852\" data-end=\"2914\">\n<p data-start=\"2854\" data-end=\"2914\">10 numeroa ja 4 t\u00e4hte\u00e4 = 28 panosta (vs. 1512 yhdistelm\u00e4\u00e4)<\/p>\n<\/li>\n<li data-start=\"2915\" data-end=\"2977\">\n<p data-start=\"2917\" data-end=\"2977\">10 numeroa ja 3 t\u00e4hte\u00e4 = 84 panosta (vs. 1512 yhdistelm\u00e4\u00e4)<\/p>\n<\/li>\n<li data-start=\"2978\" data-end=\"3041\">\n<p data-start=\"2980\" data-end=\"3041\">12 numeroa ja 3 t\u00e4hte\u00e4 = 114 panosta (vs. 2376 yhdistelm\u00e4\u00e4)<\/p>\n<\/li>\n<li data-start=\"3042\" data-end=\"3104\">\n<p data-start=\"3044\" data-end=\"3104\">15 numeroa ja 4 t\u00e4hte\u00e4 = 30 panosta (vs. 18 018 yhdistelm\u00e4\u00e4)<\/p>\n<\/li>\n<\/ul>\n<h2 data-start=\"3111\" data-end=\"3154\">Milloin EuroMillions-arvonnat pidet\u00e4\u00e4n?<\/h2>\n<p data-start=\"3156\" data-end=\"3288\">Koska EuroMillions on yhten\u00e4inen eurooppalainen peli, arvonnat pidet\u00e4\u00e4n tiistaisin ja perjantaisin klo 21:30 (Keski-Euroopan aikaa).<\/p>\n<p data-start=\"3290\" data-end=\"3428\">Sivustomme sulkee ostomahdollisuuden muutamaa tuntia ennen arvontaa (n\u00e4kyy pelin\u00e4yt\u00f6ss\u00e4), jotta edustajamme voivat ehti\u00e4 hankkia kupongit.<\/p>\n<p data-start=\"3430\" data-end=\"3512\">Jos ostat kuponkeja my\u00f6h\u00e4ss\u00e4, ne siirtyv\u00e4t seuraavaan arvontaan samoilla ehdoilla.<\/p>\n<p data-start=\"3514\" data-end=\"3639\">Jos haluat pelata useita kertoja, vain ensimm\u00e4inen ostos on teht\u00e4v\u00e4 ennen m\u00e4\u00e4r\u00e4aikaa \u2013 muut ostetaan automaattisesti ajoissa.<\/p>\n<h2 data-start=\"3646\" data-end=\"3692\">Miksi ostaa EuroMillions-kuponki verkossa?<\/h2>\n<p data-start=\"3694\" data-end=\"3751\">Uudet ostotottumukset ja helppous tarjoavat useita etuja:<\/p>\n<ul data-start=\"3753\" data-end=\"4399\">\n<li data-start=\"3753\" data-end=\"3829\">\n<p data-start=\"3755\" data-end=\"3829\"><strong data-start=\"3755\" data-end=\"3794\">Suojatut maksut HTTPS-protokollalla<\/strong> \u2013 varmista yhteyden turvallisuus<\/p>\n<\/li>\n<li data-start=\"3830\" data-end=\"3892\">\n<p data-start=\"3832\" data-end=\"3892\"><strong data-start=\"3832\" data-end=\"3863\">Monia maksu- ja nostotapoja<\/strong>, k\u00e4ytett\u00e4viss\u00e4 joustavasti<\/p>\n<\/li>\n<li data-start=\"3893\" data-end=\"3972\">\n<p data-start=\"3895\" data-end=\"3972\"><strong data-start=\"3895\" data-end=\"3934\">Pelaa 24\/7 vuoden jokaisena p\u00e4iv\u00e4n\u00e4<\/strong> \u2013 ei tarvitse seurata aukioloaikoja<\/p>\n<\/li>\n<li data-start=\"3973\" data-end=\"4043\">\n<p data-start=\"3975\" data-end=\"4043\"><strong data-start=\"3975\" data-end=\"4025\">Ei jonoja, ei matkustamista \u2013 pelaa miss\u00e4 vain<\/strong> nettiyhteydell\u00e4<\/p>\n<\/li>\n<li data-start=\"4044\" data-end=\"4105\">\n<p data-start=\"4046\" data-end=\"4105\"><strong data-start=\"4046\" data-end=\"4103\">Et voi menett\u00e4\u00e4 kuponkia \u2013 kaikki tallentuu tilillesi<\/strong><\/p>\n<\/li>\n<li data-start=\"4106\" data-end=\"4181\">\n<p data-start=\"4108\" data-end=\"4181\"><strong data-start=\"4108\" data-end=\"4146\">Voitot maksetaan suoraan tilillesi<\/strong> arvonnan ja tarkistuksen j\u00e4lkeen<\/p>\n<\/li>\n<li data-start=\"4182\" data-end=\"4335\">\n<p data-start=\"4184\" data-end=\"4335\"><strong data-start=\"4184\" data-end=\"4241\">Tiedot j\u00e4ttipoteista, erikoisarvonnoista ja uutisista<\/strong> suoraan s\u00e4hk\u00f6postiin<br data-start=\"4262\" data-end=\"4265\" \/>\u27a4 <a class=\"\" href=\"https:\/\/lottohoy.com\/fi\/lotto-jattipotit\/\" target=\"_new\" rel=\"noopener\" data-start=\"4269\" data-end=\"4333\">https:\/\/lottohoy.com\/jackpots<\/a><\/p>\n<\/li>\n<li data-start=\"4336\" data-end=\"4399\">\n<p data-start=\"4338\" data-end=\"4399\"><strong data-start=\"4338\" data-end=\"4399\">Tulokset l\u00e4hetet\u00e4\u00e4n sinulle automaattisesti s\u00e4hk\u00f6postitse<\/strong><\/p>\n<\/li>\n<\/ul>\n","protected":false},"excerpt":{"rendered":"<p>Pelaa EuroMillions UK \u2013 Johdanto EuroMillions on eri osallistujamaiden itsen\u00e4isesti hallinnoima arvontapeli.Se perustettiin vuonna 2004 Ranskan \u201cFran\u00e7aise des Jeux\u201d -yhti\u00f6n, Espanjan \u201cLoter\u00edas y Apuestas del Estado\u201d -lottoviranomaisen ja Britannian \u201cCamelot\u201d-yhti\u00f6n aloitteesta. My\u00f6hemmin liittyiv\u00e4t mukaan muiden maiden viralliset lotto-organisaatiot, yhteens\u00e4 9 maata (Ranska, Espanja, Iso-Britannia, It\u00e4valta, Belgia, Irlanti, Luxemburg, Portugali ja Sveitsi). Brexitin j\u00e4lkeen Iso-Britannia erosi [&hellip;]<\/p>\n","protected":false},"author":8,"featured_media":0,"parent":16581,"menu_order":0,"comment_status":"closed","ping_status":"closed","template":"euromillions.php","meta":{"_et_pb_use_builder":"","_et_pb_old_content":"","_et_gb_content_width":"","exclude_from_search":false,"footnotes":""},"class_list":["post-20526","page","type-page","status-publish","hentry"],"yoast_head":"<!-- This site is optimized with the Yoast SEO plugin v23.7 - https:\/\/yoast.com\/wordpress\/plugins\/seo\/ -->\n<title>Pelaa EuroMillions UK verkossa \u2013 S\u00e4\u00e4nn\u00f6t ja j\u00e4ttipotit | LottoHoy<\/title>\n<meta name=\"description\" content=\"Opi pelaamaan EuroMillions UK -lottoa verkossa. S\u00e4\u00e4nn\u00f6t, arvonta-ajat ja UK Millionaire Maker -palkinnot. Turvallinen ja helppo pelaaminen LottoHoyn kautta.\" \/>\n<meta name=\"robots\" content=\"index, follow, max-snippet:-1, max-image-preview:large, max-video-preview:-1\" \/>\n<link rel=\"canonical\" href=\"https:\/\/lottohoy.com\/fi\/pelata\/pelaa-euromillions-uk\/\" \/>\n<meta property=\"og:locale\" content=\"fi_FI\" \/>\n<meta property=\"og:type\" content=\"article\" \/>\n<meta property=\"og:title\" content=\"Pelaa EuroMillions UK verkossa \u2013 S\u00e4\u00e4nn\u00f6t ja j\u00e4ttipotit | LottoHoy\" \/>\n<meta property=\"og:description\" content=\"Opi pelaamaan EuroMillions UK -lottoa verkossa. S\u00e4\u00e4nn\u00f6t, arvonta-ajat ja UK Millionaire Maker -palkinnot. Turvallinen ja helppo pelaaminen LottoHoyn kautta.\" \/>\n<meta property=\"og:url\" content=\"https:\/\/lottohoy.com\/fi\/pelata\/pelaa-euromillions-uk\/\" \/>\n<meta property=\"og:site_name\" content=\"Lottohoy\" \/>\n<meta property=\"article:modified_time\" content=\"2025-06-13T17:16:48+00:00\" \/>\n<meta name=\"twitter:card\" content=\"summary_large_image\" \/>\n<meta name=\"twitter:label1\" content=\"Arvioitu lukuaika\" \/>\n\t<meta name=\"twitter:data1\" content=\"3 minuuttia\" \/>\n<script type=\"application\/ld+json\" class=\"yoast-schema-graph\">{\"@context\":\"https:\/\/schema.org\",\"@graph\":[{\"@type\":\"WebPage\",\"@id\":\"https:\/\/lottohoy.com\/fi\/pelata\/pelaa-euromillions-uk\/\",\"url\":\"https:\/\/lottohoy.com\/fi\/pelata\/pelaa-euromillions-uk\/\",\"name\":\"Pelaa EuroMillions UK verkossa \u2013 S\u00e4\u00e4nn\u00f6t ja j\u00e4ttipotit | LottoHoy\",\"isPartOf\":{\"@id\":\"https:\/\/lottohoy.com\/fi\/#website\"},\"datePublished\":\"2025-06-13T11:40:52+00:00\",\"dateModified\":\"2025-06-13T17:16:48+00:00\",\"description\":\"Opi pelaamaan EuroMillions UK -lottoa verkossa. S\u00e4\u00e4nn\u00f6t, arvonta-ajat ja UK Millionaire Maker -palkinnot. Turvallinen ja helppo pelaaminen LottoHoyn kautta.\",\"breadcrumb\":{\"@id\":\"https:\/\/lottohoy.com\/fi\/pelata\/pelaa-euromillions-uk\/#breadcrumb\"},\"inLanguage\":\"fi\",\"potentialAction\":[{\"@type\":\"ReadAction\",\"target\":[\"https:\/\/lottohoy.com\/fi\/pelata\/pelaa-euromillions-uk\/\"]}]},{\"@type\":\"BreadcrumbList\",\"@id\":\"https:\/\/lottohoy.com\/fi\/pelata\/pelaa-euromillions-uk\/#breadcrumb\",\"itemListElement\":[{\"@type\":\"ListItem\",\"position\":1,\"name\":\"Home\",\"item\":\"https:\/\/lottohoy.com\/fi\/\"},{\"@type\":\"ListItem\",\"position\":2,\"name\":\"Pelaa lottoa verkossa\",\"item\":\"https:\/\/lottohoy.com\/fi\/pelata\/\"},{\"@type\":\"ListItem\",\"position\":3,\"name\":\"Pelaa EuroMillions UK\"}]},{\"@type\":\"WebSite\",\"@id\":\"https:\/\/lottohoy.com\/fi\/#website\",\"url\":\"https:\/\/lottohoy.com\/fi\/\",\"name\":\"Lottohoy\",\"description\":\"\",\"potentialAction\":[{\"@type\":\"SearchAction\",\"target\":{\"@type\":\"EntryPoint\",\"urlTemplate\":\"https:\/\/lottohoy.com\/fi\/?s={search_term_string}\"},\"query-input\":{\"@type\":\"PropertyValueSpecification\",\"valueRequired\":true,\"valueName\":\"search_term_string\"}}],\"inLanguage\":\"fi\"}]}<\/script>\n<!-- \/ Yoast SEO plugin. -->","yoast_head_json":{"title":"Pelaa EuroMillions UK verkossa \u2013 S\u00e4\u00e4nn\u00f6t ja j\u00e4ttipotit | LottoHoy","description":"Opi pelaamaan EuroMillions UK -lottoa verkossa. S\u00e4\u00e4nn\u00f6t, arvonta-ajat ja UK Millionaire Maker -palkinnot. Turvallinen ja helppo pelaaminen LottoHoyn kautta.","robots":{"index":"index","follow":"follow","max-snippet":"max-snippet:-1","max-image-preview":"max-image-preview:large","max-video-preview":"max-video-preview:-1"},"canonical":"https:\/\/lottohoy.com\/fi\/pelata\/pelaa-euromillions-uk\/","og_locale":"fi_FI","og_type":"article","og_title":"Pelaa EuroMillions UK verkossa \u2013 S\u00e4\u00e4nn\u00f6t ja j\u00e4ttipotit | LottoHoy","og_description":"Opi pelaamaan EuroMillions UK -lottoa verkossa. S\u00e4\u00e4nn\u00f6t, arvonta-ajat ja UK Millionaire Maker -palkinnot. Turvallinen ja helppo pelaaminen LottoHoyn kautta.","og_url":"https:\/\/lottohoy.com\/fi\/pelata\/pelaa-euromillions-uk\/","og_site_name":"Lottohoy","article_modified_time":"2025-06-13T17:16:48+00:00","twitter_card":"summary_large_image","twitter_misc":{"Arvioitu lukuaika":"3 minuuttia"},"schema":{"@context":"https:\/\/schema.org","@graph":[{"@type":"WebPage","@id":"https:\/\/lottohoy.com\/fi\/pelata\/pelaa-euromillions-uk\/","url":"https:\/\/lottohoy.com\/fi\/pelata\/pelaa-euromillions-uk\/","name":"Pelaa EuroMillions UK verkossa \u2013 S\u00e4\u00e4nn\u00f6t ja j\u00e4ttipotit | LottoHoy","isPartOf":{"@id":"https:\/\/lottohoy.com\/fi\/#website"},"datePublished":"2025-06-13T11:40:52+00:00","dateModified":"2025-06-13T17:16:48+00:00","description":"Opi pelaamaan EuroMillions UK -lottoa verkossa. S\u00e4\u00e4nn\u00f6t, arvonta-ajat ja UK Millionaire Maker -palkinnot. Turvallinen ja helppo pelaaminen LottoHoyn kautta.","breadcrumb":{"@id":"https:\/\/lottohoy.com\/fi\/pelata\/pelaa-euromillions-uk\/#breadcrumb"},"inLanguage":"fi","potentialAction":[{"@type":"ReadAction","target":["https:\/\/lottohoy.com\/fi\/pelata\/pelaa-euromillions-uk\/"]}]},{"@type":"BreadcrumbList","@id":"https:\/\/lottohoy.com\/fi\/pelata\/pelaa-euromillions-uk\/#breadcrumb","itemListElement":[{"@type":"ListItem","position":1,"name":"Home","item":"https:\/\/lottohoy.com\/fi\/"},{"@type":"ListItem","position":2,"name":"Pelaa lottoa verkossa","item":"https:\/\/lottohoy.com\/fi\/pelata\/"},{"@type":"ListItem","position":3,"name":"Pelaa EuroMillions UK"}]},{"@type":"WebSite","@id":"https:\/\/lottohoy.com\/fi\/#website","url":"https:\/\/lottohoy.com\/fi\/","name":"Lottohoy","description":"","potentialAction":[{"@type":"SearchAction","target":{"@type":"EntryPoint","urlTemplate":"https:\/\/lottohoy.com\/fi\/?s={search_term_string}"},"query-input":{"@type":"PropertyValueSpecification","valueRequired":true,"valueName":"search_term_string"}}],"inLanguage":"fi"}]}},"_links":{"self":[{"href":"https:\/\/lottohoy.com\/fi\/wp-json\/wp\/v2\/pages\/20526","targetHints":{"allow":["GET"]}}],"collection":[{"href":"https:\/\/lottohoy.com\/fi\/wp-json\/wp\/v2\/pages"}],"about":[{"href":"https:\/\/lottohoy.com\/fi\/wp-json\/wp\/v2\/types\/page"}],"author":[{"embeddable":true,"href":"https:\/\/lottohoy.com\/fi\/wp-json\/wp\/v2\/users\/8"}],"replies":[{"embeddable":true,"href":"https:\/\/lottohoy.com\/fi\/wp-json\/wp\/v2\/comments?post=20526"}],"version-history":[{"count":1,"href":"https:\/\/lottohoy.com\/fi\/wp-json\/wp\/v2\/pages\/20526\/revisions"}],"predecessor-version":[{"id":20527,"href":"https:\/\/lottohoy.com\/fi\/wp-json\/wp\/v2\/pages\/20526\/revisions\/20527"}],"up":[{"embeddable":true,"href":"https:\/\/lottohoy.com\/fi\/wp-json\/wp\/v2\/pages\/16581"}],"wp:attachment":[{"href":"https:\/\/lottohoy.com\/fi\/wp-json\/wp\/v2\/media?parent=20526"}],"curies":[{"name":"wp","href":"https:\/\/api.w.org\/{rel}","templated":true}]}}