{"id":17037,"date":"2024-10-23T09:10:38","date_gmt":"2024-10-23T08:10:38","guid":{"rendered":"https:\/\/lottohoy.com\/lotto-jattipotit\/"},"modified":"2024-10-23T09:10:38","modified_gmt":"2024-10-23T08:10:38","slug":"lotto-jattipotit","status":"publish","type":"page","link":"https:\/\/lottohoy.com\/fi\/lotto-jattipotit\/","title":{"rendered":"Lotto j\u00e4ttipotit"},"content":{"rendered":"<p>Alta l\u00f6yd\u00e4t yhteenvetotaulukon, jossa on kaikki <strong>lottojen j\u00e4ttipotit<\/strong> t\u00e4n\u00e4\u00e4n ja tulevalla viikolla. T\u00e4m\u00e4 osio p\u00e4ivittyy automaattisesti jokaisen arvonnan j\u00e4lkeen ja n\u00e4ytt\u00e4\u00e4 uusimmat j\u00e4ttipotit.<\/p>\n<h2><b>Mik\u00e4 on j\u00e4ttipotti ja miten ne toimivat?<\/b><\/h2>\n<p>Peleiss\u00e4 ja arpajaisissa sana \u201d<strong>j\u00e4ttipotti<\/strong>\u201d viittaa raham\u00e4\u00e4r\u00e4\u00e4n, joka on kertynyt edellisiss\u00e4 arvonnoissa jakamatta j\u00e4\u00e4neist\u00e4 palkinnoista.<\/p>\n<p>Kaikki nykyaikaiset <strong>arpajaiset<\/strong> ovat mukauttaneet s\u00e4\u00e4nt\u00f6j\u00e4\u00e4n houkutellakseen pelaajia ja lis\u00e4t\u00e4kseen osallistumista, mik\u00e4 tekee pelaamisen houkutuksesta vastustamatonta.<\/p>\n<p>J\u00e4ttipotti alkaa, kun lottoarvonnassa ei ole voittajaa miss\u00e4\u00e4n kategoriassa. Jokaisella pelill\u00e4 on oma tapansa m\u00e4\u00e4ritt\u00e4\u00e4 kunkin arvonnan mahdollisten j\u00e4ttipottien m\u00e4\u00e4r\u00e4, miten rahat jaetaan, mik\u00e4 osa menee kuhunkin palkintoluokkaan, onko <strong>taattu v\u00e4himm\u00e4ism\u00e4\u00e4r\u00e4<\/strong> vai onko palkinto kierr\u00e4tett\u00e4viss\u00e4 <strong>maksimissaan monta kertaa<\/strong>.<\/p>\n<h2><b>Loton taatut v\u00e4himm\u00e4is- ja enimm\u00e4isjackpotit<\/b><\/h2>\n<p>Tarkasteltaessa <strong>suurempia j\u00e4ttipotteja<\/strong> kerrytt\u00e4vi\u00e4 arpajaisia , voidaan huomata, ett\u00e4 joissakin on taattu v\u00e4himm\u00e4issumma ensimm\u00e4iselle palkinnolle, johon lis\u00e4t\u00e4\u00e4n arvonnan ker\u00e4yksess\u00e4 oleva vastaava summa. Kukin j\u00e4rjest\u00e4v\u00e4 taho p\u00e4\u00e4tt\u00e4\u00e4 v\u00e4himm\u00e4ism\u00e4\u00e4r\u00e4st\u00e4 arvioitujen tulojen mukaan. <strong>Amerikkalaiset arpajaiset<\/strong> alkavat yleens\u00e4 suurimmista j\u00e4ttipotista.<\/p>\n<p><b>Taattu v\u00e4himm\u00e4ism\u00e4\u00e4r\u00e4 Maksimij\u00e4ttipotti Kierr\u00e4tys<\/b><\/p>\n<p>PowerBall j\u00e4ttipotti 40 miljoonaa dollaria Ei rajoitusta Ei rajoitusta Ei rajoitusta.<\/p>\n<p>MegaMillions-j\u00e4ttipotti 40 miljoonaa dollaria* Ei rajoitusta Ei rajoitusta Ei rajoitusta.<\/p>\n<p>Euromillonesin j\u00e4ttipotti 20 miljoonaa euroa 250 miljoonaa euroa 4<\/p>\n<p>Eurojackpot jackpot 10 miljoonaa euroa 120 miljoonaa euroa 1<\/p>\n<p>SuperEnalotto jackpot 2 miljoonaa euroa Ei rajoitusta Ei rajoitusta Ei rajoitusta<\/p>\n<p>La Primitiva jackpot 2 miljoonaa euroa Ei rajoitusta Ei rajoitusta Ei rajoitusta<\/p>\n<p>OZ PowerBall j\u00e4ttipotti AU 3 miljoonaa dollaria Ei rajoitusta Ei rajoitusta Ei rajoitusta<\/p>\n<p>BonoLoto jackpot 0,400 miljoonaa euroa Ei rajoitusta Ei rajoitusta Ei rajoitusta<\/p>\n<p>Gordo Primitiva jackpot 5 miljoonaa euroa Ei rajoitusta Ei rajoitusta Ei rajoitusta<\/p>\n<p>UK Lottery jackpot \u00a3 2 Millions** \u00a3 22 millions 4<\/p>\n<p>Puolan lotto-j\u00e4ttipotti z\u0142 2 Millions Ei rajoitusta Ei rajoitusta Ei rajoitusta<\/p>\n<p>*<em> COVID 19 -pandemian aikana taattu v\u00e4himm\u00e4ispalkinto alennettiin 20 miljoonaan dollariin.<\/em><\/p>\n<p><em>** Ei taattu, v\u00e4himm\u00e4ism\u00e4\u00e4r\u00e4 on arvioitu.<\/em><\/p>\n<h2><b>Miten lottojen j\u00e4ttipotit kertyv\u00e4t<\/b><\/h2>\n<p>Riippumatta siit\u00e4, ett\u00e4 jokaisessa kyseisess\u00e4 arpajaisessa on <strong>taattu<\/strong> p\u00e4\u00e4palkinnon <strong>v\u00e4himm\u00e4ism\u00e4\u00e4r\u00e4<\/strong>, kunkin asetuksen m\u00e4\u00e4ritt\u00e4m\u00e4t ker\u00e4ysprosentit muille luokille ovat my\u00f6s osa n\u00e4it\u00e4 miljoonapalkintoja.<\/p>\n<p>On kuitenkin olemassa lottoja, kuten <a href=\"https:\/\/lottohoy.com\/play\/powerball\/\"><strong>PowerBall<\/strong><\/a>, MegaMillions ja muita, joissa on <strong>kiinte\u00e4t summat<\/strong> kakkos- ja sit\u00e4 seuraaville palkintoluokille.<\/p>\n<h3>Lottojen j\u00e4ttipottien ker\u00e4yksen jakautuminen<\/h3>\n<p>Yleens\u00e4, kun aiemmista arvonnoista on jo olemassa ennest\u00e4\u00e4n j\u00e4ttipotti, seuraavan arvonnan <strong>ker\u00e4ysprosentti<\/strong> lis\u00e4t\u00e4\u00e4n olemassa olevaan j\u00e4ttipottiin.<\/p>\n<p>On arpajaisia, jotka jakavat <strong>suuren prosenttiosuuden<\/strong> kunkin arvonnan ker\u00e4yksest\u00e4 potin kasvattamiseen, ja toiset jakavat sen mieluummin eri tarjolla olevien luokkien kesken.<\/p>\n<p>Katsotaanpa, miten suurimpien j\u00e4ttipottien arpajaiset kerrytt\u00e4v\u00e4t:<\/p>\n<p><b>Prosenttiosuus j\u00e4ttipotin ker\u00e4\u00e4misest\u00e4<\/b><\/p>\n<p><b>PowerBall <\/b>68,01 % ker\u00e4yksest\u00e4 + j\u00e4ttipotti<\/p>\n<p><b>MegaMillion <\/b>65,15 % ker\u00e4yksest\u00e4 + j\u00e4ttipotti<\/p>\n<p><b>Euromillones EU <\/b>43,20 % 6 arvontakertaa ja 27 % sen j\u00e4lkeen.<\/p>\n<p><b>Eurojackpot <\/b>18% ker\u00e4yksest\u00e4 + j\u00e4ttipotti<\/p>\n<p><b>SuperEnalotto <\/b>17,4% <\/p>\n<p><b>La Primitiva.<\/b> <b>ES <\/b>6,18%<\/p>\n<p><b>OZ PowerBall AU <\/b>35% <\/p>\n<p><b>Bono Loto.<\/b> <b>ES <\/b>45% <\/p>\n<p><b>El Gordo ES <\/b>22% <\/p>\n<p><b>UK Lottery <\/b>83 % aluksi ja 27 % sen j\u00e4lkeen.<\/p>\n<p><b>Polish Lotto PL <\/b>44 % aluksi ja 27 % sen j\u00e4lkeen.<\/p>\n<h2>Suurimmat t\u00e4h\u00e4n menness\u00e4 voitetut j\u00e4ttipotit<\/h2>\n<h4>T\u00e4h\u00e4n j\u00e4t\u00e4mme luettelon amerikkalaisten lottojen historian suurimmista j\u00e4ttipotista:<\/h4>\n<p><strong>2,04 miljardia dollaria<\/strong>, t\u00e4ll\u00e4 hetkell\u00e4 vuonna 2025, <strong>Powerball-loton<\/strong> my\u00f6nt\u00e4m\u00e4 suurin j\u00e4ttipotti , marraskuussa 2022.<\/p>\n<p><strong>1,6 miljardia dollaria<\/strong>. Uusi enn\u00e4tys tehtiin 23. lokakuuta 2018 MegaMillionsissa.<\/p>\n<p>Suurimmat palkinnot eurooppalaisissa arpajaisissa<\/p>\n<p>Toisin kuin amerikkalaisissa lotoissa, EuroMillionsin, Eurojackpotin ja muiden eurooppalaisten lottojen voitoista ei yleens\u00e4 kanneta veroa, paitsi joissakin maissa, kuten Espanjassa, Portugalissa tai Italiassa.<\/p>\n<h4>T\u00e4h\u00e4n menness\u00e4 suurimmat eurooppalaiset lottojen j\u00e4ttipotit ovat olleet seuraavat:<\/h4>\n<p>Suurin <strong>EuroMillions-arpajaisten <\/strong>j\u00e4ttipotti on <strong>240 miljoonaa euroa<\/strong> 8. joulukuuta 2023 it\u00e4valtalaiselle voittajalle.<\/p>\n<p>Suurin j\u00e4ttipotti <strong>SuperEnalotto lotossa.<\/strong> on ollut <strong>371,1 miljoonaa euroa<\/strong> 16.2.2023 <strong>.<\/strong><\/p>\n<p><strong>Eurojackpot-arpajaisissa<\/strong> suurin j\u00e4ttipotti on t\u00e4ll\u00e4 hetkell\u00e4 <strong>120 miljoonaa euroa,<\/strong> ja vuoden 2024 aikana se on jaettu jopa nelj\u00e4 kertaa. \u201d<em>Aiemmin suurin j\u00e4ttipotti oli 90 miljoonaa euroa, ja se oli jaettu viisi kertaa\u201d<\/em><\/p>\n<p>Suurin <strong>BonoLoton<\/strong> j\u00e4ttipotti on <strong>10,6 miljoonaa euroa<\/strong>, 17.1.2024.<\/p>\n<p><strong>La Primitiva Lottery<\/strong> <strong>101,7 miljoonaa euroa<\/strong>, t\u00e4st\u00e4 p\u00e4iv\u00e4st\u00e4 l\u00e4htien, 10 vuoden aikana sit\u00e4 ei ole ylitetty<\/p>\n<p><strong>66 070 646 puntaa<\/strong> 9\/1\/2016 <strong>Yhdistyneess\u00e4 kuningaskunnassa j\u00e4rjestetyss\u00e4 lotossa.<\/strong> Se rajattiin my\u00f6hemmin 22 miljoonaan puntaan.<\/p>\n<p><strong>Z\u0142 56 miljoonaa<\/strong> (l\u00e4hes 13 miljoonaa euroa) syyskuussa 2011 <strong>Puolan lotossa.<\/strong><\/p>\n<p>Jos haluat kokeilla onneasi ja osallistua maailman t\u00e4rkeimpien lottojen seuraavaan arvontaan voittaaksesi seuraavan j\u00e4ttipotin, klikkaa mit\u00e4 tahansa \u201dPelaa\u201d-linkki\u00e4, jotka l\u00f6yd\u00e4t t\u00e4m\u00e4n sivun yl\u00e4reunan taulukosta.<\/p>\n<p>Mit\u00e4 sin\u00e4 odotat? Sinusta voi tulla seuraava voittaja jossakin n\u00e4ist\u00e4 <strong>loton j\u00e4ttipotista<\/strong>.<\/p>\n","protected":false},"excerpt":{"rendered":"<p>Alta l\u00f6yd\u00e4t yhteenvetotaulukon, jossa on kaikki lottojen j\u00e4ttipotit t\u00e4n\u00e4\u00e4n ja tulevalla viikolla. T\u00e4m\u00e4 osio p\u00e4ivittyy automaattisesti jokaisen arvonnan j\u00e4lkeen ja n\u00e4ytt\u00e4\u00e4 uusimmat j\u00e4ttipotit. Mik\u00e4 on j\u00e4ttipotti ja miten ne toimivat? Peleiss\u00e4 ja arpajaisissa sana \u201dj\u00e4ttipotti\u201d viittaa raham\u00e4\u00e4r\u00e4\u00e4n, joka on kertynyt edellisiss\u00e4 arvonnoissa jakamatta j\u00e4\u00e4neist\u00e4 palkinnoista. Kaikki nykyaikaiset arpajaiset ovat mukauttaneet s\u00e4\u00e4nt\u00f6j\u00e4\u00e4n houkutellakseen pelaajia ja lis\u00e4t\u00e4kseen [&hellip;]<\/p>\n","protected":false},"author":1,"featured_media":0,"parent":0,"menu_order":6,"comment_status":"closed","ping_status":"closed","template":"","meta":{"_et_pb_use_builder":"","_et_pb_old_content":"","_et_gb_content_width":"","exclude_from_search":false,"footnotes":""},"class_list":["post-17037","page","type-page","status-publish","hentry"],"yoast_head":"<!-- This site is optimized with the Yoast SEO plugin v23.7 - https:\/\/yoast.com\/wordpress\/plugins\/seo\/ -->\n<title>Suurimmat lottoj\u00e4ttipotit - Pelaa nettilottoa - LottoHoy<\/title>\n<meta name=\"description\" content=\"Etsitk\u00f6 seuraavaa suurta j\u00e4ttipottia? L\u00f6yd\u00e4 suurimmat lottoj\u00e4ttipotit ja osta lottokuponki netist\u00e4. 100% turvallinen!\" \/>\n<meta name=\"robots\" content=\"index, follow, max-snippet:-1, max-image-preview:large, max-video-preview:-1\" \/>\n<link rel=\"canonical\" href=\"https:\/\/lottohoy.com\/fi\/lotto-jattipotit\/\" \/>\n<meta property=\"og:locale\" content=\"fi_FI\" \/>\n<meta property=\"og:type\" content=\"article\" \/>\n<meta property=\"og:title\" content=\"Suurimmat lottoj\u00e4ttipotit - Pelaa nettilottoa - LottoHoy\" \/>\n<meta property=\"og:description\" content=\"Etsitk\u00f6 seuraavaa suurta j\u00e4ttipottia? L\u00f6yd\u00e4 suurimmat lottoj\u00e4ttipotit ja osta lottokuponki netist\u00e4. 100% turvallinen!\" \/>\n<meta property=\"og:url\" content=\"https:\/\/lottohoy.com\/fi\/lotto-jattipotit\/\" \/>\n<meta property=\"og:site_name\" content=\"Lottohoy\" \/>\n<meta name=\"twitter:card\" content=\"summary_large_image\" \/>\n<meta name=\"twitter:label1\" content=\"Arvioitu lukuaika\" \/>\n\t<meta name=\"twitter:data1\" content=\"4 minuuttia\" \/>\n<script type=\"application\/ld+json\" class=\"yoast-schema-graph\">{\"@context\":\"https:\/\/schema.org\",\"@graph\":[{\"@type\":\"WebPage\",\"@id\":\"https:\/\/lottohoy.com\/fi\/lotto-jattipotit\/\",\"url\":\"https:\/\/lottohoy.com\/fi\/lotto-jattipotit\/\",\"name\":\"Suurimmat lottoj\u00e4ttipotit - Pelaa nettilottoa - LottoHoy\",\"isPartOf\":{\"@id\":\"https:\/\/lottohoy.com\/fi\/#website\"},\"datePublished\":\"2024-10-23T08:10:38+00:00\",\"dateModified\":\"2024-10-23T08:10:38+00:00\",\"description\":\"Etsitk\u00f6 seuraavaa suurta j\u00e4ttipottia? L\u00f6yd\u00e4 suurimmat lottoj\u00e4ttipotit ja osta lottokuponki netist\u00e4. 100% turvallinen!\",\"breadcrumb\":{\"@id\":\"https:\/\/lottohoy.com\/fi\/lotto-jattipotit\/#breadcrumb\"},\"inLanguage\":\"fi\",\"potentialAction\":[{\"@type\":\"ReadAction\",\"target\":[\"https:\/\/lottohoy.com\/fi\/lotto-jattipotit\/\"]}]},{\"@type\":\"BreadcrumbList\",\"@id\":\"https:\/\/lottohoy.com\/fi\/lotto-jattipotit\/#breadcrumb\",\"itemListElement\":[{\"@type\":\"ListItem\",\"position\":1,\"name\":\"Home\",\"item\":\"https:\/\/lottohoy.com\/fi\/\"},{\"@type\":\"ListItem\",\"position\":2,\"name\":\"Lotto j\u00e4ttipotit\"}]},{\"@type\":\"WebSite\",\"@id\":\"https:\/\/lottohoy.com\/fi\/#website\",\"url\":\"https:\/\/lottohoy.com\/fi\/\",\"name\":\"Lottohoy\",\"description\":\"\",\"potentialAction\":[{\"@type\":\"SearchAction\",\"target\":{\"@type\":\"EntryPoint\",\"urlTemplate\":\"https:\/\/lottohoy.com\/fi\/?s={search_term_string}\"},\"query-input\":{\"@type\":\"PropertyValueSpecification\",\"valueRequired\":true,\"valueName\":\"search_term_string\"}}],\"inLanguage\":\"fi\"}]}<\/script>\n<!-- \/ Yoast SEO plugin. -->","yoast_head_json":{"title":"Suurimmat lottoj\u00e4ttipotit - Pelaa nettilottoa - LottoHoy","description":"Etsitk\u00f6 seuraavaa suurta j\u00e4ttipottia? L\u00f6yd\u00e4 suurimmat lottoj\u00e4ttipotit ja osta lottokuponki netist\u00e4. 100% turvallinen!","robots":{"index":"index","follow":"follow","max-snippet":"max-snippet:-1","max-image-preview":"max-image-preview:large","max-video-preview":"max-video-preview:-1"},"canonical":"https:\/\/lottohoy.com\/fi\/lotto-jattipotit\/","og_locale":"fi_FI","og_type":"article","og_title":"Suurimmat lottoj\u00e4ttipotit - Pelaa nettilottoa - LottoHoy","og_description":"Etsitk\u00f6 seuraavaa suurta j\u00e4ttipottia? L\u00f6yd\u00e4 suurimmat lottoj\u00e4ttipotit ja osta lottokuponki netist\u00e4. 100% turvallinen!","og_url":"https:\/\/lottohoy.com\/fi\/lotto-jattipotit\/","og_site_name":"Lottohoy","twitter_card":"summary_large_image","twitter_misc":{"Arvioitu lukuaika":"4 minuuttia"},"schema":{"@context":"https:\/\/schema.org","@graph":[{"@type":"WebPage","@id":"https:\/\/lottohoy.com\/fi\/lotto-jattipotit\/","url":"https:\/\/lottohoy.com\/fi\/lotto-jattipotit\/","name":"Suurimmat lottoj\u00e4ttipotit - Pelaa nettilottoa - LottoHoy","isPartOf":{"@id":"https:\/\/lottohoy.com\/fi\/#website"},"datePublished":"2024-10-23T08:10:38+00:00","dateModified":"2024-10-23T08:10:38+00:00","description":"Etsitk\u00f6 seuraavaa suurta j\u00e4ttipottia? L\u00f6yd\u00e4 suurimmat lottoj\u00e4ttipotit ja osta lottokuponki netist\u00e4. 100% turvallinen!","breadcrumb":{"@id":"https:\/\/lottohoy.com\/fi\/lotto-jattipotit\/#breadcrumb"},"inLanguage":"fi","potentialAction":[{"@type":"ReadAction","target":["https:\/\/lottohoy.com\/fi\/lotto-jattipotit\/"]}]},{"@type":"BreadcrumbList","@id":"https:\/\/lottohoy.com\/fi\/lotto-jattipotit\/#breadcrumb","itemListElement":[{"@type":"ListItem","position":1,"name":"Home","item":"https:\/\/lottohoy.com\/fi\/"},{"@type":"ListItem","position":2,"name":"Lotto j\u00e4ttipotit"}]},{"@type":"WebSite","@id":"https:\/\/lottohoy.com\/fi\/#website","url":"https:\/\/lottohoy.com\/fi\/","name":"Lottohoy","description":"","potentialAction":[{"@type":"SearchAction","target":{"@type":"EntryPoint","urlTemplate":"https:\/\/lottohoy.com\/fi\/?s={search_term_string}"},"query-input":{"@type":"PropertyValueSpecification","valueRequired":true,"valueName":"search_term_string"}}],"inLanguage":"fi"}]}},"_links":{"self":[{"href":"https:\/\/lottohoy.com\/fi\/wp-json\/wp\/v2\/pages\/17037","targetHints":{"allow":["GET"]}}],"collection":[{"href":"https:\/\/lottohoy.com\/fi\/wp-json\/wp\/v2\/pages"}],"about":[{"href":"https:\/\/lottohoy.com\/fi\/wp-json\/wp\/v2\/types\/page"}],"author":[{"embeddable":true,"href":"https:\/\/lottohoy.com\/fi\/wp-json\/wp\/v2\/users\/1"}],"replies":[{"embeddable":true,"href":"https:\/\/lottohoy.com\/fi\/wp-json\/wp\/v2\/comments?post=17037"}],"version-history":[{"count":0,"href":"https:\/\/lottohoy.com\/fi\/wp-json\/wp\/v2\/pages\/17037\/revisions"}],"wp:attachment":[{"href":"https:\/\/lottohoy.com\/fi\/wp-json\/wp\/v2\/media?parent=17037"}],"curies":[{"name":"wp","href":"https:\/\/api.w.org\/{rel}","templated":true}]}}