{"id":17030,"date":"2018-08-23T10:31:30","date_gmt":"2018-08-23T09:31:30","guid":{"rendered":"https:\/\/lottohoy.com\/lottery-tulokset\/lauantai-lotto-tulokset\/"},"modified":"2018-08-23T10:31:30","modified_gmt":"2018-08-23T09:31:30","slug":"lauantai-lotto-tulokset","status":"publish","type":"page","link":"https:\/\/lottohoy.com\/fi\/lottery-tulokset\/lauantai-lotto-tulokset\/","title":{"rendered":"Lauantai Lotto Tulokset"},"content":{"rendered":"<p>T\u00e4ll\u00e4 sivulla on yksityiskohtainen jaottelu <b>lauantain lottotuloksista<\/b> sek\u00e4 arviolta arvotun j\u00e4ttipotin ja muita kiinnostavia tietoja.<\/p>\n<h2>T\u00e4m\u00e4n p\u00e4iv\u00e4n AU lauantai lottotulokset<\/h2>\n<p>T\u00e4ll\u00e4 n\u00e4yt\u00f6ll\u00e4 n\u00e4et taulukon, jossa n\u00e4kyv\u00e4t edellisen pidetyn arvonnan tulokset ja palkintojen jakautuminen kussakin luokassa. Arvioitu voittajien m\u00e4\u00e4r\u00e4 luokittain ja kaikkien voittajien kesken jaettava summa.<\/p>\n<h2>Kaikki Australian lauantailoton tulokset<\/h2>\n<p>Edellisen arvonnan laatikossa n\u00e4kyvien tulosten lis\u00e4ksi sek\u00e4 p\u00e4\u00e4sy kaikkien aikaisempien, jopa kuuden vuoden takaisten arvontojen tuloksiin.<\/p>\n<p>Voittoyhdistelm\u00e4n oikealla puolella on joitakin nuolia, joiden avulla voit tarkastella aiempia arvontoja.<\/p>\n","protected":false},"excerpt":{"rendered":"<p>T\u00e4ll\u00e4 sivulla on yksityiskohtainen jaottelu lauantain lottotuloksista sek\u00e4 arviolta arvotun j\u00e4ttipotin ja muita kiinnostavia tietoja. T\u00e4m\u00e4n p\u00e4iv\u00e4n AU lauantai lottotulokset T\u00e4ll\u00e4 n\u00e4yt\u00f6ll\u00e4 n\u00e4et taulukon, jossa n\u00e4kyv\u00e4t edellisen pidetyn arvonnan tulokset ja palkintojen jakautuminen kussakin luokassa. Arvioitu voittajien m\u00e4\u00e4r\u00e4 luokittain ja kaikkien voittajien kesken jaettava summa. Kaikki Australian lauantailoton tulokset Edellisen arvonnan laatikossa n\u00e4kyvien tulosten lis\u00e4ksi [&hellip;]<\/p>\n","protected":false},"author":2,"featured_media":0,"parent":16889,"menu_order":19,"comment_status":"closed","ping_status":"closed","template":"saturday-lotto-results.php","meta":{"_et_pb_use_builder":"","_et_pb_old_content":"","_et_gb_content_width":"","exclude_from_search":false,"footnotes":""},"class_list":["post-17030","page","type-page","status-publish","hentry"],"yoast_head":"<!-- This site is optimized with the Yoast SEO plugin v23.7 - https:\/\/yoast.com\/wordpress\/plugins\/seo\/ -->\n<title>\u25b7 Lauantailoton tulokset | Lauantailoton voittonumerot<\/title>\n<meta name=\"description\" content=\"L\u00f6yd\u00e4t yksityiskohtaisen erittelyn lauantailoton tuloksista , mink\u00e4 lis\u00e4ksi l\u00f6yd\u00e4t arvotun arvonnan arvioidun j\u00e4ttipotin ja muita kiinnostavia tietoja.\" \/>\n<meta name=\"robots\" content=\"index, follow, max-snippet:-1, max-image-preview:large, max-video-preview:-1\" \/>\n<link rel=\"canonical\" href=\"https:\/\/lottohoy.com\/fi\/lottery-tulokset\/lauantai-lotto-tulokset\/\" \/>\n<meta property=\"og:locale\" content=\"fi_FI\" \/>\n<meta property=\"og:type\" content=\"article\" \/>\n<meta property=\"og:title\" content=\"\u25b7 Lauantailoton tulokset | Lauantailoton voittonumerot\" \/>\n<meta property=\"og:description\" content=\"L\u00f6yd\u00e4t yksityiskohtaisen erittelyn lauantailoton tuloksista , mink\u00e4 lis\u00e4ksi l\u00f6yd\u00e4t arvotun arvonnan arvioidun j\u00e4ttipotin ja muita kiinnostavia tietoja.\" \/>\n<meta property=\"og:url\" content=\"https:\/\/lottohoy.com\/fi\/lottery-tulokset\/lauantai-lotto-tulokset\/\" \/>\n<meta property=\"og:site_name\" content=\"Lottohoy\" \/>\n<meta name=\"twitter:card\" content=\"summary_large_image\" \/>\n<script type=\"application\/ld+json\" class=\"yoast-schema-graph\">{\"@context\":\"https:\/\/schema.org\",\"@graph\":[{\"@type\":\"WebPage\",\"@id\":\"https:\/\/lottohoy.com\/fi\/lottery-tulokset\/lauantai-lotto-tulokset\/\",\"url\":\"https:\/\/lottohoy.com\/fi\/lottery-tulokset\/lauantai-lotto-tulokset\/\",\"name\":\"\u25b7 Lauantailoton tulokset | Lauantailoton voittonumerot\",\"isPartOf\":{\"@id\":\"https:\/\/lottohoy.com\/fi\/#website\"},\"datePublished\":\"2018-08-23T09:31:30+00:00\",\"dateModified\":\"2018-08-23T09:31:30+00:00\",\"description\":\"L\u00f6yd\u00e4t yksityiskohtaisen erittelyn lauantailoton tuloksista , mink\u00e4 lis\u00e4ksi l\u00f6yd\u00e4t arvotun arvonnan arvioidun j\u00e4ttipotin ja muita kiinnostavia tietoja.\",\"breadcrumb\":{\"@id\":\"https:\/\/lottohoy.com\/fi\/lottery-tulokset\/lauantai-lotto-tulokset\/#breadcrumb\"},\"inLanguage\":\"fi\",\"potentialAction\":[{\"@type\":\"ReadAction\",\"target\":[\"https:\/\/lottohoy.com\/fi\/lottery-tulokset\/lauantai-lotto-tulokset\/\"]}]},{\"@type\":\"BreadcrumbList\",\"@id\":\"https:\/\/lottohoy.com\/fi\/lottery-tulokset\/lauantai-lotto-tulokset\/#breadcrumb\",\"itemListElement\":[{\"@type\":\"ListItem\",\"position\":1,\"name\":\"Home\",\"item\":\"https:\/\/lottohoy.com\/fi\/\"},{\"@type\":\"ListItem\",\"position\":2,\"name\":\"Lottery Tulokset\",\"item\":\"https:\/\/lottohoy.com\/fi\/lottery-tulokset\/\"},{\"@type\":\"ListItem\",\"position\":3,\"name\":\"Lauantai Lotto Tulokset\"}]},{\"@type\":\"WebSite\",\"@id\":\"https:\/\/lottohoy.com\/fi\/#website\",\"url\":\"https:\/\/lottohoy.com\/fi\/\",\"name\":\"Lottohoy\",\"description\":\"\",\"potentialAction\":[{\"@type\":\"SearchAction\",\"target\":{\"@type\":\"EntryPoint\",\"urlTemplate\":\"https:\/\/lottohoy.com\/fi\/?s={search_term_string}\"},\"query-input\":{\"@type\":\"PropertyValueSpecification\",\"valueRequired\":true,\"valueName\":\"search_term_string\"}}],\"inLanguage\":\"fi\"}]}<\/script>\n<!-- \/ Yoast SEO plugin. -->","yoast_head_json":{"title":"\u25b7 Lauantailoton tulokset | Lauantailoton voittonumerot","description":"L\u00f6yd\u00e4t yksityiskohtaisen erittelyn lauantailoton tuloksista , mink\u00e4 lis\u00e4ksi l\u00f6yd\u00e4t arvotun arvonnan arvioidun j\u00e4ttipotin ja muita kiinnostavia tietoja.","robots":{"index":"index","follow":"follow","max-snippet":"max-snippet:-1","max-image-preview":"max-image-preview:large","max-video-preview":"max-video-preview:-1"},"canonical":"https:\/\/lottohoy.com\/fi\/lottery-tulokset\/lauantai-lotto-tulokset\/","og_locale":"fi_FI","og_type":"article","og_title":"\u25b7 Lauantailoton tulokset | Lauantailoton voittonumerot","og_description":"L\u00f6yd\u00e4t yksityiskohtaisen erittelyn lauantailoton tuloksista , mink\u00e4 lis\u00e4ksi l\u00f6yd\u00e4t arvotun arvonnan arvioidun j\u00e4ttipotin ja muita kiinnostavia tietoja.","og_url":"https:\/\/lottohoy.com\/fi\/lottery-tulokset\/lauantai-lotto-tulokset\/","og_site_name":"Lottohoy","twitter_card":"summary_large_image","schema":{"@context":"https:\/\/schema.org","@graph":[{"@type":"WebPage","@id":"https:\/\/lottohoy.com\/fi\/lottery-tulokset\/lauantai-lotto-tulokset\/","url":"https:\/\/lottohoy.com\/fi\/lottery-tulokset\/lauantai-lotto-tulokset\/","name":"\u25b7 Lauantailoton tulokset | Lauantailoton voittonumerot","isPartOf":{"@id":"https:\/\/lottohoy.com\/fi\/#website"},"datePublished":"2018-08-23T09:31:30+00:00","dateModified":"2018-08-23T09:31:30+00:00","description":"L\u00f6yd\u00e4t yksityiskohtaisen erittelyn lauantailoton tuloksista , mink\u00e4 lis\u00e4ksi l\u00f6yd\u00e4t arvotun arvonnan arvioidun j\u00e4ttipotin ja muita kiinnostavia tietoja.","breadcrumb":{"@id":"https:\/\/lottohoy.com\/fi\/lottery-tulokset\/lauantai-lotto-tulokset\/#breadcrumb"},"inLanguage":"fi","potentialAction":[{"@type":"ReadAction","target":["https:\/\/lottohoy.com\/fi\/lottery-tulokset\/lauantai-lotto-tulokset\/"]}]},{"@type":"BreadcrumbList","@id":"https:\/\/lottohoy.com\/fi\/lottery-tulokset\/lauantai-lotto-tulokset\/#breadcrumb","itemListElement":[{"@type":"ListItem","position":1,"name":"Home","item":"https:\/\/lottohoy.com\/fi\/"},{"@type":"ListItem","position":2,"name":"Lottery Tulokset","item":"https:\/\/lottohoy.com\/fi\/lottery-tulokset\/"},{"@type":"ListItem","position":3,"name":"Lauantai Lotto Tulokset"}]},{"@type":"WebSite","@id":"https:\/\/lottohoy.com\/fi\/#website","url":"https:\/\/lottohoy.com\/fi\/","name":"Lottohoy","description":"","potentialAction":[{"@type":"SearchAction","target":{"@type":"EntryPoint","urlTemplate":"https:\/\/lottohoy.com\/fi\/?s={search_term_string}"},"query-input":{"@type":"PropertyValueSpecification","valueRequired":true,"valueName":"search_term_string"}}],"inLanguage":"fi"}]}},"_links":{"self":[{"href":"https:\/\/lottohoy.com\/fi\/wp-json\/wp\/v2\/pages\/17030","targetHints":{"allow":["GET"]}}],"collection":[{"href":"https:\/\/lottohoy.com\/fi\/wp-json\/wp\/v2\/pages"}],"about":[{"href":"https:\/\/lottohoy.com\/fi\/wp-json\/wp\/v2\/types\/page"}],"author":[{"embeddable":true,"href":"https:\/\/lottohoy.com\/fi\/wp-json\/wp\/v2\/users\/2"}],"replies":[{"embeddable":true,"href":"https:\/\/lottohoy.com\/fi\/wp-json\/wp\/v2\/comments?post=17030"}],"version-history":[{"count":0,"href":"https:\/\/lottohoy.com\/fi\/wp-json\/wp\/v2\/pages\/17030\/revisions"}],"up":[{"embeddable":true,"href":"https:\/\/lottohoy.com\/fi\/wp-json\/wp\/v2\/pages\/16889"}],"wp:attachment":[{"href":"https:\/\/lottohoy.com\/fi\/wp-json\/wp\/v2\/media?parent=17030"}],"curies":[{"name":"wp","href":"https:\/\/api.w.org\/{rel}","templated":true}]}}