{"id":17021,"date":"2018-08-22T10:28:14","date_gmt":"2018-08-22T09:28:14","guid":{"rendered":"https:\/\/lottohoy.com\/?page_id=17021"},"modified":"2025-03-26T06:06:47","modified_gmt":"2025-03-26T06:06:47","slug":"powerball-au-tulokset","status":"publish","type":"page","link":"https:\/\/lottohoy.com\/fi\/lottery-tulokset\/powerball-au-tulokset\/","title":{"rendered":"Powerball AU tulokset"},"content":{"rendered":"<p>T\u00e4ll\u00e4 sivulla n\u00e4et kaikki Australian Powerball-arvonnan tulokset sek\u00e4 arvonnan arvioidun j\u00e4ttipotin ja muita kiinnostavia tietoja.<\/p>\n<h2>T\u00e4m\u00e4n p\u00e4iv\u00e4n PowerBall AU tulokset<\/h2>\n<p>Ruutu n\u00e4ytt\u00e4\u00e4 viimeisimm\u00e4n suoritetun arvonnan tulokset ja palkintojen jakautumisen kussakin luokassa.<\/p>\n<p>Lis\u00e4ksi voittajien arvioitu m\u00e4\u00e4r\u00e4 luokittain ja heid\u00e4n kesken jaettava summa, kun otetaan huomioon, ett\u00e4 alemmille luokille ei ole osoitettu kiinte\u00e4\u00e4 summaa.<\/p>\n<h2>Kaikki Australian PowerBall-tulokset<\/h2>\n<p>T\u00e4m\u00e4n viimeisimm\u00e4n arvonnan laatikossa n\u00e4kyvien tulosten lis\u00e4ksi t\u00e4ll\u00e4 sivulla voit tutustua my\u00f6s kaikkien aikaisempien arvontojen tuloksiin, jotka on pidetty viimeisimm\u00e4n p\u00e4ivityksen j\u00e4lkeen<sup>19.<\/sup> huhtikuuta 2018&#8230;<\/p>\n<p>Viimeisimm\u00e4ss\u00e4 arvonnassa n\u00e4ytetyn voittoyhdistelm\u00e4n oikealla puolella on joitakin harmaita laatikoita, joissa on suuntanuolet, joiden avulla voit tarkistaa aiempien arvontojen tulokset.<\/p>\n","protected":false},"excerpt":{"rendered":"<p>T\u00e4ll\u00e4 sivulla n\u00e4et kaikki Australian Powerball-arvonnan tulokset sek\u00e4 arvonnan arvioidun j\u00e4ttipotin ja muita kiinnostavia tietoja. T\u00e4m\u00e4n p\u00e4iv\u00e4n PowerBall AU tulokset Ruutu n\u00e4ytt\u00e4\u00e4 viimeisimm\u00e4n suoritetun arvonnan tulokset ja palkintojen jakautumisen kussakin luokassa. Lis\u00e4ksi voittajien arvioitu m\u00e4\u00e4r\u00e4 luokittain ja heid\u00e4n kesken jaettava summa, kun otetaan huomioon, ett\u00e4 alemmille luokille ei ole osoitettu kiinte\u00e4\u00e4 summaa. Kaikki Australian PowerBall-tulokset [&hellip;]<\/p>\n","protected":false},"author":7,"featured_media":0,"parent":16889,"menu_order":17,"comment_status":"closed","ping_status":"closed","template":"powerball-au-results.php","meta":{"_et_pb_use_builder":"","_et_pb_old_content":"","_et_gb_content_width":"","exclude_from_search":false,"footnotes":""},"class_list":["post-17021","page","type-page","status-publish","hentry"],"yoast_head":"<!-- This site is optimized with the Yoast SEO plugin v23.7 - https:\/\/yoast.com\/wordpress\/plugins\/seo\/ -->\n<title>PowerBall AU tulokset - Tarkista numerosi - LottoHoy<\/title>\n<meta name=\"description\" content=\"T\u00e4ll\u00e4 sivulla n\u00e4ytet\u00e4\u00e4n kaikki Australian Powerball-arvonnan tulokset sek\u00e4 arvonnan arvioitu j\u00e4ttipotti ja muita kiinnostavia tietoja.\" \/>\n<meta name=\"robots\" content=\"index, follow, max-snippet:-1, max-image-preview:large, max-video-preview:-1\" \/>\n<link rel=\"canonical\" href=\"https:\/\/lottohoy.com\/fi\/lottery-tulokset\/powerball-au-tulokset\/\" \/>\n<meta property=\"og:locale\" content=\"fi_FI\" \/>\n<meta property=\"og:type\" content=\"article\" \/>\n<meta property=\"og:title\" content=\"PowerBall AU tulokset - Tarkista numerosi - LottoHoy\" \/>\n<meta property=\"og:description\" content=\"T\u00e4ll\u00e4 sivulla n\u00e4ytet\u00e4\u00e4n kaikki Australian Powerball-arvonnan tulokset sek\u00e4 arvonnan arvioitu j\u00e4ttipotti ja muita kiinnostavia tietoja.\" \/>\n<meta property=\"og:url\" content=\"https:\/\/lottohoy.com\/fi\/lottery-tulokset\/powerball-au-tulokset\/\" \/>\n<meta property=\"og:site_name\" content=\"Lottohoy\" \/>\n<meta property=\"article:modified_time\" content=\"2025-03-26T06:06:47+00:00\" \/>\n<meta name=\"twitter:card\" content=\"summary_large_image\" \/>\n<meta name=\"twitter:label1\" content=\"Arvioitu lukuaika\" \/>\n\t<meta name=\"twitter:data1\" content=\"1 minuutti\" \/>\n<script type=\"application\/ld+json\" class=\"yoast-schema-graph\">{\"@context\":\"https:\/\/schema.org\",\"@graph\":[{\"@type\":\"WebPage\",\"@id\":\"https:\/\/lottohoy.com\/fi\/lottery-tulokset\/powerball-au-tulokset\/\",\"url\":\"https:\/\/lottohoy.com\/fi\/lottery-tulokset\/powerball-au-tulokset\/\",\"name\":\"PowerBall AU tulokset - Tarkista numerosi - LottoHoy\",\"isPartOf\":{\"@id\":\"https:\/\/lottohoy.com\/fi\/#website\"},\"datePublished\":\"2018-08-22T09:28:14+00:00\",\"dateModified\":\"2025-03-26T06:06:47+00:00\",\"description\":\"T\u00e4ll\u00e4 sivulla n\u00e4ytet\u00e4\u00e4n kaikki Australian Powerball-arvonnan tulokset sek\u00e4 arvonnan arvioitu j\u00e4ttipotti ja muita kiinnostavia tietoja.\",\"breadcrumb\":{\"@id\":\"https:\/\/lottohoy.com\/fi\/lottery-tulokset\/powerball-au-tulokset\/#breadcrumb\"},\"inLanguage\":\"fi\",\"potentialAction\":[{\"@type\":\"ReadAction\",\"target\":[\"https:\/\/lottohoy.com\/fi\/lottery-tulokset\/powerball-au-tulokset\/\"]}]},{\"@type\":\"BreadcrumbList\",\"@id\":\"https:\/\/lottohoy.com\/fi\/lottery-tulokset\/powerball-au-tulokset\/#breadcrumb\",\"itemListElement\":[{\"@type\":\"ListItem\",\"position\":1,\"name\":\"Home\",\"item\":\"https:\/\/lottohoy.com\/fi\/\"},{\"@type\":\"ListItem\",\"position\":2,\"name\":\"Lottery Tulokset\",\"item\":\"https:\/\/lottohoy.com\/fi\/lottery-tulokset\/\"},{\"@type\":\"ListItem\",\"position\":3,\"name\":\"Powerball AU tulokset\"}]},{\"@type\":\"WebSite\",\"@id\":\"https:\/\/lottohoy.com\/fi\/#website\",\"url\":\"https:\/\/lottohoy.com\/fi\/\",\"name\":\"Lottohoy\",\"description\":\"\",\"potentialAction\":[{\"@type\":\"SearchAction\",\"target\":{\"@type\":\"EntryPoint\",\"urlTemplate\":\"https:\/\/lottohoy.com\/fi\/?s={search_term_string}\"},\"query-input\":{\"@type\":\"PropertyValueSpecification\",\"valueRequired\":true,\"valueName\":\"search_term_string\"}}],\"inLanguage\":\"fi\"}]}<\/script>\n<!-- \/ Yoast SEO plugin. -->","yoast_head_json":{"title":"PowerBall AU tulokset - Tarkista numerosi - LottoHoy","description":"T\u00e4ll\u00e4 sivulla n\u00e4ytet\u00e4\u00e4n kaikki Australian Powerball-arvonnan tulokset sek\u00e4 arvonnan arvioitu j\u00e4ttipotti ja muita kiinnostavia tietoja.","robots":{"index":"index","follow":"follow","max-snippet":"max-snippet:-1","max-image-preview":"max-image-preview:large","max-video-preview":"max-video-preview:-1"},"canonical":"https:\/\/lottohoy.com\/fi\/lottery-tulokset\/powerball-au-tulokset\/","og_locale":"fi_FI","og_type":"article","og_title":"PowerBall AU tulokset - Tarkista numerosi - LottoHoy","og_description":"T\u00e4ll\u00e4 sivulla n\u00e4ytet\u00e4\u00e4n kaikki Australian Powerball-arvonnan tulokset sek\u00e4 arvonnan arvioitu j\u00e4ttipotti ja muita kiinnostavia tietoja.","og_url":"https:\/\/lottohoy.com\/fi\/lottery-tulokset\/powerball-au-tulokset\/","og_site_name":"Lottohoy","article_modified_time":"2025-03-26T06:06:47+00:00","twitter_card":"summary_large_image","twitter_misc":{"Arvioitu lukuaika":"1 minuutti"},"schema":{"@context":"https:\/\/schema.org","@graph":[{"@type":"WebPage","@id":"https:\/\/lottohoy.com\/fi\/lottery-tulokset\/powerball-au-tulokset\/","url":"https:\/\/lottohoy.com\/fi\/lottery-tulokset\/powerball-au-tulokset\/","name":"PowerBall AU tulokset - Tarkista numerosi - LottoHoy","isPartOf":{"@id":"https:\/\/lottohoy.com\/fi\/#website"},"datePublished":"2018-08-22T09:28:14+00:00","dateModified":"2025-03-26T06:06:47+00:00","description":"T\u00e4ll\u00e4 sivulla n\u00e4ytet\u00e4\u00e4n kaikki Australian Powerball-arvonnan tulokset sek\u00e4 arvonnan arvioitu j\u00e4ttipotti ja muita kiinnostavia tietoja.","breadcrumb":{"@id":"https:\/\/lottohoy.com\/fi\/lottery-tulokset\/powerball-au-tulokset\/#breadcrumb"},"inLanguage":"fi","potentialAction":[{"@type":"ReadAction","target":["https:\/\/lottohoy.com\/fi\/lottery-tulokset\/powerball-au-tulokset\/"]}]},{"@type":"BreadcrumbList","@id":"https:\/\/lottohoy.com\/fi\/lottery-tulokset\/powerball-au-tulokset\/#breadcrumb","itemListElement":[{"@type":"ListItem","position":1,"name":"Home","item":"https:\/\/lottohoy.com\/fi\/"},{"@type":"ListItem","position":2,"name":"Lottery Tulokset","item":"https:\/\/lottohoy.com\/fi\/lottery-tulokset\/"},{"@type":"ListItem","position":3,"name":"Powerball AU tulokset"}]},{"@type":"WebSite","@id":"https:\/\/lottohoy.com\/fi\/#website","url":"https:\/\/lottohoy.com\/fi\/","name":"Lottohoy","description":"","potentialAction":[{"@type":"SearchAction","target":{"@type":"EntryPoint","urlTemplate":"https:\/\/lottohoy.com\/fi\/?s={search_term_string}"},"query-input":{"@type":"PropertyValueSpecification","valueRequired":true,"valueName":"search_term_string"}}],"inLanguage":"fi"}]}},"_links":{"self":[{"href":"https:\/\/lottohoy.com\/fi\/wp-json\/wp\/v2\/pages\/17021","targetHints":{"allow":["GET"]}}],"collection":[{"href":"https:\/\/lottohoy.com\/fi\/wp-json\/wp\/v2\/pages"}],"about":[{"href":"https:\/\/lottohoy.com\/fi\/wp-json\/wp\/v2\/types\/page"}],"author":[{"embeddable":true,"href":"https:\/\/lottohoy.com\/fi\/wp-json\/wp\/v2\/users\/7"}],"replies":[{"embeddable":true,"href":"https:\/\/lottohoy.com\/fi\/wp-json\/wp\/v2\/comments?post=17021"}],"version-history":[{"count":1,"href":"https:\/\/lottohoy.com\/fi\/wp-json\/wp\/v2\/pages\/17021\/revisions"}],"predecessor-version":[{"id":17022,"href":"https:\/\/lottohoy.com\/fi\/wp-json\/wp\/v2\/pages\/17021\/revisions\/17022"}],"up":[{"embeddable":true,"href":"https:\/\/lottohoy.com\/fi\/wp-json\/wp\/v2\/pages\/16889"}],"wp:attachment":[{"href":"https:\/\/lottohoy.com\/fi\/wp-json\/wp\/v2\/media?parent=17021"}],"curies":[{"name":"wp","href":"https:\/\/api.w.org\/{rel}","templated":true}]}}