{"id":17009,"date":"2020-08-10T15:58:35","date_gmt":"2020-08-10T14:58:35","guid":{"rendered":"https:\/\/lottohoy.com\/lottery-tulokset\/mega-sena-lottotulokset\/"},"modified":"2020-08-10T15:58:35","modified_gmt":"2020-08-10T14:58:35","slug":"mega-sena-lottotulokset","status":"publish","type":"page","link":"https:\/\/lottohoy.com\/fi\/lottery-tulokset\/mega-sena-lottotulokset\/","title":{"rendered":"Mega Sena lottotulokset"},"content":{"rendered":"<h2>Tarkista tulokset Mega Sena<\/h2>\n<p>Tarkistaaksesi Mega Sena -arvonnan voittoyhdistelm\u00e4n, vertaa yksinkertaisesti arpajaislipukkeessasi esitetyn yhdistelm\u00e4n numeroita t\u00e4ll\u00e4 sivulla esitettyyn tulokseen.<\/p>\n<p>Voit my\u00f6s p\u00e4\u00e4st\u00e4 k\u00e4ytt\u00e4j\u00e4tilille, jossa kaikki liikkeet n\u00e4kyv\u00e4t, mukaan lukien saadut palkinnot.<\/p>\n<p>T\u00e4ll\u00e4 samalla sivulla voit my\u00f6s tarkastella kertynytt\u00e4, voittajia ja palkintoja kussakin luokassa sek\u00e4 edellisi\u00e4 arvontoja 24 kuukauteen asti.<\/p>\n<h2>Miten palkinnot jaetaan?<\/h2>\n<p>T\u00e4ll\u00e4 sivulla n\u00e4et viimeisimm\u00e4n arvonnan voittajayhdistelm\u00e4n ja kutakin luokkaa vastaavan palkintojen jakautumisen.<\/p>\n<p>Jos olet rekister\u00f6itynyt k\u00e4ytt\u00e4j\u00e4, saadut palkinnot talletetaan suoraan k\u00e4ytt\u00e4j\u00e4tilille, ja sinulla voi olla rahaa saldossasi, joten voit pelata uudelleen tai pyyt\u00e4\u00e4 kotiutusta.<\/p>\n<h2>Huippupalkinnot ja Mega Sena -loton j\u00e4ttipotit<\/h2>\n<p>Pienin taattu voitto on 2 000 000 R$. Ensimm\u00e4inen palkintoluokka on kumulatiivinen siin\u00e4 tapauksessa, ett\u00e4 arvonnassa ei ole voittajaa, ja palkinto jatkaa kertymist\u00e4 ilman rajoituksia.<\/p>\n<p>Suurin kumuloituva j\u00e4ttipotti t\u00e4m\u00e4n loton historiassa oli vuonna 2017, jolloin se saavutti enn\u00e4tyksellisen 306,718,743, R$ 71 (vastaa 49,074,999).<\/p>\n<p>Mega Sena, on lotto, jota voisimme pit\u00e4\u00e4 \u201dhelppona\u201d, ja vaikka siin\u00e4 on taattu 2 000 000 euron v\u00e4himm\u00e4ispalkinto ensimm\u00e4isen luokan voittajille (6 osumaa), et yleens\u00e4 saa kumulatiivisia j\u00e4ttipotteja supermiljon\u00e4\u00e4risummia kuten muissa eurooppalaisissa tai amerikkalaisissa arpajaisissa.<\/p>\n<p>T\u00e4m\u00e4 johtuu siit\u00e4, ett\u00e4 se on usein menestyksek\u00e4s, ja monet miljon\u00e4\u00e4rit ovat luoneet t\u00e4m\u00e4n loton.<\/p>\n<h2>Yleisimm\u00e4t numerot Mega Sena<\/h2>\n<p>Arvontojen alkamisesta maaliskuussa 1996 l\u00e4htien useimmin arvotut numerot ovat olleet seuraavat<\/p>\n<p>Niin sanotut \u201d<strong>kuumat numerot<\/strong>\u201d 10, 53, 23, 5, 4 ja 33.<\/p>\n<p>niin sanotut \u201d<strong>kylm\u00e4t numerot<\/strong>\u201d 25, 55, 21, 22, 3 ja 15.<\/p>\n<p>T\u00e4rkeimmist\u00e4 numeroista eniten esiintyneet numerot ovat seuraavat<\/p>\n<p>&#8211; Numero 10, jossa on 262 ilmestymist\u00e4<\/p>\n<p>&#8211; numero 55, 261 ilmestymist\u00e4<\/p>\n<p>Sit\u00e4 vastoin, kun tarkastelemme numeroita, joita on esiintynyt v\u00e4hiten, huomaamme, ett\u00e4 numerolla 26 on ollut vain 187 ilmestymist\u00e4.<\/p>\n<p>Ja niille teist\u00e4, jotka rakastavat tilastoja:<\/p>\n<p>&#8211; Yleisimm\u00e4t parit ovat olleet 5 ja 33 tai 5 ja 27.<\/p>\n<p>&#8211; Per\u00e4kk\u00e4iset parit ovat olleet 51 ja 52 tai 41 ja 42.<\/p>\n<p>&#8211; Yleisimm\u00e4t kolmoset ovat olleet: 24-25 ja 42.<\/p>\n<p>&#8211; Ja lopuksi per\u00e4kk\u00e4iset kolmoset olivat: 6-7 ja 8<\/p>\n","protected":false},"excerpt":{"rendered":"<p>Tarkista tulokset Mega Sena Tarkistaaksesi Mega Sena -arvonnan voittoyhdistelm\u00e4n, vertaa yksinkertaisesti arpajaislipukkeessasi esitetyn yhdistelm\u00e4n numeroita t\u00e4ll\u00e4 sivulla esitettyyn tulokseen. Voit my\u00f6s p\u00e4\u00e4st\u00e4 k\u00e4ytt\u00e4j\u00e4tilille, jossa kaikki liikkeet n\u00e4kyv\u00e4t, mukaan lukien saadut palkinnot. T\u00e4ll\u00e4 samalla sivulla voit my\u00f6s tarkastella kertynytt\u00e4, voittajia ja palkintoja kussakin luokassa sek\u00e4 edellisi\u00e4 arvontoja 24 kuukauteen asti. Miten palkinnot jaetaan? T\u00e4ll\u00e4 sivulla n\u00e4et [&hellip;]<\/p>\n","protected":false},"author":2,"featured_media":0,"parent":16889,"menu_order":16,"comment_status":"closed","ping_status":"closed","template":"megasena-results.php","meta":{"_et_pb_use_builder":"","_et_pb_old_content":"","_et_gb_content_width":"","exclude_from_search":false,"footnotes":""},"class_list":["post-17009","page","type-page","status-publish","hentry"],"yoast_head":"<!-- This site is optimized with the Yoast SEO plugin v23.7 - https:\/\/yoast.com\/wordpress\/plugins\/seo\/ -->\n<title>Mega Sena -tulokset - LottoHoy.com<\/title>\n<meta name=\"description\" content=\"Tarkista, oletko voittanut palkinnon arvonnoissa ja vertaa tekem\u00e4\u00e4si panosta, viimeisen arvonnan Mega Sena -tulokset n\u00e4kyv\u00e4t.\" \/>\n<meta name=\"robots\" content=\"index, follow, max-snippet:-1, max-image-preview:large, max-video-preview:-1\" \/>\n<link rel=\"canonical\" href=\"https:\/\/lottohoy.com\/fi\/lottery-tulokset\/mega-sena-lottotulokset\/\" \/>\n<meta property=\"og:locale\" content=\"fi_FI\" \/>\n<meta property=\"og:type\" content=\"article\" \/>\n<meta property=\"og:title\" content=\"Mega Sena -tulokset - LottoHoy.com\" \/>\n<meta property=\"og:description\" content=\"Tarkista, oletko voittanut palkinnon arvonnoissa ja vertaa tekem\u00e4\u00e4si panosta, viimeisen arvonnan Mega Sena -tulokset n\u00e4kyv\u00e4t.\" \/>\n<meta property=\"og:url\" content=\"https:\/\/lottohoy.com\/fi\/lottery-tulokset\/mega-sena-lottotulokset\/\" \/>\n<meta property=\"og:site_name\" content=\"Lottohoy\" \/>\n<meta name=\"twitter:card\" content=\"summary_large_image\" \/>\n<meta name=\"twitter:label1\" content=\"Arvioitu lukuaika\" \/>\n\t<meta name=\"twitter:data1\" content=\"2 minuuttia\" \/>\n<script type=\"application\/ld+json\" class=\"yoast-schema-graph\">{\"@context\":\"https:\/\/schema.org\",\"@graph\":[{\"@type\":\"WebPage\",\"@id\":\"https:\/\/lottohoy.com\/fi\/lottery-tulokset\/mega-sena-lottotulokset\/\",\"url\":\"https:\/\/lottohoy.com\/fi\/lottery-tulokset\/mega-sena-lottotulokset\/\",\"name\":\"Mega Sena -tulokset - LottoHoy.com\",\"isPartOf\":{\"@id\":\"https:\/\/lottohoy.com\/fi\/#website\"},\"datePublished\":\"2020-08-10T14:58:35+00:00\",\"dateModified\":\"2020-08-10T14:58:35+00:00\",\"description\":\"Tarkista, oletko voittanut palkinnon arvonnoissa ja vertaa tekem\u00e4\u00e4si panosta, viimeisen arvonnan Mega Sena -tulokset n\u00e4kyv\u00e4t.\",\"breadcrumb\":{\"@id\":\"https:\/\/lottohoy.com\/fi\/lottery-tulokset\/mega-sena-lottotulokset\/#breadcrumb\"},\"inLanguage\":\"fi\",\"potentialAction\":[{\"@type\":\"ReadAction\",\"target\":[\"https:\/\/lottohoy.com\/fi\/lottery-tulokset\/mega-sena-lottotulokset\/\"]}]},{\"@type\":\"BreadcrumbList\",\"@id\":\"https:\/\/lottohoy.com\/fi\/lottery-tulokset\/mega-sena-lottotulokset\/#breadcrumb\",\"itemListElement\":[{\"@type\":\"ListItem\",\"position\":1,\"name\":\"Home\",\"item\":\"https:\/\/lottohoy.com\/fi\/\"},{\"@type\":\"ListItem\",\"position\":2,\"name\":\"Lottery Tulokset\",\"item\":\"https:\/\/lottohoy.com\/fi\/lottery-tulokset\/\"},{\"@type\":\"ListItem\",\"position\":3,\"name\":\"Mega Sena lottotulokset\"}]},{\"@type\":\"WebSite\",\"@id\":\"https:\/\/lottohoy.com\/fi\/#website\",\"url\":\"https:\/\/lottohoy.com\/fi\/\",\"name\":\"Lottohoy\",\"description\":\"\",\"potentialAction\":[{\"@type\":\"SearchAction\",\"target\":{\"@type\":\"EntryPoint\",\"urlTemplate\":\"https:\/\/lottohoy.com\/fi\/?s={search_term_string}\"},\"query-input\":{\"@type\":\"PropertyValueSpecification\",\"valueRequired\":true,\"valueName\":\"search_term_string\"}}],\"inLanguage\":\"fi\"}]}<\/script>\n<!-- \/ Yoast SEO plugin. -->","yoast_head_json":{"title":"Mega Sena -tulokset - LottoHoy.com","description":"Tarkista, oletko voittanut palkinnon arvonnoissa ja vertaa tekem\u00e4\u00e4si panosta, viimeisen arvonnan Mega Sena -tulokset n\u00e4kyv\u00e4t.","robots":{"index":"index","follow":"follow","max-snippet":"max-snippet:-1","max-image-preview":"max-image-preview:large","max-video-preview":"max-video-preview:-1"},"canonical":"https:\/\/lottohoy.com\/fi\/lottery-tulokset\/mega-sena-lottotulokset\/","og_locale":"fi_FI","og_type":"article","og_title":"Mega Sena -tulokset - LottoHoy.com","og_description":"Tarkista, oletko voittanut palkinnon arvonnoissa ja vertaa tekem\u00e4\u00e4si panosta, viimeisen arvonnan Mega Sena -tulokset n\u00e4kyv\u00e4t.","og_url":"https:\/\/lottohoy.com\/fi\/lottery-tulokset\/mega-sena-lottotulokset\/","og_site_name":"Lottohoy","twitter_card":"summary_large_image","twitter_misc":{"Arvioitu lukuaika":"2 minuuttia"},"schema":{"@context":"https:\/\/schema.org","@graph":[{"@type":"WebPage","@id":"https:\/\/lottohoy.com\/fi\/lottery-tulokset\/mega-sena-lottotulokset\/","url":"https:\/\/lottohoy.com\/fi\/lottery-tulokset\/mega-sena-lottotulokset\/","name":"Mega Sena -tulokset - LottoHoy.com","isPartOf":{"@id":"https:\/\/lottohoy.com\/fi\/#website"},"datePublished":"2020-08-10T14:58:35+00:00","dateModified":"2020-08-10T14:58:35+00:00","description":"Tarkista, oletko voittanut palkinnon arvonnoissa ja vertaa tekem\u00e4\u00e4si panosta, viimeisen arvonnan Mega Sena -tulokset n\u00e4kyv\u00e4t.","breadcrumb":{"@id":"https:\/\/lottohoy.com\/fi\/lottery-tulokset\/mega-sena-lottotulokset\/#breadcrumb"},"inLanguage":"fi","potentialAction":[{"@type":"ReadAction","target":["https:\/\/lottohoy.com\/fi\/lottery-tulokset\/mega-sena-lottotulokset\/"]}]},{"@type":"BreadcrumbList","@id":"https:\/\/lottohoy.com\/fi\/lottery-tulokset\/mega-sena-lottotulokset\/#breadcrumb","itemListElement":[{"@type":"ListItem","position":1,"name":"Home","item":"https:\/\/lottohoy.com\/fi\/"},{"@type":"ListItem","position":2,"name":"Lottery Tulokset","item":"https:\/\/lottohoy.com\/fi\/lottery-tulokset\/"},{"@type":"ListItem","position":3,"name":"Mega Sena lottotulokset"}]},{"@type":"WebSite","@id":"https:\/\/lottohoy.com\/fi\/#website","url":"https:\/\/lottohoy.com\/fi\/","name":"Lottohoy","description":"","potentialAction":[{"@type":"SearchAction","target":{"@type":"EntryPoint","urlTemplate":"https:\/\/lottohoy.com\/fi\/?s={search_term_string}"},"query-input":{"@type":"PropertyValueSpecification","valueRequired":true,"valueName":"search_term_string"}}],"inLanguage":"fi"}]}},"_links":{"self":[{"href":"https:\/\/lottohoy.com\/fi\/wp-json\/wp\/v2\/pages\/17009","targetHints":{"allow":["GET"]}}],"collection":[{"href":"https:\/\/lottohoy.com\/fi\/wp-json\/wp\/v2\/pages"}],"about":[{"href":"https:\/\/lottohoy.com\/fi\/wp-json\/wp\/v2\/types\/page"}],"author":[{"embeddable":true,"href":"https:\/\/lottohoy.com\/fi\/wp-json\/wp\/v2\/users\/2"}],"replies":[{"embeddable":true,"href":"https:\/\/lottohoy.com\/fi\/wp-json\/wp\/v2\/comments?post=17009"}],"version-history":[{"count":0,"href":"https:\/\/lottohoy.com\/fi\/wp-json\/wp\/v2\/pages\/17009\/revisions"}],"up":[{"embeddable":true,"href":"https:\/\/lottohoy.com\/fi\/wp-json\/wp\/v2\/pages\/16889"}],"wp:attachment":[{"href":"https:\/\/lottohoy.com\/fi\/wp-json\/wp\/v2\/media?parent=17009"}],"curies":[{"name":"wp","href":"https:\/\/api.w.org\/{rel}","templated":true}]}}