{"id":17003,"date":"2020-08-10T21:40:33","date_gmt":"2020-08-10T20:40:33","guid":{"rendered":"https:\/\/lottohoy.com\/lottery-tulokset\/lotto-america-tulokset\/"},"modified":"2020-08-10T21:40:33","modified_gmt":"2020-08-10T20:40:33","slug":"lotto-america-tulokset","status":"publish","type":"page","link":"https:\/\/lottohoy.com\/fi\/lottery-tulokset\/lotto-america-tulokset\/","title":{"rendered":"Lotto America Tulokset"},"content":{"rendered":"<p>T\u00e4ll\u00e4 sivulla on yksityiskohtainen jaottelu Lotto America -arvonnan tuloksista sek\u00e4 arvioitu j\u00e4ttipotti (odotettaessa lopullista tarkastusta) pidetyss\u00e4 arvonnassa ja muita kiinnostavia tietoja.<\/p>\n<h2>Viimeisimm\u00e4t Lotto America tulokset<\/h2>\n<p>T\u00e4ll\u00e4 n\u00e4yt\u00f6ll\u00e4 n\u00e4et taulukon, jossa n\u00e4kyv\u00e4t viimeisimm\u00e4n pidetyn arvonnan tulokset ja palkintojen jakautuminen kunkin palkintoluokan osalta, voittajien arvioitu m\u00e4\u00e4r\u00e4 luokittain ja heid\u00e4n kesken jaettava summa.<\/p>\n<h2>Kaikki Lotto America -tulokset<\/h2>\n<p>T\u00e4m\u00e4n viimeisimm\u00e4n arvonnan laatikossa n\u00e4kyvien tulosten lis\u00e4ksi voit t\u00e4ll\u00e4 sivulla n\u00e4hd\u00e4 my\u00f6s kaikkien viimeisten kahden vuoden aikana pidettyjen aiempien arvontojen tulokset.<\/p>\n<p>Voit valita tietyn p\u00e4iv\u00e4m\u00e4\u00e4r\u00e4n, jonka tulokset ja kullakin palkintotasolla jaetut palkinnot haluat tarkistaa.<\/p>\n","protected":false},"excerpt":{"rendered":"<p>T\u00e4ll\u00e4 sivulla on yksityiskohtainen jaottelu Lotto America -arvonnan tuloksista sek\u00e4 arvioitu j\u00e4ttipotti (odotettaessa lopullista tarkastusta) pidetyss\u00e4 arvonnassa ja muita kiinnostavia tietoja. Viimeisimm\u00e4t Lotto America tulokset T\u00e4ll\u00e4 n\u00e4yt\u00f6ll\u00e4 n\u00e4et taulukon, jossa n\u00e4kyv\u00e4t viimeisimm\u00e4n pidetyn arvonnan tulokset ja palkintojen jakautuminen kunkin palkintoluokan osalta, voittajien arvioitu m\u00e4\u00e4r\u00e4 luokittain ja heid\u00e4n kesken jaettava summa. Kaikki Lotto America -tulokset T\u00e4m\u00e4n [&hellip;]<\/p>\n","protected":false},"author":2,"featured_media":0,"parent":16889,"menu_order":15,"comment_status":"closed","ping_status":"closed","template":"lotto-america-results.php","meta":{"_et_pb_use_builder":"","_et_pb_old_content":"","_et_gb_content_width":"","exclude_from_search":false,"footnotes":""},"class_list":["post-17003","page","type-page","status-publish","hentry"],"yoast_head":"<!-- This site is optimized with the Yoast SEO plugin v23.7 - https:\/\/yoast.com\/wordpress\/plugins\/seo\/ -->\n<title>Lotto America, lottotulokset - LottoHoy.com<\/title>\n<meta name=\"description\" content=\"Tarkista Lotto America -tulokset, kahdeksan kiinte\u00e4n palkintoluokan jaottelu ja j\u00e4ttipotti.\" \/>\n<meta name=\"robots\" content=\"index, follow, max-snippet:-1, max-image-preview:large, max-video-preview:-1\" \/>\n<link rel=\"canonical\" href=\"https:\/\/lottohoy.com\/fi\/lottery-tulokset\/lotto-america-tulokset\/\" \/>\n<meta property=\"og:locale\" content=\"fi_FI\" \/>\n<meta property=\"og:type\" content=\"article\" \/>\n<meta property=\"og:title\" content=\"Lotto America, lottotulokset - LottoHoy.com\" \/>\n<meta property=\"og:description\" content=\"Tarkista Lotto America -tulokset, kahdeksan kiinte\u00e4n palkintoluokan jaottelu ja j\u00e4ttipotti.\" \/>\n<meta property=\"og:url\" content=\"https:\/\/lottohoy.com\/fi\/lottery-tulokset\/lotto-america-tulokset\/\" \/>\n<meta property=\"og:site_name\" content=\"Lottohoy\" \/>\n<meta name=\"twitter:card\" content=\"summary_large_image\" \/>\n<meta name=\"twitter:label1\" content=\"Arvioitu lukuaika\" \/>\n\t<meta name=\"twitter:data1\" content=\"1 minuutti\" \/>\n<script type=\"application\/ld+json\" class=\"yoast-schema-graph\">{\"@context\":\"https:\/\/schema.org\",\"@graph\":[{\"@type\":\"WebPage\",\"@id\":\"https:\/\/lottohoy.com\/fi\/lottery-tulokset\/lotto-america-tulokset\/\",\"url\":\"https:\/\/lottohoy.com\/fi\/lottery-tulokset\/lotto-america-tulokset\/\",\"name\":\"Lotto America, lottotulokset - LottoHoy.com\",\"isPartOf\":{\"@id\":\"https:\/\/lottohoy.com\/fi\/#website\"},\"datePublished\":\"2020-08-10T20:40:33+00:00\",\"dateModified\":\"2020-08-10T20:40:33+00:00\",\"description\":\"Tarkista Lotto America -tulokset, kahdeksan kiinte\u00e4n palkintoluokan jaottelu ja j\u00e4ttipotti.\",\"breadcrumb\":{\"@id\":\"https:\/\/lottohoy.com\/fi\/lottery-tulokset\/lotto-america-tulokset\/#breadcrumb\"},\"inLanguage\":\"fi\",\"potentialAction\":[{\"@type\":\"ReadAction\",\"target\":[\"https:\/\/lottohoy.com\/fi\/lottery-tulokset\/lotto-america-tulokset\/\"]}]},{\"@type\":\"BreadcrumbList\",\"@id\":\"https:\/\/lottohoy.com\/fi\/lottery-tulokset\/lotto-america-tulokset\/#breadcrumb\",\"itemListElement\":[{\"@type\":\"ListItem\",\"position\":1,\"name\":\"Home\",\"item\":\"https:\/\/lottohoy.com\/fi\/\"},{\"@type\":\"ListItem\",\"position\":2,\"name\":\"Lottery Tulokset\",\"item\":\"https:\/\/lottohoy.com\/fi\/lottery-tulokset\/\"},{\"@type\":\"ListItem\",\"position\":3,\"name\":\"Lotto America Tulokset\"}]},{\"@type\":\"WebSite\",\"@id\":\"https:\/\/lottohoy.com\/fi\/#website\",\"url\":\"https:\/\/lottohoy.com\/fi\/\",\"name\":\"Lottohoy\",\"description\":\"\",\"potentialAction\":[{\"@type\":\"SearchAction\",\"target\":{\"@type\":\"EntryPoint\",\"urlTemplate\":\"https:\/\/lottohoy.com\/fi\/?s={search_term_string}\"},\"query-input\":{\"@type\":\"PropertyValueSpecification\",\"valueRequired\":true,\"valueName\":\"search_term_string\"}}],\"inLanguage\":\"fi\"}]}<\/script>\n<!-- \/ Yoast SEO plugin. -->","yoast_head_json":{"title":"Lotto America, lottotulokset - LottoHoy.com","description":"Tarkista Lotto America -tulokset, kahdeksan kiinte\u00e4n palkintoluokan jaottelu ja j\u00e4ttipotti.","robots":{"index":"index","follow":"follow","max-snippet":"max-snippet:-1","max-image-preview":"max-image-preview:large","max-video-preview":"max-video-preview:-1"},"canonical":"https:\/\/lottohoy.com\/fi\/lottery-tulokset\/lotto-america-tulokset\/","og_locale":"fi_FI","og_type":"article","og_title":"Lotto America, lottotulokset - LottoHoy.com","og_description":"Tarkista Lotto America -tulokset, kahdeksan kiinte\u00e4n palkintoluokan jaottelu ja j\u00e4ttipotti.","og_url":"https:\/\/lottohoy.com\/fi\/lottery-tulokset\/lotto-america-tulokset\/","og_site_name":"Lottohoy","twitter_card":"summary_large_image","twitter_misc":{"Arvioitu lukuaika":"1 minuutti"},"schema":{"@context":"https:\/\/schema.org","@graph":[{"@type":"WebPage","@id":"https:\/\/lottohoy.com\/fi\/lottery-tulokset\/lotto-america-tulokset\/","url":"https:\/\/lottohoy.com\/fi\/lottery-tulokset\/lotto-america-tulokset\/","name":"Lotto America, lottotulokset - LottoHoy.com","isPartOf":{"@id":"https:\/\/lottohoy.com\/fi\/#website"},"datePublished":"2020-08-10T20:40:33+00:00","dateModified":"2020-08-10T20:40:33+00:00","description":"Tarkista Lotto America -tulokset, kahdeksan kiinte\u00e4n palkintoluokan jaottelu ja j\u00e4ttipotti.","breadcrumb":{"@id":"https:\/\/lottohoy.com\/fi\/lottery-tulokset\/lotto-america-tulokset\/#breadcrumb"},"inLanguage":"fi","potentialAction":[{"@type":"ReadAction","target":["https:\/\/lottohoy.com\/fi\/lottery-tulokset\/lotto-america-tulokset\/"]}]},{"@type":"BreadcrumbList","@id":"https:\/\/lottohoy.com\/fi\/lottery-tulokset\/lotto-america-tulokset\/#breadcrumb","itemListElement":[{"@type":"ListItem","position":1,"name":"Home","item":"https:\/\/lottohoy.com\/fi\/"},{"@type":"ListItem","position":2,"name":"Lottery Tulokset","item":"https:\/\/lottohoy.com\/fi\/lottery-tulokset\/"},{"@type":"ListItem","position":3,"name":"Lotto America Tulokset"}]},{"@type":"WebSite","@id":"https:\/\/lottohoy.com\/fi\/#website","url":"https:\/\/lottohoy.com\/fi\/","name":"Lottohoy","description":"","potentialAction":[{"@type":"SearchAction","target":{"@type":"EntryPoint","urlTemplate":"https:\/\/lottohoy.com\/fi\/?s={search_term_string}"},"query-input":{"@type":"PropertyValueSpecification","valueRequired":true,"valueName":"search_term_string"}}],"inLanguage":"fi"}]}},"_links":{"self":[{"href":"https:\/\/lottohoy.com\/fi\/wp-json\/wp\/v2\/pages\/17003","targetHints":{"allow":["GET"]}}],"collection":[{"href":"https:\/\/lottohoy.com\/fi\/wp-json\/wp\/v2\/pages"}],"about":[{"href":"https:\/\/lottohoy.com\/fi\/wp-json\/wp\/v2\/types\/page"}],"author":[{"embeddable":true,"href":"https:\/\/lottohoy.com\/fi\/wp-json\/wp\/v2\/users\/2"}],"replies":[{"embeddable":true,"href":"https:\/\/lottohoy.com\/fi\/wp-json\/wp\/v2\/comments?post=17003"}],"version-history":[{"count":0,"href":"https:\/\/lottohoy.com\/fi\/wp-json\/wp\/v2\/pages\/17003\/revisions"}],"up":[{"embeddable":true,"href":"https:\/\/lottohoy.com\/fi\/wp-json\/wp\/v2\/pages\/16889"}],"wp:attachment":[{"href":"https:\/\/lottohoy.com\/fi\/wp-json\/wp\/v2\/media?parent=17003"}],"curies":[{"name":"wp","href":"https:\/\/api.w.org\/{rel}","templated":true}]}}