{"id":16995,"date":"2020-08-10T22:51:41","date_gmt":"2020-08-10T21:51:41","guid":{"rendered":"https:\/\/lottohoy.com\/lottery-tulokset\/lotto-6aus49-tulokset\/"},"modified":"2020-08-10T22:51:41","modified_gmt":"2020-08-10T21:51:41","slug":"lotto-6aus49-tulokset","status":"publish","type":"page","link":"https:\/\/lottohoy.com\/fi\/lottery-tulokset\/lotto-6aus49-tulokset\/","title":{"rendered":"Lotto 6aus49 Tulokset"},"content":{"rendered":"<p>Jos haluat n\u00e4hd\u00e4, oletko voittanut Lotto 6aus49:n, tarkista arpasi numeroyhdistelm\u00e4n numerot t\u00e4ll\u00e4 sivulla esitetyist\u00e4 tuloksista.<\/p>\n<p>Jos voitat palkinnon jossakin 6aus49:ss\u00e4 luetelluista luokista, voittosi lis\u00e4t\u00e4\u00e4n automaattisesti tilillesi.<\/p>\n<h2>Lotto 6aus49 tulokset<\/h2>\n<p>T\u00e4lt\u00e4 sivulta l\u00f6yd\u00e4t yksityiskohtaiset tiedot Lotto 6aus49 -arvonnan tuloksista, t\u00e4m\u00e4n arvonnan arvioidun j\u00e4ttipotin sek\u00e4 muita tietoja, jotka ovat mahdollisimman kiinnostavia tulevien pelien ennustamisen kannalta.<\/p>\n<p>Voit my\u00f6s tarkistaa kertyneen j\u00e4ttipotin, voittajat ja palkinnot kussakin kategoriassa sek\u00e4 aikaisemmat arvonnat, jotka ovat enint\u00e4\u00e4n 24 kuukautta vanhoja.<\/p>\n<p>T\u00e4m\u00e4n viimeisen arvonnan voittoyhdistelm\u00e4n oikealla puolella on kolme ruutua. Keskimm\u00e4isess\u00e4 ruudussa n\u00e4kyy viimeisimm\u00e4n arvonnan p\u00e4iv\u00e4m\u00e4\u00e4r\u00e4, ja t\u00e4m\u00e4n keskimm\u00e4isen ruudun molemmilla puolilla on nuolet oikealle ja vasemmalle, joiden avulla voit siirty\u00e4 aiempien arvontojen p\u00e4iv\u00e4m\u00e4\u00e4riin ja edet\u00e4 n\u00e4ist\u00e4 arvonnoista viimeisimp\u00e4\u00e4n p\u00e4iv\u00e4m\u00e4\u00e4r\u00e4\u00e4n.<\/p>\n<h3>Tarkista viimeisimm\u00e4n arvonnan tulokset ja palkinnot<\/h3>\n<p>T\u00e4n\u00e4\u00e4n suoritetun viimeisimm\u00e4n Lotto 6aus49-arvonnan tulokset ja palkintojen jakautuminen luokittain esitet\u00e4\u00e4n suuressa taulukossa.<\/p>\n<p>Palkintoluokat (enint\u00e4\u00e4n 9 eri luokkaa), vaadittavat osumat, joilla p\u00e4\u00e4see johonkin palkintoluokkaan.<\/p>\n<p>Kunkin kategorian voittajat sek\u00e4 kunkin voittajan saama palkinto.<\/p>\n<p>T\u00e4m\u00e4n ison laatikon l\u00e4hell\u00e4 ilmoitetaan t\u00e4m\u00e4n arvonnan voittajien kokonaism\u00e4\u00e4r\u00e4 ja kaikkien voittajien kesken jaettava kokonaisraham\u00e4\u00e4r\u00e4.<\/p>\n<h2>Lotto 6aus49 palkintomahdollisuudet<\/h2>\n<p>Vain kahdella p\u00e4\u00e4numerolla + Superzahlilla saat jo kiinte\u00e4n palkinnon. Palkintojen arvo vaihtelee arvonnasta toiseen, sill\u00e4 ne perustuvat lipunmyyntiin ja kunkin luokan voittajiin.<\/p>\n","protected":false},"excerpt":{"rendered":"<p>Jos haluat n\u00e4hd\u00e4, oletko voittanut Lotto 6aus49:n, tarkista arpasi numeroyhdistelm\u00e4n numerot t\u00e4ll\u00e4 sivulla esitetyist\u00e4 tuloksista. Jos voitat palkinnon jossakin 6aus49:ss\u00e4 luetelluista luokista, voittosi lis\u00e4t\u00e4\u00e4n automaattisesti tilillesi. Lotto 6aus49 tulokset T\u00e4lt\u00e4 sivulta l\u00f6yd\u00e4t yksityiskohtaiset tiedot Lotto 6aus49 -arvonnan tuloksista, t\u00e4m\u00e4n arvonnan arvioidun j\u00e4ttipotin sek\u00e4 muita tietoja, jotka ovat mahdollisimman kiinnostavia tulevien pelien ennustamisen kannalta. Voit my\u00f6s [&hellip;]<\/p>\n","protected":false},"author":2,"featured_media":0,"parent":16889,"menu_order":13,"comment_status":"closed","ping_status":"closed","template":"lotto-german-results.php","meta":{"_et_pb_use_builder":"","_et_pb_old_content":"","_et_gb_content_width":"","exclude_from_search":false,"footnotes":""},"class_list":["post-16995","page","type-page","status-publish","hentry"],"yoast_head":"<!-- This site is optimized with the Yoast SEO plugin v23.7 - https:\/\/yoast.com\/wordpress\/plugins\/seo\/ -->\n<title>Lotto 6aus49 -arvonnan tulokset - LottoHoy.com<\/title>\n<meta name=\"description\" content=\"Jos olet voittanut palkinnon, olet saanut vahvistuss\u00e4hk\u00f6postin. Mutta joka tapauksessa voit t\u00e4\u00e4lt\u00e4 tarkistaa lotto 6aus49:n tulokset.\" \/>\n<meta name=\"robots\" content=\"index, follow, max-snippet:-1, max-image-preview:large, max-video-preview:-1\" \/>\n<link rel=\"canonical\" href=\"https:\/\/lottohoy.com\/fi\/lottery-tulokset\/lotto-6aus49-tulokset\/\" \/>\n<meta property=\"og:locale\" content=\"fi_FI\" \/>\n<meta property=\"og:type\" content=\"article\" \/>\n<meta property=\"og:title\" content=\"Lotto 6aus49 -arvonnan tulokset - LottoHoy.com\" \/>\n<meta property=\"og:description\" content=\"Jos olet voittanut palkinnon, olet saanut vahvistuss\u00e4hk\u00f6postin. Mutta joka tapauksessa voit t\u00e4\u00e4lt\u00e4 tarkistaa lotto 6aus49:n tulokset.\" \/>\n<meta property=\"og:url\" content=\"https:\/\/lottohoy.com\/fi\/lottery-tulokset\/lotto-6aus49-tulokset\/\" \/>\n<meta property=\"og:site_name\" content=\"Lottohoy\" \/>\n<meta name=\"twitter:card\" content=\"summary_large_image\" \/>\n<meta name=\"twitter:label1\" content=\"Arvioitu lukuaika\" \/>\n\t<meta name=\"twitter:data1\" content=\"1 minuutti\" \/>\n<script type=\"application\/ld+json\" class=\"yoast-schema-graph\">{\"@context\":\"https:\/\/schema.org\",\"@graph\":[{\"@type\":\"WebPage\",\"@id\":\"https:\/\/lottohoy.com\/fi\/lottery-tulokset\/lotto-6aus49-tulokset\/\",\"url\":\"https:\/\/lottohoy.com\/fi\/lottery-tulokset\/lotto-6aus49-tulokset\/\",\"name\":\"Lotto 6aus49 -arvonnan tulokset - LottoHoy.com\",\"isPartOf\":{\"@id\":\"https:\/\/lottohoy.com\/fi\/#website\"},\"datePublished\":\"2020-08-10T21:51:41+00:00\",\"dateModified\":\"2020-08-10T21:51:41+00:00\",\"description\":\"Jos olet voittanut palkinnon, olet saanut vahvistuss\u00e4hk\u00f6postin. Mutta joka tapauksessa voit t\u00e4\u00e4lt\u00e4 tarkistaa lotto 6aus49:n tulokset.\",\"breadcrumb\":{\"@id\":\"https:\/\/lottohoy.com\/fi\/lottery-tulokset\/lotto-6aus49-tulokset\/#breadcrumb\"},\"inLanguage\":\"fi\",\"potentialAction\":[{\"@type\":\"ReadAction\",\"target\":[\"https:\/\/lottohoy.com\/fi\/lottery-tulokset\/lotto-6aus49-tulokset\/\"]}]},{\"@type\":\"BreadcrumbList\",\"@id\":\"https:\/\/lottohoy.com\/fi\/lottery-tulokset\/lotto-6aus49-tulokset\/#breadcrumb\",\"itemListElement\":[{\"@type\":\"ListItem\",\"position\":1,\"name\":\"Home\",\"item\":\"https:\/\/lottohoy.com\/fi\/\"},{\"@type\":\"ListItem\",\"position\":2,\"name\":\"Lottery Tulokset\",\"item\":\"https:\/\/lottohoy.com\/fi\/lottery-tulokset\/\"},{\"@type\":\"ListItem\",\"position\":3,\"name\":\"Lotto 6aus49 Tulokset\"}]},{\"@type\":\"WebSite\",\"@id\":\"https:\/\/lottohoy.com\/fi\/#website\",\"url\":\"https:\/\/lottohoy.com\/fi\/\",\"name\":\"Lottohoy\",\"description\":\"\",\"potentialAction\":[{\"@type\":\"SearchAction\",\"target\":{\"@type\":\"EntryPoint\",\"urlTemplate\":\"https:\/\/lottohoy.com\/fi\/?s={search_term_string}\"},\"query-input\":{\"@type\":\"PropertyValueSpecification\",\"valueRequired\":true,\"valueName\":\"search_term_string\"}}],\"inLanguage\":\"fi\"}]}<\/script>\n<!-- \/ Yoast SEO plugin. -->","yoast_head_json":{"title":"Lotto 6aus49 -arvonnan tulokset - LottoHoy.com","description":"Jos olet voittanut palkinnon, olet saanut vahvistuss\u00e4hk\u00f6postin. Mutta joka tapauksessa voit t\u00e4\u00e4lt\u00e4 tarkistaa lotto 6aus49:n tulokset.","robots":{"index":"index","follow":"follow","max-snippet":"max-snippet:-1","max-image-preview":"max-image-preview:large","max-video-preview":"max-video-preview:-1"},"canonical":"https:\/\/lottohoy.com\/fi\/lottery-tulokset\/lotto-6aus49-tulokset\/","og_locale":"fi_FI","og_type":"article","og_title":"Lotto 6aus49 -arvonnan tulokset - LottoHoy.com","og_description":"Jos olet voittanut palkinnon, olet saanut vahvistuss\u00e4hk\u00f6postin. Mutta joka tapauksessa voit t\u00e4\u00e4lt\u00e4 tarkistaa lotto 6aus49:n tulokset.","og_url":"https:\/\/lottohoy.com\/fi\/lottery-tulokset\/lotto-6aus49-tulokset\/","og_site_name":"Lottohoy","twitter_card":"summary_large_image","twitter_misc":{"Arvioitu lukuaika":"1 minuutti"},"schema":{"@context":"https:\/\/schema.org","@graph":[{"@type":"WebPage","@id":"https:\/\/lottohoy.com\/fi\/lottery-tulokset\/lotto-6aus49-tulokset\/","url":"https:\/\/lottohoy.com\/fi\/lottery-tulokset\/lotto-6aus49-tulokset\/","name":"Lotto 6aus49 -arvonnan tulokset - LottoHoy.com","isPartOf":{"@id":"https:\/\/lottohoy.com\/fi\/#website"},"datePublished":"2020-08-10T21:51:41+00:00","dateModified":"2020-08-10T21:51:41+00:00","description":"Jos olet voittanut palkinnon, olet saanut vahvistuss\u00e4hk\u00f6postin. Mutta joka tapauksessa voit t\u00e4\u00e4lt\u00e4 tarkistaa lotto 6aus49:n tulokset.","breadcrumb":{"@id":"https:\/\/lottohoy.com\/fi\/lottery-tulokset\/lotto-6aus49-tulokset\/#breadcrumb"},"inLanguage":"fi","potentialAction":[{"@type":"ReadAction","target":["https:\/\/lottohoy.com\/fi\/lottery-tulokset\/lotto-6aus49-tulokset\/"]}]},{"@type":"BreadcrumbList","@id":"https:\/\/lottohoy.com\/fi\/lottery-tulokset\/lotto-6aus49-tulokset\/#breadcrumb","itemListElement":[{"@type":"ListItem","position":1,"name":"Home","item":"https:\/\/lottohoy.com\/fi\/"},{"@type":"ListItem","position":2,"name":"Lottery Tulokset","item":"https:\/\/lottohoy.com\/fi\/lottery-tulokset\/"},{"@type":"ListItem","position":3,"name":"Lotto 6aus49 Tulokset"}]},{"@type":"WebSite","@id":"https:\/\/lottohoy.com\/fi\/#website","url":"https:\/\/lottohoy.com\/fi\/","name":"Lottohoy","description":"","potentialAction":[{"@type":"SearchAction","target":{"@type":"EntryPoint","urlTemplate":"https:\/\/lottohoy.com\/fi\/?s={search_term_string}"},"query-input":{"@type":"PropertyValueSpecification","valueRequired":true,"valueName":"search_term_string"}}],"inLanguage":"fi"}]}},"_links":{"self":[{"href":"https:\/\/lottohoy.com\/fi\/wp-json\/wp\/v2\/pages\/16995","targetHints":{"allow":["GET"]}}],"collection":[{"href":"https:\/\/lottohoy.com\/fi\/wp-json\/wp\/v2\/pages"}],"about":[{"href":"https:\/\/lottohoy.com\/fi\/wp-json\/wp\/v2\/types\/page"}],"author":[{"embeddable":true,"href":"https:\/\/lottohoy.com\/fi\/wp-json\/wp\/v2\/users\/2"}],"replies":[{"embeddable":true,"href":"https:\/\/lottohoy.com\/fi\/wp-json\/wp\/v2\/comments?post=16995"}],"version-history":[{"count":0,"href":"https:\/\/lottohoy.com\/fi\/wp-json\/wp\/v2\/pages\/16995\/revisions"}],"up":[{"embeddable":true,"href":"https:\/\/lottohoy.com\/fi\/wp-json\/wp\/v2\/pages\/16889"}],"wp:attachment":[{"href":"https:\/\/lottohoy.com\/fi\/wp-json\/wp\/v2\/media?parent=16995"}],"curies":[{"name":"wp","href":"https:\/\/api.w.org\/{rel}","templated":true}]}}