{"id":16988,"date":"2024-10-23T06:14:09","date_gmt":"2024-10-23T05:14:09","guid":{"rendered":"https:\/\/lottohoy.com\/lottery-tulokset\/tulokset-ranskan-lotto\/"},"modified":"2024-10-23T06:14:09","modified_gmt":"2024-10-23T05:14:09","slug":"tulokset-ranskan-lotto","status":"publish","type":"page","link":"https:\/\/lottohoy.com\/fi\/lottery-tulokset\/tulokset-ranskan-lotto\/","title":{"rendered":"Tulokset Ranskan Lotto"},"content":{"rendered":"<h2>Tarkista Ranskan Loton tulokset<\/h2>\n<p>Ranskan lottoarvonnan voittoyhdistelm\u00e4n tarkistamiseksi riitt\u00e4\u00e4, ett\u00e4 verrataan arpajaislipukkeessasi n\u00e4kyvi\u00e4 yhdistelm\u00e4n numeroita t\u00e4ll\u00e4 sivulla esitettyyn tulokseen. Jos olet ostanut arvan, n\u00e4et sen my\u00f6s k\u00e4ytt\u00e4j\u00e4profiilissasi.<\/p>\n<p>Voit my\u00f6s tarkistaa <a href=\"https:\/\/lottohoy.com\/jackpots\/\"><strong>t\u00e4m\u00e4n p\u00e4iv\u00e4n kertyneet j\u00e4ttipotit<\/strong><\/a>, voittajat ja palkinnot kussakin kategoriassa sek\u00e4 edelliset arvonnat jopa 24 kuukautta taaksep\u00e4in.<\/p>\n<h2>Ranskan arpajaisten palkintojen jakautuminen<\/h2>\n<p>Jos olet rekister\u00f6itynyt k\u00e4ytt\u00e4j\u00e4, saadut palkinnot talletetaan suoraan k\u00e4ytt\u00e4j\u00e4n tilille, ja halutessasi voit pelata uudelleen saldossasi olevilla varoilla.<\/p>\n<p>T\u00e4lt\u00e4 sivulta l\u00f6yd\u00e4t viimeisimm\u00e4n arvonnan voittoyhdistelm\u00e4n ja kutakin luokkaa vastaavien palkintojen jakautumisen.<\/p>\n<p>Taulukossa n\u00e4kyy viiden p\u00e4\u00e4numeron ja lis\u00e4numeron, jota kutsutaan my\u00f6s <em>&#8221;sattumaksi<\/em> \u201d, yhdistelm\u00e4, joka m\u00e4\u00e4ritt\u00e4\u00e4 ensimm\u00e4isen luokan palkinnon.<\/p>\n<h2>Ranskan suurimmat lottopalkinnot ja j\u00e4ttipotit<\/h2>\n<p>Suurimmat j\u00e4ttipotit, jotka ovat kertyneet t\u00e4m\u00e4n loton historiassa, olivat:<\/p>\n<ul>\n<li>Kes\u00e4kuun <sup>16<\/sup>. p\u00e4iv\u00e4n\u00e4 2011 pidetyss\u00e4 arvonnassa, jossa yksi voittaja sai 24 miljoonan euron palkinnon.<\/li>\n<li>Toukokuun<sup>19. p\u00e4iv\u00e4n\u00e4<\/sup> 2014 j\u00e4rjestetty lotto, jossa jaettiin yhteens\u00e4 23 miljoonan euron p\u00e4\u00e4palkinto.<\/li>\n<\/ul>\n<p><a href=\"\u201dhttps:\/\/lottohoy.com\/play\/lotto-fr\/\u201d\"><strong>Ranskan Lotto<\/strong><\/a><strong>,<\/strong> on lotto, jota voisi pit\u00e4\u00e4 \u201dhelppona\u201d, ja vaikka siin\u00e4 on taattu 2 000 000 euron v\u00e4himm\u00e4isp\u00e4\u00e4voitto suurimmille voittajille (5 + 1), super-miljoonien eurojen kumulatiivisia j\u00e4ttipotteja ei yleens\u00e4 saada kuten eurooppalaisissa tai amerikkalaisissa lotoissa, koska j\u00e4ttipotti osuu usein ja uusia miljon\u00e4\u00e4rej\u00e4 syntyy paljon.<\/p>\n<h2>Yleisimm\u00e4t numerot Ranskan lotossa<\/h2>\n<p>Vuonna 2019 pidetyiss\u00e4 35 arvonnassa, ensimm\u00e4isest\u00e4,<sup>2.<\/sup> tammikuuta pidetyst\u00e4 arvonnasta 23<sup>.<\/sup> maaliskuuta pidettyyn arvontaan asti, jotkut numerot pyrkiv\u00e4t tulemaan useammin esiin (jotkut kutsuvat niit\u00e4 \u201d<em><strong>kuumiksi numeroiksi<\/strong><\/em>\u201d) ja samaan aikaan toiset numerot, jotka ovat vastahakoisempia l\u00e4htem\u00e4\u00e4n ja joilla on v\u00e4hemm\u00e4n esiintymisi\u00e4 (tunnetaan nimell\u00e4 <em><strong>\u201dkylm\u00e4t numerot\u201d).<\/strong><\/em><\/p>\n<p>Kun teemme pienen tutkimuksen n\u00e4ist\u00e4 35:st\u00e4 viimeisest\u00e4 arvonnasta, huomaamme, ett\u00e4 \u201d<em>kylmin\u00e4<\/em>\u201d pidetyist\u00e4 numeroista numero 49 ei ole tullut esiin miss\u00e4\u00e4n niist\u00e4.<\/p>\n<p>T\u00e4rkeimpien numeroiden joukossa eniten esiintyneet numerot ovat:<\/p>\n<ul>\n<li>Numero 15, 10 esiintymist\u00e4 (28,57 %).<\/li>\n<li>numerot 7, 11 ja 25, joilla kummallakin on seitsem\u00e4n esiintymist\u00e4 (20 %).<\/li>\n<li>numero 1, jolla on kuusi esiintymist\u00e4 (17,14 %).<\/li>\n<\/ul>\n<p>Toisaalta, kun tarkastelemme numeroita, jotka ovat l\u00e4hteneet v\u00e4hiten, numeron 49 lis\u00e4ksi, jota ei ole viel\u00e4 arvottu, meill\u00e4 on:<\/p>\n<ul>\n<li>Numerot 9, 27, 28 ja 39, jotka ovat tulleet ulos vain kerran (2,86 %).<\/li>\n<\/ul>\n<p>Ylim\u00e4\u00e4r\u00e4isten numeroiden eli \u201dsattuman\u201d osalta n\u00e4emme my\u00f6s, ett\u00e4 numero 4 on viel\u00e4 arvottu, kun taas numero 10 on arvottu kuusi kertaa.<\/p>\n","protected":false},"excerpt":{"rendered":"<p>Tarkista Ranskan Loton tulokset Ranskan lottoarvonnan voittoyhdistelm\u00e4n tarkistamiseksi riitt\u00e4\u00e4, ett\u00e4 verrataan arpajaislipukkeessasi n\u00e4kyvi\u00e4 yhdistelm\u00e4n numeroita t\u00e4ll\u00e4 sivulla esitettyyn tulokseen. Jos olet ostanut arvan, n\u00e4et sen my\u00f6s k\u00e4ytt\u00e4j\u00e4profiilissasi. Voit my\u00f6s tarkistaa t\u00e4m\u00e4n p\u00e4iv\u00e4n kertyneet j\u00e4ttipotit, voittajat ja palkinnot kussakin kategoriassa sek\u00e4 edelliset arvonnat jopa 24 kuukautta taaksep\u00e4in. Ranskan arpajaisten palkintojen jakautuminen Jos olet rekister\u00f6itynyt k\u00e4ytt\u00e4j\u00e4, saadut [&hellip;]<\/p>\n","protected":false},"author":1,"featured_media":0,"parent":16889,"menu_order":12,"comment_status":"closed","ping_status":"closed","template":"lotto-fr-results.php","meta":{"_et_pb_use_builder":"","_et_pb_old_content":"","_et_gb_content_width":"","exclude_from_search":false,"footnotes":""},"class_list":["post-16988","page","type-page","status-publish","hentry"],"yoast_head":"<!-- This site is optimized with the Yoast SEO plugin v23.7 - https:\/\/yoast.com\/wordpress\/plugins\/seo\/ -->\n<title>Tarkista viimeisimm\u00e4t Ranskan lottotulokset | LottoHoy.com<\/title>\n<meta name=\"description\" content=\"Kaikki Ranskan lottotulokset p\u00e4ivitet\u00e4\u00e4n p\u00e4ivitt\u00e4in, ja voitonjako ja seuraava j\u00e4ttipotti odottavat voittoaan. \u00c4l\u00e4 missaa yht\u00e4\u00e4n tulosta!\" \/>\n<meta name=\"robots\" content=\"index, follow, max-snippet:-1, max-image-preview:large, max-video-preview:-1\" \/>\n<link rel=\"canonical\" href=\"https:\/\/lottohoy.com\/fi\/lottery-tulokset\/tulokset-ranskan-lotto\/\" \/>\n<meta property=\"og:locale\" content=\"fi_FI\" \/>\n<meta property=\"og:type\" content=\"article\" \/>\n<meta property=\"og:title\" content=\"Tarkista viimeisimm\u00e4t Ranskan lottotulokset | LottoHoy.com\" \/>\n<meta property=\"og:description\" content=\"Kaikki Ranskan lottotulokset p\u00e4ivitet\u00e4\u00e4n p\u00e4ivitt\u00e4in, ja voitonjako ja seuraava j\u00e4ttipotti odottavat voittoaan. \u00c4l\u00e4 missaa yht\u00e4\u00e4n tulosta!\" \/>\n<meta property=\"og:url\" content=\"https:\/\/lottohoy.com\/fi\/lottery-tulokset\/tulokset-ranskan-lotto\/\" \/>\n<meta property=\"og:site_name\" content=\"Lottohoy\" \/>\n<meta name=\"twitter:card\" content=\"summary_large_image\" \/>\n<meta name=\"twitter:label1\" content=\"Arvioitu lukuaika\" \/>\n\t<meta name=\"twitter:data1\" content=\"2 minuuttia\" \/>\n<script type=\"application\/ld+json\" class=\"yoast-schema-graph\">{\"@context\":\"https:\/\/schema.org\",\"@graph\":[{\"@type\":\"WebPage\",\"@id\":\"https:\/\/lottohoy.com\/fi\/lottery-tulokset\/tulokset-ranskan-lotto\/\",\"url\":\"https:\/\/lottohoy.com\/fi\/lottery-tulokset\/tulokset-ranskan-lotto\/\",\"name\":\"Tarkista viimeisimm\u00e4t Ranskan lottotulokset | LottoHoy.com\",\"isPartOf\":{\"@id\":\"https:\/\/lottohoy.com\/fi\/#website\"},\"datePublished\":\"2024-10-23T05:14:09+00:00\",\"dateModified\":\"2024-10-23T05:14:09+00:00\",\"description\":\"Kaikki Ranskan lottotulokset p\u00e4ivitet\u00e4\u00e4n p\u00e4ivitt\u00e4in, ja voitonjako ja seuraava j\u00e4ttipotti odottavat voittoaan. \u00c4l\u00e4 missaa yht\u00e4\u00e4n tulosta!\",\"breadcrumb\":{\"@id\":\"https:\/\/lottohoy.com\/fi\/lottery-tulokset\/tulokset-ranskan-lotto\/#breadcrumb\"},\"inLanguage\":\"fi\",\"potentialAction\":[{\"@type\":\"ReadAction\",\"target\":[\"https:\/\/lottohoy.com\/fi\/lottery-tulokset\/tulokset-ranskan-lotto\/\"]}]},{\"@type\":\"BreadcrumbList\",\"@id\":\"https:\/\/lottohoy.com\/fi\/lottery-tulokset\/tulokset-ranskan-lotto\/#breadcrumb\",\"itemListElement\":[{\"@type\":\"ListItem\",\"position\":1,\"name\":\"Home\",\"item\":\"https:\/\/lottohoy.com\/fi\/\"},{\"@type\":\"ListItem\",\"position\":2,\"name\":\"Lottery Tulokset\",\"item\":\"https:\/\/lottohoy.com\/fi\/lottery-tulokset\/\"},{\"@type\":\"ListItem\",\"position\":3,\"name\":\"Tulokset Ranskan Lotto\"}]},{\"@type\":\"WebSite\",\"@id\":\"https:\/\/lottohoy.com\/fi\/#website\",\"url\":\"https:\/\/lottohoy.com\/fi\/\",\"name\":\"Lottohoy\",\"description\":\"\",\"potentialAction\":[{\"@type\":\"SearchAction\",\"target\":{\"@type\":\"EntryPoint\",\"urlTemplate\":\"https:\/\/lottohoy.com\/fi\/?s={search_term_string}\"},\"query-input\":{\"@type\":\"PropertyValueSpecification\",\"valueRequired\":true,\"valueName\":\"search_term_string\"}}],\"inLanguage\":\"fi\"}]}<\/script>\n<!-- \/ Yoast SEO plugin. -->","yoast_head_json":{"title":"Tarkista viimeisimm\u00e4t Ranskan lottotulokset | LottoHoy.com","description":"Kaikki Ranskan lottotulokset p\u00e4ivitet\u00e4\u00e4n p\u00e4ivitt\u00e4in, ja voitonjako ja seuraava j\u00e4ttipotti odottavat voittoaan. \u00c4l\u00e4 missaa yht\u00e4\u00e4n tulosta!","robots":{"index":"index","follow":"follow","max-snippet":"max-snippet:-1","max-image-preview":"max-image-preview:large","max-video-preview":"max-video-preview:-1"},"canonical":"https:\/\/lottohoy.com\/fi\/lottery-tulokset\/tulokset-ranskan-lotto\/","og_locale":"fi_FI","og_type":"article","og_title":"Tarkista viimeisimm\u00e4t Ranskan lottotulokset | LottoHoy.com","og_description":"Kaikki Ranskan lottotulokset p\u00e4ivitet\u00e4\u00e4n p\u00e4ivitt\u00e4in, ja voitonjako ja seuraava j\u00e4ttipotti odottavat voittoaan. \u00c4l\u00e4 missaa yht\u00e4\u00e4n tulosta!","og_url":"https:\/\/lottohoy.com\/fi\/lottery-tulokset\/tulokset-ranskan-lotto\/","og_site_name":"Lottohoy","twitter_card":"summary_large_image","twitter_misc":{"Arvioitu lukuaika":"2 minuuttia"},"schema":{"@context":"https:\/\/schema.org","@graph":[{"@type":"WebPage","@id":"https:\/\/lottohoy.com\/fi\/lottery-tulokset\/tulokset-ranskan-lotto\/","url":"https:\/\/lottohoy.com\/fi\/lottery-tulokset\/tulokset-ranskan-lotto\/","name":"Tarkista viimeisimm\u00e4t Ranskan lottotulokset | LottoHoy.com","isPartOf":{"@id":"https:\/\/lottohoy.com\/fi\/#website"},"datePublished":"2024-10-23T05:14:09+00:00","dateModified":"2024-10-23T05:14:09+00:00","description":"Kaikki Ranskan lottotulokset p\u00e4ivitet\u00e4\u00e4n p\u00e4ivitt\u00e4in, ja voitonjako ja seuraava j\u00e4ttipotti odottavat voittoaan. \u00c4l\u00e4 missaa yht\u00e4\u00e4n tulosta!","breadcrumb":{"@id":"https:\/\/lottohoy.com\/fi\/lottery-tulokset\/tulokset-ranskan-lotto\/#breadcrumb"},"inLanguage":"fi","potentialAction":[{"@type":"ReadAction","target":["https:\/\/lottohoy.com\/fi\/lottery-tulokset\/tulokset-ranskan-lotto\/"]}]},{"@type":"BreadcrumbList","@id":"https:\/\/lottohoy.com\/fi\/lottery-tulokset\/tulokset-ranskan-lotto\/#breadcrumb","itemListElement":[{"@type":"ListItem","position":1,"name":"Home","item":"https:\/\/lottohoy.com\/fi\/"},{"@type":"ListItem","position":2,"name":"Lottery Tulokset","item":"https:\/\/lottohoy.com\/fi\/lottery-tulokset\/"},{"@type":"ListItem","position":3,"name":"Tulokset Ranskan Lotto"}]},{"@type":"WebSite","@id":"https:\/\/lottohoy.com\/fi\/#website","url":"https:\/\/lottohoy.com\/fi\/","name":"Lottohoy","description":"","potentialAction":[{"@type":"SearchAction","target":{"@type":"EntryPoint","urlTemplate":"https:\/\/lottohoy.com\/fi\/?s={search_term_string}"},"query-input":{"@type":"PropertyValueSpecification","valueRequired":true,"valueName":"search_term_string"}}],"inLanguage":"fi"}]}},"_links":{"self":[{"href":"https:\/\/lottohoy.com\/fi\/wp-json\/wp\/v2\/pages\/16988","targetHints":{"allow":["GET"]}}],"collection":[{"href":"https:\/\/lottohoy.com\/fi\/wp-json\/wp\/v2\/pages"}],"about":[{"href":"https:\/\/lottohoy.com\/fi\/wp-json\/wp\/v2\/types\/page"}],"author":[{"embeddable":true,"href":"https:\/\/lottohoy.com\/fi\/wp-json\/wp\/v2\/users\/1"}],"replies":[{"embeddable":true,"href":"https:\/\/lottohoy.com\/fi\/wp-json\/wp\/v2\/comments?post=16988"}],"version-history":[{"count":0,"href":"https:\/\/lottohoy.com\/fi\/wp-json\/wp\/v2\/pages\/16988\/revisions"}],"up":[{"embeddable":true,"href":"https:\/\/lottohoy.com\/fi\/wp-json\/wp\/v2\/pages\/16889"}],"wp:attachment":[{"href":"https:\/\/lottohoy.com\/fi\/wp-json\/wp\/v2\/media?parent=16988"}],"curies":[{"name":"wp","href":"https:\/\/api.w.org\/{rel}","templated":true}]}}