{"id":16980,"date":"2020-08-10T17:06:25","date_gmt":"2020-08-10T16:06:25","guid":{"rendered":"https:\/\/lottohoy.com\/lottery-tulokset\/set-for-life-uk-tulokset\/"},"modified":"2020-08-10T17:06:25","modified_gmt":"2020-08-10T16:06:25","slug":"set-for-life-uk-tulokset","status":"publish","type":"page","link":"https:\/\/lottohoy.com\/fi\/lottery-tulokset\/set-for-life-uk-tulokset\/","title":{"rendered":"Set For Life (UK) Tulokset"},"content":{"rendered":"<p>Jos haluat tarkistaa, onko Set for Life -pelisi voittanut, tarkista yksinkertaisesti kupongissasi valitsemasi yhdistelm\u00e4n numerot t\u00e4ll\u00e4 sivulla n\u00e4kyvist\u00e4 tuloksista.<\/p>\n<p>Jos voitat palkinnon jossakin Set for Life UK -kategoriassa, voittosi hyvitet\u00e4\u00e4n automaattisesti tilillesi ja se on heti k\u00e4ytett\u00e4viss\u00e4si.<\/p>\n<h2>Set for Life (UK) -kilpailun tulokset<\/h2>\n<p>T\u00e4lt\u00e4 sivulta l\u00f6yd\u00e4t Set for Life UK -arvontojen tulokset, kyseisen arvonnan arvioidun j\u00e4ttipotin sek\u00e4 muita tietoja, jotka ovat mahdollisimman kiinnostavia tulevien pelien ennustamista varten.<\/p>\n<p>Voit my\u00f6s tarkastella kumulatiivista j\u00e4ttipottia, voittajia ja palkintoja kussakin kategoriassa sek\u00e4 aiempia arvontoja enint\u00e4\u00e4n 24 kuukautta vanhoja arvontoja.<\/p>\n<p>T\u00e4m\u00e4n viimeisen arvonnan voittoyhdistelm\u00e4n oikealla puolella on kolme ruutua. Keskimm\u00e4inen neli\u00f6 n\u00e4ytt\u00e4\u00e4 viimeisimm\u00e4n arvonnan p\u00e4iv\u00e4m\u00e4\u00e4r\u00e4n, ja t\u00e4m\u00e4n keskimm\u00e4isen neli\u00f6n molemmilla puolilla on nuolet oikealle ja vasemmalle, joiden avulla voit siirty\u00e4 aiempiin arvontap\u00e4iv\u00e4m\u00e4\u00e4riin ja edet\u00e4 n\u00e4ist\u00e4 arvonnoista viimeisimp\u00e4\u00e4n p\u00e4iv\u00e4m\u00e4\u00e4r\u00e4\u00e4n.<\/p>\n<h2>Tarkista viimeisimm\u00e4n arvonnan tulokset ja palkinnot<\/h2>\n<p>T\u00e4n\u00e4\u00e4n suoritetun Set for Life UK -arvonnan viimeisimm\u00e4n arvonnan tulokset ja palkintojen jakautuminen kategorioittain esitet\u00e4\u00e4n suuressa taulukossa.<\/p>\n<p>Palkintoluokat (enint\u00e4\u00e4n 8 eri luokkaa), vaadittavat ottelut, joiden perusteella voi saada mink\u00e4 tahansa palkintoluokan.<\/p>\n<p>kunkin luokan voittajat sek\u00e4 kunkin voittajan saama palkinto.<\/p>\n<p>Kun suljet t\u00e4m\u00e4n suuren laatikon, n\u00e4et t\u00e4m\u00e4n arvonnan voittajien kokonaism\u00e4\u00e4r\u00e4n ja kaikkien voittajien kesken jaettavan rahasumman.<\/p>\n","protected":false},"excerpt":{"rendered":"<p>Jos haluat tarkistaa, onko Set for Life -pelisi voittanut, tarkista yksinkertaisesti kupongissasi valitsemasi yhdistelm\u00e4n numerot t\u00e4ll\u00e4 sivulla n\u00e4kyvist\u00e4 tuloksista. Jos voitat palkinnon jossakin Set for Life UK -kategoriassa, voittosi hyvitet\u00e4\u00e4n automaattisesti tilillesi ja se on heti k\u00e4ytett\u00e4viss\u00e4si. Set for Life (UK) -kilpailun tulokset T\u00e4lt\u00e4 sivulta l\u00f6yd\u00e4t Set for Life UK -arvontojen tulokset, kyseisen arvonnan arvioidun [&hellip;]<\/p>\n","protected":false},"author":2,"featured_media":0,"parent":16889,"menu_order":11,"comment_status":"closed","ping_status":"closed","template":"set-for-life-results.php","meta":{"_et_pb_use_builder":"","_et_pb_old_content":"","_et_gb_content_width":"","exclude_from_search":false,"footnotes":""},"class_list":["post-16980","page","type-page","status-publish","hentry"],"yoast_head":"<!-- This site is optimized with the Yoast SEO plugin v23.7 - https:\/\/yoast.com\/wordpress\/plugins\/seo\/ -->\n<title>Tarkista Set for Life (UK) -arvontojen tulokset - LottoHoy.com<\/title>\n<meta name=\"description\" content=\"T\u00e4ll\u00e4 sivulla voit tutustua kaikkiin Set for Life (UK) -arvontojen tuloksiin ja tarkistaa lippusi saaduista palkinnoista.\" \/>\n<meta name=\"robots\" content=\"index, follow, max-snippet:-1, max-image-preview:large, max-video-preview:-1\" \/>\n<link rel=\"canonical\" href=\"https:\/\/lottohoy.com\/fi\/lottery-tulokset\/set-for-life-uk-tulokset\/\" \/>\n<meta property=\"og:locale\" content=\"fi_FI\" \/>\n<meta property=\"og:type\" content=\"article\" \/>\n<meta property=\"og:title\" content=\"Tarkista Set for Life (UK) -arvontojen tulokset - LottoHoy.com\" \/>\n<meta property=\"og:description\" content=\"T\u00e4ll\u00e4 sivulla voit tutustua kaikkiin Set for Life (UK) -arvontojen tuloksiin ja tarkistaa lippusi saaduista palkinnoista.\" \/>\n<meta property=\"og:url\" content=\"https:\/\/lottohoy.com\/fi\/lottery-tulokset\/set-for-life-uk-tulokset\/\" \/>\n<meta property=\"og:site_name\" content=\"Lottohoy\" \/>\n<meta name=\"twitter:card\" content=\"summary_large_image\" \/>\n<meta name=\"twitter:label1\" content=\"Arvioitu lukuaika\" \/>\n\t<meta name=\"twitter:data1\" content=\"1 minuutti\" \/>\n<script type=\"application\/ld+json\" class=\"yoast-schema-graph\">{\"@context\":\"https:\/\/schema.org\",\"@graph\":[{\"@type\":\"WebPage\",\"@id\":\"https:\/\/lottohoy.com\/fi\/lottery-tulokset\/set-for-life-uk-tulokset\/\",\"url\":\"https:\/\/lottohoy.com\/fi\/lottery-tulokset\/set-for-life-uk-tulokset\/\",\"name\":\"Tarkista Set for Life (UK) -arvontojen tulokset - LottoHoy.com\",\"isPartOf\":{\"@id\":\"https:\/\/lottohoy.com\/fi\/#website\"},\"datePublished\":\"2020-08-10T16:06:25+00:00\",\"dateModified\":\"2020-08-10T16:06:25+00:00\",\"description\":\"T\u00e4ll\u00e4 sivulla voit tutustua kaikkiin Set for Life (UK) -arvontojen tuloksiin ja tarkistaa lippusi saaduista palkinnoista.\",\"breadcrumb\":{\"@id\":\"https:\/\/lottohoy.com\/fi\/lottery-tulokset\/set-for-life-uk-tulokset\/#breadcrumb\"},\"inLanguage\":\"fi\",\"potentialAction\":[{\"@type\":\"ReadAction\",\"target\":[\"https:\/\/lottohoy.com\/fi\/lottery-tulokset\/set-for-life-uk-tulokset\/\"]}]},{\"@type\":\"BreadcrumbList\",\"@id\":\"https:\/\/lottohoy.com\/fi\/lottery-tulokset\/set-for-life-uk-tulokset\/#breadcrumb\",\"itemListElement\":[{\"@type\":\"ListItem\",\"position\":1,\"name\":\"Home\",\"item\":\"https:\/\/lottohoy.com\/fi\/\"},{\"@type\":\"ListItem\",\"position\":2,\"name\":\"Lottery Tulokset\",\"item\":\"https:\/\/lottohoy.com\/fi\/lottery-tulokset\/\"},{\"@type\":\"ListItem\",\"position\":3,\"name\":\"Set For Life (UK) Tulokset\"}]},{\"@type\":\"WebSite\",\"@id\":\"https:\/\/lottohoy.com\/fi\/#website\",\"url\":\"https:\/\/lottohoy.com\/fi\/\",\"name\":\"Lottohoy\",\"description\":\"\",\"potentialAction\":[{\"@type\":\"SearchAction\",\"target\":{\"@type\":\"EntryPoint\",\"urlTemplate\":\"https:\/\/lottohoy.com\/fi\/?s={search_term_string}\"},\"query-input\":{\"@type\":\"PropertyValueSpecification\",\"valueRequired\":true,\"valueName\":\"search_term_string\"}}],\"inLanguage\":\"fi\"}]}<\/script>\n<!-- \/ Yoast SEO plugin. -->","yoast_head_json":{"title":"Tarkista Set for Life (UK) -arvontojen tulokset - LottoHoy.com","description":"T\u00e4ll\u00e4 sivulla voit tutustua kaikkiin Set for Life (UK) -arvontojen tuloksiin ja tarkistaa lippusi saaduista palkinnoista.","robots":{"index":"index","follow":"follow","max-snippet":"max-snippet:-1","max-image-preview":"max-image-preview:large","max-video-preview":"max-video-preview:-1"},"canonical":"https:\/\/lottohoy.com\/fi\/lottery-tulokset\/set-for-life-uk-tulokset\/","og_locale":"fi_FI","og_type":"article","og_title":"Tarkista Set for Life (UK) -arvontojen tulokset - LottoHoy.com","og_description":"T\u00e4ll\u00e4 sivulla voit tutustua kaikkiin Set for Life (UK) -arvontojen tuloksiin ja tarkistaa lippusi saaduista palkinnoista.","og_url":"https:\/\/lottohoy.com\/fi\/lottery-tulokset\/set-for-life-uk-tulokset\/","og_site_name":"Lottohoy","twitter_card":"summary_large_image","twitter_misc":{"Arvioitu lukuaika":"1 minuutti"},"schema":{"@context":"https:\/\/schema.org","@graph":[{"@type":"WebPage","@id":"https:\/\/lottohoy.com\/fi\/lottery-tulokset\/set-for-life-uk-tulokset\/","url":"https:\/\/lottohoy.com\/fi\/lottery-tulokset\/set-for-life-uk-tulokset\/","name":"Tarkista Set for Life (UK) -arvontojen tulokset - LottoHoy.com","isPartOf":{"@id":"https:\/\/lottohoy.com\/fi\/#website"},"datePublished":"2020-08-10T16:06:25+00:00","dateModified":"2020-08-10T16:06:25+00:00","description":"T\u00e4ll\u00e4 sivulla voit tutustua kaikkiin Set for Life (UK) -arvontojen tuloksiin ja tarkistaa lippusi saaduista palkinnoista.","breadcrumb":{"@id":"https:\/\/lottohoy.com\/fi\/lottery-tulokset\/set-for-life-uk-tulokset\/#breadcrumb"},"inLanguage":"fi","potentialAction":[{"@type":"ReadAction","target":["https:\/\/lottohoy.com\/fi\/lottery-tulokset\/set-for-life-uk-tulokset\/"]}]},{"@type":"BreadcrumbList","@id":"https:\/\/lottohoy.com\/fi\/lottery-tulokset\/set-for-life-uk-tulokset\/#breadcrumb","itemListElement":[{"@type":"ListItem","position":1,"name":"Home","item":"https:\/\/lottohoy.com\/fi\/"},{"@type":"ListItem","position":2,"name":"Lottery Tulokset","item":"https:\/\/lottohoy.com\/fi\/lottery-tulokset\/"},{"@type":"ListItem","position":3,"name":"Set For Life (UK) Tulokset"}]},{"@type":"WebSite","@id":"https:\/\/lottohoy.com\/fi\/#website","url":"https:\/\/lottohoy.com\/fi\/","name":"Lottohoy","description":"","potentialAction":[{"@type":"SearchAction","target":{"@type":"EntryPoint","urlTemplate":"https:\/\/lottohoy.com\/fi\/?s={search_term_string}"},"query-input":{"@type":"PropertyValueSpecification","valueRequired":true,"valueName":"search_term_string"}}],"inLanguage":"fi"}]}},"_links":{"self":[{"href":"https:\/\/lottohoy.com\/fi\/wp-json\/wp\/v2\/pages\/16980","targetHints":{"allow":["GET"]}}],"collection":[{"href":"https:\/\/lottohoy.com\/fi\/wp-json\/wp\/v2\/pages"}],"about":[{"href":"https:\/\/lottohoy.com\/fi\/wp-json\/wp\/v2\/types\/page"}],"author":[{"embeddable":true,"href":"https:\/\/lottohoy.com\/fi\/wp-json\/wp\/v2\/users\/2"}],"replies":[{"embeddable":true,"href":"https:\/\/lottohoy.com\/fi\/wp-json\/wp\/v2\/comments?post=16980"}],"version-history":[{"count":0,"href":"https:\/\/lottohoy.com\/fi\/wp-json\/wp\/v2\/pages\/16980\/revisions"}],"up":[{"embeddable":true,"href":"https:\/\/lottohoy.com\/fi\/wp-json\/wp\/v2\/pages\/16889"}],"wp:attachment":[{"href":"https:\/\/lottohoy.com\/fi\/wp-json\/wp\/v2\/media?parent=16980"}],"curies":[{"name":"wp","href":"https:\/\/api.w.org\/{rel}","templated":true}]}}