{"id":16975,"date":"2020-08-10T17:41:07","date_gmt":"2020-08-10T16:41:07","guid":{"rendered":"https:\/\/lottohoy.com\/lottery-tulokset\/thunderball-tulokset\/"},"modified":"2020-08-10T17:41:07","modified_gmt":"2020-08-10T16:41:07","slug":"thunderball-tulokset","status":"publish","type":"page","link":"https:\/\/lottohoy.com\/fi\/lottery-tulokset\/thunderball-tulokset\/","title":{"rendered":"Thunderball tulokset"},"content":{"rendered":"<h2>Kuinka tarkistaa Thunderballin tulokset?<\/h2>\n<p>N\u00e4hd\u00e4ksesi Thunderball-arvonnan voittoyhdistelm\u00e4n, vertaa vain arpalippusi yhdistelm\u00e4n numeroita t\u00e4ll\u00e4 sivulla esitettyyn tulokseen. Voit my\u00f6s p\u00e4\u00e4st\u00e4 k\u00e4ytt\u00e4j\u00e4tilillesi, jossa n\u00e4kyv\u00e4t kaikki liikkeet, mukaan lukien voitetut palkinnot<\/p>\n<p>T\u00e4ll\u00e4 samalla sivulla voit my\u00f6s tarkastella kertynytt\u00e4, voittajia ja palkintoja kussakin luokassa sek\u00e4 edellisi\u00e4 arvontoja 24 kuukauteen asti.<\/p>\n<p>Miten palkinnot jaetaan Thunderballissa?<\/p>\n<p>Thunderball on arpajaiset, joissa jaetaan jopa 9 palkintoluokkaa, joten pelk\u00e4st\u00e4\u00e4n t\u00e4ydent\u00e4v\u00e4n Thunderball-numeron osumalla saat palkinnon, jonka todenn\u00e4k\u00f6isyys on 36.<\/p>\n<p>Jos olet rekister\u00f6itynyt k\u00e4ytt\u00e4j\u00e4, saadut palkinnot talletetaan suoraan k\u00e4ytt\u00e4j\u00e4tilillesi, ja sinulla voi olla rahaa saldossasi, jotta voit halutessasi pelata uudelleen tai pyyt\u00e4\u00e4 nostoa.<\/p>\n<h2>Thunderball-suurpalkinto<\/h2>\n<p>Jokaiselle ensimm\u00e4isen luokan voittajalle on vahvistettu 500 000 punnan kiinte\u00e4 palkinto.<\/p>\n<p>Jos ensimm\u00e4isen kategorian voittajia ei ole, palkinto ei ole kumulatiivinen, sill\u00e4 se on aina sama kuin 500 000 punnan palkinto.<\/p>\n<p>My\u00f6s muissa luokissa on kiinte\u00e4 palkinto kullekin kyseisen luokan voittajalle.<\/p>\n<h2>Mitk\u00e4 ovat mahdollisuudet voittaa palkinto?<\/h2>\n<p>Todenn\u00e4k\u00f6isyys voittaa j\u00e4ttipotti on 1:8 060 598.<\/p>\n<p>Mink\u00e4 tahansa palkinnon voittomahdollisuus on 1:13.<\/p>\n","protected":false},"excerpt":{"rendered":"<p>Kuinka tarkistaa Thunderballin tulokset? N\u00e4hd\u00e4ksesi Thunderball-arvonnan voittoyhdistelm\u00e4n, vertaa vain arpalippusi yhdistelm\u00e4n numeroita t\u00e4ll\u00e4 sivulla esitettyyn tulokseen. Voit my\u00f6s p\u00e4\u00e4st\u00e4 k\u00e4ytt\u00e4j\u00e4tilillesi, jossa n\u00e4kyv\u00e4t kaikki liikkeet, mukaan lukien voitetut palkinnot T\u00e4ll\u00e4 samalla sivulla voit my\u00f6s tarkastella kertynytt\u00e4, voittajia ja palkintoja kussakin luokassa sek\u00e4 edellisi\u00e4 arvontoja 24 kuukauteen asti. Miten palkinnot jaetaan Thunderballissa? Thunderball on arpajaiset, joissa jaetaan [&hellip;]<\/p>\n","protected":false},"author":2,"featured_media":0,"parent":16889,"menu_order":10,"comment_status":"closed","ping_status":"closed","template":"thunderball-results.php","meta":{"_et_pb_use_builder":"","_et_pb_old_content":"","_et_gb_content_width":"","exclude_from_search":false,"footnotes":""},"class_list":["post-16975","page","type-page","status-publish","hentry"],"yoast_head":"<!-- This site is optimized with the Yoast SEO plugin v23.7 - https:\/\/yoast.com\/wordpress\/plugins\/seo\/ -->\n<title>Thunderball-tulokset \u21d2 Tarkista Thunderball-arvonnan tulokset<\/title>\n<meta name=\"description\" content=\"Katso Thunderballin tulokset t\u00e4st\u00e4 viimeisimm\u00e4st\u00e4 arvonnasta ja my\u00f6s aiemmista arvonnoista n\u00e4hd\u00e4ksesi, oletko ollut onnekas ja oletko palkinnon voittaja\" \/>\n<meta name=\"robots\" content=\"index, follow, max-snippet:-1, max-image-preview:large, max-video-preview:-1\" \/>\n<link rel=\"canonical\" href=\"https:\/\/lottohoy.com\/fi\/lottery-tulokset\/thunderball-tulokset\/\" \/>\n<meta property=\"og:locale\" content=\"fi_FI\" \/>\n<meta property=\"og:type\" content=\"article\" \/>\n<meta property=\"og:title\" content=\"Thunderball-tulokset \u21d2 Tarkista Thunderball-arvonnan tulokset\" \/>\n<meta property=\"og:description\" content=\"Katso Thunderballin tulokset t\u00e4st\u00e4 viimeisimm\u00e4st\u00e4 arvonnasta ja my\u00f6s aiemmista arvonnoista n\u00e4hd\u00e4ksesi, oletko ollut onnekas ja oletko palkinnon voittaja\" \/>\n<meta property=\"og:url\" content=\"https:\/\/lottohoy.com\/fi\/lottery-tulokset\/thunderball-tulokset\/\" \/>\n<meta property=\"og:site_name\" content=\"Lottohoy\" \/>\n<meta name=\"twitter:card\" content=\"summary_large_image\" \/>\n<meta name=\"twitter:label1\" content=\"Arvioitu lukuaika\" \/>\n\t<meta name=\"twitter:data1\" content=\"1 minuutti\" \/>\n<script type=\"application\/ld+json\" class=\"yoast-schema-graph\">{\"@context\":\"https:\/\/schema.org\",\"@graph\":[{\"@type\":\"WebPage\",\"@id\":\"https:\/\/lottohoy.com\/fi\/lottery-tulokset\/thunderball-tulokset\/\",\"url\":\"https:\/\/lottohoy.com\/fi\/lottery-tulokset\/thunderball-tulokset\/\",\"name\":\"Thunderball-tulokset \u21d2 Tarkista Thunderball-arvonnan tulokset\",\"isPartOf\":{\"@id\":\"https:\/\/lottohoy.com\/fi\/#website\"},\"datePublished\":\"2020-08-10T16:41:07+00:00\",\"dateModified\":\"2020-08-10T16:41:07+00:00\",\"description\":\"Katso Thunderballin tulokset t\u00e4st\u00e4 viimeisimm\u00e4st\u00e4 arvonnasta ja my\u00f6s aiemmista arvonnoista n\u00e4hd\u00e4ksesi, oletko ollut onnekas ja oletko palkinnon voittaja\",\"breadcrumb\":{\"@id\":\"https:\/\/lottohoy.com\/fi\/lottery-tulokset\/thunderball-tulokset\/#breadcrumb\"},\"inLanguage\":\"fi\",\"potentialAction\":[{\"@type\":\"ReadAction\",\"target\":[\"https:\/\/lottohoy.com\/fi\/lottery-tulokset\/thunderball-tulokset\/\"]}]},{\"@type\":\"BreadcrumbList\",\"@id\":\"https:\/\/lottohoy.com\/fi\/lottery-tulokset\/thunderball-tulokset\/#breadcrumb\",\"itemListElement\":[{\"@type\":\"ListItem\",\"position\":1,\"name\":\"Home\",\"item\":\"https:\/\/lottohoy.com\/fi\/\"},{\"@type\":\"ListItem\",\"position\":2,\"name\":\"Lottery Tulokset\",\"item\":\"https:\/\/lottohoy.com\/fi\/lottery-tulokset\/\"},{\"@type\":\"ListItem\",\"position\":3,\"name\":\"Thunderball tulokset\"}]},{\"@type\":\"WebSite\",\"@id\":\"https:\/\/lottohoy.com\/fi\/#website\",\"url\":\"https:\/\/lottohoy.com\/fi\/\",\"name\":\"Lottohoy\",\"description\":\"\",\"potentialAction\":[{\"@type\":\"SearchAction\",\"target\":{\"@type\":\"EntryPoint\",\"urlTemplate\":\"https:\/\/lottohoy.com\/fi\/?s={search_term_string}\"},\"query-input\":{\"@type\":\"PropertyValueSpecification\",\"valueRequired\":true,\"valueName\":\"search_term_string\"}}],\"inLanguage\":\"fi\"}]}<\/script>\n<!-- \/ Yoast SEO plugin. -->","yoast_head_json":{"title":"Thunderball-tulokset \u21d2 Tarkista Thunderball-arvonnan tulokset","description":"Katso Thunderballin tulokset t\u00e4st\u00e4 viimeisimm\u00e4st\u00e4 arvonnasta ja my\u00f6s aiemmista arvonnoista n\u00e4hd\u00e4ksesi, oletko ollut onnekas ja oletko palkinnon voittaja","robots":{"index":"index","follow":"follow","max-snippet":"max-snippet:-1","max-image-preview":"max-image-preview:large","max-video-preview":"max-video-preview:-1"},"canonical":"https:\/\/lottohoy.com\/fi\/lottery-tulokset\/thunderball-tulokset\/","og_locale":"fi_FI","og_type":"article","og_title":"Thunderball-tulokset \u21d2 Tarkista Thunderball-arvonnan tulokset","og_description":"Katso Thunderballin tulokset t\u00e4st\u00e4 viimeisimm\u00e4st\u00e4 arvonnasta ja my\u00f6s aiemmista arvonnoista n\u00e4hd\u00e4ksesi, oletko ollut onnekas ja oletko palkinnon voittaja","og_url":"https:\/\/lottohoy.com\/fi\/lottery-tulokset\/thunderball-tulokset\/","og_site_name":"Lottohoy","twitter_card":"summary_large_image","twitter_misc":{"Arvioitu lukuaika":"1 minuutti"},"schema":{"@context":"https:\/\/schema.org","@graph":[{"@type":"WebPage","@id":"https:\/\/lottohoy.com\/fi\/lottery-tulokset\/thunderball-tulokset\/","url":"https:\/\/lottohoy.com\/fi\/lottery-tulokset\/thunderball-tulokset\/","name":"Thunderball-tulokset \u21d2 Tarkista Thunderball-arvonnan tulokset","isPartOf":{"@id":"https:\/\/lottohoy.com\/fi\/#website"},"datePublished":"2020-08-10T16:41:07+00:00","dateModified":"2020-08-10T16:41:07+00:00","description":"Katso Thunderballin tulokset t\u00e4st\u00e4 viimeisimm\u00e4st\u00e4 arvonnasta ja my\u00f6s aiemmista arvonnoista n\u00e4hd\u00e4ksesi, oletko ollut onnekas ja oletko palkinnon voittaja","breadcrumb":{"@id":"https:\/\/lottohoy.com\/fi\/lottery-tulokset\/thunderball-tulokset\/#breadcrumb"},"inLanguage":"fi","potentialAction":[{"@type":"ReadAction","target":["https:\/\/lottohoy.com\/fi\/lottery-tulokset\/thunderball-tulokset\/"]}]},{"@type":"BreadcrumbList","@id":"https:\/\/lottohoy.com\/fi\/lottery-tulokset\/thunderball-tulokset\/#breadcrumb","itemListElement":[{"@type":"ListItem","position":1,"name":"Home","item":"https:\/\/lottohoy.com\/fi\/"},{"@type":"ListItem","position":2,"name":"Lottery Tulokset","item":"https:\/\/lottohoy.com\/fi\/lottery-tulokset\/"},{"@type":"ListItem","position":3,"name":"Thunderball tulokset"}]},{"@type":"WebSite","@id":"https:\/\/lottohoy.com\/fi\/#website","url":"https:\/\/lottohoy.com\/fi\/","name":"Lottohoy","description":"","potentialAction":[{"@type":"SearchAction","target":{"@type":"EntryPoint","urlTemplate":"https:\/\/lottohoy.com\/fi\/?s={search_term_string}"},"query-input":{"@type":"PropertyValueSpecification","valueRequired":true,"valueName":"search_term_string"}}],"inLanguage":"fi"}]}},"_links":{"self":[{"href":"https:\/\/lottohoy.com\/fi\/wp-json\/wp\/v2\/pages\/16975","targetHints":{"allow":["GET"]}}],"collection":[{"href":"https:\/\/lottohoy.com\/fi\/wp-json\/wp\/v2\/pages"}],"about":[{"href":"https:\/\/lottohoy.com\/fi\/wp-json\/wp\/v2\/types\/page"}],"author":[{"embeddable":true,"href":"https:\/\/lottohoy.com\/fi\/wp-json\/wp\/v2\/users\/2"}],"replies":[{"embeddable":true,"href":"https:\/\/lottohoy.com\/fi\/wp-json\/wp\/v2\/comments?post=16975"}],"version-history":[{"count":0,"href":"https:\/\/lottohoy.com\/fi\/wp-json\/wp\/v2\/pages\/16975\/revisions"}],"up":[{"embeddable":true,"href":"https:\/\/lottohoy.com\/fi\/wp-json\/wp\/v2\/pages\/16889"}],"wp:attachment":[{"href":"https:\/\/lottohoy.com\/fi\/wp-json\/wp\/v2\/media?parent=16975"}],"curies":[{"name":"wp","href":"https:\/\/api.w.org\/{rel}","templated":true}]}}