{"id":16966,"date":"2018-05-03T14:23:40","date_gmt":"2018-05-03T13:23:40","guid":{"rendered":"https:\/\/lottohoy.com\/lottery-tulokset\/uk-lotto-tulokset\/"},"modified":"2018-05-03T14:23:40","modified_gmt":"2018-05-03T13:23:40","slug":"uk-lotto-tulokset","status":"publish","type":"page","link":"https:\/\/lottohoy.com\/fi\/lottery-tulokset\/uk-lotto-tulokset\/","title":{"rendered":"UK Lotto Tulokset"},"content":{"rendered":"<p>T\u00e4ss\u00e4 ovat viimeisimm\u00e4t Yhdistyneen kuningaskunnan lottotulokset. Voit my\u00f6s tarkistaa Ison-Britannian loton arkistoidut arvontatulokset.<\/p>\n<h2><strong>Viimeisimm\u00e4t UK Lotto tulokset<\/strong><\/h2>\n<p>Kun olet <a href=\"https:\/\/lottohoy.com\/play\/lotto-uk\/\"><b>pelannut UK Lotossa<\/b><\/a>, voit tarkistaa edellisen arvonnan voittavan numeroyhdistelm\u00e4n sek\u00e4 kutakin luokkaa vastaavan lottopalkintojen jaon t\u00e4ll\u00e4 sivulla.<\/p>\n<p>Taulukossa n\u00e4kyy kuuden p\u00e4\u00e4numeron yhdistelm\u00e4. On my\u00f6s mahdollista valita ylim\u00e4\u00e4r\u00e4inen \u201dbonus\u201d-pallo, joka tarjoaa palkinnon niille, jotka ovat osuneet kuuteen p\u00e4\u00e4palloon.<\/p>\n<h2><strong>Aiemmat Yhdistyneen kuningaskunnan lottoarvonnat<\/strong><\/h2>\n<p>T\u00e4ll\u00e4 sivulla on my\u00f6s mahdollisuus p\u00e4\u00e4st\u00e4 k\u00e4siksi aiempiin arvontatuloksiin, jolloin voit n\u00e4hd\u00e4 voittoyhdistelmien lis\u00e4ksi my\u00f6s lottopalkintojen jakautumisen eri luokkiin.<\/p>\n<p>Oikeassa yl\u00e4osassa harmaalla on kalenteri, josta voit valita p\u00e4iv\u00e4m\u00e4\u00e4r\u00e4n, jonka tulokset haluat tarkistaa. P\u00e4\u00e4set k\u00e4siksi kahden viime vuoden tuloksiin.<\/p>\n<h2>Lauantain lottovoitot<\/h2>\n<p>Yhdistyneen kuningaskunnan lottoa pelataan joka keskiviikko ja lauantai, ja t\u00e4\u00e4lt\u00e4 voit tarkistaa lottotulosten palkintojen erittelyn molempien viikoittaisten arvontojen osalta heti virallisten tulosten vahvistamisen j\u00e4lkeen.<\/p>\n","protected":false},"excerpt":{"rendered":"<p>T\u00e4ss\u00e4 ovat viimeisimm\u00e4t Yhdistyneen kuningaskunnan lottotulokset. Voit my\u00f6s tarkistaa Ison-Britannian loton arkistoidut arvontatulokset. Viimeisimm\u00e4t UK Lotto tulokset Kun olet pelannut UK Lotossa, voit tarkistaa edellisen arvonnan voittavan numeroyhdistelm\u00e4n sek\u00e4 kutakin luokkaa vastaavan lottopalkintojen jaon t\u00e4ll\u00e4 sivulla. Taulukossa n\u00e4kyy kuuden p\u00e4\u00e4numeron yhdistelm\u00e4. On my\u00f6s mahdollista valita ylim\u00e4\u00e4r\u00e4inen \u201dbonus\u201d-pallo, joka tarjoaa palkinnon niille, jotka ovat osuneet kuuteen [&hellip;]<\/p>\n","protected":false},"author":2,"featured_media":0,"parent":16889,"menu_order":9,"comment_status":"closed","ping_status":"closed","template":"lotto-uk-results.php","meta":{"_et_pb_use_builder":"","_et_pb_old_content":"","_et_gb_content_width":"","exclude_from_search":false,"footnotes":""},"class_list":["post-16966","page","type-page","status-publish","hentry"],"yoast_head":"<!-- This site is optimized with the Yoast SEO plugin v23.7 - https:\/\/yoast.com\/wordpress\/plugins\/seo\/ -->\n<title>Yhdistyneen kuningaskunnan lottotulokset \u25b7 Lotto palkintojen erittely | Lottohoy<\/title>\n<meta name=\"description\" content=\"Tarkista Yhdistyneen kuningaskunnan suosituimman lottopelin, UK Loton, viimeisimm\u00e4t tulokset. L\u00f6yd\u00e4 ajantasaiset tiedot heti arvonnan p\u00e4\u00e4tytty\u00e4.\" \/>\n<meta name=\"robots\" content=\"index, follow, max-snippet:-1, max-image-preview:large, max-video-preview:-1\" \/>\n<link rel=\"canonical\" href=\"https:\/\/lottohoy.com\/fi\/lottery-tulokset\/uk-lotto-tulokset\/\" \/>\n<meta property=\"og:locale\" content=\"fi_FI\" \/>\n<meta property=\"og:type\" content=\"article\" \/>\n<meta property=\"og:title\" content=\"Yhdistyneen kuningaskunnan lottotulokset \u25b7 Lotto palkintojen erittely | Lottohoy\" \/>\n<meta property=\"og:description\" content=\"Tarkista Yhdistyneen kuningaskunnan suosituimman lottopelin, UK Loton, viimeisimm\u00e4t tulokset. L\u00f6yd\u00e4 ajantasaiset tiedot heti arvonnan p\u00e4\u00e4tytty\u00e4.\" \/>\n<meta property=\"og:url\" content=\"https:\/\/lottohoy.com\/fi\/lottery-tulokset\/uk-lotto-tulokset\/\" \/>\n<meta property=\"og:site_name\" content=\"Lottohoy\" \/>\n<meta name=\"twitter:card\" content=\"summary_large_image\" \/>\n<meta name=\"twitter:label1\" content=\"Arvioitu lukuaika\" \/>\n\t<meta name=\"twitter:data1\" content=\"1 minuutti\" \/>\n<script type=\"application\/ld+json\" class=\"yoast-schema-graph\">{\"@context\":\"https:\/\/schema.org\",\"@graph\":[{\"@type\":\"WebPage\",\"@id\":\"https:\/\/lottohoy.com\/fi\/lottery-tulokset\/uk-lotto-tulokset\/\",\"url\":\"https:\/\/lottohoy.com\/fi\/lottery-tulokset\/uk-lotto-tulokset\/\",\"name\":\"Yhdistyneen kuningaskunnan lottotulokset \u25b7 Lotto palkintojen erittely | Lottohoy\",\"isPartOf\":{\"@id\":\"https:\/\/lottohoy.com\/fi\/#website\"},\"datePublished\":\"2018-05-03T13:23:40+00:00\",\"dateModified\":\"2018-05-03T13:23:40+00:00\",\"description\":\"Tarkista Yhdistyneen kuningaskunnan suosituimman lottopelin, UK Loton, viimeisimm\u00e4t tulokset. L\u00f6yd\u00e4 ajantasaiset tiedot heti arvonnan p\u00e4\u00e4tytty\u00e4.\",\"breadcrumb\":{\"@id\":\"https:\/\/lottohoy.com\/fi\/lottery-tulokset\/uk-lotto-tulokset\/#breadcrumb\"},\"inLanguage\":\"fi\",\"potentialAction\":[{\"@type\":\"ReadAction\",\"target\":[\"https:\/\/lottohoy.com\/fi\/lottery-tulokset\/uk-lotto-tulokset\/\"]}]},{\"@type\":\"BreadcrumbList\",\"@id\":\"https:\/\/lottohoy.com\/fi\/lottery-tulokset\/uk-lotto-tulokset\/#breadcrumb\",\"itemListElement\":[{\"@type\":\"ListItem\",\"position\":1,\"name\":\"Home\",\"item\":\"https:\/\/lottohoy.com\/fi\/\"},{\"@type\":\"ListItem\",\"position\":2,\"name\":\"Lottery Tulokset\",\"item\":\"https:\/\/lottohoy.com\/fi\/lottery-tulokset\/\"},{\"@type\":\"ListItem\",\"position\":3,\"name\":\"UK Lotto Tulokset\"}]},{\"@type\":\"WebSite\",\"@id\":\"https:\/\/lottohoy.com\/fi\/#website\",\"url\":\"https:\/\/lottohoy.com\/fi\/\",\"name\":\"Lottohoy\",\"description\":\"\",\"potentialAction\":[{\"@type\":\"SearchAction\",\"target\":{\"@type\":\"EntryPoint\",\"urlTemplate\":\"https:\/\/lottohoy.com\/fi\/?s={search_term_string}\"},\"query-input\":{\"@type\":\"PropertyValueSpecification\",\"valueRequired\":true,\"valueName\":\"search_term_string\"}}],\"inLanguage\":\"fi\"}]}<\/script>\n<!-- \/ Yoast SEO plugin. -->","yoast_head_json":{"title":"Yhdistyneen kuningaskunnan lottotulokset \u25b7 Lotto palkintojen erittely | Lottohoy","description":"Tarkista Yhdistyneen kuningaskunnan suosituimman lottopelin, UK Loton, viimeisimm\u00e4t tulokset. L\u00f6yd\u00e4 ajantasaiset tiedot heti arvonnan p\u00e4\u00e4tytty\u00e4.","robots":{"index":"index","follow":"follow","max-snippet":"max-snippet:-1","max-image-preview":"max-image-preview:large","max-video-preview":"max-video-preview:-1"},"canonical":"https:\/\/lottohoy.com\/fi\/lottery-tulokset\/uk-lotto-tulokset\/","og_locale":"fi_FI","og_type":"article","og_title":"Yhdistyneen kuningaskunnan lottotulokset \u25b7 Lotto palkintojen erittely | Lottohoy","og_description":"Tarkista Yhdistyneen kuningaskunnan suosituimman lottopelin, UK Loton, viimeisimm\u00e4t tulokset. L\u00f6yd\u00e4 ajantasaiset tiedot heti arvonnan p\u00e4\u00e4tytty\u00e4.","og_url":"https:\/\/lottohoy.com\/fi\/lottery-tulokset\/uk-lotto-tulokset\/","og_site_name":"Lottohoy","twitter_card":"summary_large_image","twitter_misc":{"Arvioitu lukuaika":"1 minuutti"},"schema":{"@context":"https:\/\/schema.org","@graph":[{"@type":"WebPage","@id":"https:\/\/lottohoy.com\/fi\/lottery-tulokset\/uk-lotto-tulokset\/","url":"https:\/\/lottohoy.com\/fi\/lottery-tulokset\/uk-lotto-tulokset\/","name":"Yhdistyneen kuningaskunnan lottotulokset \u25b7 Lotto palkintojen erittely | Lottohoy","isPartOf":{"@id":"https:\/\/lottohoy.com\/fi\/#website"},"datePublished":"2018-05-03T13:23:40+00:00","dateModified":"2018-05-03T13:23:40+00:00","description":"Tarkista Yhdistyneen kuningaskunnan suosituimman lottopelin, UK Loton, viimeisimm\u00e4t tulokset. L\u00f6yd\u00e4 ajantasaiset tiedot heti arvonnan p\u00e4\u00e4tytty\u00e4.","breadcrumb":{"@id":"https:\/\/lottohoy.com\/fi\/lottery-tulokset\/uk-lotto-tulokset\/#breadcrumb"},"inLanguage":"fi","potentialAction":[{"@type":"ReadAction","target":["https:\/\/lottohoy.com\/fi\/lottery-tulokset\/uk-lotto-tulokset\/"]}]},{"@type":"BreadcrumbList","@id":"https:\/\/lottohoy.com\/fi\/lottery-tulokset\/uk-lotto-tulokset\/#breadcrumb","itemListElement":[{"@type":"ListItem","position":1,"name":"Home","item":"https:\/\/lottohoy.com\/fi\/"},{"@type":"ListItem","position":2,"name":"Lottery Tulokset","item":"https:\/\/lottohoy.com\/fi\/lottery-tulokset\/"},{"@type":"ListItem","position":3,"name":"UK Lotto Tulokset"}]},{"@type":"WebSite","@id":"https:\/\/lottohoy.com\/fi\/#website","url":"https:\/\/lottohoy.com\/fi\/","name":"Lottohoy","description":"","potentialAction":[{"@type":"SearchAction","target":{"@type":"EntryPoint","urlTemplate":"https:\/\/lottohoy.com\/fi\/?s={search_term_string}"},"query-input":{"@type":"PropertyValueSpecification","valueRequired":true,"valueName":"search_term_string"}}],"inLanguage":"fi"}]}},"_links":{"self":[{"href":"https:\/\/lottohoy.com\/fi\/wp-json\/wp\/v2\/pages\/16966","targetHints":{"allow":["GET"]}}],"collection":[{"href":"https:\/\/lottohoy.com\/fi\/wp-json\/wp\/v2\/pages"}],"about":[{"href":"https:\/\/lottohoy.com\/fi\/wp-json\/wp\/v2\/types\/page"}],"author":[{"embeddable":true,"href":"https:\/\/lottohoy.com\/fi\/wp-json\/wp\/v2\/users\/2"}],"replies":[{"embeddable":true,"href":"https:\/\/lottohoy.com\/fi\/wp-json\/wp\/v2\/comments?post=16966"}],"version-history":[{"count":0,"href":"https:\/\/lottohoy.com\/fi\/wp-json\/wp\/v2\/pages\/16966\/revisions"}],"up":[{"embeddable":true,"href":"https:\/\/lottohoy.com\/fi\/wp-json\/wp\/v2\/pages\/16889"}],"wp:attachment":[{"href":"https:\/\/lottohoy.com\/fi\/wp-json\/wp\/v2\/media?parent=16966"}],"curies":[{"name":"wp","href":"https:\/\/api.w.org\/{rel}","templated":true}]}}