{"id":16959,"date":"2018-08-21T10:11:29","date_gmt":"2018-08-21T09:11:29","guid":{"rendered":"https:\/\/lottohoy.com\/lottery-tulokset\/la-primitiva-tulokset\/"},"modified":"2018-08-21T10:11:29","modified_gmt":"2018-08-21T09:11:29","slug":"la-primitiva-tulokset","status":"publish","type":"page","link":"https:\/\/lottohoy.com\/fi\/lottery-tulokset\/la-primitiva-tulokset\/","title":{"rendered":"La Primitiva tulokset"},"content":{"rendered":"<p>T\u00e4ll\u00e4 sivulla on yksityiskohtainen erittely Primitiva-arvonnan tuloksista, t\u00e4m\u00e4n viimeisen arvonnan arvioitu j\u00e4ttipotti ja muita mielenkiintoisia yksityiskohtia.<\/p>\n<h2>Primitiva tulokset t\u00e4n\u00e4\u00e4n<\/h2>\n<p>T\u00e4ss\u00e4 laatikossa n\u00e4kyv\u00e4t viimeisimm\u00e4n arvonnan tulokset sek\u00e4 kunkin seitsem\u00e4n kategorian voitonjako, arvioitu voittajien m\u00e4\u00e4r\u00e4 kussakin kategoriassa ja heid\u00e4n kesken jaettava summa.<\/p>\n<h2>Kaikki Primitiva-tulokset<\/h2>\n<p>Viimeisimm\u00e4n suoritetun arvonnan tulosten lis\u00e4ksi t\u00e4ll\u00e4 sivulla n\u00e4et my\u00f6s kaikki arvontatulokset viimeisten 24 kuukauden ajalta.<\/p>\n<p>Viimeisimm\u00e4n arvonnan voittoyhdistelm\u00e4n oikealla puolella n\u00e4kyy joitakin harmaita laatikoita, joissa on suuntanuolia, joiden avulla voit k\u00e4yd\u00e4 l\u00e4pi aiempien arvontojen p\u00e4iv\u00e4m\u00e4\u00e4ri\u00e4.<\/p>\n","protected":false},"excerpt":{"rendered":"<p>T\u00e4ll\u00e4 sivulla on yksityiskohtainen erittely Primitiva-arvonnan tuloksista, t\u00e4m\u00e4n viimeisen arvonnan arvioitu j\u00e4ttipotti ja muita mielenkiintoisia yksityiskohtia. Primitiva tulokset t\u00e4n\u00e4\u00e4n T\u00e4ss\u00e4 laatikossa n\u00e4kyv\u00e4t viimeisimm\u00e4n arvonnan tulokset sek\u00e4 kunkin seitsem\u00e4n kategorian voitonjako, arvioitu voittajien m\u00e4\u00e4r\u00e4 kussakin kategoriassa ja heid\u00e4n kesken jaettava summa. Kaikki Primitiva-tulokset Viimeisimm\u00e4n suoritetun arvonnan tulosten lis\u00e4ksi t\u00e4ll\u00e4 sivulla n\u00e4et my\u00f6s kaikki arvontatulokset viimeisten 24 [&hellip;]<\/p>\n","protected":false},"author":2,"featured_media":0,"parent":16889,"menu_order":6,"comment_status":"closed","ping_status":"closed","template":"la-primitiva-results.php","meta":{"_et_pb_use_builder":"","_et_pb_old_content":"","_et_gb_content_width":"","exclude_from_search":false,"footnotes":""},"class_list":["post-16959","page","type-page","status-publish","hentry"],"yoast_head":"<!-- This site is optimized with the Yoast SEO plugin v23.7 - https:\/\/yoast.com\/wordpress\/plugins\/seo\/ -->\n<title>La Primitiva Tulokset - Lottovoittonumerot \u2713<\/title>\n<meta name=\"description\" content=\"Espanjan kuuluisimman loton, La Primitivan, tulosten yksityiskohtainen erittely. Tarkista viimeisimm\u00e4t voittonumerot ja hanki lippusi nyt!\" \/>\n<meta name=\"robots\" content=\"index, follow, max-snippet:-1, max-image-preview:large, max-video-preview:-1\" \/>\n<link rel=\"canonical\" href=\"https:\/\/lottohoy.com\/fi\/lottery-tulokset\/la-primitiva-tulokset\/\" \/>\n<meta property=\"og:locale\" content=\"fi_FI\" \/>\n<meta property=\"og:type\" content=\"article\" \/>\n<meta property=\"og:title\" content=\"La Primitiva Tulokset - Lottovoittonumerot \u2713\" \/>\n<meta property=\"og:description\" content=\"Espanjan kuuluisimman loton, La Primitivan, tulosten yksityiskohtainen erittely. Tarkista viimeisimm\u00e4t voittonumerot ja hanki lippusi nyt!\" \/>\n<meta property=\"og:url\" content=\"https:\/\/lottohoy.com\/fi\/lottery-tulokset\/la-primitiva-tulokset\/\" \/>\n<meta property=\"og:site_name\" content=\"Lottohoy\" \/>\n<meta name=\"twitter:card\" content=\"summary_large_image\" \/>\n<meta name=\"twitter:label1\" content=\"Arvioitu lukuaika\" \/>\n\t<meta name=\"twitter:data1\" content=\"1 minuutti\" \/>\n<script type=\"application\/ld+json\" class=\"yoast-schema-graph\">{\"@context\":\"https:\/\/schema.org\",\"@graph\":[{\"@type\":\"WebPage\",\"@id\":\"https:\/\/lottohoy.com\/fi\/lottery-tulokset\/la-primitiva-tulokset\/\",\"url\":\"https:\/\/lottohoy.com\/fi\/lottery-tulokset\/la-primitiva-tulokset\/\",\"name\":\"La Primitiva Tulokset - Lottovoittonumerot \u2713\",\"isPartOf\":{\"@id\":\"https:\/\/lottohoy.com\/fi\/#website\"},\"datePublished\":\"2018-08-21T09:11:29+00:00\",\"dateModified\":\"2018-08-21T09:11:29+00:00\",\"description\":\"Espanjan kuuluisimman loton, La Primitivan, tulosten yksityiskohtainen erittely. Tarkista viimeisimm\u00e4t voittonumerot ja hanki lippusi nyt!\",\"breadcrumb\":{\"@id\":\"https:\/\/lottohoy.com\/fi\/lottery-tulokset\/la-primitiva-tulokset\/#breadcrumb\"},\"inLanguage\":\"fi\",\"potentialAction\":[{\"@type\":\"ReadAction\",\"target\":[\"https:\/\/lottohoy.com\/fi\/lottery-tulokset\/la-primitiva-tulokset\/\"]}]},{\"@type\":\"BreadcrumbList\",\"@id\":\"https:\/\/lottohoy.com\/fi\/lottery-tulokset\/la-primitiva-tulokset\/#breadcrumb\",\"itemListElement\":[{\"@type\":\"ListItem\",\"position\":1,\"name\":\"Home\",\"item\":\"https:\/\/lottohoy.com\/fi\/\"},{\"@type\":\"ListItem\",\"position\":2,\"name\":\"Lottery Tulokset\",\"item\":\"https:\/\/lottohoy.com\/fi\/lottery-tulokset\/\"},{\"@type\":\"ListItem\",\"position\":3,\"name\":\"La Primitiva tulokset\"}]},{\"@type\":\"WebSite\",\"@id\":\"https:\/\/lottohoy.com\/fi\/#website\",\"url\":\"https:\/\/lottohoy.com\/fi\/\",\"name\":\"Lottohoy\",\"description\":\"\",\"potentialAction\":[{\"@type\":\"SearchAction\",\"target\":{\"@type\":\"EntryPoint\",\"urlTemplate\":\"https:\/\/lottohoy.com\/fi\/?s={search_term_string}\"},\"query-input\":{\"@type\":\"PropertyValueSpecification\",\"valueRequired\":true,\"valueName\":\"search_term_string\"}}],\"inLanguage\":\"fi\"}]}<\/script>\n<!-- \/ Yoast SEO plugin. -->","yoast_head_json":{"title":"La Primitiva Tulokset - Lottovoittonumerot \u2713","description":"Espanjan kuuluisimman loton, La Primitivan, tulosten yksityiskohtainen erittely. Tarkista viimeisimm\u00e4t voittonumerot ja hanki lippusi nyt!","robots":{"index":"index","follow":"follow","max-snippet":"max-snippet:-1","max-image-preview":"max-image-preview:large","max-video-preview":"max-video-preview:-1"},"canonical":"https:\/\/lottohoy.com\/fi\/lottery-tulokset\/la-primitiva-tulokset\/","og_locale":"fi_FI","og_type":"article","og_title":"La Primitiva Tulokset - Lottovoittonumerot \u2713","og_description":"Espanjan kuuluisimman loton, La Primitivan, tulosten yksityiskohtainen erittely. Tarkista viimeisimm\u00e4t voittonumerot ja hanki lippusi nyt!","og_url":"https:\/\/lottohoy.com\/fi\/lottery-tulokset\/la-primitiva-tulokset\/","og_site_name":"Lottohoy","twitter_card":"summary_large_image","twitter_misc":{"Arvioitu lukuaika":"1 minuutti"},"schema":{"@context":"https:\/\/schema.org","@graph":[{"@type":"WebPage","@id":"https:\/\/lottohoy.com\/fi\/lottery-tulokset\/la-primitiva-tulokset\/","url":"https:\/\/lottohoy.com\/fi\/lottery-tulokset\/la-primitiva-tulokset\/","name":"La Primitiva Tulokset - Lottovoittonumerot \u2713","isPartOf":{"@id":"https:\/\/lottohoy.com\/fi\/#website"},"datePublished":"2018-08-21T09:11:29+00:00","dateModified":"2018-08-21T09:11:29+00:00","description":"Espanjan kuuluisimman loton, La Primitivan, tulosten yksityiskohtainen erittely. Tarkista viimeisimm\u00e4t voittonumerot ja hanki lippusi nyt!","breadcrumb":{"@id":"https:\/\/lottohoy.com\/fi\/lottery-tulokset\/la-primitiva-tulokset\/#breadcrumb"},"inLanguage":"fi","potentialAction":[{"@type":"ReadAction","target":["https:\/\/lottohoy.com\/fi\/lottery-tulokset\/la-primitiva-tulokset\/"]}]},{"@type":"BreadcrumbList","@id":"https:\/\/lottohoy.com\/fi\/lottery-tulokset\/la-primitiva-tulokset\/#breadcrumb","itemListElement":[{"@type":"ListItem","position":1,"name":"Home","item":"https:\/\/lottohoy.com\/fi\/"},{"@type":"ListItem","position":2,"name":"Lottery Tulokset","item":"https:\/\/lottohoy.com\/fi\/lottery-tulokset\/"},{"@type":"ListItem","position":3,"name":"La Primitiva tulokset"}]},{"@type":"WebSite","@id":"https:\/\/lottohoy.com\/fi\/#website","url":"https:\/\/lottohoy.com\/fi\/","name":"Lottohoy","description":"","potentialAction":[{"@type":"SearchAction","target":{"@type":"EntryPoint","urlTemplate":"https:\/\/lottohoy.com\/fi\/?s={search_term_string}"},"query-input":{"@type":"PropertyValueSpecification","valueRequired":true,"valueName":"search_term_string"}}],"inLanguage":"fi"}]}},"_links":{"self":[{"href":"https:\/\/lottohoy.com\/fi\/wp-json\/wp\/v2\/pages\/16959","targetHints":{"allow":["GET"]}}],"collection":[{"href":"https:\/\/lottohoy.com\/fi\/wp-json\/wp\/v2\/pages"}],"about":[{"href":"https:\/\/lottohoy.com\/fi\/wp-json\/wp\/v2\/types\/page"}],"author":[{"embeddable":true,"href":"https:\/\/lottohoy.com\/fi\/wp-json\/wp\/v2\/users\/2"}],"replies":[{"embeddable":true,"href":"https:\/\/lottohoy.com\/fi\/wp-json\/wp\/v2\/comments?post=16959"}],"version-history":[{"count":0,"href":"https:\/\/lottohoy.com\/fi\/wp-json\/wp\/v2\/pages\/16959\/revisions"}],"up":[{"embeddable":true,"href":"https:\/\/lottohoy.com\/fi\/wp-json\/wp\/v2\/pages\/16889"}],"wp:attachment":[{"href":"https:\/\/lottohoy.com\/fi\/wp-json\/wp\/v2\/media?parent=16959"}],"curies":[{"name":"wp","href":"https:\/\/api.w.org\/{rel}","templated":true}]}}