{"id":16950,"date":"2019-02-13T18:37:04","date_gmt":"2019-02-13T18:37:04","guid":{"rendered":"https:\/\/lottohoy.com\/lottery-tulokset\/gordo-de-la-primitiva-lottery-tulokset\/"},"modified":"2019-02-13T18:37:04","modified_gmt":"2019-02-13T18:37:04","slug":"gordo-de-la-primitiva-lottery-tulokset","status":"publish","type":"page","link":"https:\/\/lottohoy.com\/fi\/lottery-tulokset\/gordo-de-la-primitiva-lottery-tulokset\/","title":{"rendered":"Gordo de la Primitiva Lottery Tulokset"},"content":{"rendered":"<p>Jos haluat tarkistaa, onko panoksesi El Gordo de la Primitiva -arvonnassa voitettu, tarkista kupongissasi n\u00e4kyv\u00e4n yhdistelm\u00e4n numerot t\u00e4ll\u00e4 sivulla esitetyist\u00e4 tuloksista.<\/p>\n<p>Jos voitat palkinnon jossakin <strong>Gordo de la Primitiva -luokassa<\/strong>, voittonumerot ja voittosi m\u00e4\u00e4r\u00e4 hyvitet\u00e4\u00e4n automaattisesti k\u00e4ytt\u00e4j\u00e4tilillesi, joka on k\u00e4ytett\u00e4viss\u00e4si siit\u00e4 hetkest\u00e4 l\u00e4htien.<\/p>\n<p>Voit my\u00f6s tarkistaa kertyneen j\u00e4ttipotin, voittajat ja palkinnot kussakin kategoriassa sek\u00e4 edelliset arvonnat jopa 24 kuukauden ajalta.<\/p>\n<h2>Tarkista el Gordo de la Primitiva -tulokset<\/h2>\n<p>T\u00e4ll\u00e4 sivulla n\u00e4kyv\u00e4t yksityiskohtaisesti Gordo de la Primitiva -arvonnan tulokset, seuraavan arvonnan arvioitu j\u00e4ttipotti sek\u00e4 muut tiedot, jotka ovat mahdollisimman kiinnostavia tulevien peliesi kannalta.<\/p>\n<p>Viimeisen arvonnan voittoyhdistelm\u00e4n oikealla puolella on kolme ruutua. Keskimm\u00e4inen neli\u00f6 n\u00e4ytt\u00e4\u00e4 tutkittavan arvonnan p\u00e4iv\u00e4m\u00e4\u00e4r\u00e4n, ja t\u00e4m\u00e4n keskimm\u00e4isen neli\u00f6n molemmin puolin on vasemmalle ja oikealle osoittavia nuolia, joiden avulla voit tarkastella aiempien arvontojen p\u00e4iv\u00e4m\u00e4\u00e4ri\u00e4<\/p>\n<h2>Tarkista el Gordo de la Primitiva t\u00e4n\u00e4\u00e4n<\/h2>\n<p>Se n\u00e4ytt\u00e4\u00e4 suuren taulukon, jossa on viimeisimm\u00e4n El Gordon tulokset ja palkintojen jakautuminen kategorioittain.<\/p>\n<p>Palkintoluokat (enint\u00e4\u00e4n yhdeks\u00e4n eri luokkaa), tarvittava menestys, jotta p\u00e4\u00e4see johonkin palkintoluokkaan.<\/p>\n<p>Kunkin luokan voittajat sek\u00e4 palkinto, jonka kukin voittaja saa.<\/p>\n<p>T\u00e4m\u00e4n suuren laatikon sulkeminen, t\u00e4m\u00e4 osoittaa t\u00e4m\u00e4n arvonnan voittajien kokonaism\u00e4\u00e4r\u00e4n ja kaikkien voittajien kesken jaettavan kokonaisrahan.<\/p>\n<h2>Gordo de la Primitiva -palkinnot<\/h2>\n<p>Jos osuu vain kaksi p\u00e4\u00e4numeroa, saat 3 euron kiinte\u00e4n palkinnon, kun taas jos osuu vain avainnumero tai alennus, voitto on panoksen perusm\u00e4\u00e4r\u00e4n palautus.<\/p>\n<p>Palkintojen arvo vaihtelee arvonnasta toiseen, sill\u00e4 ne perustuvat lipunmyyntiin ja kunkin luokan voittajiin.<\/p>\n<p>Seuraavassa taulukossa on esitetty eri palkintoluokat sek\u00e4 kullekin palkintoluokalle my\u00f6nnett\u00e4v\u00e4 ker\u00e4ysprosentti.<\/p>\n<p><b>Palkintoluokat Oikeiden vastausten m\u00e4\u00e4r\u00e4 My\u00f6nnetty prosenttiosuus<\/b><\/p>\n<p>Ensimm\u00e4inen luokka 5 numeroa + palautus 22 %<\/p>\n<p>Toinen luokka 5 numeroa 33 %<\/p>\n<p>Kolmas luokka 4 numeroa + tuki 6 %<\/p>\n<p>Nelj\u00e4s luokka 4 numeroa 7 %<\/p>\n<p>Viides luokka 3 numeroa + tuki 8 %<\/p>\n<p>Kuudes luokka 3 numeroa 26%<\/p>\n<p>Seitsem\u00e4s luokka 2 numeroa + korvaus 20 %<\/p>\n<p>Kahdeksas luokka 2numeroa Kiinte\u00e43 \u20ac.<\/p>\n<p>Korvaus Avainnumero 10%<\/p>\n<h2>El Gordo de la Primitiva suurimmat j\u00e4ttipotit<\/h2>\n<p>Gordossa on taattu 5 miljoonan euron v\u00e4himm\u00e4istakuuj\u00e4ttipotti, joka kertyy seuraavaan arvontaan, jos ensimm\u00e4isen luokan voittajaa ei ole.<\/p>\n<p>J\u00e4ttipotti voi kasvaa rajattomasti, kunnes l\u00f6ytyy voittaja, joka osuu viiteen p\u00e4\u00e4numeroon ja palautusnumeroon.<\/p>\n<p>Gordo de la Primitiva -arvonnan suurimmat j\u00e4ttipotit sen perustamisesta vuonna 1993 t\u00e4h\u00e4n p\u00e4iv\u00e4\u00e4n asti ovat seuraavat:<\/p>\n<p><b>P\u00e4iv\u00e4m\u00e4\u00e4r\u00e4 Summa<\/b> <\/p>\n<p>19\/09\/2010 36,675,630.47 \u20ac <\/p>\n<p>12\/09\/2010 34,230,938.33 \u20ac <\/p>\n<p>14\/08\/2011 30,000,000.00 \u20ac <\/p>\n<p>5\/9\/2010 32,390,368.22 \u20ac <\/p>\n<p>14\/08\/2011 31,626,895.12 \u20ac <\/p>\n<p>20\/08\/2010 30,714,123.47 \u20ac<\/p>\n","protected":false},"excerpt":{"rendered":"<p>Jos haluat tarkistaa, onko panoksesi El Gordo de la Primitiva -arvonnassa voitettu, tarkista kupongissasi n\u00e4kyv\u00e4n yhdistelm\u00e4n numerot t\u00e4ll\u00e4 sivulla esitetyist\u00e4 tuloksista. Jos voitat palkinnon jossakin Gordo de la Primitiva -luokassa, voittonumerot ja voittosi m\u00e4\u00e4r\u00e4 hyvitet\u00e4\u00e4n automaattisesti k\u00e4ytt\u00e4j\u00e4tilillesi, joka on k\u00e4ytett\u00e4viss\u00e4si siit\u00e4 hetkest\u00e4 l\u00e4htien. Voit my\u00f6s tarkistaa kertyneen j\u00e4ttipotin, voittajat ja palkinnot kussakin kategoriassa sek\u00e4 edelliset [&hellip;]<\/p>\n","protected":false},"author":2,"featured_media":0,"parent":16889,"menu_order":6,"comment_status":"closed","ping_status":"closed","template":"el-gordo-results.php","meta":{"_et_pb_use_builder":"","_et_pb_old_content":"","_et_gb_content_width":"","exclude_from_search":false,"footnotes":""},"class_list":["post-16950","page","type-page","status-publish","hentry"],"yoast_head":"<!-- This site is optimized with the Yoast SEO plugin v23.7 - https:\/\/yoast.com\/wordpress\/plugins\/seo\/ -->\n<title>Gordo de La Primitiva - Voittajat ja viimeisimm\u00e4t tulokset - Lottohoy<\/title>\n<meta name=\"description\" content=\"Mit\u00e4 sin\u00e4 odotat? Selvit\u00e4, oletko sin\u00e4 Gordo de La Primitivan viimeisin voittaja.\" \/>\n<meta name=\"robots\" content=\"index, follow, max-snippet:-1, max-image-preview:large, max-video-preview:-1\" \/>\n<link rel=\"canonical\" href=\"https:\/\/lottohoy.com\/fi\/lottery-tulokset\/gordo-de-la-primitiva-lottery-tulokset\/\" \/>\n<meta property=\"og:locale\" content=\"fi_FI\" \/>\n<meta property=\"og:type\" content=\"article\" \/>\n<meta property=\"og:title\" content=\"Gordo de La Primitiva - Voittajat ja viimeisimm\u00e4t tulokset - Lottohoy\" \/>\n<meta property=\"og:description\" content=\"Mit\u00e4 sin\u00e4 odotat? Selvit\u00e4, oletko sin\u00e4 Gordo de La Primitivan viimeisin voittaja.\" \/>\n<meta property=\"og:url\" content=\"https:\/\/lottohoy.com\/fi\/lottery-tulokset\/gordo-de-la-primitiva-lottery-tulokset\/\" \/>\n<meta property=\"og:site_name\" content=\"Lottohoy\" \/>\n<meta name=\"twitter:card\" content=\"summary_large_image\" \/>\n<meta name=\"twitter:label1\" content=\"Arvioitu lukuaika\" \/>\n\t<meta name=\"twitter:data1\" content=\"2 minuuttia\" \/>\n<script type=\"application\/ld+json\" class=\"yoast-schema-graph\">{\"@context\":\"https:\/\/schema.org\",\"@graph\":[{\"@type\":\"WebPage\",\"@id\":\"https:\/\/lottohoy.com\/fi\/lottery-tulokset\/gordo-de-la-primitiva-lottery-tulokset\/\",\"url\":\"https:\/\/lottohoy.com\/fi\/lottery-tulokset\/gordo-de-la-primitiva-lottery-tulokset\/\",\"name\":\"Gordo de La Primitiva - Voittajat ja viimeisimm\u00e4t tulokset - Lottohoy\",\"isPartOf\":{\"@id\":\"https:\/\/lottohoy.com\/fi\/#website\"},\"datePublished\":\"2019-02-13T18:37:04+00:00\",\"dateModified\":\"2019-02-13T18:37:04+00:00\",\"description\":\"Mit\u00e4 sin\u00e4 odotat? Selvit\u00e4, oletko sin\u00e4 Gordo de La Primitivan viimeisin voittaja.\",\"breadcrumb\":{\"@id\":\"https:\/\/lottohoy.com\/fi\/lottery-tulokset\/gordo-de-la-primitiva-lottery-tulokset\/#breadcrumb\"},\"inLanguage\":\"fi\",\"potentialAction\":[{\"@type\":\"ReadAction\",\"target\":[\"https:\/\/lottohoy.com\/fi\/lottery-tulokset\/gordo-de-la-primitiva-lottery-tulokset\/\"]}]},{\"@type\":\"BreadcrumbList\",\"@id\":\"https:\/\/lottohoy.com\/fi\/lottery-tulokset\/gordo-de-la-primitiva-lottery-tulokset\/#breadcrumb\",\"itemListElement\":[{\"@type\":\"ListItem\",\"position\":1,\"name\":\"Home\",\"item\":\"https:\/\/lottohoy.com\/fi\/\"},{\"@type\":\"ListItem\",\"position\":2,\"name\":\"Lottery Tulokset\",\"item\":\"https:\/\/lottohoy.com\/fi\/lottery-tulokset\/\"},{\"@type\":\"ListItem\",\"position\":3,\"name\":\"Gordo de la Primitiva Lottery Tulokset\"}]},{\"@type\":\"WebSite\",\"@id\":\"https:\/\/lottohoy.com\/fi\/#website\",\"url\":\"https:\/\/lottohoy.com\/fi\/\",\"name\":\"Lottohoy\",\"description\":\"\",\"potentialAction\":[{\"@type\":\"SearchAction\",\"target\":{\"@type\":\"EntryPoint\",\"urlTemplate\":\"https:\/\/lottohoy.com\/fi\/?s={search_term_string}\"},\"query-input\":{\"@type\":\"PropertyValueSpecification\",\"valueRequired\":true,\"valueName\":\"search_term_string\"}}],\"inLanguage\":\"fi\"}]}<\/script>\n<!-- \/ Yoast SEO plugin. -->","yoast_head_json":{"title":"Gordo de La Primitiva - Voittajat ja viimeisimm\u00e4t tulokset - Lottohoy","description":"Mit\u00e4 sin\u00e4 odotat? Selvit\u00e4, oletko sin\u00e4 Gordo de La Primitivan viimeisin voittaja.","robots":{"index":"index","follow":"follow","max-snippet":"max-snippet:-1","max-image-preview":"max-image-preview:large","max-video-preview":"max-video-preview:-1"},"canonical":"https:\/\/lottohoy.com\/fi\/lottery-tulokset\/gordo-de-la-primitiva-lottery-tulokset\/","og_locale":"fi_FI","og_type":"article","og_title":"Gordo de La Primitiva - Voittajat ja viimeisimm\u00e4t tulokset - Lottohoy","og_description":"Mit\u00e4 sin\u00e4 odotat? Selvit\u00e4, oletko sin\u00e4 Gordo de La Primitivan viimeisin voittaja.","og_url":"https:\/\/lottohoy.com\/fi\/lottery-tulokset\/gordo-de-la-primitiva-lottery-tulokset\/","og_site_name":"Lottohoy","twitter_card":"summary_large_image","twitter_misc":{"Arvioitu lukuaika":"2 minuuttia"},"schema":{"@context":"https:\/\/schema.org","@graph":[{"@type":"WebPage","@id":"https:\/\/lottohoy.com\/fi\/lottery-tulokset\/gordo-de-la-primitiva-lottery-tulokset\/","url":"https:\/\/lottohoy.com\/fi\/lottery-tulokset\/gordo-de-la-primitiva-lottery-tulokset\/","name":"Gordo de La Primitiva - Voittajat ja viimeisimm\u00e4t tulokset - Lottohoy","isPartOf":{"@id":"https:\/\/lottohoy.com\/fi\/#website"},"datePublished":"2019-02-13T18:37:04+00:00","dateModified":"2019-02-13T18:37:04+00:00","description":"Mit\u00e4 sin\u00e4 odotat? Selvit\u00e4, oletko sin\u00e4 Gordo de La Primitivan viimeisin voittaja.","breadcrumb":{"@id":"https:\/\/lottohoy.com\/fi\/lottery-tulokset\/gordo-de-la-primitiva-lottery-tulokset\/#breadcrumb"},"inLanguage":"fi","potentialAction":[{"@type":"ReadAction","target":["https:\/\/lottohoy.com\/fi\/lottery-tulokset\/gordo-de-la-primitiva-lottery-tulokset\/"]}]},{"@type":"BreadcrumbList","@id":"https:\/\/lottohoy.com\/fi\/lottery-tulokset\/gordo-de-la-primitiva-lottery-tulokset\/#breadcrumb","itemListElement":[{"@type":"ListItem","position":1,"name":"Home","item":"https:\/\/lottohoy.com\/fi\/"},{"@type":"ListItem","position":2,"name":"Lottery Tulokset","item":"https:\/\/lottohoy.com\/fi\/lottery-tulokset\/"},{"@type":"ListItem","position":3,"name":"Gordo de la Primitiva Lottery Tulokset"}]},{"@type":"WebSite","@id":"https:\/\/lottohoy.com\/fi\/#website","url":"https:\/\/lottohoy.com\/fi\/","name":"Lottohoy","description":"","potentialAction":[{"@type":"SearchAction","target":{"@type":"EntryPoint","urlTemplate":"https:\/\/lottohoy.com\/fi\/?s={search_term_string}"},"query-input":{"@type":"PropertyValueSpecification","valueRequired":true,"valueName":"search_term_string"}}],"inLanguage":"fi"}]}},"_links":{"self":[{"href":"https:\/\/lottohoy.com\/fi\/wp-json\/wp\/v2\/pages\/16950","targetHints":{"allow":["GET"]}}],"collection":[{"href":"https:\/\/lottohoy.com\/fi\/wp-json\/wp\/v2\/pages"}],"about":[{"href":"https:\/\/lottohoy.com\/fi\/wp-json\/wp\/v2\/types\/page"}],"author":[{"embeddable":true,"href":"https:\/\/lottohoy.com\/fi\/wp-json\/wp\/v2\/users\/2"}],"replies":[{"embeddable":true,"href":"https:\/\/lottohoy.com\/fi\/wp-json\/wp\/v2\/comments?post=16950"}],"version-history":[{"count":0,"href":"https:\/\/lottohoy.com\/fi\/wp-json\/wp\/v2\/pages\/16950\/revisions"}],"up":[{"embeddable":true,"href":"https:\/\/lottohoy.com\/fi\/wp-json\/wp\/v2\/pages\/16889"}],"wp:attachment":[{"href":"https:\/\/lottohoy.com\/fi\/wp-json\/wp\/v2\/media?parent=16950"}],"curies":[{"name":"wp","href":"https:\/\/api.w.org\/{rel}","templated":true}]}}