{"id":16941,"date":"2018-05-03T14:23:39","date_gmt":"2018-05-03T13:23:39","guid":{"rendered":"https:\/\/lottohoy.com\/lottery-tulokset\/superenalotto-tulokset\/"},"modified":"2018-05-03T14:23:39","modified_gmt":"2018-05-03T13:23:39","slug":"superenalotto-tulokset","status":"publish","type":"page","link":"https:\/\/lottohoy.com\/fi\/lottery-tulokset\/superenalotto-tulokset\/","title":{"rendered":"SuperEnalotto tulokset"},"content":{"rendered":"<p>Tarkista t\u00e4m\u00e4nhetkiset <strong>SuperEnalotto<\/strong> arvontatulokset. Esittelemme my\u00f6s arkistoidut arvontatulokset. Kaikki julkaistut tulokset on otettu lottopelin virallisesta arvonnasta, joten voit <a href=\"https:\/\/lottohoy.com\/play\/superenalotto\/\"><b>pelata Superenalottoa<\/b><\/a> t\u00e4ysin turvallisesti.<\/p>\n<h2><strong>t\u00e4m\u00e4n p\u00e4iv\u00e4n SuperEnalotto tulokset<\/strong><\/h2>\n<p>T\u00e4ll\u00e4 sivulla n\u00e4ytet\u00e4\u00e4n Superenaloton edellisen arvonnan <strong>voittoyhdistelm\u00e4<\/strong> ja kutakin palkintoluokkaa vastaava virallinen <strong>palkintojenjako<\/strong>.<\/p>\n<h2><strong>SuperEnalotto aiemmat tulokset<\/strong><\/h2>\n<p>T\u00e4ll\u00e4 sivulla voit tutustua aiempiin arvontatuloksiin, jotka voivat toimia ohjenuorana tilastojen ja tulevien vetoyhdistelmien osalta. Lis\u00e4ksi voit n\u00e4hd\u00e4 <strong>voittoyhdistelmien<\/strong> lis\u00e4ksi my\u00f6s eri luokkien palkintojakaumat.<\/p>\n<p>Sivuston oikeasta yl\u00e4kulmasta l\u00f6yd\u00e4t kalenteritoiminnon, jonka avulla voit tarkistaa kahden viime vuoden ajalta.<\/p>\n","protected":false},"excerpt":{"rendered":"<p>Tarkista t\u00e4m\u00e4nhetkiset SuperEnalotto arvontatulokset. Esittelemme my\u00f6s arkistoidut arvontatulokset. Kaikki julkaistut tulokset on otettu lottopelin virallisesta arvonnasta, joten voit pelata Superenalottoa t\u00e4ysin turvallisesti. t\u00e4m\u00e4n p\u00e4iv\u00e4n SuperEnalotto tulokset T\u00e4ll\u00e4 sivulla n\u00e4ytet\u00e4\u00e4n Superenaloton edellisen arvonnan voittoyhdistelm\u00e4 ja kutakin palkintoluokkaa vastaava virallinen palkintojenjako. SuperEnalotto aiemmat tulokset T\u00e4ll\u00e4 sivulla voit tutustua aiempiin arvontatuloksiin, jotka voivat toimia ohjenuorana tilastojen ja tulevien [&hellip;]<\/p>\n","protected":false},"author":2,"featured_media":0,"parent":16889,"menu_order":5,"comment_status":"closed","ping_status":"closed","template":"superenalotto-results.php","meta":{"_et_pb_use_builder":"","_et_pb_old_content":"","_et_gb_content_width":"","exclude_from_search":false,"footnotes":""},"class_list":["post-16941","page","type-page","status-publish","hentry"],"yoast_head":"<!-- This site is optimized with the Yoast SEO plugin v23.7 - https:\/\/yoast.com\/wordpress\/plugins\/seo\/ -->\n<title>SuperEnalotto Tulokset | Voittonumerot ja palkinnot \u25b7<\/title>\n<meta name=\"description\" content=\"T\u00e4ll\u00e4 sivulla n\u00e4ytet\u00e4\u00e4n Superenaloton viimeisimm\u00e4n arvonnan voittoyhdistelm\u00e4 ja kutakin palkintoluokkaa vastaava virallinen palkintojen jako.\" \/>\n<meta name=\"robots\" content=\"index, follow, max-snippet:-1, max-image-preview:large, max-video-preview:-1\" \/>\n<link rel=\"canonical\" href=\"https:\/\/lottohoy.com\/fi\/lottery-tulokset\/superenalotto-tulokset\/\" \/>\n<meta property=\"og:locale\" content=\"fi_FI\" \/>\n<meta property=\"og:type\" content=\"article\" \/>\n<meta property=\"og:title\" content=\"SuperEnalotto Tulokset | Voittonumerot ja palkinnot \u25b7\" \/>\n<meta property=\"og:description\" content=\"T\u00e4ll\u00e4 sivulla n\u00e4ytet\u00e4\u00e4n Superenaloton viimeisimm\u00e4n arvonnan voittoyhdistelm\u00e4 ja kutakin palkintoluokkaa vastaava virallinen palkintojen jako.\" \/>\n<meta property=\"og:url\" content=\"https:\/\/lottohoy.com\/fi\/lottery-tulokset\/superenalotto-tulokset\/\" \/>\n<meta property=\"og:site_name\" content=\"Lottohoy\" \/>\n<meta name=\"twitter:card\" content=\"summary_large_image\" \/>\n<script type=\"application\/ld+json\" class=\"yoast-schema-graph\">{\"@context\":\"https:\/\/schema.org\",\"@graph\":[{\"@type\":\"WebPage\",\"@id\":\"https:\/\/lottohoy.com\/fi\/lottery-tulokset\/superenalotto-tulokset\/\",\"url\":\"https:\/\/lottohoy.com\/fi\/lottery-tulokset\/superenalotto-tulokset\/\",\"name\":\"SuperEnalotto Tulokset | Voittonumerot ja palkinnot \u25b7\",\"isPartOf\":{\"@id\":\"https:\/\/lottohoy.com\/fi\/#website\"},\"datePublished\":\"2018-05-03T13:23:39+00:00\",\"dateModified\":\"2018-05-03T13:23:39+00:00\",\"description\":\"T\u00e4ll\u00e4 sivulla n\u00e4ytet\u00e4\u00e4n Superenaloton viimeisimm\u00e4n arvonnan voittoyhdistelm\u00e4 ja kutakin palkintoluokkaa vastaava virallinen palkintojen jako.\",\"breadcrumb\":{\"@id\":\"https:\/\/lottohoy.com\/fi\/lottery-tulokset\/superenalotto-tulokset\/#breadcrumb\"},\"inLanguage\":\"fi\",\"potentialAction\":[{\"@type\":\"ReadAction\",\"target\":[\"https:\/\/lottohoy.com\/fi\/lottery-tulokset\/superenalotto-tulokset\/\"]}]},{\"@type\":\"BreadcrumbList\",\"@id\":\"https:\/\/lottohoy.com\/fi\/lottery-tulokset\/superenalotto-tulokset\/#breadcrumb\",\"itemListElement\":[{\"@type\":\"ListItem\",\"position\":1,\"name\":\"Home\",\"item\":\"https:\/\/lottohoy.com\/fi\/\"},{\"@type\":\"ListItem\",\"position\":2,\"name\":\"Lottery Tulokset\",\"item\":\"https:\/\/lottohoy.com\/fi\/lottery-tulokset\/\"},{\"@type\":\"ListItem\",\"position\":3,\"name\":\"SuperEnalotto tulokset\"}]},{\"@type\":\"WebSite\",\"@id\":\"https:\/\/lottohoy.com\/fi\/#website\",\"url\":\"https:\/\/lottohoy.com\/fi\/\",\"name\":\"Lottohoy\",\"description\":\"\",\"potentialAction\":[{\"@type\":\"SearchAction\",\"target\":{\"@type\":\"EntryPoint\",\"urlTemplate\":\"https:\/\/lottohoy.com\/fi\/?s={search_term_string}\"},\"query-input\":{\"@type\":\"PropertyValueSpecification\",\"valueRequired\":true,\"valueName\":\"search_term_string\"}}],\"inLanguage\":\"fi\"}]}<\/script>\n<!-- \/ Yoast SEO plugin. -->","yoast_head_json":{"title":"SuperEnalotto Tulokset | Voittonumerot ja palkinnot \u25b7","description":"T\u00e4ll\u00e4 sivulla n\u00e4ytet\u00e4\u00e4n Superenaloton viimeisimm\u00e4n arvonnan voittoyhdistelm\u00e4 ja kutakin palkintoluokkaa vastaava virallinen palkintojen jako.","robots":{"index":"index","follow":"follow","max-snippet":"max-snippet:-1","max-image-preview":"max-image-preview:large","max-video-preview":"max-video-preview:-1"},"canonical":"https:\/\/lottohoy.com\/fi\/lottery-tulokset\/superenalotto-tulokset\/","og_locale":"fi_FI","og_type":"article","og_title":"SuperEnalotto Tulokset | Voittonumerot ja palkinnot \u25b7","og_description":"T\u00e4ll\u00e4 sivulla n\u00e4ytet\u00e4\u00e4n Superenaloton viimeisimm\u00e4n arvonnan voittoyhdistelm\u00e4 ja kutakin palkintoluokkaa vastaava virallinen palkintojen jako.","og_url":"https:\/\/lottohoy.com\/fi\/lottery-tulokset\/superenalotto-tulokset\/","og_site_name":"Lottohoy","twitter_card":"summary_large_image","schema":{"@context":"https:\/\/schema.org","@graph":[{"@type":"WebPage","@id":"https:\/\/lottohoy.com\/fi\/lottery-tulokset\/superenalotto-tulokset\/","url":"https:\/\/lottohoy.com\/fi\/lottery-tulokset\/superenalotto-tulokset\/","name":"SuperEnalotto Tulokset | Voittonumerot ja palkinnot \u25b7","isPartOf":{"@id":"https:\/\/lottohoy.com\/fi\/#website"},"datePublished":"2018-05-03T13:23:39+00:00","dateModified":"2018-05-03T13:23:39+00:00","description":"T\u00e4ll\u00e4 sivulla n\u00e4ytet\u00e4\u00e4n Superenaloton viimeisimm\u00e4n arvonnan voittoyhdistelm\u00e4 ja kutakin palkintoluokkaa vastaava virallinen palkintojen jako.","breadcrumb":{"@id":"https:\/\/lottohoy.com\/fi\/lottery-tulokset\/superenalotto-tulokset\/#breadcrumb"},"inLanguage":"fi","potentialAction":[{"@type":"ReadAction","target":["https:\/\/lottohoy.com\/fi\/lottery-tulokset\/superenalotto-tulokset\/"]}]},{"@type":"BreadcrumbList","@id":"https:\/\/lottohoy.com\/fi\/lottery-tulokset\/superenalotto-tulokset\/#breadcrumb","itemListElement":[{"@type":"ListItem","position":1,"name":"Home","item":"https:\/\/lottohoy.com\/fi\/"},{"@type":"ListItem","position":2,"name":"Lottery Tulokset","item":"https:\/\/lottohoy.com\/fi\/lottery-tulokset\/"},{"@type":"ListItem","position":3,"name":"SuperEnalotto tulokset"}]},{"@type":"WebSite","@id":"https:\/\/lottohoy.com\/fi\/#website","url":"https:\/\/lottohoy.com\/fi\/","name":"Lottohoy","description":"","potentialAction":[{"@type":"SearchAction","target":{"@type":"EntryPoint","urlTemplate":"https:\/\/lottohoy.com\/fi\/?s={search_term_string}"},"query-input":{"@type":"PropertyValueSpecification","valueRequired":true,"valueName":"search_term_string"}}],"inLanguage":"fi"}]}},"_links":{"self":[{"href":"https:\/\/lottohoy.com\/fi\/wp-json\/wp\/v2\/pages\/16941","targetHints":{"allow":["GET"]}}],"collection":[{"href":"https:\/\/lottohoy.com\/fi\/wp-json\/wp\/v2\/pages"}],"about":[{"href":"https:\/\/lottohoy.com\/fi\/wp-json\/wp\/v2\/types\/page"}],"author":[{"embeddable":true,"href":"https:\/\/lottohoy.com\/fi\/wp-json\/wp\/v2\/users\/2"}],"replies":[{"embeddable":true,"href":"https:\/\/lottohoy.com\/fi\/wp-json\/wp\/v2\/comments?post=16941"}],"version-history":[{"count":0,"href":"https:\/\/lottohoy.com\/fi\/wp-json\/wp\/v2\/pages\/16941\/revisions"}],"up":[{"embeddable":true,"href":"https:\/\/lottohoy.com\/fi\/wp-json\/wp\/v2\/pages\/16889"}],"wp:attachment":[{"href":"https:\/\/lottohoy.com\/fi\/wp-json\/wp\/v2\/media?parent=16941"}],"curies":[{"name":"wp","href":"https:\/\/api.w.org\/{rel}","templated":true}]}}