{"id":16933,"date":"2018-05-03T14:23:37","date_gmt":"2018-05-03T13:23:37","guid":{"rendered":"https:\/\/lottohoy.com\/lottery-tulokset\/eurojackpot-tulokset\/"},"modified":"2018-05-03T14:23:37","modified_gmt":"2018-05-03T13:23:37","slug":"eurojackpot-tulokset","status":"publish","type":"page","link":"https:\/\/lottohoy.com\/fi\/lottery-tulokset\/eurojackpot-tulokset\/","title":{"rendered":"Eurojackpot tulokset"},"content":{"rendered":"<h2>Tarkista Eurojackpot tulokset<\/h2>\n<p>On t\u00e4rke\u00e4\u00e4 tarkistaa kupongissa n\u00e4kyv\u00e4 numeroyhdistelm\u00e4 <strong>Eurojackpotin virallisella tulossivulla<\/strong> n\u00e4kyvien numeroiden kanssa. Lukuvirheiden ja virallisen tuloksen kanssa tehtyjen transkriptioiden v\u00e4ltt\u00e4miseksi on suositeltavaa tarkistaa lipussa n\u00e4kyv\u00e4 yhdistelm\u00e4 muutamaan kertaan, ennen kuin p\u00e4\u00e4set siit\u00e4 eroon.<\/p>\n<p>Katso t\u00e4lt\u00e4 sivulta <strong>viimeisimm\u00e4n Eurojackpot-arvonnan tulokset<\/strong> ja palkintojen jakautuminen. Voit my\u00f6s tarkistaa <a href=\"https:\/\/lottohoy.com\/results\/\"><strong>kaikkien arpajaisten tulokset<\/strong><\/a> arvonta-ajan j\u00e4lkeen.<\/p>\n<h2>T\u00e4m\u00e4n p\u00e4iv\u00e4n Eurojackpot-tulokset<\/h2>\n<p>T\u00e4ll\u00e4 sivulla voit tarkistaa <strong>Eurojackpotin<\/strong> viimeisimm\u00e4n arvonnan voittonumerot ja tulokset , sek\u00e4 tuloshistorian jopa kahden vuoden ajalta. Lis\u00e4ksi voit tarkistaa <a href=\"https:\/\/lottohoy.com\/jackpots\/\"><strong>t\u00e4n\u00e4\u00e4n kertyneen j\u00e4ttipotin<\/strong><\/a>, voittajat ja palkinnot kussakin luokassa.<\/p>\n<h3>Eurojackpotin pelaamisen etu LottoHoyssa<\/h3>\n<p><a href=\"https:\/\/lottohoy.com\/signup\/\"><strong>Kun luot k\u00e4ytt\u00e4j\u00e4tilin<\/strong><\/a> alustallemme, sinulla on tarkat tiedot tuloksista, jotka on tuotettu jokaisessa lottopeliss\u00e4si.<\/p>\n<p>Jos voitat palkinnon <strong>Eurojackpot-loton<\/strong> eri <strong>kategorioissa<\/strong>, voittonumerot ja voittosi m\u00e4\u00e4r\u00e4 n\u00e4kyv\u00e4t automaattisesti k\u00e4ytt\u00e4j\u00e4tilill\u00e4si, ja ne tulevat saataville siit\u00e4 hetkest\u00e4 l\u00e4htien.<\/p>\n<h2>Edelliset Eurojackpot-arpajaiset<\/h2>\n<p>Sivun oikeassa yl\u00e4kulmassa on <strong>kalenteritoiminto<\/strong>, jonka kautta voit valita p\u00e4iv\u00e4m\u00e4\u00e4r\u00e4n, joka vastaa haluamaasi arvontaan.<\/p>\n<p>Klikkaamalla mit\u00e4 tahansa n\u00e4ist\u00e4 p\u00e4iv\u00e4m\u00e4\u00e4rist\u00e4 p\u00e4\u00e4set kyseiseen arvontaan, voittoyhdistelm\u00e4\u00e4n ja palkintojen jakoon kategorioittain. Muista, ett\u00e4 jos voitat palkinnon, se kirjataan automaattisesti saldoosi, joten voit <a href=\"https:\/\/lottohoy.com\/play\/eurojackpot\/\"><strong>pelata Eurojackpotia<\/strong><\/a> uudelleen.<\/p>\n<h2>Palkintojen jakautuminen Eurojackpotissa<\/h2>\n<p>T\u00e4m\u00e4n sivun tulostaulukosta n\u00e4et <strong>palkintojen jakaumat<\/strong>, jotka ovat vastanneet kutakin Eurojackpotin ennakoimaa 12 palkintoluokkaa.<\/p>\n<p>Taulukossa on ilmoitettu eri numeroyhdistelm\u00e4t, joilla on oikeus saada mink\u00e4 tahansa kategorian palkinto, sek\u00e4 kullekin voittajalle kuuluva eurom\u00e4\u00e4r\u00e4 (\u20ac).<\/p>\n<h2>Eurojackpotissa my\u00f6nnetyt suurimmat palkinnot ja j\u00e4ttipotit.<\/h2>\n<p>Huippuvoittajille on taattu <strong>10 000 000 euron minimij\u00e4ttipotti<\/strong>, joka voitetaan yhdist\u00e4m\u00e4ll\u00e4 viisi ja kaksi numeroa. Jos huippuvoittajia ei ole, kyseisen luokan arvioitu j\u00e4ttipotti kasaantuu per\u00e4kk\u00e4in joka viikko, kunnes se saavuttaa <strong>120 000 000 euron<\/strong> suurimman j\u00e4ttipotin.<\/p>\n<p>Kun kertynyt potti saavuttaa <strong>120 miljoonan euron<\/strong> arvon , loput kyseiseen luokkaan syntyv\u00e4t m\u00e4\u00e4r\u00e4t kasvattavat toiselle luokalle ennakoitua summaa, joten todenn\u00e4k\u00f6isyys voittaa suuri summa kasvaa. Toisen palkintoluokan enimm\u00e4israja on my\u00f6s 90 000 000 euroa per\u00e4kk\u00e4isille kertymille, ja loput siirtyisiv\u00e4t per\u00e4kk\u00e4in alempiin luokkiin.<\/p>\n<p>Eurojackpot-arvonnan alkamisen j\u00e4lkeen viidesti on ollut j\u00e4ttipotin voittaja, jolle on toimitettu maksimissaan 120 000 000 euron suuruinen summa.<\/p>\n<p><b>Arvontap\u00e4iv\u00e4<\/b><\/p>\n<p><b>Voitettu summa<\/b><\/p>\n<p><b>Voittajamaa\/-voittajamaat<\/b><\/p>\n<p>6\/12\/ 2024<\/p>\n<p>120.000.000 \u20ac<\/p>\n<p>Alemania<\/p>\n<p>4\/6\/2024<\/p>\n<p>120.000.000 \u20ac<\/p>\n<p>Dinamarca<\/p>\n<p>23 \/4\/ 2024<\/p>\n<p>120.000.000 \u20ac<\/p>\n<p>Alemania, Eslovenia<\/p>\n<p>16 \/1\/2024<\/p>\n<p>120.000.000 \u20ac<\/p>\n<p>Noruega<\/p>\n<p>23\/6\/ 2023<\/p>\n<p>120.000.000 \u20ac<\/p>\n<p>Alemania<\/p>\n<p>8\/11\/2022<\/p>\n<p>120.000.000 \u20ac<\/p>\n<p>Alemania<\/p>\n<p>22\/6\/ 2022<\/p>\n<p>120.000.000 \u20ac<\/p>\n<p>Dinamarca<\/p>\n<p>Eurojackpot-lotto on yksi pelaajien suosikeista ymp\u00e4ri maailmaa. Ruotsista Etel\u00e4-Afrikkaan, kaikki haluavat kokeilla onneaan ja vied\u00e4 kotiin suuren Eurojackpot-voiton.<\/p>\n","protected":false},"excerpt":{"rendered":"<p>Tarkista Eurojackpot tulokset On t\u00e4rke\u00e4\u00e4 tarkistaa kupongissa n\u00e4kyv\u00e4 numeroyhdistelm\u00e4 Eurojackpotin virallisella tulossivulla n\u00e4kyvien numeroiden kanssa. Lukuvirheiden ja virallisen tuloksen kanssa tehtyjen transkriptioiden v\u00e4ltt\u00e4miseksi on suositeltavaa tarkistaa lipussa n\u00e4kyv\u00e4 yhdistelm\u00e4 muutamaan kertaan, ennen kuin p\u00e4\u00e4set siit\u00e4 eroon. Katso t\u00e4lt\u00e4 sivulta viimeisimm\u00e4n Eurojackpot-arvonnan tulokset ja palkintojen jakautuminen. Voit my\u00f6s tarkistaa kaikkien arpajaisten tulokset arvonta-ajan j\u00e4lkeen. T\u00e4m\u00e4n p\u00e4iv\u00e4n [&hellip;]<\/p>\n","protected":false},"author":2,"featured_media":0,"parent":16889,"menu_order":4,"comment_status":"closed","ping_status":"closed","template":"eurojackpot-results.php","meta":{"_et_pb_use_builder":"","_et_pb_old_content":"","_et_gb_content_width":"","exclude_from_search":false,"footnotes":""},"class_list":["post-16933","page","type-page","status-publish","hentry"],"yoast_head":"<!-- This site is optimized with the Yoast SEO plugin v23.7 - https:\/\/yoast.com\/wordpress\/plugins\/seo\/ -->\n<title>\u25b7 Viimeisimm\u00e4t Eurojackpot-tulokset | Eurojackpot-tulokset t\u00e4n\u00e4\u00e4n<\/title>\n<meta name=\"description\" content=\"Tarkista Eurojackpotin viimeisimm\u00e4t tulokset . Voit my\u00f6s tarkistaa kertyneen j\u00e4ttipotin, voittajat ja palkinnot kussakin kategoriassa. Tarkista lippusi nyt!\" \/>\n<meta name=\"robots\" content=\"index, follow, max-snippet:-1, max-image-preview:large, max-video-preview:-1\" \/>\n<link rel=\"canonical\" href=\"https:\/\/lottohoy.com\/fi\/lottery-tulokset\/eurojackpot-tulokset\/\" \/>\n<meta property=\"og:locale\" content=\"fi_FI\" \/>\n<meta property=\"og:type\" content=\"article\" \/>\n<meta property=\"og:title\" content=\"\u25b7 Viimeisimm\u00e4t Eurojackpot-tulokset | Eurojackpot-tulokset t\u00e4n\u00e4\u00e4n\" \/>\n<meta property=\"og:description\" content=\"Tarkista Eurojackpotin viimeisimm\u00e4t tulokset . Voit my\u00f6s tarkistaa kertyneen j\u00e4ttipotin, voittajat ja palkinnot kussakin kategoriassa. Tarkista lippusi nyt!\" \/>\n<meta property=\"og:url\" content=\"https:\/\/lottohoy.com\/fi\/lottery-tulokset\/eurojackpot-tulokset\/\" \/>\n<meta property=\"og:site_name\" content=\"Lottohoy\" \/>\n<meta name=\"twitter:card\" content=\"summary_large_image\" \/>\n<meta name=\"twitter:label1\" content=\"Arvioitu lukuaika\" \/>\n\t<meta name=\"twitter:data1\" content=\"2 minuuttia\" \/>\n<script type=\"application\/ld+json\" class=\"yoast-schema-graph\">{\"@context\":\"https:\/\/schema.org\",\"@graph\":[{\"@type\":\"WebPage\",\"@id\":\"https:\/\/lottohoy.com\/fi\/lottery-tulokset\/eurojackpot-tulokset\/\",\"url\":\"https:\/\/lottohoy.com\/fi\/lottery-tulokset\/eurojackpot-tulokset\/\",\"name\":\"\u25b7 Viimeisimm\u00e4t Eurojackpot-tulokset | Eurojackpot-tulokset t\u00e4n\u00e4\u00e4n\",\"isPartOf\":{\"@id\":\"https:\/\/lottohoy.com\/fi\/#website\"},\"datePublished\":\"2018-05-03T13:23:37+00:00\",\"dateModified\":\"2018-05-03T13:23:37+00:00\",\"description\":\"Tarkista Eurojackpotin viimeisimm\u00e4t tulokset . Voit my\u00f6s tarkistaa kertyneen j\u00e4ttipotin, voittajat ja palkinnot kussakin kategoriassa. Tarkista lippusi nyt!\",\"breadcrumb\":{\"@id\":\"https:\/\/lottohoy.com\/fi\/lottery-tulokset\/eurojackpot-tulokset\/#breadcrumb\"},\"inLanguage\":\"fi\",\"potentialAction\":[{\"@type\":\"ReadAction\",\"target\":[\"https:\/\/lottohoy.com\/fi\/lottery-tulokset\/eurojackpot-tulokset\/\"]}]},{\"@type\":\"BreadcrumbList\",\"@id\":\"https:\/\/lottohoy.com\/fi\/lottery-tulokset\/eurojackpot-tulokset\/#breadcrumb\",\"itemListElement\":[{\"@type\":\"ListItem\",\"position\":1,\"name\":\"Home\",\"item\":\"https:\/\/lottohoy.com\/fi\/\"},{\"@type\":\"ListItem\",\"position\":2,\"name\":\"Lottery Tulokset\",\"item\":\"https:\/\/lottohoy.com\/fi\/lottery-tulokset\/\"},{\"@type\":\"ListItem\",\"position\":3,\"name\":\"Eurojackpot tulokset\"}]},{\"@type\":\"WebSite\",\"@id\":\"https:\/\/lottohoy.com\/fi\/#website\",\"url\":\"https:\/\/lottohoy.com\/fi\/\",\"name\":\"Lottohoy\",\"description\":\"\",\"potentialAction\":[{\"@type\":\"SearchAction\",\"target\":{\"@type\":\"EntryPoint\",\"urlTemplate\":\"https:\/\/lottohoy.com\/fi\/?s={search_term_string}\"},\"query-input\":{\"@type\":\"PropertyValueSpecification\",\"valueRequired\":true,\"valueName\":\"search_term_string\"}}],\"inLanguage\":\"fi\"}]}<\/script>\n<!-- \/ Yoast SEO plugin. -->","yoast_head_json":{"title":"\u25b7 Viimeisimm\u00e4t Eurojackpot-tulokset | Eurojackpot-tulokset t\u00e4n\u00e4\u00e4n","description":"Tarkista Eurojackpotin viimeisimm\u00e4t tulokset . Voit my\u00f6s tarkistaa kertyneen j\u00e4ttipotin, voittajat ja palkinnot kussakin kategoriassa. Tarkista lippusi nyt!","robots":{"index":"index","follow":"follow","max-snippet":"max-snippet:-1","max-image-preview":"max-image-preview:large","max-video-preview":"max-video-preview:-1"},"canonical":"https:\/\/lottohoy.com\/fi\/lottery-tulokset\/eurojackpot-tulokset\/","og_locale":"fi_FI","og_type":"article","og_title":"\u25b7 Viimeisimm\u00e4t Eurojackpot-tulokset | Eurojackpot-tulokset t\u00e4n\u00e4\u00e4n","og_description":"Tarkista Eurojackpotin viimeisimm\u00e4t tulokset . Voit my\u00f6s tarkistaa kertyneen j\u00e4ttipotin, voittajat ja palkinnot kussakin kategoriassa. Tarkista lippusi nyt!","og_url":"https:\/\/lottohoy.com\/fi\/lottery-tulokset\/eurojackpot-tulokset\/","og_site_name":"Lottohoy","twitter_card":"summary_large_image","twitter_misc":{"Arvioitu lukuaika":"2 minuuttia"},"schema":{"@context":"https:\/\/schema.org","@graph":[{"@type":"WebPage","@id":"https:\/\/lottohoy.com\/fi\/lottery-tulokset\/eurojackpot-tulokset\/","url":"https:\/\/lottohoy.com\/fi\/lottery-tulokset\/eurojackpot-tulokset\/","name":"\u25b7 Viimeisimm\u00e4t Eurojackpot-tulokset | Eurojackpot-tulokset t\u00e4n\u00e4\u00e4n","isPartOf":{"@id":"https:\/\/lottohoy.com\/fi\/#website"},"datePublished":"2018-05-03T13:23:37+00:00","dateModified":"2018-05-03T13:23:37+00:00","description":"Tarkista Eurojackpotin viimeisimm\u00e4t tulokset . Voit my\u00f6s tarkistaa kertyneen j\u00e4ttipotin, voittajat ja palkinnot kussakin kategoriassa. Tarkista lippusi nyt!","breadcrumb":{"@id":"https:\/\/lottohoy.com\/fi\/lottery-tulokset\/eurojackpot-tulokset\/#breadcrumb"},"inLanguage":"fi","potentialAction":[{"@type":"ReadAction","target":["https:\/\/lottohoy.com\/fi\/lottery-tulokset\/eurojackpot-tulokset\/"]}]},{"@type":"BreadcrumbList","@id":"https:\/\/lottohoy.com\/fi\/lottery-tulokset\/eurojackpot-tulokset\/#breadcrumb","itemListElement":[{"@type":"ListItem","position":1,"name":"Home","item":"https:\/\/lottohoy.com\/fi\/"},{"@type":"ListItem","position":2,"name":"Lottery Tulokset","item":"https:\/\/lottohoy.com\/fi\/lottery-tulokset\/"},{"@type":"ListItem","position":3,"name":"Eurojackpot tulokset"}]},{"@type":"WebSite","@id":"https:\/\/lottohoy.com\/fi\/#website","url":"https:\/\/lottohoy.com\/fi\/","name":"Lottohoy","description":"","potentialAction":[{"@type":"SearchAction","target":{"@type":"EntryPoint","urlTemplate":"https:\/\/lottohoy.com\/fi\/?s={search_term_string}"},"query-input":{"@type":"PropertyValueSpecification","valueRequired":true,"valueName":"search_term_string"}}],"inLanguage":"fi"}]}},"_links":{"self":[{"href":"https:\/\/lottohoy.com\/fi\/wp-json\/wp\/v2\/pages\/16933","targetHints":{"allow":["GET"]}}],"collection":[{"href":"https:\/\/lottohoy.com\/fi\/wp-json\/wp\/v2\/pages"}],"about":[{"href":"https:\/\/lottohoy.com\/fi\/wp-json\/wp\/v2\/types\/page"}],"author":[{"embeddable":true,"href":"https:\/\/lottohoy.com\/fi\/wp-json\/wp\/v2\/users\/2"}],"replies":[{"embeddable":true,"href":"https:\/\/lottohoy.com\/fi\/wp-json\/wp\/v2\/comments?post=16933"}],"version-history":[{"count":0,"href":"https:\/\/lottohoy.com\/fi\/wp-json\/wp\/v2\/pages\/16933\/revisions"}],"up":[{"embeddable":true,"href":"https:\/\/lottohoy.com\/fi\/wp-json\/wp\/v2\/pages\/16889"}],"wp:attachment":[{"href":"https:\/\/lottohoy.com\/fi\/wp-json\/wp\/v2\/media?parent=16933"}],"curies":[{"name":"wp","href":"https:\/\/api.w.org\/{rel}","templated":true}]}}