{"id":16926,"date":"2018-05-03T14:23:37","date_gmt":"2018-05-03T13:23:37","guid":{"rendered":"https:\/\/lottohoy.com\/lottery-tulokset\/euromillions-tulokset\/"},"modified":"2025-05-27T18:49:50","modified_gmt":"2025-05-27T17:49:50","slug":"euromillions-tulokset","status":"publish","type":"page","link":"https:\/\/lottohoy.com\/fi\/lottery-tulokset\/euromillions-tulokset\/","title":{"rendered":"EuroMillions tulokset"},"content":{"rendered":"<h1 data-start=\"129\" data-end=\"169\"><strong data-start=\"131\" data-end=\"169\">T\u00e4m\u00e4n p\u00e4iv\u00e4n MegaMillions-tulokset<\/strong><\/h1>\n<p data-start=\"171\" data-end=\"387\">T\u00e4\u00e4lt\u00e4 voit tarkistaa <strong data-start=\"193\" data-end=\"209\">MegaMillions<\/strong>-loton uusimmat ja p\u00e4ivitetyt arvontatulokset. Jos ne vastaavat valitsemaasi yhdistelm\u00e4\u00e4 \u2013 onnittelut! Saatat voittaa mukavan summan tai jopa tulla seuraavaksi miljon\u00e4\u00e4riksi.<\/p>\n<p data-start=\"389\" data-end=\"540\">Voit my\u00f6s tarkastella aiempien arvontojen tuloksia arkistosta, auttaaksesi suunnittelemaan strategiasi ja pelataksesi omat <a href=\"https:\/\/lottohoy.com\/fi\/pelata\/pelaa-mega-millionsia\/\"><strong data-start=\"514\" data-end=\"530\">MegaMillions<\/strong>-kupongit<\/a>.<\/p>\n<h2 data-start=\"547\" data-end=\"582\"><strong data-start=\"550\" data-end=\"582\">Kaikki MegaMillions-tulokset<\/strong><\/h2>\n<p data-start=\"584\" data-end=\"703\">T\u00e4ll\u00e4 sivulla voit tarkistaa kaikki aiemmat arvontatulokset sek\u00e4 <strong data-start=\"651\" data-end=\"668\">MEGA MILLIONS<\/strong> -loton voittosummien jakautumiset.<\/p>\n<p data-start=\"705\" data-end=\"877\">Jos siirryt sivun oikeaan yl\u00e4kulmaan, n\u00e4et <strong data-start=\"750\" data-end=\"771\">kalenterity\u00f6kalun<\/strong>, jonka olemme kehitt\u00e4neet, jotta voit valita haluamasi tarkistusp\u00e4iv\u00e4n \u2013 mukaan lukien erikoisarvonnat.<\/p>\n<p data-start=\"879\" data-end=\"926\"><strong data-start=\"928\" data-end=\"943\">Vasen nuoli<\/strong> antaa p\u00e4\u00e4syn edelliseen arvontaan, ja <strong data-start=\"984\" data-end=\"1042\">keskell\u00e4 oleva laatikko alasp\u00e4in osoittavalla nuolella<\/strong> avaa pudotusvalikon, jossa on kaikki viimeisten 20 kuukauden arvontap\u00e4iv\u00e4t.<\/p>\n<p data-start=\"1122\" data-end=\"1315\">Jos haluat olla yksi seuraavista n\u00e4iden valtavien <a href=\"https:\/\/lottohoy.com\/fi\/lotto-jattipotit\/\">j\u00e4ttipottien voittajista,<\/a> <a href=\"https:\/\/lottohoy.com\/fi\/rekisterointi\/\"><strong data-start=\"1200\" data-end=\"1240\">rekister\u00f6idy nyt LottoHoy-sivustolla<\/strong><\/a> ja valitse suosikkinumerosi. <strong data-start=\"1272\" data-end=\"1315\">Pelaa Mega Millions! Mit\u00e4 viel\u00e4 odotat?<\/strong><\/p>\n","protected":false},"excerpt":{"rendered":"<p>T\u00e4m\u00e4n p\u00e4iv\u00e4n MegaMillions-tulokset T\u00e4\u00e4lt\u00e4 voit tarkistaa MegaMillions-loton uusimmat ja p\u00e4ivitetyt arvontatulokset. Jos ne vastaavat valitsemaasi yhdistelm\u00e4\u00e4 \u2013 onnittelut! Saatat voittaa mukavan summan tai jopa tulla seuraavaksi miljon\u00e4\u00e4riksi. Voit my\u00f6s tarkastella aiempien arvontojen tuloksia arkistosta, auttaaksesi suunnittelemaan strategiasi ja pelataksesi omat MegaMillions-kupongit. Kaikki MegaMillions-tulokset T\u00e4ll\u00e4 sivulla voit tarkistaa kaikki aiemmat arvontatulokset sek\u00e4 MEGA MILLIONS -loton voittosummien [&hellip;]<\/p>\n","protected":false},"author":2,"featured_media":0,"parent":16889,"menu_order":3,"comment_status":"closed","ping_status":"closed","template":"euromillions-results.php","meta":{"_et_pb_use_builder":"","_et_pb_old_content":"","_et_gb_content_width":"","exclude_from_search":false,"footnotes":""},"class_list":["post-16926","page","type-page","status-publish","hentry"],"yoast_head":"<!-- This site is optimized with the Yoast SEO plugin v23.7 - https:\/\/yoast.com\/wordpress\/plugins\/seo\/ -->\n<title>Euromillions tulokset \u25b7 Euromillions palkintoluettelo<\/title>\n<meta name=\"description\" content=\"Selvit\u00e4, oletko sin\u00e4 viimeisimm\u00e4n Euromillions-j\u00e4ttipotin voittaja. Hanki lippusi verkossa nyt turvallisella ja nopealla alustallamme.\" \/>\n<meta name=\"robots\" content=\"index, follow, max-snippet:-1, max-image-preview:large, max-video-preview:-1\" \/>\n<link rel=\"canonical\" href=\"https:\/\/lottohoy.com\/fi\/lottery-tulokset\/euromillions-tulokset\/\" \/>\n<meta property=\"og:locale\" content=\"fi_FI\" \/>\n<meta property=\"og:type\" content=\"article\" \/>\n<meta property=\"og:title\" content=\"Euromillions tulokset \u25b7 Euromillions palkintoluettelo\" \/>\n<meta property=\"og:description\" content=\"Selvit\u00e4, oletko sin\u00e4 viimeisimm\u00e4n Euromillions-j\u00e4ttipotin voittaja. Hanki lippusi verkossa nyt turvallisella ja nopealla alustallamme.\" \/>\n<meta property=\"og:url\" content=\"https:\/\/lottohoy.com\/fi\/lottery-tulokset\/euromillions-tulokset\/\" \/>\n<meta property=\"og:site_name\" content=\"Lottohoy\" \/>\n<meta property=\"article:modified_time\" content=\"2025-05-27T17:49:50+00:00\" \/>\n<meta name=\"twitter:card\" content=\"summary_large_image\" \/>\n<meta name=\"twitter:label1\" content=\"Arvioitu lukuaika\" \/>\n\t<meta name=\"twitter:data1\" content=\"1 minuutti\" \/>\n<script type=\"application\/ld+json\" class=\"yoast-schema-graph\">{\"@context\":\"https:\/\/schema.org\",\"@graph\":[{\"@type\":\"WebPage\",\"@id\":\"https:\/\/lottohoy.com\/fi\/lottery-tulokset\/euromillions-tulokset\/\",\"url\":\"https:\/\/lottohoy.com\/fi\/lottery-tulokset\/euromillions-tulokset\/\",\"name\":\"Euromillions tulokset \u25b7 Euromillions palkintoluettelo\",\"isPartOf\":{\"@id\":\"https:\/\/lottohoy.com\/fi\/#website\"},\"datePublished\":\"2018-05-03T13:23:37+00:00\",\"dateModified\":\"2025-05-27T17:49:50+00:00\",\"description\":\"Selvit\u00e4, oletko sin\u00e4 viimeisimm\u00e4n Euromillions-j\u00e4ttipotin voittaja. Hanki lippusi verkossa nyt turvallisella ja nopealla alustallamme.\",\"breadcrumb\":{\"@id\":\"https:\/\/lottohoy.com\/fi\/lottery-tulokset\/euromillions-tulokset\/#breadcrumb\"},\"inLanguage\":\"fi\",\"potentialAction\":[{\"@type\":\"ReadAction\",\"target\":[\"https:\/\/lottohoy.com\/fi\/lottery-tulokset\/euromillions-tulokset\/\"]}]},{\"@type\":\"BreadcrumbList\",\"@id\":\"https:\/\/lottohoy.com\/fi\/lottery-tulokset\/euromillions-tulokset\/#breadcrumb\",\"itemListElement\":[{\"@type\":\"ListItem\",\"position\":1,\"name\":\"Home\",\"item\":\"https:\/\/lottohoy.com\/fi\/\"},{\"@type\":\"ListItem\",\"position\":2,\"name\":\"Lottery Tulokset\",\"item\":\"https:\/\/lottohoy.com\/fi\/lottery-tulokset\/\"},{\"@type\":\"ListItem\",\"position\":3,\"name\":\"EuroMillions tulokset\"}]},{\"@type\":\"WebSite\",\"@id\":\"https:\/\/lottohoy.com\/fi\/#website\",\"url\":\"https:\/\/lottohoy.com\/fi\/\",\"name\":\"Lottohoy\",\"description\":\"\",\"potentialAction\":[{\"@type\":\"SearchAction\",\"target\":{\"@type\":\"EntryPoint\",\"urlTemplate\":\"https:\/\/lottohoy.com\/fi\/?s={search_term_string}\"},\"query-input\":{\"@type\":\"PropertyValueSpecification\",\"valueRequired\":true,\"valueName\":\"search_term_string\"}}],\"inLanguage\":\"fi\"}]}<\/script>\n<!-- \/ Yoast SEO plugin. -->","yoast_head_json":{"title":"Euromillions tulokset \u25b7 Euromillions palkintoluettelo","description":"Selvit\u00e4, oletko sin\u00e4 viimeisimm\u00e4n Euromillions-j\u00e4ttipotin voittaja. Hanki lippusi verkossa nyt turvallisella ja nopealla alustallamme.","robots":{"index":"index","follow":"follow","max-snippet":"max-snippet:-1","max-image-preview":"max-image-preview:large","max-video-preview":"max-video-preview:-1"},"canonical":"https:\/\/lottohoy.com\/fi\/lottery-tulokset\/euromillions-tulokset\/","og_locale":"fi_FI","og_type":"article","og_title":"Euromillions tulokset \u25b7 Euromillions palkintoluettelo","og_description":"Selvit\u00e4, oletko sin\u00e4 viimeisimm\u00e4n Euromillions-j\u00e4ttipotin voittaja. Hanki lippusi verkossa nyt turvallisella ja nopealla alustallamme.","og_url":"https:\/\/lottohoy.com\/fi\/lottery-tulokset\/euromillions-tulokset\/","og_site_name":"Lottohoy","article_modified_time":"2025-05-27T17:49:50+00:00","twitter_card":"summary_large_image","twitter_misc":{"Arvioitu lukuaika":"1 minuutti"},"schema":{"@context":"https:\/\/schema.org","@graph":[{"@type":"WebPage","@id":"https:\/\/lottohoy.com\/fi\/lottery-tulokset\/euromillions-tulokset\/","url":"https:\/\/lottohoy.com\/fi\/lottery-tulokset\/euromillions-tulokset\/","name":"Euromillions tulokset \u25b7 Euromillions palkintoluettelo","isPartOf":{"@id":"https:\/\/lottohoy.com\/fi\/#website"},"datePublished":"2018-05-03T13:23:37+00:00","dateModified":"2025-05-27T17:49:50+00:00","description":"Selvit\u00e4, oletko sin\u00e4 viimeisimm\u00e4n Euromillions-j\u00e4ttipotin voittaja. Hanki lippusi verkossa nyt turvallisella ja nopealla alustallamme.","breadcrumb":{"@id":"https:\/\/lottohoy.com\/fi\/lottery-tulokset\/euromillions-tulokset\/#breadcrumb"},"inLanguage":"fi","potentialAction":[{"@type":"ReadAction","target":["https:\/\/lottohoy.com\/fi\/lottery-tulokset\/euromillions-tulokset\/"]}]},{"@type":"BreadcrumbList","@id":"https:\/\/lottohoy.com\/fi\/lottery-tulokset\/euromillions-tulokset\/#breadcrumb","itemListElement":[{"@type":"ListItem","position":1,"name":"Home","item":"https:\/\/lottohoy.com\/fi\/"},{"@type":"ListItem","position":2,"name":"Lottery Tulokset","item":"https:\/\/lottohoy.com\/fi\/lottery-tulokset\/"},{"@type":"ListItem","position":3,"name":"EuroMillions tulokset"}]},{"@type":"WebSite","@id":"https:\/\/lottohoy.com\/fi\/#website","url":"https:\/\/lottohoy.com\/fi\/","name":"Lottohoy","description":"","potentialAction":[{"@type":"SearchAction","target":{"@type":"EntryPoint","urlTemplate":"https:\/\/lottohoy.com\/fi\/?s={search_term_string}"},"query-input":{"@type":"PropertyValueSpecification","valueRequired":true,"valueName":"search_term_string"}}],"inLanguage":"fi"}]}},"_links":{"self":[{"href":"https:\/\/lottohoy.com\/fi\/wp-json\/wp\/v2\/pages\/16926","targetHints":{"allow":["GET"]}}],"collection":[{"href":"https:\/\/lottohoy.com\/fi\/wp-json\/wp\/v2\/pages"}],"about":[{"href":"https:\/\/lottohoy.com\/fi\/wp-json\/wp\/v2\/types\/page"}],"author":[{"embeddable":true,"href":"https:\/\/lottohoy.com\/fi\/wp-json\/wp\/v2\/users\/2"}],"replies":[{"embeddable":true,"href":"https:\/\/lottohoy.com\/fi\/wp-json\/wp\/v2\/comments?post=16926"}],"version-history":[{"count":2,"href":"https:\/\/lottohoy.com\/fi\/wp-json\/wp\/v2\/pages\/16926\/revisions"}],"predecessor-version":[{"id":19954,"href":"https:\/\/lottohoy.com\/fi\/wp-json\/wp\/v2\/pages\/16926\/revisions\/19954"}],"up":[{"embeddable":true,"href":"https:\/\/lottohoy.com\/fi\/wp-json\/wp\/v2\/pages\/16889"}],"wp:attachment":[{"href":"https:\/\/lottohoy.com\/fi\/wp-json\/wp\/v2\/media?parent=16926"}],"curies":[{"name":"wp","href":"https:\/\/api.w.org\/{rel}","templated":true}]}}