{"id":16916,"date":"2018-05-03T14:23:38","date_gmt":"2018-05-03T13:23:38","guid":{"rendered":"https:\/\/lottohoy.com\/lottery-tulokset\/mega-millions-tulokset\/"},"modified":"2018-05-03T14:23:38","modified_gmt":"2018-05-03T13:23:38","slug":"mega-millions-tulokset","status":"publish","type":"page","link":"https:\/\/lottohoy.com\/fi\/lottery-tulokset\/mega-millions-tulokset\/","title":{"rendered":"Mega Millions tulokset"},"content":{"rendered":"<h2><strong>Tarkista MegaMillions tulokset<\/strong><\/h2>\n<p>T\u00e4\u00e4lt\u00e4 voit tarkistaa <strong>MegaMillions-arvonnan viimeisimm\u00e4t tulokset<\/strong>. Jos ne vastaavat valitsemaasi yhdistelm\u00e4\u00e4, onnittelut. Olet uusi miljon\u00e4\u00e4ri!<\/p>\n<p>Voit my\u00f6s tarkistaa tulokset tiedostoista valmistellaksesi pelistrategiaasi.<\/p>\n<h2><strong>MegaMillionsin aiemmat arvonnat<\/strong><\/h2>\n<p>T\u00e4ll\u00e4 sivulla voit tarkistaa <strong>kaikki<\/strong> aiempien MegaMillions-arvontojen <strong>tulokset<\/strong> ja palkintojen jaon.<\/p>\n<p>Jos menet sivun oikeaan yl\u00e4reunaan, n\u00e4et kalenterin, josta voit valita p\u00e4iv\u00e4m\u00e4\u00e4r\u00e4n, jonka haluat tarkistaa. Vasemmalla olevalla nuolella p\u00e4\u00e4set <strong>edelliseen arvontaan<\/strong>, ja keskell\u00e4 oleva laatikko, jossa on alasp\u00e4in osoittava nuoli, sis\u00e4lt\u00e4\u00e4 pudotusvalikon, jossa on kaikki <strong>kahden viime vuoden<\/strong> p\u00e4iv\u00e4m\u00e4\u00e4r\u00e4t.<\/p>\n<p>Jos haluat olla mahdollisuus voittaa n\u00e4m\u00e4 <a href=\"https:\/\/lottohoy.com\/jackpots\/\"><b>suuret j\u00e4ttipotit<\/b><\/a>, rekister\u00f6idy nyt LottoHoy:ssa ja valitse suosikkinumerosi <a href=\"https:\/\/lottohoy.com\/play\/mega-millions\/\"><b>MegaMillionsin pelaamiseen<\/b><\/a>.<\/p>\n","protected":false},"excerpt":{"rendered":"<p>Tarkista MegaMillions tulokset T\u00e4\u00e4lt\u00e4 voit tarkistaa MegaMillions-arvonnan viimeisimm\u00e4t tulokset. Jos ne vastaavat valitsemaasi yhdistelm\u00e4\u00e4, onnittelut. Olet uusi miljon\u00e4\u00e4ri! Voit my\u00f6s tarkistaa tulokset tiedostoista valmistellaksesi pelistrategiaasi. MegaMillionsin aiemmat arvonnat T\u00e4ll\u00e4 sivulla voit tarkistaa kaikki aiempien MegaMillions-arvontojen tulokset ja palkintojen jaon. Jos menet sivun oikeaan yl\u00e4reunaan, n\u00e4et kalenterin, josta voit valita p\u00e4iv\u00e4m\u00e4\u00e4r\u00e4n, jonka haluat tarkistaa. Vasemmalla olevalla [&hellip;]<\/p>\n","protected":false},"author":2,"featured_media":0,"parent":16889,"menu_order":2,"comment_status":"closed","ping_status":"closed","template":"megamillion-results.php","meta":{"_et_pb_use_builder":"","_et_pb_old_content":"","_et_gb_content_width":"","exclude_from_search":false,"footnotes":""},"class_list":["post-16916","page","type-page","status-publish","hentry"],"yoast_head":"<!-- This site is optimized with the Yoast SEO plugin v23.7 - https:\/\/yoast.com\/wordpress\/plugins\/seo\/ -->\n<title>Mega Millions tulokset - LottoHoy<\/title>\n<meta name=\"description\" content=\"Tarkista Mega Millions -arvontojen tulokset viimeisten 2 vuoden ajalta. Luo oma strategiasi yleisimpien numeroiden avulla ja voita suuria summia!\" \/>\n<meta name=\"robots\" content=\"index, follow, max-snippet:-1, max-image-preview:large, max-video-preview:-1\" \/>\n<link rel=\"canonical\" href=\"https:\/\/lottohoy.com\/fi\/lottery-tulokset\/mega-millions-tulokset\/\" \/>\n<meta property=\"og:locale\" content=\"fi_FI\" \/>\n<meta property=\"og:type\" content=\"article\" \/>\n<meta property=\"og:title\" content=\"Mega Millions tulokset - LottoHoy\" \/>\n<meta property=\"og:description\" content=\"Tarkista Mega Millions -arvontojen tulokset viimeisten 2 vuoden ajalta. Luo oma strategiasi yleisimpien numeroiden avulla ja voita suuria summia!\" \/>\n<meta property=\"og:url\" content=\"https:\/\/lottohoy.com\/fi\/lottery-tulokset\/mega-millions-tulokset\/\" \/>\n<meta property=\"og:site_name\" content=\"Lottohoy\" \/>\n<meta name=\"twitter:card\" content=\"summary_large_image\" \/>\n<meta name=\"twitter:label1\" content=\"Arvioitu lukuaika\" \/>\n\t<meta name=\"twitter:data1\" content=\"1 minuutti\" \/>\n<script type=\"application\/ld+json\" class=\"yoast-schema-graph\">{\"@context\":\"https:\/\/schema.org\",\"@graph\":[{\"@type\":\"WebPage\",\"@id\":\"https:\/\/lottohoy.com\/fi\/lottery-tulokset\/mega-millions-tulokset\/\",\"url\":\"https:\/\/lottohoy.com\/fi\/lottery-tulokset\/mega-millions-tulokset\/\",\"name\":\"Mega Millions tulokset - LottoHoy\",\"isPartOf\":{\"@id\":\"https:\/\/lottohoy.com\/fi\/#website\"},\"datePublished\":\"2018-05-03T13:23:38+00:00\",\"dateModified\":\"2018-05-03T13:23:38+00:00\",\"description\":\"Tarkista Mega Millions -arvontojen tulokset viimeisten 2 vuoden ajalta. Luo oma strategiasi yleisimpien numeroiden avulla ja voita suuria summia!\",\"breadcrumb\":{\"@id\":\"https:\/\/lottohoy.com\/fi\/lottery-tulokset\/mega-millions-tulokset\/#breadcrumb\"},\"inLanguage\":\"fi\",\"potentialAction\":[{\"@type\":\"ReadAction\",\"target\":[\"https:\/\/lottohoy.com\/fi\/lottery-tulokset\/mega-millions-tulokset\/\"]}]},{\"@type\":\"BreadcrumbList\",\"@id\":\"https:\/\/lottohoy.com\/fi\/lottery-tulokset\/mega-millions-tulokset\/#breadcrumb\",\"itemListElement\":[{\"@type\":\"ListItem\",\"position\":1,\"name\":\"Home\",\"item\":\"https:\/\/lottohoy.com\/fi\/\"},{\"@type\":\"ListItem\",\"position\":2,\"name\":\"Lottery Tulokset\",\"item\":\"https:\/\/lottohoy.com\/fi\/lottery-tulokset\/\"},{\"@type\":\"ListItem\",\"position\":3,\"name\":\"Mega Millions tulokset\"}]},{\"@type\":\"WebSite\",\"@id\":\"https:\/\/lottohoy.com\/fi\/#website\",\"url\":\"https:\/\/lottohoy.com\/fi\/\",\"name\":\"Lottohoy\",\"description\":\"\",\"potentialAction\":[{\"@type\":\"SearchAction\",\"target\":{\"@type\":\"EntryPoint\",\"urlTemplate\":\"https:\/\/lottohoy.com\/fi\/?s={search_term_string}\"},\"query-input\":{\"@type\":\"PropertyValueSpecification\",\"valueRequired\":true,\"valueName\":\"search_term_string\"}}],\"inLanguage\":\"fi\"}]}<\/script>\n<!-- \/ Yoast SEO plugin. -->","yoast_head_json":{"title":"Mega Millions tulokset - LottoHoy","description":"Tarkista Mega Millions -arvontojen tulokset viimeisten 2 vuoden ajalta. Luo oma strategiasi yleisimpien numeroiden avulla ja voita suuria summia!","robots":{"index":"index","follow":"follow","max-snippet":"max-snippet:-1","max-image-preview":"max-image-preview:large","max-video-preview":"max-video-preview:-1"},"canonical":"https:\/\/lottohoy.com\/fi\/lottery-tulokset\/mega-millions-tulokset\/","og_locale":"fi_FI","og_type":"article","og_title":"Mega Millions tulokset - LottoHoy","og_description":"Tarkista Mega Millions -arvontojen tulokset viimeisten 2 vuoden ajalta. Luo oma strategiasi yleisimpien numeroiden avulla ja voita suuria summia!","og_url":"https:\/\/lottohoy.com\/fi\/lottery-tulokset\/mega-millions-tulokset\/","og_site_name":"Lottohoy","twitter_card":"summary_large_image","twitter_misc":{"Arvioitu lukuaika":"1 minuutti"},"schema":{"@context":"https:\/\/schema.org","@graph":[{"@type":"WebPage","@id":"https:\/\/lottohoy.com\/fi\/lottery-tulokset\/mega-millions-tulokset\/","url":"https:\/\/lottohoy.com\/fi\/lottery-tulokset\/mega-millions-tulokset\/","name":"Mega Millions tulokset - LottoHoy","isPartOf":{"@id":"https:\/\/lottohoy.com\/fi\/#website"},"datePublished":"2018-05-03T13:23:38+00:00","dateModified":"2018-05-03T13:23:38+00:00","description":"Tarkista Mega Millions -arvontojen tulokset viimeisten 2 vuoden ajalta. Luo oma strategiasi yleisimpien numeroiden avulla ja voita suuria summia!","breadcrumb":{"@id":"https:\/\/lottohoy.com\/fi\/lottery-tulokset\/mega-millions-tulokset\/#breadcrumb"},"inLanguage":"fi","potentialAction":[{"@type":"ReadAction","target":["https:\/\/lottohoy.com\/fi\/lottery-tulokset\/mega-millions-tulokset\/"]}]},{"@type":"BreadcrumbList","@id":"https:\/\/lottohoy.com\/fi\/lottery-tulokset\/mega-millions-tulokset\/#breadcrumb","itemListElement":[{"@type":"ListItem","position":1,"name":"Home","item":"https:\/\/lottohoy.com\/fi\/"},{"@type":"ListItem","position":2,"name":"Lottery Tulokset","item":"https:\/\/lottohoy.com\/fi\/lottery-tulokset\/"},{"@type":"ListItem","position":3,"name":"Mega Millions tulokset"}]},{"@type":"WebSite","@id":"https:\/\/lottohoy.com\/fi\/#website","url":"https:\/\/lottohoy.com\/fi\/","name":"Lottohoy","description":"","potentialAction":[{"@type":"SearchAction","target":{"@type":"EntryPoint","urlTemplate":"https:\/\/lottohoy.com\/fi\/?s={search_term_string}"},"query-input":{"@type":"PropertyValueSpecification","valueRequired":true,"valueName":"search_term_string"}}],"inLanguage":"fi"}]}},"_links":{"self":[{"href":"https:\/\/lottohoy.com\/fi\/wp-json\/wp\/v2\/pages\/16916","targetHints":{"allow":["GET"]}}],"collection":[{"href":"https:\/\/lottohoy.com\/fi\/wp-json\/wp\/v2\/pages"}],"about":[{"href":"https:\/\/lottohoy.com\/fi\/wp-json\/wp\/v2\/types\/page"}],"author":[{"embeddable":true,"href":"https:\/\/lottohoy.com\/fi\/wp-json\/wp\/v2\/users\/2"}],"replies":[{"embeddable":true,"href":"https:\/\/lottohoy.com\/fi\/wp-json\/wp\/v2\/comments?post=16916"}],"version-history":[{"count":0,"href":"https:\/\/lottohoy.com\/fi\/wp-json\/wp\/v2\/pages\/16916\/revisions"}],"up":[{"embeddable":true,"href":"https:\/\/lottohoy.com\/fi\/wp-json\/wp\/v2\/pages\/16889"}],"wp:attachment":[{"href":"https:\/\/lottohoy.com\/fi\/wp-json\/wp\/v2\/media?parent=16916"}],"curies":[{"name":"wp","href":"https:\/\/api.w.org\/{rel}","templated":true}]}}