{"id":16896,"date":"2018-05-03T14:23:39","date_gmt":"2018-05-03T13:23:39","guid":{"rendered":"https:\/\/lottohoy.com\/lottery-tulokset\/powerball-tulokset\/"},"modified":"2018-05-03T14:23:39","modified_gmt":"2018-05-03T13:23:39","slug":"powerball-tulokset","status":"publish","type":"page","link":"https:\/\/lottohoy.com\/fi\/lottery-tulokset\/powerball-tulokset\/","title":{"rendered":"Powerball tulokset"},"content":{"rendered":"<h2><strong>Powerball lotto tulokset<\/strong><\/h2>\n<p>Edellisest\u00e4 taulukosta n\u00e4et viimeisimm\u00e4n Powerball-arvonnan <strong>voittonumerot<\/strong> sek\u00e4 kussakin palkintoluokassa jaetut palkinnot ja voittajien m\u00e4\u00e4r\u00e4n.<\/p>\n<p>T\u00e4m\u00e4 taulukko p\u00e4ivittyy automaattisesti jokaisen arvonnan j\u00e4lkeen, joten voit tarkistaa sen aina, kun haluat olla ajan tasalla uusimmista tuloksista, ja jos voitat, voit <a href=\"https:\/\/lottohoy.com\/play\/powerball\/\"><b>pelata Powerballia<\/b><\/a> uudelleen <strong>ilmaiseksi<\/strong>.<\/p>\n<h2><strong>Edelliset Powerball-arvonnat<\/strong><\/h2>\n<p>T\u00e4ll\u00e4 sivulla voit tarkistaa <strong>viimeisimm\u00e4n voittoyhdistelm\u00e4n<\/strong> ja palkintojen jakautumisen yhdeks\u00e4ss\u00e4 luokassa. Samoin n\u00e4et nuolet, joiden avulla voit tarkastella <strong>aiempia arvontatuloksia<\/strong>.<\/p>\n<p>K\u00e4ytt\u00e4m\u00e4ll\u00e4 t\u00e4t\u00e4 kalenteriominaisuutta voimme n\u00e4hd\u00e4 Powerball-tuloshistorian klikkaamalla vasenta nuolta . Jos sen sijaan haluat valita tietyn arvontap\u00e4iv\u00e4n, voit napsauttaa keskimm\u00e4ist\u00e4 ruutua, jonka avulla voit avata pudotusvalikon, jossa on kahden viime vuoden arvonnat.<\/p>\n<h3><strong>Powerballin yleisimm\u00e4t ja harvinaisimmat numerot<\/strong><\/h3>\n<p>Voittoyhdistelm\u00e4ss\u00e4 useimmin arvotut numerot ovat olleet: <strong>8, 26, 22, 23 ja 36<\/strong> ensimm\u00e4isen taulukon 69 valkoisissa palloissa. Punaisen pallon numerot <strong>9, 6, 21, 24 ja 19<\/strong> alimman 26 numeron taulukon punaisissa palloissa.<\/p>\n<p>K\u00e4ytt\u00e4m\u00e4ll\u00e4 n\u00e4it\u00e4 numeroita voit lis\u00e4t\u00e4 kokonaisvoittomahdollisuuksiasi tietyss\u00e4 arvonnassa.<\/p>\n<p>Sit\u00e4 vastoin harvemmin esiintyneet numerot ovat olleet: <strong>15, 51, 37, 47, 12, 4 ja 24<\/strong> valkoista palloa ensimm\u00e4isess\u00e4 69 numeron taulukossa. Ja Powerballin punaisten pallojen <strong>14, 23, 1, 2 ja 16<\/strong> alimman 26:n ruudun taulukossa.<\/p>\n<h2><strong>Suurimmat Powerball-j\u00e4ttipotit<\/strong><\/h2>\n<p>Powerball jakaa luultavasti <a href=\"https:\/\/lottohoy.com\/the-biggest-jackpot-in-the-history-of-powerball\/\"><b>maailman suurimmat lottovoitot<\/b><\/a>, sill\u00e4 se l\u00e4htee aina liikkeelle <strong> 40 000 000 dollarin<\/strong> aloitusj\u00e4ttipotista (j\u00e4ttipotti on paljon suurempi kuin muissa arpajaisissa), joka kasvaa, jos voittajaa ei l\u00f6ydy. Lis\u00e4ksi se jatkuu ilman m\u00e4\u00e4r\u00e4llist\u00e4 rajoitusta.<\/p>\n<p>Suurin Powerball-voitto t\u00e4h\u00e4n menness\u00e4 on ollut hieman yli <strong><del>1 500 miljoonaa dollaria<\/del><\/strong><del>, joka jaettiin kolmen ainutlaatuisen voittajan kesken<\/del>.<strong>marraskuussa 2022 se ylitti tuon luvun, j\u00e4tt\u00e4en vuoden enn\u00e4tykseksi 2,04 miljardia dollaria.<\/strong><\/p>\n<p>Jos saat viisi oikeaa numeroa ja Pwerball-numeron ja viet mainostetun j\u00e4ttipotin kotiin, sinulla on kaksi vaihtoehtoa: Ota k\u00e4teisarvo tai vahvistetut vuosimaksut.<\/p>\n","protected":false},"excerpt":{"rendered":"<p>Powerball lotto tulokset Edellisest\u00e4 taulukosta n\u00e4et viimeisimm\u00e4n Powerball-arvonnan voittonumerot sek\u00e4 kussakin palkintoluokassa jaetut palkinnot ja voittajien m\u00e4\u00e4r\u00e4n. T\u00e4m\u00e4 taulukko p\u00e4ivittyy automaattisesti jokaisen arvonnan j\u00e4lkeen, joten voit tarkistaa sen aina, kun haluat olla ajan tasalla uusimmista tuloksista, ja jos voitat, voit pelata Powerballia uudelleen ilmaiseksi. Edelliset Powerball-arvonnat T\u00e4ll\u00e4 sivulla voit tarkistaa viimeisimm\u00e4n voittoyhdistelm\u00e4n ja palkintojen jakautumisen [&hellip;]<\/p>\n","protected":false},"author":2,"featured_media":0,"parent":16889,"menu_order":1,"comment_status":"closed","ping_status":"closed","template":"powerball-usa-results.php","meta":{"_et_pb_use_builder":"","_et_pb_old_content":"","_et_gb_content_width":"","exclude_from_search":false,"footnotes":""},"class_list":["post-16896","page","type-page","status-publish","hentry"],"yoast_head":"<!-- This site is optimized with the Yoast SEO plugin v23.7 - https:\/\/yoast.com\/wordpress\/plugins\/seo\/ -->\n<title>Powerball-tulokset - Viimeisimm\u00e4t voittonumerot \u2713<\/title>\n<meta name=\"description\" content=\"Tarkista kaikkien Powerball-arvontojen tulokset sek\u00e4 palkinnot luokittain tai voittajien m\u00e4\u00e4r\u00e4. Hanki lippusi seuraavaan Powerball-arvontaan nyt!\" \/>\n<meta name=\"robots\" content=\"index, follow, max-snippet:-1, max-image-preview:large, max-video-preview:-1\" \/>\n<link rel=\"canonical\" href=\"https:\/\/lottohoy.com\/fi\/lottery-tulokset\/powerball-tulokset\/\" \/>\n<meta property=\"og:locale\" content=\"fi_FI\" \/>\n<meta property=\"og:type\" content=\"article\" \/>\n<meta property=\"og:title\" content=\"Powerball-tulokset - Viimeisimm\u00e4t voittonumerot \u2713\" \/>\n<meta property=\"og:description\" content=\"Tarkista kaikkien Powerball-arvontojen tulokset sek\u00e4 palkinnot luokittain tai voittajien m\u00e4\u00e4r\u00e4. Hanki lippusi seuraavaan Powerball-arvontaan nyt!\" \/>\n<meta property=\"og:url\" content=\"https:\/\/lottohoy.com\/fi\/lottery-tulokset\/powerball-tulokset\/\" \/>\n<meta property=\"og:site_name\" content=\"Lottohoy\" \/>\n<meta name=\"twitter:card\" content=\"summary_large_image\" \/>\n<meta name=\"twitter:label1\" content=\"Arvioitu lukuaika\" \/>\n\t<meta name=\"twitter:data1\" content=\"1 minuutti\" \/>\n<script type=\"application\/ld+json\" class=\"yoast-schema-graph\">{\"@context\":\"https:\/\/schema.org\",\"@graph\":[{\"@type\":\"WebPage\",\"@id\":\"https:\/\/lottohoy.com\/fi\/lottery-tulokset\/powerball-tulokset\/\",\"url\":\"https:\/\/lottohoy.com\/fi\/lottery-tulokset\/powerball-tulokset\/\",\"name\":\"Powerball-tulokset - Viimeisimm\u00e4t voittonumerot \u2713\",\"isPartOf\":{\"@id\":\"https:\/\/lottohoy.com\/fi\/#website\"},\"datePublished\":\"2018-05-03T13:23:39+00:00\",\"dateModified\":\"2018-05-03T13:23:39+00:00\",\"description\":\"Tarkista kaikkien Powerball-arvontojen tulokset sek\u00e4 palkinnot luokittain tai voittajien m\u00e4\u00e4r\u00e4. Hanki lippusi seuraavaan Powerball-arvontaan nyt!\",\"breadcrumb\":{\"@id\":\"https:\/\/lottohoy.com\/fi\/lottery-tulokset\/powerball-tulokset\/#breadcrumb\"},\"inLanguage\":\"fi\",\"potentialAction\":[{\"@type\":\"ReadAction\",\"target\":[\"https:\/\/lottohoy.com\/fi\/lottery-tulokset\/powerball-tulokset\/\"]}]},{\"@type\":\"BreadcrumbList\",\"@id\":\"https:\/\/lottohoy.com\/fi\/lottery-tulokset\/powerball-tulokset\/#breadcrumb\",\"itemListElement\":[{\"@type\":\"ListItem\",\"position\":1,\"name\":\"Home\",\"item\":\"https:\/\/lottohoy.com\/fi\/\"},{\"@type\":\"ListItem\",\"position\":2,\"name\":\"Lottery Tulokset\",\"item\":\"https:\/\/lottohoy.com\/fi\/lottery-tulokset\/\"},{\"@type\":\"ListItem\",\"position\":3,\"name\":\"Powerball tulokset\"}]},{\"@type\":\"WebSite\",\"@id\":\"https:\/\/lottohoy.com\/fi\/#website\",\"url\":\"https:\/\/lottohoy.com\/fi\/\",\"name\":\"Lottohoy\",\"description\":\"\",\"potentialAction\":[{\"@type\":\"SearchAction\",\"target\":{\"@type\":\"EntryPoint\",\"urlTemplate\":\"https:\/\/lottohoy.com\/fi\/?s={search_term_string}\"},\"query-input\":{\"@type\":\"PropertyValueSpecification\",\"valueRequired\":true,\"valueName\":\"search_term_string\"}}],\"inLanguage\":\"fi\"}]}<\/script>\n<!-- \/ Yoast SEO plugin. -->","yoast_head_json":{"title":"Powerball-tulokset - Viimeisimm\u00e4t voittonumerot \u2713","description":"Tarkista kaikkien Powerball-arvontojen tulokset sek\u00e4 palkinnot luokittain tai voittajien m\u00e4\u00e4r\u00e4. Hanki lippusi seuraavaan Powerball-arvontaan nyt!","robots":{"index":"index","follow":"follow","max-snippet":"max-snippet:-1","max-image-preview":"max-image-preview:large","max-video-preview":"max-video-preview:-1"},"canonical":"https:\/\/lottohoy.com\/fi\/lottery-tulokset\/powerball-tulokset\/","og_locale":"fi_FI","og_type":"article","og_title":"Powerball-tulokset - Viimeisimm\u00e4t voittonumerot \u2713","og_description":"Tarkista kaikkien Powerball-arvontojen tulokset sek\u00e4 palkinnot luokittain tai voittajien m\u00e4\u00e4r\u00e4. Hanki lippusi seuraavaan Powerball-arvontaan nyt!","og_url":"https:\/\/lottohoy.com\/fi\/lottery-tulokset\/powerball-tulokset\/","og_site_name":"Lottohoy","twitter_card":"summary_large_image","twitter_misc":{"Arvioitu lukuaika":"1 minuutti"},"schema":{"@context":"https:\/\/schema.org","@graph":[{"@type":"WebPage","@id":"https:\/\/lottohoy.com\/fi\/lottery-tulokset\/powerball-tulokset\/","url":"https:\/\/lottohoy.com\/fi\/lottery-tulokset\/powerball-tulokset\/","name":"Powerball-tulokset - Viimeisimm\u00e4t voittonumerot \u2713","isPartOf":{"@id":"https:\/\/lottohoy.com\/fi\/#website"},"datePublished":"2018-05-03T13:23:39+00:00","dateModified":"2018-05-03T13:23:39+00:00","description":"Tarkista kaikkien Powerball-arvontojen tulokset sek\u00e4 palkinnot luokittain tai voittajien m\u00e4\u00e4r\u00e4. Hanki lippusi seuraavaan Powerball-arvontaan nyt!","breadcrumb":{"@id":"https:\/\/lottohoy.com\/fi\/lottery-tulokset\/powerball-tulokset\/#breadcrumb"},"inLanguage":"fi","potentialAction":[{"@type":"ReadAction","target":["https:\/\/lottohoy.com\/fi\/lottery-tulokset\/powerball-tulokset\/"]}]},{"@type":"BreadcrumbList","@id":"https:\/\/lottohoy.com\/fi\/lottery-tulokset\/powerball-tulokset\/#breadcrumb","itemListElement":[{"@type":"ListItem","position":1,"name":"Home","item":"https:\/\/lottohoy.com\/fi\/"},{"@type":"ListItem","position":2,"name":"Lottery Tulokset","item":"https:\/\/lottohoy.com\/fi\/lottery-tulokset\/"},{"@type":"ListItem","position":3,"name":"Powerball tulokset"}]},{"@type":"WebSite","@id":"https:\/\/lottohoy.com\/fi\/#website","url":"https:\/\/lottohoy.com\/fi\/","name":"Lottohoy","description":"","potentialAction":[{"@type":"SearchAction","target":{"@type":"EntryPoint","urlTemplate":"https:\/\/lottohoy.com\/fi\/?s={search_term_string}"},"query-input":{"@type":"PropertyValueSpecification","valueRequired":true,"valueName":"search_term_string"}}],"inLanguage":"fi"}]}},"_links":{"self":[{"href":"https:\/\/lottohoy.com\/fi\/wp-json\/wp\/v2\/pages\/16896","targetHints":{"allow":["GET"]}}],"collection":[{"href":"https:\/\/lottohoy.com\/fi\/wp-json\/wp\/v2\/pages"}],"about":[{"href":"https:\/\/lottohoy.com\/fi\/wp-json\/wp\/v2\/types\/page"}],"author":[{"embeddable":true,"href":"https:\/\/lottohoy.com\/fi\/wp-json\/wp\/v2\/users\/2"}],"replies":[{"embeddable":true,"href":"https:\/\/lottohoy.com\/fi\/wp-json\/wp\/v2\/comments?post=16896"}],"version-history":[{"count":0,"href":"https:\/\/lottohoy.com\/fi\/wp-json\/wp\/v2\/pages\/16896\/revisions"}],"up":[{"embeddable":true,"href":"https:\/\/lottohoy.com\/fi\/wp-json\/wp\/v2\/pages\/16889"}],"wp:attachment":[{"href":"https:\/\/lottohoy.com\/fi\/wp-json\/wp\/v2\/media?parent=16896"}],"curies":[{"name":"wp","href":"https:\/\/api.w.org\/{rel}","templated":true}]}}