{"id":16889,"date":"2018-05-03T14:23:36","date_gmt":"2018-05-03T13:23:36","guid":{"rendered":"https:\/\/lottohoy.com\/lottery-tulokset\/"},"modified":"2018-05-03T14:23:36","modified_gmt":"2018-05-03T13:23:36","slug":"lottery-tulokset","status":"publish","type":"page","link":"https:\/\/lottohoy.com\/fi\/lottery-tulokset\/","title":{"rendered":"Lottery Tulokset"},"content":{"rendered":"<p>Kun arpajaiset on suoritettu, <a href=\"https:\/\/lottohoy.com\/play\/\"><strong>kaikki arpajaisten<\/strong><\/a> j\u00e4rjest\u00e4j\u00e4t julkaisevat virallisen tuloksen tiedotusv\u00e4lineiss\u00e4. Joissakin tapauksissa arvontoja voi jopa seurata suorana l\u00e4hetyksen\u00e4, ja ne n\u00e4ytet\u00e4\u00e4n televisiossa.<\/p>\n<p>LottoHoy:ssa julkaisemme kaikki lottoj\u00e4rjest\u00e4jien voittotulokset heti virallisen arvonnan p\u00e4\u00e4tytty\u00e4, jotta kaikki k\u00e4ytt\u00e4j\u00e4t voivat tarkistaa <strong>palkintojen jakautumisen<\/strong>.<\/p>\n<h2>Viimeisimm\u00e4t lottotulokset<\/h2>\n<p>Voit tarkistaa lottotulokset kyseisilt\u00e4 lottoj\u00e4rjest\u00e4jilt\u00e4 tai yleisist\u00e4 tiedotusv\u00e4lineist\u00e4 (radio ja televisio tai lehdist\u00f6 seuraavana p\u00e4iv\u00e4n\u00e4).<\/p>\n<p>Onneksi alustamme k\u00e4ytt\u00e4j\u00e4t saavat tietoa tuloksista tililleen ja se n\u00e4kyy sivustolla. Jos voitat palkinnon, summa talletetaan suoraan k\u00e4ytt\u00e4j\u00e4n saldoon.<\/p>\n<p>My\u00f6s jos haluat tarkistaa tiistain tulokset mist\u00e4 tahansa arvonnasta, USA:n Powerball-tulokset, Euromillionsin tai mink\u00e4 tahansa muun pelatun lottokupongin tulokset, voit tarkistaa ne verkkosivuiltamme.<\/p>\n<h2>Lottopalkinnot ja palkintojen jaot<\/h2>\n<p>Jokaisella lotolla on oma s\u00e4\u00e4nt\u00f6ns\u00e4 ja oma palkintojen jakonsa. Joissakin tapauksissa ja lukuun ottamatta ensimm\u00e4isen luokan p\u00e4\u00e4palkintoa (arvioitu j\u00e4ttipotti), n\u00e4ille luokille jaettava summa m\u00e4\u00e4r\u00e4ytyy prosentuaalisesti kyseisen arvonnan ker\u00e4yksest\u00e4, ja toisissa arpajaisissa se on kiinte\u00e4 summa.<\/p>\n<p>P\u00e4\u00e4palkinnolle on yleens\u00e4 taattu kiinte\u00e4 v\u00e4himm\u00e4ism\u00e4\u00e4r\u00e4, johon lis\u00e4t\u00e4\u00e4n prosenttiosuus kyseisen arvonnan ker\u00e4yksest\u00e4. Samoin joissakin arpajaisissa j\u00e4ttipotin enimm\u00e4ism\u00e4\u00e4r\u00e4lle tai kierr\u00e4tysten enimm\u00e4ism\u00e4\u00e4r\u00e4lle on asetettu yl\u00e4raja.<\/p>\n<p>Joissakin arpajaisissa, jos ensimm\u00e4isess\u00e4 luokassa ei ole voittajaa, kyseisen luokan palkintoon varattu m\u00e4\u00e4r\u00e4 jaetaan muiden luokkien kesken.<\/p>\n<p>Toisissa tapauksissa, ja t\u00e4ss\u00e4 kohtaa jotkut lotot muuttuvat houkuttelevammiksi, jos ensimm\u00e4isess\u00e4 luokassa ei ole voittajaa, summa ker\u00e4t\u00e4\u00e4n ja siirret\u00e4\u00e4n seuraavaan arvontaan, jolloin kertyv\u00e4t j\u00e4ttipotit saavuttavat t\u00e4htitieteellisi\u00e4 summia yhdell\u00e4 lottovoitolla.<\/p>\n<p>T\u00e4h\u00e4n menness\u00e4 suurin voitto on jaettu <a href=\"https:\/\/lottohoy.com\/play\/powerball\/\"><strong>Powerball-arvonnassa<\/strong><\/a>, jonka arvioitu j\u00e4ttipotti <del>on 1,5 miljardia dollaria<\/del>. Marraskuussa 2022 se ylitti tuon luvun; t\u00e4h\u00e4nastinen enn\u00e4tys on 2,04 miljardia dollaria.<\/p>\n","protected":false},"excerpt":{"rendered":"<p>Kun arpajaiset on suoritettu, kaikki arpajaisten j\u00e4rjest\u00e4j\u00e4t julkaisevat virallisen tuloksen tiedotusv\u00e4lineiss\u00e4. Joissakin tapauksissa arvontoja voi jopa seurata suorana l\u00e4hetyksen\u00e4, ja ne n\u00e4ytet\u00e4\u00e4n televisiossa. LottoHoy:ssa julkaisemme kaikki lottoj\u00e4rjest\u00e4jien voittotulokset heti virallisen arvonnan p\u00e4\u00e4tytty\u00e4, jotta kaikki k\u00e4ytt\u00e4j\u00e4t voivat tarkistaa palkintojen jakautumisen. Viimeisimm\u00e4t lottotulokset Voit tarkistaa lottotulokset kyseisilt\u00e4 lottoj\u00e4rjest\u00e4jilt\u00e4 tai yleisist\u00e4 tiedotusv\u00e4lineist\u00e4 (radio ja televisio tai lehdist\u00f6 seuraavana [&hellip;]<\/p>\n","protected":false},"author":2,"featured_media":0,"parent":0,"menu_order":4,"comment_status":"closed","ping_status":"closed","template":"Results.php","meta":{"_et_pb_use_builder":"","_et_pb_old_content":"","_et_gb_content_width":"","exclude_from_search":false,"footnotes":""},"class_list":["post-16889","page","type-page","status-publish","hentry"],"yoast_head":"<!-- This site is optimized with the Yoast SEO plugin v23.7 - https:\/\/yoast.com\/wordpress\/plugins\/seo\/ -->\n<title>Lottotulokset - voittajat ja palkintojen jakautuminen \u2794<\/title>\n<meta name=\"description\" content=\"Lottotulokset heti jokaisen arvonnan j\u00e4lkeen. Selvit\u00e4, oletko Powerballin, Mega Millionsin, Euromillionsin, UK Loton ja monien muiden lottojen voittaja!\" \/>\n<meta name=\"robots\" content=\"index, follow, max-snippet:-1, max-image-preview:large, max-video-preview:-1\" \/>\n<link rel=\"canonical\" href=\"https:\/\/lottohoy.com\/fi\/lottery-tulokset\/\" \/>\n<meta property=\"og:locale\" content=\"fi_FI\" \/>\n<meta property=\"og:type\" content=\"article\" \/>\n<meta property=\"og:title\" content=\"Lottotulokset - voittajat ja palkintojen jakautuminen \u2794\" \/>\n<meta property=\"og:description\" content=\"Lottotulokset heti jokaisen arvonnan j\u00e4lkeen. Selvit\u00e4, oletko Powerballin, Mega Millionsin, Euromillionsin, UK Loton ja monien muiden lottojen voittaja!\" \/>\n<meta property=\"og:url\" content=\"https:\/\/lottohoy.com\/fi\/lottery-tulokset\/\" \/>\n<meta property=\"og:site_name\" content=\"Lottohoy\" \/>\n<meta name=\"twitter:card\" content=\"summary_large_image\" \/>\n<meta name=\"twitter:label1\" content=\"Arvioitu lukuaika\" \/>\n\t<meta name=\"twitter:data1\" content=\"1 minuutti\" \/>\n<script type=\"application\/ld+json\" class=\"yoast-schema-graph\">{\"@context\":\"https:\/\/schema.org\",\"@graph\":[{\"@type\":\"WebPage\",\"@id\":\"https:\/\/lottohoy.com\/fi\/lottery-tulokset\/\",\"url\":\"https:\/\/lottohoy.com\/fi\/lottery-tulokset\/\",\"name\":\"Lottotulokset - voittajat ja palkintojen jakautuminen \u2794\",\"isPartOf\":{\"@id\":\"https:\/\/lottohoy.com\/fi\/#website\"},\"datePublished\":\"2018-05-03T13:23:36+00:00\",\"dateModified\":\"2018-05-03T13:23:36+00:00\",\"description\":\"Lottotulokset heti jokaisen arvonnan j\u00e4lkeen. Selvit\u00e4, oletko Powerballin, Mega Millionsin, Euromillionsin, UK Loton ja monien muiden lottojen voittaja!\",\"breadcrumb\":{\"@id\":\"https:\/\/lottohoy.com\/fi\/lottery-tulokset\/#breadcrumb\"},\"inLanguage\":\"fi\",\"potentialAction\":[{\"@type\":\"ReadAction\",\"target\":[\"https:\/\/lottohoy.com\/fi\/lottery-tulokset\/\"]}]},{\"@type\":\"BreadcrumbList\",\"@id\":\"https:\/\/lottohoy.com\/fi\/lottery-tulokset\/#breadcrumb\",\"itemListElement\":[{\"@type\":\"ListItem\",\"position\":1,\"name\":\"Home\",\"item\":\"https:\/\/lottohoy.com\/fi\/\"},{\"@type\":\"ListItem\",\"position\":2,\"name\":\"Lottery Tulokset\"}]},{\"@type\":\"WebSite\",\"@id\":\"https:\/\/lottohoy.com\/fi\/#website\",\"url\":\"https:\/\/lottohoy.com\/fi\/\",\"name\":\"Lottohoy\",\"description\":\"\",\"potentialAction\":[{\"@type\":\"SearchAction\",\"target\":{\"@type\":\"EntryPoint\",\"urlTemplate\":\"https:\/\/lottohoy.com\/fi\/?s={search_term_string}\"},\"query-input\":{\"@type\":\"PropertyValueSpecification\",\"valueRequired\":true,\"valueName\":\"search_term_string\"}}],\"inLanguage\":\"fi\"}]}<\/script>\n<!-- \/ Yoast SEO plugin. -->","yoast_head_json":{"title":"Lottotulokset - voittajat ja palkintojen jakautuminen \u2794","description":"Lottotulokset heti jokaisen arvonnan j\u00e4lkeen. Selvit\u00e4, oletko Powerballin, Mega Millionsin, Euromillionsin, UK Loton ja monien muiden lottojen voittaja!","robots":{"index":"index","follow":"follow","max-snippet":"max-snippet:-1","max-image-preview":"max-image-preview:large","max-video-preview":"max-video-preview:-1"},"canonical":"https:\/\/lottohoy.com\/fi\/lottery-tulokset\/","og_locale":"fi_FI","og_type":"article","og_title":"Lottotulokset - voittajat ja palkintojen jakautuminen \u2794","og_description":"Lottotulokset heti jokaisen arvonnan j\u00e4lkeen. Selvit\u00e4, oletko Powerballin, Mega Millionsin, Euromillionsin, UK Loton ja monien muiden lottojen voittaja!","og_url":"https:\/\/lottohoy.com\/fi\/lottery-tulokset\/","og_site_name":"Lottohoy","twitter_card":"summary_large_image","twitter_misc":{"Arvioitu lukuaika":"1 minuutti"},"schema":{"@context":"https:\/\/schema.org","@graph":[{"@type":"WebPage","@id":"https:\/\/lottohoy.com\/fi\/lottery-tulokset\/","url":"https:\/\/lottohoy.com\/fi\/lottery-tulokset\/","name":"Lottotulokset - voittajat ja palkintojen jakautuminen \u2794","isPartOf":{"@id":"https:\/\/lottohoy.com\/fi\/#website"},"datePublished":"2018-05-03T13:23:36+00:00","dateModified":"2018-05-03T13:23:36+00:00","description":"Lottotulokset heti jokaisen arvonnan j\u00e4lkeen. Selvit\u00e4, oletko Powerballin, Mega Millionsin, Euromillionsin, UK Loton ja monien muiden lottojen voittaja!","breadcrumb":{"@id":"https:\/\/lottohoy.com\/fi\/lottery-tulokset\/#breadcrumb"},"inLanguage":"fi","potentialAction":[{"@type":"ReadAction","target":["https:\/\/lottohoy.com\/fi\/lottery-tulokset\/"]}]},{"@type":"BreadcrumbList","@id":"https:\/\/lottohoy.com\/fi\/lottery-tulokset\/#breadcrumb","itemListElement":[{"@type":"ListItem","position":1,"name":"Home","item":"https:\/\/lottohoy.com\/fi\/"},{"@type":"ListItem","position":2,"name":"Lottery Tulokset"}]},{"@type":"WebSite","@id":"https:\/\/lottohoy.com\/fi\/#website","url":"https:\/\/lottohoy.com\/fi\/","name":"Lottohoy","description":"","potentialAction":[{"@type":"SearchAction","target":{"@type":"EntryPoint","urlTemplate":"https:\/\/lottohoy.com\/fi\/?s={search_term_string}"},"query-input":{"@type":"PropertyValueSpecification","valueRequired":true,"valueName":"search_term_string"}}],"inLanguage":"fi"}]}},"_links":{"self":[{"href":"https:\/\/lottohoy.com\/fi\/wp-json\/wp\/v2\/pages\/16889","targetHints":{"allow":["GET"]}}],"collection":[{"href":"https:\/\/lottohoy.com\/fi\/wp-json\/wp\/v2\/pages"}],"about":[{"href":"https:\/\/lottohoy.com\/fi\/wp-json\/wp\/v2\/types\/page"}],"author":[{"embeddable":true,"href":"https:\/\/lottohoy.com\/fi\/wp-json\/wp\/v2\/users\/2"}],"replies":[{"embeddable":true,"href":"https:\/\/lottohoy.com\/fi\/wp-json\/wp\/v2\/comments?post=16889"}],"version-history":[{"count":0,"href":"https:\/\/lottohoy.com\/fi\/wp-json\/wp\/v2\/pages\/16889\/revisions"}],"wp:attachment":[{"href":"https:\/\/lottohoy.com\/fi\/wp-json\/wp\/v2\/media?parent=16889"}],"curies":[{"name":"wp","href":"https:\/\/api.w.org\/{rel}","templated":true}]}}