{"id":16883,"date":"2018-08-23T10:32:43","date_gmt":"2018-08-23T09:32:43","guid":{"rendered":"https:\/\/lottohoy.com\/online-arpajaiset-faq\/lauantai-lotto-faq\/"},"modified":"2018-08-23T10:32:43","modified_gmt":"2018-08-23T09:32:43","slug":"lauantai-lotto-faq","status":"publish","type":"page","link":"https:\/\/lottohoy.com\/fi\/online-arpajaiset-faq\/lauantai-lotto-faq\/","title":{"rendered":"Lauantai Lotto FAQ"},"content":{"rendered":"<p>Saturday Lotto on Australian kansallinen arpajaiset, jotka arvotaan lauantai-iltaisin. Vaikka kyseess\u00e4 on valtakunnallinen lotto, se tunnetaan eri nimill\u00e4 sen mukaan, mill\u00e4 alueella sit\u00e4 markkinoidaan.<\/p>\n<h2><b>Australian lauantailoton s\u00e4\u00e4nn\u00f6t<\/b><\/h2>\n<p>Lauantailotto on helposti ymm\u00e4rrett\u00e4v\u00e4 ja pelattava lotto. Pelaajan on yksinkertaisesti valittava 45:st\u00e4 mahdollisesta numerosta kuusi numeroa, jotka vastaavat palloja, joiden numerot ovat 1:st\u00e4 45:een.<\/p>\n<p>Palkinnot jaetaan kategorioittain pelaajien osumien mukaan, jotka n\u00e4kyv\u00e4t t\u00e4ss\u00e4 laatikossa:<\/p>\n<p>1. luokka 6 osumaa<\/p>\n<p>2. Luokka 5 osumaa + 1 tai 2 lis\u00e4palloa.<\/p>\n<p>3. Luokka 5 osumaa<\/p>\n<p>4. Luokan 4 osumat<\/p>\n<p>5. Luokan 3 osumat + 1 tai 2 lis\u00e4palloa. <\/p>\n<p>6. Luokan 1 tai 2 osuma + 2 t\u00e4ydent\u00e4v\u00e4\u00e4 palloa. <\/p>\n<p><strong>Mitk\u00e4 ovat lauantailoton t\u00e4ydent\u00e4v\u00e4t numerot?<\/strong><\/p>\n<p>Kuuden pallon lis\u00e4ksi, jotka muodostavat voittonumeroyhdistelm\u00e4n, otetaan kaksi muuta palloa, joita kutsutaan \u201dt\u00e4ydent\u00e4viksi\u201d.<\/p>\n<p>N\u00e4m\u00e4 ylim\u00e4\u00e4r\u00e4iset tai t\u00e4ydent\u00e4v\u00e4t pallot eiv\u00e4t vaikuta enimm\u00e4ispalkintoluokkaan, mutta niit\u00e4 k\u00e4ytet\u00e4\u00e4n toisen ja viidennen palkintoluokan m\u00e4\u00e4ritt\u00e4miseen.<\/p>\n<p>Vastaavasti n\u00e4it\u00e4 t\u00e4ydent\u00e4vi\u00e4 numeroita tarvitaan t\u00e4ydent\u00e4m\u00e4\u00e4n yht\u00e4 tai kahta osumaa p\u00e4\u00e4yhdistelm\u00e4st\u00e4, ja se m\u00e4\u00e4ritt\u00e4\u00e4 kuudennen palkintoluokan.<\/p>\n<p><strong>Lauantain Lotto Jackpot<\/strong><\/p>\n<p>Lauantailotossa ei voi pit\u00e4\u00e4 ensimm\u00e4isen kategorian palkintoa jackpotina kuten muissa lotoissa, sill\u00e4 palkinto on ennalta m\u00e4\u00e4r\u00e4tty. T\u00e4m\u00e4 palkinto on 1 000 000 AUD dollaria voittajaa kohti, enint\u00e4\u00e4n nelj\u00e4 miljoonaa.<\/p>\n<p>Jos voittajia on enemm\u00e4n kuin nelj\u00e4, t\u00e4m\u00e4 4 000 000 AUD:n kokonaissumma jaetaan tasan kaikkien voittajien kesken.<\/p>\n<p>Koska kuuden numeron saaminen 45:st\u00e4 on suhteellisen helppoa, on hyvin tavallista, ett\u00e4 monissa arpajaisissa on useita voittajia ja ett\u00e4 palkinto jaetaan.<\/p>\n","protected":false},"excerpt":{"rendered":"<p>Saturday Lotto on Australian kansallinen arpajaiset, jotka arvotaan lauantai-iltaisin. Vaikka kyseess\u00e4 on valtakunnallinen lotto, se tunnetaan eri nimill\u00e4 sen mukaan, mill\u00e4 alueella sit\u00e4 markkinoidaan. Australian lauantailoton s\u00e4\u00e4nn\u00f6t Lauantailotto on helposti ymm\u00e4rrett\u00e4v\u00e4 ja pelattava lotto. Pelaajan on yksinkertaisesti valittava 45:st\u00e4 mahdollisesta numerosta kuusi numeroa, jotka vastaavat palloja, joiden numerot ovat 1:st\u00e4 45:een. Palkinnot jaetaan kategorioittain pelaajien [&hellip;]<\/p>\n","protected":false},"author":2,"featured_media":0,"parent":16745,"menu_order":19,"comment_status":"closed","ping_status":"closed","template":"saturday-lotto-info.php","meta":{"_et_pb_use_builder":"","_et_pb_old_content":"","_et_gb_content_width":"","exclude_from_search":false,"footnotes":""},"class_list":["post-16883","page","type-page","status-publish","hentry"],"yoast_head":"<!-- This site is optimized with the Yoast SEO plugin v23.7 - https:\/\/yoast.com\/wordpress\/plugins\/seo\/ -->\n<title>Lauantailotto FAQ - viikonlopun aussie-arpajaiset<\/title>\n<meta name=\"description\" content=\"Lauantailotto on helppo ymm\u00e4rt\u00e4\u00e4 ja pelata. Sinun tarvitsee valita vain 6 numeroa 45 mahdollisesta Leanr kaikki s\u00e4\u00e4nn\u00f6t ja parhaat niksit!\" \/>\n<meta name=\"robots\" content=\"index, follow, max-snippet:-1, max-image-preview:large, max-video-preview:-1\" \/>\n<link rel=\"canonical\" href=\"https:\/\/lottohoy.com\/fi\/online-arpajaiset-faq\/lauantai-lotto-faq\/\" \/>\n<meta property=\"og:locale\" content=\"fi_FI\" \/>\n<meta property=\"og:type\" content=\"article\" \/>\n<meta property=\"og:title\" content=\"Lauantailotto FAQ - viikonlopun aussie-arpajaiset\" \/>\n<meta property=\"og:description\" content=\"Lauantailotto on helppo ymm\u00e4rt\u00e4\u00e4 ja pelata. Sinun tarvitsee valita vain 6 numeroa 45 mahdollisesta Leanr kaikki s\u00e4\u00e4nn\u00f6t ja parhaat niksit!\" \/>\n<meta property=\"og:url\" content=\"https:\/\/lottohoy.com\/fi\/online-arpajaiset-faq\/lauantai-lotto-faq\/\" \/>\n<meta property=\"og:site_name\" content=\"Lottohoy\" \/>\n<meta name=\"twitter:card\" content=\"summary_large_image\" \/>\n<meta name=\"twitter:label1\" content=\"Arvioitu lukuaika\" \/>\n\t<meta name=\"twitter:data1\" content=\"1 minuutti\" \/>\n<script type=\"application\/ld+json\" class=\"yoast-schema-graph\">{\"@context\":\"https:\/\/schema.org\",\"@graph\":[{\"@type\":\"WebPage\",\"@id\":\"https:\/\/lottohoy.com\/fi\/online-arpajaiset-faq\/lauantai-lotto-faq\/\",\"url\":\"https:\/\/lottohoy.com\/fi\/online-arpajaiset-faq\/lauantai-lotto-faq\/\",\"name\":\"Lauantailotto FAQ - viikonlopun aussie-arpajaiset\",\"isPartOf\":{\"@id\":\"https:\/\/lottohoy.com\/fi\/#website\"},\"datePublished\":\"2018-08-23T09:32:43+00:00\",\"dateModified\":\"2018-08-23T09:32:43+00:00\",\"description\":\"Lauantailotto on helppo ymm\u00e4rt\u00e4\u00e4 ja pelata. Sinun tarvitsee valita vain 6 numeroa 45 mahdollisesta Leanr kaikki s\u00e4\u00e4nn\u00f6t ja parhaat niksit!\",\"breadcrumb\":{\"@id\":\"https:\/\/lottohoy.com\/fi\/online-arpajaiset-faq\/lauantai-lotto-faq\/#breadcrumb\"},\"inLanguage\":\"fi\",\"potentialAction\":[{\"@type\":\"ReadAction\",\"target\":[\"https:\/\/lottohoy.com\/fi\/online-arpajaiset-faq\/lauantai-lotto-faq\/\"]}]},{\"@type\":\"BreadcrumbList\",\"@id\":\"https:\/\/lottohoy.com\/fi\/online-arpajaiset-faq\/lauantai-lotto-faq\/#breadcrumb\",\"itemListElement\":[{\"@type\":\"ListItem\",\"position\":1,\"name\":\"Home\",\"item\":\"https:\/\/lottohoy.com\/fi\/\"},{\"@type\":\"ListItem\",\"position\":2,\"name\":\"Online arpajaiset FAQ\",\"item\":\"https:\/\/lottohoy.com\/fi\/online-arpajaiset-faq\/\"},{\"@type\":\"ListItem\",\"position\":3,\"name\":\"Lauantai Lotto FAQ\"}]},{\"@type\":\"WebSite\",\"@id\":\"https:\/\/lottohoy.com\/fi\/#website\",\"url\":\"https:\/\/lottohoy.com\/fi\/\",\"name\":\"Lottohoy\",\"description\":\"\",\"potentialAction\":[{\"@type\":\"SearchAction\",\"target\":{\"@type\":\"EntryPoint\",\"urlTemplate\":\"https:\/\/lottohoy.com\/fi\/?s={search_term_string}\"},\"query-input\":{\"@type\":\"PropertyValueSpecification\",\"valueRequired\":true,\"valueName\":\"search_term_string\"}}],\"inLanguage\":\"fi\"}]}<\/script>\n<!-- \/ Yoast SEO plugin. -->","yoast_head_json":{"title":"Lauantailotto FAQ - viikonlopun aussie-arpajaiset","description":"Lauantailotto on helppo ymm\u00e4rt\u00e4\u00e4 ja pelata. Sinun tarvitsee valita vain 6 numeroa 45 mahdollisesta Leanr kaikki s\u00e4\u00e4nn\u00f6t ja parhaat niksit!","robots":{"index":"index","follow":"follow","max-snippet":"max-snippet:-1","max-image-preview":"max-image-preview:large","max-video-preview":"max-video-preview:-1"},"canonical":"https:\/\/lottohoy.com\/fi\/online-arpajaiset-faq\/lauantai-lotto-faq\/","og_locale":"fi_FI","og_type":"article","og_title":"Lauantailotto FAQ - viikonlopun aussie-arpajaiset","og_description":"Lauantailotto on helppo ymm\u00e4rt\u00e4\u00e4 ja pelata. Sinun tarvitsee valita vain 6 numeroa 45 mahdollisesta Leanr kaikki s\u00e4\u00e4nn\u00f6t ja parhaat niksit!","og_url":"https:\/\/lottohoy.com\/fi\/online-arpajaiset-faq\/lauantai-lotto-faq\/","og_site_name":"Lottohoy","twitter_card":"summary_large_image","twitter_misc":{"Arvioitu lukuaika":"1 minuutti"},"schema":{"@context":"https:\/\/schema.org","@graph":[{"@type":"WebPage","@id":"https:\/\/lottohoy.com\/fi\/online-arpajaiset-faq\/lauantai-lotto-faq\/","url":"https:\/\/lottohoy.com\/fi\/online-arpajaiset-faq\/lauantai-lotto-faq\/","name":"Lauantailotto FAQ - viikonlopun aussie-arpajaiset","isPartOf":{"@id":"https:\/\/lottohoy.com\/fi\/#website"},"datePublished":"2018-08-23T09:32:43+00:00","dateModified":"2018-08-23T09:32:43+00:00","description":"Lauantailotto on helppo ymm\u00e4rt\u00e4\u00e4 ja pelata. Sinun tarvitsee valita vain 6 numeroa 45 mahdollisesta Leanr kaikki s\u00e4\u00e4nn\u00f6t ja parhaat niksit!","breadcrumb":{"@id":"https:\/\/lottohoy.com\/fi\/online-arpajaiset-faq\/lauantai-lotto-faq\/#breadcrumb"},"inLanguage":"fi","potentialAction":[{"@type":"ReadAction","target":["https:\/\/lottohoy.com\/fi\/online-arpajaiset-faq\/lauantai-lotto-faq\/"]}]},{"@type":"BreadcrumbList","@id":"https:\/\/lottohoy.com\/fi\/online-arpajaiset-faq\/lauantai-lotto-faq\/#breadcrumb","itemListElement":[{"@type":"ListItem","position":1,"name":"Home","item":"https:\/\/lottohoy.com\/fi\/"},{"@type":"ListItem","position":2,"name":"Online arpajaiset FAQ","item":"https:\/\/lottohoy.com\/fi\/online-arpajaiset-faq\/"},{"@type":"ListItem","position":3,"name":"Lauantai Lotto FAQ"}]},{"@type":"WebSite","@id":"https:\/\/lottohoy.com\/fi\/#website","url":"https:\/\/lottohoy.com\/fi\/","name":"Lottohoy","description":"","potentialAction":[{"@type":"SearchAction","target":{"@type":"EntryPoint","urlTemplate":"https:\/\/lottohoy.com\/fi\/?s={search_term_string}"},"query-input":{"@type":"PropertyValueSpecification","valueRequired":true,"valueName":"search_term_string"}}],"inLanguage":"fi"}]}},"_links":{"self":[{"href":"https:\/\/lottohoy.com\/fi\/wp-json\/wp\/v2\/pages\/16883","targetHints":{"allow":["GET"]}}],"collection":[{"href":"https:\/\/lottohoy.com\/fi\/wp-json\/wp\/v2\/pages"}],"about":[{"href":"https:\/\/lottohoy.com\/fi\/wp-json\/wp\/v2\/types\/page"}],"author":[{"embeddable":true,"href":"https:\/\/lottohoy.com\/fi\/wp-json\/wp\/v2\/users\/2"}],"replies":[{"embeddable":true,"href":"https:\/\/lottohoy.com\/fi\/wp-json\/wp\/v2\/comments?post=16883"}],"version-history":[{"count":0,"href":"https:\/\/lottohoy.com\/fi\/wp-json\/wp\/v2\/pages\/16883\/revisions"}],"up":[{"embeddable":true,"href":"https:\/\/lottohoy.com\/fi\/wp-json\/wp\/v2\/pages\/16745"}],"wp:attachment":[{"href":"https:\/\/lottohoy.com\/fi\/wp-json\/wp\/v2\/media?parent=16883"}],"curies":[{"name":"wp","href":"https:\/\/api.w.org\/{rel}","templated":true}]}}