{"id":16875,"date":"2018-08-21T10:29:37","date_gmt":"2018-08-21T09:29:37","guid":{"rendered":"https:\/\/lottohoy.com\/online-arpajaiset-faq\/powerball-au-faq\/"},"modified":"2018-08-21T10:29:37","modified_gmt":"2018-08-21T09:29:37","slug":"powerball-au-faq","status":"publish","type":"page","link":"https:\/\/lottohoy.com\/fi\/online-arpajaiset-faq\/powerball-au-faq\/","title":{"rendered":"Powerball AU FAQ"},"content":{"rendered":"<p>PowerBall AU tuli markkinoille 23. maaliskuuta 1996. Aluksi pelaajan oli valittava 5 numeroa 45:st\u00e4, jotka muodostivat tabletin ensimm\u00e4isen osan, ja lis\u00e4ksi valittava 1 lis\u00e4numero, joka tunnetaan nimell\u00e4 \u201dPowerball\u201d toisesta ryhm\u00e4st\u00e4.<\/p>\n<h2>AU Powerballin s\u00e4\u00e4nn\u00f6t<\/h2>\n<p>Maaliskuussa 2013 s\u00e4\u00e4nt\u00f6\u00e4 muutettiin, ja m\u00e4\u00e4riteltiin, ett\u00e4 voittoyhdistelm\u00e4 olisi saatava 6 numerosta 40:st\u00e4 pylv\u00e4\u00e4n ensimm\u00e4iseen ryhm\u00e4\u00e4n kuuluvasta numerosta ja pallo 20:st\u00e4 mahdollisesta numerosta alareunasta. T\u00e4m\u00e4 muutos johti uuden palkintoluokan k\u00e4ytt\u00f6\u00f6nottoon.<\/p>\n<p>Huhtikuusta 2018 l\u00e4htien oli uusi muunnelma, on todettu, ett\u00e4 ensimm\u00e4iseen ryhm\u00e4\u00e4n kuuluvia palloja v\u00e4hennettiin 35:een ja ett\u00e4 voittavan yhdistelm\u00e4n saamiseksi tarvittavien 6 pallon sijasta niiden on oltava 7 palloa plus Powerball-pallo toisesta ryhm\u00e4st\u00e4, joka pysyy ennallaan.<\/p>\n<h2><strong>PowerBall Australia -palkinnot<\/strong><\/h2>\n<p>PowerBall AU:n palkintoluokat ovat seuraavat:<\/p>\n<p>1. luokka 7 palloa + Powerball<\/p>\n<p>2. luokka 7 palloa<\/p>\n<p>3. luokka 6 palloa + powerball<\/p>\n<p>4. luokka 6 palloa<\/p>\n<p>5. luokka 5 palloa + powerball<\/p>\n<p>6. luokka 4 palloa + powerball<\/p>\n<p>7. luokka 5 palloa<\/p>\n<p>8. luokka 3 palloa + powerball<\/p>\n<p>9. luokka 2 palloa + powerball<\/p>\n<h2>Australian Powerballin pelaamisen edut verkossa<\/h2>\n<ul>\n<li>Pelaa helposti, nopeasti ja mukavasti<\/li>\n<li>Ilman, ett\u00e4 sinun tarvitsee matkustaa Australiaan osallistuaksesi niiden miljoonaj\u00e4ttipotteihin<\/li>\n<li>Pelaa mill\u00e4 tahansa mobiililaitteella, tabletilla tai p\u00f6yt\u00e4koneella, jossa on perusinternetyhteys.<\/li>\n<li>Sinulla on jatkuvasti tietoa kaikista arvonnoista, kertyneist\u00e4 j\u00e4ttipotista ja voitetuista palkinnoista<\/li>\n<li>Se on turvallinen ja luotettava kaikkien maksutapojen osalta.<\/li>\n<li>Kun rekister\u00f6itynyt k\u00e4ytt\u00e4j\u00e4 on voittanut palkinnon, otamme automaattisesti kyseisen summan h\u00e4nen k\u00e4ytt\u00e4j\u00e4tililleen.<\/li>\n<\/ul>\n<h2>PowerBall AU Jackpot<\/h2>\n<p>PowerBall AU:n taattu minimij\u00e4ttipotti on 3 miljoonaa AUD dollaria, eik\u00e4 kertymisrajaa ole, joten j\u00e4ttipotti voi edet\u00e4 useiden miljoonien dollarien j\u00e4ttipotiksi.<\/p>\n<p>T\u00e4h\u00e4nastinen enn\u00e4tysj\u00e4ttipotti on 80 miljoonaa AUD dollaria, joka saavutettiin hein\u00e4kuussa 2009 ja jonka jakoivat kaksi voittajaa New South Walesista ja Victoriasta.<\/p>\n<p>S\u00e4\u00e4nt\u00f6jen viimeisimm\u00e4n p\u00e4ivityksen j\u00e4lkeen huhtikuussa 2018 j\u00e4ttipotti on voitettu vain kahdesti:<\/p>\n<ul>\n<li>Huhtikuun<sup>19.<\/sup> p\u00e4iv\u00e4n\u00e4 2018 ja uusien s\u00e4\u00e4nt\u00f6jen ensimm\u00e4isess\u00e4 arvonnassa ensimm\u00e4isen luokan palkinto oli 8 miljoonaa Australian dollaria.<\/li>\n<li>Kes\u00e4kuun<sup>7. p\u00e4iv\u00e4n\u00e4<\/sup> 2018 voittaja sai ensimm\u00e4isen luokan palkinnon, jonka m\u00e4\u00e4r\u00e4 oli 50 miljoonaa AUD dollaria.<\/li>\n<\/ul>\n<p>Saturday Lotto on Australian kansallinen lotto, joka arvotaan lauantai-iltaisin. Vaikka kyseess\u00e4 on valtakunnallinen lotto, se tunnetaan eri nimill\u00e4 sen mukaan, mill\u00e4 alueella sit\u00e4 markkinoidaan.<\/p>\n","protected":false},"excerpt":{"rendered":"<p>PowerBall AU tuli markkinoille 23. maaliskuuta 1996. Aluksi pelaajan oli valittava 5 numeroa 45:st\u00e4, jotka muodostivat tabletin ensimm\u00e4isen osan, ja lis\u00e4ksi valittava 1 lis\u00e4numero, joka tunnetaan nimell\u00e4 \u201dPowerball\u201d toisesta ryhm\u00e4st\u00e4. AU Powerballin s\u00e4\u00e4nn\u00f6t Maaliskuussa 2013 s\u00e4\u00e4nt\u00f6\u00e4 muutettiin, ja m\u00e4\u00e4riteltiin, ett\u00e4 voittoyhdistelm\u00e4 olisi saatava 6 numerosta 40:st\u00e4 pylv\u00e4\u00e4n ensimm\u00e4iseen ryhm\u00e4\u00e4n kuuluvasta numerosta ja pallo 20:st\u00e4 mahdollisesta [&hellip;]<\/p>\n","protected":false},"author":2,"featured_media":0,"parent":16745,"menu_order":17,"comment_status":"closed","ping_status":"closed","template":"powerball-au-info.php","meta":{"_et_pb_use_builder":"","_et_pb_old_content":"","_et_gb_content_width":"","exclude_from_search":false,"footnotes":""},"class_list":["post-16875","page","type-page","status-publish","hentry"],"yoast_head":"<!-- This site is optimized with the Yoast SEO plugin v23.7 - https:\/\/yoast.com\/wordpress\/plugins\/seo\/ -->\n<title>\u25b7 Powerball AU FAQ \u25b7 Powerball Australia s\u00e4\u00e4nn\u00f6t | Lottohoy<\/title>\n<meta name=\"description\" content=\"PowerBall AU on Australian suurin lotto. L\u00f6yd\u00e4t alta kaikki tiedot t\u00e4st\u00e4 pelist\u00e4: s\u00e4\u00e4nn\u00f6t, palkinnot, j\u00e4ttipotit ja muutamia niksej\u00e4, joilla voit voittaa enemm\u00e4n.\" \/>\n<meta name=\"robots\" content=\"index, follow, max-snippet:-1, max-image-preview:large, max-video-preview:-1\" \/>\n<link rel=\"canonical\" href=\"https:\/\/lottohoy.com\/fi\/online-arpajaiset-faq\/powerball-au-faq\/\" \/>\n<meta property=\"og:locale\" content=\"fi_FI\" \/>\n<meta property=\"og:type\" content=\"article\" \/>\n<meta property=\"og:title\" content=\"\u25b7 Powerball AU FAQ \u25b7 Powerball Australia s\u00e4\u00e4nn\u00f6t | Lottohoy\" \/>\n<meta property=\"og:description\" content=\"PowerBall AU on Australian suurin lotto. L\u00f6yd\u00e4t alta kaikki tiedot t\u00e4st\u00e4 pelist\u00e4: s\u00e4\u00e4nn\u00f6t, palkinnot, j\u00e4ttipotit ja muutamia niksej\u00e4, joilla voit voittaa enemm\u00e4n.\" \/>\n<meta property=\"og:url\" content=\"https:\/\/lottohoy.com\/fi\/online-arpajaiset-faq\/powerball-au-faq\/\" \/>\n<meta property=\"og:site_name\" content=\"Lottohoy\" \/>\n<meta name=\"twitter:card\" content=\"summary_large_image\" \/>\n<meta name=\"twitter:label1\" content=\"Arvioitu lukuaika\" \/>\n\t<meta name=\"twitter:data1\" content=\"2 minuuttia\" \/>\n<script type=\"application\/ld+json\" class=\"yoast-schema-graph\">{\"@context\":\"https:\/\/schema.org\",\"@graph\":[{\"@type\":\"WebPage\",\"@id\":\"https:\/\/lottohoy.com\/fi\/online-arpajaiset-faq\/powerball-au-faq\/\",\"url\":\"https:\/\/lottohoy.com\/fi\/online-arpajaiset-faq\/powerball-au-faq\/\",\"name\":\"\u25b7 Powerball AU FAQ \u25b7 Powerball Australia s\u00e4\u00e4nn\u00f6t | Lottohoy\",\"isPartOf\":{\"@id\":\"https:\/\/lottohoy.com\/fi\/#website\"},\"datePublished\":\"2018-08-21T09:29:37+00:00\",\"dateModified\":\"2018-08-21T09:29:37+00:00\",\"description\":\"PowerBall AU on Australian suurin lotto. L\u00f6yd\u00e4t alta kaikki tiedot t\u00e4st\u00e4 pelist\u00e4: s\u00e4\u00e4nn\u00f6t, palkinnot, j\u00e4ttipotit ja muutamia niksej\u00e4, joilla voit voittaa enemm\u00e4n.\",\"breadcrumb\":{\"@id\":\"https:\/\/lottohoy.com\/fi\/online-arpajaiset-faq\/powerball-au-faq\/#breadcrumb\"},\"inLanguage\":\"fi\",\"potentialAction\":[{\"@type\":\"ReadAction\",\"target\":[\"https:\/\/lottohoy.com\/fi\/online-arpajaiset-faq\/powerball-au-faq\/\"]}]},{\"@type\":\"BreadcrumbList\",\"@id\":\"https:\/\/lottohoy.com\/fi\/online-arpajaiset-faq\/powerball-au-faq\/#breadcrumb\",\"itemListElement\":[{\"@type\":\"ListItem\",\"position\":1,\"name\":\"Home\",\"item\":\"https:\/\/lottohoy.com\/fi\/\"},{\"@type\":\"ListItem\",\"position\":2,\"name\":\"Online arpajaiset FAQ\",\"item\":\"https:\/\/lottohoy.com\/fi\/online-arpajaiset-faq\/\"},{\"@type\":\"ListItem\",\"position\":3,\"name\":\"Powerball AU FAQ\"}]},{\"@type\":\"WebSite\",\"@id\":\"https:\/\/lottohoy.com\/fi\/#website\",\"url\":\"https:\/\/lottohoy.com\/fi\/\",\"name\":\"Lottohoy\",\"description\":\"\",\"potentialAction\":[{\"@type\":\"SearchAction\",\"target\":{\"@type\":\"EntryPoint\",\"urlTemplate\":\"https:\/\/lottohoy.com\/fi\/?s={search_term_string}\"},\"query-input\":{\"@type\":\"PropertyValueSpecification\",\"valueRequired\":true,\"valueName\":\"search_term_string\"}}],\"inLanguage\":\"fi\"}]}<\/script>\n<!-- \/ Yoast SEO plugin. -->","yoast_head_json":{"title":"\u25b7 Powerball AU FAQ \u25b7 Powerball Australia s\u00e4\u00e4nn\u00f6t | Lottohoy","description":"PowerBall AU on Australian suurin lotto. L\u00f6yd\u00e4t alta kaikki tiedot t\u00e4st\u00e4 pelist\u00e4: s\u00e4\u00e4nn\u00f6t, palkinnot, j\u00e4ttipotit ja muutamia niksej\u00e4, joilla voit voittaa enemm\u00e4n.","robots":{"index":"index","follow":"follow","max-snippet":"max-snippet:-1","max-image-preview":"max-image-preview:large","max-video-preview":"max-video-preview:-1"},"canonical":"https:\/\/lottohoy.com\/fi\/online-arpajaiset-faq\/powerball-au-faq\/","og_locale":"fi_FI","og_type":"article","og_title":"\u25b7 Powerball AU FAQ \u25b7 Powerball Australia s\u00e4\u00e4nn\u00f6t | Lottohoy","og_description":"PowerBall AU on Australian suurin lotto. L\u00f6yd\u00e4t alta kaikki tiedot t\u00e4st\u00e4 pelist\u00e4: s\u00e4\u00e4nn\u00f6t, palkinnot, j\u00e4ttipotit ja muutamia niksej\u00e4, joilla voit voittaa enemm\u00e4n.","og_url":"https:\/\/lottohoy.com\/fi\/online-arpajaiset-faq\/powerball-au-faq\/","og_site_name":"Lottohoy","twitter_card":"summary_large_image","twitter_misc":{"Arvioitu lukuaika":"2 minuuttia"},"schema":{"@context":"https:\/\/schema.org","@graph":[{"@type":"WebPage","@id":"https:\/\/lottohoy.com\/fi\/online-arpajaiset-faq\/powerball-au-faq\/","url":"https:\/\/lottohoy.com\/fi\/online-arpajaiset-faq\/powerball-au-faq\/","name":"\u25b7 Powerball AU FAQ \u25b7 Powerball Australia s\u00e4\u00e4nn\u00f6t | Lottohoy","isPartOf":{"@id":"https:\/\/lottohoy.com\/fi\/#website"},"datePublished":"2018-08-21T09:29:37+00:00","dateModified":"2018-08-21T09:29:37+00:00","description":"PowerBall AU on Australian suurin lotto. L\u00f6yd\u00e4t alta kaikki tiedot t\u00e4st\u00e4 pelist\u00e4: s\u00e4\u00e4nn\u00f6t, palkinnot, j\u00e4ttipotit ja muutamia niksej\u00e4, joilla voit voittaa enemm\u00e4n.","breadcrumb":{"@id":"https:\/\/lottohoy.com\/fi\/online-arpajaiset-faq\/powerball-au-faq\/#breadcrumb"},"inLanguage":"fi","potentialAction":[{"@type":"ReadAction","target":["https:\/\/lottohoy.com\/fi\/online-arpajaiset-faq\/powerball-au-faq\/"]}]},{"@type":"BreadcrumbList","@id":"https:\/\/lottohoy.com\/fi\/online-arpajaiset-faq\/powerball-au-faq\/#breadcrumb","itemListElement":[{"@type":"ListItem","position":1,"name":"Home","item":"https:\/\/lottohoy.com\/fi\/"},{"@type":"ListItem","position":2,"name":"Online arpajaiset FAQ","item":"https:\/\/lottohoy.com\/fi\/online-arpajaiset-faq\/"},{"@type":"ListItem","position":3,"name":"Powerball AU FAQ"}]},{"@type":"WebSite","@id":"https:\/\/lottohoy.com\/fi\/#website","url":"https:\/\/lottohoy.com\/fi\/","name":"Lottohoy","description":"","potentialAction":[{"@type":"SearchAction","target":{"@type":"EntryPoint","urlTemplate":"https:\/\/lottohoy.com\/fi\/?s={search_term_string}"},"query-input":{"@type":"PropertyValueSpecification","valueRequired":true,"valueName":"search_term_string"}}],"inLanguage":"fi"}]}},"_links":{"self":[{"href":"https:\/\/lottohoy.com\/fi\/wp-json\/wp\/v2\/pages\/16875","targetHints":{"allow":["GET"]}}],"collection":[{"href":"https:\/\/lottohoy.com\/fi\/wp-json\/wp\/v2\/pages"}],"about":[{"href":"https:\/\/lottohoy.com\/fi\/wp-json\/wp\/v2\/types\/page"}],"author":[{"embeddable":true,"href":"https:\/\/lottohoy.com\/fi\/wp-json\/wp\/v2\/users\/2"}],"replies":[{"embeddable":true,"href":"https:\/\/lottohoy.com\/fi\/wp-json\/wp\/v2\/comments?post=16875"}],"version-history":[{"count":0,"href":"https:\/\/lottohoy.com\/fi\/wp-json\/wp\/v2\/pages\/16875\/revisions"}],"up":[{"embeddable":true,"href":"https:\/\/lottohoy.com\/fi\/wp-json\/wp\/v2\/pages\/16745"}],"wp:attachment":[{"href":"https:\/\/lottohoy.com\/fi\/wp-json\/wp\/v2\/media?parent=16875"}],"curies":[{"name":"wp","href":"https:\/\/api.w.org\/{rel}","templated":true}]}}