{"id":16868,"date":"2020-08-10T16:00:00","date_gmt":"2020-08-10T15:00:00","guid":{"rendered":"https:\/\/lottohoy.com\/online-arpajaiset-faq\/mega-sena-tiedot\/"},"modified":"2020-08-10T16:00:00","modified_gmt":"2020-08-10T15:00:00","slug":"mega-sena-tiedot","status":"publish","type":"page","link":"https:\/\/lottohoy.com\/fi\/online-arpajaiset-faq\/mega-sena-tiedot\/","title":{"rendered":"Mega Sena Tiedot"},"content":{"rendered":"<h2>Mik\u00e4 on Mega Sena?<\/h2>\n<p>T\u00e4m\u00e4 arpajaiset luotiin maaliskuussa 1996, ja niit\u00e4 hallinnoi Caixa Economica -liittopankki, joka on rahoituslaitos, joka on riippuvainen Brasilian liittovaltion hallituksesta julkisena yhti\u00f6n\u00e4, jonka p\u00e4\u00e4oma on 100 %.<\/p>\n<p>T\u00e4ss\u00e4 Etel\u00e4-Amerikan suurimmassa arpajaisissa on taattu 2 000 000 R$:n v\u00e4himm\u00e4ispalkinto ensiluokkaisille voittajille (6 osumaa).<\/p>\n<p>Jos ensimm\u00e4isess\u00e4 luokassa ei ole voittajaa, summa ker\u00e4\u00e4ntyy m\u00e4\u00e4r\u00e4\u00e4m\u00e4tt\u00f6m\u00e4ksi ajaksi seuraaviin arvontoihin, kunnes voittajia l\u00f6ytyy.<\/p>\n<h2>Miten Mega Sena -peli\u00e4 pelataan?<\/h2>\n<p>Pelatakseen Mega Sena -verkkoarvontoja pelaajan on laadittava ennuste valitsemalla 6 numeroa v\u00e4lilt\u00e4 1-60. Pelaaja voi tehd\u00e4 sen perinteisell\u00e4 tavalla eli merkitsem\u00e4ll\u00e4 kuusi ruutua manuaalisesti tai antamalla j\u00e4rjestelm\u00e4n itse valita yhdistelm\u00e4n sattumanvaraisesti.<\/p>\n<p>Useat vedot, jotka voidaan tehd\u00e4 fyysisill\u00e4 lipuilla, eiv\u00e4t ole mahdollisia (ainakaan t\u00e4ll\u00e4 hetkell\u00e4) verkkoalustallamme.<\/p>\n<h2>Vedonly\u00f6nnin hinta<\/h2>\n<p>Kunkin Mega Sena -vedon hinta LottoHoyssa on 2 \u20ac.<\/p>\n<h2>Mega Sena vuoden lopun erikoisarvonta<\/h2>\n<p>Vuoden lopussa j\u00e4rjestet\u00e4\u00e4n erikoisarvonta, ja palkinto kertyy ker\u00e4\u00e4m\u00e4ll\u00e4 5 % vuoden aikana suoritettujen tavallisten arvontojen tuotosta.<\/p>\n<p>T\u00e4m\u00e4 erityisarvonta on nimelt\u00e4\u00e4n Mega Sena da Virada, ja siin\u00e4 myyd\u00e4\u00e4n lippuja marras- ja joulukuun v\u00e4lisen\u00e4 aikana 31. joulukuuta suoritettavaa arvontatilaisuutta varten.<\/p>\n<p>Palkintojen jako on hyvin samanlainen kuin normaalit arvonnat viikoittain, 62 % ker\u00e4tyist\u00e4 palkinnoista on ensimm\u00e4isen luokan voittajille (6 ottelua), joita kutsutaan my\u00f6s nimell\u00e4 Sena,<\/p>\n<p>Mega Viradan toinen palkintoluokka (tai Kina 5 osumaa) jakaa 19 % ker\u00e4tyist\u00e4 rahoista, samoin kuin kolmas luokka (Quadra 4 osumaa).<\/p>\n<p>Jos ensimm\u00e4isess\u00e4 kategoriassa ei ole voittajia, palkinto ker\u00e4t\u00e4\u00e4n toisen kategorian mahdollisille voittajille, ja jos ensimm\u00e4isess\u00e4 ja toisessa kategoriassa ei ole voittajia, palkinto jaetaan kolmannen kategorian 4 ottelun voittajien kesken.<\/p>\n<p>Jos yhdess\u00e4k\u00e4\u00e4n luokassa ei ole voittajaa, palkintosumma ker\u00e4t\u00e4\u00e4n seuraavaan arvontaan omassa luokassaan.<\/p>\n<h2>Mega Sena -loton ylim\u00e4\u00e4r\u00e4iset arvonnat<\/h2>\n<p>Uudenvuodenaattona j\u00e4rjestett\u00e4v\u00e4n erityisen Maga Sena da Virada -arvonnan lis\u00e4ksi on pari muutakin arvontatapahtumaa, joissa pelaajat voivat kokeilla onneaan.<\/p>\n<p>Lotof\u00e1cil da Independ\u00eancia, joka ajoittuu maan itsen\u00e4isyysp\u00e4iv\u00e4\u00e4n 7. syyskuuta.<\/p>\n<p>Ja DuplaSena, joka osuu p\u00e4\u00e4si\u00e4isen aikaan ja jonka nimi on Dupla de Pascoa.<\/p>\n<h3>Palkintoluokat<\/h3>\n<p>Palkintoluokkia on yhteens\u00e4 kolme, kuten alla olevasta taulukosta k\u00e4y ilmi.<\/p>\n","protected":false},"excerpt":{"rendered":"<p>Mik\u00e4 on Mega Sena? T\u00e4m\u00e4 arpajaiset luotiin maaliskuussa 1996, ja niit\u00e4 hallinnoi Caixa Economica -liittopankki, joka on rahoituslaitos, joka on riippuvainen Brasilian liittovaltion hallituksesta julkisena yhti\u00f6n\u00e4, jonka p\u00e4\u00e4oma on 100 %. T\u00e4ss\u00e4 Etel\u00e4-Amerikan suurimmassa arpajaisissa on taattu 2 000 000 R$:n v\u00e4himm\u00e4ispalkinto ensiluokkaisille voittajille (6 osumaa). Jos ensimm\u00e4isess\u00e4 luokassa ei ole voittajaa, summa ker\u00e4\u00e4ntyy m\u00e4\u00e4r\u00e4\u00e4m\u00e4tt\u00f6m\u00e4ksi [&hellip;]<\/p>\n","protected":false},"author":2,"featured_media":0,"parent":16745,"menu_order":16,"comment_status":"closed","ping_status":"closed","template":"megasena-info.php","meta":{"_et_pb_use_builder":"","_et_pb_old_content":"","_et_gb_content_width":"","exclude_from_search":false,"footnotes":""},"class_list":["post-16868","page","type-page","status-publish","hentry"],"yoast_head":"<!-- This site is optimized with the Yoast SEO plugin v23.7 - https:\/\/yoast.com\/wordpress\/plugins\/seo\/ -->\n<title>Mega Sena -lottotiedot - Lottohoy.com<\/title>\n<meta name=\"description\" content=\"Kaikki yksityiskohdat ja tiedot Mega Sena -arvonnasta, yksityiskohtaiset tiedot hinnoista, peleist\u00e4 ja nettipelaamisen eduista.\" \/>\n<meta name=\"robots\" content=\"index, follow, max-snippet:-1, max-image-preview:large, max-video-preview:-1\" \/>\n<link rel=\"canonical\" href=\"https:\/\/lottohoy.com\/fi\/online-arpajaiset-faq\/mega-sena-tiedot\/\" \/>\n<meta property=\"og:locale\" content=\"fi_FI\" \/>\n<meta property=\"og:type\" content=\"article\" \/>\n<meta property=\"og:title\" content=\"Mega Sena -lottotiedot - Lottohoy.com\" \/>\n<meta property=\"og:description\" content=\"Kaikki yksityiskohdat ja tiedot Mega Sena -arvonnasta, yksityiskohtaiset tiedot hinnoista, peleist\u00e4 ja nettipelaamisen eduista.\" \/>\n<meta property=\"og:url\" content=\"https:\/\/lottohoy.com\/fi\/online-arpajaiset-faq\/mega-sena-tiedot\/\" \/>\n<meta property=\"og:site_name\" content=\"Lottohoy\" \/>\n<meta name=\"twitter:card\" content=\"summary_large_image\" \/>\n<meta name=\"twitter:label1\" content=\"Arvioitu lukuaika\" \/>\n\t<meta name=\"twitter:data1\" content=\"2 minuuttia\" \/>\n<script type=\"application\/ld+json\" class=\"yoast-schema-graph\">{\"@context\":\"https:\/\/schema.org\",\"@graph\":[{\"@type\":\"WebPage\",\"@id\":\"https:\/\/lottohoy.com\/fi\/online-arpajaiset-faq\/mega-sena-tiedot\/\",\"url\":\"https:\/\/lottohoy.com\/fi\/online-arpajaiset-faq\/mega-sena-tiedot\/\",\"name\":\"Mega Sena -lottotiedot - Lottohoy.com\",\"isPartOf\":{\"@id\":\"https:\/\/lottohoy.com\/fi\/#website\"},\"datePublished\":\"2020-08-10T15:00:00+00:00\",\"dateModified\":\"2020-08-10T15:00:00+00:00\",\"description\":\"Kaikki yksityiskohdat ja tiedot Mega Sena -arvonnasta, yksityiskohtaiset tiedot hinnoista, peleist\u00e4 ja nettipelaamisen eduista.\",\"breadcrumb\":{\"@id\":\"https:\/\/lottohoy.com\/fi\/online-arpajaiset-faq\/mega-sena-tiedot\/#breadcrumb\"},\"inLanguage\":\"fi\",\"potentialAction\":[{\"@type\":\"ReadAction\",\"target\":[\"https:\/\/lottohoy.com\/fi\/online-arpajaiset-faq\/mega-sena-tiedot\/\"]}]},{\"@type\":\"BreadcrumbList\",\"@id\":\"https:\/\/lottohoy.com\/fi\/online-arpajaiset-faq\/mega-sena-tiedot\/#breadcrumb\",\"itemListElement\":[{\"@type\":\"ListItem\",\"position\":1,\"name\":\"Home\",\"item\":\"https:\/\/lottohoy.com\/fi\/\"},{\"@type\":\"ListItem\",\"position\":2,\"name\":\"Online arpajaiset FAQ\",\"item\":\"https:\/\/lottohoy.com\/fi\/online-arpajaiset-faq\/\"},{\"@type\":\"ListItem\",\"position\":3,\"name\":\"Mega Sena Tiedot\"}]},{\"@type\":\"WebSite\",\"@id\":\"https:\/\/lottohoy.com\/fi\/#website\",\"url\":\"https:\/\/lottohoy.com\/fi\/\",\"name\":\"Lottohoy\",\"description\":\"\",\"potentialAction\":[{\"@type\":\"SearchAction\",\"target\":{\"@type\":\"EntryPoint\",\"urlTemplate\":\"https:\/\/lottohoy.com\/fi\/?s={search_term_string}\"},\"query-input\":{\"@type\":\"PropertyValueSpecification\",\"valueRequired\":true,\"valueName\":\"search_term_string\"}}],\"inLanguage\":\"fi\"}]}<\/script>\n<!-- \/ Yoast SEO plugin. -->","yoast_head_json":{"title":"Mega Sena -lottotiedot - Lottohoy.com","description":"Kaikki yksityiskohdat ja tiedot Mega Sena -arvonnasta, yksityiskohtaiset tiedot hinnoista, peleist\u00e4 ja nettipelaamisen eduista.","robots":{"index":"index","follow":"follow","max-snippet":"max-snippet:-1","max-image-preview":"max-image-preview:large","max-video-preview":"max-video-preview:-1"},"canonical":"https:\/\/lottohoy.com\/fi\/online-arpajaiset-faq\/mega-sena-tiedot\/","og_locale":"fi_FI","og_type":"article","og_title":"Mega Sena -lottotiedot - Lottohoy.com","og_description":"Kaikki yksityiskohdat ja tiedot Mega Sena -arvonnasta, yksityiskohtaiset tiedot hinnoista, peleist\u00e4 ja nettipelaamisen eduista.","og_url":"https:\/\/lottohoy.com\/fi\/online-arpajaiset-faq\/mega-sena-tiedot\/","og_site_name":"Lottohoy","twitter_card":"summary_large_image","twitter_misc":{"Arvioitu lukuaika":"2 minuuttia"},"schema":{"@context":"https:\/\/schema.org","@graph":[{"@type":"WebPage","@id":"https:\/\/lottohoy.com\/fi\/online-arpajaiset-faq\/mega-sena-tiedot\/","url":"https:\/\/lottohoy.com\/fi\/online-arpajaiset-faq\/mega-sena-tiedot\/","name":"Mega Sena -lottotiedot - Lottohoy.com","isPartOf":{"@id":"https:\/\/lottohoy.com\/fi\/#website"},"datePublished":"2020-08-10T15:00:00+00:00","dateModified":"2020-08-10T15:00:00+00:00","description":"Kaikki yksityiskohdat ja tiedot Mega Sena -arvonnasta, yksityiskohtaiset tiedot hinnoista, peleist\u00e4 ja nettipelaamisen eduista.","breadcrumb":{"@id":"https:\/\/lottohoy.com\/fi\/online-arpajaiset-faq\/mega-sena-tiedot\/#breadcrumb"},"inLanguage":"fi","potentialAction":[{"@type":"ReadAction","target":["https:\/\/lottohoy.com\/fi\/online-arpajaiset-faq\/mega-sena-tiedot\/"]}]},{"@type":"BreadcrumbList","@id":"https:\/\/lottohoy.com\/fi\/online-arpajaiset-faq\/mega-sena-tiedot\/#breadcrumb","itemListElement":[{"@type":"ListItem","position":1,"name":"Home","item":"https:\/\/lottohoy.com\/fi\/"},{"@type":"ListItem","position":2,"name":"Online arpajaiset FAQ","item":"https:\/\/lottohoy.com\/fi\/online-arpajaiset-faq\/"},{"@type":"ListItem","position":3,"name":"Mega Sena Tiedot"}]},{"@type":"WebSite","@id":"https:\/\/lottohoy.com\/fi\/#website","url":"https:\/\/lottohoy.com\/fi\/","name":"Lottohoy","description":"","potentialAction":[{"@type":"SearchAction","target":{"@type":"EntryPoint","urlTemplate":"https:\/\/lottohoy.com\/fi\/?s={search_term_string}"},"query-input":{"@type":"PropertyValueSpecification","valueRequired":true,"valueName":"search_term_string"}}],"inLanguage":"fi"}]}},"_links":{"self":[{"href":"https:\/\/lottohoy.com\/fi\/wp-json\/wp\/v2\/pages\/16868","targetHints":{"allow":["GET"]}}],"collection":[{"href":"https:\/\/lottohoy.com\/fi\/wp-json\/wp\/v2\/pages"}],"about":[{"href":"https:\/\/lottohoy.com\/fi\/wp-json\/wp\/v2\/types\/page"}],"author":[{"embeddable":true,"href":"https:\/\/lottohoy.com\/fi\/wp-json\/wp\/v2\/users\/2"}],"replies":[{"embeddable":true,"href":"https:\/\/lottohoy.com\/fi\/wp-json\/wp\/v2\/comments?post=16868"}],"version-history":[{"count":0,"href":"https:\/\/lottohoy.com\/fi\/wp-json\/wp\/v2\/pages\/16868\/revisions"}],"up":[{"embeddable":true,"href":"https:\/\/lottohoy.com\/fi\/wp-json\/wp\/v2\/pages\/16745"}],"wp:attachment":[{"href":"https:\/\/lottohoy.com\/fi\/wp-json\/wp\/v2\/media?parent=16868"}],"curies":[{"name":"wp","href":"https:\/\/api.w.org\/{rel}","templated":true}]}}