{"id":16861,"date":"2020-08-10T21:42:04","date_gmt":"2020-08-10T20:42:04","guid":{"rendered":"https:\/\/lottohoy.com\/online-arpajaiset-faq\/lotto-amerikka-tiedot\/"},"modified":"2020-08-10T21:42:04","modified_gmt":"2020-08-10T20:42:04","slug":"lotto-amerikka-tiedot","status":"publish","type":"page","link":"https:\/\/lottohoy.com\/fi\/online-arpajaiset-faq\/lotto-amerikka-tiedot\/","title":{"rendered":"Lotto Amerikka tiedot"},"content":{"rendered":"<p>Lotto America on monen valtion lotto, joka syntyi vuonna 1988 Multi-State Lottery Associationin yll\u00e4pit\u00e4m\u00e4ss\u00e4 Multi-State Lottery Associationissa, johon osallistui aluksi 7 valtiota, ja se kehittyi vuosien varrella, kunnes vuonna 1992 syntyi nykyinen Powerball. Marraskuussa 2017 se lanseerataan uudelleen nykyisell\u00e4 j\u00e4rjestelm\u00e4ll\u00e4\u00e4n, jolloin osallistujilla on mahdollisuus voittaa palkintoja yhdeks\u00e4ss\u00e4 eri kategoriassa.<\/p>\n<h2>Lotto American s\u00e4\u00e4nn\u00f6t<\/h2>\n<p>Lotto America, on helposti ymm\u00e4rrett\u00e4v\u00e4 ja pelattava lotto. Yksitt\u00e4isen panostuksen lippuun pelaajan on valittava 5 numeroa 52:sta mahdollisesta numerosta ensimm\u00e4iseen nelikentt\u00e4\u00e4n ja viel\u00e4 yksi numero t\u00e4htipalloa varten sarakkeen alempaan laatikkoon 1l 1-10 v\u00e4lilt\u00e4.<\/p>\n<p>Lis\u00e4ksi samalla lipulla p\u00e4\u00e4siirtoa voidaan t\u00e4ydent\u00e4\u00e4 All Starilla, joka lis\u00e4maksusta antaa pelaajille mahdollisuuden voittaa palkinnon (ensimm\u00e4ist\u00e4 luokkaa lukuun ottamatta) 2, 3 tai 4-kertaisena. (All Star -toiminto ei ole t\u00e4ll\u00e4 hetkell\u00e4 saatavilla LottoHoy-sivustolla).<\/p>\n<p>Voit pelata Lotto Americaa vain t\u00e4ysi-ik\u00e4isen\u00e4 (Iowan osavaltiossa t\u00e4ysi-ik\u00e4isyyden ik\u00e4raja on 21 vuotta).<\/p>\n<h2>Lotto America -nettipelaamisen edut<\/h2>\n<p>Sinun ei tarvitse matkustaa mihink\u00e4\u00e4n niist\u00e4 Yhdysvaltojen osavaltioista, jotka ovat osa t\u00e4t\u00e4 lottoa (Delaware, Idaho, Iowa, Kansas, Maine, Minnesota, Montana, New Mexico, North Dkota, South Dakota, Oklahoma, Tennessee, West Virginia), osallistuaksesi niiden miljon\u00e4\u00e4rij\u00e4ttipotteihin.<\/p>\n<p>Alustamme kautta sinulla on mahdollisuus pelata arpajaisia ymp\u00e4ri maailmaa, kuten Lotto Amerikassa. Mill\u00e4 tahansa mobiililaitteella, tabletilla tai p\u00f6yt\u00e4tietokoneella.<\/p>\n<p>Kaikista arvonnoista, kertyvist\u00e4 j\u00e4ttipoteista, voitetuista palkinnoista ja monista muista asioista on jatkuvasti tietoa.<\/p>\n<p>Lotto American pelaaminen LottoHoy.comin kaltaisen verkkoalustan kautta on turvallista ja luotettavaa kaikkien talletus- ja nostotapahtumien osalta.<\/p>\n<p>Jos voitat palkinnon, automaattisesti kyseisen palkinnon m\u00e4\u00e4r\u00e4, enint\u00e4\u00e4n 2500 euroa, hyvitet\u00e4\u00e4n v\u00e4litt\u00f6m\u00e4sti k\u00e4ytt\u00e4j\u00e4tilillesi.<\/p>\n<h2>Ovatko Lotto America -palkinnot veronalaisia?<\/h2>\n<p>Kyll\u00e4, kaikista yli 600 Yhdysvaltain dollarin suuruisista palkinnoista perit\u00e4\u00e4n liittovaltion l\u00e4hdevero, joka vastaa 28 prosenttia (muualla kuin maassa asuvilta tai muista maista tulevilta pelaajilta 30 prosenttia).<\/p>\n<h2>Mitk\u00e4 ovat Lotto America -j\u00e4ttipotin voittomahdollisuudet?<\/h2>\n<p>Lotto America -j\u00e4ttipotin voittomahdollisuus on 1:25 989 600. T\u00e4m\u00e4 tekee siit\u00e4 yhden niist\u00e4 arpajaisista, joiden voittokertoimet ovat suurimpia.<\/p>\n<h2>Mitk\u00e4 ovat todenn\u00e4k\u00f6isyydet voittaa mik\u00e4 tahansa Lotto America -palkinto?<\/h2>\n<p>Kertoimet voittaa palkinto miss\u00e4 tahansa vakiopelin luokassa ovat 1:17.<\/p>\n","protected":false},"excerpt":{"rendered":"<p>Lotto America on monen valtion lotto, joka syntyi vuonna 1988 Multi-State Lottery Associationin yll\u00e4pit\u00e4m\u00e4ss\u00e4 Multi-State Lottery Associationissa, johon osallistui aluksi 7 valtiota, ja se kehittyi vuosien varrella, kunnes vuonna 1992 syntyi nykyinen Powerball. Marraskuussa 2017 se lanseerataan uudelleen nykyisell\u00e4 j\u00e4rjestelm\u00e4ll\u00e4\u00e4n, jolloin osallistujilla on mahdollisuus voittaa palkintoja yhdeks\u00e4ss\u00e4 eri kategoriassa. Lotto American s\u00e4\u00e4nn\u00f6t Lotto America, on [&hellip;]<\/p>\n","protected":false},"author":2,"featured_media":0,"parent":16745,"menu_order":15,"comment_status":"closed","ping_status":"closed","template":"lotto-america-info.php","meta":{"_et_pb_use_builder":"","_et_pb_old_content":"","_et_gb_content_width":"","exclude_from_search":false,"footnotes":""},"class_list":["post-16861","page","type-page","status-publish","hentry"],"yoast_head":"<!-- This site is optimized with the Yoast SEO plugin v23.7 - https:\/\/yoast.com\/wordpress\/plugins\/seo\/ -->\n<title>Lotto America tietoa, s\u00e4\u00e4nn\u00f6t ja m\u00e4\u00e4r\u00e4ykset - LottoHoy.com<\/title>\n<meta name=\"description\" content=\"Kahdeksan yhdeks\u00e4st\u00e4 kategoriasta, joissa on kiinte\u00e4t palkinnot, ja ensimm\u00e4inen kategoria, jossa on erikoispalkinto ja progressiivinen jackpot, Lotto America Tietoja\" \/>\n<meta name=\"robots\" content=\"index, follow, max-snippet:-1, max-image-preview:large, max-video-preview:-1\" \/>\n<link rel=\"canonical\" href=\"https:\/\/lottohoy.com\/fi\/online-arpajaiset-faq\/lotto-amerikka-tiedot\/\" \/>\n<meta property=\"og:locale\" content=\"fi_FI\" \/>\n<meta property=\"og:type\" content=\"article\" \/>\n<meta property=\"og:title\" content=\"Lotto America tietoa, s\u00e4\u00e4nn\u00f6t ja m\u00e4\u00e4r\u00e4ykset - LottoHoy.com\" \/>\n<meta property=\"og:description\" content=\"Kahdeksan yhdeks\u00e4st\u00e4 kategoriasta, joissa on kiinte\u00e4t palkinnot, ja ensimm\u00e4inen kategoria, jossa on erikoispalkinto ja progressiivinen jackpot, Lotto America Tietoja\" \/>\n<meta property=\"og:url\" content=\"https:\/\/lottohoy.com\/fi\/online-arpajaiset-faq\/lotto-amerikka-tiedot\/\" \/>\n<meta property=\"og:site_name\" content=\"Lottohoy\" \/>\n<meta name=\"twitter:card\" content=\"summary_large_image\" \/>\n<meta name=\"twitter:label1\" content=\"Arvioitu lukuaika\" \/>\n\t<meta name=\"twitter:data1\" content=\"2 minuuttia\" \/>\n<script type=\"application\/ld+json\" class=\"yoast-schema-graph\">{\"@context\":\"https:\/\/schema.org\",\"@graph\":[{\"@type\":\"WebPage\",\"@id\":\"https:\/\/lottohoy.com\/fi\/online-arpajaiset-faq\/lotto-amerikka-tiedot\/\",\"url\":\"https:\/\/lottohoy.com\/fi\/online-arpajaiset-faq\/lotto-amerikka-tiedot\/\",\"name\":\"Lotto America tietoa, s\u00e4\u00e4nn\u00f6t ja m\u00e4\u00e4r\u00e4ykset - LottoHoy.com\",\"isPartOf\":{\"@id\":\"https:\/\/lottohoy.com\/fi\/#website\"},\"datePublished\":\"2020-08-10T20:42:04+00:00\",\"dateModified\":\"2020-08-10T20:42:04+00:00\",\"description\":\"Kahdeksan yhdeks\u00e4st\u00e4 kategoriasta, joissa on kiinte\u00e4t palkinnot, ja ensimm\u00e4inen kategoria, jossa on erikoispalkinto ja progressiivinen jackpot, Lotto America Tietoja\",\"breadcrumb\":{\"@id\":\"https:\/\/lottohoy.com\/fi\/online-arpajaiset-faq\/lotto-amerikka-tiedot\/#breadcrumb\"},\"inLanguage\":\"fi\",\"potentialAction\":[{\"@type\":\"ReadAction\",\"target\":[\"https:\/\/lottohoy.com\/fi\/online-arpajaiset-faq\/lotto-amerikka-tiedot\/\"]}]},{\"@type\":\"BreadcrumbList\",\"@id\":\"https:\/\/lottohoy.com\/fi\/online-arpajaiset-faq\/lotto-amerikka-tiedot\/#breadcrumb\",\"itemListElement\":[{\"@type\":\"ListItem\",\"position\":1,\"name\":\"Home\",\"item\":\"https:\/\/lottohoy.com\/fi\/\"},{\"@type\":\"ListItem\",\"position\":2,\"name\":\"Online arpajaiset FAQ\",\"item\":\"https:\/\/lottohoy.com\/fi\/online-arpajaiset-faq\/\"},{\"@type\":\"ListItem\",\"position\":3,\"name\":\"Lotto Amerikka tiedot\"}]},{\"@type\":\"WebSite\",\"@id\":\"https:\/\/lottohoy.com\/fi\/#website\",\"url\":\"https:\/\/lottohoy.com\/fi\/\",\"name\":\"Lottohoy\",\"description\":\"\",\"potentialAction\":[{\"@type\":\"SearchAction\",\"target\":{\"@type\":\"EntryPoint\",\"urlTemplate\":\"https:\/\/lottohoy.com\/fi\/?s={search_term_string}\"},\"query-input\":{\"@type\":\"PropertyValueSpecification\",\"valueRequired\":true,\"valueName\":\"search_term_string\"}}],\"inLanguage\":\"fi\"}]}<\/script>\n<!-- \/ Yoast SEO plugin. -->","yoast_head_json":{"title":"Lotto America tietoa, s\u00e4\u00e4nn\u00f6t ja m\u00e4\u00e4r\u00e4ykset - LottoHoy.com","description":"Kahdeksan yhdeks\u00e4st\u00e4 kategoriasta, joissa on kiinte\u00e4t palkinnot, ja ensimm\u00e4inen kategoria, jossa on erikoispalkinto ja progressiivinen jackpot, Lotto America Tietoja","robots":{"index":"index","follow":"follow","max-snippet":"max-snippet:-1","max-image-preview":"max-image-preview:large","max-video-preview":"max-video-preview:-1"},"canonical":"https:\/\/lottohoy.com\/fi\/online-arpajaiset-faq\/lotto-amerikka-tiedot\/","og_locale":"fi_FI","og_type":"article","og_title":"Lotto America tietoa, s\u00e4\u00e4nn\u00f6t ja m\u00e4\u00e4r\u00e4ykset - LottoHoy.com","og_description":"Kahdeksan yhdeks\u00e4st\u00e4 kategoriasta, joissa on kiinte\u00e4t palkinnot, ja ensimm\u00e4inen kategoria, jossa on erikoispalkinto ja progressiivinen jackpot, Lotto America Tietoja","og_url":"https:\/\/lottohoy.com\/fi\/online-arpajaiset-faq\/lotto-amerikka-tiedot\/","og_site_name":"Lottohoy","twitter_card":"summary_large_image","twitter_misc":{"Arvioitu lukuaika":"2 minuuttia"},"schema":{"@context":"https:\/\/schema.org","@graph":[{"@type":"WebPage","@id":"https:\/\/lottohoy.com\/fi\/online-arpajaiset-faq\/lotto-amerikka-tiedot\/","url":"https:\/\/lottohoy.com\/fi\/online-arpajaiset-faq\/lotto-amerikka-tiedot\/","name":"Lotto America tietoa, s\u00e4\u00e4nn\u00f6t ja m\u00e4\u00e4r\u00e4ykset - LottoHoy.com","isPartOf":{"@id":"https:\/\/lottohoy.com\/fi\/#website"},"datePublished":"2020-08-10T20:42:04+00:00","dateModified":"2020-08-10T20:42:04+00:00","description":"Kahdeksan yhdeks\u00e4st\u00e4 kategoriasta, joissa on kiinte\u00e4t palkinnot, ja ensimm\u00e4inen kategoria, jossa on erikoispalkinto ja progressiivinen jackpot, Lotto America Tietoja","breadcrumb":{"@id":"https:\/\/lottohoy.com\/fi\/online-arpajaiset-faq\/lotto-amerikka-tiedot\/#breadcrumb"},"inLanguage":"fi","potentialAction":[{"@type":"ReadAction","target":["https:\/\/lottohoy.com\/fi\/online-arpajaiset-faq\/lotto-amerikka-tiedot\/"]}]},{"@type":"BreadcrumbList","@id":"https:\/\/lottohoy.com\/fi\/online-arpajaiset-faq\/lotto-amerikka-tiedot\/#breadcrumb","itemListElement":[{"@type":"ListItem","position":1,"name":"Home","item":"https:\/\/lottohoy.com\/fi\/"},{"@type":"ListItem","position":2,"name":"Online arpajaiset FAQ","item":"https:\/\/lottohoy.com\/fi\/online-arpajaiset-faq\/"},{"@type":"ListItem","position":3,"name":"Lotto Amerikka tiedot"}]},{"@type":"WebSite","@id":"https:\/\/lottohoy.com\/fi\/#website","url":"https:\/\/lottohoy.com\/fi\/","name":"Lottohoy","description":"","potentialAction":[{"@type":"SearchAction","target":{"@type":"EntryPoint","urlTemplate":"https:\/\/lottohoy.com\/fi\/?s={search_term_string}"},"query-input":{"@type":"PropertyValueSpecification","valueRequired":true,"valueName":"search_term_string"}}],"inLanguage":"fi"}]}},"_links":{"self":[{"href":"https:\/\/lottohoy.com\/fi\/wp-json\/wp\/v2\/pages\/16861","targetHints":{"allow":["GET"]}}],"collection":[{"href":"https:\/\/lottohoy.com\/fi\/wp-json\/wp\/v2\/pages"}],"about":[{"href":"https:\/\/lottohoy.com\/fi\/wp-json\/wp\/v2\/types\/page"}],"author":[{"embeddable":true,"href":"https:\/\/lottohoy.com\/fi\/wp-json\/wp\/v2\/users\/2"}],"replies":[{"embeddable":true,"href":"https:\/\/lottohoy.com\/fi\/wp-json\/wp\/v2\/comments?post=16861"}],"version-history":[{"count":0,"href":"https:\/\/lottohoy.com\/fi\/wp-json\/wp\/v2\/pages\/16861\/revisions"}],"up":[{"embeddable":true,"href":"https:\/\/lottohoy.com\/fi\/wp-json\/wp\/v2\/pages\/16745"}],"wp:attachment":[{"href":"https:\/\/lottohoy.com\/fi\/wp-json\/wp\/v2\/media?parent=16861"}],"curies":[{"name":"wp","href":"https:\/\/api.w.org\/{rel}","templated":true}]}}