{"id":16856,"date":"2020-08-10T22:53:11","date_gmt":"2020-08-10T21:53:11","guid":{"rendered":"https:\/\/lottohoy.com\/online-arpajaiset-faq\/lotto-6aus49-tiedot\/"},"modified":"2020-08-10T22:53:11","modified_gmt":"2020-08-10T21:53:11","slug":"lotto-6aus49-tiedot","status":"publish","type":"page","link":"https:\/\/lottohoy.com\/fi\/online-arpajaiset-faq\/lotto-6aus49-tiedot\/","title":{"rendered":"Lotto 6aus49 tiedot"},"content":{"rendered":"<h2>Saksan arpajaiset, jotka tunnetaan my\u00f6s nimell\u00e4 Lotto 6aus49.<\/h2>\n<p>Se on yksi vanhimmista eurooppalaisista arpajaisista, ja sen ensimm\u00e4inen arvonta suoritettiin 9. lokakuuta 1955. T\u00e4t\u00e4 lottoa hallinnoi t\u00e4ll\u00e4 hetkell\u00e4 Deutscher Lotto- und Totoblock, joka on 16 lotto-operaattorin ryhm\u00e4 Saksassa.<\/p>\n<p>Kukin n\u00e4ist\u00e4 lottotoiminnan harjoittajista johtaa ryhm\u00e4\u00e4 vuorotellen, ja joka kolmas vuosi yksi niist\u00e4 vastaa ryhm\u00e4n toiminnasta.<\/p>\n<p>Saksan lottoarvonnat pidettiin alun perin kerran viikossa lauantaisin, mutta vuonna 1982 niihin lis\u00e4ttiin uusi viikoittainen arvonta, joka on aina keskiviikkoisin.<\/p>\n<p>Alun perin pelimatriisi oli 7\/38, eli valitse 7 numeroa 38 numerosta, jotka muodostivat taulun. Kes\u00e4kuussa 1986 se muutettiin 6\/40:ksi, joka on nykyinen, ja toukokuussa 2013 siihen lis\u00e4ttiin Superzahl, joka paransi huomattavasti voittomahdollisuuksia, sill\u00e4 se nousi 1:54:st\u00e4 1:31:een.<\/p>\n<h2>Lotto 6aus49:n pelaamisen edut verkossa<\/h2>\n<p>&#8211; Yksi saksalaisen 6aus49-loton pelaamisen suurista eduista on se, ett\u00e4 se on mahdollista tehd\u00e4 mihin vuorokauden aikaan tahansa, ymp\u00e4ri vuorokauden, 365 p\u00e4iv\u00e4\u00e4 vuodessa. Riitt\u00e4\u00e4, ett\u00e4 sinulla on mobiililaite, tabletti tai p\u00f6yt\u00e4tietokone, ja mist\u00e4 p\u00e4in maailmaa tahansa.<\/p>\n<p>&#8211; Muualla kuin Saksassa asuvilla on LottoHoy.comin kaltaisten verkkoalustojen kautta todellinen mahdollisuus p\u00e4\u00e4st\u00e4 k\u00e4siksi t\u00e4h\u00e4n mehukkaaseen lottoon ja sen suuriin j\u00e4ttipotteihin.<\/p>\n<p>&#8211; Lippu ostetaan suoraan valtuutetulta j\u00e4lleenmyyj\u00e4lt\u00e4, joten osallistuminen on todellista.<\/p>\n<p>&#8211; Voitetut palkinnot kirjataan v\u00e4litt\u00f6m\u00e4sti, jopa 2500 euroon asti, virallisten tulosten julkaisemisen j\u00e4lkeen.<\/p>\n<p>&#8211; On my\u00f6s tietopankki kaikista suoritetuista operaatioista, ostettujen lippujen s\u00e4ilytys, jolloin v\u00e4ltet\u00e4\u00e4n mahdolliset menetykset tai unohdukset.<\/p>\n<p>&#8211; Ajankohtaista tietoa kaikista veneist\u00e4, kun niit\u00e4 kertyy, jotta tilaisuutta osallistua niihin ei menet\u00e4.<\/p>\n<p>&#8211; Laaja valikoima maksutapoja, talletuksia ja nostoja.<\/p>\n<h2>Todenn\u00e4k\u00f6isyys voittaa palkinto Lotto 6aus49:ss\u00e4<\/h2>\n<p>Alla olevasta taulukosta n\u00e4et kussakin kategoriassa voitettavan rahasumman keskiarvon sek\u00e4 tilastollisen todenn\u00e4k\u00f6isyyden voittaa j\u00e4ttipotti tai jokin muu palkinto lopuissa kahdeksassa kategoriassa.<\/p>\n","protected":false},"excerpt":{"rendered":"<p>Saksan arpajaiset, jotka tunnetaan my\u00f6s nimell\u00e4 Lotto 6aus49. Se on yksi vanhimmista eurooppalaisista arpajaisista, ja sen ensimm\u00e4inen arvonta suoritettiin 9. lokakuuta 1955. T\u00e4t\u00e4 lottoa hallinnoi t\u00e4ll\u00e4 hetkell\u00e4 Deutscher Lotto- und Totoblock, joka on 16 lotto-operaattorin ryhm\u00e4 Saksassa. Kukin n\u00e4ist\u00e4 lottotoiminnan harjoittajista johtaa ryhm\u00e4\u00e4 vuorotellen, ja joka kolmas vuosi yksi niist\u00e4 vastaa ryhm\u00e4n toiminnasta. Saksan lottoarvonnat [&hellip;]<\/p>\n","protected":false},"author":2,"featured_media":0,"parent":16745,"menu_order":13,"comment_status":"closed","ping_status":"closed","template":"lotto-german-info.php","meta":{"_et_pb_use_builder":"","_et_pb_old_content":"","_et_gb_content_width":"","exclude_from_search":false,"footnotes":""},"class_list":["post-16856","page","type-page","status-publish","hentry"],"yoast_head":"<!-- This site is optimized with the Yoast SEO plugin v23.7 - https:\/\/yoast.com\/wordpress\/plugins\/seo\/ -->\n<title>Kaikki tiedot lotosta 6aus49 - LottoHoy.com<\/title>\n<meta name=\"description\" content=\"Sinulla on k\u00e4dess\u00e4si tiedot lotto 6aus49, sill\u00e4 lottovetosi tutkitaan aina\" \/>\n<meta name=\"robots\" content=\"index, follow, max-snippet:-1, max-image-preview:large, max-video-preview:-1\" \/>\n<link rel=\"canonical\" href=\"https:\/\/lottohoy.com\/fi\/online-arpajaiset-faq\/lotto-6aus49-tiedot\/\" \/>\n<meta property=\"og:locale\" content=\"fi_FI\" \/>\n<meta property=\"og:type\" content=\"article\" \/>\n<meta property=\"og:title\" content=\"Kaikki tiedot lotosta 6aus49 - LottoHoy.com\" \/>\n<meta property=\"og:description\" content=\"Sinulla on k\u00e4dess\u00e4si tiedot lotto 6aus49, sill\u00e4 lottovetosi tutkitaan aina\" \/>\n<meta property=\"og:url\" content=\"https:\/\/lottohoy.com\/fi\/online-arpajaiset-faq\/lotto-6aus49-tiedot\/\" \/>\n<meta property=\"og:site_name\" content=\"Lottohoy\" \/>\n<meta name=\"twitter:card\" content=\"summary_large_image\" \/>\n<meta name=\"twitter:label1\" content=\"Arvioitu lukuaika\" \/>\n\t<meta name=\"twitter:data1\" content=\"1 minuutti\" \/>\n<script type=\"application\/ld+json\" class=\"yoast-schema-graph\">{\"@context\":\"https:\/\/schema.org\",\"@graph\":[{\"@type\":\"WebPage\",\"@id\":\"https:\/\/lottohoy.com\/fi\/online-arpajaiset-faq\/lotto-6aus49-tiedot\/\",\"url\":\"https:\/\/lottohoy.com\/fi\/online-arpajaiset-faq\/lotto-6aus49-tiedot\/\",\"name\":\"Kaikki tiedot lotosta 6aus49 - LottoHoy.com\",\"isPartOf\":{\"@id\":\"https:\/\/lottohoy.com\/fi\/#website\"},\"datePublished\":\"2020-08-10T21:53:11+00:00\",\"dateModified\":\"2020-08-10T21:53:11+00:00\",\"description\":\"Sinulla on k\u00e4dess\u00e4si tiedot lotto 6aus49, sill\u00e4 lottovetosi tutkitaan aina\",\"breadcrumb\":{\"@id\":\"https:\/\/lottohoy.com\/fi\/online-arpajaiset-faq\/lotto-6aus49-tiedot\/#breadcrumb\"},\"inLanguage\":\"fi\",\"potentialAction\":[{\"@type\":\"ReadAction\",\"target\":[\"https:\/\/lottohoy.com\/fi\/online-arpajaiset-faq\/lotto-6aus49-tiedot\/\"]}]},{\"@type\":\"BreadcrumbList\",\"@id\":\"https:\/\/lottohoy.com\/fi\/online-arpajaiset-faq\/lotto-6aus49-tiedot\/#breadcrumb\",\"itemListElement\":[{\"@type\":\"ListItem\",\"position\":1,\"name\":\"Home\",\"item\":\"https:\/\/lottohoy.com\/fi\/\"},{\"@type\":\"ListItem\",\"position\":2,\"name\":\"Online arpajaiset FAQ\",\"item\":\"https:\/\/lottohoy.com\/fi\/online-arpajaiset-faq\/\"},{\"@type\":\"ListItem\",\"position\":3,\"name\":\"Lotto 6aus49 tiedot\"}]},{\"@type\":\"WebSite\",\"@id\":\"https:\/\/lottohoy.com\/fi\/#website\",\"url\":\"https:\/\/lottohoy.com\/fi\/\",\"name\":\"Lottohoy\",\"description\":\"\",\"potentialAction\":[{\"@type\":\"SearchAction\",\"target\":{\"@type\":\"EntryPoint\",\"urlTemplate\":\"https:\/\/lottohoy.com\/fi\/?s={search_term_string}\"},\"query-input\":{\"@type\":\"PropertyValueSpecification\",\"valueRequired\":true,\"valueName\":\"search_term_string\"}}],\"inLanguage\":\"fi\"}]}<\/script>\n<!-- \/ Yoast SEO plugin. -->","yoast_head_json":{"title":"Kaikki tiedot lotosta 6aus49 - LottoHoy.com","description":"Sinulla on k\u00e4dess\u00e4si tiedot lotto 6aus49, sill\u00e4 lottovetosi tutkitaan aina","robots":{"index":"index","follow":"follow","max-snippet":"max-snippet:-1","max-image-preview":"max-image-preview:large","max-video-preview":"max-video-preview:-1"},"canonical":"https:\/\/lottohoy.com\/fi\/online-arpajaiset-faq\/lotto-6aus49-tiedot\/","og_locale":"fi_FI","og_type":"article","og_title":"Kaikki tiedot lotosta 6aus49 - LottoHoy.com","og_description":"Sinulla on k\u00e4dess\u00e4si tiedot lotto 6aus49, sill\u00e4 lottovetosi tutkitaan aina","og_url":"https:\/\/lottohoy.com\/fi\/online-arpajaiset-faq\/lotto-6aus49-tiedot\/","og_site_name":"Lottohoy","twitter_card":"summary_large_image","twitter_misc":{"Arvioitu lukuaika":"1 minuutti"},"schema":{"@context":"https:\/\/schema.org","@graph":[{"@type":"WebPage","@id":"https:\/\/lottohoy.com\/fi\/online-arpajaiset-faq\/lotto-6aus49-tiedot\/","url":"https:\/\/lottohoy.com\/fi\/online-arpajaiset-faq\/lotto-6aus49-tiedot\/","name":"Kaikki tiedot lotosta 6aus49 - LottoHoy.com","isPartOf":{"@id":"https:\/\/lottohoy.com\/fi\/#website"},"datePublished":"2020-08-10T21:53:11+00:00","dateModified":"2020-08-10T21:53:11+00:00","description":"Sinulla on k\u00e4dess\u00e4si tiedot lotto 6aus49, sill\u00e4 lottovetosi tutkitaan aina","breadcrumb":{"@id":"https:\/\/lottohoy.com\/fi\/online-arpajaiset-faq\/lotto-6aus49-tiedot\/#breadcrumb"},"inLanguage":"fi","potentialAction":[{"@type":"ReadAction","target":["https:\/\/lottohoy.com\/fi\/online-arpajaiset-faq\/lotto-6aus49-tiedot\/"]}]},{"@type":"BreadcrumbList","@id":"https:\/\/lottohoy.com\/fi\/online-arpajaiset-faq\/lotto-6aus49-tiedot\/#breadcrumb","itemListElement":[{"@type":"ListItem","position":1,"name":"Home","item":"https:\/\/lottohoy.com\/fi\/"},{"@type":"ListItem","position":2,"name":"Online arpajaiset FAQ","item":"https:\/\/lottohoy.com\/fi\/online-arpajaiset-faq\/"},{"@type":"ListItem","position":3,"name":"Lotto 6aus49 tiedot"}]},{"@type":"WebSite","@id":"https:\/\/lottohoy.com\/fi\/#website","url":"https:\/\/lottohoy.com\/fi\/","name":"Lottohoy","description":"","potentialAction":[{"@type":"SearchAction","target":{"@type":"EntryPoint","urlTemplate":"https:\/\/lottohoy.com\/fi\/?s={search_term_string}"},"query-input":{"@type":"PropertyValueSpecification","valueRequired":true,"valueName":"search_term_string"}}],"inLanguage":"fi"}]}},"_links":{"self":[{"href":"https:\/\/lottohoy.com\/fi\/wp-json\/wp\/v2\/pages\/16856","targetHints":{"allow":["GET"]}}],"collection":[{"href":"https:\/\/lottohoy.com\/fi\/wp-json\/wp\/v2\/pages"}],"about":[{"href":"https:\/\/lottohoy.com\/fi\/wp-json\/wp\/v2\/types\/page"}],"author":[{"embeddable":true,"href":"https:\/\/lottohoy.com\/fi\/wp-json\/wp\/v2\/users\/2"}],"replies":[{"embeddable":true,"href":"https:\/\/lottohoy.com\/fi\/wp-json\/wp\/v2\/comments?post=16856"}],"version-history":[{"count":0,"href":"https:\/\/lottohoy.com\/fi\/wp-json\/wp\/v2\/pages\/16856\/revisions"}],"up":[{"embeddable":true,"href":"https:\/\/lottohoy.com\/fi\/wp-json\/wp\/v2\/pages\/16745"}],"wp:attachment":[{"href":"https:\/\/lottohoy.com\/fi\/wp-json\/wp\/v2\/media?parent=16856"}],"curies":[{"name":"wp","href":"https:\/\/api.w.org\/{rel}","templated":true}]}}