{"id":16849,"date":"2019-03-22T16:10:01","date_gmt":"2019-03-22T16:10:01","guid":{"rendered":"https:\/\/lottohoy.com\/online-arpajaiset-faq\/ranskan-lotto-faq\/"},"modified":"2019-03-22T16:10:01","modified_gmt":"2019-03-22T16:10:01","slug":"ranskan-lotto-faq","status":"publish","type":"page","link":"https:\/\/lottohoy.com\/fi\/online-arpajaiset-faq\/ranskan-lotto-faq\/","title":{"rendered":"Ranskan Lotto FAQ"},"content":{"rendered":"<h2><b>Mik\u00e4 on Ranskan Lotto?<\/b><\/h2>\n<p>T\u00e4m\u00e4 lotto perustettiin vuonna 1976, ja sit\u00e4 hallinnoi Ranskan hallitus. Vuodesta 2018 l\u00e4htien 50 prosenttia siit\u00e4 on kuitenkin julkistettu, jotta siit\u00e4 saataisiin kilpailukykyisempi.<\/p>\n<p>Pienin taattu p\u00e4\u00e4voitto huippuvoittajille (5 + 1) on 2 000 000 euroa. T\u00e4t\u00e4 summaa korotetaan 1 000 000 \u20ac:lla, jos voittajia ei ole, ja n\u00e4in muodostuu j\u00e4ttipotti, jota voidaan ker\u00e4t\u00e4 enint\u00e4\u00e4n 34 arvonnassa.<\/p>\n<p>Jos n\u00e4iden 34 arvonnan j\u00e4lkeen ei l\u00f6ydy jatkajaa, kertynyt summa jaetaan seuraavassa arvonnassa seuraavien luokkien kesken.<\/p>\n<h2><b>Kuinka pelata Ranskan lottoa?<\/b><\/h2>\n<p>Pelatakseen <a href=\"https:\/\/lottohoy.com\/play\/lotto-fr\/\"><strong>Ranskan lottoarvontoja<\/strong><\/a> pelaajan on m\u00e4\u00e4ritelt\u00e4v\u00e4 panoksensa valitsemalla viisi numeroa v\u00e4lilt\u00e4 1-49 ja ylim\u00e4\u00e4r\u00e4inen pallo numeroilla 1-10, molemmat mukaan lukien.<\/p>\n<h2><strong>Palkintopotin luokat<\/strong><\/h2>\n<p>Palkintoluokkia on yhteens\u00e4 yhdeks\u00e4n. Ensimm\u00e4ist\u00e4 kategoriaa (j\u00e4ttipotti) lukuun ottamatta lopuilla palkintokategorioilla on kiinte\u00e4 summa, kuten seuraavasta taulukosta n\u00e4kyy:<\/p>\n<p><b>Luokat Ottelut Palkintosumma<\/b><\/p>\n<p>1. Luokka 5 + pallon mahdollisuus Jackpot<\/p>\n<p>2. Luokka 5 100 000 \u20ac<\/p>\n<p>3. Luokka 4 + mahdollisuus palloon 1000 \u20ac<\/p>\n<p>4. Luokka 4 500 \u20ac<\/p>\n<p>5. Luokka 3 + sattumapallo 50 \u20ac<\/p>\n<p>6. Luokka 3 20 \u20ac<\/p>\n<p>7. Luokka 2 + sattumapallo 10 \u20ac<\/p>\n<p>8. luokka 2 5 \u20ac<\/p>\n<p>9. luokka Pallon mahdollisuus 2,20 \u20ac.<\/p>\n<p>Lis\u00e4ksi kussakin arvontamuodossa on 10 20 000 euron palkintoa, joten kaikki fyysiset liput ovat panoksena, ja voittomahdollisuudet riippuvat arvontaan osallistuvien m\u00e4\u00e4r\u00e4st\u00e4.<\/p>\n<h2><strong>Kuinka paljon Ranskan lottopelin pelaaminen maksaa?<\/strong><\/h2>\n<p>Kunkin Ranskan lottokupongin hinta LottoHoy-sivustolla on 3,50 euroa.<\/p>\n<h2><b>Ranskan Loton erityisarvonnat<\/b><\/h2>\n<p>Periaatteessa on kaksi erikoisarvontoja: <strong>Perjantain 13<\/strong><sup><strong>.<\/strong><\/sup> <strong>arvonta<\/strong> ja <strong>Grand Loto de No\u00ebl:<\/strong><\/p>\n<p><strong>Perjantain 13<\/strong><sup><strong>.<\/strong><\/sup><strong> arvonta.<\/strong> Aina kun kuukauden <sup>13<\/sup>. p\u00e4iv\u00e4 osuu perjantaille, j\u00e4rjestet\u00e4\u00e4n poikkeuksellinen arvonta, jossa on 13 000 000 euron erikoispalkinto sek\u00e4 50 kiinte\u00e4\u00e4 palkintoa 20 000 euron arvontaj\u00e4rjestelm\u00e4ss\u00e4.<\/p>\n<p>Monille perjantai 13. p\u00e4iv\u00e4 on taikauskoinen, mutta Ranskan lotossa se on erityinen &#8211; Ranskan kansallisen lottoarvonnan ensimm\u00e4inen arvonta j\u00e4rjestettiin perjantaina 13<sup>.<\/sup> p\u00e4iv\u00e4 vuonna 1930.<\/p>\n<p><strong>Grand Loto de No\u00ebl<\/strong>. Grand Loto de No\u00ebl on toinen erityinen arvonta, joka j\u00e4rjestet\u00e4\u00e4n Ranskassa joka joulukuun <sup>22<\/sup>. p\u00e4iv\u00e4, samoin kuin <strong>joulu-Gordo Espanjassa<\/strong>.<\/p>\n<p>Ensimm\u00e4isen kategorian palkinnon arvo on 20 000 000 euroa, ja kahdeksan muun kategorian palkintojen lis\u00e4ksi arvotaan 100 arvontakoodia, joiden jokaisen voitto on taatusti 20 000 euroa.<\/p>\n<h2><b>Ranskan lottovoiton todenn\u00e4k\u00f6isyys<\/b><\/h2>\n<p>Ensimm\u00e4isen kategorian palkinnon voittomahdollisuus on 1:19 068 840, kun osuvat 5 parasta numeroa ja sattumapallo.<\/p>\n<p>Mink\u00e4 tahansa tarjolla olevan palkinnon saamisen todenn\u00e4k\u00f6isyys on 1:5,99.<\/p>\n<p>Seuraavassa laatikossa n\u00e4kyv\u00e4t kaikki matemaattiset todenn\u00e4k\u00f6isyydet:<\/p>\n","protected":false},"excerpt":{"rendered":"<p>Mik\u00e4 on Ranskan Lotto? T\u00e4m\u00e4 lotto perustettiin vuonna 1976, ja sit\u00e4 hallinnoi Ranskan hallitus. Vuodesta 2018 l\u00e4htien 50 prosenttia siit\u00e4 on kuitenkin julkistettu, jotta siit\u00e4 saataisiin kilpailukykyisempi. Pienin taattu p\u00e4\u00e4voitto huippuvoittajille (5 + 1) on 2 000 000 euroa. T\u00e4t\u00e4 summaa korotetaan 1 000 000 \u20ac:lla, jos voittajia ei ole, ja n\u00e4in muodostuu j\u00e4ttipotti, jota [&hellip;]<\/p>\n","protected":false},"author":2,"featured_media":0,"parent":16745,"menu_order":12,"comment_status":"closed","ping_status":"closed","template":"lotto-fr-info.php","meta":{"_et_pb_use_builder":"","_et_pb_old_content":"","_et_gb_content_width":"","exclude_from_search":false,"footnotes":""},"class_list":["post-16849","page","type-page","status-publish","hentry"],"yoast_head":"<!-- This site is optimized with the Yoast SEO plugin v23.7 - https:\/\/yoast.com\/wordpress\/plugins\/seo\/ -->\n<title>\u25b7 Kaikki kysymykset ja vastaukset Ranskan lotosta | LottoHoy<\/title>\n<meta name=\"description\" content=\"Kaikki tiedot, jotka sinun tarvitsee tiet\u00e4\u00e4 suurimmasta Ranskassa pelattavasta lotosta. S\u00e4\u00e4nn\u00f6t, kertoimet, palkintoluokat ja kaikki muut mahdolliset kysymykset.\" \/>\n<meta name=\"robots\" content=\"index, follow, max-snippet:-1, max-image-preview:large, max-video-preview:-1\" \/>\n<link rel=\"canonical\" href=\"https:\/\/lottohoy.com\/fi\/online-arpajaiset-faq\/ranskan-lotto-faq\/\" \/>\n<meta property=\"og:locale\" content=\"fi_FI\" \/>\n<meta property=\"og:type\" content=\"article\" \/>\n<meta property=\"og:title\" content=\"\u25b7 Kaikki kysymykset ja vastaukset Ranskan lotosta | LottoHoy\" \/>\n<meta property=\"og:description\" content=\"Kaikki tiedot, jotka sinun tarvitsee tiet\u00e4\u00e4 suurimmasta Ranskassa pelattavasta lotosta. S\u00e4\u00e4nn\u00f6t, kertoimet, palkintoluokat ja kaikki muut mahdolliset kysymykset.\" \/>\n<meta property=\"og:url\" content=\"https:\/\/lottohoy.com\/fi\/online-arpajaiset-faq\/ranskan-lotto-faq\/\" \/>\n<meta property=\"og:site_name\" content=\"Lottohoy\" \/>\n<meta name=\"twitter:card\" content=\"summary_large_image\" \/>\n<meta name=\"twitter:label1\" content=\"Arvioitu lukuaika\" \/>\n\t<meta name=\"twitter:data1\" content=\"2 minuuttia\" \/>\n<script type=\"application\/ld+json\" class=\"yoast-schema-graph\">{\"@context\":\"https:\/\/schema.org\",\"@graph\":[{\"@type\":\"WebPage\",\"@id\":\"https:\/\/lottohoy.com\/fi\/online-arpajaiset-faq\/ranskan-lotto-faq\/\",\"url\":\"https:\/\/lottohoy.com\/fi\/online-arpajaiset-faq\/ranskan-lotto-faq\/\",\"name\":\"\u25b7 Kaikki kysymykset ja vastaukset Ranskan lotosta | LottoHoy\",\"isPartOf\":{\"@id\":\"https:\/\/lottohoy.com\/fi\/#website\"},\"datePublished\":\"2019-03-22T16:10:01+00:00\",\"dateModified\":\"2019-03-22T16:10:01+00:00\",\"description\":\"Kaikki tiedot, jotka sinun tarvitsee tiet\u00e4\u00e4 suurimmasta Ranskassa pelattavasta lotosta. S\u00e4\u00e4nn\u00f6t, kertoimet, palkintoluokat ja kaikki muut mahdolliset kysymykset.\",\"breadcrumb\":{\"@id\":\"https:\/\/lottohoy.com\/fi\/online-arpajaiset-faq\/ranskan-lotto-faq\/#breadcrumb\"},\"inLanguage\":\"fi\",\"potentialAction\":[{\"@type\":\"ReadAction\",\"target\":[\"https:\/\/lottohoy.com\/fi\/online-arpajaiset-faq\/ranskan-lotto-faq\/\"]}]},{\"@type\":\"BreadcrumbList\",\"@id\":\"https:\/\/lottohoy.com\/fi\/online-arpajaiset-faq\/ranskan-lotto-faq\/#breadcrumb\",\"itemListElement\":[{\"@type\":\"ListItem\",\"position\":1,\"name\":\"Home\",\"item\":\"https:\/\/lottohoy.com\/fi\/\"},{\"@type\":\"ListItem\",\"position\":2,\"name\":\"Online arpajaiset FAQ\",\"item\":\"https:\/\/lottohoy.com\/fi\/online-arpajaiset-faq\/\"},{\"@type\":\"ListItem\",\"position\":3,\"name\":\"Ranskan Lotto FAQ\"}]},{\"@type\":\"WebSite\",\"@id\":\"https:\/\/lottohoy.com\/fi\/#website\",\"url\":\"https:\/\/lottohoy.com\/fi\/\",\"name\":\"Lottohoy\",\"description\":\"\",\"potentialAction\":[{\"@type\":\"SearchAction\",\"target\":{\"@type\":\"EntryPoint\",\"urlTemplate\":\"https:\/\/lottohoy.com\/fi\/?s={search_term_string}\"},\"query-input\":{\"@type\":\"PropertyValueSpecification\",\"valueRequired\":true,\"valueName\":\"search_term_string\"}}],\"inLanguage\":\"fi\"}]}<\/script>\n<!-- \/ Yoast SEO plugin. -->","yoast_head_json":{"title":"\u25b7 Kaikki kysymykset ja vastaukset Ranskan lotosta | LottoHoy","description":"Kaikki tiedot, jotka sinun tarvitsee tiet\u00e4\u00e4 suurimmasta Ranskassa pelattavasta lotosta. S\u00e4\u00e4nn\u00f6t, kertoimet, palkintoluokat ja kaikki muut mahdolliset kysymykset.","robots":{"index":"index","follow":"follow","max-snippet":"max-snippet:-1","max-image-preview":"max-image-preview:large","max-video-preview":"max-video-preview:-1"},"canonical":"https:\/\/lottohoy.com\/fi\/online-arpajaiset-faq\/ranskan-lotto-faq\/","og_locale":"fi_FI","og_type":"article","og_title":"\u25b7 Kaikki kysymykset ja vastaukset Ranskan lotosta | LottoHoy","og_description":"Kaikki tiedot, jotka sinun tarvitsee tiet\u00e4\u00e4 suurimmasta Ranskassa pelattavasta lotosta. S\u00e4\u00e4nn\u00f6t, kertoimet, palkintoluokat ja kaikki muut mahdolliset kysymykset.","og_url":"https:\/\/lottohoy.com\/fi\/online-arpajaiset-faq\/ranskan-lotto-faq\/","og_site_name":"Lottohoy","twitter_card":"summary_large_image","twitter_misc":{"Arvioitu lukuaika":"2 minuuttia"},"schema":{"@context":"https:\/\/schema.org","@graph":[{"@type":"WebPage","@id":"https:\/\/lottohoy.com\/fi\/online-arpajaiset-faq\/ranskan-lotto-faq\/","url":"https:\/\/lottohoy.com\/fi\/online-arpajaiset-faq\/ranskan-lotto-faq\/","name":"\u25b7 Kaikki kysymykset ja vastaukset Ranskan lotosta | LottoHoy","isPartOf":{"@id":"https:\/\/lottohoy.com\/fi\/#website"},"datePublished":"2019-03-22T16:10:01+00:00","dateModified":"2019-03-22T16:10:01+00:00","description":"Kaikki tiedot, jotka sinun tarvitsee tiet\u00e4\u00e4 suurimmasta Ranskassa pelattavasta lotosta. S\u00e4\u00e4nn\u00f6t, kertoimet, palkintoluokat ja kaikki muut mahdolliset kysymykset.","breadcrumb":{"@id":"https:\/\/lottohoy.com\/fi\/online-arpajaiset-faq\/ranskan-lotto-faq\/#breadcrumb"},"inLanguage":"fi","potentialAction":[{"@type":"ReadAction","target":["https:\/\/lottohoy.com\/fi\/online-arpajaiset-faq\/ranskan-lotto-faq\/"]}]},{"@type":"BreadcrumbList","@id":"https:\/\/lottohoy.com\/fi\/online-arpajaiset-faq\/ranskan-lotto-faq\/#breadcrumb","itemListElement":[{"@type":"ListItem","position":1,"name":"Home","item":"https:\/\/lottohoy.com\/fi\/"},{"@type":"ListItem","position":2,"name":"Online arpajaiset FAQ","item":"https:\/\/lottohoy.com\/fi\/online-arpajaiset-faq\/"},{"@type":"ListItem","position":3,"name":"Ranskan Lotto FAQ"}]},{"@type":"WebSite","@id":"https:\/\/lottohoy.com\/fi\/#website","url":"https:\/\/lottohoy.com\/fi\/","name":"Lottohoy","description":"","potentialAction":[{"@type":"SearchAction","target":{"@type":"EntryPoint","urlTemplate":"https:\/\/lottohoy.com\/fi\/?s={search_term_string}"},"query-input":{"@type":"PropertyValueSpecification","valueRequired":true,"valueName":"search_term_string"}}],"inLanguage":"fi"}]}},"_links":{"self":[{"href":"https:\/\/lottohoy.com\/fi\/wp-json\/wp\/v2\/pages\/16849","targetHints":{"allow":["GET"]}}],"collection":[{"href":"https:\/\/lottohoy.com\/fi\/wp-json\/wp\/v2\/pages"}],"about":[{"href":"https:\/\/lottohoy.com\/fi\/wp-json\/wp\/v2\/types\/page"}],"author":[{"embeddable":true,"href":"https:\/\/lottohoy.com\/fi\/wp-json\/wp\/v2\/users\/2"}],"replies":[{"embeddable":true,"href":"https:\/\/lottohoy.com\/fi\/wp-json\/wp\/v2\/comments?post=16849"}],"version-history":[{"count":0,"href":"https:\/\/lottohoy.com\/fi\/wp-json\/wp\/v2\/pages\/16849\/revisions"}],"up":[{"embeddable":true,"href":"https:\/\/lottohoy.com\/fi\/wp-json\/wp\/v2\/pages\/16745"}],"wp:attachment":[{"href":"https:\/\/lottohoy.com\/fi\/wp-json\/wp\/v2\/media?parent=16849"}],"curies":[{"name":"wp","href":"https:\/\/api.w.org\/{rel}","templated":true}]}}