{"id":16842,"date":"2020-08-10T17:08:14","date_gmt":"2020-08-10T16:08:14","guid":{"rendered":"https:\/\/lottohoy.com\/online-arpajaiset-faq\/set-for-life-uk-tietoa\/"},"modified":"2020-08-10T17:08:14","modified_gmt":"2020-08-10T16:08:14","slug":"set-for-life-uk-tietoa","status":"publish","type":"page","link":"https:\/\/lottohoy.com\/fi\/online-arpajaiset-faq\/set-for-life-uk-tietoa\/","title":{"rendered":"Set For Life (UK) Tietoa"},"content":{"rendered":"<h2>Kansallisloton Set for Life (Yhdistynyt kuningaskunta)<\/h2>\n<p>Kun etsittiin erilaista tapaa palkita National Lottery -pelaajia Yhdistyneess\u00e4 kuningaskunnassa, luotiin Set for Life -peli, jota kutsutaan my\u00f6s \u201dannuiteeteiksi\u201d ja jossa p\u00e4\u00e4vetonaulaksi asetettiin ensimm\u00e4isen ja toisen palkintoluokan maksut niin, ett\u00e4 voittajat saisivat joka kuukausi huomattavan summan maksua.<\/p>\n<p>Ensimm\u00e4isess\u00e4 kategoriassa jokaiselle nelj\u00e4lle mahdolliselle voittajalle vahvistettiin 10 000 punnan maksu kuukaudessa 30 vuoden ajan, ja jos ensimm\u00e4isess\u00e4 kategoriassa olisi useampia voittajia, 80 000 punnan enimm\u00e4ispalkinto kuukaudessa jaettaisiin suhteellisesti ensimm\u00e4isen luokan voittajien kesken.<\/p>\n<p>Toisen luokan tapauksessa palkinto koostui 10 000 punnan kuukausittaisesta maksusta koko vuoden ajan. Jaettavana on enint\u00e4\u00e4n 2 000 000 puntaa, jos kyseisess\u00e4 kategoriassa menestyy enemm\u00e4n kuin nelj\u00e4 henkil\u00f6\u00e4.<\/p>\n<p>My\u00f6s kertamaksua voidaan pyyt\u00e4\u00e4. Muualla kuin Yhdistyneess\u00e4 kuningaskunnassa asuvat voivat saada palkinnon vain kertakorvauksena.<\/p>\n<p>Set for Life -arvonnat j\u00e4rjestet\u00e4\u00e4n joka maanantai ja torstai klo 20.00. GMT<\/p>\n<h2>Set for Life UK -nettipelaamisen edut<\/h2>\n<p>&#8211; Yksi Set for Life UK -arvonnan pelaamisen suurista eduista on se, ett\u00e4 se on k\u00e4tev\u00e4\u00e4 milloin tahansa p\u00e4iv\u00e4ll\u00e4 tai y\u00f6ll\u00e4, ymp\u00e4ri vuorokauden, 365 p\u00e4iv\u00e4\u00e4 vuodessa. Pelk\u00e4st\u00e4\u00e4n mobiililaitteella, tabletilla tai p\u00f6yt\u00e4tietokoneella ja mist\u00e4 p\u00e4in maailmaa tahansa.<\/p>\n<p>&#8211; Muilla kuin Ison-Britannian asukkailla on LottoHoy.comin kaltaisten verkkoalustojen kautta todellinen mahdollisuus p\u00e4\u00e4st\u00e4 k\u00e4siksi t\u00e4h\u00e4n mehukkaaseen lottoon ja sen suuriin j\u00e4ttipotteihin.<\/p>\n<p>&#8211; Lottokuponki ostetaan suoraan valtuutetulta laitokselta, joten osallistuminen on todellista.<\/p>\n<p>&#8211; Voitetut palkinnot kirjataan v\u00e4litt\u00f6m\u00e4sti, jopa 2500 euroon asti, virallisten tulosten julkaisemisen j\u00e4lkeen.<\/p>\n<p>&#8211; On my\u00f6s tietopankki kaikista suoritetuista operaatioista, ostettujen lippujen s\u00e4ilytys, jolloin v\u00e4ltet\u00e4\u00e4n mahdolliset menetykset tai unohdukset.<\/p>\n<p>&#8211; Ajankohtaista tietoa kaikista veneist\u00e4, kun niit\u00e4 kertyy, jotta tilaisuutta osallistua niihin ei menet\u00e4.<\/p>\n<p>&#8211; Laaja valikoima maksutapoja, talletuksia ja nostoja.<\/p>\n<h2>Palkintomahdollisuudet Set for Lifessa (UK)<\/h2>\n<p>Mahdollisuudet saada ensimm\u00e4isen luokan yhdistelm\u00e4 oikein ovat noin 1:15 miljoonaa vastaan.<\/p>\n<p>Kun taas toisen kategorian onnistumismahdollisuudet ovat noin 1:1,7 miljoonasta.<\/p>\n<p>Jonkin Set for Lifen tarjoaman palkinnon saaminen on 1:12 mahdollisuus.<\/p>\n","protected":false},"excerpt":{"rendered":"<p>Kansallisloton Set for Life (Yhdistynyt kuningaskunta) Kun etsittiin erilaista tapaa palkita National Lottery -pelaajia Yhdistyneess\u00e4 kuningaskunnassa, luotiin Set for Life -peli, jota kutsutaan my\u00f6s \u201dannuiteeteiksi\u201d ja jossa p\u00e4\u00e4vetonaulaksi asetettiin ensimm\u00e4isen ja toisen palkintoluokan maksut niin, ett\u00e4 voittajat saisivat joka kuukausi huomattavan summan maksua. Ensimm\u00e4isess\u00e4 kategoriassa jokaiselle nelj\u00e4lle mahdolliselle voittajalle vahvistettiin 10 000 punnan maksu kuukaudessa [&hellip;]<\/p>\n","protected":false},"author":2,"featured_media":0,"parent":16745,"menu_order":11,"comment_status":"closed","ping_status":"closed","template":"set-for-life-info.php","meta":{"_et_pb_use_builder":"","_et_pb_old_content":"","_et_gb_content_width":"","exclude_from_search":false,"footnotes":""},"class_list":["post-16842","page","type-page","status-publish","hentry"],"yoast_head":"<!-- This site is optimized with the Yoast SEO plugin v23.7 - https:\/\/yoast.com\/wordpress\/plugins\/seo\/ -->\n<title>Kaikki tiedot Set for Life (UK) -arvonnasta - LottoHoy.com<\/title>\n<meta name=\"description\" content=\"Erilainen arpajaiset. J\u00e4ttipotin voi ker\u00e4t\u00e4 20 000 euron kuukausittaisina maksuina 30 vuoden ajan. Katso tietoa Set for Life (UK) -lotosta\" \/>\n<meta name=\"robots\" content=\"index, follow, max-snippet:-1, max-image-preview:large, max-video-preview:-1\" \/>\n<link rel=\"canonical\" href=\"https:\/\/lottohoy.com\/fi\/online-arpajaiset-faq\/set-for-life-uk-tietoa\/\" \/>\n<meta property=\"og:locale\" content=\"fi_FI\" \/>\n<meta property=\"og:type\" content=\"article\" \/>\n<meta property=\"og:title\" content=\"Kaikki tiedot Set for Life (UK) -arvonnasta - LottoHoy.com\" \/>\n<meta property=\"og:description\" content=\"Erilainen arpajaiset. J\u00e4ttipotin voi ker\u00e4t\u00e4 20 000 euron kuukausittaisina maksuina 30 vuoden ajan. Katso tietoa Set for Life (UK) -lotosta\" \/>\n<meta property=\"og:url\" content=\"https:\/\/lottohoy.com\/fi\/online-arpajaiset-faq\/set-for-life-uk-tietoa\/\" \/>\n<meta property=\"og:site_name\" content=\"Lottohoy\" \/>\n<meta name=\"twitter:card\" content=\"summary_large_image\" \/>\n<meta name=\"twitter:label1\" content=\"Arvioitu lukuaika\" \/>\n\t<meta name=\"twitter:data1\" content=\"2 minuuttia\" \/>\n<script type=\"application\/ld+json\" class=\"yoast-schema-graph\">{\"@context\":\"https:\/\/schema.org\",\"@graph\":[{\"@type\":\"WebPage\",\"@id\":\"https:\/\/lottohoy.com\/fi\/online-arpajaiset-faq\/set-for-life-uk-tietoa\/\",\"url\":\"https:\/\/lottohoy.com\/fi\/online-arpajaiset-faq\/set-for-life-uk-tietoa\/\",\"name\":\"Kaikki tiedot Set for Life (UK) -arvonnasta - LottoHoy.com\",\"isPartOf\":{\"@id\":\"https:\/\/lottohoy.com\/fi\/#website\"},\"datePublished\":\"2020-08-10T16:08:14+00:00\",\"dateModified\":\"2020-08-10T16:08:14+00:00\",\"description\":\"Erilainen arpajaiset. J\u00e4ttipotin voi ker\u00e4t\u00e4 20 000 euron kuukausittaisina maksuina 30 vuoden ajan. Katso tietoa Set for Life (UK) -lotosta\",\"breadcrumb\":{\"@id\":\"https:\/\/lottohoy.com\/fi\/online-arpajaiset-faq\/set-for-life-uk-tietoa\/#breadcrumb\"},\"inLanguage\":\"fi\",\"potentialAction\":[{\"@type\":\"ReadAction\",\"target\":[\"https:\/\/lottohoy.com\/fi\/online-arpajaiset-faq\/set-for-life-uk-tietoa\/\"]}]},{\"@type\":\"BreadcrumbList\",\"@id\":\"https:\/\/lottohoy.com\/fi\/online-arpajaiset-faq\/set-for-life-uk-tietoa\/#breadcrumb\",\"itemListElement\":[{\"@type\":\"ListItem\",\"position\":1,\"name\":\"Home\",\"item\":\"https:\/\/lottohoy.com\/fi\/\"},{\"@type\":\"ListItem\",\"position\":2,\"name\":\"Online arpajaiset FAQ\",\"item\":\"https:\/\/lottohoy.com\/fi\/online-arpajaiset-faq\/\"},{\"@type\":\"ListItem\",\"position\":3,\"name\":\"Set For Life (UK) Tietoa\"}]},{\"@type\":\"WebSite\",\"@id\":\"https:\/\/lottohoy.com\/fi\/#website\",\"url\":\"https:\/\/lottohoy.com\/fi\/\",\"name\":\"Lottohoy\",\"description\":\"\",\"potentialAction\":[{\"@type\":\"SearchAction\",\"target\":{\"@type\":\"EntryPoint\",\"urlTemplate\":\"https:\/\/lottohoy.com\/fi\/?s={search_term_string}\"},\"query-input\":{\"@type\":\"PropertyValueSpecification\",\"valueRequired\":true,\"valueName\":\"search_term_string\"}}],\"inLanguage\":\"fi\"}]}<\/script>\n<!-- \/ Yoast SEO plugin. -->","yoast_head_json":{"title":"Kaikki tiedot Set for Life (UK) -arvonnasta - LottoHoy.com","description":"Erilainen arpajaiset. J\u00e4ttipotin voi ker\u00e4t\u00e4 20 000 euron kuukausittaisina maksuina 30 vuoden ajan. Katso tietoa Set for Life (UK) -lotosta","robots":{"index":"index","follow":"follow","max-snippet":"max-snippet:-1","max-image-preview":"max-image-preview:large","max-video-preview":"max-video-preview:-1"},"canonical":"https:\/\/lottohoy.com\/fi\/online-arpajaiset-faq\/set-for-life-uk-tietoa\/","og_locale":"fi_FI","og_type":"article","og_title":"Kaikki tiedot Set for Life (UK) -arvonnasta - LottoHoy.com","og_description":"Erilainen arpajaiset. J\u00e4ttipotin voi ker\u00e4t\u00e4 20 000 euron kuukausittaisina maksuina 30 vuoden ajan. Katso tietoa Set for Life (UK) -lotosta","og_url":"https:\/\/lottohoy.com\/fi\/online-arpajaiset-faq\/set-for-life-uk-tietoa\/","og_site_name":"Lottohoy","twitter_card":"summary_large_image","twitter_misc":{"Arvioitu lukuaika":"2 minuuttia"},"schema":{"@context":"https:\/\/schema.org","@graph":[{"@type":"WebPage","@id":"https:\/\/lottohoy.com\/fi\/online-arpajaiset-faq\/set-for-life-uk-tietoa\/","url":"https:\/\/lottohoy.com\/fi\/online-arpajaiset-faq\/set-for-life-uk-tietoa\/","name":"Kaikki tiedot Set for Life (UK) -arvonnasta - LottoHoy.com","isPartOf":{"@id":"https:\/\/lottohoy.com\/fi\/#website"},"datePublished":"2020-08-10T16:08:14+00:00","dateModified":"2020-08-10T16:08:14+00:00","description":"Erilainen arpajaiset. J\u00e4ttipotin voi ker\u00e4t\u00e4 20 000 euron kuukausittaisina maksuina 30 vuoden ajan. Katso tietoa Set for Life (UK) -lotosta","breadcrumb":{"@id":"https:\/\/lottohoy.com\/fi\/online-arpajaiset-faq\/set-for-life-uk-tietoa\/#breadcrumb"},"inLanguage":"fi","potentialAction":[{"@type":"ReadAction","target":["https:\/\/lottohoy.com\/fi\/online-arpajaiset-faq\/set-for-life-uk-tietoa\/"]}]},{"@type":"BreadcrumbList","@id":"https:\/\/lottohoy.com\/fi\/online-arpajaiset-faq\/set-for-life-uk-tietoa\/#breadcrumb","itemListElement":[{"@type":"ListItem","position":1,"name":"Home","item":"https:\/\/lottohoy.com\/fi\/"},{"@type":"ListItem","position":2,"name":"Online arpajaiset FAQ","item":"https:\/\/lottohoy.com\/fi\/online-arpajaiset-faq\/"},{"@type":"ListItem","position":3,"name":"Set For Life (UK) Tietoa"}]},{"@type":"WebSite","@id":"https:\/\/lottohoy.com\/fi\/#website","url":"https:\/\/lottohoy.com\/fi\/","name":"Lottohoy","description":"","potentialAction":[{"@type":"SearchAction","target":{"@type":"EntryPoint","urlTemplate":"https:\/\/lottohoy.com\/fi\/?s={search_term_string}"},"query-input":{"@type":"PropertyValueSpecification","valueRequired":true,"valueName":"search_term_string"}}],"inLanguage":"fi"}]}},"_links":{"self":[{"href":"https:\/\/lottohoy.com\/fi\/wp-json\/wp\/v2\/pages\/16842","targetHints":{"allow":["GET"]}}],"collection":[{"href":"https:\/\/lottohoy.com\/fi\/wp-json\/wp\/v2\/pages"}],"about":[{"href":"https:\/\/lottohoy.com\/fi\/wp-json\/wp\/v2\/types\/page"}],"author":[{"embeddable":true,"href":"https:\/\/lottohoy.com\/fi\/wp-json\/wp\/v2\/users\/2"}],"replies":[{"embeddable":true,"href":"https:\/\/lottohoy.com\/fi\/wp-json\/wp\/v2\/comments?post=16842"}],"version-history":[{"count":0,"href":"https:\/\/lottohoy.com\/fi\/wp-json\/wp\/v2\/pages\/16842\/revisions"}],"up":[{"embeddable":true,"href":"https:\/\/lottohoy.com\/fi\/wp-json\/wp\/v2\/pages\/16745"}],"wp:attachment":[{"href":"https:\/\/lottohoy.com\/fi\/wp-json\/wp\/v2\/media?parent=16842"}],"curies":[{"name":"wp","href":"https:\/\/api.w.org\/{rel}","templated":true}]}}