{"id":16835,"date":"2020-08-10T17:42:35","date_gmt":"2020-08-10T16:42:35","guid":{"rendered":"https:\/\/lottohoy.com\/online-arpajaiset-faq\/thunderball-tiedot\/"},"modified":"2020-08-10T17:42:35","modified_gmt":"2020-08-10T16:42:35","slug":"thunderball-tiedot","status":"publish","type":"page","link":"https:\/\/lottohoy.com\/fi\/online-arpajaiset-faq\/thunderball-tiedot\/","title":{"rendered":"Thunderball tiedot"},"content":{"rendered":"<h2>Thunderball arpajaiset tietoa<\/h2>\n<p>T\u00e4ll\u00e4 hetkell\u00e4 Thunderball-arvonnat j\u00e4rjestet\u00e4\u00e4n nelj\u00e4 kertaa viikossa (tiistaisin, keskiviikkoisin, perjantaisin ja lauantaisin). Ensimm\u00e4inen Thunderball-arvonta j\u00e4rjestettiin kes\u00e4kuussa 1999.<\/p>\n<p>Aluksi arvottiin vain yksi arvonta viikossa lauantaisin, ja my\u00f6hemmin mukaan otettiin my\u00f6s keskiviikkoarvonta.<\/p>\n<p>Toukokuuhun 2010 asti yhdistelm\u00e4 arvottiin numeroiden 1 ja 34 v\u00e4lill\u00e4, ensimm\u00e4isen luokan palkinto oli 250 000 puntaa, eik\u00e4 yhdeks\u00e4tt\u00e4 palkintoluokkaa ollut, koska nyt on vain yksi Thunderball-ottelu.<\/p>\n<p>T\u00e4m\u00e4n p\u00e4iv\u00e4m\u00e4\u00e4r\u00e4n j\u00e4lkeen otettiin k\u00e4ytt\u00f6\u00f6n my\u00f6s perjantai-arvonta keskiviikko- ja lauantai-arvontojen rinnalle, ja tiistai-arvonta lis\u00e4ttiin tammikuussa 2018.<\/p>\n<p>N\u00e4iden muutosten seurauksena p\u00e4\u00e4palkinto nousi nykyiseen 500 000 puntaan, kun taas muut palkinnot l\u00e4hes puolittuivat.<\/p>\n<h2>Thunderballin pelaamisen edut verkossa<\/h2>\n<p>&#8211; Yksi Thunderballin pelaamisen suurista eduista on se, ett\u00e4 sit\u00e4 voi pelata mihin vuorokaudenaikaan tahansa, 24\/7, 365 p\u00e4iv\u00e4\u00e4 vuodessa. Riitt\u00e4\u00e4, ett\u00e4 sinulla on mobiililaite, tabletti tai p\u00f6yt\u00e4tietokone, ja mist\u00e4 p\u00e4in maailmaa tahansa.<\/p>\n<p>&#8211; Muualla kuin Yhdistyneess\u00e4 kuningaskunnassa asuvilla on LottoHoy.comin kaltaisten verkkoalustojen kautta todellinen mahdollisuus p\u00e4\u00e4st\u00e4 osalliseksi t\u00e4h\u00e4n mehukkaaseen lottoon, jossa on kiinte\u00e4t palkinnot jokaisessa luokassa ker\u00e4tyst\u00e4 summasta riippumatta.<\/p>\n<p>&#8211; Lottokuponki ostetaan suoraan valtuutetulta laitokselta, joten osallistuminen on todellista.<\/p>\n<p>&#8211; Voitetut palkinnot kirjataan v\u00e4litt\u00f6m\u00e4sti, jopa 2500 euroon asti, virallisten tulosten julkaisemisen j\u00e4lkeen.<\/p>\n<p>&#8211; On my\u00f6s tietopankki kaikista suoritetuista operaatioista, ostettujen lippujen s\u00e4ilytys, jolloin v\u00e4ltet\u00e4\u00e4n mahdolliset menetykset tai unohdukset.<\/p>\n<p>&#8211; Ajankohtaista tietoa kaikista veneist\u00e4, kun niit\u00e4 kertyy, jotta tilaisuutta osallistua niihin ei menet\u00e4.<\/p>\n<p>&#8211; Laaja valikoima maksutapoja, talletuksia ja nostoja.<\/p>\n<h2>Todenn\u00e4k\u00f6isyys voittaa palkinto Thunderballissa<\/h2>\n<p>Alla olevasta taulukosta n\u00e4et kussakin kategoriassa voitettavan rahasumman keskiarvon sek\u00e4 tilastollisen todenn\u00e4k\u00f6isyyden voittaa j\u00e4ttipotti tai jokin muu palkinto lopuissa kahdeksassa kategoriassa.<\/p>\n","protected":false},"excerpt":{"rendered":"<p>Thunderball arpajaiset tietoa T\u00e4ll\u00e4 hetkell\u00e4 Thunderball-arvonnat j\u00e4rjestet\u00e4\u00e4n nelj\u00e4 kertaa viikossa (tiistaisin, keskiviikkoisin, perjantaisin ja lauantaisin). Ensimm\u00e4inen Thunderball-arvonta j\u00e4rjestettiin kes\u00e4kuussa 1999. Aluksi arvottiin vain yksi arvonta viikossa lauantaisin, ja my\u00f6hemmin mukaan otettiin my\u00f6s keskiviikkoarvonta. Toukokuuhun 2010 asti yhdistelm\u00e4 arvottiin numeroiden 1 ja 34 v\u00e4lill\u00e4, ensimm\u00e4isen luokan palkinto oli 250 000 puntaa, eik\u00e4 yhdeks\u00e4tt\u00e4 palkintoluokkaa ollut, koska [&hellip;]<\/p>\n","protected":false},"author":2,"featured_media":0,"parent":16745,"menu_order":10,"comment_status":"closed","ping_status":"closed","template":"thunderball-info.php","meta":{"_et_pb_use_builder":"","_et_pb_old_content":"","_et_gb_content_width":"","exclude_from_search":false,"footnotes":""},"class_list":["post-16835","page","type-page","status-publish","hentry"],"yoast_head":"<!-- This site is optimized with the Yoast SEO plugin v23.7 - https:\/\/yoast.com\/wordpress\/plugins\/seo\/ -->\n<title>Kaikki Thunderball arpajaiset tietoa - LottoHoy.com<\/title>\n<meta name=\"description\" content=\"Kullekin Thunderball-luokalle vahvistetut kiinte\u00e4t palkinnot Hyv\u00e4 vaihtoehto tiet\u00e4\u00e4 etuk\u00e4teen mahdolliset voitot.\" \/>\n<meta name=\"robots\" content=\"index, follow, max-snippet:-1, max-image-preview:large, max-video-preview:-1\" \/>\n<link rel=\"canonical\" href=\"https:\/\/lottohoy.com\/fi\/online-arpajaiset-faq\/thunderball-tiedot\/\" \/>\n<meta property=\"og:locale\" content=\"fi_FI\" \/>\n<meta property=\"og:type\" content=\"article\" \/>\n<meta property=\"og:title\" content=\"Kaikki Thunderball arpajaiset tietoa - LottoHoy.com\" \/>\n<meta property=\"og:description\" content=\"Kullekin Thunderball-luokalle vahvistetut kiinte\u00e4t palkinnot Hyv\u00e4 vaihtoehto tiet\u00e4\u00e4 etuk\u00e4teen mahdolliset voitot.\" \/>\n<meta property=\"og:url\" content=\"https:\/\/lottohoy.com\/fi\/online-arpajaiset-faq\/thunderball-tiedot\/\" \/>\n<meta property=\"og:site_name\" content=\"Lottohoy\" \/>\n<meta name=\"twitter:card\" content=\"summary_large_image\" \/>\n<meta name=\"twitter:label1\" content=\"Arvioitu lukuaika\" \/>\n\t<meta name=\"twitter:data1\" content=\"1 minuutti\" \/>\n<script type=\"application\/ld+json\" class=\"yoast-schema-graph\">{\"@context\":\"https:\/\/schema.org\",\"@graph\":[{\"@type\":\"WebPage\",\"@id\":\"https:\/\/lottohoy.com\/fi\/online-arpajaiset-faq\/thunderball-tiedot\/\",\"url\":\"https:\/\/lottohoy.com\/fi\/online-arpajaiset-faq\/thunderball-tiedot\/\",\"name\":\"Kaikki Thunderball arpajaiset tietoa - LottoHoy.com\",\"isPartOf\":{\"@id\":\"https:\/\/lottohoy.com\/fi\/#website\"},\"datePublished\":\"2020-08-10T16:42:35+00:00\",\"dateModified\":\"2020-08-10T16:42:35+00:00\",\"description\":\"Kullekin Thunderball-luokalle vahvistetut kiinte\u00e4t palkinnot Hyv\u00e4 vaihtoehto tiet\u00e4\u00e4 etuk\u00e4teen mahdolliset voitot.\",\"breadcrumb\":{\"@id\":\"https:\/\/lottohoy.com\/fi\/online-arpajaiset-faq\/thunderball-tiedot\/#breadcrumb\"},\"inLanguage\":\"fi\",\"potentialAction\":[{\"@type\":\"ReadAction\",\"target\":[\"https:\/\/lottohoy.com\/fi\/online-arpajaiset-faq\/thunderball-tiedot\/\"]}]},{\"@type\":\"BreadcrumbList\",\"@id\":\"https:\/\/lottohoy.com\/fi\/online-arpajaiset-faq\/thunderball-tiedot\/#breadcrumb\",\"itemListElement\":[{\"@type\":\"ListItem\",\"position\":1,\"name\":\"Home\",\"item\":\"https:\/\/lottohoy.com\/fi\/\"},{\"@type\":\"ListItem\",\"position\":2,\"name\":\"Online arpajaiset FAQ\",\"item\":\"https:\/\/lottohoy.com\/fi\/online-arpajaiset-faq\/\"},{\"@type\":\"ListItem\",\"position\":3,\"name\":\"Thunderball tiedot\"}]},{\"@type\":\"WebSite\",\"@id\":\"https:\/\/lottohoy.com\/fi\/#website\",\"url\":\"https:\/\/lottohoy.com\/fi\/\",\"name\":\"Lottohoy\",\"description\":\"\",\"potentialAction\":[{\"@type\":\"SearchAction\",\"target\":{\"@type\":\"EntryPoint\",\"urlTemplate\":\"https:\/\/lottohoy.com\/fi\/?s={search_term_string}\"},\"query-input\":{\"@type\":\"PropertyValueSpecification\",\"valueRequired\":true,\"valueName\":\"search_term_string\"}}],\"inLanguage\":\"fi\"}]}<\/script>\n<!-- \/ Yoast SEO plugin. -->","yoast_head_json":{"title":"Kaikki Thunderball arpajaiset tietoa - LottoHoy.com","description":"Kullekin Thunderball-luokalle vahvistetut kiinte\u00e4t palkinnot Hyv\u00e4 vaihtoehto tiet\u00e4\u00e4 etuk\u00e4teen mahdolliset voitot.","robots":{"index":"index","follow":"follow","max-snippet":"max-snippet:-1","max-image-preview":"max-image-preview:large","max-video-preview":"max-video-preview:-1"},"canonical":"https:\/\/lottohoy.com\/fi\/online-arpajaiset-faq\/thunderball-tiedot\/","og_locale":"fi_FI","og_type":"article","og_title":"Kaikki Thunderball arpajaiset tietoa - LottoHoy.com","og_description":"Kullekin Thunderball-luokalle vahvistetut kiinte\u00e4t palkinnot Hyv\u00e4 vaihtoehto tiet\u00e4\u00e4 etuk\u00e4teen mahdolliset voitot.","og_url":"https:\/\/lottohoy.com\/fi\/online-arpajaiset-faq\/thunderball-tiedot\/","og_site_name":"Lottohoy","twitter_card":"summary_large_image","twitter_misc":{"Arvioitu lukuaika":"1 minuutti"},"schema":{"@context":"https:\/\/schema.org","@graph":[{"@type":"WebPage","@id":"https:\/\/lottohoy.com\/fi\/online-arpajaiset-faq\/thunderball-tiedot\/","url":"https:\/\/lottohoy.com\/fi\/online-arpajaiset-faq\/thunderball-tiedot\/","name":"Kaikki Thunderball arpajaiset tietoa - LottoHoy.com","isPartOf":{"@id":"https:\/\/lottohoy.com\/fi\/#website"},"datePublished":"2020-08-10T16:42:35+00:00","dateModified":"2020-08-10T16:42:35+00:00","description":"Kullekin Thunderball-luokalle vahvistetut kiinte\u00e4t palkinnot Hyv\u00e4 vaihtoehto tiet\u00e4\u00e4 etuk\u00e4teen mahdolliset voitot.","breadcrumb":{"@id":"https:\/\/lottohoy.com\/fi\/online-arpajaiset-faq\/thunderball-tiedot\/#breadcrumb"},"inLanguage":"fi","potentialAction":[{"@type":"ReadAction","target":["https:\/\/lottohoy.com\/fi\/online-arpajaiset-faq\/thunderball-tiedot\/"]}]},{"@type":"BreadcrumbList","@id":"https:\/\/lottohoy.com\/fi\/online-arpajaiset-faq\/thunderball-tiedot\/#breadcrumb","itemListElement":[{"@type":"ListItem","position":1,"name":"Home","item":"https:\/\/lottohoy.com\/fi\/"},{"@type":"ListItem","position":2,"name":"Online arpajaiset FAQ","item":"https:\/\/lottohoy.com\/fi\/online-arpajaiset-faq\/"},{"@type":"ListItem","position":3,"name":"Thunderball tiedot"}]},{"@type":"WebSite","@id":"https:\/\/lottohoy.com\/fi\/#website","url":"https:\/\/lottohoy.com\/fi\/","name":"Lottohoy","description":"","potentialAction":[{"@type":"SearchAction","target":{"@type":"EntryPoint","urlTemplate":"https:\/\/lottohoy.com\/fi\/?s={search_term_string}"},"query-input":{"@type":"PropertyValueSpecification","valueRequired":true,"valueName":"search_term_string"}}],"inLanguage":"fi"}]}},"_links":{"self":[{"href":"https:\/\/lottohoy.com\/fi\/wp-json\/wp\/v2\/pages\/16835","targetHints":{"allow":["GET"]}}],"collection":[{"href":"https:\/\/lottohoy.com\/fi\/wp-json\/wp\/v2\/pages"}],"about":[{"href":"https:\/\/lottohoy.com\/fi\/wp-json\/wp\/v2\/types\/page"}],"author":[{"embeddable":true,"href":"https:\/\/lottohoy.com\/fi\/wp-json\/wp\/v2\/users\/2"}],"replies":[{"embeddable":true,"href":"https:\/\/lottohoy.com\/fi\/wp-json\/wp\/v2\/comments?post=16835"}],"version-history":[{"count":0,"href":"https:\/\/lottohoy.com\/fi\/wp-json\/wp\/v2\/pages\/16835\/revisions"}],"up":[{"embeddable":true,"href":"https:\/\/lottohoy.com\/fi\/wp-json\/wp\/v2\/pages\/16745"}],"wp:attachment":[{"href":"https:\/\/lottohoy.com\/fi\/wp-json\/wp\/v2\/media?parent=16835"}],"curies":[{"name":"wp","href":"https:\/\/api.w.org\/{rel}","templated":true}]}}