{"id":16824,"date":"2018-08-21T10:17:14","date_gmt":"2018-08-21T09:17:14","guid":{"rendered":"https:\/\/lottohoy.com\/?page_id=16824"},"modified":"2025-03-25T13:06:15","modified_gmt":"2025-03-25T13:06:15","slug":"la-primitiva-faq","status":"publish","type":"page","link":"https:\/\/lottohoy.com\/fi\/online-arpajaiset-faq\/la-primitiva-faq\/","title":{"rendered":"La Primitiva FAQ"},"content":{"rendered":"<p>La Primitiva on lottopeli, joka perustuu kuuden numeron ennustamiseen 49 mahdollisesta numerosta. La Primitiva -peli juontaa juurensa espanjalaisen lottopelin alkul\u00e4hteille vuonna 1763.<\/p>\n<h2>La Primitivan s\u00e4\u00e4nn\u00f6t<\/h2>\n<p>La Primitivan s\u00e4\u00e4nn\u00f6t ovat hyvin yksinkertaiset. Peliss\u00e4 ennustetaan kuusi numeroa taulukosta, jossa on 49 ruutua, jotka on numeroitu 1-49.<\/p>\n<p>Lis\u00e4ksi voidaan tehd\u00e4 yksinkertaisia tai useita vetoja. Yhdess\u00e4 peliss\u00e4 on ennustettava 6 numeroa, ja voit pelata niin monta saraketta kuin haluat. Voit my\u00f6s tehd\u00e4 useita vetoja k\u00e4ytt\u00e4m\u00e4ll\u00e4 vain ensimm\u00e4ist\u00e4 odotetuista sarakkeista ja merkit\u00e4 siihen 7 tai useamman numeron enint\u00e4\u00e4n 11:een asti.<\/p>\n<ul>\n<li>7 Primitiva-numeron monipanos vastaa 7 panosta. 7 Primitiva-numeron monipanos vastaa 7 panosta.<\/li>\n<li>8 Primitiva-numeron monipanos vastaa 28 panosta.<\/li>\n<li>9 Primitiva-numeron monipanos vastaa 84 panosta.<\/li>\n<li>10 Primitiva-numeron monipanos vastaa 210 panosta.<\/li>\n<li>11 Primitiva-numeron monipanos vastaa 462 panosta.<\/li>\n<\/ul>\n<p>N\u00e4iden vetojen lis\u00e4ksi on my\u00f6s mahdollista pelata 5 numeroa virallisessa kupongissa, jolloin kyseess\u00e4 on moninkertainen veto, jossa puuttuva numero on aina automaattisesti oikea. T\u00e4ss\u00e4 tapauksessa se vastaisi 44 vedon tekemist\u00e4.<\/p>\n<h2><b>Mik\u00e4 on La Primitivan palautusnumero?<\/b><\/h2>\n<p>La Primitiva -palautus on numero, jonka j\u00e4rjestelm\u00e4 antaa satunnaisesti vedon vahvistamisen yhteydess\u00e4.<\/p>\n<p>Palkinto koostuu yksinkertaisen vedon m\u00e4\u00e4r\u00e4\u00e4 vastaavasta kiinte\u00e4st\u00e4 maksusta jokaisesta kyseist\u00e4 numeroa sis\u00e4lt\u00e4v\u00e4st\u00e4 lipusta, joka on otettu toisesta rummusta, joka sis\u00e4lt\u00e4\u00e4 palloja numeroilla 0-9.<\/p>\n<h2><b>Primitivan pelaamisen edut verkossa<\/b><\/h2>\n<p>Uusien markkinatrendien ansiosta <a href=\"https:\/\/lottohoy.com\/play\/la-primitiva\/\"><strong>la Primitivan pelaaminen<\/strong><\/a> on yht\u00e4 helppoa kuin internetiss\u00e4 navigointi.<\/p>\n<p>Omasta kodistasi, ty\u00f6paikaltasi tai vapaa-ajaltasi k\u00e4sin, kun sinulla on yksinkertainen internet-yhteys, voit v\u00e4litt\u00f6m\u00e4sti ly\u00f6d\u00e4 vetoja kaikissa arpajaisissa ja tietenkin Primitivassa.<\/p>\n<p>Nettipelaamisessa on paljon etuja:<\/p>\n<ul>\n<li>Se on yksinkertaista, nopeaa ja mukavaa, eik\u00e4 siihen liity jonottamista.<\/li>\n<li>K\u00e4ytt\u00e4j\u00e4tilin omistaminen online-arpajaisfoorumilla tarkoittaa my\u00f6s jatkuvaa tietoa kaikista arvonnoista, kertyneist\u00e4 j\u00e4ttipotista ja voitetuista palkinnoista.<\/li>\n<li>Se on turvallinen ja luotettava menetelm\u00e4 kaikkia pankkitapahtumia varten.<\/li>\n<li>Rekister\u00f6ityneen\u00e4 k\u00e4ytt\u00e4j\u00e4n\u00e4 et koskaan menet\u00e4 arpalippua, sinulle ilmoitetaan aina nopeasti kaikista suoritetuista operaatioista: ostoista, maksuista, perinn\u00e4st\u00e4 jne.<\/li>\n<li>Kun rekister\u00f6itynyt k\u00e4ytt\u00e4j\u00e4 voittaa palkinnon, kyseisen palkinnon m\u00e4\u00e4r\u00e4 talletetaan automaattisesti h\u00e4nen k\u00e4ytt\u00e4j\u00e4tililleen.<\/li>\n<\/ul>\n<h2><b>La Primitiva j\u00e4ttipotti<\/b><\/h2>\n<p>Erikoisluokan palkinto, joka tunnetaan my\u00f6s jackpotina, alkaa aina taatusta 2 000 000 euron v\u00e4himm\u00e4ism\u00e4\u00e4r\u00e4st\u00e4.<\/p>\n<p>Jos jossakin arvonnassa ei ole maksimiluokan voittajaa, summa ker\u00e4\u00e4ntyy saman luokan seuraavaan arvontaan, kunnes joku lopulta voittaa suuren palkinnon.<\/p>\n<p>La Primitivan historian ensimm\u00e4inen j\u00e4ttipotti oli 62 miljoonaa pesetaa (noin yli 372 000 \u20ac). Suurin t\u00e4h\u00e4n menness\u00e4 maksettu j\u00e4ttipotti oli 101 724 559,10 \u20ac, jonka voitti yksi voittaja Barcelonassa <sup>15<\/sup>. lokakuuta 2015.<\/p>\n<h2>La Primitiva Joker<\/h2>\n<p>\u201dJokeri\u201d, on Primitivaan liittyv\u00e4 valinnainen peli, joka on ollut saatavilla vuodesta 2012 l\u00e4htien.<\/p>\n<p>Kun fyysinen lippu on pelattu ja haluat pelata my\u00f6s Jokeria, sinun tarvitsee vain ruksata vastaava ruutu. J\u00e4rjestelm\u00e4 antaa automaattisesti ja satunnaisesti La Primitiva -lippuun 7 numeron yhdistelm\u00e4n v\u00e4lill\u00e4 0.000.000 &#8211; 9.999.999, molemmat mukaan lukien. Kyseinen numero on yksil\u00f6llinen, joten useampi kuin yksi ensimm\u00e4isen luokan voittaja ei ole mahdollinen.<\/p>\n<h3><b>Jokerin arvonta<\/b><\/h3>\n<p>Arvonta suoritetaan poimimalla seitsem\u00e4n palloa eri rummusta kuin primitiivilipun arvonnassa k\u00e4ytetty rumpu. Kyseisess\u00e4 rummussa on 10 palloa, joiden numerot ovat 0-9. Jokaisen oton j\u00e4lkeen pallo laitetaan uudelleen rumpuun, joten sama pallo voi tulla ulos useammalla kuin yhdell\u00e4 kertaa.<\/p>\n<h3><b>Jokeripalkinnot<\/b><\/h3>\n<p>Palkinnon saamiseksi numeroiden on oltava samassa j\u00e4rjestyksess\u00e4 kuin arvonnassa arvotut numerot.<\/p>\n<p>Palkintoluokkia on kuusi, ja jokaiselle luokalle on varattu tietty m\u00e4\u00e4r\u00e4 palkintoja.<\/p>\n<p><b>luokat Osumapalkinnot<\/b><\/p>\n<p>1-7 1 000 000\u20ac<\/p>\n<p>2-6 100 000\u20ac<\/p>\n<p>3-5 10 000\u20ac<\/p>\n<p>4-4 1 000\u20ac<\/p>\n<p>5-3 \u20ac 100<\/p>\n<p>6-2 10 \u20ac<\/p>\n","protected":false},"excerpt":{"rendered":"<p>La Primitiva on lottopeli, joka perustuu kuuden numeron ennustamiseen 49 mahdollisesta numerosta. La Primitiva -peli juontaa juurensa espanjalaisen lottopelin alkul\u00e4hteille vuonna 1763. La Primitivan s\u00e4\u00e4nn\u00f6t La Primitivan s\u00e4\u00e4nn\u00f6t ovat hyvin yksinkertaiset. Peliss\u00e4 ennustetaan kuusi numeroa taulukosta, jossa on 49 ruutua, jotka on numeroitu 1-49. Lis\u00e4ksi voidaan tehd\u00e4 yksinkertaisia tai useita vetoja. Yhdess\u00e4 peliss\u00e4 on ennustettava [&hellip;]<\/p>\n","protected":false},"author":7,"featured_media":0,"parent":16745,"menu_order":6,"comment_status":"closed","ping_status":"closed","template":"la-primitiva-info.php","meta":{"_et_pb_use_builder":"","_et_pb_old_content":"","_et_gb_content_width":"","exclude_from_search":false,"footnotes":""},"class_list":["post-16824","page","type-page","status-publish","hentry"],"yoast_head":"<!-- This site is optimized with the Yoast SEO plugin v23.7 - https:\/\/yoast.com\/wordpress\/plugins\/seo\/ -->\n<title>La Primitiva FAQ - Online Lotto opas - Lottohoy<\/title>\n<meta name=\"description\" content=\"La Primitivan s\u00e4\u00e4nn\u00f6t ovat hyvin yksinkertaiset. Peliss\u00e4 ennustetaan 6 numeroa taulukosta, jossa on 49 ruutua, jotka on numeroitu 1-49.\" \/>\n<meta name=\"robots\" content=\"index, follow, max-snippet:-1, max-image-preview:large, max-video-preview:-1\" \/>\n<link rel=\"canonical\" href=\"https:\/\/lottohoy.com\/fi\/online-arpajaiset-faq\/la-primitiva-faq\/\" \/>\n<meta property=\"og:locale\" content=\"fi_FI\" \/>\n<meta property=\"og:type\" content=\"article\" \/>\n<meta property=\"og:title\" content=\"La Primitiva FAQ - Online Lotto opas - Lottohoy\" \/>\n<meta property=\"og:description\" content=\"La Primitivan s\u00e4\u00e4nn\u00f6t ovat hyvin yksinkertaiset. Peliss\u00e4 ennustetaan 6 numeroa taulukosta, jossa on 49 ruutua, jotka on numeroitu 1-49.\" \/>\n<meta property=\"og:url\" content=\"https:\/\/lottohoy.com\/fi\/online-arpajaiset-faq\/la-primitiva-faq\/\" \/>\n<meta property=\"og:site_name\" content=\"Lottohoy\" \/>\n<meta property=\"article:modified_time\" content=\"2025-03-25T13:06:15+00:00\" \/>\n<meta name=\"twitter:card\" content=\"summary_large_image\" \/>\n<meta name=\"twitter:label1\" content=\"Arvioitu lukuaika\" \/>\n\t<meta name=\"twitter:data1\" content=\"3 minuuttia\" \/>\n<script type=\"application\/ld+json\" class=\"yoast-schema-graph\">{\"@context\":\"https:\/\/schema.org\",\"@graph\":[{\"@type\":\"WebPage\",\"@id\":\"https:\/\/lottohoy.com\/fi\/online-arpajaiset-faq\/la-primitiva-faq\/\",\"url\":\"https:\/\/lottohoy.com\/fi\/online-arpajaiset-faq\/la-primitiva-faq\/\",\"name\":\"La Primitiva FAQ - Online Lotto opas - Lottohoy\",\"isPartOf\":{\"@id\":\"https:\/\/lottohoy.com\/fi\/#website\"},\"datePublished\":\"2018-08-21T09:17:14+00:00\",\"dateModified\":\"2025-03-25T13:06:15+00:00\",\"description\":\"La Primitivan s\u00e4\u00e4nn\u00f6t ovat hyvin yksinkertaiset. Peliss\u00e4 ennustetaan 6 numeroa taulukosta, jossa on 49 ruutua, jotka on numeroitu 1-49.\",\"breadcrumb\":{\"@id\":\"https:\/\/lottohoy.com\/fi\/online-arpajaiset-faq\/la-primitiva-faq\/#breadcrumb\"},\"inLanguage\":\"fi\",\"potentialAction\":[{\"@type\":\"ReadAction\",\"target\":[\"https:\/\/lottohoy.com\/fi\/online-arpajaiset-faq\/la-primitiva-faq\/\"]}]},{\"@type\":\"BreadcrumbList\",\"@id\":\"https:\/\/lottohoy.com\/fi\/online-arpajaiset-faq\/la-primitiva-faq\/#breadcrumb\",\"itemListElement\":[{\"@type\":\"ListItem\",\"position\":1,\"name\":\"Home\",\"item\":\"https:\/\/lottohoy.com\/fi\/\"},{\"@type\":\"ListItem\",\"position\":2,\"name\":\"Online arpajaiset FAQ\",\"item\":\"https:\/\/lottohoy.com\/fi\/online-arpajaiset-faq\/\"},{\"@type\":\"ListItem\",\"position\":3,\"name\":\"La Primitiva FAQ\"}]},{\"@type\":\"WebSite\",\"@id\":\"https:\/\/lottohoy.com\/fi\/#website\",\"url\":\"https:\/\/lottohoy.com\/fi\/\",\"name\":\"Lottohoy\",\"description\":\"\",\"potentialAction\":[{\"@type\":\"SearchAction\",\"target\":{\"@type\":\"EntryPoint\",\"urlTemplate\":\"https:\/\/lottohoy.com\/fi\/?s={search_term_string}\"},\"query-input\":{\"@type\":\"PropertyValueSpecification\",\"valueRequired\":true,\"valueName\":\"search_term_string\"}}],\"inLanguage\":\"fi\"}]}<\/script>\n<!-- \/ Yoast SEO plugin. -->","yoast_head_json":{"title":"La Primitiva FAQ - Online Lotto opas - Lottohoy","description":"La Primitivan s\u00e4\u00e4nn\u00f6t ovat hyvin yksinkertaiset. Peliss\u00e4 ennustetaan 6 numeroa taulukosta, jossa on 49 ruutua, jotka on numeroitu 1-49.","robots":{"index":"index","follow":"follow","max-snippet":"max-snippet:-1","max-image-preview":"max-image-preview:large","max-video-preview":"max-video-preview:-1"},"canonical":"https:\/\/lottohoy.com\/fi\/online-arpajaiset-faq\/la-primitiva-faq\/","og_locale":"fi_FI","og_type":"article","og_title":"La Primitiva FAQ - Online Lotto opas - Lottohoy","og_description":"La Primitivan s\u00e4\u00e4nn\u00f6t ovat hyvin yksinkertaiset. Peliss\u00e4 ennustetaan 6 numeroa taulukosta, jossa on 49 ruutua, jotka on numeroitu 1-49.","og_url":"https:\/\/lottohoy.com\/fi\/online-arpajaiset-faq\/la-primitiva-faq\/","og_site_name":"Lottohoy","article_modified_time":"2025-03-25T13:06:15+00:00","twitter_card":"summary_large_image","twitter_misc":{"Arvioitu lukuaika":"3 minuuttia"},"schema":{"@context":"https:\/\/schema.org","@graph":[{"@type":"WebPage","@id":"https:\/\/lottohoy.com\/fi\/online-arpajaiset-faq\/la-primitiva-faq\/","url":"https:\/\/lottohoy.com\/fi\/online-arpajaiset-faq\/la-primitiva-faq\/","name":"La Primitiva FAQ - Online Lotto opas - Lottohoy","isPartOf":{"@id":"https:\/\/lottohoy.com\/fi\/#website"},"datePublished":"2018-08-21T09:17:14+00:00","dateModified":"2025-03-25T13:06:15+00:00","description":"La Primitivan s\u00e4\u00e4nn\u00f6t ovat hyvin yksinkertaiset. Peliss\u00e4 ennustetaan 6 numeroa taulukosta, jossa on 49 ruutua, jotka on numeroitu 1-49.","breadcrumb":{"@id":"https:\/\/lottohoy.com\/fi\/online-arpajaiset-faq\/la-primitiva-faq\/#breadcrumb"},"inLanguage":"fi","potentialAction":[{"@type":"ReadAction","target":["https:\/\/lottohoy.com\/fi\/online-arpajaiset-faq\/la-primitiva-faq\/"]}]},{"@type":"BreadcrumbList","@id":"https:\/\/lottohoy.com\/fi\/online-arpajaiset-faq\/la-primitiva-faq\/#breadcrumb","itemListElement":[{"@type":"ListItem","position":1,"name":"Home","item":"https:\/\/lottohoy.com\/fi\/"},{"@type":"ListItem","position":2,"name":"Online arpajaiset FAQ","item":"https:\/\/lottohoy.com\/fi\/online-arpajaiset-faq\/"},{"@type":"ListItem","position":3,"name":"La Primitiva FAQ"}]},{"@type":"WebSite","@id":"https:\/\/lottohoy.com\/fi\/#website","url":"https:\/\/lottohoy.com\/fi\/","name":"Lottohoy","description":"","potentialAction":[{"@type":"SearchAction","target":{"@type":"EntryPoint","urlTemplate":"https:\/\/lottohoy.com\/fi\/?s={search_term_string}"},"query-input":{"@type":"PropertyValueSpecification","valueRequired":true,"valueName":"search_term_string"}}],"inLanguage":"fi"}]}},"_links":{"self":[{"href":"https:\/\/lottohoy.com\/fi\/wp-json\/wp\/v2\/pages\/16824","targetHints":{"allow":["GET"]}}],"collection":[{"href":"https:\/\/lottohoy.com\/fi\/wp-json\/wp\/v2\/pages"}],"about":[{"href":"https:\/\/lottohoy.com\/fi\/wp-json\/wp\/v2\/types\/page"}],"author":[{"embeddable":true,"href":"https:\/\/lottohoy.com\/fi\/wp-json\/wp\/v2\/users\/7"}],"replies":[{"embeddable":true,"href":"https:\/\/lottohoy.com\/fi\/wp-json\/wp\/v2\/comments?post=16824"}],"version-history":[{"count":1,"href":"https:\/\/lottohoy.com\/fi\/wp-json\/wp\/v2\/pages\/16824\/revisions"}],"predecessor-version":[{"id":16825,"href":"https:\/\/lottohoy.com\/fi\/wp-json\/wp\/v2\/pages\/16824\/revisions\/16825"}],"up":[{"embeddable":true,"href":"https:\/\/lottohoy.com\/fi\/wp-json\/wp\/v2\/pages\/16745"}],"wp:attachment":[{"href":"https:\/\/lottohoy.com\/fi\/wp-json\/wp\/v2\/media?parent=16824"}],"curies":[{"name":"wp","href":"https:\/\/api.w.org\/{rel}","templated":true}]}}