{"id":16813,"date":"2019-02-13T18:30:53","date_gmt":"2019-02-13T18:30:53","guid":{"rendered":"https:\/\/lottohoy.com\/online-arpajaiset-faq\/tietoja-el-gordo-de-la-primitiva-hotellista\/"},"modified":"2019-02-13T18:30:53","modified_gmt":"2019-02-13T18:30:53","slug":"tietoja-el-gordo-de-la-primitiva-hotellista","status":"publish","type":"page","link":"https:\/\/lottohoy.com\/fi\/online-arpajaiset-faq\/tietoja-el-gordo-de-la-primitiva-hotellista\/","title":{"rendered":"Tietoja El Gordo de la Primitiva -hotellista"},"content":{"rendered":"<p>El Gordo de la Primitivan loi espanjalainen Loterias y Apuestas del Estado (LAE) t\u00e4ydent\u00e4m\u00e4\u00e4n kahta muuta lottopeli\u00e4 (Primitiva ja BonoLoto).<\/p>\n<p>Ensimm\u00e4inen arvonta suoritettiin <sup>31<\/sup>. lokakuuta 1993, ja ep\u00e4tavallisesta syyst\u00e4 vain yksi kuukausittainen arvonta suoritettiin kuukauden viimeisen\u00e4 sunnuntaina.<\/p>\n<p>Aloitushinta oli 500 pesetaa (nyky\u00e4\u00e4n vastaava hinta on 3,00 euroa), ja pelaajille annettiin kaksinkertainen mahdollisuus osallistua peliin. Voit valita ostamalla valmiiksi painetun lipun, jossa oli viiden p\u00e4\u00e4numeron yhdistelm\u00e4 sek\u00e4 palautusnumero. Toisessa vaihtoehdossa pelaaja sai valita omat numeronsa eriv\u00e4risell\u00e4 lipulla.<\/p>\n<p>T\u00e4m\u00e4 j\u00e4rjestelm\u00e4 s\u00e4ilyi nelj\u00e4 vuotta my\u00f6hemmin, kunnes lokakuussa 1997 arvonnat suoritettiin viikoittain sunnuntaisin, ja sen s\u00e4\u00e4nt\u00f6ihin tehtiin joitakin merkitt\u00e4vi\u00e4 muutoksia.<\/p>\n<p>Koska arvonnat on m\u00e4\u00e4ritelty ja varattu ensimm\u00e4isen luokan voittajille, kumulatiiviseen j\u00e4ttipottiin p\u00e4\u00e4see k\u00e4siksi vain, jos edellisess\u00e4 arvonnassa ei ole voittajaa.<\/p>\n<p>Tammikuun <sup>31<\/sup>. p\u00e4iv\u00e4n\u00e4 2005 s\u00e4\u00e4nt\u00f6ihin tehtiin merkitt\u00e4v\u00e4 muutos, joka sis\u00e4lsi 5 000 000 euron taatun v\u00e4himm\u00e4isj\u00e4ttipotin ja jopa kahdeksan palkintoluokkaa sek\u00e4 palautuksen. Odotukset palkinnon saamisesta kasvoivat huomattavasti.<\/p>\n<h2><b>Mik\u00e4 on El Gordo de la Primitiva?<\/b><\/h2>\n<p>El Gordo de la Primitiva on pohjimmiltaan onnenpeli, jossa pelaajan on saatava mahdollisimman monta vastaavaa numeroa.<\/p>\n<p>Arpajaisissa arvotaan sattumanvaraisesti viisi palloa yhdest\u00e4 54:st\u00e4, joiden numerot ovat v\u00e4lill\u00e4 1-54.<\/p>\n<p>Vastaavasti toisesta rummusta poimitaan pallo, jonka numerot ovat 0-9 ja joka koostuu avainnumerosta tai palautuksesta.<\/p>\n<p>Pelaaja voi tehd\u00e4 niin monta panosta kuin haluaa, ja h\u00e4n voi tehd\u00e4 sen manuaalisesti valitsemalla omat numeronsa tai antamalla j\u00e4rjestelm\u00e4n valita satunnaisen yhdistelm\u00e4n.<\/p>\n<h2><strong>El Gordo de la Primitiva Hinta<\/strong><\/h2>\n<p>Jokainen El Gordo -lippu maksaa 3 euroa, ja voit ly\u00f6d\u00e4 niin monta vetoa kuin haluat.<\/p>\n<h2><b>El Gordo de la Primitivan voittokertoimet<\/b><\/h2>\n<p>Voiton todenn\u00e4k\u00f6isyys on 1:19 (kahden p\u00e4\u00e4numeron t\u00e4sm\u00e4\u00e4minen), kun taas ensimm\u00e4isen luokan palkinnon voittotodenn\u00e4k\u00f6isyys laskee 1:31 625 100:een.<\/p>\n<p>Se voi vaikuttaa hyvin kaukaiselta, jos sit\u00e4 verrataan <strong>La Primitivaan<\/strong>, jossa todenn\u00e4k\u00f6isyys on 1:13.983.816, ja paljon helpommalta kuin Euromillionsissa, jossa todenn\u00e4k\u00f6isyys on 1:76.275.360.<\/p>\n<h2>El Gordon eniten voitetut numerot<\/h2>\n<p>Ensimm\u00e4isest\u00e4 arvonnasta l\u00e4htien 10 yleisimmin erotettua voittonumeroa ovat nousevassa j\u00e4rjestyksess\u00e4 seuraavat: 3, 6, 18, 21, 23, 11, 34, 27, 9 ja 4.<\/p>\n<p>Toisaalta numerot, jotka esiintyv\u00e4t arvonnassa kaikkein harvimmin, ovat: 52, 50, 54, 51, 49, 46, 48, 47, 43 ja 53.<\/p>\n<p>Eik\u00f6 olekin outoa? Numeroilla, joiden todenn\u00e4k\u00f6isyys nousta arvontaan on v\u00e4hiten suuri, n\u00e4ytt\u00e4\u00e4 olevan suurempi arvo.<\/p>\n","protected":false},"excerpt":{"rendered":"<p>El Gordo de la Primitivan loi espanjalainen Loterias y Apuestas del Estado (LAE) t\u00e4ydent\u00e4m\u00e4\u00e4n kahta muuta lottopeli\u00e4 (Primitiva ja BonoLoto). Ensimm\u00e4inen arvonta suoritettiin 31. lokakuuta 1993, ja ep\u00e4tavallisesta syyst\u00e4 vain yksi kuukausittainen arvonta suoritettiin kuukauden viimeisen\u00e4 sunnuntaina. Aloitushinta oli 500 pesetaa (nyky\u00e4\u00e4n vastaava hinta on 3,00 euroa), ja pelaajille annettiin kaksinkertainen mahdollisuus osallistua peliin. Voit [&hellip;]<\/p>\n","protected":false},"author":2,"featured_media":0,"parent":16745,"menu_order":6,"comment_status":"closed","ping_status":"closed","template":"el-gordo-info.php","meta":{"_et_pb_use_builder":"","_et_pb_old_content":"","_et_gb_content_width":"","exclude_from_search":false,"footnotes":""},"class_list":["post-16813","page","type-page","status-publish","hentry"],"yoast_head":"<!-- This site is optimized with the Yoast SEO plugin v23.7 - https:\/\/yoast.com\/wordpress\/plugins\/seo\/ -->\n<title>Tietoja El Gordo de la Primitiva - Lottohoy -arvonnasta.<\/title>\n<meta name=\"description\" content=\"Kaikki mit\u00e4 sinun tarvitsee tiet\u00e4\u00e4 El Gordo de la Primitivasta, yhdest\u00e4 Espanjan tunnetuimmista arpajaisista, l\u00f6ytyy arpajaisoppaastamme.\" \/>\n<meta name=\"robots\" content=\"index, follow, max-snippet:-1, max-image-preview:large, max-video-preview:-1\" \/>\n<link rel=\"canonical\" href=\"https:\/\/lottohoy.com\/fi\/online-arpajaiset-faq\/tietoja-el-gordo-de-la-primitiva-hotellista\/\" \/>\n<meta property=\"og:locale\" content=\"fi_FI\" \/>\n<meta property=\"og:type\" content=\"article\" \/>\n<meta property=\"og:title\" content=\"Tietoja El Gordo de la Primitiva - Lottohoy -arvonnasta.\" \/>\n<meta property=\"og:description\" content=\"Kaikki mit\u00e4 sinun tarvitsee tiet\u00e4\u00e4 El Gordo de la Primitivasta, yhdest\u00e4 Espanjan tunnetuimmista arpajaisista, l\u00f6ytyy arpajaisoppaastamme.\" \/>\n<meta property=\"og:url\" content=\"https:\/\/lottohoy.com\/fi\/online-arpajaiset-faq\/tietoja-el-gordo-de-la-primitiva-hotellista\/\" \/>\n<meta property=\"og:site_name\" content=\"Lottohoy\" \/>\n<meta name=\"twitter:card\" content=\"summary_large_image\" \/>\n<meta name=\"twitter:label1\" content=\"Arvioitu lukuaika\" \/>\n\t<meta name=\"twitter:data1\" content=\"2 minuuttia\" \/>\n<script type=\"application\/ld+json\" class=\"yoast-schema-graph\">{\"@context\":\"https:\/\/schema.org\",\"@graph\":[{\"@type\":\"WebPage\",\"@id\":\"https:\/\/lottohoy.com\/fi\/online-arpajaiset-faq\/tietoja-el-gordo-de-la-primitiva-hotellista\/\",\"url\":\"https:\/\/lottohoy.com\/fi\/online-arpajaiset-faq\/tietoja-el-gordo-de-la-primitiva-hotellista\/\",\"name\":\"Tietoja El Gordo de la Primitiva - Lottohoy -arvonnasta.\",\"isPartOf\":{\"@id\":\"https:\/\/lottohoy.com\/fi\/#website\"},\"datePublished\":\"2019-02-13T18:30:53+00:00\",\"dateModified\":\"2019-02-13T18:30:53+00:00\",\"description\":\"Kaikki mit\u00e4 sinun tarvitsee tiet\u00e4\u00e4 El Gordo de la Primitivasta, yhdest\u00e4 Espanjan tunnetuimmista arpajaisista, l\u00f6ytyy arpajaisoppaastamme.\",\"breadcrumb\":{\"@id\":\"https:\/\/lottohoy.com\/fi\/online-arpajaiset-faq\/tietoja-el-gordo-de-la-primitiva-hotellista\/#breadcrumb\"},\"inLanguage\":\"fi\",\"potentialAction\":[{\"@type\":\"ReadAction\",\"target\":[\"https:\/\/lottohoy.com\/fi\/online-arpajaiset-faq\/tietoja-el-gordo-de-la-primitiva-hotellista\/\"]}]},{\"@type\":\"BreadcrumbList\",\"@id\":\"https:\/\/lottohoy.com\/fi\/online-arpajaiset-faq\/tietoja-el-gordo-de-la-primitiva-hotellista\/#breadcrumb\",\"itemListElement\":[{\"@type\":\"ListItem\",\"position\":1,\"name\":\"Home\",\"item\":\"https:\/\/lottohoy.com\/fi\/\"},{\"@type\":\"ListItem\",\"position\":2,\"name\":\"Online arpajaiset FAQ\",\"item\":\"https:\/\/lottohoy.com\/fi\/online-arpajaiset-faq\/\"},{\"@type\":\"ListItem\",\"position\":3,\"name\":\"Tietoja El Gordo de la Primitiva -hotellista\"}]},{\"@type\":\"WebSite\",\"@id\":\"https:\/\/lottohoy.com\/fi\/#website\",\"url\":\"https:\/\/lottohoy.com\/fi\/\",\"name\":\"Lottohoy\",\"description\":\"\",\"potentialAction\":[{\"@type\":\"SearchAction\",\"target\":{\"@type\":\"EntryPoint\",\"urlTemplate\":\"https:\/\/lottohoy.com\/fi\/?s={search_term_string}\"},\"query-input\":{\"@type\":\"PropertyValueSpecification\",\"valueRequired\":true,\"valueName\":\"search_term_string\"}}],\"inLanguage\":\"fi\"}]}<\/script>\n<!-- \/ Yoast SEO plugin. -->","yoast_head_json":{"title":"Tietoja El Gordo de la Primitiva - Lottohoy -arvonnasta.","description":"Kaikki mit\u00e4 sinun tarvitsee tiet\u00e4\u00e4 El Gordo de la Primitivasta, yhdest\u00e4 Espanjan tunnetuimmista arpajaisista, l\u00f6ytyy arpajaisoppaastamme.","robots":{"index":"index","follow":"follow","max-snippet":"max-snippet:-1","max-image-preview":"max-image-preview:large","max-video-preview":"max-video-preview:-1"},"canonical":"https:\/\/lottohoy.com\/fi\/online-arpajaiset-faq\/tietoja-el-gordo-de-la-primitiva-hotellista\/","og_locale":"fi_FI","og_type":"article","og_title":"Tietoja El Gordo de la Primitiva - Lottohoy -arvonnasta.","og_description":"Kaikki mit\u00e4 sinun tarvitsee tiet\u00e4\u00e4 El Gordo de la Primitivasta, yhdest\u00e4 Espanjan tunnetuimmista arpajaisista, l\u00f6ytyy arpajaisoppaastamme.","og_url":"https:\/\/lottohoy.com\/fi\/online-arpajaiset-faq\/tietoja-el-gordo-de-la-primitiva-hotellista\/","og_site_name":"Lottohoy","twitter_card":"summary_large_image","twitter_misc":{"Arvioitu lukuaika":"2 minuuttia"},"schema":{"@context":"https:\/\/schema.org","@graph":[{"@type":"WebPage","@id":"https:\/\/lottohoy.com\/fi\/online-arpajaiset-faq\/tietoja-el-gordo-de-la-primitiva-hotellista\/","url":"https:\/\/lottohoy.com\/fi\/online-arpajaiset-faq\/tietoja-el-gordo-de-la-primitiva-hotellista\/","name":"Tietoja El Gordo de la Primitiva - Lottohoy -arvonnasta.","isPartOf":{"@id":"https:\/\/lottohoy.com\/fi\/#website"},"datePublished":"2019-02-13T18:30:53+00:00","dateModified":"2019-02-13T18:30:53+00:00","description":"Kaikki mit\u00e4 sinun tarvitsee tiet\u00e4\u00e4 El Gordo de la Primitivasta, yhdest\u00e4 Espanjan tunnetuimmista arpajaisista, l\u00f6ytyy arpajaisoppaastamme.","breadcrumb":{"@id":"https:\/\/lottohoy.com\/fi\/online-arpajaiset-faq\/tietoja-el-gordo-de-la-primitiva-hotellista\/#breadcrumb"},"inLanguage":"fi","potentialAction":[{"@type":"ReadAction","target":["https:\/\/lottohoy.com\/fi\/online-arpajaiset-faq\/tietoja-el-gordo-de-la-primitiva-hotellista\/"]}]},{"@type":"BreadcrumbList","@id":"https:\/\/lottohoy.com\/fi\/online-arpajaiset-faq\/tietoja-el-gordo-de-la-primitiva-hotellista\/#breadcrumb","itemListElement":[{"@type":"ListItem","position":1,"name":"Home","item":"https:\/\/lottohoy.com\/fi\/"},{"@type":"ListItem","position":2,"name":"Online arpajaiset FAQ","item":"https:\/\/lottohoy.com\/fi\/online-arpajaiset-faq\/"},{"@type":"ListItem","position":3,"name":"Tietoja El Gordo de la Primitiva -hotellista"}]},{"@type":"WebSite","@id":"https:\/\/lottohoy.com\/fi\/#website","url":"https:\/\/lottohoy.com\/fi\/","name":"Lottohoy","description":"","potentialAction":[{"@type":"SearchAction","target":{"@type":"EntryPoint","urlTemplate":"https:\/\/lottohoy.com\/fi\/?s={search_term_string}"},"query-input":{"@type":"PropertyValueSpecification","valueRequired":true,"valueName":"search_term_string"}}],"inLanguage":"fi"}]}},"_links":{"self":[{"href":"https:\/\/lottohoy.com\/fi\/wp-json\/wp\/v2\/pages\/16813","targetHints":{"allow":["GET"]}}],"collection":[{"href":"https:\/\/lottohoy.com\/fi\/wp-json\/wp\/v2\/pages"}],"about":[{"href":"https:\/\/lottohoy.com\/fi\/wp-json\/wp\/v2\/types\/page"}],"author":[{"embeddable":true,"href":"https:\/\/lottohoy.com\/fi\/wp-json\/wp\/v2\/users\/2"}],"replies":[{"embeddable":true,"href":"https:\/\/lottohoy.com\/fi\/wp-json\/wp\/v2\/comments?post=16813"}],"version-history":[{"count":0,"href":"https:\/\/lottohoy.com\/fi\/wp-json\/wp\/v2\/pages\/16813\/revisions"}],"up":[{"embeddable":true,"href":"https:\/\/lottohoy.com\/fi\/wp-json\/wp\/v2\/pages\/16745"}],"wp:attachment":[{"href":"https:\/\/lottohoy.com\/fi\/wp-json\/wp\/v2\/media?parent=16813"}],"curies":[{"name":"wp","href":"https:\/\/api.w.org\/{rel}","templated":true}]}}