{"id":16804,"date":"2018-05-03T14:23:35","date_gmt":"2018-05-03T13:23:35","guid":{"rendered":"https:\/\/lottohoy.com\/?page_id=16804"},"modified":"2025-03-25T12:50:50","modified_gmt":"2025-03-25T12:50:50","slug":"superenalotto-arpajaiset-faq","status":"publish","type":"page","link":"https:\/\/lottohoy.com\/fi\/online-arpajaiset-faq\/superenalotto-arpajaiset-faq\/","title":{"rendered":"SuperEnalotto arpajaiset FAQ"},"content":{"rendered":"<h2><strong>SuperEnalotto Italia<\/strong><\/h2>\n<p>SuperEnalotto on ollut olemassa vuodesta 1997, jolloin se korvasi edelt\u00e4j\u00e4ns\u00e4 Enaloton. Alussa voittoyhdistelm\u00e4n valinta oli varsin monimutkainen, sill\u00e4 se perustui ensimm\u00e4isen pallon poimimiseen jokaisesta rummusta, jota vietettiin Barin, Firenzen, Milanon, Rooman, Napolin ja Palermon kaupungeissa.<\/p>\n<p>Toisin sanoen kukin n\u00e4ist\u00e4 kaupungeista j\u00e4rjesti oman arpajaisensa, ja jokaisesta rummusta poimittu ensimm\u00e4inen pallo muodosti SuperEnaloton voittoyhdistelm\u00e4n. Jos yksi palloista oli saanut saman numeron kuin jokin muu rumpu, t\u00e4m\u00e4 pallo korvattiin toisella, kolmannella jne. pallolla.<\/p>\n<p>Koko pelin t\u00e4ydent\u00e4miseksi Venetsian rummusta otettu ensimm\u00e4inen pallo sai luokan Jolly, kun taas Supert\u00e4hden m\u00e4\u00e4ritt\u00e4miseksi valittiin ensimm\u00e4inen kansallisesta rummusta otettu pallo.<\/p>\n<p>Kaikki t\u00e4m\u00e4 monimutkaisuus yksinkertaistettiin vuonna 2009 uudella s\u00e4\u00e4nn\u00f6ll\u00e4, jossa pallot haettiin suoraan kahdesta ainutlaatuisesta rummusta. Toinen niist\u00e4 sis\u00e4lt\u00e4\u00e4 pallot, jotka m\u00e4\u00e4rittelev\u00e4t kuuden numeron yhdistelm\u00e4n ja seitsem\u00e4nnen pallon Jolly-luokkaa varten, ja toisesta poimitaan pallo Supert\u00e4hte\u00e4 varten.<\/p>\n<h2><strong>Miten SuperEnalotto toimii?<\/strong><\/h2>\n<p>SuperEnalotto on yksi yksinkertaisimmista lotoista pelata. Sinun tarvitsee vain valita 6 numeroa v\u00e4lilt\u00e4 1-90 ja odottaa tuloksia.<\/p>\n<p>Jotta voit pelata LottoHoy:ssa, sinun tarvitsee vain luoda tili ja menn\u00e4 <a href=\"https:\/\/lottohoy.com\/play\/superenalotto\/\"><strong>pelaamaan Superenalotto-sivulle<\/strong><\/a> ja valita suosikkiyhdistelm\u00e4si. Sitten arvonnan j\u00e4lkeen saat tiedon voittonumeroista, ja palkintosi hyvitet\u00e4\u00e4n k\u00e4ytt\u00e4j\u00e4tilillesi.<\/p>\n<h2><strong>Milloin SuperEnalotto arvotaan?<\/strong><\/h2>\n<p>Superenalotto arvotaan kolme kertaa viikossa: Tiistaina, torstaina ja lauantaina, ja ne j\u00e4rjestet\u00e4\u00e4n klo 20:00 CET.<\/p>\n<p>Jos arvontap\u00e4iv\u00e4 on pyh\u00e4p\u00e4iv\u00e4, p\u00e4iv\u00e4m\u00e4\u00e4r\u00e4\u00e4 voidaan muuttaa. T\u00e4st\u00e4 ilmoitetaan etuk\u00e4teen.<\/p>\n<h2><strong>Kuinka pelata SuperEnalottoa verkossa<\/strong><\/h2>\n<p>SuperEnaloton pelaamisessa verkossa on paljon etuja:<\/p>\n<ul>\n<li>Yksi Superenaloton pelaamisen suurista eduista verkossa on se, ett\u00e4 voit pelata sit\u00e4 mihin vuorokauden aikaan tahansa, 24\/7, 365 p\u00e4iv\u00e4\u00e4 vuodessa. Pelk\u00e4st\u00e4\u00e4n mobiililaitteella, tabletilla tai tietokoneella ja mist\u00e4 p\u00e4in maailmaa tahansa.<\/li>\n<li>Muualla kuin Italiassa asuvilla on LottoHoy.comin kautta todellinen mahdollisuus p\u00e4\u00e4st\u00e4 osalliseksi t\u00e4h\u00e4n mehukkaaseen lottoon ja sen suuriin j\u00e4ttipotteihin.<\/li>\n<li>Lottokuponki ostetaan suoraan valtuutetulta toimipaikalta, ja n\u00e4in osallistuminen on todellista. Tai vakuutuksen kautta.<\/li>\n<li>Saat voittosi heti <a href=\"https:\/\/lottohoy.com\/results\/superenalotto\/\"><strong>Superenaloton tulosten<\/strong><\/a> julkaisemisen j\u00e4lkeen.<\/li>\n<li>Tietoa kaikista suoritetuista operaatioista.<\/li>\n<li>Ostettujen lippujen s\u00e4ilytys, jolloin v\u00e4ltyt\u00e4\u00e4n mahdollisilta tappioilta tai huolimattomuudelta.<\/li>\n<li>T\u00e4sm\u00e4llinen tiedottaminen kaikista j\u00e4ttipoteista, kun ne py\u00f6riv\u00e4t, jotta et menet\u00e4 tilaisuutta osallistua niihin.<\/li>\n<li>Laaja valikoima erilaisia maksutapoja.<\/li>\n<\/ul>\n<h2><strong>Kuinka paljon SuperEnalotto maksaa?<\/strong><\/h2>\n<p>LottoHoyssa voit pelata SuperEnalottoa alkaen 2 \u20ac. T\u00e4m\u00e4 on paras hinta internetiss\u00e4, jotta saat turvallisen ja nopean kokemuksen.<\/p>\n<h2><strong>Todenn\u00e4k\u00f6isyydet voittaa palkinto SuperEnalottossa<\/strong><\/h2>\n<p>Tarkista kussakin kategoriassa voitettavan rahasumman keskiarvo sek\u00e4 tilastollinen todenn\u00e4k\u00f6isyys osua johonkin palkintoon.<\/p>\n","protected":false},"excerpt":{"rendered":"<p>SuperEnalotto Italia SuperEnalotto on ollut olemassa vuodesta 1997, jolloin se korvasi edelt\u00e4j\u00e4ns\u00e4 Enaloton. Alussa voittoyhdistelm\u00e4n valinta oli varsin monimutkainen, sill\u00e4 se perustui ensimm\u00e4isen pallon poimimiseen jokaisesta rummusta, jota vietettiin Barin, Firenzen, Milanon, Rooman, Napolin ja Palermon kaupungeissa. Toisin sanoen kukin n\u00e4ist\u00e4 kaupungeista j\u00e4rjesti oman arpajaisensa, ja jokaisesta rummusta poimittu ensimm\u00e4inen pallo muodosti SuperEnaloton voittoyhdistelm\u00e4n. Jos [&hellip;]<\/p>\n","protected":false},"author":7,"featured_media":0,"parent":16745,"menu_order":5,"comment_status":"closed","ping_status":"closed","template":"superenalotto-info.php","meta":{"_et_pb_use_builder":"","_et_pb_old_content":"","_et_gb_content_width":"","exclude_from_search":false,"footnotes":""},"class_list":["post-16804","page","type-page","status-publish","hentry"],"yoast_head":"<!-- This site is optimized with the Yoast SEO plugin v23.7 - https:\/\/yoast.com\/wordpress\/plugins\/seo\/ -->\n<title>\u25b7 SuperEnalotto UKK - Italian suurin lottopeli<\/title>\n<meta name=\"description\" content=\"SuperEnalotto on yksi parhaista lotoista pelata. Valitse vain 6 numeroa v\u00e4lilt\u00e4 1-90 ja odota tuloksia. Kokeile sit\u00e4 verkossa nyt!\" \/>\n<meta name=\"robots\" content=\"index, follow, max-snippet:-1, max-image-preview:large, max-video-preview:-1\" \/>\n<link rel=\"canonical\" href=\"https:\/\/lottohoy.com\/fi\/online-arpajaiset-faq\/superenalotto-arpajaiset-faq\/\" \/>\n<meta property=\"og:locale\" content=\"fi_FI\" \/>\n<meta property=\"og:type\" content=\"article\" \/>\n<meta property=\"og:title\" content=\"\u25b7 SuperEnalotto UKK - Italian suurin lottopeli\" \/>\n<meta property=\"og:description\" content=\"SuperEnalotto on yksi parhaista lotoista pelata. Valitse vain 6 numeroa v\u00e4lilt\u00e4 1-90 ja odota tuloksia. Kokeile sit\u00e4 verkossa nyt!\" \/>\n<meta property=\"og:url\" content=\"https:\/\/lottohoy.com\/fi\/online-arpajaiset-faq\/superenalotto-arpajaiset-faq\/\" \/>\n<meta property=\"og:site_name\" content=\"Lottohoy\" \/>\n<meta property=\"article:modified_time\" content=\"2025-03-25T12:50:50+00:00\" \/>\n<meta name=\"twitter:card\" content=\"summary_large_image\" \/>\n<meta name=\"twitter:label1\" content=\"Arvioitu lukuaika\" \/>\n\t<meta name=\"twitter:data1\" content=\"2 minuuttia\" \/>\n<script type=\"application\/ld+json\" class=\"yoast-schema-graph\">{\"@context\":\"https:\/\/schema.org\",\"@graph\":[{\"@type\":\"WebPage\",\"@id\":\"https:\/\/lottohoy.com\/fi\/online-arpajaiset-faq\/superenalotto-arpajaiset-faq\/\",\"url\":\"https:\/\/lottohoy.com\/fi\/online-arpajaiset-faq\/superenalotto-arpajaiset-faq\/\",\"name\":\"\u25b7 SuperEnalotto UKK - Italian suurin lottopeli\",\"isPartOf\":{\"@id\":\"https:\/\/lottohoy.com\/fi\/#website\"},\"datePublished\":\"2018-05-03T13:23:35+00:00\",\"dateModified\":\"2025-03-25T12:50:50+00:00\",\"description\":\"SuperEnalotto on yksi parhaista lotoista pelata. Valitse vain 6 numeroa v\u00e4lilt\u00e4 1-90 ja odota tuloksia. Kokeile sit\u00e4 verkossa nyt!\",\"breadcrumb\":{\"@id\":\"https:\/\/lottohoy.com\/fi\/online-arpajaiset-faq\/superenalotto-arpajaiset-faq\/#breadcrumb\"},\"inLanguage\":\"fi\",\"potentialAction\":[{\"@type\":\"ReadAction\",\"target\":[\"https:\/\/lottohoy.com\/fi\/online-arpajaiset-faq\/superenalotto-arpajaiset-faq\/\"]}]},{\"@type\":\"BreadcrumbList\",\"@id\":\"https:\/\/lottohoy.com\/fi\/online-arpajaiset-faq\/superenalotto-arpajaiset-faq\/#breadcrumb\",\"itemListElement\":[{\"@type\":\"ListItem\",\"position\":1,\"name\":\"Home\",\"item\":\"https:\/\/lottohoy.com\/fi\/\"},{\"@type\":\"ListItem\",\"position\":2,\"name\":\"Online arpajaiset FAQ\",\"item\":\"https:\/\/lottohoy.com\/fi\/online-arpajaiset-faq\/\"},{\"@type\":\"ListItem\",\"position\":3,\"name\":\"SuperEnalotto arpajaiset FAQ\"}]},{\"@type\":\"WebSite\",\"@id\":\"https:\/\/lottohoy.com\/fi\/#website\",\"url\":\"https:\/\/lottohoy.com\/fi\/\",\"name\":\"Lottohoy\",\"description\":\"\",\"potentialAction\":[{\"@type\":\"SearchAction\",\"target\":{\"@type\":\"EntryPoint\",\"urlTemplate\":\"https:\/\/lottohoy.com\/fi\/?s={search_term_string}\"},\"query-input\":{\"@type\":\"PropertyValueSpecification\",\"valueRequired\":true,\"valueName\":\"search_term_string\"}}],\"inLanguage\":\"fi\"}]}<\/script>\n<!-- \/ Yoast SEO plugin. -->","yoast_head_json":{"title":"\u25b7 SuperEnalotto UKK - Italian suurin lottopeli","description":"SuperEnalotto on yksi parhaista lotoista pelata. Valitse vain 6 numeroa v\u00e4lilt\u00e4 1-90 ja odota tuloksia. Kokeile sit\u00e4 verkossa nyt!","robots":{"index":"index","follow":"follow","max-snippet":"max-snippet:-1","max-image-preview":"max-image-preview:large","max-video-preview":"max-video-preview:-1"},"canonical":"https:\/\/lottohoy.com\/fi\/online-arpajaiset-faq\/superenalotto-arpajaiset-faq\/","og_locale":"fi_FI","og_type":"article","og_title":"\u25b7 SuperEnalotto UKK - Italian suurin lottopeli","og_description":"SuperEnalotto on yksi parhaista lotoista pelata. Valitse vain 6 numeroa v\u00e4lilt\u00e4 1-90 ja odota tuloksia. Kokeile sit\u00e4 verkossa nyt!","og_url":"https:\/\/lottohoy.com\/fi\/online-arpajaiset-faq\/superenalotto-arpajaiset-faq\/","og_site_name":"Lottohoy","article_modified_time":"2025-03-25T12:50:50+00:00","twitter_card":"summary_large_image","twitter_misc":{"Arvioitu lukuaika":"2 minuuttia"},"schema":{"@context":"https:\/\/schema.org","@graph":[{"@type":"WebPage","@id":"https:\/\/lottohoy.com\/fi\/online-arpajaiset-faq\/superenalotto-arpajaiset-faq\/","url":"https:\/\/lottohoy.com\/fi\/online-arpajaiset-faq\/superenalotto-arpajaiset-faq\/","name":"\u25b7 SuperEnalotto UKK - Italian suurin lottopeli","isPartOf":{"@id":"https:\/\/lottohoy.com\/fi\/#website"},"datePublished":"2018-05-03T13:23:35+00:00","dateModified":"2025-03-25T12:50:50+00:00","description":"SuperEnalotto on yksi parhaista lotoista pelata. Valitse vain 6 numeroa v\u00e4lilt\u00e4 1-90 ja odota tuloksia. Kokeile sit\u00e4 verkossa nyt!","breadcrumb":{"@id":"https:\/\/lottohoy.com\/fi\/online-arpajaiset-faq\/superenalotto-arpajaiset-faq\/#breadcrumb"},"inLanguage":"fi","potentialAction":[{"@type":"ReadAction","target":["https:\/\/lottohoy.com\/fi\/online-arpajaiset-faq\/superenalotto-arpajaiset-faq\/"]}]},{"@type":"BreadcrumbList","@id":"https:\/\/lottohoy.com\/fi\/online-arpajaiset-faq\/superenalotto-arpajaiset-faq\/#breadcrumb","itemListElement":[{"@type":"ListItem","position":1,"name":"Home","item":"https:\/\/lottohoy.com\/fi\/"},{"@type":"ListItem","position":2,"name":"Online arpajaiset FAQ","item":"https:\/\/lottohoy.com\/fi\/online-arpajaiset-faq\/"},{"@type":"ListItem","position":3,"name":"SuperEnalotto arpajaiset FAQ"}]},{"@type":"WebSite","@id":"https:\/\/lottohoy.com\/fi\/#website","url":"https:\/\/lottohoy.com\/fi\/","name":"Lottohoy","description":"","potentialAction":[{"@type":"SearchAction","target":{"@type":"EntryPoint","urlTemplate":"https:\/\/lottohoy.com\/fi\/?s={search_term_string}"},"query-input":{"@type":"PropertyValueSpecification","valueRequired":true,"valueName":"search_term_string"}}],"inLanguage":"fi"}]}},"_links":{"self":[{"href":"https:\/\/lottohoy.com\/fi\/wp-json\/wp\/v2\/pages\/16804","targetHints":{"allow":["GET"]}}],"collection":[{"href":"https:\/\/lottohoy.com\/fi\/wp-json\/wp\/v2\/pages"}],"about":[{"href":"https:\/\/lottohoy.com\/fi\/wp-json\/wp\/v2\/types\/page"}],"author":[{"embeddable":true,"href":"https:\/\/lottohoy.com\/fi\/wp-json\/wp\/v2\/users\/7"}],"replies":[{"embeddable":true,"href":"https:\/\/lottohoy.com\/fi\/wp-json\/wp\/v2\/comments?post=16804"}],"version-history":[{"count":1,"href":"https:\/\/lottohoy.com\/fi\/wp-json\/wp\/v2\/pages\/16804\/revisions"}],"predecessor-version":[{"id":16805,"href":"https:\/\/lottohoy.com\/fi\/wp-json\/wp\/v2\/pages\/16804\/revisions\/16805"}],"up":[{"embeddable":true,"href":"https:\/\/lottohoy.com\/fi\/wp-json\/wp\/v2\/pages\/16745"}],"wp:attachment":[{"href":"https:\/\/lottohoy.com\/fi\/wp-json\/wp\/v2\/media?parent=16804"}],"curies":[{"name":"wp","href":"https:\/\/api.w.org\/{rel}","templated":true}]}}