{"id":16793,"date":"2018-05-03T14:23:33","date_gmt":"2018-05-03T13:23:33","guid":{"rendered":"https:\/\/lottohoy.com\/online-arpajaiset-faq\/eurojackpot-arpajaiset-faq\/"},"modified":"2018-05-03T14:23:33","modified_gmt":"2018-05-03T13:23:33","slug":"eurojackpot-arpajaiset-faq","status":"publish","type":"page","link":"https:\/\/lottohoy.com\/fi\/online-arpajaiset-faq\/eurojackpot-arpajaiset-faq\/","title":{"rendered":"Eurojackpot arpajaiset FAQ"},"content":{"rendered":"<p>Eurojackpot-peli on ollut k\u00e4ynniss\u00e4 vuodesta 2012, ja siihen osallistuu 17 Euroopan maata. Arvonta suoritetaan joka tiistai ja perjantai; voit ostaa lippuja sek\u00e4 henkil\u00f6kohtaisesti ett\u00e4 verkossa pelaamalla kanssamme.<\/p>\n<h2><strong>ONCE Eurojackpot-arpajaiset<\/strong><\/h2>\n<p>Espanjan Eurojackpot-arpajaiset yhdistet\u00e4\u00e4n yleens\u00e4 ONCEen (Espanjan kansallinen sokeainj\u00e4rjest\u00f6), sill\u00e4 se on yksi arpajaisiin osallistuvista j\u00e4rjest\u00f6ist\u00e4.<\/p>\n<p>Vuonna 2005 <a href=\"https:\/\/lottohoy.com\/play\/euromillions\/\"><strong>Euromillions-arpajaisten<\/strong><\/a>kasvavan menestyksen seurauksena alkoi hahmottua mahdollisuus luoda uusi eurooppalainen arpajaiset. Mutta vasta <strong>vuonna 2011<\/strong> p\u00e4\u00e4stiin lopulliseen sopimukseen Eurojackpotin k\u00e4ynnist\u00e4misest\u00e4.<\/p>\n<p>Sopimuksen allekirjoittivat aluksi Saksa, Tanska, Viro, Slovenia, Suomi, Alankomaat ja Slovenia. My\u00f6hemmin Italia liittyi mukaan, ja vasta <sup>30<\/sup>. kes\u00e4kuuta 2012 Espanja liittyi mukaan.<\/p>\n<p>Helmikuussa 2013 osallistujamaat, jotka liittyiv\u00e4t, olivat Kroatia, Islanti, Latvia, Liettua, Norja ja Ruotsi. Lokakuussa 2014 mukaan tulivat Unkari ja T\u0161ekki, vuonna 2015 Slovakia ja lopulta Puola vuonna 2017, jolloin <strong>Eurojackpotiin osallistuu<\/strong> nyt <strong>18 maata<\/strong>.<\/p>\n<p>Eurojackpot eroaa Euromillionsin kaltaisista arpajaisista l\u00e4hinn\u00e4 siin\u00e4, ett\u00e4 sen enimm\u00e4isj\u00e4ttipotti on <strong>120 miljoonaa<\/strong> euroa, toisin kuin EuroMillionsin, jonka enimm\u00e4isvoitto on 250 miljoonaa euroa.<\/p>\n<h2><strong>Kuinka pelata Eurojackpotia verkossa<\/strong><\/h2>\n<p><strong>Eurojackpot-arpajaisten<\/strong> pelaaminen LottoHoyssa on todella helppoa. Sinun tarvitsee vain noudattaa n\u00e4it\u00e4 ohjeita:<\/p>\n<ul>\n<li style=\"list-style-type: none;\">\n<ul>\n<li>Mene <a href=\"https:\/\/lottohoy.com\/play\/eurojackpot\/\"><strong>Eurojackpotin pelaaminen<\/strong><\/a> -sivulle.<\/li>\n<li>Valitse <strong>viisi numeroa<\/strong> v\u00e4lilt\u00e4 1-50<\/li>\n<li>Valitse <strong>kaksi numeroa<\/strong> v\u00e4lilt\u00e4 1-10<\/li>\n<li>Suorita maksusi<\/li>\n<li>Odota seuraavaa Eurojackpot-arvontaan ja sinusta voi tulla miljon\u00e4\u00e4ri!<\/li>\n<\/ul>\n<\/li>\n<\/ul>\n<p>Mutta ensin sinun on <a href=\"https:\/\/lottohoy.com\/signup\/\">avattava tilisi<\/a> Lottohoyssa!<\/p>\n<h2><strong>Milloin Eurojackpot arvotaan?<\/strong><\/h2>\n<p>Eurojackpot arvotaan <strong>tiistaisin ja perjantaisin klo 21:00 GMT<\/strong>, ja se j\u00e4rjestet\u00e4\u00e4n Helsingiss\u00e4. Monet maat l\u00e4hett\u00e4v\u00e4t ohjelman suorana l\u00e4hetyksen\u00e4, ja toiset, kuten Espanja, jossa se televisioidaan perjantaisin klo 22:15 alkaen.<\/p>\n<h2><strong>Eurojackpot Hinta<\/strong><\/h2>\n<p>Kunkin Eurojackpot-lipun virallinen hinta 16:ssa niist\u00e4 18 maasta, jotka osallistuvat t\u00e4h\u00e4n eurooppalaiseen arvontaan, on 2 euroa (Islannissa ja Norjassa hinta lasketaan niiden omassa valuutassa).<\/p>\n<p>LottoHoy.comissa voit pelata Eurojackpotia alkaen 3,5 \u20ac (mahdollisesti alhaisin hinta verrattuna muihin online-arpajaisfoorumeihin).<\/p>\n<p><strong>Eurojackpot Hinta <\/strong>2 \u20ac<\/p>\n<p><strong>Eurojackpot Hinta verkossa <\/strong>3,50 \u20ac<\/p>\n<h2>Eurojackpot vs. muut lotot<\/h2>\n<p>Jos katsot alla olevaa taulukkoa, saat tiet\u00e4\u00e4 <strong>, miksi Eurojackpot on niin kuuluisa<\/strong> lottoharrastajien keskuudessa.<\/p>\n<p><b>Lotto Hinta Online Hinta Jackpot Kertoimet<\/b><\/p>\n<p>Eurojackpot 2,00 \u20ac 3,00 \u20ac 120.000.000 \u20ac 1 in 95.344.200 \u20ac 1 in 95.344.200<\/p>\n<p>Euromillions 2,50 \u20ac 3,30 \u20ac 250.000.000 \u20ac 1 in 139.838.160 1:139.838.160<\/p>\n<p>SuperEnalotto 1,00 \u20ac 3,00 \u20ac No limit 1 in 622.614.630 1 in 622.614.630<\/p>\n<p>PowerBall US 2,00 $ 3,00 \u20ac Ei rajaa 1 in 292.201.338<\/p>\n<p>MegaMillions 2,00 $ 3,00 \u20ac Ei rajoitusta 1 in 302.575.350<\/p>\n<p>La Primitiva 1,00 \u20ac 2,00 \u20ac Ei rajoitusta 1 vuonna 139.838.160<\/p>\n<p>PowerBall AU 1,20 $ 1,50 \u20ac Ei rajoitusta 1 kohteessa 134.490.400.<\/p>\n<p>UK Lottery 2,00 \u00a3 4,00 \u20ac 22.000.000 \u00a3 1 in 45.057.474<\/p>\n<p>Eurojackpot tarjoaa paitsi mahdollisuuden voittaa <a href=\"https:\/\/lottohoy.com\/jackpots\/\">suuria j\u00e4ttipotteja<\/a>, my\u00f6s joitakin <strong>parhaista kertoimista<\/strong> verrattuna muihin arpajaisiin.<\/p>\n<h2><strong>Eurojackpotin voittokertoimet voittajalle<\/strong><\/h2>\n<p>Olemme koonneet yhteen todelliset todenn\u00e4k\u00f6isyydet voittaa kussakin palkintoluokassa. N\u00e4et my\u00f6s jaettujen palkintojen prosenttiosuuden ja arvioidun rahasumman kullakin tasolla <a href=\"https:\/\/lottohoy.com\/results\/eurojackpot\/\">Eurojackpot-tuloksissa.<\/a><\/p>\n","protected":false},"excerpt":{"rendered":"<p>Eurojackpot-peli on ollut k\u00e4ynniss\u00e4 vuodesta 2012, ja siihen osallistuu 17 Euroopan maata. Arvonta suoritetaan joka tiistai ja perjantai; voit ostaa lippuja sek\u00e4 henkil\u00f6kohtaisesti ett\u00e4 verkossa pelaamalla kanssamme. ONCE Eurojackpot-arpajaiset Espanjan Eurojackpot-arpajaiset yhdistet\u00e4\u00e4n yleens\u00e4 ONCEen (Espanjan kansallinen sokeainj\u00e4rjest\u00f6), sill\u00e4 se on yksi arpajaisiin osallistuvista j\u00e4rjest\u00f6ist\u00e4. Vuonna 2005 Euromillions-arpajaistenkasvavan menestyksen seurauksena alkoi hahmottua mahdollisuus luoda uusi eurooppalainen [&hellip;]<\/p>\n","protected":false},"author":2,"featured_media":0,"parent":16745,"menu_order":4,"comment_status":"closed","ping_status":"closed","template":"eurojackpot-info.php","meta":{"_et_pb_use_builder":"","_et_pb_old_content":"","_et_gb_content_width":"","exclude_from_search":false,"footnotes":""},"class_list":["post-16793","page","type-page","status-publish","hentry"],"yoast_head":"<!-- This site is optimized with the Yoast SEO plugin v23.7 - https:\/\/yoast.com\/wordpress\/plugins\/seo\/ -->\n<title>\u25b7 Eurojackpot Online\u3010Play Online Lottery\u3011- Lottohoy<\/title>\n<meta name=\"description\" content=\"Eurojackpot on yksi parhaista arpajaisista sen massiivisten j\u00e4ttipottien ansiosta. Hanki lippusi nyt ja osallistu seuraavaan arvontaan!\" \/>\n<meta name=\"robots\" content=\"index, follow, max-snippet:-1, max-image-preview:large, max-video-preview:-1\" \/>\n<link rel=\"canonical\" href=\"https:\/\/lottohoy.com\/fi\/online-arpajaiset-faq\/eurojackpot-arpajaiset-faq\/\" \/>\n<meta property=\"og:locale\" content=\"fi_FI\" \/>\n<meta property=\"og:type\" content=\"article\" \/>\n<meta property=\"og:title\" content=\"\u25b7 Eurojackpot Online\u3010Play Online Lottery\u3011- Lottohoy\" \/>\n<meta property=\"og:description\" content=\"Eurojackpot on yksi parhaista arpajaisista sen massiivisten j\u00e4ttipottien ansiosta. Hanki lippusi nyt ja osallistu seuraavaan arvontaan!\" \/>\n<meta property=\"og:url\" content=\"https:\/\/lottohoy.com\/fi\/online-arpajaiset-faq\/eurojackpot-arpajaiset-faq\/\" \/>\n<meta property=\"og:site_name\" content=\"Lottohoy\" \/>\n<meta name=\"twitter:card\" content=\"summary_large_image\" \/>\n<meta name=\"twitter:label1\" content=\"Arvioitu lukuaika\" \/>\n\t<meta name=\"twitter:data1\" content=\"2 minuuttia\" \/>\n<script type=\"application\/ld+json\" class=\"yoast-schema-graph\">{\"@context\":\"https:\/\/schema.org\",\"@graph\":[{\"@type\":\"WebPage\",\"@id\":\"https:\/\/lottohoy.com\/fi\/online-arpajaiset-faq\/eurojackpot-arpajaiset-faq\/\",\"url\":\"https:\/\/lottohoy.com\/fi\/online-arpajaiset-faq\/eurojackpot-arpajaiset-faq\/\",\"name\":\"\u25b7 Eurojackpot Online\u3010Play Online Lottery\u3011- Lottohoy\",\"isPartOf\":{\"@id\":\"https:\/\/lottohoy.com\/fi\/#website\"},\"datePublished\":\"2018-05-03T13:23:33+00:00\",\"dateModified\":\"2018-05-03T13:23:33+00:00\",\"description\":\"Eurojackpot on yksi parhaista arpajaisista sen massiivisten j\u00e4ttipottien ansiosta. Hanki lippusi nyt ja osallistu seuraavaan arvontaan!\",\"breadcrumb\":{\"@id\":\"https:\/\/lottohoy.com\/fi\/online-arpajaiset-faq\/eurojackpot-arpajaiset-faq\/#breadcrumb\"},\"inLanguage\":\"fi\",\"potentialAction\":[{\"@type\":\"ReadAction\",\"target\":[\"https:\/\/lottohoy.com\/fi\/online-arpajaiset-faq\/eurojackpot-arpajaiset-faq\/\"]}]},{\"@type\":\"BreadcrumbList\",\"@id\":\"https:\/\/lottohoy.com\/fi\/online-arpajaiset-faq\/eurojackpot-arpajaiset-faq\/#breadcrumb\",\"itemListElement\":[{\"@type\":\"ListItem\",\"position\":1,\"name\":\"Home\",\"item\":\"https:\/\/lottohoy.com\/fi\/\"},{\"@type\":\"ListItem\",\"position\":2,\"name\":\"Online arpajaiset FAQ\",\"item\":\"https:\/\/lottohoy.com\/fi\/online-arpajaiset-faq\/\"},{\"@type\":\"ListItem\",\"position\":3,\"name\":\"Eurojackpot arpajaiset FAQ\"}]},{\"@type\":\"WebSite\",\"@id\":\"https:\/\/lottohoy.com\/fi\/#website\",\"url\":\"https:\/\/lottohoy.com\/fi\/\",\"name\":\"Lottohoy\",\"description\":\"\",\"potentialAction\":[{\"@type\":\"SearchAction\",\"target\":{\"@type\":\"EntryPoint\",\"urlTemplate\":\"https:\/\/lottohoy.com\/fi\/?s={search_term_string}\"},\"query-input\":{\"@type\":\"PropertyValueSpecification\",\"valueRequired\":true,\"valueName\":\"search_term_string\"}}],\"inLanguage\":\"fi\"}]}<\/script>\n<!-- \/ Yoast SEO plugin. -->","yoast_head_json":{"title":"\u25b7 Eurojackpot Online\u3010Play Online Lottery\u3011- Lottohoy","description":"Eurojackpot on yksi parhaista arpajaisista sen massiivisten j\u00e4ttipottien ansiosta. Hanki lippusi nyt ja osallistu seuraavaan arvontaan!","robots":{"index":"index","follow":"follow","max-snippet":"max-snippet:-1","max-image-preview":"max-image-preview:large","max-video-preview":"max-video-preview:-1"},"canonical":"https:\/\/lottohoy.com\/fi\/online-arpajaiset-faq\/eurojackpot-arpajaiset-faq\/","og_locale":"fi_FI","og_type":"article","og_title":"\u25b7 Eurojackpot Online\u3010Play Online Lottery\u3011- Lottohoy","og_description":"Eurojackpot on yksi parhaista arpajaisista sen massiivisten j\u00e4ttipottien ansiosta. Hanki lippusi nyt ja osallistu seuraavaan arvontaan!","og_url":"https:\/\/lottohoy.com\/fi\/online-arpajaiset-faq\/eurojackpot-arpajaiset-faq\/","og_site_name":"Lottohoy","twitter_card":"summary_large_image","twitter_misc":{"Arvioitu lukuaika":"2 minuuttia"},"schema":{"@context":"https:\/\/schema.org","@graph":[{"@type":"WebPage","@id":"https:\/\/lottohoy.com\/fi\/online-arpajaiset-faq\/eurojackpot-arpajaiset-faq\/","url":"https:\/\/lottohoy.com\/fi\/online-arpajaiset-faq\/eurojackpot-arpajaiset-faq\/","name":"\u25b7 Eurojackpot Online\u3010Play Online Lottery\u3011- Lottohoy","isPartOf":{"@id":"https:\/\/lottohoy.com\/fi\/#website"},"datePublished":"2018-05-03T13:23:33+00:00","dateModified":"2018-05-03T13:23:33+00:00","description":"Eurojackpot on yksi parhaista arpajaisista sen massiivisten j\u00e4ttipottien ansiosta. Hanki lippusi nyt ja osallistu seuraavaan arvontaan!","breadcrumb":{"@id":"https:\/\/lottohoy.com\/fi\/online-arpajaiset-faq\/eurojackpot-arpajaiset-faq\/#breadcrumb"},"inLanguage":"fi","potentialAction":[{"@type":"ReadAction","target":["https:\/\/lottohoy.com\/fi\/online-arpajaiset-faq\/eurojackpot-arpajaiset-faq\/"]}]},{"@type":"BreadcrumbList","@id":"https:\/\/lottohoy.com\/fi\/online-arpajaiset-faq\/eurojackpot-arpajaiset-faq\/#breadcrumb","itemListElement":[{"@type":"ListItem","position":1,"name":"Home","item":"https:\/\/lottohoy.com\/fi\/"},{"@type":"ListItem","position":2,"name":"Online arpajaiset FAQ","item":"https:\/\/lottohoy.com\/fi\/online-arpajaiset-faq\/"},{"@type":"ListItem","position":3,"name":"Eurojackpot arpajaiset FAQ"}]},{"@type":"WebSite","@id":"https:\/\/lottohoy.com\/fi\/#website","url":"https:\/\/lottohoy.com\/fi\/","name":"Lottohoy","description":"","potentialAction":[{"@type":"SearchAction","target":{"@type":"EntryPoint","urlTemplate":"https:\/\/lottohoy.com\/fi\/?s={search_term_string}"},"query-input":{"@type":"PropertyValueSpecification","valueRequired":true,"valueName":"search_term_string"}}],"inLanguage":"fi"}]}},"_links":{"self":[{"href":"https:\/\/lottohoy.com\/fi\/wp-json\/wp\/v2\/pages\/16793","targetHints":{"allow":["GET"]}}],"collection":[{"href":"https:\/\/lottohoy.com\/fi\/wp-json\/wp\/v2\/pages"}],"about":[{"href":"https:\/\/lottohoy.com\/fi\/wp-json\/wp\/v2\/types\/page"}],"author":[{"embeddable":true,"href":"https:\/\/lottohoy.com\/fi\/wp-json\/wp\/v2\/users\/2"}],"replies":[{"embeddable":true,"href":"https:\/\/lottohoy.com\/fi\/wp-json\/wp\/v2\/comments?post=16793"}],"version-history":[{"count":0,"href":"https:\/\/lottohoy.com\/fi\/wp-json\/wp\/v2\/pages\/16793\/revisions"}],"up":[{"embeddable":true,"href":"https:\/\/lottohoy.com\/fi\/wp-json\/wp\/v2\/pages\/16745"}],"wp:attachment":[{"href":"https:\/\/lottohoy.com\/fi\/wp-json\/wp\/v2\/media?parent=16793"}],"curies":[{"name":"wp","href":"https:\/\/api.w.org\/{rel}","templated":true}]}}