{"id":16787,"date":"2018-05-03T14:23:36","date_gmt":"2018-05-03T13:23:36","guid":{"rendered":"https:\/\/lottohoy.com\/online-arpajaiset-faq\/uk-lottery-faq\/"},"modified":"2018-05-03T14:23:36","modified_gmt":"2018-05-03T13:23:36","slug":"uk-lottery-faq","status":"publish","type":"page","link":"https:\/\/lottohoy.com\/fi\/online-arpajaiset-faq\/uk-lottery-faq\/","title":{"rendered":"UK Lottery FAQ"},"content":{"rendered":"<p>UK Lottery aloitti toimintansa vuonna 1994. T\u00e4m\u00e4 brittil\u00e4inen arpajaiset tarjoaa v\u00e4hint\u00e4\u00e4n 2 500 000 punnan j\u00e4ttipotin.<\/p>\n<p>Arvonta suoritetaan keskiviikkoisin ja lauantaisin.<\/p>\n<h2><strong>Mik\u00e4 on UK Lotto?<\/strong><\/h2>\n<p>Lotto UK on Yhdistyneen kuningaskunnan kansallinen lotto. I Se perustettiin vuonna 1994, ja siit\u00e4 l\u00e4htien kiinnostus sit\u00e4 kohtaan on kasvanut.<\/p>\n<p>Voittoyhdistelmi\u00e4 m\u00e4\u00e4ritt\u00e4v\u00e4t pallot, joita on yhteens\u00e4 59, on jaettu v\u00e4reihin siten, ett\u00e4 jokainen kymmenen numeron sarja on eriv\u00e4rinen (1-9 ovat valkoisia, 10-19 sinisi\u00e4, sitten vaaleanpunaisia, vihreit\u00e4, keltaisia ja violetteja ).<\/p>\n<p>Arvonta koostuu kuuden pallon poimimisesta + seitsem\u00e4nnen pallon \u201dbonuksena\u201d, jokaiseen panoslippuun on liitetty kirjaimista ja numeroista koostuva koodi, jonka avulla voit osallistua Millionaire Raffle -arvontaan ilman kustannuksia fyysisiss\u00e4 hallinnoissa.<\/p>\n<p>Pienin taattu j\u00e4ttipotti on 2 500 000 puntaa, kun taas maksimi, joka voidaan saavuttaa eri rollover on 22 miljoonaa puntaa.<\/p>\n<p>On kuusi palkintoluokkia <a href=\"https:\/\/lottohoy.com\/results\/lotto-uk\/\">Yhdistyneen kuningaskunnan lotto tulokset<\/a>:<\/p>\n<ul>\n<li>Ensimm\u00e4inen luokka: Arvaamalla 6 numeroa uutetun yhdistelm\u00e4n.<\/li>\n<li>Toinen luokka: Arvaamalla 5 numeroa + bonuspallo voit voittaa arviolta 50 000 punnan palkinnon.<\/li>\n<li>Kolmas luokka: Arvaamalla viisi numeroa voit voittaa arviolta 1 000 punnan palkinnon.<\/li>\n<li>Nelj\u00e4s luokka: Osumalla nelj\u00e4\u00e4n numeroon voitat arviolta 100 punnan palkinnon.<\/li>\n<li>Viides luokka: Arvaamalla kolme numeroa voitat 25 puntaa.<\/li>\n<li>Kuudes luokka: Osumalla kahteen numeroon voitat ilmaisen Lucky Lotto -lottokupongin.<\/li>\n<\/ul>\n<h2><strong>Kuinka pelata Yhdistyneen kuningaskunnan lottoa?<\/strong><\/h2>\n<p>Yhdistyneen kuningaskunnan Loton pelaaminen LottoHoy.com-sivustolla on eritt\u00e4in helppoa. I Jos sinulla on jo k\u00e4ytt\u00e4j\u00e4tili, sinun tarvitsee vain l\u00f6yt\u00e4\u00e4 Lotto UK -sivu, tehd\u00e4 haluamasi panokset ja siirty\u00e4 maksuun.<\/p>\n<p>Ne, joilla ei viel\u00e4 ole k\u00e4ytt\u00e4j\u00e4tili\u00e4, voivat rekister\u00f6ity\u00e4 muutamassa sekunnissa ;osallistumismenettely on sama.<\/p>\n<p>Kun olet Yhdistyneen kuningaskunnan lottopelin sivulla, n\u00e4et viisi lohkoa tai saraketta, joissa on ruutuja numeroilla 1-59. Sinun on valittava kuusi numeroa ensimm\u00e4isest\u00e4 sarakkeesta (yksi lippu), jos haluat ly\u00f6d\u00e4 yhden panoksen.<\/p>\n<p>Jos haluat pelata useammassa sarakkeessa, t\u00e4ll\u00e4 sivulla n\u00e4kyy enint\u00e4\u00e4n viisi saraketta, mutta klikkaamalla ruutua, jossa lukee MORE LINES (LIS\u00c4\u00c4 LINJOJA), saat mahdollisuuden saada niin monta lippua kuin haluat.<\/p>\n<p>Kun olet tehnyt p\u00e4\u00e4t\u00f6ksen, napsauta JATKA ja tee maksu.<\/p>\n<h2><strong>Kuinka paljon Yhdistyneen kuningaskunnan lottokupongit maksavat?<\/strong><\/h2>\n<p>LottoHoysta voit ostaa Yhdistyneen kuningaskunnan lottokuponkeja alkaen 4,75 euron l\u00e4ht\u00f6hinnasta.<\/p>\n<h2><strong>Todenn\u00e4k\u00f6isyydet voittaa UK Lotto<\/strong><\/h2>\n<p>Me kaikki haluamme voittaa mahdollisimman paljon rahaa <a href=\"https:\/\/lottohoy.com\/play\/lotto-uk\/\"><strong>pelatessamme UK Lotto<\/strong><\/a>. Seuraavasta taulukosta voit tarkistaa, kuinka todenn\u00e4k\u00f6isesti voitat jonkin palkinnoista.<\/p>\n","protected":false},"excerpt":{"rendered":"<p>UK Lottery aloitti toimintansa vuonna 1994. T\u00e4m\u00e4 brittil\u00e4inen arpajaiset tarjoaa v\u00e4hint\u00e4\u00e4n 2 500 000 punnan j\u00e4ttipotin. Arvonta suoritetaan keskiviikkoisin ja lauantaisin. Mik\u00e4 on UK Lotto? Lotto UK on Yhdistyneen kuningaskunnan kansallinen lotto. I Se perustettiin vuonna 1994, ja siit\u00e4 l\u00e4htien kiinnostus sit\u00e4 kohtaan on kasvanut. Voittoyhdistelmi\u00e4 m\u00e4\u00e4ritt\u00e4v\u00e4t pallot, joita on yhteens\u00e4 59, on jaettu v\u00e4reihin [&hellip;]<\/p>\n","protected":false},"author":2,"featured_media":0,"parent":16745,"menu_order":3,"comment_status":"closed","ping_status":"closed","template":"lotto-uk-info.php","meta":{"_et_pb_use_builder":"","_et_pb_old_content":"","_et_gb_content_width":"","exclude_from_search":false,"footnotes":""},"class_list":["post-16787","page","type-page","status-publish","hentry"],"yoast_head":"<!-- This site is optimized with the Yoast SEO plugin v23.7 - https:\/\/yoast.com\/wordpress\/plugins\/seo\/ -->\n<title>\u25b7 UK Lottery | Pelaaminen, j\u00e4ttipotit, palkinnot - Lottohoy<\/title>\n<meta name=\"description\" content=\"Lotto UK on yksi suosituimmista arpajaisista. Valitse suosikkinumerosi ja hanki lippusi nyt. Valtavat j\u00e4ttipotit odottavat sinua.\" \/>\n<meta name=\"robots\" content=\"index, follow, max-snippet:-1, max-image-preview:large, max-video-preview:-1\" \/>\n<link rel=\"canonical\" href=\"https:\/\/lottohoy.com\/fi\/online-arpajaiset-faq\/uk-lottery-faq\/\" \/>\n<meta property=\"og:locale\" content=\"fi_FI\" \/>\n<meta property=\"og:type\" content=\"article\" \/>\n<meta property=\"og:title\" content=\"\u25b7 UK Lottery | Pelaaminen, j\u00e4ttipotit, palkinnot - Lottohoy\" \/>\n<meta property=\"og:description\" content=\"Lotto UK on yksi suosituimmista arpajaisista. Valitse suosikkinumerosi ja hanki lippusi nyt. Valtavat j\u00e4ttipotit odottavat sinua.\" \/>\n<meta property=\"og:url\" content=\"https:\/\/lottohoy.com\/fi\/online-arpajaiset-faq\/uk-lottery-faq\/\" \/>\n<meta property=\"og:site_name\" content=\"Lottohoy\" \/>\n<meta name=\"twitter:card\" content=\"summary_large_image\" \/>\n<meta name=\"twitter:label1\" content=\"Arvioitu lukuaika\" \/>\n\t<meta name=\"twitter:data1\" content=\"2 minuuttia\" \/>\n<script type=\"application\/ld+json\" class=\"yoast-schema-graph\">{\"@context\":\"https:\/\/schema.org\",\"@graph\":[{\"@type\":\"WebPage\",\"@id\":\"https:\/\/lottohoy.com\/fi\/online-arpajaiset-faq\/uk-lottery-faq\/\",\"url\":\"https:\/\/lottohoy.com\/fi\/online-arpajaiset-faq\/uk-lottery-faq\/\",\"name\":\"\u25b7 UK Lottery | Pelaaminen, j\u00e4ttipotit, palkinnot - Lottohoy\",\"isPartOf\":{\"@id\":\"https:\/\/lottohoy.com\/fi\/#website\"},\"datePublished\":\"2018-05-03T13:23:36+00:00\",\"dateModified\":\"2018-05-03T13:23:36+00:00\",\"description\":\"Lotto UK on yksi suosituimmista arpajaisista. Valitse suosikkinumerosi ja hanki lippusi nyt. Valtavat j\u00e4ttipotit odottavat sinua.\",\"breadcrumb\":{\"@id\":\"https:\/\/lottohoy.com\/fi\/online-arpajaiset-faq\/uk-lottery-faq\/#breadcrumb\"},\"inLanguage\":\"fi\",\"potentialAction\":[{\"@type\":\"ReadAction\",\"target\":[\"https:\/\/lottohoy.com\/fi\/online-arpajaiset-faq\/uk-lottery-faq\/\"]}]},{\"@type\":\"BreadcrumbList\",\"@id\":\"https:\/\/lottohoy.com\/fi\/online-arpajaiset-faq\/uk-lottery-faq\/#breadcrumb\",\"itemListElement\":[{\"@type\":\"ListItem\",\"position\":1,\"name\":\"Home\",\"item\":\"https:\/\/lottohoy.com\/fi\/\"},{\"@type\":\"ListItem\",\"position\":2,\"name\":\"Online arpajaiset FAQ\",\"item\":\"https:\/\/lottohoy.com\/fi\/online-arpajaiset-faq\/\"},{\"@type\":\"ListItem\",\"position\":3,\"name\":\"UK Lottery FAQ\"}]},{\"@type\":\"WebSite\",\"@id\":\"https:\/\/lottohoy.com\/fi\/#website\",\"url\":\"https:\/\/lottohoy.com\/fi\/\",\"name\":\"Lottohoy\",\"description\":\"\",\"potentialAction\":[{\"@type\":\"SearchAction\",\"target\":{\"@type\":\"EntryPoint\",\"urlTemplate\":\"https:\/\/lottohoy.com\/fi\/?s={search_term_string}\"},\"query-input\":{\"@type\":\"PropertyValueSpecification\",\"valueRequired\":true,\"valueName\":\"search_term_string\"}}],\"inLanguage\":\"fi\"}]}<\/script>\n<!-- \/ Yoast SEO plugin. -->","yoast_head_json":{"title":"\u25b7 UK Lottery | Pelaaminen, j\u00e4ttipotit, palkinnot - Lottohoy","description":"Lotto UK on yksi suosituimmista arpajaisista. Valitse suosikkinumerosi ja hanki lippusi nyt. Valtavat j\u00e4ttipotit odottavat sinua.","robots":{"index":"index","follow":"follow","max-snippet":"max-snippet:-1","max-image-preview":"max-image-preview:large","max-video-preview":"max-video-preview:-1"},"canonical":"https:\/\/lottohoy.com\/fi\/online-arpajaiset-faq\/uk-lottery-faq\/","og_locale":"fi_FI","og_type":"article","og_title":"\u25b7 UK Lottery | Pelaaminen, j\u00e4ttipotit, palkinnot - Lottohoy","og_description":"Lotto UK on yksi suosituimmista arpajaisista. Valitse suosikkinumerosi ja hanki lippusi nyt. Valtavat j\u00e4ttipotit odottavat sinua.","og_url":"https:\/\/lottohoy.com\/fi\/online-arpajaiset-faq\/uk-lottery-faq\/","og_site_name":"Lottohoy","twitter_card":"summary_large_image","twitter_misc":{"Arvioitu lukuaika":"2 minuuttia"},"schema":{"@context":"https:\/\/schema.org","@graph":[{"@type":"WebPage","@id":"https:\/\/lottohoy.com\/fi\/online-arpajaiset-faq\/uk-lottery-faq\/","url":"https:\/\/lottohoy.com\/fi\/online-arpajaiset-faq\/uk-lottery-faq\/","name":"\u25b7 UK Lottery | Pelaaminen, j\u00e4ttipotit, palkinnot - Lottohoy","isPartOf":{"@id":"https:\/\/lottohoy.com\/fi\/#website"},"datePublished":"2018-05-03T13:23:36+00:00","dateModified":"2018-05-03T13:23:36+00:00","description":"Lotto UK on yksi suosituimmista arpajaisista. Valitse suosikkinumerosi ja hanki lippusi nyt. Valtavat j\u00e4ttipotit odottavat sinua.","breadcrumb":{"@id":"https:\/\/lottohoy.com\/fi\/online-arpajaiset-faq\/uk-lottery-faq\/#breadcrumb"},"inLanguage":"fi","potentialAction":[{"@type":"ReadAction","target":["https:\/\/lottohoy.com\/fi\/online-arpajaiset-faq\/uk-lottery-faq\/"]}]},{"@type":"BreadcrumbList","@id":"https:\/\/lottohoy.com\/fi\/online-arpajaiset-faq\/uk-lottery-faq\/#breadcrumb","itemListElement":[{"@type":"ListItem","position":1,"name":"Home","item":"https:\/\/lottohoy.com\/fi\/"},{"@type":"ListItem","position":2,"name":"Online arpajaiset FAQ","item":"https:\/\/lottohoy.com\/fi\/online-arpajaiset-faq\/"},{"@type":"ListItem","position":3,"name":"UK Lottery FAQ"}]},{"@type":"WebSite","@id":"https:\/\/lottohoy.com\/fi\/#website","url":"https:\/\/lottohoy.com\/fi\/","name":"Lottohoy","description":"","potentialAction":[{"@type":"SearchAction","target":{"@type":"EntryPoint","urlTemplate":"https:\/\/lottohoy.com\/fi\/?s={search_term_string}"},"query-input":{"@type":"PropertyValueSpecification","valueRequired":true,"valueName":"search_term_string"}}],"inLanguage":"fi"}]}},"_links":{"self":[{"href":"https:\/\/lottohoy.com\/fi\/wp-json\/wp\/v2\/pages\/16787","targetHints":{"allow":["GET"]}}],"collection":[{"href":"https:\/\/lottohoy.com\/fi\/wp-json\/wp\/v2\/pages"}],"about":[{"href":"https:\/\/lottohoy.com\/fi\/wp-json\/wp\/v2\/types\/page"}],"author":[{"embeddable":true,"href":"https:\/\/lottohoy.com\/fi\/wp-json\/wp\/v2\/users\/2"}],"replies":[{"embeddable":true,"href":"https:\/\/lottohoy.com\/fi\/wp-json\/wp\/v2\/comments?post=16787"}],"version-history":[{"count":0,"href":"https:\/\/lottohoy.com\/fi\/wp-json\/wp\/v2\/pages\/16787\/revisions"}],"up":[{"embeddable":true,"href":"https:\/\/lottohoy.com\/fi\/wp-json\/wp\/v2\/pages\/16745"}],"wp:attachment":[{"href":"https:\/\/lottohoy.com\/fi\/wp-json\/wp\/v2\/media?parent=16787"}],"curies":[{"name":"wp","href":"https:\/\/api.w.org\/{rel}","templated":true}]}}