{"id":16777,"date":"2018-05-03T14:23:33","date_gmt":"2018-05-03T13:23:33","guid":{"rendered":"https:\/\/lottohoy.com\/online-arpajaiset-faq\/euromillions-arpajaiset-faq\/"},"modified":"2018-05-03T14:23:33","modified_gmt":"2018-05-03T13:23:33","slug":"euromillions-arpajaiset-faq","status":"publish","type":"page","link":"https:\/\/lottohoy.com\/fi\/online-arpajaiset-faq\/euromillions-arpajaiset-faq\/","title":{"rendered":"EuroMillions arpajaiset FAQ"},"content":{"rendered":"<h2>Mik\u00e4 on Euromillions?<\/h2>\n<p>Euromillions on <strong>lottopeli<\/strong>, joka j\u00e4rjestet\u00e4\u00e4n joka tiistai ja perjantai klo 21:30 Pariisissa. Se on Euroopan t\u00e4rkein arpajaiset, sill\u00e4 se ker\u00e4\u00e4 eniten osallistujia ja jakaa suurimmat palkinnot.<\/p>\n<p>Ensimm\u00e4inen arvonta pidettiin 13. helmikuuta 2004, ja sen p\u00e4\u00e4j\u00e4rjest\u00e4jin\u00e4 oli kolme maata, nimitt\u00e4in Yhdistyneen kuningaskunnan (Nattional Lottery), Ranskan (La Fran\u00e7aise des Jeux) ja Espanjan (State Lotteries and Gambling) lottovirastot. Vain muutama kuukausi t\u00e4m\u00e4n ensimm\u00e4isen arvonnan j\u00e4lkeen kuusi muuta maata liittyi mukaan: It\u00e4valta, Belgia, Irlanti, Luxemburg, Portugali ja Sveitsi.<\/p>\n<p>Kyseess\u00e4 on varsin nuori arpajaiset, sill\u00e4 se perustettiin EU:n rahayksik\u00f6n euron (\u20ac) syntyess\u00e4. Yli vuosikymmenen ajan tutkittiin mahdollisuutta luoda yhteinen arpajaiset 500 miljoonalle Euroopan unionin asukkaalle.<\/p>\n<p>T\u00e4ss\u00e4 EuroMillions-arvonnassa ensimm\u00e4iselle voittajaryhm\u00e4lle taataan v\u00e4hint\u00e4\u00e4n 20 000 000 euron voitto ja t\u00e4ll\u00e4 hetkell\u00e4 vahvistettu <del>enimm\u00e4ispalkinto on jopa 190 000 000 euroa<\/del> (t\u00e4m\u00e4 summa on t\u00e4h\u00e4n menness\u00e4 jaettu <strong>kolme kertaa<\/strong> ).<\/p>\n<p>Tiistaina 4. helmikuuta 2020 Euromillionsin uudet muutokset tulevat voimaan. Enimm\u00e4ism\u00e4\u00e4r\u00e4, joka voidaan saavuttaa ensimm\u00e4iseen luokkaan tarkoitetun palkinnon m\u00e4\u00e4r\u00e4ss\u00e4 nousee <strong>200 miljoonaan euroon<\/strong>, joka voi asteittain saavuttaa 250 miljoonan euron enimm\u00e4ism\u00e4\u00e4r\u00e4n. Muutoksia sovelletaan my\u00f6s luokkakohtaisiin palkintoprosentteihin.<\/p>\n<h2>Miten Euromillionsia pelataan?<\/h2>\n<p>Euromillions-peliss\u00e4 on kolme t\u00e4rke\u00e4\u00e4 tekij\u00e4\u00e4, jotka on otettava huomioon: S\u00e4\u00e4nn\u00f6t, jotka s\u00e4\u00e4telev\u00e4t peli\u00e4, palkintoluokat sek\u00e4 palkinnon ja j\u00e4ttipotin jako.<\/p>\n<p>Pohjimmiltaan kyse on viiden numeron valitsemisesta v\u00e4lilt\u00e4 1-50 ja kahden t\u00e4hden valitsemisesta v\u00e4lilt\u00e4 1-12. Mit\u00e4 enemm\u00e4n numeroita ja t\u00e4hti\u00e4 saat oikein, sit\u00e4 suurempi on palkinto. Niin helppoa se on!<\/p>\n<p>Kun siirryt <strong>Play Euromillions -osioon<\/strong>, n\u00e4et viidest\u00e4 sarakkeesta koostuvan rivin, joista kukin koostuu 50 ruudusta, jotka on numeroitu 1-50, ja toisen osan, joka koostuu 12 ruudusta (onnen t\u00e4hdist\u00e4), jotka on numeroitu 1-12.<\/p>\n<p>Kuten n\u00e4et, aluksi on rivi, jossa on viisi pelisaraketta, joilla voit tehd\u00e4 vetoja, mutta rivien m\u00e4\u00e4r\u00e4\u00e4 voidaan laajentaa yksinkertaisesti napsauttamalla LIS\u00c4\u00c4 RIVI\u00c4 -ruutua.<\/p>\n<p>Jokaisessa n\u00e4ist\u00e4 taulukoista tai riveist\u00e4 on ennustukset on teht\u00e4v\u00e4 (viisi numeroa ja kaksi t\u00e4hte\u00e4). Lis\u00e4ksi se voidaan tehd\u00e4 manuaalisesti, valitsemalla haluamasi numerot tai satunnaisesti k\u00e4ytt\u00e4m\u00e4ll\u00e4 kunkin sarakkeen yl\u00e4puolella n\u00e4kyv\u00e4\u00e4 PIKAVALINTA-painiketta.<\/p>\n<p>Kun olet t\u00e4ytt\u00e4nyt kaikki liput, joita haluat pelata, voit kuulla kokonaissumman oikeassa alakulmassa.<\/p>\n<p>Klikkaamalla JATKA-ruutua p\u00e4\u00e4set vahvistamaan tilauksen ja suorittamaan maksun, jossa voit valita, teetk\u00f6 sen aiemmin tallettamillasi varoilla vai mill\u00e4 tahansa yli <strong>20<\/strong> tarjoamastamme <strong>maksutavasta<\/strong>.<\/p>\n<h3>Euromillions-vedon hinta<\/h3>\n<p>Kunkin vedon virallinen hinta vaihtelee maasta ja sen valuutasta riippuen. Karkean k\u00e4sityksen saamiseksi sit\u00e4 verrataan euroon.<\/p>\n<p>Yhdess\u00e4 Euromillions-vedonly\u00f6ntien kokonaism\u00e4\u00e4r\u00e4n kanssa joissakin t\u00e4m\u00e4n arvonnan j\u00e4rjest\u00e4j\u00e4maissa on perustettu lis\u00e4ys: <strong>Miljoona<\/strong>.<\/p>\n<p>T\u00e4m\u00e4 arvonta suoritetaan joka viikko jokaisessa n\u00e4ist\u00e4 maista, ja vedot ostetaan perjantaisin. Yksil\u00f6llinen koodi annetaan automaattisesti, ja jos voittonumero vastaa arpalippuasi, voitat 1 000 000 euroa riippumatta siit\u00e4, onko yhdistelm\u00e4si voittanut vai ei.<\/p>\n<h2>Euromillionsin erityisarvonnat<\/h2>\n<p>Eri j\u00e4rjest\u00e4j\u00e4maissa j\u00e4rjestet\u00e4\u00e4n<strong>t\u00e4ydent\u00e4vi\u00e4 Euromillions-arvontoja<\/strong>. Joissakin tapauksissa samalla euromillions-panoksella ja toisissa tapauksissa erillisell\u00e4 summalla.<\/p>\n<h4><em>\u201dMiljoonien sade\u201d<\/em><\/h4>\n<p><strong>Euromillions-sade on arvonta <\/strong>, jossa kaikki osallistujamaat pelaavat ja luovat useita miljon\u00e4\u00e4rej\u00e4 yhden arvonnan aikana.<\/p>\n<p>Voittajat valitaan satunnaisesti kaikista arvontaan osallistuneista lipuista t\u00e4m\u00e4n erityistapahtuman aikana, joka j\u00e4rjestet\u00e4\u00e4n m\u00e4\u00e4r\u00e4tyiss\u00e4 tilaisuuksissa ymp\u00e4ri vuoden.<\/p>\n<p><b><em>\u201dSuperarvonta\u201d:<\/em><\/b><\/p>\n<p>T\u00e4ll\u00f6in osallistuvat lotto-organisaatiot p\u00e4\u00e4tt\u00e4v\u00e4t tarjota <strong>erityisen takuurahaston<\/strong> ensimm\u00e4iselle luokalle (j\u00e4ttipotti), joka on l\u00e4sn\u00e4 miss\u00e4 tahansa ilmoitetussa arvonnassa.<\/p>\n<p>Vuodesta 2017 l\u00e4htien t\u00e4llaisia arvontoja on j\u00e4rjestetty vuosittain kaksi, ja niiden palkintosumma on 130 000 000 euroa. <strong>Helmikuun 1<\/strong><sup><strong>.<\/strong><\/sup><strong>p\u00e4iv\u00e4st\u00e4 2020 alkaen vuosittain<\/strong> j\u00e4rjestet\u00e4\u00e4n<strong> kolme<\/strong>\u201d<strong>superarvontoja\u201d<\/strong>, ja periaatteessa taatun summan ennustetaan kasvavan riippumatta edellisen arvonnan arvosta, riippumatta siit\u00e4, voitetaanko vai ei.<\/p>\n<p>Jos ensimm\u00e4isen luokan voittajaa ei l\u00f6ydy, j\u00e4ttipotti ker\u00e4\u00e4ntyy seuraavaan arvontaan, kunnes 190 000 000 euron enimm\u00e4ism\u00e4\u00e4r\u00e4 on saavutettu.<\/p>\n<h4><em>Erikoisarvonnat:<\/em><\/h4>\n<p>Niit\u00e4 kutsutaan my\u00f6s nimell\u00e4 <strong>Big Friday<\/strong>, ja niiss\u00e4 on taattu yhdeks\u00e4numeroinen minimij\u00e4ttipotti, ja ne toimivat t\u00e4sm\u00e4lleen samoin s\u00e4\u00e4nn\u00f6in kuin tavalliset arvonnat.<\/p>\n<p>Euromillions <strong>Big Friday<\/strong> -j\u00e4ttipottirahasto koostuu 4,8 prosentista yhteisest\u00e4 palkintorahastosta ensimm\u00e4isten kertymien osalta sen j\u00e4lkeen, kun j\u00e4ttipotti k\u00e4ynnistyy uudelleen taatulla v\u00e4himm\u00e4issummalla. Kahdeksan arvonnan j\u00e4lkeen 21 % maksetaan rahaston vahvistajalle.<\/p>\n<h3>Euromiljoonan voittokertoimet<\/h3>\n<p>Alla n\u00e4et taulukon, johon olemme koonneet kaikki voittokertoimet kussakin kategoriassa. Yhdist\u00e4m\u00e4ll\u00e4 n\u00e4m\u00e4 kertoimet <strong>Euromillionsin<\/strong> viimeisimpiin <strong>tuloksiin<\/strong> voit lis\u00e4t\u00e4 mahdollisuuksiasi voittaa palkinto.<\/p>\n","protected":false},"excerpt":{"rendered":"<p>Mik\u00e4 on Euromillions? Euromillions on lottopeli, joka j\u00e4rjestet\u00e4\u00e4n joka tiistai ja perjantai klo 21:30 Pariisissa. Se on Euroopan t\u00e4rkein arpajaiset, sill\u00e4 se ker\u00e4\u00e4 eniten osallistujia ja jakaa suurimmat palkinnot. Ensimm\u00e4inen arvonta pidettiin 13. helmikuuta 2004, ja sen p\u00e4\u00e4j\u00e4rjest\u00e4jin\u00e4 oli kolme maata, nimitt\u00e4in Yhdistyneen kuningaskunnan (Nattional Lottery), Ranskan (La Fran\u00e7aise des Jeux) ja Espanjan (State Lotteries [&hellip;]<\/p>\n","protected":false},"author":2,"featured_media":0,"parent":16745,"menu_order":3,"comment_status":"closed","ping_status":"closed","template":"euromillions-at-info.php","meta":{"_et_pb_use_builder":"","_et_pb_old_content":"","_et_gb_content_width":"","exclude_from_search":false,"footnotes":""},"class_list":["post-16777","page","type-page","status-publish","hentry"],"yoast_head":"<!-- This site is optimized with the Yoast SEO plugin v23.7 - https:\/\/yoast.com\/wordpress\/plugins\/seo\/ -->\n<title>\u25b7 Euromillions-arvontaopas\u30102021\u3011Miten pelata Lottohoyssa?<\/title>\n<meta name=\"description\" content=\"Euromillions on Euroopan suurin ja suosituin lotto. Lue lis\u00e4\u00e4 s\u00e4\u00e4nn\u00f6ist\u00e4, palkintojen jakautumisesta ja j\u00e4ttipotin kierr\u00e4tyksest\u00e4 FAQ-sivultamme.\" \/>\n<meta name=\"robots\" content=\"index, follow, max-snippet:-1, max-image-preview:large, max-video-preview:-1\" \/>\n<link rel=\"canonical\" href=\"https:\/\/lottohoy.com\/fi\/online-arpajaiset-faq\/euromillions-arpajaiset-faq\/\" \/>\n<meta property=\"og:locale\" content=\"fi_FI\" \/>\n<meta property=\"og:type\" content=\"article\" \/>\n<meta property=\"og:title\" content=\"\u25b7 Euromillions-arvontaopas\u30102021\u3011Miten pelata Lottohoyssa?\" \/>\n<meta property=\"og:description\" content=\"Euromillions on Euroopan suurin ja suosituin lotto. Lue lis\u00e4\u00e4 s\u00e4\u00e4nn\u00f6ist\u00e4, palkintojen jakautumisesta ja j\u00e4ttipotin kierr\u00e4tyksest\u00e4 FAQ-sivultamme.\" \/>\n<meta property=\"og:url\" content=\"https:\/\/lottohoy.com\/fi\/online-arpajaiset-faq\/euromillions-arpajaiset-faq\/\" \/>\n<meta property=\"og:site_name\" content=\"Lottohoy\" \/>\n<meta name=\"twitter:card\" content=\"summary_large_image\" \/>\n<meta name=\"twitter:label1\" content=\"Arvioitu lukuaika\" \/>\n\t<meta name=\"twitter:data1\" content=\"3 minuuttia\" \/>\n<script type=\"application\/ld+json\" class=\"yoast-schema-graph\">{\"@context\":\"https:\/\/schema.org\",\"@graph\":[{\"@type\":\"WebPage\",\"@id\":\"https:\/\/lottohoy.com\/fi\/online-arpajaiset-faq\/euromillions-arpajaiset-faq\/\",\"url\":\"https:\/\/lottohoy.com\/fi\/online-arpajaiset-faq\/euromillions-arpajaiset-faq\/\",\"name\":\"\u25b7 Euromillions-arvontaopas\u30102021\u3011Miten pelata Lottohoyssa?\",\"isPartOf\":{\"@id\":\"https:\/\/lottohoy.com\/fi\/#website\"},\"datePublished\":\"2018-05-03T13:23:33+00:00\",\"dateModified\":\"2018-05-03T13:23:33+00:00\",\"description\":\"Euromillions on Euroopan suurin ja suosituin lotto. Lue lis\u00e4\u00e4 s\u00e4\u00e4nn\u00f6ist\u00e4, palkintojen jakautumisesta ja j\u00e4ttipotin kierr\u00e4tyksest\u00e4 FAQ-sivultamme.\",\"breadcrumb\":{\"@id\":\"https:\/\/lottohoy.com\/fi\/online-arpajaiset-faq\/euromillions-arpajaiset-faq\/#breadcrumb\"},\"inLanguage\":\"fi\",\"potentialAction\":[{\"@type\":\"ReadAction\",\"target\":[\"https:\/\/lottohoy.com\/fi\/online-arpajaiset-faq\/euromillions-arpajaiset-faq\/\"]}]},{\"@type\":\"BreadcrumbList\",\"@id\":\"https:\/\/lottohoy.com\/fi\/online-arpajaiset-faq\/euromillions-arpajaiset-faq\/#breadcrumb\",\"itemListElement\":[{\"@type\":\"ListItem\",\"position\":1,\"name\":\"Home\",\"item\":\"https:\/\/lottohoy.com\/fi\/\"},{\"@type\":\"ListItem\",\"position\":2,\"name\":\"Online arpajaiset FAQ\",\"item\":\"https:\/\/lottohoy.com\/fi\/online-arpajaiset-faq\/\"},{\"@type\":\"ListItem\",\"position\":3,\"name\":\"EuroMillions arpajaiset FAQ\"}]},{\"@type\":\"WebSite\",\"@id\":\"https:\/\/lottohoy.com\/fi\/#website\",\"url\":\"https:\/\/lottohoy.com\/fi\/\",\"name\":\"Lottohoy\",\"description\":\"\",\"potentialAction\":[{\"@type\":\"SearchAction\",\"target\":{\"@type\":\"EntryPoint\",\"urlTemplate\":\"https:\/\/lottohoy.com\/fi\/?s={search_term_string}\"},\"query-input\":{\"@type\":\"PropertyValueSpecification\",\"valueRequired\":true,\"valueName\":\"search_term_string\"}}],\"inLanguage\":\"fi\"}]}<\/script>\n<!-- \/ Yoast SEO plugin. -->","yoast_head_json":{"title":"\u25b7 Euromillions-arvontaopas\u30102021\u3011Miten pelata Lottohoyssa?","description":"Euromillions on Euroopan suurin ja suosituin lotto. Lue lis\u00e4\u00e4 s\u00e4\u00e4nn\u00f6ist\u00e4, palkintojen jakautumisesta ja j\u00e4ttipotin kierr\u00e4tyksest\u00e4 FAQ-sivultamme.","robots":{"index":"index","follow":"follow","max-snippet":"max-snippet:-1","max-image-preview":"max-image-preview:large","max-video-preview":"max-video-preview:-1"},"canonical":"https:\/\/lottohoy.com\/fi\/online-arpajaiset-faq\/euromillions-arpajaiset-faq\/","og_locale":"fi_FI","og_type":"article","og_title":"\u25b7 Euromillions-arvontaopas\u30102021\u3011Miten pelata Lottohoyssa?","og_description":"Euromillions on Euroopan suurin ja suosituin lotto. Lue lis\u00e4\u00e4 s\u00e4\u00e4nn\u00f6ist\u00e4, palkintojen jakautumisesta ja j\u00e4ttipotin kierr\u00e4tyksest\u00e4 FAQ-sivultamme.","og_url":"https:\/\/lottohoy.com\/fi\/online-arpajaiset-faq\/euromillions-arpajaiset-faq\/","og_site_name":"Lottohoy","twitter_card":"summary_large_image","twitter_misc":{"Arvioitu lukuaika":"3 minuuttia"},"schema":{"@context":"https:\/\/schema.org","@graph":[{"@type":"WebPage","@id":"https:\/\/lottohoy.com\/fi\/online-arpajaiset-faq\/euromillions-arpajaiset-faq\/","url":"https:\/\/lottohoy.com\/fi\/online-arpajaiset-faq\/euromillions-arpajaiset-faq\/","name":"\u25b7 Euromillions-arvontaopas\u30102021\u3011Miten pelata Lottohoyssa?","isPartOf":{"@id":"https:\/\/lottohoy.com\/fi\/#website"},"datePublished":"2018-05-03T13:23:33+00:00","dateModified":"2018-05-03T13:23:33+00:00","description":"Euromillions on Euroopan suurin ja suosituin lotto. Lue lis\u00e4\u00e4 s\u00e4\u00e4nn\u00f6ist\u00e4, palkintojen jakautumisesta ja j\u00e4ttipotin kierr\u00e4tyksest\u00e4 FAQ-sivultamme.","breadcrumb":{"@id":"https:\/\/lottohoy.com\/fi\/online-arpajaiset-faq\/euromillions-arpajaiset-faq\/#breadcrumb"},"inLanguage":"fi","potentialAction":[{"@type":"ReadAction","target":["https:\/\/lottohoy.com\/fi\/online-arpajaiset-faq\/euromillions-arpajaiset-faq\/"]}]},{"@type":"BreadcrumbList","@id":"https:\/\/lottohoy.com\/fi\/online-arpajaiset-faq\/euromillions-arpajaiset-faq\/#breadcrumb","itemListElement":[{"@type":"ListItem","position":1,"name":"Home","item":"https:\/\/lottohoy.com\/fi\/"},{"@type":"ListItem","position":2,"name":"Online arpajaiset FAQ","item":"https:\/\/lottohoy.com\/fi\/online-arpajaiset-faq\/"},{"@type":"ListItem","position":3,"name":"EuroMillions arpajaiset FAQ"}]},{"@type":"WebSite","@id":"https:\/\/lottohoy.com\/fi\/#website","url":"https:\/\/lottohoy.com\/fi\/","name":"Lottohoy","description":"","potentialAction":[{"@type":"SearchAction","target":{"@type":"EntryPoint","urlTemplate":"https:\/\/lottohoy.com\/fi\/?s={search_term_string}"},"query-input":{"@type":"PropertyValueSpecification","valueRequired":true,"valueName":"search_term_string"}}],"inLanguage":"fi"}]}},"_links":{"self":[{"href":"https:\/\/lottohoy.com\/fi\/wp-json\/wp\/v2\/pages\/16777","targetHints":{"allow":["GET"]}}],"collection":[{"href":"https:\/\/lottohoy.com\/fi\/wp-json\/wp\/v2\/pages"}],"about":[{"href":"https:\/\/lottohoy.com\/fi\/wp-json\/wp\/v2\/types\/page"}],"author":[{"embeddable":true,"href":"https:\/\/lottohoy.com\/fi\/wp-json\/wp\/v2\/users\/2"}],"replies":[{"embeddable":true,"href":"https:\/\/lottohoy.com\/fi\/wp-json\/wp\/v2\/comments?post=16777"}],"version-history":[{"count":0,"href":"https:\/\/lottohoy.com\/fi\/wp-json\/wp\/v2\/pages\/16777\/revisions"}],"up":[{"embeddable":true,"href":"https:\/\/lottohoy.com\/fi\/wp-json\/wp\/v2\/pages\/16745"}],"wp:attachment":[{"href":"https:\/\/lottohoy.com\/fi\/wp-json\/wp\/v2\/media?parent=16777"}],"curies":[{"name":"wp","href":"https:\/\/api.w.org\/{rel}","templated":true}]}}