{"id":16765,"date":"2018-05-03T14:23:34","date_gmt":"2018-05-03T13:23:34","guid":{"rendered":"https:\/\/lottohoy.com\/?page_id=16765"},"modified":"2025-05-28T16:53:03","modified_gmt":"2025-05-28T15:53:03","slug":"mega-millions-arpajaiset-faq","status":"publish","type":"page","link":"https:\/\/lottohoy.com\/fi\/online-arpajaiset-faq\/mega-millions-arpajaiset-faq\/","title":{"rendered":"Mega Millions arpajaiset FAQ"},"content":{"rendered":"<p data-start=\"186\" data-end=\"415\">MegaMillions on yhdysvaltalainen arpajaispeli, jota tarjotaan t\u00e4ll\u00e4 hetkell\u00e4 44 osavaltiossa. Alta l\u00f6yd\u00e4t yleist\u00e4 tietoa arvontap\u00e4ivist\u00e4, pelin s\u00e4\u00e4nn\u00f6ist\u00e4 ja kaikesta, mit\u00e4 sinun tarvitsee tiet\u00e4\u00e4 pelataksesi <a href=\"https:\/\/lottohoy.com\/fi\/pelata\/pelaa-mega-millionsia\/\">MegaMillionsia.<\/a><\/p>\n<h1 data-start=\"417\" data-end=\"450\"><strong>Kuinka pelata MegaMillionsia?<\/strong><\/h1>\n<p data-start=\"452\" data-end=\"547\">MegaMillionsin pelaaminen on helppoa; pelisivulla n\u00e4et aloitusn\u00e4yt\u00f6n, jossa on viisi saraketta.<\/p>\n<p data-start=\"549\" data-end=\"764\">Yksinkertaisessa riviss\u00e4 k\u00e4ytet\u00e4\u00e4n ensimm\u00e4ist\u00e4 saraketta, jossa valitaan 5 numeroa ruudukon yl\u00e4osasta (numerot 1\u201375) ja lis\u00e4ksi yksi lis\u00e4numero nimelt\u00e4 <strong data-start=\"701\" data-end=\"713\">MegaBall<\/strong>, joka valitaan toisesta ruudukosta (numerot 1\u201325).<\/p>\n<p data-start=\"766\" data-end=\"904\">Yhdistelm\u00e4 voidaan valita joko manuaalisesti klikkaamalla numeroita, tai j\u00e4tt\u00e4\u00e4 j\u00e4rjestelm\u00e4n arvottavaksi automaattisesti (5 + 1 numeroa).<\/p>\n<p data-start=\"906\" data-end=\"1077\">Alustallamme voit pelata niin monta rivi\u00e4 kuin haluat \u2013 klikkaa vain <strong data-start=\"975\" data-end=\"991\">lis\u00e4\u00e4 rivej\u00e4<\/strong> aina 20 riviin asti. Mit\u00e4 enemm\u00e4n rivej\u00e4 pelaat, sit\u00e4 suuremmat voittomahdollisuudet.<\/p>\n<h2 data-start=\"1079\" data-end=\"1119\"><strong>Amerikkalainen loteria: MegaMillions<\/strong><\/h2>\n<p data-start=\"1121\" data-end=\"1255\">MegaMillionsin nykyinen muoto otettiin k\u00e4ytt\u00f6\u00f6n vuonna 2002, vaikka peli tunnettiin alun perin nimell\u00e4 <strong data-start=\"1224\" data-end=\"1240\">The Big Game<\/strong> vuodesta 1996.<\/p>\n<p data-start=\"1257\" data-end=\"1371\">Viimeisen 24 vuoden aikana s\u00e4\u00e4nt\u00f6j\u00e4 on muokattu useaan otteeseen, jotta voittopalkinnot olisivat houkuttelevampia.<\/p>\n<p data-start=\"1373\" data-end=\"1542\">Huhtikuusta 2025 alkaen peli\u00e4 on uudistettu: takuup\u00e4\u00e4voittoa on nostettu, lis\u00e4tty pakollinen kertoimella varustettu ominaisuus (Multiplier), ja rivin hintaa on muutettu.<\/p>\n<p data-start=\"1544\" data-end=\"1768\">P\u00e4\u00e4voiton v\u00e4himm\u00e4ism\u00e4\u00e4r\u00e4 on nyt $40 miljoonaa. My\u00f6s muiden voittoluokkien palkintoja on korotettu, ja voitot voidaan nyt kertoa x2, x3, x4, x5 tai jopa x10 automaattisesti mukana tulevalla <a href=\"https:\/\/lottohoy.com\/fi\/lottery-tulokset\/mega-millions-tulokset\/\"><strong data-start=\"1733\" data-end=\"1767\">MegaMillions Multiplikatorilla<\/strong>.<\/a><\/p>\n<p data-start=\"1770\" data-end=\"1867\">T\u00e4m\u00e4 kerroin arvotaan sattumanvaraisesti j\u00e4rjestelm\u00e4n toimesta, mik\u00e4 tuo peliin lis\u00e4\u00e4 j\u00e4nnityst\u00e4.<\/p>\n<p data-start=\"1869\" data-end=\"2147\">J\u00e4rjest\u00e4jien tavoitteena oli saavuttaa ensimm\u00e4inen miljardin dollarin voittopotti yhdelle voittajalle. T\u00e4h\u00e4n menness\u00e4 suurin voitto on ollut $1,602 miljardia, arvottu 9. elokuuta 2023 (t\u00e4m\u00e4n ylitti kilpailija <a href=\"https:\/\/lottohoy.com\/fi\/pelata\/powerball\/\"><strong data-start=\"2078\" data-end=\"2091\">Powerball<\/strong><\/a>, jonka p\u00e4\u00e4voitto oli $2,4 miljardia marraskuussa 2022).<\/p>\n<p data-start=\"2149\" data-end=\"2276\">MegaMillions-arpoja voivat ostaa sek\u00e4 Yhdysvaltain kansalaiset ett\u00e4 ulkomaalaiset pelin s\u00e4\u00e4nt\u00f6jen ja veros\u00e4\u00e4nn\u00f6sten mukaisesti.<\/p>\n<h2 data-start=\"2278\" data-end=\"2321\"><strong>Miten ostaa MegaMillions-arpa verkossa?<\/strong><\/h2>\n<p data-start=\"2323\" data-end=\"2507\">Alustamme kautta osoitteessa lottohoy.com on helppoa ostaa t\u00e4m\u00e4 lottorivi. Riitt\u00e4\u00e4, ett\u00e4 <strong data-start=\"2436\" data-end=\"2467\">kirjaudut sis\u00e4\u00e4n k\u00e4ytt\u00e4j\u00e4n\u00e4<\/strong> tai <a href=\"https:\/\/lottohoy.com\/fi\/kirjaudu-sisaan\/\"><strong data-start=\"2472\" data-end=\"2506\">luot maksuttoman k\u00e4ytt\u00e4j\u00e4tilin<\/strong>.<\/a><\/p>\n<p data-start=\"2509\" data-end=\"2672\">Tilin avaaminen on nopeaa ja ilmaista. Napsauta <a href=\"https:\/\/lottohoy.com\/fi\/rekisterointi\/\"><strong data-start=\"2557\" data-end=\"2573\">Rekister\u00f6idy<\/strong><\/a> sivun oikeasta yl\u00e4kulmasta, t\u00e4yt\u00e4 lomake s\u00e4hk\u00f6postiosoitteellasi, valitse salasana ja vahvista se.<\/p>\n<p data-start=\"2674\" data-end=\"2789\">Saat s\u00e4hk\u00f6postiisi vahvistusviestin, jonka kautta tili aktivoituu ja voit k\u00e4ytt\u00e4\u00e4 kaikkia k\u00e4ytt\u00e4j\u00e4tilin toimintoja.<\/p>\n<p data-start=\"2791\" data-end=\"2950\">Kun tilisi on valmis, voit tehd\u00e4 talletuksen tai maksaa suoraan haluamasi <a href=\"https:\/\/lottohoy.com\/fi\/pelata\/pelaa-mega-millionsia\/\">MegaMillions<\/a>&#8211; tai muiden <a class=\"\" href=\"https:\/\/lottohoy.com\/fi\/pelata\/\" target=\"_new\" rel=\"noopener\" data-start=\"2890\" data-end=\"2943\">verkossa pelattavien lottojen<\/a> rivit.<\/p>\n<p data-start=\"2952\" data-end=\"3087\">K\u00e4ytett\u00e4viss\u00e4 olevat varat k\u00e4ytt\u00e4j\u00e4tilill\u00e4 helpottavat ostamista milloin ja mist\u00e4 tahansa. Halutessasi voit my\u00f6s ostaa rivit yksitt\u00e4in.<\/p>\n<h2 data-start=\"3089\" data-end=\"3132\"><strong>MegaMillionsin pelaamisen edut verkossa<\/strong><\/h2>\n<p data-start=\"3134\" data-end=\"3284\">LottoHoy tarjoaa maailman suurimpien lottopelien lis\u00e4ksi kattavat tulos- ja voittotiedot, useita maksutapoja sek\u00e4 turvallisen ja luotettavan palvelun.<\/p>\n<p data-start=\"3286\" data-end=\"3381\">Ostaessasi rivin alustamme kautta se vastaa sit\u00e4, kuin ostaisit sen fyysisesti lotto-pisteest\u00e4.<\/p>\n<p data-start=\"3383\" data-end=\"3417\">Pelaamisen etuja ovat muun muassa:<\/p>\n<p data-start=\"3419\" data-end=\"4019\">\u25cf <strong data-start=\"3421\" data-end=\"3449\">Helppous ja turvallisuus<\/strong>, kiitos <a class=\"\" href=\"http:\/\/lottohoy.com\/\" target=\"_new\" rel=\"noopener\" data-start=\"3458\" data-end=\"3494\">lo<\/a>ttohoy.com -alustan suojattujen protokollien<br data-start=\"3528\" data-end=\"3531\" \/>\u25cf <strong data-start=\"3533\" data-end=\"3562\">Ajankohtaiset ilmoitukset<\/strong> uusista arvonnoista ja kampanjoista<br data-start=\"3598\" data-end=\"3601\" \/>\u25cf <strong data-start=\"3603\" data-end=\"3640\">P\u00e4ivittyv\u00e4t <a href=\"https:\/\/lottohoy.com\/fi\/lottery-tulokset\/mega-millions-tulokset\/\">MegaMillions-tulokset<\/a><\/strong> jokaisen arvonnan j\u00e4lkeen<br data-start=\"3666\" data-end=\"3669\" \/>\u25cf <strong data-start=\"3671\" data-end=\"3703\">V\u00e4lit\u00f6n voittojen maksaminen<\/strong> k\u00e4ytt\u00e4j\u00e4tilillesi<br data-start=\"3721\" data-end=\"3724\" \/>\u25cf <strong data-start=\"3726\" data-end=\"3744\">T\u00e4ysi hallinta<\/strong> k\u00e4ytt\u00e4j\u00e4tilill\u00e4si: talletukset, maksut, voitot jne.<br data-start=\"3796\" data-end=\"3799\" \/>\u25cf <strong data-start=\"3801\" data-end=\"3855\">Helppok\u00e4ytt\u00f6iset maksutavat ja kotiutusvaihtoehdot<\/strong><br data-start=\"3855\" data-end=\"3858\" \/>\u25cf <strong data-start=\"3860\" data-end=\"3904\">Osallistuminen kampanjoihin ja bonuksiin<\/strong>, joita lottohoy.com j\u00e4rjest\u00e4\u00e4<br data-start=\"3934\" data-end=\"3937\" \/>\u25cf <strong data-start=\"3939\" data-end=\"3955\">Lis\u00e4palvelut<\/strong>, joita lis\u00e4t\u00e4\u00e4n jatkuvasti asiakastyytyv\u00e4isyyden takaamiseksi<\/p>\n<p data-start=\"4021\" data-end=\"4119\">Kaikki t\u00e4m\u00e4 ilman, ett\u00e4 sinun tarvitsee poistua kotoa tai ty\u00f6paikalta \u2013 voit pelata mist\u00e4 tahansa.<\/p>\n<h2 data-start=\"4121\" data-end=\"4172\"><strong>MegaMillionsin voittoluokat ja todenn\u00e4k\u00f6isyydet<\/strong><\/h2>\n<p data-start=\"4174\" data-end=\"4304\">Alla olevassa taulukossa on lueteltu MegaMillionsin voittoluokat, voittojen m\u00e4\u00e4r\u00e4t ja miten ne voivat moninkertaistua kertoimella:<\/p>\n<div class=\"_tableContainer_16hzy_1\">\n<div class=\"_tableWrapper_16hzy_14 group flex w-fit flex-col-reverse\">\n<table class=\"w-fit min-w-(--thread-content-width)\" data-start=\"4306\" data-end=\"5353\">\n<thead data-start=\"4306\" data-end=\"4405\">\n<tr data-start=\"4306\" data-end=\"4405\">\n<th data-start=\"4306\" data-end=\"4323\" data-col-size=\"sm\">Oikeat numerot<\/th>\n<th data-start=\"4323\" data-end=\"4338\" data-col-size=\"sm\">Voitto<\/th>\n<th data-start=\"4338\" data-end=\"4351\" data-col-size=\"sm\">x2<\/th>\n<th data-start=\"4351\" data-end=\"4364\" data-col-size=\"sm\">x3<\/th>\n<th data-start=\"4364\" data-end=\"4377\" data-col-size=\"sm\">x4<\/th>\n<th data-start=\"4377\" data-end=\"4390\" data-col-size=\"sm\">x5<\/th>\n<th data-start=\"4390\" data-end=\"4405\" data-col-size=\"sm\">x10<\/th>\n<\/tr>\n<\/thead>\n<tbody data-start=\"4506\" data-end=\"5353\">\n<tr data-start=\"4506\" data-end=\"4553\">\n<td style=\"text-align: center\" data-start=\"4506\" data-end=\"4523\" data-col-size=\"sm\">5 + MB<\/td>\n<td data-col-size=\"sm\" data-start=\"4523\" data-end=\"4538\">Jackpot<\/td>\n<td data-col-size=\"sm\" data-start=\"4538\" data-end=\"4553\">Ei koske<\/td>\n<td data-col-size=\"sm\">Ei koske<\/td>\n<td data-col-size=\"sm\">Ei koske<\/td>\n<td data-col-size=\"sm\">Ei koske<\/td>\n<td data-col-size=\"sm\">Ei koske<\/td>\n<\/tr>\n<tr data-start=\"4554\" data-end=\"4653\">\n<td style=\"text-align: center\" data-start=\"4554\" data-end=\"4571\" data-col-size=\"sm\">5<\/td>\n<td data-col-size=\"sm\" data-start=\"4571\" data-end=\"4586\">$1.000.000<\/td>\n<td data-col-size=\"sm\" data-start=\"4586\" data-end=\"4599\">$2.000.000<\/td>\n<td data-col-size=\"sm\" data-start=\"4599\" data-end=\"4612\">$3.000.000<\/td>\n<td data-col-size=\"sm\" data-start=\"4612\" data-end=\"4625\">$4.000.000<\/td>\n<td data-col-size=\"sm\" data-start=\"4625\" data-end=\"4638\">$5.000.000<\/td>\n<td data-col-size=\"sm\" data-start=\"4638\" data-end=\"4653\">$10.000.000<\/td>\n<\/tr>\n<tr data-start=\"4654\" data-end=\"4753\">\n<td style=\"text-align: center\" data-start=\"4654\" data-end=\"4671\" data-col-size=\"sm\">4 + MB<\/td>\n<td data-col-size=\"sm\" data-start=\"4671\" data-end=\"4686\">$10.000<\/td>\n<td data-col-size=\"sm\" data-start=\"4686\" data-end=\"4699\">$20.000<\/td>\n<td data-col-size=\"sm\" data-start=\"4699\" data-end=\"4712\">$30.000<\/td>\n<td data-col-size=\"sm\" data-start=\"4712\" data-end=\"4725\">$40.000<\/td>\n<td data-col-size=\"sm\" data-start=\"4725\" data-end=\"4738\">$50.000<\/td>\n<td data-col-size=\"sm\" data-start=\"4738\" data-end=\"4753\">$100.000<\/td>\n<\/tr>\n<tr data-start=\"4754\" data-end=\"4853\">\n<td style=\"text-align: center\" data-start=\"4754\" data-end=\"4771\" data-col-size=\"sm\">4<\/td>\n<td data-col-size=\"sm\" data-start=\"4771\" data-end=\"4786\">$500<\/td>\n<td data-col-size=\"sm\" data-start=\"4786\" data-end=\"4799\">$1.000<\/td>\n<td data-col-size=\"sm\" data-start=\"4799\" data-end=\"4812\">$1.500<\/td>\n<td data-col-size=\"sm\" data-start=\"4812\" data-end=\"4825\">$2.000<\/td>\n<td data-col-size=\"sm\" data-start=\"4825\" data-end=\"4838\">$2.500<\/td>\n<td data-col-size=\"sm\" data-start=\"4838\" data-end=\"4853\">$5.000<\/td>\n<\/tr>\n<tr data-start=\"4854\" data-end=\"4953\">\n<td style=\"text-align: center\" data-start=\"4854\" data-end=\"4871\" data-col-size=\"sm\">3 + MB<\/td>\n<td data-col-size=\"sm\" data-start=\"4871\" data-end=\"4886\">$200<\/td>\n<td data-col-size=\"sm\" data-start=\"4886\" data-end=\"4899\">$400<\/td>\n<td data-col-size=\"sm\" data-start=\"4899\" data-end=\"4912\">$600<\/td>\n<td data-col-size=\"sm\" data-start=\"4912\" data-end=\"4925\">$800<\/td>\n<td data-col-size=\"sm\" data-start=\"4925\" data-end=\"4938\">$1.000<\/td>\n<td data-col-size=\"sm\" data-start=\"4938\" data-end=\"4953\">$2.000<\/td>\n<\/tr>\n<tr data-start=\"4954\" data-end=\"5053\">\n<td style=\"text-align: center\" data-start=\"4954\" data-end=\"4971\" data-col-size=\"sm\">3<\/td>\n<td data-col-size=\"sm\" data-start=\"4971\" data-end=\"4986\">$10<\/td>\n<td data-col-size=\"sm\" data-start=\"4986\" data-end=\"4999\">$20<\/td>\n<td data-col-size=\"sm\" data-start=\"4999\" data-end=\"5012\">$30<\/td>\n<td data-col-size=\"sm\" data-start=\"5012\" data-end=\"5025\">$40<\/td>\n<td data-col-size=\"sm\" data-start=\"5025\" data-end=\"5038\">$50<\/td>\n<td data-col-size=\"sm\" data-start=\"5038\" data-end=\"5053\">$100<\/td>\n<\/tr>\n<tr data-start=\"5054\" data-end=\"5153\">\n<td style=\"text-align: center\" data-start=\"5054\" data-end=\"5071\" data-col-size=\"sm\">2 + MB<\/td>\n<td data-col-size=\"sm\" data-start=\"5071\" data-end=\"5086\">$10<\/td>\n<td data-col-size=\"sm\" data-start=\"5086\" data-end=\"5099\">$20<\/td>\n<td data-col-size=\"sm\" data-start=\"5099\" data-end=\"5112\">$30<\/td>\n<td data-col-size=\"sm\" data-start=\"5112\" data-end=\"5125\">$40<\/td>\n<td data-col-size=\"sm\" data-start=\"5125\" data-end=\"5138\">$50<\/td>\n<td data-col-size=\"sm\" data-start=\"5138\" data-end=\"5153\">$100<\/td>\n<\/tr>\n<tr data-start=\"5154\" data-end=\"5253\">\n<td style=\"text-align: center\" data-start=\"5154\" data-end=\"5171\" data-col-size=\"sm\">1 + MB<\/td>\n<td data-col-size=\"sm\" data-start=\"5171\" data-end=\"5186\">$7<\/td>\n<td data-col-size=\"sm\" data-start=\"5186\" data-end=\"5199\">$14<\/td>\n<td data-col-size=\"sm\" data-start=\"5199\" data-end=\"5212\">$21<\/td>\n<td data-col-size=\"sm\" data-start=\"5212\" data-end=\"5225\">$28<\/td>\n<td data-col-size=\"sm\" data-start=\"5225\" data-end=\"5238\">$35<\/td>\n<td data-col-size=\"sm\" data-start=\"5238\" data-end=\"5253\">$70<\/td>\n<\/tr>\n<tr data-start=\"5254\" data-end=\"5353\">\n<td style=\"text-align: center\" data-start=\"5254\" data-end=\"5271\" data-col-size=\"sm\">MB<\/td>\n<td data-col-size=\"sm\" data-start=\"5271\" data-end=\"5286\">$5<\/td>\n<td data-col-size=\"sm\" data-start=\"5286\" data-end=\"5299\">$10<\/td>\n<td data-col-size=\"sm\" data-start=\"5299\" data-end=\"5312\">$15<\/td>\n<td data-col-size=\"sm\" data-start=\"5312\" data-end=\"5325\">$20<\/td>\n<td data-col-size=\"sm\" data-start=\"5325\" data-end=\"5338\">$25<\/td>\n<td data-col-size=\"sm\" data-start=\"5338\" data-end=\"5353\">$50<\/td>\n<\/tr>\n<\/tbody>\n<\/table>\n<div class=\"sticky end-(--thread-content-margin) h-0 self-end select-none\">\n<div class=\"absolute end-0 flex items-end\"><\/div>\n<\/div>\n<\/div>\n<\/div>\n<p data-start=\"5355\" data-end=\"5497\">Peli ei en\u00e4\u00e4 ole vain kuuden numeron arvaamista \u2013 <strong data-start=\"5405\" data-end=\"5437\">jokainen voitto voi yll\u00e4tt\u00e4\u00e4<\/strong>, koska satunnainen kerroin voi kasvattaa sen merkitt\u00e4v\u00e4sti.<\/p>\n<h3>Kertoimien todenn\u00e4k\u00f6isyydet<\/h3>\n<div class=\"_tableContainer_16hzy_1\">\n<div class=\"_tableWrapper_16hzy_14 group flex w-fit flex-col-reverse\">\n<table class=\"w-fit min-w-(--thread-content-width)\" data-start=\"5532\" data-end=\"5734\">\n<thead data-start=\"5532\" data-end=\"5560\">\n<tr data-start=\"5532\" data-end=\"5560\">\n<th style=\"width: 86px;text-align: center\" data-start=\"5532\" data-end=\"5542\" data-col-size=\"sm\">Kerroin<\/th>\n<th style=\"width: 108.672px;text-align: center\" data-start=\"5542\" data-end=\"5560\" data-col-size=\"sm\">Todenn\u00e4k\u00f6isyys<\/th>\n<\/tr>\n<\/thead>\n<tbody data-start=\"5590\" data-end=\"5734\">\n<tr data-start=\"5590\" data-end=\"5618\">\n<td style=\"width: 86px;text-align: center\" data-start=\"5590\" data-end=\"5600\" data-col-size=\"sm\">x10<\/td>\n<td style=\"width: 108.672px;text-align: center\" data-col-size=\"sm\" data-start=\"5600\" data-end=\"5618\">1 \/ 32<\/td>\n<\/tr>\n<tr data-start=\"5619\" data-end=\"5647\">\n<td style=\"width: 86px;text-align: center\" data-start=\"5619\" data-end=\"5629\" data-col-size=\"sm\">x5<\/td>\n<td style=\"width: 108.672px;text-align: center\" data-start=\"5629\" data-end=\"5647\" data-col-size=\"sm\">1 \/ 16<\/td>\n<\/tr>\n<tr data-start=\"5648\" data-end=\"5676\">\n<td style=\"width: 86px;text-align: center\" data-start=\"5648\" data-end=\"5658\" data-col-size=\"sm\">x4<\/td>\n<td style=\"width: 108.672px;text-align: center\" data-col-size=\"sm\" data-start=\"5658\" data-end=\"5676\">1 \/ 8<\/td>\n<\/tr>\n<tr data-start=\"5677\" data-end=\"5705\">\n<td style=\"width: 86px;text-align: center\" data-start=\"5677\" data-end=\"5687\" data-col-size=\"sm\">x3<\/td>\n<td style=\"width: 108.672px;text-align: center\" data-col-size=\"sm\" data-start=\"5687\" data-end=\"5705\">1 \/ 3<\/td>\n<\/tr>\n<tr data-start=\"5706\" data-end=\"5734\">\n<td style=\"width: 86px;text-align: center\" data-start=\"5706\" data-end=\"5716\" data-col-size=\"sm\">x2<\/td>\n<td style=\"width: 108.672px;text-align: center\" data-col-size=\"sm\" data-start=\"5716\" data-end=\"5734\">1 \/ 2<\/td>\n<\/tr>\n<\/tbody>\n<\/table>\n<div class=\"sticky end-(--thread-content-margin) h-0 self-end select-none\">\n<div class=\"absolute end-0 flex items-end\"><\/div>\n<\/div>\n<\/div>\n<\/div>\n<p data-start=\"5736\" data-end=\"5826\">50 % kokonaismyynnist\u00e4 menee palkintoihin. Kokonaistodenn\u00e4k\u00f6isyys voittaa jotakin on 1:24.<\/p>\n","protected":false},"excerpt":{"rendered":"<p>MegaMillions on yhdysvaltalainen arpajaispeli, jota tarjotaan t\u00e4ll\u00e4 hetkell\u00e4 44 osavaltiossa. Alta l\u00f6yd\u00e4t yleist\u00e4 tietoa arvontap\u00e4ivist\u00e4, pelin s\u00e4\u00e4nn\u00f6ist\u00e4 ja kaikesta, mit\u00e4 sinun tarvitsee tiet\u00e4\u00e4 pelataksesi MegaMillionsia. Kuinka pelata MegaMillionsia? MegaMillionsin pelaaminen on helppoa; pelisivulla n\u00e4et aloitusn\u00e4yt\u00f6n, jossa on viisi saraketta. Yksinkertaisessa riviss\u00e4 k\u00e4ytet\u00e4\u00e4n ensimm\u00e4ist\u00e4 saraketta, jossa valitaan 5 numeroa ruudukon yl\u00e4osasta (numerot 1\u201375) ja lis\u00e4ksi yksi [&hellip;]<\/p>\n","protected":false},"author":7,"featured_media":0,"parent":16745,"menu_order":2,"comment_status":"closed","ping_status":"closed","template":"megamillion-info.php","meta":{"_et_pb_use_builder":"","_et_pb_old_content":"","_et_gb_content_width":"","exclude_from_search":false,"footnotes":""},"class_list":["post-16765","page","type-page","status-publish","hentry"],"yoast_head":"<!-- This site is optimized with the Yoast SEO plugin v23.7 - https:\/\/yoast.com\/wordpress\/plugins\/seo\/ -->\n<title>\u25b7 Mega Millions -nettilotto-opas\u30102021\u3011- Lottohoy- Lottohoy<\/title>\n<meta name=\"description\" content=\"Tutustu siihen, miksi Megamillions on yksi maailman suurimmista ja suosituimmista arpajaisista. Voit hankkia lippusi seuraavaan arvontaan nyt!\" \/>\n<meta name=\"robots\" content=\"index, follow, max-snippet:-1, max-image-preview:large, max-video-preview:-1\" \/>\n<link rel=\"canonical\" href=\"https:\/\/lottohoy.com\/fi\/online-arpajaiset-faq\/mega-millions-arpajaiset-faq\/\" \/>\n<meta property=\"og:locale\" content=\"fi_FI\" \/>\n<meta property=\"og:type\" content=\"article\" \/>\n<meta property=\"og:title\" content=\"\u25b7 Mega Millions -nettilotto-opas\u30102021\u3011- Lottohoy- Lottohoy\" \/>\n<meta property=\"og:description\" content=\"Tutustu siihen, miksi Megamillions on yksi maailman suurimmista ja suosituimmista arpajaisista. Voit hankkia lippusi seuraavaan arvontaan nyt!\" \/>\n<meta property=\"og:url\" content=\"https:\/\/lottohoy.com\/fi\/online-arpajaiset-faq\/mega-millions-arpajaiset-faq\/\" \/>\n<meta property=\"og:site_name\" content=\"Lottohoy\" \/>\n<meta property=\"article:modified_time\" content=\"2025-05-28T15:53:03+00:00\" \/>\n<meta name=\"twitter:card\" content=\"summary_large_image\" \/>\n<meta name=\"twitter:label1\" content=\"Arvioitu lukuaika\" \/>\n\t<meta name=\"twitter:data1\" content=\"3 minuuttia\" \/>\n<script type=\"application\/ld+json\" class=\"yoast-schema-graph\">{\"@context\":\"https:\/\/schema.org\",\"@graph\":[{\"@type\":\"WebPage\",\"@id\":\"https:\/\/lottohoy.com\/fi\/online-arpajaiset-faq\/mega-millions-arpajaiset-faq\/\",\"url\":\"https:\/\/lottohoy.com\/fi\/online-arpajaiset-faq\/mega-millions-arpajaiset-faq\/\",\"name\":\"\u25b7 Mega Millions -nettilotto-opas\u30102021\u3011- Lottohoy- Lottohoy\",\"isPartOf\":{\"@id\":\"https:\/\/lottohoy.com\/fi\/#website\"},\"datePublished\":\"2018-05-03T13:23:34+00:00\",\"dateModified\":\"2025-05-28T15:53:03+00:00\",\"description\":\"Tutustu siihen, miksi Megamillions on yksi maailman suurimmista ja suosituimmista arpajaisista. Voit hankkia lippusi seuraavaan arvontaan nyt!\",\"breadcrumb\":{\"@id\":\"https:\/\/lottohoy.com\/fi\/online-arpajaiset-faq\/mega-millions-arpajaiset-faq\/#breadcrumb\"},\"inLanguage\":\"fi\",\"potentialAction\":[{\"@type\":\"ReadAction\",\"target\":[\"https:\/\/lottohoy.com\/fi\/online-arpajaiset-faq\/mega-millions-arpajaiset-faq\/\"]}]},{\"@type\":\"BreadcrumbList\",\"@id\":\"https:\/\/lottohoy.com\/fi\/online-arpajaiset-faq\/mega-millions-arpajaiset-faq\/#breadcrumb\",\"itemListElement\":[{\"@type\":\"ListItem\",\"position\":1,\"name\":\"Home\",\"item\":\"https:\/\/lottohoy.com\/fi\/\"},{\"@type\":\"ListItem\",\"position\":2,\"name\":\"Online arpajaiset FAQ\",\"item\":\"https:\/\/lottohoy.com\/fi\/online-arpajaiset-faq\/\"},{\"@type\":\"ListItem\",\"position\":3,\"name\":\"Mega Millions arpajaiset FAQ\"}]},{\"@type\":\"WebSite\",\"@id\":\"https:\/\/lottohoy.com\/fi\/#website\",\"url\":\"https:\/\/lottohoy.com\/fi\/\",\"name\":\"Lottohoy\",\"description\":\"\",\"potentialAction\":[{\"@type\":\"SearchAction\",\"target\":{\"@type\":\"EntryPoint\",\"urlTemplate\":\"https:\/\/lottohoy.com\/fi\/?s={search_term_string}\"},\"query-input\":{\"@type\":\"PropertyValueSpecification\",\"valueRequired\":true,\"valueName\":\"search_term_string\"}}],\"inLanguage\":\"fi\"}]}<\/script>\n<!-- \/ Yoast SEO plugin. -->","yoast_head_json":{"title":"\u25b7 Mega Millions -nettilotto-opas\u30102021\u3011- Lottohoy- Lottohoy","description":"Tutustu siihen, miksi Megamillions on yksi maailman suurimmista ja suosituimmista arpajaisista. Voit hankkia lippusi seuraavaan arvontaan nyt!","robots":{"index":"index","follow":"follow","max-snippet":"max-snippet:-1","max-image-preview":"max-image-preview:large","max-video-preview":"max-video-preview:-1"},"canonical":"https:\/\/lottohoy.com\/fi\/online-arpajaiset-faq\/mega-millions-arpajaiset-faq\/","og_locale":"fi_FI","og_type":"article","og_title":"\u25b7 Mega Millions -nettilotto-opas\u30102021\u3011- Lottohoy- Lottohoy","og_description":"Tutustu siihen, miksi Megamillions on yksi maailman suurimmista ja suosituimmista arpajaisista. Voit hankkia lippusi seuraavaan arvontaan nyt!","og_url":"https:\/\/lottohoy.com\/fi\/online-arpajaiset-faq\/mega-millions-arpajaiset-faq\/","og_site_name":"Lottohoy","article_modified_time":"2025-05-28T15:53:03+00:00","twitter_card":"summary_large_image","twitter_misc":{"Arvioitu lukuaika":"3 minuuttia"},"schema":{"@context":"https:\/\/schema.org","@graph":[{"@type":"WebPage","@id":"https:\/\/lottohoy.com\/fi\/online-arpajaiset-faq\/mega-millions-arpajaiset-faq\/","url":"https:\/\/lottohoy.com\/fi\/online-arpajaiset-faq\/mega-millions-arpajaiset-faq\/","name":"\u25b7 Mega Millions -nettilotto-opas\u30102021\u3011- Lottohoy- Lottohoy","isPartOf":{"@id":"https:\/\/lottohoy.com\/fi\/#website"},"datePublished":"2018-05-03T13:23:34+00:00","dateModified":"2025-05-28T15:53:03+00:00","description":"Tutustu siihen, miksi Megamillions on yksi maailman suurimmista ja suosituimmista arpajaisista. Voit hankkia lippusi seuraavaan arvontaan nyt!","breadcrumb":{"@id":"https:\/\/lottohoy.com\/fi\/online-arpajaiset-faq\/mega-millions-arpajaiset-faq\/#breadcrumb"},"inLanguage":"fi","potentialAction":[{"@type":"ReadAction","target":["https:\/\/lottohoy.com\/fi\/online-arpajaiset-faq\/mega-millions-arpajaiset-faq\/"]}]},{"@type":"BreadcrumbList","@id":"https:\/\/lottohoy.com\/fi\/online-arpajaiset-faq\/mega-millions-arpajaiset-faq\/#breadcrumb","itemListElement":[{"@type":"ListItem","position":1,"name":"Home","item":"https:\/\/lottohoy.com\/fi\/"},{"@type":"ListItem","position":2,"name":"Online arpajaiset FAQ","item":"https:\/\/lottohoy.com\/fi\/online-arpajaiset-faq\/"},{"@type":"ListItem","position":3,"name":"Mega Millions arpajaiset FAQ"}]},{"@type":"WebSite","@id":"https:\/\/lottohoy.com\/fi\/#website","url":"https:\/\/lottohoy.com\/fi\/","name":"Lottohoy","description":"","potentialAction":[{"@type":"SearchAction","target":{"@type":"EntryPoint","urlTemplate":"https:\/\/lottohoy.com\/fi\/?s={search_term_string}"},"query-input":{"@type":"PropertyValueSpecification","valueRequired":true,"valueName":"search_term_string"}}],"inLanguage":"fi"}]}},"_links":{"self":[{"href":"https:\/\/lottohoy.com\/fi\/wp-json\/wp\/v2\/pages\/16765","targetHints":{"allow":["GET"]}}],"collection":[{"href":"https:\/\/lottohoy.com\/fi\/wp-json\/wp\/v2\/pages"}],"about":[{"href":"https:\/\/lottohoy.com\/fi\/wp-json\/wp\/v2\/types\/page"}],"author":[{"embeddable":true,"href":"https:\/\/lottohoy.com\/fi\/wp-json\/wp\/v2\/users\/7"}],"replies":[{"embeddable":true,"href":"https:\/\/lottohoy.com\/fi\/wp-json\/wp\/v2\/comments?post=16765"}],"version-history":[{"count":3,"href":"https:\/\/lottohoy.com\/fi\/wp-json\/wp\/v2\/pages\/16765\/revisions"}],"predecessor-version":[{"id":20031,"href":"https:\/\/lottohoy.com\/fi\/wp-json\/wp\/v2\/pages\/16765\/revisions\/20031"}],"up":[{"embeddable":true,"href":"https:\/\/lottohoy.com\/fi\/wp-json\/wp\/v2\/pages\/16745"}],"wp:attachment":[{"href":"https:\/\/lottohoy.com\/fi\/wp-json\/wp\/v2\/media?parent=16765"}],"curies":[{"name":"wp","href":"https:\/\/api.w.org\/{rel}","templated":true}]}}