{"id":16753,"date":"2018-05-03T14:23:34","date_gmt":"2018-05-03T13:23:34","guid":{"rendered":"https:\/\/lottohoy.com\/online-arpajaiset-faq\/powerball-arpajaiset-faq\/"},"modified":"2018-05-03T14:23:34","modified_gmt":"2018-05-03T13:23:34","slug":"powerball-arpajaiset-faq","status":"publish","type":"page","link":"https:\/\/lottohoy.com\/fi\/online-arpajaiset-faq\/powerball-arpajaiset-faq\/","title":{"rendered":"Powerball arpajaiset FAQ"},"content":{"rendered":"<p>Powerball on Amerikan t\u00e4rkein lotto (yhdess\u00e4 <a href=\"https:\/\/lottohoy.com\/play\/mega-millions\/\">MegaMillionsin<\/a> kanssa) Sit\u00e4 pelataan 44 osavaltiossa sek\u00e4 Puerto Ricossa ja Yhdysvaltain Neitsytsaarilla. Ja t\u00e4st\u00e4 l\u00e4htien voit <a href=\"https:\/\/lottohoy.com\/play\/powerball\/\">ostaa Powerballia<\/a> my\u00f6s <a href=\"https:\/\/lottohoy.com\/play\/powerball\/\">netiss\u00e4<\/a> LottoHoy-sivustolla.<\/p>\n<h2><strong>Powerball-arpajaiset<\/strong><\/h2>\n<p>Powerballin tunnusomaisin piirre on, ett\u00e4 siin\u00e4 on aluksi <strong>40 miljoonan dollarin minimij\u00e4ttipotti<\/strong>, jota kasvatetaan rajattomasti, jos ensimm\u00e4isess\u00e4 luokassa ei ole voittajia.<\/p>\n<p>Erityisluokan voittajat voivat valita, ottavatko he k\u00e4teispalkinnon kerralla (ilman veroja ja kuluja) vai saavatko he sen jaettuna 30 annuiteettina.<\/p>\n<h2><strong>Miten Powerball-arpajaiset toimivat?<\/strong><\/h2>\n<p><a href=\"https:\/\/lottohoy.com\/play\/powerball\/\"><strong>Powerballin pelaaminen<\/strong><\/a> on niinkin yksinkertaista kuin valita <strong>viisi numeroa<\/strong>, jotka vaihtelevat v\u00e4lill\u00e4 1-69 valkoista palloa, ja <strong>yksi numero<\/strong>, joka vaihtelee v\u00e4lill\u00e4 1-26 punaista palloa).<\/p>\n<p><strong>Voittonumerot<\/strong> valitaan kahden pallokoneen avulla. Ensimm\u00e4isest\u00e4 koneesta otetaan viisi valkoista palloa ja toisesta koneesta punaiset pallot.<\/p>\n<p><strong>Voittaaksesi palkinnon<\/strong>, sinun on osuttava v\u00e4hint\u00e4\u00e4n Powerballiin, jolloin saat pienimm\u00e4n palkinnon. Palkintoluokkia on yhteens\u00e4 yhdeks\u00e4n riippuen siit\u00e4, kuinka monta numeroa olet osunut kohdalleen.<\/p>\n<h2><strong>Milloin Powerball arvotaan?<\/strong><\/h2>\n<p>Viralliset Powerball-arvonnat suoritetaan joka <strong>maanantai,<\/strong> <strong>keskiviikko ja lauantai klo 22:59 ET<\/strong> Floridassa, Yhdysvalloissa (4:59 CET torstaina ja sunnuntaina).<\/p>\n<p>Arvonnat televisioidaan koko Yhdysvalloissa, ja pian sen j\u00e4lkeen, kun viimeinen tarkistus on p\u00e4\u00e4ttynyt, voit n\u00e4hd\u00e4 <a href=\"https:\/\/lottohoy.com\/results\/powerball\/\"><strong>virallisen Powerball-arvonnan tuloksen<\/strong><\/a> verkkoalustallamme.<\/p>\n<h2><strong>Kuinka paljon Powerball-liput maksavat?<\/strong><\/h2>\n<p>Voit pelata Powerballia netiss\u00e4 LottoHoy:lla alkaen 3,95 \u20ac T\u00e4m\u00e4 on <strong>paras vaihtoehto<\/strong>, jota yksik\u00e4\u00e4n nettiv\u00e4litt\u00e4j\u00e4 tarjoaa.<\/p>\n<p>Muista, ett\u00e4 Powerballin pelaaminen LottoHoylla on kuin suoraan Yhdysvalloissa. Me toimimme puolestasi ja ostamme lipun <strong>viralliselta j\u00e4lleenmyyj\u00e4lt\u00e4<\/strong>, joten voitat <strong>taatusti<\/strong> voittosi.<\/p>\n<h2><strong>Mist\u00e4 ostaa Powerball-lippuja netist\u00e4?<\/strong><\/h2>\n<p>Voit <strong>ostaa Powerball-lippusi<\/strong> LottoHoysta. Pelaamisessa on monia etuja fyysisten myyntipisteiden kautta tapahtuvaan pelaamiseen verrattuna. T\u00e4ss\u00e4 on joitakin niist\u00e4:<\/p>\n<ul>\n<li style=\"list-style-type: none;\">\n<ul>\n<li>Mukavuutta on se, ett\u00e4 voit <strong>pelata mihin vuorokaudenaikaan<\/strong> tahansa, 24\/7.<\/li>\n<li>Sit\u00e4 voi pelata <strong>mill\u00e4 tahansa mobiililaitteella<\/strong>, tabletilla tai tietokoneella.<\/li>\n<li><strong>Kuka tahansa voi pelata<\/strong> mist\u00e4 tahansa maantieteellisest\u00e4 sijainnista, jossa on perusinternetyhteys.<\/li>\n<li>Se on <strong>100 % turvallinen<\/strong>. Lippu ostetaan suoraan valtuutetulta laitokselta (tai palvelua tarjoavalta taholta), joten <strong>osallistuminen on todellista<\/strong>.<\/li>\n<li><strong>Palkinnot talletetaan automaattisesti<\/strong> k\u00e4ytt\u00e4j\u00e4tilillesi jokaisen arvonnan j\u00e4lkeen.<\/li>\n<li>N\u00e4et kaikki suoritetut maksutapahtumat <strong>k\u00e4ytt\u00e4j\u00e4profiilissasi<\/strong>.<\/li>\n<li>Valitse <strong>monista eri maksutavoista<\/strong>, tulot ja nostot.<\/li>\n<li>\u00a0<\/li>\n<\/ul>\n<\/li>\n<\/ul>\n<h2><strong>Mit\u00e4 Powerball-numeroita tulee eniten?<\/strong><\/h2>\n<p>Kuten tied\u00e4t, <a href=\"https:\/\/lottohoy.com\/results\/powerball\/\"><strong>Powerball-tulossivullamme<\/strong><\/a> on kahden viime vuoden arvontojen tulokset. <strong>Voittonumeroiden<\/strong> analysointi voi auttaa sinua lis\u00e4\u00e4m\u00e4\u00e4n mahdollisuuksiasi saada voitto.<\/p>\n<p>Yleisimmin valitut numerot ovat <strong>8, 26, 22, 23 ja 36.<\/strong> Sit\u00e4 vastoin v\u00e4hiten valitut numerot ovat <strong>15, 51, 37, 47, 12, 4 ja 24<\/strong>.<\/p>\n<h2><strong>PowerBall-voittomahdollisuudet<\/strong><\/h2>\n<p>Alla n\u00e4et <strong>voiton todenn\u00e4k\u00f6isyyden<\/strong> kussakin Powerball-luokassa.<\/p>\n","protected":false},"excerpt":{"rendered":"<p>Powerball on Amerikan t\u00e4rkein lotto (yhdess\u00e4 MegaMillionsin kanssa) Sit\u00e4 pelataan 44 osavaltiossa sek\u00e4 Puerto Ricossa ja Yhdysvaltain Neitsytsaarilla. Ja t\u00e4st\u00e4 l\u00e4htien voit ostaa Powerballia my\u00f6s netiss\u00e4 LottoHoy-sivustolla. Powerball-arpajaiset Powerballin tunnusomaisin piirre on, ett\u00e4 siin\u00e4 on aluksi 40 miljoonan dollarin minimij\u00e4ttipotti, jota kasvatetaan rajattomasti, jos ensimm\u00e4isess\u00e4 luokassa ei ole voittajia. Erityisluokan voittajat voivat valita, ottavatko he [&hellip;]<\/p>\n","protected":false},"author":2,"featured_media":0,"parent":16745,"menu_order":1,"comment_status":"closed","ping_status":"closed","template":"powerball-usa-info.php","meta":{"_et_pb_use_builder":"","_et_pb_old_content":"","_et_gb_content_width":"","exclude_from_search":false,"footnotes":""},"class_list":["post-16753","page","type-page","status-publish","hentry"],"yoast_head":"<!-- This site is optimized with the Yoast SEO plugin v23.7 - https:\/\/yoast.com\/wordpress\/plugins\/seo\/ -->\n<title>\u25b7 Powerball FAQ ja online-arpajaisopas | Lottohoy | Lottohoy<\/title>\n<meta name=\"description\" content=\"T\u00e4ydellinen opas Powerballista, yhdest\u00e4 Amerikan suosituimmista arpajaisista. Osta Powerball-verkkokuponkisi nyt ja tee unelmistasi totta!\" \/>\n<meta name=\"robots\" content=\"index, follow, max-snippet:-1, max-image-preview:large, max-video-preview:-1\" \/>\n<link rel=\"canonical\" href=\"https:\/\/lottohoy.com\/fi\/online-arpajaiset-faq\/powerball-arpajaiset-faq\/\" \/>\n<meta property=\"og:locale\" content=\"fi_FI\" \/>\n<meta property=\"og:type\" content=\"article\" \/>\n<meta property=\"og:title\" content=\"\u25b7 Powerball FAQ ja online-arpajaisopas | Lottohoy | Lottohoy\" \/>\n<meta property=\"og:description\" content=\"T\u00e4ydellinen opas Powerballista, yhdest\u00e4 Amerikan suosituimmista arpajaisista. Osta Powerball-verkkokuponkisi nyt ja tee unelmistasi totta!\" \/>\n<meta property=\"og:url\" content=\"https:\/\/lottohoy.com\/fi\/online-arpajaiset-faq\/powerball-arpajaiset-faq\/\" \/>\n<meta property=\"og:site_name\" content=\"Lottohoy\" \/>\n<meta name=\"twitter:card\" content=\"summary_large_image\" \/>\n<meta name=\"twitter:label1\" content=\"Arvioitu lukuaika\" \/>\n\t<meta name=\"twitter:data1\" content=\"2 minuuttia\" \/>\n<script type=\"application\/ld+json\" class=\"yoast-schema-graph\">{\"@context\":\"https:\/\/schema.org\",\"@graph\":[{\"@type\":\"WebPage\",\"@id\":\"https:\/\/lottohoy.com\/fi\/online-arpajaiset-faq\/powerball-arpajaiset-faq\/\",\"url\":\"https:\/\/lottohoy.com\/fi\/online-arpajaiset-faq\/powerball-arpajaiset-faq\/\",\"name\":\"\u25b7 Powerball FAQ ja online-arpajaisopas | Lottohoy | Lottohoy\",\"isPartOf\":{\"@id\":\"https:\/\/lottohoy.com\/fi\/#website\"},\"datePublished\":\"2018-05-03T13:23:34+00:00\",\"dateModified\":\"2018-05-03T13:23:34+00:00\",\"description\":\"T\u00e4ydellinen opas Powerballista, yhdest\u00e4 Amerikan suosituimmista arpajaisista. Osta Powerball-verkkokuponkisi nyt ja tee unelmistasi totta!\",\"breadcrumb\":{\"@id\":\"https:\/\/lottohoy.com\/fi\/online-arpajaiset-faq\/powerball-arpajaiset-faq\/#breadcrumb\"},\"inLanguage\":\"fi\",\"potentialAction\":[{\"@type\":\"ReadAction\",\"target\":[\"https:\/\/lottohoy.com\/fi\/online-arpajaiset-faq\/powerball-arpajaiset-faq\/\"]}]},{\"@type\":\"BreadcrumbList\",\"@id\":\"https:\/\/lottohoy.com\/fi\/online-arpajaiset-faq\/powerball-arpajaiset-faq\/#breadcrumb\",\"itemListElement\":[{\"@type\":\"ListItem\",\"position\":1,\"name\":\"Home\",\"item\":\"https:\/\/lottohoy.com\/fi\/\"},{\"@type\":\"ListItem\",\"position\":2,\"name\":\"Online arpajaiset FAQ\",\"item\":\"https:\/\/lottohoy.com\/fi\/online-arpajaiset-faq\/\"},{\"@type\":\"ListItem\",\"position\":3,\"name\":\"Powerball arpajaiset FAQ\"}]},{\"@type\":\"WebSite\",\"@id\":\"https:\/\/lottohoy.com\/fi\/#website\",\"url\":\"https:\/\/lottohoy.com\/fi\/\",\"name\":\"Lottohoy\",\"description\":\"\",\"potentialAction\":[{\"@type\":\"SearchAction\",\"target\":{\"@type\":\"EntryPoint\",\"urlTemplate\":\"https:\/\/lottohoy.com\/fi\/?s={search_term_string}\"},\"query-input\":{\"@type\":\"PropertyValueSpecification\",\"valueRequired\":true,\"valueName\":\"search_term_string\"}}],\"inLanguage\":\"fi\"}]}<\/script>\n<!-- \/ Yoast SEO plugin. -->","yoast_head_json":{"title":"\u25b7 Powerball FAQ ja online-arpajaisopas | Lottohoy | Lottohoy","description":"T\u00e4ydellinen opas Powerballista, yhdest\u00e4 Amerikan suosituimmista arpajaisista. Osta Powerball-verkkokuponkisi nyt ja tee unelmistasi totta!","robots":{"index":"index","follow":"follow","max-snippet":"max-snippet:-1","max-image-preview":"max-image-preview:large","max-video-preview":"max-video-preview:-1"},"canonical":"https:\/\/lottohoy.com\/fi\/online-arpajaiset-faq\/powerball-arpajaiset-faq\/","og_locale":"fi_FI","og_type":"article","og_title":"\u25b7 Powerball FAQ ja online-arpajaisopas | Lottohoy | Lottohoy","og_description":"T\u00e4ydellinen opas Powerballista, yhdest\u00e4 Amerikan suosituimmista arpajaisista. Osta Powerball-verkkokuponkisi nyt ja tee unelmistasi totta!","og_url":"https:\/\/lottohoy.com\/fi\/online-arpajaiset-faq\/powerball-arpajaiset-faq\/","og_site_name":"Lottohoy","twitter_card":"summary_large_image","twitter_misc":{"Arvioitu lukuaika":"2 minuuttia"},"schema":{"@context":"https:\/\/schema.org","@graph":[{"@type":"WebPage","@id":"https:\/\/lottohoy.com\/fi\/online-arpajaiset-faq\/powerball-arpajaiset-faq\/","url":"https:\/\/lottohoy.com\/fi\/online-arpajaiset-faq\/powerball-arpajaiset-faq\/","name":"\u25b7 Powerball FAQ ja online-arpajaisopas | Lottohoy | Lottohoy","isPartOf":{"@id":"https:\/\/lottohoy.com\/fi\/#website"},"datePublished":"2018-05-03T13:23:34+00:00","dateModified":"2018-05-03T13:23:34+00:00","description":"T\u00e4ydellinen opas Powerballista, yhdest\u00e4 Amerikan suosituimmista arpajaisista. Osta Powerball-verkkokuponkisi nyt ja tee unelmistasi totta!","breadcrumb":{"@id":"https:\/\/lottohoy.com\/fi\/online-arpajaiset-faq\/powerball-arpajaiset-faq\/#breadcrumb"},"inLanguage":"fi","potentialAction":[{"@type":"ReadAction","target":["https:\/\/lottohoy.com\/fi\/online-arpajaiset-faq\/powerball-arpajaiset-faq\/"]}]},{"@type":"BreadcrumbList","@id":"https:\/\/lottohoy.com\/fi\/online-arpajaiset-faq\/powerball-arpajaiset-faq\/#breadcrumb","itemListElement":[{"@type":"ListItem","position":1,"name":"Home","item":"https:\/\/lottohoy.com\/fi\/"},{"@type":"ListItem","position":2,"name":"Online arpajaiset FAQ","item":"https:\/\/lottohoy.com\/fi\/online-arpajaiset-faq\/"},{"@type":"ListItem","position":3,"name":"Powerball arpajaiset FAQ"}]},{"@type":"WebSite","@id":"https:\/\/lottohoy.com\/fi\/#website","url":"https:\/\/lottohoy.com\/fi\/","name":"Lottohoy","description":"","potentialAction":[{"@type":"SearchAction","target":{"@type":"EntryPoint","urlTemplate":"https:\/\/lottohoy.com\/fi\/?s={search_term_string}"},"query-input":{"@type":"PropertyValueSpecification","valueRequired":true,"valueName":"search_term_string"}}],"inLanguage":"fi"}]}},"_links":{"self":[{"href":"https:\/\/lottohoy.com\/fi\/wp-json\/wp\/v2\/pages\/16753","targetHints":{"allow":["GET"]}}],"collection":[{"href":"https:\/\/lottohoy.com\/fi\/wp-json\/wp\/v2\/pages"}],"about":[{"href":"https:\/\/lottohoy.com\/fi\/wp-json\/wp\/v2\/types\/page"}],"author":[{"embeddable":true,"href":"https:\/\/lottohoy.com\/fi\/wp-json\/wp\/v2\/users\/2"}],"replies":[{"embeddable":true,"href":"https:\/\/lottohoy.com\/fi\/wp-json\/wp\/v2\/comments?post=16753"}],"version-history":[{"count":0,"href":"https:\/\/lottohoy.com\/fi\/wp-json\/wp\/v2\/pages\/16753\/revisions"}],"up":[{"embeddable":true,"href":"https:\/\/lottohoy.com\/fi\/wp-json\/wp\/v2\/pages\/16745"}],"wp:attachment":[{"href":"https:\/\/lottohoy.com\/fi\/wp-json\/wp\/v2\/media?parent=16753"}],"curies":[{"name":"wp","href":"https:\/\/api.w.org\/{rel}","templated":true}]}}