{"id":16745,"date":"2018-05-03T14:23:32","date_gmt":"2018-05-03T13:23:32","guid":{"rendered":"https:\/\/lottohoy.com\/online-arpajaiset-faq\/"},"modified":"2018-05-03T14:23:32","modified_gmt":"2018-05-03T13:23:32","slug":"online-arpajaiset-faq","status":"publish","type":"page","link":"https:\/\/lottohoy.com\/fi\/online-arpajaiset-faq\/","title":{"rendered":"Online arpajaiset FAQ"},"content":{"rendered":"<p>El\u00e4mme uusia aikoja, ja innovaatiot ohittavat perinteet. Kaikki muuttuu, ja kaikesta tulee nopeampaa ja helpompaa, jotta voit saavuttaa enemm\u00e4n ja ottaa el\u00e4m\u00e4st\u00e4 kaiken irti.<\/p>\n<p>T\u00e4m\u00e4 koskee my\u00f6s lottoa , ja nyky\u00e4\u00e4n <a href=\"https:\/\/lottohoy.com\/play\/\"><strong>nettilottojen pelaaminen<\/strong><\/a> on kaikkien saatavilla kaikkialla maailmassa internetin kautta.<\/p>\n<h2><b>Mit\u00e4 on online-arpajaiset?<\/b><\/h2>\n<p><strong>Online-arpajaiset<\/strong> ovat edelleen \u201dtyypillisi\u00e4\u201d lottoja, paitsi ett\u00e4 ostot tehd\u00e4\u00e4n verkossa internetin kautta. L\u00e4hes kaikkiin maailman arpajaisiin p\u00e4\u00e4see mukaan mist\u00e4 p\u00e4in maailmaa tahansa!<\/p>\n<p>Miss\u00e4 tahansa oletkin, voit pelata tunnetuimpia lottoja maailman toiselta puolelta. Samat palkinnot, samat mahdollisuudet. Filippiineilt\u00e4 kotoisin oleva pelaaja voi pelata amerikkalaista <a href=\"https:\/\/lottohoy.com\/play\/mega-millions\/\"><strong>MegaMillions-lottoa<\/strong><\/a>, tai kanadalainen pelaaja voi .<\/p>\n<h2>Miten lunastaa palkintorahat?<\/h2>\n<p>Jos valitsemiesi numeroiden tai pallojen yhdistelm\u00e4 vastaa kokonaan tai osittain pelattua <a href=\"https:\/\/lottohoy.com\/results\/\"><strong>virallista lottotulosta<\/strong><\/a>, vastaava palkinto talletetaan suoraan k\u00e4ytt\u00e4j\u00e4n tilille. N\u00e4m\u00e4 varat ovat k\u00e4ytett\u00e4viss\u00e4 siit\u00e4 hetkest\u00e4 l\u00e4htien.<\/p>\n<h2>Voiko lottoa pelata verkossa?<\/h2>\n<p>Totta kai, se on hyvin helppoa. <a href=\"\u201dhttps:\/\/lottohoy.com\/signup\/\u201d\"><strong>Rekister\u00f6idy<\/strong><\/a> vain <a href=\"\u201dhttps:\/\/lottohoy.com\/signup\/\u201d\"><strong>LottoHoy-sivustolle<\/strong><\/a> matkapuhelimella, kannettavalla tietokoneella tai p\u00f6yt\u00e4koneella ja aloita suosikkipelien pelaaminen sijainnista riippumatta .<\/p>\n<h2><b>Miten ostaa lottokuponkeja verkossa<\/b><\/h2>\n<p>Kun astut sis\u00e4\u00e4n LottoHoy-verkkopalveluun, sinun on valittava arpajaiset, joissa haluat pelata. Seuraa ilmoitettuja ohjeita valitaksesi yhdistelm\u00e4si ja t\u00e4yt\u00e4 niin monta saraketta kuin haluat.<\/p>\n<p>Sitten sinun tarvitsee vain suorittaa maksu jollakin tarjoamistamme eri maksutavoista, ja lottokuponki tai -liput ovat heti sinun.<\/p>\n<h2><b>Mik\u00e4 nettilotto on paras?<\/b><\/h2>\n<p>Jokaisella lotolla on omat etunsa, sinun on vain l\u00f6ydett\u00e4v\u00e4 se, joka tarjoaa sinulle parhaiten sopivat ominaisuudet. .<\/p>\n<p>Tietyiss\u00e4 arpajaisissa on <a href=\"https:\/\/lottohoy.com\/jackpots\/\"><strong>valtavia j\u00e4ttipotteja<\/strong><\/a> ensimm\u00e4isen luokan voittajille, joihin on kertynyt aiempia arvontoja ilman voittajaa. Joissakin on saavutettu jopa 10-numeroisia rahasummia (<del>suurin t\u00e4h\u00e4n menness\u00e4 jaettu j\u00e4ttipotti oli <\/del><strong><del>1,5 miljardia dollaria<\/del><\/strong>). se oli lokakuussa 2023, mutta nyky\u00e4\u00e4n tuo luku on ylitetty kahteen otteeseen, ja kahdessa amerikkalaisessa lotossa on suurimmat palkinnot t\u00e4h\u00e4n p\u00e4iv\u00e4\u00e4n, vuoden 2025 ensimm\u00e4iseen p\u00e4iv\u00e4\u00e4n asti.<\/p>\n<p><strong>Powerball-arpajaisissa enn\u00e4tys on 2,040 miljoonaa dollaria, ja Megamillions-arpajaisissa 1,602 miljoonaa dollaria.<\/strong><\/p>\n<p>On olemassa muitakin lottoja, jotka jakavat palkintoarvontoja eri luokkien kesken, jotta voittajia voi olla paljon enemm\u00e4n pienemmill\u00e4 summilla.<\/p>\n","protected":false},"excerpt":{"rendered":"<p>El\u00e4mme uusia aikoja, ja innovaatiot ohittavat perinteet. Kaikki muuttuu, ja kaikesta tulee nopeampaa ja helpompaa, jotta voit saavuttaa enemm\u00e4n ja ottaa el\u00e4m\u00e4st\u00e4 kaiken irti. T\u00e4m\u00e4 koskee my\u00f6s lottoa , ja nyky\u00e4\u00e4n nettilottojen pelaaminen on kaikkien saatavilla kaikkialla maailmassa internetin kautta. Mit\u00e4 on online-arpajaiset? Online-arpajaiset ovat edelleen \u201dtyypillisi\u00e4\u201d lottoja, paitsi ett\u00e4 ostot tehd\u00e4\u00e4n verkossa internetin kautta. [&hellip;]<\/p>\n","protected":false},"author":2,"featured_media":0,"parent":0,"menu_order":3,"comment_status":"closed","ping_status":"closed","template":"Information.php","meta":{"_et_pb_use_builder":"","_et_pb_old_content":"","_et_gb_content_width":"","exclude_from_search":false,"footnotes":""},"class_list":["post-16745","page","type-page","status-publish","hentry"],"yoast_head":"<!-- This site is optimized with the Yoast SEO plugin v23.7 - https:\/\/yoast.com\/wordpress\/plugins\/seo\/ -->\n<title>Online-arpajaiset FAQ - Lottohoy<\/title>\n<meta name=\"description\" content=\"Kaikki mit\u00e4 sinun tarvitsee tiet\u00e4\u00e4 nettilotosta! L\u00f6yd\u00e4 vastaus useimmin kysyttyihin kysymyksiin ja tee unelmistasi totta Lottohoylla.\" \/>\n<meta name=\"robots\" content=\"index, follow, max-snippet:-1, max-image-preview:large, max-video-preview:-1\" \/>\n<link rel=\"canonical\" href=\"https:\/\/lottohoy.com\/fi\/online-arpajaiset-faq\/\" \/>\n<meta property=\"og:locale\" content=\"fi_FI\" \/>\n<meta property=\"og:type\" content=\"article\" \/>\n<meta property=\"og:title\" content=\"Online-arpajaiset FAQ - Lottohoy\" \/>\n<meta property=\"og:description\" content=\"Kaikki mit\u00e4 sinun tarvitsee tiet\u00e4\u00e4 nettilotosta! L\u00f6yd\u00e4 vastaus useimmin kysyttyihin kysymyksiin ja tee unelmistasi totta Lottohoylla.\" \/>\n<meta property=\"og:url\" content=\"https:\/\/lottohoy.com\/fi\/online-arpajaiset-faq\/\" \/>\n<meta property=\"og:site_name\" content=\"Lottohoy\" \/>\n<meta name=\"twitter:card\" content=\"summary_large_image\" \/>\n<meta name=\"twitter:label1\" content=\"Arvioitu lukuaika\" \/>\n\t<meta name=\"twitter:data1\" content=\"2 minuuttia\" \/>\n<script type=\"application\/ld+json\" class=\"yoast-schema-graph\">{\"@context\":\"https:\/\/schema.org\",\"@graph\":[{\"@type\":\"WebPage\",\"@id\":\"https:\/\/lottohoy.com\/fi\/online-arpajaiset-faq\/\",\"url\":\"https:\/\/lottohoy.com\/fi\/online-arpajaiset-faq\/\",\"name\":\"Online-arpajaiset FAQ - Lottohoy\",\"isPartOf\":{\"@id\":\"https:\/\/lottohoy.com\/fi\/#website\"},\"datePublished\":\"2018-05-03T13:23:32+00:00\",\"dateModified\":\"2018-05-03T13:23:32+00:00\",\"description\":\"Kaikki mit\u00e4 sinun tarvitsee tiet\u00e4\u00e4 nettilotosta! L\u00f6yd\u00e4 vastaus useimmin kysyttyihin kysymyksiin ja tee unelmistasi totta Lottohoylla.\",\"breadcrumb\":{\"@id\":\"https:\/\/lottohoy.com\/fi\/online-arpajaiset-faq\/#breadcrumb\"},\"inLanguage\":\"fi\",\"potentialAction\":[{\"@type\":\"ReadAction\",\"target\":[\"https:\/\/lottohoy.com\/fi\/online-arpajaiset-faq\/\"]}]},{\"@type\":\"BreadcrumbList\",\"@id\":\"https:\/\/lottohoy.com\/fi\/online-arpajaiset-faq\/#breadcrumb\",\"itemListElement\":[{\"@type\":\"ListItem\",\"position\":1,\"name\":\"Home\",\"item\":\"https:\/\/lottohoy.com\/fi\/\"},{\"@type\":\"ListItem\",\"position\":2,\"name\":\"Online arpajaiset FAQ\"}]},{\"@type\":\"WebSite\",\"@id\":\"https:\/\/lottohoy.com\/fi\/#website\",\"url\":\"https:\/\/lottohoy.com\/fi\/\",\"name\":\"Lottohoy\",\"description\":\"\",\"potentialAction\":[{\"@type\":\"SearchAction\",\"target\":{\"@type\":\"EntryPoint\",\"urlTemplate\":\"https:\/\/lottohoy.com\/fi\/?s={search_term_string}\"},\"query-input\":{\"@type\":\"PropertyValueSpecification\",\"valueRequired\":true,\"valueName\":\"search_term_string\"}}],\"inLanguage\":\"fi\"}]}<\/script>\n<!-- \/ Yoast SEO plugin. -->","yoast_head_json":{"title":"Online-arpajaiset FAQ - Lottohoy","description":"Kaikki mit\u00e4 sinun tarvitsee tiet\u00e4\u00e4 nettilotosta! L\u00f6yd\u00e4 vastaus useimmin kysyttyihin kysymyksiin ja tee unelmistasi totta Lottohoylla.","robots":{"index":"index","follow":"follow","max-snippet":"max-snippet:-1","max-image-preview":"max-image-preview:large","max-video-preview":"max-video-preview:-1"},"canonical":"https:\/\/lottohoy.com\/fi\/online-arpajaiset-faq\/","og_locale":"fi_FI","og_type":"article","og_title":"Online-arpajaiset FAQ - Lottohoy","og_description":"Kaikki mit\u00e4 sinun tarvitsee tiet\u00e4\u00e4 nettilotosta! L\u00f6yd\u00e4 vastaus useimmin kysyttyihin kysymyksiin ja tee unelmistasi totta Lottohoylla.","og_url":"https:\/\/lottohoy.com\/fi\/online-arpajaiset-faq\/","og_site_name":"Lottohoy","twitter_card":"summary_large_image","twitter_misc":{"Arvioitu lukuaika":"2 minuuttia"},"schema":{"@context":"https:\/\/schema.org","@graph":[{"@type":"WebPage","@id":"https:\/\/lottohoy.com\/fi\/online-arpajaiset-faq\/","url":"https:\/\/lottohoy.com\/fi\/online-arpajaiset-faq\/","name":"Online-arpajaiset FAQ - Lottohoy","isPartOf":{"@id":"https:\/\/lottohoy.com\/fi\/#website"},"datePublished":"2018-05-03T13:23:32+00:00","dateModified":"2018-05-03T13:23:32+00:00","description":"Kaikki mit\u00e4 sinun tarvitsee tiet\u00e4\u00e4 nettilotosta! L\u00f6yd\u00e4 vastaus useimmin kysyttyihin kysymyksiin ja tee unelmistasi totta Lottohoylla.","breadcrumb":{"@id":"https:\/\/lottohoy.com\/fi\/online-arpajaiset-faq\/#breadcrumb"},"inLanguage":"fi","potentialAction":[{"@type":"ReadAction","target":["https:\/\/lottohoy.com\/fi\/online-arpajaiset-faq\/"]}]},{"@type":"BreadcrumbList","@id":"https:\/\/lottohoy.com\/fi\/online-arpajaiset-faq\/#breadcrumb","itemListElement":[{"@type":"ListItem","position":1,"name":"Home","item":"https:\/\/lottohoy.com\/fi\/"},{"@type":"ListItem","position":2,"name":"Online arpajaiset FAQ"}]},{"@type":"WebSite","@id":"https:\/\/lottohoy.com\/fi\/#website","url":"https:\/\/lottohoy.com\/fi\/","name":"Lottohoy","description":"","potentialAction":[{"@type":"SearchAction","target":{"@type":"EntryPoint","urlTemplate":"https:\/\/lottohoy.com\/fi\/?s={search_term_string}"},"query-input":{"@type":"PropertyValueSpecification","valueRequired":true,"valueName":"search_term_string"}}],"inLanguage":"fi"}]}},"_links":{"self":[{"href":"https:\/\/lottohoy.com\/fi\/wp-json\/wp\/v2\/pages\/16745","targetHints":{"allow":["GET"]}}],"collection":[{"href":"https:\/\/lottohoy.com\/fi\/wp-json\/wp\/v2\/pages"}],"about":[{"href":"https:\/\/lottohoy.com\/fi\/wp-json\/wp\/v2\/types\/page"}],"author":[{"embeddable":true,"href":"https:\/\/lottohoy.com\/fi\/wp-json\/wp\/v2\/users\/2"}],"replies":[{"embeddable":true,"href":"https:\/\/lottohoy.com\/fi\/wp-json\/wp\/v2\/comments?post=16745"}],"version-history":[{"count":0,"href":"https:\/\/lottohoy.com\/fi\/wp-json\/wp\/v2\/pages\/16745\/revisions"}],"wp:attachment":[{"href":"https:\/\/lottohoy.com\/fi\/wp-json\/wp\/v2\/media?parent=16745"}],"curies":[{"name":"wp","href":"https:\/\/api.w.org\/{rel}","templated":true}]}}