{"id":16737,"date":"2018-08-23T10:30:41","date_gmt":"2018-08-23T09:30:41","guid":{"rendered":"https:\/\/lottohoy.com\/pelata\/pelaa-lauantaina-lotto\/"},"modified":"2018-08-23T10:30:41","modified_gmt":"2018-08-23T09:30:41","slug":"pelaa-lauantaina-lotto","status":"publish","type":"page","link":"https:\/\/lottohoy.com\/fi\/pelata\/pelaa-lauantaina-lotto\/","title":{"rendered":"Pelaa lauantaina Lotto"},"content":{"rendered":"<p>Lauantailotto luotiin t\u00e4ydent\u00e4m\u00e4\u00e4n viikoittaista lottoarvontojen valikoimaa Australiassa. Kyseess\u00e4 on peli, joka muistuttaa t\u00e4ll\u00e4 hetkell\u00e4 eurooppalaisia lottoja, ja se koostuu j\u00e4rjestelm\u00e4st\u00e4, jossa pallot arvotaan rummusta kuuden numeron yhdistelm\u00e4n muodostamiseksi.<\/p>\n<p>T\u00e4ss\u00e4 lotossa on sarja poikkeuksellisia arvontoja, joita kutsutaan \u201dsuperarvonnoiksi\u201d ja joiden palkinto on jopa 20 000 000 Australian dollaria ja jotka suoritetaan kuuden tai seitsem\u00e4n tavallisen arvonnan v\u00e4lein.<\/p>\n<p>Lis\u00e4ksi heill\u00e4 on my\u00f6s muita erikoisarvontoja, \u201dmegadraw\u201d, yleens\u00e4 joulun ja uudenvuoden aikaan, joiden arvioitu j\u00e4ttipotti on jopa 30 000 000 AUD dollaria.<\/p>\n<h2><strong>Kuinka pelata lauantailottoa Australiassa<\/strong><\/h2>\n<p>Tehd\u00e4kseen lauantailotto-vedon pelaajan on valittava kuusi numeroa taulukosta, joka koostuu 45:st\u00e4 numeroidusta ruudusta 1:st\u00e4 45:een.<\/p>\n<p>Kun arvonta suoritetaan, kuusi p\u00e4\u00e4palloa ja kaksi ylim\u00e4\u00e4r\u00e4ist\u00e4 palloa, joita kutsutaan \u201dlis\u00e4palloksi\u201d, vedet\u00e4\u00e4n ulos. N\u00e4iden pallojen teht\u00e4v\u00e4n\u00e4 on lis\u00e4t\u00e4 plussaa toisen ja viidennen luokan voittajille. Kuudennen kategorian palkinnon saamiseksi on v\u00e4ltt\u00e4m\u00e4t\u00f6nt\u00e4 yhdist\u00e4\u00e4 n\u00e4m\u00e4 kaksi palloa v\u00e4hint\u00e4\u00e4n yhteen p\u00e4\u00e4palloon.<\/p>\n<h2><strong>Milloin lauantailotto AU:n arvonta suoritetaan?<\/strong><\/h2>\n<p>Yksi viikoittainen arvonta suoritetaan joka lauantai klo 20.30 Australian paikallista aikaa. Lipunmyynti sulkeutuu tuntia ennen arvonnan alkua, ja kun arvonta on p\u00e4\u00e4ttynyt, myynti avataan uudelleen seuraavan viikon arvontaan.<\/p>\n<h2><strong>Kuinka paljon lauantailotto maksaa?<\/strong><\/h2>\n<p>LottoHoyssa voit pelata lauantailottoa alkaen 1,50 \u20ac per pelattu sarake. (T\u00e4m\u00e4 summa voi vaihdella riippuen dollarin vaihtokurssista euroon n\u00e4hden). T\u00e4m\u00e4 alhainen hinta tekee siit\u00e4 yhden houkuttelevimmista pelattavista joka viikko.<\/p>\n<h2><strong>Miten ostaa Saturday Lotto<\/strong><\/h2>\n<p>Jos et asu Australiassa tai et voi olla maassa fyysisesti, loton hankkiminen verkkoalustamme kautta on helppoa ja k\u00e4yt\u00e4nn\u00f6llist\u00e4.<\/p>\n<p>Sinun tarvitsee vain noudattaa n\u00e4it\u00e4 ohjeita:<\/p>\n<ol>\n<li>Siirry Saturday Lotto -pelin sivulle.<\/li>\n<li>Jokaisessa sarakkeessa tai rivill\u00e4 sinun on valittava kuusi numeroa 45:st\u00e4 saatavilla olevasta numerosta.<\/li>\n<li>Voit laajentaa pelattavien sarakkeiden m\u00e4\u00e4r\u00e4\u00e4 klikkaamalla \u201d<strong>Lis\u00e4\u00e4 rivej\u00e4<\/strong>\u201d.<\/li>\n<li>Klikkaa sitten \u201dJatka\u201d p\u00e4\u00e4st\u00e4ksesi maksusivulle.<\/li>\n<li>Maksun\u00e4yt\u00f6ll\u00e4 n\u00e4kyy laaja valikoima maksutapoja, jotka vaihtelevat luotto- \/ pankkikorteista ja tunnetuista j\u00e4rjestelmist\u00e4, kuten Skrill tai Neteller, sek\u00e4 pitk\u00e4 lista muita maksutapoja.<\/li>\n<\/ol>\n","protected":false},"excerpt":{"rendered":"<p>Lauantailotto luotiin t\u00e4ydent\u00e4m\u00e4\u00e4n viikoittaista lottoarvontojen valikoimaa Australiassa. Kyseess\u00e4 on peli, joka muistuttaa t\u00e4ll\u00e4 hetkell\u00e4 eurooppalaisia lottoja, ja se koostuu j\u00e4rjestelm\u00e4st\u00e4, jossa pallot arvotaan rummusta kuuden numeron yhdistelm\u00e4n muodostamiseksi. T\u00e4ss\u00e4 lotossa on sarja poikkeuksellisia arvontoja, joita kutsutaan \u201dsuperarvonnoiksi\u201d ja joiden palkinto on jopa 20 000 000 Australian dollaria ja jotka suoritetaan kuuden tai seitsem\u00e4n tavallisen arvonnan [&hellip;]<\/p>\n","protected":false},"author":2,"featured_media":0,"parent":16581,"menu_order":19,"comment_status":"closed","ping_status":"closed","template":"saturday-lotto.php","meta":{"_et_pb_use_builder":"","_et_pb_old_content":"","_et_gb_content_width":"","exclude_from_search":false,"footnotes":""},"class_list":["post-16737","page","type-page","status-publish","hentry"],"yoast_head":"<!-- This site is optimized with the Yoast SEO plugin v23.7 - https:\/\/yoast.com\/wordpress\/plugins\/seo\/ -->\n<title>Pelaa lauantailottoa netiss\u00e4 - Osu aussimaiseen j\u00e4ttipottiin jo t\u00e4n\u00e4\u00e4n!<\/title>\n<meta name=\"description\" content=\"Tehd\u00e4ksesi Saturday Lotto -vedon, sinun on valittava 6 suosikkinumeroasi taulukosta, joka koostuu 45 numerosta. Pelaa nyt ja tule miljon\u00e4\u00e4riksi jo t\u00e4n\u00e4\u00e4n!\" \/>\n<meta name=\"robots\" content=\"index, follow, max-snippet:-1, max-image-preview:large, max-video-preview:-1\" \/>\n<link rel=\"canonical\" href=\"https:\/\/lottohoy.com\/fi\/pelata\/pelaa-lauantaina-lotto\/\" \/>\n<meta property=\"og:locale\" content=\"fi_FI\" \/>\n<meta property=\"og:type\" content=\"article\" \/>\n<meta property=\"og:title\" content=\"Pelaa lauantailottoa netiss\u00e4 - Osu aussimaiseen j\u00e4ttipottiin jo t\u00e4n\u00e4\u00e4n!\" \/>\n<meta property=\"og:description\" content=\"Tehd\u00e4ksesi Saturday Lotto -vedon, sinun on valittava 6 suosikkinumeroasi taulukosta, joka koostuu 45 numerosta. Pelaa nyt ja tule miljon\u00e4\u00e4riksi jo t\u00e4n\u00e4\u00e4n!\" \/>\n<meta property=\"og:url\" content=\"https:\/\/lottohoy.com\/fi\/pelata\/pelaa-lauantaina-lotto\/\" \/>\n<meta property=\"og:site_name\" content=\"Lottohoy\" \/>\n<meta name=\"twitter:card\" content=\"summary_large_image\" \/>\n<meta name=\"twitter:label1\" content=\"Arvioitu lukuaika\" \/>\n\t<meta name=\"twitter:data1\" content=\"2 minuuttia\" \/>\n<script type=\"application\/ld+json\" class=\"yoast-schema-graph\">{\"@context\":\"https:\/\/schema.org\",\"@graph\":[{\"@type\":\"WebPage\",\"@id\":\"https:\/\/lottohoy.com\/fi\/pelata\/pelaa-lauantaina-lotto\/\",\"url\":\"https:\/\/lottohoy.com\/fi\/pelata\/pelaa-lauantaina-lotto\/\",\"name\":\"Pelaa lauantailottoa netiss\u00e4 - Osu aussimaiseen j\u00e4ttipottiin jo t\u00e4n\u00e4\u00e4n!\",\"isPartOf\":{\"@id\":\"https:\/\/lottohoy.com\/fi\/#website\"},\"datePublished\":\"2018-08-23T09:30:41+00:00\",\"dateModified\":\"2018-08-23T09:30:41+00:00\",\"description\":\"Tehd\u00e4ksesi Saturday Lotto -vedon, sinun on valittava 6 suosikkinumeroasi taulukosta, joka koostuu 45 numerosta. Pelaa nyt ja tule miljon\u00e4\u00e4riksi jo t\u00e4n\u00e4\u00e4n!\",\"breadcrumb\":{\"@id\":\"https:\/\/lottohoy.com\/fi\/pelata\/pelaa-lauantaina-lotto\/#breadcrumb\"},\"inLanguage\":\"fi\",\"potentialAction\":[{\"@type\":\"ReadAction\",\"target\":[\"https:\/\/lottohoy.com\/fi\/pelata\/pelaa-lauantaina-lotto\/\"]}]},{\"@type\":\"BreadcrumbList\",\"@id\":\"https:\/\/lottohoy.com\/fi\/pelata\/pelaa-lauantaina-lotto\/#breadcrumb\",\"itemListElement\":[{\"@type\":\"ListItem\",\"position\":1,\"name\":\"Home\",\"item\":\"https:\/\/lottohoy.com\/fi\/\"},{\"@type\":\"ListItem\",\"position\":2,\"name\":\"Pelaa lottoa verkossa\",\"item\":\"https:\/\/lottohoy.com\/fi\/pelata\/\"},{\"@type\":\"ListItem\",\"position\":3,\"name\":\"Pelaa lauantaina Lotto\"}]},{\"@type\":\"WebSite\",\"@id\":\"https:\/\/lottohoy.com\/fi\/#website\",\"url\":\"https:\/\/lottohoy.com\/fi\/\",\"name\":\"Lottohoy\",\"description\":\"\",\"potentialAction\":[{\"@type\":\"SearchAction\",\"target\":{\"@type\":\"EntryPoint\",\"urlTemplate\":\"https:\/\/lottohoy.com\/fi\/?s={search_term_string}\"},\"query-input\":{\"@type\":\"PropertyValueSpecification\",\"valueRequired\":true,\"valueName\":\"search_term_string\"}}],\"inLanguage\":\"fi\"}]}<\/script>\n<!-- \/ Yoast SEO plugin. -->","yoast_head_json":{"title":"Pelaa lauantailottoa netiss\u00e4 - Osu aussimaiseen j\u00e4ttipottiin jo t\u00e4n\u00e4\u00e4n!","description":"Tehd\u00e4ksesi Saturday Lotto -vedon, sinun on valittava 6 suosikkinumeroasi taulukosta, joka koostuu 45 numerosta. Pelaa nyt ja tule miljon\u00e4\u00e4riksi jo t\u00e4n\u00e4\u00e4n!","robots":{"index":"index","follow":"follow","max-snippet":"max-snippet:-1","max-image-preview":"max-image-preview:large","max-video-preview":"max-video-preview:-1"},"canonical":"https:\/\/lottohoy.com\/fi\/pelata\/pelaa-lauantaina-lotto\/","og_locale":"fi_FI","og_type":"article","og_title":"Pelaa lauantailottoa netiss\u00e4 - Osu aussimaiseen j\u00e4ttipottiin jo t\u00e4n\u00e4\u00e4n!","og_description":"Tehd\u00e4ksesi Saturday Lotto -vedon, sinun on valittava 6 suosikkinumeroasi taulukosta, joka koostuu 45 numerosta. Pelaa nyt ja tule miljon\u00e4\u00e4riksi jo t\u00e4n\u00e4\u00e4n!","og_url":"https:\/\/lottohoy.com\/fi\/pelata\/pelaa-lauantaina-lotto\/","og_site_name":"Lottohoy","twitter_card":"summary_large_image","twitter_misc":{"Arvioitu lukuaika":"2 minuuttia"},"schema":{"@context":"https:\/\/schema.org","@graph":[{"@type":"WebPage","@id":"https:\/\/lottohoy.com\/fi\/pelata\/pelaa-lauantaina-lotto\/","url":"https:\/\/lottohoy.com\/fi\/pelata\/pelaa-lauantaina-lotto\/","name":"Pelaa lauantailottoa netiss\u00e4 - Osu aussimaiseen j\u00e4ttipottiin jo t\u00e4n\u00e4\u00e4n!","isPartOf":{"@id":"https:\/\/lottohoy.com\/fi\/#website"},"datePublished":"2018-08-23T09:30:41+00:00","dateModified":"2018-08-23T09:30:41+00:00","description":"Tehd\u00e4ksesi Saturday Lotto -vedon, sinun on valittava 6 suosikkinumeroasi taulukosta, joka koostuu 45 numerosta. Pelaa nyt ja tule miljon\u00e4\u00e4riksi jo t\u00e4n\u00e4\u00e4n!","breadcrumb":{"@id":"https:\/\/lottohoy.com\/fi\/pelata\/pelaa-lauantaina-lotto\/#breadcrumb"},"inLanguage":"fi","potentialAction":[{"@type":"ReadAction","target":["https:\/\/lottohoy.com\/fi\/pelata\/pelaa-lauantaina-lotto\/"]}]},{"@type":"BreadcrumbList","@id":"https:\/\/lottohoy.com\/fi\/pelata\/pelaa-lauantaina-lotto\/#breadcrumb","itemListElement":[{"@type":"ListItem","position":1,"name":"Home","item":"https:\/\/lottohoy.com\/fi\/"},{"@type":"ListItem","position":2,"name":"Pelaa lottoa verkossa","item":"https:\/\/lottohoy.com\/fi\/pelata\/"},{"@type":"ListItem","position":3,"name":"Pelaa lauantaina Lotto"}]},{"@type":"WebSite","@id":"https:\/\/lottohoy.com\/fi\/#website","url":"https:\/\/lottohoy.com\/fi\/","name":"Lottohoy","description":"","potentialAction":[{"@type":"SearchAction","target":{"@type":"EntryPoint","urlTemplate":"https:\/\/lottohoy.com\/fi\/?s={search_term_string}"},"query-input":{"@type":"PropertyValueSpecification","valueRequired":true,"valueName":"search_term_string"}}],"inLanguage":"fi"}]}},"_links":{"self":[{"href":"https:\/\/lottohoy.com\/fi\/wp-json\/wp\/v2\/pages\/16737","targetHints":{"allow":["GET"]}}],"collection":[{"href":"https:\/\/lottohoy.com\/fi\/wp-json\/wp\/v2\/pages"}],"about":[{"href":"https:\/\/lottohoy.com\/fi\/wp-json\/wp\/v2\/types\/page"}],"author":[{"embeddable":true,"href":"https:\/\/lottohoy.com\/fi\/wp-json\/wp\/v2\/users\/2"}],"replies":[{"embeddable":true,"href":"https:\/\/lottohoy.com\/fi\/wp-json\/wp\/v2\/comments?post=16737"}],"version-history":[{"count":0,"href":"https:\/\/lottohoy.com\/fi\/wp-json\/wp\/v2\/pages\/16737\/revisions"}],"up":[{"embeddable":true,"href":"https:\/\/lottohoy.com\/fi\/wp-json\/wp\/v2\/pages\/16581"}],"wp:attachment":[{"href":"https:\/\/lottohoy.com\/fi\/wp-json\/wp\/v2\/media?parent=16737"}],"curies":[{"name":"wp","href":"https:\/\/api.w.org\/{rel}","templated":true}]}}