{"id":16732,"date":"2018-08-22T10:27:06","date_gmt":"2018-08-22T09:27:06","guid":{"rendered":"https:\/\/lottohoy.com\/pelata\/pelaa-powerball-au\/"},"modified":"2018-08-22T10:27:06","modified_gmt":"2018-08-22T09:27:06","slug":"pelaa-powerball-au","status":"publish","type":"page","link":"https:\/\/lottohoy.com\/fi\/pelata\/pelaa-powerball-au\/","title":{"rendered":"Pelaa Powerball AU"},"content":{"rendered":"<p>Powerball AU perustettiin vuonna 1996, ja sit\u00e4 valvoo virallisesti Australian hallitus, mutta sit\u00e4 hallinnoi Tatts Group.<\/p>\n<p>Huhtikuussa 2018 sen s\u00e4\u00e4nt\u00f6ihin tehtiin merkitt\u00e4v\u00e4 muutos, jotta se vastaisi muiden maailman lottojen tarjontaa ja lis\u00e4isi n\u00e4in suurempien j\u00e4ttipottien voittamisen todenn\u00e4k\u00f6isyytt\u00e4.<\/p>\n<p>\u00c4l\u00e4 sekoita AU Powerballia ja Yhdysvaltain Powerballia kesken\u00e4\u00e4n, sill\u00e4 vaikka niill\u00e4 on yht\u00e4l\u00e4isyyksi\u00e4, niiss\u00e4 on merkitt\u00e4vi\u00e4 eroja.<\/p>\n<p>Joitakin etuja, jotka kannattaa ottaa huomioon, kun ly\u00f6t vetoa AU Powerballista, ovat:<\/p>\n<ul>\n<li>Se ei pid\u00e4t\u00e4 veroja voitoista.<\/li>\n<li>Voittajat saavat saamansa palkintorahat kokonaisuudessaan, kun taas US Powerballissa voitot voidaan ker\u00e4t\u00e4 annuiteetteina tai jos valitset kertamaksun, joudut maksamaan huomattavan m\u00e4\u00e4r\u00e4n liittovaltion, osavaltion ja maakuntien veroja.<\/li>\n<li>Alempien luokkien palkinnot jaetaan suhteessa ker\u00e4ttyihin voittoihin sen sijaan, ett\u00e4 m\u00e4\u00e4ritelt\u00e4isiin kiinte\u00e4t summat kuten Yhdysvalloissa.<\/li>\n<\/ul>\n<h2><strong>Kuinka pelata Australia PowerBallia ?<\/strong><\/h2>\n<p>Kuten monissa numeroihin perustuvissa lottopeleiss\u00e4, PowerBall AU koostuu kahdesta eri osiosta kussakin pelisarakkeessa:<\/p>\n<p>Ensimm\u00e4inen koostuu numeroista 1-35 mukaan lukien, joista sinun on valittava seitsem\u00e4n numeroa. Alareunassa on toinen osio, jossa on valittava Powerball-numero v\u00e4lilt\u00e4 1-20.<\/p>\n<p>Saadakseen minimipalkinnon pelaajan on osuttava kahteen numeroon ja Powerballiin.<\/p>\n<h2><strong>Milloin Australian PowerBall arvotaan?<\/strong><\/h2>\n<p>Viikoittaisia arvontoja on vain yksi, ja ne suoritetaan joka torstai klo 21.30 paikallista aikaa. Lipunmyynti sulkeutuu tuntia ennen arvonnan alkua, ja kun arvonta on p\u00e4\u00e4ttynyt, se avataan uudelleen seuraavan viikon arvontoja varten.<\/p>\n<h2><strong>Kuinka paljon Australia PowerBall maksaa?<\/strong><\/h2>\n<p>LottoHoyssa voit pelata Australian Powerballia alkaen 2 \u20ac per sarake. T\u00e4ss\u00e4 arvonnassa on pakko pelata v\u00e4hint\u00e4\u00e4n nelj\u00e4 saraketta. (T\u00e4m\u00e4 summa voi vaihdella riippuen dollarin vaihtokurssista euroon n\u00e4hden).<\/p>\n<h2><strong>Kuinka pelata AU:n PowerBallia<\/strong><\/h2>\n<p>Australian PowerBall-lippujen ostaminen ja osallistuminen kaikkiin arvontoihin on todella helppoa ja k\u00e4ytt\u00e4j\u00e4yst\u00e4v\u00e4llist\u00e4 verkkoalustamme kautta.<\/p>\n<p>Kun p\u00e4\u00e4semme pelisivulle, alustalla on viisi saraketta (<em>joita kutsutaan my\u00f6s riveiksi<\/em>), mutta voit laajentaa niit\u00e4 niin monta kertaa kuin haluat klikkaamalla yksinkertaisesti \u201d<strong>Lis\u00e4\u00e4 rivej\u00e4<\/strong>\u201d -ruutua.<\/p>\n<p>Voit asettaa panoksen jokaiselle sarakkeelle ja t\u00e4ytt\u00e4\u00e4 niin monta saraketta kuin haluat. Asettaaksesi panoksen, minun t\u00e4ytyy merkit\u00e4 seitsem\u00e4n ruutua ensimm\u00e4isen ryhm\u00e4n jokaiseen sarakkeeseen ja yksi py\u00f6re\u00e4 ruutu toiseen ryhm\u00e4\u00e4n.<\/p>\n<p>Sinulla on my\u00f6s mahdollisuus antaa j\u00e4rjestelm\u00e4n itse valita satunnaiset yhdistelm\u00e4t pelaajalle. T\u00e4m\u00e4 satunnaisvalinta tehd\u00e4\u00e4n viem\u00e4ll\u00e4 kursori sarakkeen p\u00e4\u00e4lle, jolloin n\u00e4kyviin tulee yl\u00e4laatikko, jossa lukee \u201dQuick Selection\u201d.<\/p>\n<p>Kun haluttu m\u00e4\u00e4r\u00e4 sarakkeita (panoksia) on asetettu, n\u00e4kyviin tulee vihre\u00e4 ruutu, jossa lukee \u201dJatka\u201d. Klikkaamalla sit\u00e4, se johtaa sinut s\u00e4\u00e4nt\u00f6jen noudattamisen n\u00e4yt\u00f6lle, jossa voit jatkaa maksua klikkaamalla \u201dPay Now\u201d -ruutua.<\/p>\n<p>Uusi n\u00e4ytt\u00f6 n\u00e4ytt\u00e4\u00e4 k\u00e4ytett\u00e4viss\u00e4 olevat maksutavat. Luottokorteista ja Skrillin tai Netellerin kaltaisista j\u00e4rjestelmist\u00e4 monenlaisiin menetelmiin, mukaan lukien kryptovaluutat.<\/p>\n","protected":false},"excerpt":{"rendered":"<p>Powerball AU perustettiin vuonna 1996, ja sit\u00e4 valvoo virallisesti Australian hallitus, mutta sit\u00e4 hallinnoi Tatts Group. Huhtikuussa 2018 sen s\u00e4\u00e4nt\u00f6ihin tehtiin merkitt\u00e4v\u00e4 muutos, jotta se vastaisi muiden maailman lottojen tarjontaa ja lis\u00e4isi n\u00e4in suurempien j\u00e4ttipottien voittamisen todenn\u00e4k\u00f6isyytt\u00e4. \u00c4l\u00e4 sekoita AU Powerballia ja Yhdysvaltain Powerballia kesken\u00e4\u00e4n, sill\u00e4 vaikka niill\u00e4 on yht\u00e4l\u00e4isyyksi\u00e4, niiss\u00e4 on merkitt\u00e4vi\u00e4 eroja. Joitakin [&hellip;]<\/p>\n","protected":false},"author":2,"featured_media":0,"parent":16581,"menu_order":17,"comment_status":"closed","ping_status":"closed","template":"powerball-au.php","meta":{"_et_pb_use_builder":"","_et_pb_old_content":"","_et_gb_content_width":"","exclude_from_search":false,"footnotes":""},"class_list":["post-16732","page","type-page","status-publish","hentry"],"yoast_head":"<!-- This site is optimized with the Yoast SEO plugin v23.7 - https:\/\/yoast.com\/wordpress\/plugins\/seo\/ -->\n<title>Pelaa PowerBall AU - Voita j\u00e4ttipotti aussilaisessa lotossa<\/title>\n<meta name=\"description\" content=\"Valitse suosikkisi 7 numeroa v\u00e4lilt\u00e4 1 ja 35 mukaan lukien ja valitse Powerball-numero v\u00e4lilt\u00e4 1-20. Onko n\u00e4in helppoa tulla miljon\u00e4\u00e4riksi!\" \/>\n<meta name=\"robots\" content=\"index, follow, max-snippet:-1, max-image-preview:large, max-video-preview:-1\" \/>\n<link rel=\"canonical\" href=\"https:\/\/lottohoy.com\/fi\/pelata\/pelaa-powerball-au\/\" \/>\n<meta property=\"og:locale\" content=\"fi_FI\" \/>\n<meta property=\"og:type\" content=\"article\" \/>\n<meta property=\"og:title\" content=\"Pelaa PowerBall AU - Voita j\u00e4ttipotti aussilaisessa lotossa\" \/>\n<meta property=\"og:description\" content=\"Valitse suosikkisi 7 numeroa v\u00e4lilt\u00e4 1 ja 35 mukaan lukien ja valitse Powerball-numero v\u00e4lilt\u00e4 1-20. Onko n\u00e4in helppoa tulla miljon\u00e4\u00e4riksi!\" \/>\n<meta property=\"og:url\" content=\"https:\/\/lottohoy.com\/fi\/pelata\/pelaa-powerball-au\/\" \/>\n<meta property=\"og:site_name\" content=\"Lottohoy\" \/>\n<meta name=\"twitter:card\" content=\"summary_large_image\" \/>\n<meta name=\"twitter:label1\" content=\"Arvioitu lukuaika\" \/>\n\t<meta name=\"twitter:data1\" content=\"2 minuuttia\" \/>\n<script type=\"application\/ld+json\" class=\"yoast-schema-graph\">{\"@context\":\"https:\/\/schema.org\",\"@graph\":[{\"@type\":\"WebPage\",\"@id\":\"https:\/\/lottohoy.com\/fi\/pelata\/pelaa-powerball-au\/\",\"url\":\"https:\/\/lottohoy.com\/fi\/pelata\/pelaa-powerball-au\/\",\"name\":\"Pelaa PowerBall AU - Voita j\u00e4ttipotti aussilaisessa lotossa\",\"isPartOf\":{\"@id\":\"https:\/\/lottohoy.com\/fi\/#website\"},\"datePublished\":\"2018-08-22T09:27:06+00:00\",\"dateModified\":\"2018-08-22T09:27:06+00:00\",\"description\":\"Valitse suosikkisi 7 numeroa v\u00e4lilt\u00e4 1 ja 35 mukaan lukien ja valitse Powerball-numero v\u00e4lilt\u00e4 1-20. Onko n\u00e4in helppoa tulla miljon\u00e4\u00e4riksi!\",\"breadcrumb\":{\"@id\":\"https:\/\/lottohoy.com\/fi\/pelata\/pelaa-powerball-au\/#breadcrumb\"},\"inLanguage\":\"fi\",\"potentialAction\":[{\"@type\":\"ReadAction\",\"target\":[\"https:\/\/lottohoy.com\/fi\/pelata\/pelaa-powerball-au\/\"]}]},{\"@type\":\"BreadcrumbList\",\"@id\":\"https:\/\/lottohoy.com\/fi\/pelata\/pelaa-powerball-au\/#breadcrumb\",\"itemListElement\":[{\"@type\":\"ListItem\",\"position\":1,\"name\":\"Home\",\"item\":\"https:\/\/lottohoy.com\/fi\/\"},{\"@type\":\"ListItem\",\"position\":2,\"name\":\"Pelaa lottoa verkossa\",\"item\":\"https:\/\/lottohoy.com\/fi\/pelata\/\"},{\"@type\":\"ListItem\",\"position\":3,\"name\":\"Pelaa Powerball AU\"}]},{\"@type\":\"WebSite\",\"@id\":\"https:\/\/lottohoy.com\/fi\/#website\",\"url\":\"https:\/\/lottohoy.com\/fi\/\",\"name\":\"Lottohoy\",\"description\":\"\",\"potentialAction\":[{\"@type\":\"SearchAction\",\"target\":{\"@type\":\"EntryPoint\",\"urlTemplate\":\"https:\/\/lottohoy.com\/fi\/?s={search_term_string}\"},\"query-input\":{\"@type\":\"PropertyValueSpecification\",\"valueRequired\":true,\"valueName\":\"search_term_string\"}}],\"inLanguage\":\"fi\"}]}<\/script>\n<!-- \/ Yoast SEO plugin. -->","yoast_head_json":{"title":"Pelaa PowerBall AU - Voita j\u00e4ttipotti aussilaisessa lotossa","description":"Valitse suosikkisi 7 numeroa v\u00e4lilt\u00e4 1 ja 35 mukaan lukien ja valitse Powerball-numero v\u00e4lilt\u00e4 1-20. Onko n\u00e4in helppoa tulla miljon\u00e4\u00e4riksi!","robots":{"index":"index","follow":"follow","max-snippet":"max-snippet:-1","max-image-preview":"max-image-preview:large","max-video-preview":"max-video-preview:-1"},"canonical":"https:\/\/lottohoy.com\/fi\/pelata\/pelaa-powerball-au\/","og_locale":"fi_FI","og_type":"article","og_title":"Pelaa PowerBall AU - Voita j\u00e4ttipotti aussilaisessa lotossa","og_description":"Valitse suosikkisi 7 numeroa v\u00e4lilt\u00e4 1 ja 35 mukaan lukien ja valitse Powerball-numero v\u00e4lilt\u00e4 1-20. Onko n\u00e4in helppoa tulla miljon\u00e4\u00e4riksi!","og_url":"https:\/\/lottohoy.com\/fi\/pelata\/pelaa-powerball-au\/","og_site_name":"Lottohoy","twitter_card":"summary_large_image","twitter_misc":{"Arvioitu lukuaika":"2 minuuttia"},"schema":{"@context":"https:\/\/schema.org","@graph":[{"@type":"WebPage","@id":"https:\/\/lottohoy.com\/fi\/pelata\/pelaa-powerball-au\/","url":"https:\/\/lottohoy.com\/fi\/pelata\/pelaa-powerball-au\/","name":"Pelaa PowerBall AU - Voita j\u00e4ttipotti aussilaisessa lotossa","isPartOf":{"@id":"https:\/\/lottohoy.com\/fi\/#website"},"datePublished":"2018-08-22T09:27:06+00:00","dateModified":"2018-08-22T09:27:06+00:00","description":"Valitse suosikkisi 7 numeroa v\u00e4lilt\u00e4 1 ja 35 mukaan lukien ja valitse Powerball-numero v\u00e4lilt\u00e4 1-20. Onko n\u00e4in helppoa tulla miljon\u00e4\u00e4riksi!","breadcrumb":{"@id":"https:\/\/lottohoy.com\/fi\/pelata\/pelaa-powerball-au\/#breadcrumb"},"inLanguage":"fi","potentialAction":[{"@type":"ReadAction","target":["https:\/\/lottohoy.com\/fi\/pelata\/pelaa-powerball-au\/"]}]},{"@type":"BreadcrumbList","@id":"https:\/\/lottohoy.com\/fi\/pelata\/pelaa-powerball-au\/#breadcrumb","itemListElement":[{"@type":"ListItem","position":1,"name":"Home","item":"https:\/\/lottohoy.com\/fi\/"},{"@type":"ListItem","position":2,"name":"Pelaa lottoa verkossa","item":"https:\/\/lottohoy.com\/fi\/pelata\/"},{"@type":"ListItem","position":3,"name":"Pelaa Powerball AU"}]},{"@type":"WebSite","@id":"https:\/\/lottohoy.com\/fi\/#website","url":"https:\/\/lottohoy.com\/fi\/","name":"Lottohoy","description":"","potentialAction":[{"@type":"SearchAction","target":{"@type":"EntryPoint","urlTemplate":"https:\/\/lottohoy.com\/fi\/?s={search_term_string}"},"query-input":{"@type":"PropertyValueSpecification","valueRequired":true,"valueName":"search_term_string"}}],"inLanguage":"fi"}]}},"_links":{"self":[{"href":"https:\/\/lottohoy.com\/fi\/wp-json\/wp\/v2\/pages\/16732","targetHints":{"allow":["GET"]}}],"collection":[{"href":"https:\/\/lottohoy.com\/fi\/wp-json\/wp\/v2\/pages"}],"about":[{"href":"https:\/\/lottohoy.com\/fi\/wp-json\/wp\/v2\/types\/page"}],"author":[{"embeddable":true,"href":"https:\/\/lottohoy.com\/fi\/wp-json\/wp\/v2\/users\/2"}],"replies":[{"embeddable":true,"href":"https:\/\/lottohoy.com\/fi\/wp-json\/wp\/v2\/comments?post=16732"}],"version-history":[{"count":0,"href":"https:\/\/lottohoy.com\/fi\/wp-json\/wp\/v2\/pages\/16732\/revisions"}],"up":[{"embeddable":true,"href":"https:\/\/lottohoy.com\/fi\/wp-json\/wp\/v2\/pages\/16581"}],"wp:attachment":[{"href":"https:\/\/lottohoy.com\/fi\/wp-json\/wp\/v2\/media?parent=16732"}],"curies":[{"name":"wp","href":"https:\/\/api.w.org\/{rel}","templated":true}]}}