{"id":16725,"date":"2020-08-10T15:56:27","date_gmt":"2020-08-10T14:56:27","guid":{"rendered":"https:\/\/lottohoy.com\/pelata\/pelaa-mega-sena\/"},"modified":"2020-08-10T15:56:27","modified_gmt":"2020-08-10T14:56:27","slug":"pelaa-mega-sena","status":"publish","type":"page","link":"https:\/\/lottohoy.com\/fi\/pelata\/pelaa-mega-sena\/","title":{"rendered":"Pelaa Mega Sena"},"content":{"rendered":"<h2>Pelaa Mega Sena verkossa<\/h2>\n<p>Mega-Sena on Brasilian ja koko Etel\u00e4-Amerikan suurin arpajaiset. Sen j\u00e4rjest\u00e4\u00e4 liittovaltion pankki Caixa Economica maaliskuusta 1996 l\u00e4htien.<\/p>\n<p>Pelatakseen Mega Sena -lottoa verkossa pelaaja voi tehd\u00e4 sen suoraan meid\u00e4n kaltaisten lottoalustojen kautta. Mega Sena -loton pelaaminen edellytt\u00e4\u00e4 ehdottomasti yli 18 vuoden ik\u00e4\u00e4, kuten j\u00e4rjest\u00e4j\u00e4 vaatii.<\/p>\n<p>Kun p\u00e4\u00e4set Mega Sena -pelisivulle alustamme kautta, n\u00e4kyviin tulee malli, jossa on erilaisia sarakkeita (joita kutsutaan my\u00f6s riveiksi), joissa sinun on ilmoitettava haluamasi peli (Jokainen sarake tai rivi vastaa panosta). N\u00e4it\u00e4 alkuper\u00e4isi\u00e4 sarakkeita voidaan suurentaa klikkaamalla ruutua LIS\u00c4\u00c4 LINJOJA, ja n\u00e4kyviin tulee muita sarakkeita, joissa voit asettaa lis\u00e4\u00e4 vetoja samaan peliin.<\/p>\n<p>T\u00e4m\u00e4 voidaan toistaa niin monta kertaa kuin haluat ly\u00f6d\u00e4 vetoa haluamiesi sarakkeiden tai rivien lukum\u00e4\u00e4r\u00e4n verran.<\/p>\n<p>Jotta voit ly\u00f6d\u00e4 vetoa sarakkeelle, 6 ruutua 60:st\u00e4 ensimm\u00e4isess\u00e4 ruudussa olevasta ruudusta on oltava merkittyn\u00e4.<\/p>\n<p>T\u00e4m\u00e4 siirto voidaan tehd\u00e4 manuaalisesti, eli merkitsem\u00e4ll\u00e4 suoraan jokaisen numeron kohdalle, jonka haluat kuuluvan panosyhdistelm\u00e4\u00e4si. Ja halutessasi voit my\u00f6s antaa j\u00e4rjestelm\u00e4n itse valita vedonly\u00f6ntiyhdistelm\u00e4n satunnaisesti.<\/p>\n<p>Jos veto voitetaan, voittosumma hyvitet\u00e4\u00e4n automaattisesti k\u00e4ytt\u00e4j\u00e4tilille.<\/p>\n<h2>Min\u00e4 p\u00e4ivin\u00e4 arvonnat j\u00e4rjestet\u00e4\u00e4n?<\/h2>\n<p>Mega Sena viett\u00e4\u00e4 kaksi arvontakierrosta joka viikko, keskiviikkoisin ja lauantaisin klo 20:00 paikallista aikaa. (UTC-3)<\/p>\n<p>Nettilippujen sis\u00e4\u00e4np\u00e4\u00e4sy suljetaan virallisesti noin 3 tuntia ennen arvonnan virallista alkamisaikaa ja avataan uudelleen arvonnan p\u00e4\u00e4tytty\u00e4, jotta liput voidaan validoida uusia arvontoja varten.<\/p>\n<h2>Mega Sena -arpojen ostamisen edut verkossa<\/h2>\n<p>Mega Sena -vedonly\u00f6nnin tekeminen verkossa alustamme kautta tarjoaa monia etuja, sill\u00e4 sen avulla pelaajat kaikkialta maailmasta voivat ostaa lippunsa riippumatta siit\u00e4, miss\u00e4 maassa he asuvat.<\/p>\n<p>Monien muiden lis\u00e4ksi n\u00e4m\u00e4 ovat joitakin t\u00e4rkeimpi\u00e4 etuja, joita LottoHoy:n kautta pelaaminen tuo mukanaan:<\/p>\n<ul>\n<li>Turvallisuus liiketoimissa.<\/li>\n<li>24\/7 p\u00e4\u00e4sy vuoden jokaisena p\u00e4iv\u00e4n\u00e4 ostoja ja vetoja varten. .<\/li>\n<li>Osta lippusi mist\u00e4 p\u00e4in maailmaa tahansa, ilman jonoja tai matkoja.<\/li>\n<li>Verkko-ostoksilla v\u00e4ltet\u00e4\u00e4n katoaminen tai v\u00e4\u00e4r\u00e4nlainen sijoittaminen, lippu pysyy aina turvallisesti k\u00e4ytt\u00e4j\u00e4n tilill\u00e4.<\/li>\n<li>Voitetut palkinnot kirjataan v\u00e4litt\u00f6m\u00e4sti k\u00e4ytt\u00e4j\u00e4tilillesi, ja ne ovat k\u00e4ytett\u00e4viss\u00e4si heti ensimm\u00e4isest\u00e4 hetkest\u00e4 l\u00e4htien, arvonnan juhlinnan j\u00e4lkeen ja kun viralliset tulokset on julkaistu, voitetut palkintosummat kirjataan k\u00e4ytt\u00e4j\u00e4tilillesi.<\/li>\n<li>Saat tietoa kertyneist\u00e4 j\u00e4ttipoteista ja poikkeuksellisista arvonnoista.<\/li>\n<\/ul>\n","protected":false},"excerpt":{"rendered":"<p>Pelaa Mega Sena verkossa Mega-Sena on Brasilian ja koko Etel\u00e4-Amerikan suurin arpajaiset. Sen j\u00e4rjest\u00e4\u00e4 liittovaltion pankki Caixa Economica maaliskuusta 1996 l\u00e4htien. Pelatakseen Mega Sena -lottoa verkossa pelaaja voi tehd\u00e4 sen suoraan meid\u00e4n kaltaisten lottoalustojen kautta. Mega Sena -loton pelaaminen edellytt\u00e4\u00e4 ehdottomasti yli 18 vuoden ik\u00e4\u00e4, kuten j\u00e4rjest\u00e4j\u00e4 vaatii. Kun p\u00e4\u00e4set Mega Sena -pelisivulle alustamme kautta, [&hellip;]<\/p>\n","protected":false},"author":2,"featured_media":0,"parent":16581,"menu_order":16,"comment_status":"closed","ping_status":"closed","template":"megasena.php","meta":{"_et_pb_use_builder":"","_et_pb_old_content":"","_et_gb_content_width":"","exclude_from_search":false,"footnotes":""},"class_list":["post-16725","page","type-page","status-publish","hentry"],"yoast_head":"<!-- This site is optimized with the Yoast SEO plugin v23.7 - https:\/\/yoast.com\/wordpress\/plugins\/seo\/ -->\n<title>Pelaa Mega Sena -lottoa verkossa - LottoHoy.com<\/title>\n<meta name=\"description\" content=\"Panosta mihin vuorokauden aikaan tahansa, pelaa Mega Sena -lottoa verkossa, ilman jonottamista ja matkustamista.\" \/>\n<meta name=\"robots\" content=\"index, follow, max-snippet:-1, max-image-preview:large, max-video-preview:-1\" \/>\n<link rel=\"canonical\" href=\"https:\/\/lottohoy.com\/fi\/pelata\/pelaa-mega-sena\/\" \/>\n<meta property=\"og:locale\" content=\"fi_FI\" \/>\n<meta property=\"og:type\" content=\"article\" \/>\n<meta property=\"og:title\" content=\"Pelaa Mega Sena -lottoa verkossa - LottoHoy.com\" \/>\n<meta property=\"og:description\" content=\"Panosta mihin vuorokauden aikaan tahansa, pelaa Mega Sena -lottoa verkossa, ilman jonottamista ja matkustamista.\" \/>\n<meta property=\"og:url\" content=\"https:\/\/lottohoy.com\/fi\/pelata\/pelaa-mega-sena\/\" \/>\n<meta property=\"og:site_name\" content=\"Lottohoy\" \/>\n<meta name=\"twitter:card\" content=\"summary_large_image\" \/>\n<meta name=\"twitter:label1\" content=\"Arvioitu lukuaika\" \/>\n\t<meta name=\"twitter:data1\" content=\"2 minuuttia\" \/>\n<script type=\"application\/ld+json\" class=\"yoast-schema-graph\">{\"@context\":\"https:\/\/schema.org\",\"@graph\":[{\"@type\":\"WebPage\",\"@id\":\"https:\/\/lottohoy.com\/fi\/pelata\/pelaa-mega-sena\/\",\"url\":\"https:\/\/lottohoy.com\/fi\/pelata\/pelaa-mega-sena\/\",\"name\":\"Pelaa Mega Sena -lottoa verkossa - LottoHoy.com\",\"isPartOf\":{\"@id\":\"https:\/\/lottohoy.com\/fi\/#website\"},\"datePublished\":\"2020-08-10T14:56:27+00:00\",\"dateModified\":\"2020-08-10T14:56:27+00:00\",\"description\":\"Panosta mihin vuorokauden aikaan tahansa, pelaa Mega Sena -lottoa verkossa, ilman jonottamista ja matkustamista.\",\"breadcrumb\":{\"@id\":\"https:\/\/lottohoy.com\/fi\/pelata\/pelaa-mega-sena\/#breadcrumb\"},\"inLanguage\":\"fi\",\"potentialAction\":[{\"@type\":\"ReadAction\",\"target\":[\"https:\/\/lottohoy.com\/fi\/pelata\/pelaa-mega-sena\/\"]}]},{\"@type\":\"BreadcrumbList\",\"@id\":\"https:\/\/lottohoy.com\/fi\/pelata\/pelaa-mega-sena\/#breadcrumb\",\"itemListElement\":[{\"@type\":\"ListItem\",\"position\":1,\"name\":\"Home\",\"item\":\"https:\/\/lottohoy.com\/fi\/\"},{\"@type\":\"ListItem\",\"position\":2,\"name\":\"Pelaa lottoa verkossa\",\"item\":\"https:\/\/lottohoy.com\/fi\/pelata\/\"},{\"@type\":\"ListItem\",\"position\":3,\"name\":\"Pelaa Mega Sena\"}]},{\"@type\":\"WebSite\",\"@id\":\"https:\/\/lottohoy.com\/fi\/#website\",\"url\":\"https:\/\/lottohoy.com\/fi\/\",\"name\":\"Lottohoy\",\"description\":\"\",\"potentialAction\":[{\"@type\":\"SearchAction\",\"target\":{\"@type\":\"EntryPoint\",\"urlTemplate\":\"https:\/\/lottohoy.com\/fi\/?s={search_term_string}\"},\"query-input\":{\"@type\":\"PropertyValueSpecification\",\"valueRequired\":true,\"valueName\":\"search_term_string\"}}],\"inLanguage\":\"fi\"}]}<\/script>\n<!-- \/ Yoast SEO plugin. -->","yoast_head_json":{"title":"Pelaa Mega Sena -lottoa verkossa - LottoHoy.com","description":"Panosta mihin vuorokauden aikaan tahansa, pelaa Mega Sena -lottoa verkossa, ilman jonottamista ja matkustamista.","robots":{"index":"index","follow":"follow","max-snippet":"max-snippet:-1","max-image-preview":"max-image-preview:large","max-video-preview":"max-video-preview:-1"},"canonical":"https:\/\/lottohoy.com\/fi\/pelata\/pelaa-mega-sena\/","og_locale":"fi_FI","og_type":"article","og_title":"Pelaa Mega Sena -lottoa verkossa - LottoHoy.com","og_description":"Panosta mihin vuorokauden aikaan tahansa, pelaa Mega Sena -lottoa verkossa, ilman jonottamista ja matkustamista.","og_url":"https:\/\/lottohoy.com\/fi\/pelata\/pelaa-mega-sena\/","og_site_name":"Lottohoy","twitter_card":"summary_large_image","twitter_misc":{"Arvioitu lukuaika":"2 minuuttia"},"schema":{"@context":"https:\/\/schema.org","@graph":[{"@type":"WebPage","@id":"https:\/\/lottohoy.com\/fi\/pelata\/pelaa-mega-sena\/","url":"https:\/\/lottohoy.com\/fi\/pelata\/pelaa-mega-sena\/","name":"Pelaa Mega Sena -lottoa verkossa - LottoHoy.com","isPartOf":{"@id":"https:\/\/lottohoy.com\/fi\/#website"},"datePublished":"2020-08-10T14:56:27+00:00","dateModified":"2020-08-10T14:56:27+00:00","description":"Panosta mihin vuorokauden aikaan tahansa, pelaa Mega Sena -lottoa verkossa, ilman jonottamista ja matkustamista.","breadcrumb":{"@id":"https:\/\/lottohoy.com\/fi\/pelata\/pelaa-mega-sena\/#breadcrumb"},"inLanguage":"fi","potentialAction":[{"@type":"ReadAction","target":["https:\/\/lottohoy.com\/fi\/pelata\/pelaa-mega-sena\/"]}]},{"@type":"BreadcrumbList","@id":"https:\/\/lottohoy.com\/fi\/pelata\/pelaa-mega-sena\/#breadcrumb","itemListElement":[{"@type":"ListItem","position":1,"name":"Home","item":"https:\/\/lottohoy.com\/fi\/"},{"@type":"ListItem","position":2,"name":"Pelaa lottoa verkossa","item":"https:\/\/lottohoy.com\/fi\/pelata\/"},{"@type":"ListItem","position":3,"name":"Pelaa Mega Sena"}]},{"@type":"WebSite","@id":"https:\/\/lottohoy.com\/fi\/#website","url":"https:\/\/lottohoy.com\/fi\/","name":"Lottohoy","description":"","potentialAction":[{"@type":"SearchAction","target":{"@type":"EntryPoint","urlTemplate":"https:\/\/lottohoy.com\/fi\/?s={search_term_string}"},"query-input":{"@type":"PropertyValueSpecification","valueRequired":true,"valueName":"search_term_string"}}],"inLanguage":"fi"}]}},"_links":{"self":[{"href":"https:\/\/lottohoy.com\/fi\/wp-json\/wp\/v2\/pages\/16725","targetHints":{"allow":["GET"]}}],"collection":[{"href":"https:\/\/lottohoy.com\/fi\/wp-json\/wp\/v2\/pages"}],"about":[{"href":"https:\/\/lottohoy.com\/fi\/wp-json\/wp\/v2\/types\/page"}],"author":[{"embeddable":true,"href":"https:\/\/lottohoy.com\/fi\/wp-json\/wp\/v2\/users\/2"}],"replies":[{"embeddable":true,"href":"https:\/\/lottohoy.com\/fi\/wp-json\/wp\/v2\/comments?post=16725"}],"version-history":[{"count":0,"href":"https:\/\/lottohoy.com\/fi\/wp-json\/wp\/v2\/pages\/16725\/revisions"}],"up":[{"embeddable":true,"href":"https:\/\/lottohoy.com\/fi\/wp-json\/wp\/v2\/pages\/16581"}],"wp:attachment":[{"href":"https:\/\/lottohoy.com\/fi\/wp-json\/wp\/v2\/media?parent=16725"}],"curies":[{"name":"wp","href":"https:\/\/api.w.org\/{rel}","templated":true}]}}