{"id":16720,"date":"2020-08-10T21:38:27","date_gmt":"2020-08-10T20:38:27","guid":{"rendered":"https:\/\/lottohoy.com\/pelata\/pelaa-lotto-america\/"},"modified":"2020-08-10T21:38:27","modified_gmt":"2020-08-10T20:38:27","slug":"pelaa-lotto-america","status":"publish","type":"page","link":"https:\/\/lottohoy.com\/fi\/pelata\/pelaa-lotto-america\/","title":{"rendered":"Pelaa Lotto America"},"content":{"rendered":"<h2>Miten pelaat Lotto Amerikkaa verkossa?<\/h2>\n<p>Pelipylv\u00e4s koostuu 52 laatikosta, jotka on numeroitu 1:st\u00e4 52:een ja jotka ovat p\u00e4\u00e4numeroita varten, ja toisesta laatikosta, joka on numeroitu 1:st\u00e4 10:een ja jossa on t\u00e4htipallo (Lotto America Star Ball).<\/p>\n<p>Pelaajan on valittava 5 p\u00e4\u00e4kehysnumeroa v\u00e4lilt\u00e4 1-52 ja toinen numero v\u00e4lilt\u00e4 1-10 t\u00e4htipalloa varten.<\/p>\n<p>T\u00e4m\u00e4 valinta voidaan tehd\u00e4 manuaalisesti valitsemalla ja merkitsem\u00e4ll\u00e4 sarakkeeseen pelattavan yhdistelm\u00e4n 5+1 numeroa tai valitsemalla \u201dPikavalinta\u201d-ruutu, joka tulee n\u00e4kyviin, kun kursori siirret\u00e4\u00e4n sarakkeen yl\u00e4reunan yli, jolloin j\u00e4rjestelm\u00e4 valitsee itse satunnaisesti pelattavan yhdistelm\u00e4n.<\/p>\n<h2>Min\u00e4 p\u00e4ivin\u00e4 pelaat Lotto Americaa?<\/h2>\n<p>Lotto America -arvonnat suoritetaan Tallahasseessa, Floridassa, joka keskiviikko ja lauantai noin klo 23:15 \/ 22:15 paikallista aikaa osavaltiosta riippuen.<\/p>\n<p>Nettilippujen myynti suljetaan yleens\u00e4 2 tuntia ennen arvonnan alkua alustan hallinnoinnin ja turvallisuuden varmistamiseksi yhteisty\u00f6ss\u00e4 toimivien edustajien kanssa.<\/p>\n<h2>Kuinka paljon Lotto America -liput maksavat?<\/h2>\n<p>Lottohoysta voit ostaa viralliset Lotto America -lippusi jo 2 \u20ac:lla, (Summa voi vaihdella dollarin ja euron vaihtokurssin mukaan).<\/p>\n<h2>Kuinka ostaa Lotto America verkossa<\/h2>\n<p>Lippujen ostaminen ja Lotto America -loton pelaaminen on todella helppoa ja k\u00e4tev\u00e4\u00e4 verkkoalustamme kautta.<\/p>\n<p>Lotto America -pelisivulla voit asettaa mink\u00e4 tahansa panoksen. N\u00e4ytt\u00f6\u00f6n tulee 5-sarakkeinen malli (jota kutsutaan my\u00f6s riveiksi), mutta voit laajentaa sit\u00e4 niin monta kertaa kuin haluat klikkaamalla vain \u201dLis\u00e4\u00e4 rivej\u00e4\u201d -ruutua.<\/p>\n<p>Jokaisessa sarakkeessa sinun on rastitettava 5 ruutua v\u00e4lilt\u00e4 1-51 ja 1 ruutu v\u00e4lilt\u00e4 1-10 alla olevaan ruutuun.<\/p>\n<p>Valinnan voi tehd\u00e4 manuaalisesti merkitsem\u00e4ll\u00e4 jokaisen ruudun tai antamalla j\u00e4rjestelm\u00e4n valita yhdistelm\u00e4n satunnaisesti.<\/p>\n<p>Klikkaamalla \u201dJatka\u201d p\u00e4\u00e4set maksusivulle. Pelaaja voi vahvistaa tai lis\u00e4t\u00e4 lis\u00e4\u00e4 lippuja vetoihinsa.<\/p>\n<h2>Lotto America -palkinnot<\/h2>\n<p>Oletuksena on v\u00e4hint\u00e4\u00e4n 2 000 000 dollarin j\u00e4ttipotti, joka ker\u00e4\u00e4ntyy seuraaviin arvontoihin, jos ykk\u00f6svoittajia ei ole.<\/p>\n<p>Palkintoluokkia on 9<\/p>\n<p>&#8211; Ensimm\u00e4inen luokka, niille, jotka saavat t\u00e4ydellisen voittoyhdistelm\u00e4n (5 p\u00e4\u00e4numeroa + T\u00e4htipallo).<\/p>\n<p>&#8211; Toinen luokka, niille, jotka saavat 5 p\u00e4\u00e4numeroa.<\/p>\n<p>&#8211; Kolmas kategoria, 4 p\u00e4\u00e4numeroa + T\u00e4htipallo.<\/p>\n<p>&#8211; Nelj\u00e4s luokka, niille, joilla on 4 p\u00e4\u00e4numeroa<\/p>\n<p>&#8211; Viides luokka. 3 p\u00e4\u00e4numeron + T\u00e4htipallon voittajille<\/p>\n<p>&#8211; Kuudes luokka. Niille, joilla on 3 onnellista numeroa,<\/p>\n<p>&#8211; Seitsem\u00e4s luokka. 2 p\u00e4\u00e4numeroa + T\u00e4htipallo<\/p>\n<p>&#8211; Kahdeksas luokka. 1 p\u00e4\u00e4numeron + t\u00e4htipallon voittajille<\/p>\n<p>&#8211; Yhdeks\u00e4s luokka: Niille, joilla on vain T\u00e4htipallo<\/p>\n","protected":false},"excerpt":{"rendered":"<p>Miten pelaat Lotto Amerikkaa verkossa? Pelipylv\u00e4s koostuu 52 laatikosta, jotka on numeroitu 1:st\u00e4 52:een ja jotka ovat p\u00e4\u00e4numeroita varten, ja toisesta laatikosta, joka on numeroitu 1:st\u00e4 10:een ja jossa on t\u00e4htipallo (Lotto America Star Ball). Pelaajan on valittava 5 p\u00e4\u00e4kehysnumeroa v\u00e4lilt\u00e4 1-52 ja toinen numero v\u00e4lilt\u00e4 1-10 t\u00e4htipalloa varten. T\u00e4m\u00e4 valinta voidaan tehd\u00e4 manuaalisesti valitsemalla [&hellip;]<\/p>\n","protected":false},"author":2,"featured_media":0,"parent":16581,"menu_order":15,"comment_status":"closed","ping_status":"closed","template":"lotto-america.php","meta":{"_et_pb_use_builder":"","_et_pb_old_content":"","_et_gb_content_width":"","exclude_from_search":false,"footnotes":""},"class_list":["post-16720","page","type-page","status-publish","hentry"],"yoast_head":"<!-- This site is optimized with the Yoast SEO plugin v23.7 - https:\/\/yoast.com\/wordpress\/plugins\/seo\/ -->\n<title>Pelaa Lotto America, USA:n arpajaiset - LottoHoy.com<\/title>\n<meta name=\"description\" content=\"USA:n lottojen laajan valikoiman joukosta ehdotamme, ett\u00e4 pelaat Lotto Americaa ja nautit sen 9 palkintoluokasta.\" \/>\n<meta name=\"robots\" content=\"index, follow, max-snippet:-1, max-image-preview:large, max-video-preview:-1\" \/>\n<link rel=\"canonical\" href=\"https:\/\/lottohoy.com\/fi\/pelata\/pelaa-lotto-america\/\" \/>\n<meta property=\"og:locale\" content=\"fi_FI\" \/>\n<meta property=\"og:type\" content=\"article\" \/>\n<meta property=\"og:title\" content=\"Pelaa Lotto America, USA:n arpajaiset - LottoHoy.com\" \/>\n<meta property=\"og:description\" content=\"USA:n lottojen laajan valikoiman joukosta ehdotamme, ett\u00e4 pelaat Lotto Americaa ja nautit sen 9 palkintoluokasta.\" \/>\n<meta property=\"og:url\" content=\"https:\/\/lottohoy.com\/fi\/pelata\/pelaa-lotto-america\/\" \/>\n<meta property=\"og:site_name\" content=\"Lottohoy\" \/>\n<meta name=\"twitter:card\" content=\"summary_large_image\" \/>\n<meta name=\"twitter:label1\" content=\"Arvioitu lukuaika\" \/>\n\t<meta name=\"twitter:data1\" content=\"2 minuuttia\" \/>\n<script type=\"application\/ld+json\" class=\"yoast-schema-graph\">{\"@context\":\"https:\/\/schema.org\",\"@graph\":[{\"@type\":\"WebPage\",\"@id\":\"https:\/\/lottohoy.com\/fi\/pelata\/pelaa-lotto-america\/\",\"url\":\"https:\/\/lottohoy.com\/fi\/pelata\/pelaa-lotto-america\/\",\"name\":\"Pelaa Lotto America, USA:n arpajaiset - LottoHoy.com\",\"isPartOf\":{\"@id\":\"https:\/\/lottohoy.com\/fi\/#website\"},\"datePublished\":\"2020-08-10T20:38:27+00:00\",\"dateModified\":\"2020-08-10T20:38:27+00:00\",\"description\":\"USA:n lottojen laajan valikoiman joukosta ehdotamme, ett\u00e4 pelaat Lotto Americaa ja nautit sen 9 palkintoluokasta.\",\"breadcrumb\":{\"@id\":\"https:\/\/lottohoy.com\/fi\/pelata\/pelaa-lotto-america\/#breadcrumb\"},\"inLanguage\":\"fi\",\"potentialAction\":[{\"@type\":\"ReadAction\",\"target\":[\"https:\/\/lottohoy.com\/fi\/pelata\/pelaa-lotto-america\/\"]}]},{\"@type\":\"BreadcrumbList\",\"@id\":\"https:\/\/lottohoy.com\/fi\/pelata\/pelaa-lotto-america\/#breadcrumb\",\"itemListElement\":[{\"@type\":\"ListItem\",\"position\":1,\"name\":\"Home\",\"item\":\"https:\/\/lottohoy.com\/fi\/\"},{\"@type\":\"ListItem\",\"position\":2,\"name\":\"Pelaa lottoa verkossa\",\"item\":\"https:\/\/lottohoy.com\/fi\/pelata\/\"},{\"@type\":\"ListItem\",\"position\":3,\"name\":\"Pelaa Lotto America\"}]},{\"@type\":\"WebSite\",\"@id\":\"https:\/\/lottohoy.com\/fi\/#website\",\"url\":\"https:\/\/lottohoy.com\/fi\/\",\"name\":\"Lottohoy\",\"description\":\"\",\"potentialAction\":[{\"@type\":\"SearchAction\",\"target\":{\"@type\":\"EntryPoint\",\"urlTemplate\":\"https:\/\/lottohoy.com\/fi\/?s={search_term_string}\"},\"query-input\":{\"@type\":\"PropertyValueSpecification\",\"valueRequired\":true,\"valueName\":\"search_term_string\"}}],\"inLanguage\":\"fi\"}]}<\/script>\n<!-- \/ Yoast SEO plugin. -->","yoast_head_json":{"title":"Pelaa Lotto America, USA:n arpajaiset - LottoHoy.com","description":"USA:n lottojen laajan valikoiman joukosta ehdotamme, ett\u00e4 pelaat Lotto Americaa ja nautit sen 9 palkintoluokasta.","robots":{"index":"index","follow":"follow","max-snippet":"max-snippet:-1","max-image-preview":"max-image-preview:large","max-video-preview":"max-video-preview:-1"},"canonical":"https:\/\/lottohoy.com\/fi\/pelata\/pelaa-lotto-america\/","og_locale":"fi_FI","og_type":"article","og_title":"Pelaa Lotto America, USA:n arpajaiset - LottoHoy.com","og_description":"USA:n lottojen laajan valikoiman joukosta ehdotamme, ett\u00e4 pelaat Lotto Americaa ja nautit sen 9 palkintoluokasta.","og_url":"https:\/\/lottohoy.com\/fi\/pelata\/pelaa-lotto-america\/","og_site_name":"Lottohoy","twitter_card":"summary_large_image","twitter_misc":{"Arvioitu lukuaika":"2 minuuttia"},"schema":{"@context":"https:\/\/schema.org","@graph":[{"@type":"WebPage","@id":"https:\/\/lottohoy.com\/fi\/pelata\/pelaa-lotto-america\/","url":"https:\/\/lottohoy.com\/fi\/pelata\/pelaa-lotto-america\/","name":"Pelaa Lotto America, USA:n arpajaiset - LottoHoy.com","isPartOf":{"@id":"https:\/\/lottohoy.com\/fi\/#website"},"datePublished":"2020-08-10T20:38:27+00:00","dateModified":"2020-08-10T20:38:27+00:00","description":"USA:n lottojen laajan valikoiman joukosta ehdotamme, ett\u00e4 pelaat Lotto Americaa ja nautit sen 9 palkintoluokasta.","breadcrumb":{"@id":"https:\/\/lottohoy.com\/fi\/pelata\/pelaa-lotto-america\/#breadcrumb"},"inLanguage":"fi","potentialAction":[{"@type":"ReadAction","target":["https:\/\/lottohoy.com\/fi\/pelata\/pelaa-lotto-america\/"]}]},{"@type":"BreadcrumbList","@id":"https:\/\/lottohoy.com\/fi\/pelata\/pelaa-lotto-america\/#breadcrumb","itemListElement":[{"@type":"ListItem","position":1,"name":"Home","item":"https:\/\/lottohoy.com\/fi\/"},{"@type":"ListItem","position":2,"name":"Pelaa lottoa verkossa","item":"https:\/\/lottohoy.com\/fi\/pelata\/"},{"@type":"ListItem","position":3,"name":"Pelaa Lotto America"}]},{"@type":"WebSite","@id":"https:\/\/lottohoy.com\/fi\/#website","url":"https:\/\/lottohoy.com\/fi\/","name":"Lottohoy","description":"","potentialAction":[{"@type":"SearchAction","target":{"@type":"EntryPoint","urlTemplate":"https:\/\/lottohoy.com\/fi\/?s={search_term_string}"},"query-input":{"@type":"PropertyValueSpecification","valueRequired":true,"valueName":"search_term_string"}}],"inLanguage":"fi"}]}},"_links":{"self":[{"href":"https:\/\/lottohoy.com\/fi\/wp-json\/wp\/v2\/pages\/16720","targetHints":{"allow":["GET"]}}],"collection":[{"href":"https:\/\/lottohoy.com\/fi\/wp-json\/wp\/v2\/pages"}],"about":[{"href":"https:\/\/lottohoy.com\/fi\/wp-json\/wp\/v2\/types\/page"}],"author":[{"embeddable":true,"href":"https:\/\/lottohoy.com\/fi\/wp-json\/wp\/v2\/users\/2"}],"replies":[{"embeddable":true,"href":"https:\/\/lottohoy.com\/fi\/wp-json\/wp\/v2\/comments?post=16720"}],"version-history":[{"count":0,"href":"https:\/\/lottohoy.com\/fi\/wp-json\/wp\/v2\/pages\/16720\/revisions"}],"up":[{"embeddable":true,"href":"https:\/\/lottohoy.com\/fi\/wp-json\/wp\/v2\/pages\/16581"}],"wp:attachment":[{"href":"https:\/\/lottohoy.com\/fi\/wp-json\/wp\/v2\/media?parent=16720"}],"curies":[{"name":"wp","href":"https:\/\/api.w.org\/{rel}","templated":true}]}}