{"id":16713,"date":"2020-08-10T22:50:30","date_gmt":"2020-08-10T21:50:30","guid":{"rendered":"https:\/\/lottohoy.com\/pelata\/pelaa-lotto-6aus49\/"},"modified":"2020-08-10T22:50:30","modified_gmt":"2020-08-10T21:50:30","slug":"pelaa-lotto-6aus49","status":"publish","type":"page","link":"https:\/\/lottohoy.com\/fi\/pelata\/pelaa-lotto-6aus49\/","title":{"rendered":"Pelaa Lotto 6aus49"},"content":{"rendered":"<h2>Pelaa Lotto 6aus49 verkossa<\/h2>\n<p>6aus49 on Saksan tunnetuin lotto, joka tunnetaan my\u00f6s nimell\u00e4 Saksan lotto. S\u00e4\u00e4nn\u00f6t ovat hyvin yksinkertaiset, pelaajien on valittava taulukosta, joka koostuu 49 laatikosta, jotka on numeroitu 1:st\u00e4 49:\u00e4\u00e4n, p\u00e4\u00e4kombinaation 6 numeroa sek\u00e4 erityinen bonusnumero, joka tunnetaan nimell\u00e4 Superzahl, luettelosta, joka on numeroitu 0:sta 9:\u00e4\u00e4n.<\/p>\n<p>N\u00e4iden numeroiden poimiminen tapahtuu kahdella koneella. Ensimm\u00e4isest\u00e4 koneesta otetaan numeroidut pallot (6 p\u00e4\u00e4kombinaatiota) ja toisesta koneesta otetaan pallo S\u00fapezahl-numeron m\u00e4\u00e4ritt\u00e4miseksi.<\/p>\n<h2>Miten pelata 6aus49 verkossa?<\/h2>\n<p>Saksan lotto 6aus49:n pelaaminen verkossa on todella helppoa, sinun on vain luotava k\u00e4ytt\u00e4j\u00e4tili LottoHoy:ssa, jotta p\u00e4\u00e4set k\u00e4siksi kaikkiin tietoihin maksuista, tilauksista, ostetuista lipuista, tilastoista jne. ja voit valita arvonnat, joita haluat pelata.<\/p>\n<p>T\u00e4ll\u00e4 samalla pelisivulla on viisi saraketta vedoille (joita kutsutaan my\u00f6s riveiksi), jokaisessa viidess\u00e4 sarakkeessa on ruutuja, jotka on numeroitu 1-49), ja voit t\u00e4ytt\u00e4\u00e4 niin monta kuin haluat. Jokainen sarake viittaa yhteen vetoon, jonka hinta on 2,50 \u20ac.<\/p>\n<p>N\u00e4ihin 49 numeron sarakkeisiin tai riviin on valittava haluttu yhdistelm\u00e4, olettaen, ett\u00e4 6 numeroa on merkitt\u00e4v\u00e4 yksinkertaista peli\u00e4 varten.<\/p>\n<p>J\u00e4rjestelm\u00e4n avulla voimme t\u00e4ytt\u00e4\u00e4 n\u00e4m\u00e4 ruudut manuaalisesti tai kunkin taulun yl\u00e4puolella n\u00e4kyv\u00e4n pikavalintavaihtoehdon avulla antaa j\u00e4rjestelm\u00e4n itse satunnaisesti valita panoksemme yhdistelm\u00e4n.<\/p>\n<p>Kun numeroiden valinta yhteen tai useampaan sarakkeeseen on tehty, siirry JATKA-ruutuun ja jatka maksua. N\u00e4in yksinkertaista se on.<\/p>\n<h2>Mit\u00e4 palkintoja 6aus49 jakaa?<\/h2>\n<p>Lotto 6aus49:ss\u00e4 on yhdeks\u00e4n eri palkintotasoa. Voittaaksesi j\u00e4ttipotin sinun on l\u00f6ydett\u00e4v\u00e4 kaikki kuusi p\u00e4\u00e4numeroa ja Superzahl. Kokonaisvoittomahdollisuutesi voittaa mik\u00e4 tahansa Lotto 6aus49-palkinto on 1:31. Saksan lotto tarjoaa eritt\u00e4in hyv\u00e4t mahdollisuudet voittaa.<\/p>\n<p>6aus49-tuloksia varten on yhdeks\u00e4n luokkaa<\/p>\n<p>&#8211; Ensimm\u00e4inen luokka: 6 numeron + Superzahl-voittajille.<\/p>\n<p>&#8211; Toinen kategoria: P\u00e4\u00e4yhdistelm\u00e4n 6 osumaa.<\/p>\n<p>&#8211; Kolmas luokka: 5 yhdistelm\u00e4n osumaa + Superzahl.<\/p>\n<p>&#8211; Nelj\u00e4s kategoria: 5 osumaa p\u00e4\u00e4yhdistelm\u00e4st\u00e4.<\/p>\n<p>&#8211; Viides luokka: 4 yhdistelm\u00e4n osumaa + Superzahl.<\/p>\n<p>&#8211; Kuudes luokka: 4 osumaa p\u00e4\u00e4yhdistelm\u00e4\u00e4.<\/p>\n<p>&#8211; Seitsem\u00e4s luokka: 3 osumaa + Superzahl.<\/p>\n<p>&#8211; Kahdeksas luokka: 3 osumaa.<\/p>\n<p>&#8211; Yhdeks\u00e4s luokka: 2 osumaa + Superzahl.<\/p>\n<h2>Milloin 6aus49 arvotaan?<\/h2>\n<p>6aus49-arvonnan arvonnat suoritetaan joka keskiviikko klo 18:25 (CET) ja lauantaisin klo 19:25 (CET).<\/p>\n<p>Jos haluat pelata lottoa 6aus49 verkossa, ostojen sis\u00e4\u00e4np\u00e4\u00e4sy suljetaan 2 tuntia ennen arvontojen juhlia hallinto- ja turvallisuuskysymysten vuoksi.<\/p>\n<h2>Kuinka paljon 6aus49:n pelaaminen maksaa?<\/h2>\n<p>Kunkin 6aus49-lipun hinta LottoHoy:ssa on alkaen 2,50 euroa, ja se sis\u00e4lt\u00e4\u00e4 kaikki k\u00e4sittely- ja ostohallintokulut virallisten myyjien ja\/tai vastaavien kautta.<\/p>\n","protected":false},"excerpt":{"rendered":"<p>Pelaa Lotto 6aus49 verkossa 6aus49 on Saksan tunnetuin lotto, joka tunnetaan my\u00f6s nimell\u00e4 Saksan lotto. S\u00e4\u00e4nn\u00f6t ovat hyvin yksinkertaiset, pelaajien on valittava taulukosta, joka koostuu 49 laatikosta, jotka on numeroitu 1:st\u00e4 49:\u00e4\u00e4n, p\u00e4\u00e4kombinaation 6 numeroa sek\u00e4 erityinen bonusnumero, joka tunnetaan nimell\u00e4 Superzahl, luettelosta, joka on numeroitu 0:sta 9:\u00e4\u00e4n. N\u00e4iden numeroiden poimiminen tapahtuu kahdella koneella. Ensimm\u00e4isest\u00e4 [&hellip;]<\/p>\n","protected":false},"author":2,"featured_media":0,"parent":16581,"menu_order":13,"comment_status":"closed","ping_status":"closed","template":"lotto-german.php","meta":{"_et_pb_use_builder":"","_et_pb_old_content":"","_et_gb_content_width":"","exclude_from_search":false,"footnotes":""},"class_list":["post-16713","page","type-page","status-publish","hentry"],"yoast_head":"<!-- This site is optimized with the Yoast SEO plugin v23.7 - https:\/\/yoast.com\/wordpress\/plugins\/seo\/ -->\n<title>Pelaa Lotto 6aus49, Saksan arpajaiset - LottoHoy.com<\/title>\n<meta name=\"description\" content=\"Mielenkiintoinen vaihtoehto on pelata lottoa 6aus49, saksalaista lottoa, joka tuottaa joka viikko uusia onnekkaita ja onnellisia voittajia.\" \/>\n<meta name=\"robots\" content=\"index, follow, max-snippet:-1, max-image-preview:large, max-video-preview:-1\" \/>\n<link rel=\"canonical\" href=\"https:\/\/lottohoy.com\/fi\/pelata\/pelaa-lotto-6aus49\/\" \/>\n<meta property=\"og:locale\" content=\"fi_FI\" \/>\n<meta property=\"og:type\" content=\"article\" \/>\n<meta property=\"og:title\" content=\"Pelaa Lotto 6aus49, Saksan arpajaiset - LottoHoy.com\" \/>\n<meta property=\"og:description\" content=\"Mielenkiintoinen vaihtoehto on pelata lottoa 6aus49, saksalaista lottoa, joka tuottaa joka viikko uusia onnekkaita ja onnellisia voittajia.\" \/>\n<meta property=\"og:url\" content=\"https:\/\/lottohoy.com\/fi\/pelata\/pelaa-lotto-6aus49\/\" \/>\n<meta property=\"og:site_name\" content=\"Lottohoy\" \/>\n<meta name=\"twitter:card\" content=\"summary_large_image\" \/>\n<meta name=\"twitter:label1\" content=\"Arvioitu lukuaika\" \/>\n\t<meta name=\"twitter:data1\" content=\"2 minuuttia\" \/>\n<script type=\"application\/ld+json\" class=\"yoast-schema-graph\">{\"@context\":\"https:\/\/schema.org\",\"@graph\":[{\"@type\":\"WebPage\",\"@id\":\"https:\/\/lottohoy.com\/fi\/pelata\/pelaa-lotto-6aus49\/\",\"url\":\"https:\/\/lottohoy.com\/fi\/pelata\/pelaa-lotto-6aus49\/\",\"name\":\"Pelaa Lotto 6aus49, Saksan arpajaiset - LottoHoy.com\",\"isPartOf\":{\"@id\":\"https:\/\/lottohoy.com\/fi\/#website\"},\"datePublished\":\"2020-08-10T21:50:30+00:00\",\"dateModified\":\"2020-08-10T21:50:30+00:00\",\"description\":\"Mielenkiintoinen vaihtoehto on pelata lottoa 6aus49, saksalaista lottoa, joka tuottaa joka viikko uusia onnekkaita ja onnellisia voittajia.\",\"breadcrumb\":{\"@id\":\"https:\/\/lottohoy.com\/fi\/pelata\/pelaa-lotto-6aus49\/#breadcrumb\"},\"inLanguage\":\"fi\",\"potentialAction\":[{\"@type\":\"ReadAction\",\"target\":[\"https:\/\/lottohoy.com\/fi\/pelata\/pelaa-lotto-6aus49\/\"]}]},{\"@type\":\"BreadcrumbList\",\"@id\":\"https:\/\/lottohoy.com\/fi\/pelata\/pelaa-lotto-6aus49\/#breadcrumb\",\"itemListElement\":[{\"@type\":\"ListItem\",\"position\":1,\"name\":\"Home\",\"item\":\"https:\/\/lottohoy.com\/fi\/\"},{\"@type\":\"ListItem\",\"position\":2,\"name\":\"Pelaa lottoa verkossa\",\"item\":\"https:\/\/lottohoy.com\/fi\/pelata\/\"},{\"@type\":\"ListItem\",\"position\":3,\"name\":\"Pelaa Lotto 6aus49\"}]},{\"@type\":\"WebSite\",\"@id\":\"https:\/\/lottohoy.com\/fi\/#website\",\"url\":\"https:\/\/lottohoy.com\/fi\/\",\"name\":\"Lottohoy\",\"description\":\"\",\"potentialAction\":[{\"@type\":\"SearchAction\",\"target\":{\"@type\":\"EntryPoint\",\"urlTemplate\":\"https:\/\/lottohoy.com\/fi\/?s={search_term_string}\"},\"query-input\":{\"@type\":\"PropertyValueSpecification\",\"valueRequired\":true,\"valueName\":\"search_term_string\"}}],\"inLanguage\":\"fi\"}]}<\/script>\n<!-- \/ Yoast SEO plugin. -->","yoast_head_json":{"title":"Pelaa Lotto 6aus49, Saksan arpajaiset - LottoHoy.com","description":"Mielenkiintoinen vaihtoehto on pelata lottoa 6aus49, saksalaista lottoa, joka tuottaa joka viikko uusia onnekkaita ja onnellisia voittajia.","robots":{"index":"index","follow":"follow","max-snippet":"max-snippet:-1","max-image-preview":"max-image-preview:large","max-video-preview":"max-video-preview:-1"},"canonical":"https:\/\/lottohoy.com\/fi\/pelata\/pelaa-lotto-6aus49\/","og_locale":"fi_FI","og_type":"article","og_title":"Pelaa Lotto 6aus49, Saksan arpajaiset - LottoHoy.com","og_description":"Mielenkiintoinen vaihtoehto on pelata lottoa 6aus49, saksalaista lottoa, joka tuottaa joka viikko uusia onnekkaita ja onnellisia voittajia.","og_url":"https:\/\/lottohoy.com\/fi\/pelata\/pelaa-lotto-6aus49\/","og_site_name":"Lottohoy","twitter_card":"summary_large_image","twitter_misc":{"Arvioitu lukuaika":"2 minuuttia"},"schema":{"@context":"https:\/\/schema.org","@graph":[{"@type":"WebPage","@id":"https:\/\/lottohoy.com\/fi\/pelata\/pelaa-lotto-6aus49\/","url":"https:\/\/lottohoy.com\/fi\/pelata\/pelaa-lotto-6aus49\/","name":"Pelaa Lotto 6aus49, Saksan arpajaiset - LottoHoy.com","isPartOf":{"@id":"https:\/\/lottohoy.com\/fi\/#website"},"datePublished":"2020-08-10T21:50:30+00:00","dateModified":"2020-08-10T21:50:30+00:00","description":"Mielenkiintoinen vaihtoehto on pelata lottoa 6aus49, saksalaista lottoa, joka tuottaa joka viikko uusia onnekkaita ja onnellisia voittajia.","breadcrumb":{"@id":"https:\/\/lottohoy.com\/fi\/pelata\/pelaa-lotto-6aus49\/#breadcrumb"},"inLanguage":"fi","potentialAction":[{"@type":"ReadAction","target":["https:\/\/lottohoy.com\/fi\/pelata\/pelaa-lotto-6aus49\/"]}]},{"@type":"BreadcrumbList","@id":"https:\/\/lottohoy.com\/fi\/pelata\/pelaa-lotto-6aus49\/#breadcrumb","itemListElement":[{"@type":"ListItem","position":1,"name":"Home","item":"https:\/\/lottohoy.com\/fi\/"},{"@type":"ListItem","position":2,"name":"Pelaa lottoa verkossa","item":"https:\/\/lottohoy.com\/fi\/pelata\/"},{"@type":"ListItem","position":3,"name":"Pelaa Lotto 6aus49"}]},{"@type":"WebSite","@id":"https:\/\/lottohoy.com\/fi\/#website","url":"https:\/\/lottohoy.com\/fi\/","name":"Lottohoy","description":"","potentialAction":[{"@type":"SearchAction","target":{"@type":"EntryPoint","urlTemplate":"https:\/\/lottohoy.com\/fi\/?s={search_term_string}"},"query-input":{"@type":"PropertyValueSpecification","valueRequired":true,"valueName":"search_term_string"}}],"inLanguage":"fi"}]}},"_links":{"self":[{"href":"https:\/\/lottohoy.com\/fi\/wp-json\/wp\/v2\/pages\/16713","targetHints":{"allow":["GET"]}}],"collection":[{"href":"https:\/\/lottohoy.com\/fi\/wp-json\/wp\/v2\/pages"}],"about":[{"href":"https:\/\/lottohoy.com\/fi\/wp-json\/wp\/v2\/types\/page"}],"author":[{"embeddable":true,"href":"https:\/\/lottohoy.com\/fi\/wp-json\/wp\/v2\/users\/2"}],"replies":[{"embeddable":true,"href":"https:\/\/lottohoy.com\/fi\/wp-json\/wp\/v2\/comments?post=16713"}],"version-history":[{"count":0,"href":"https:\/\/lottohoy.com\/fi\/wp-json\/wp\/v2\/pages\/16713\/revisions"}],"up":[{"embeddable":true,"href":"https:\/\/lottohoy.com\/fi\/wp-json\/wp\/v2\/pages\/16581"}],"wp:attachment":[{"href":"https:\/\/lottohoy.com\/fi\/wp-json\/wp\/v2\/media?parent=16713"}],"curies":[{"name":"wp","href":"https:\/\/api.w.org\/{rel}","templated":true}]}}