{"id":16705,"date":"2019-03-22T15:50:45","date_gmt":"2019-03-22T15:50:45","guid":{"rendered":"https:\/\/lottohoy.com\/?page_id=16705"},"modified":"2025-03-25T10:27:13","modified_gmt":"2025-03-25T10:27:13","slug":"pelaa-ranskan-lotto","status":"publish","type":"page","link":"https:\/\/lottohoy.com\/fi\/pelata\/pelaa-ranskan-lotto\/","title":{"rendered":"Pelaa Ranskan Lotto"},"content":{"rendered":"<h2>Pelaa Ranskan Lotto verkossa<\/h2>\n<p>Ranskan lotto on yksi suosituimmista peleist\u00e4, joita tarjoaa Fran\u00e7aise des Jeux (FDJ), kaikkien Ranskan lottopelien j\u00e4rjest\u00e4j\u00e4.<\/p>\n<p>Kuten useimmat lotot maailmanlaajuisesti, Ranskan Lotto on varattu t\u00e4ysi-ik\u00e4isille pelaajille. T\u00e4ss\u00e4 tapauksessa Ranska on asettanut 18 vuoden ik\u00e4rajan, jotta voi osallistua ja ker\u00e4t\u00e4 palkintoja kaikissa peleiss\u00e4\u00e4n.<\/p>\n<h2>Kuinka pelata Ranskan lottoa<\/h2>\n<p>Voit pelata Ranskan lottoa verkossa periaatteessa kahdella tavalla: joko suoraan Ranskassa sijaitsevan La Fran\u00e7aise des Jeux -verkkosivuston kautta tai LottoHoy:n kautta.<\/p>\n<p>Kun Ranskan Loton pelisivulle p\u00e4\u00e4see LottoHoy.com-sivuston kautta, n\u00e4kyviin tulee malli, jossa on viisi saraketta tai pelirivi\u00e4, joissa kukin sarake vastaa panosta. N\u00e4ihin viiteen alkuper\u00e4iseen sarakkeeseen voidaan lis\u00e4t\u00e4 lis\u00e4\u00e4 klikkaamalla MORE LINES-painiketta, ja n\u00e4kyviin tulee viisi muuta saraketta, joihin voit asettaa lis\u00e4\u00e4 panoksia samaan peliin.<\/p>\n<p>T\u00e4m\u00e4 voidaan toistaa niin monta kertaa kuin haluat ly\u00f6d\u00e4 vetoa haluamiesi sarakkeiden tai linjojen lukum\u00e4\u00e4r\u00e4n verran.<\/p>\n<p>Asettaaksesi panoksen sarakkeeseen sinun on <strong>valittava viisi numeroa 49:st\u00e4, jotka n\u00e4kyv\u00e4t ensimm\u00e4isess\u00e4 nelikent\u00e4ss\u00e4, ja toinen numero toiseen ruutuun ympyr\u00f6iden v\u00e4liss\u00e4, jotka on numeroitu 1-10.<\/strong><\/p>\n<p>T\u00e4m\u00e4 voidaan tehd\u00e4 manuaalisesti merkitsem\u00e4ll\u00e4 suoraan jokaisen numeron kohdalle, jonka haluat olevan osa panosyhdistelm\u00e4\u00e4si. Lis\u00e4ksi voit halutessasi antaa j\u00e4rjestelm\u00e4n itse valita yhdistelm\u00e4n satunnaisesti.<\/p>\n<p>Jos veto voitetaan, palkintosumma talletetaan automaattisesti k\u00e4ytt\u00e4j\u00e4n tilille.<\/p>\n<h2>Min\u00e4 p\u00e4ivin\u00e4 Ranskan lottoa pelataan?<\/h2>\n<p>Ranskan Lotto arvotaan kolmesti viikossa: maanantaisin, keskiviikkoisin ja lauantaisin klo 20.35 paikallista aikaa.<\/p>\n<p>Lipunmyynti suljetaan virallisesti klo 18.00 paikallista aikaa ja avataan uudelleen arvonnan p\u00e4\u00e4tytty\u00e4 ottamaan vastaan lippuja uusiin arvontoihin.<\/p>\n<h2>Ranskan lottopelien ostamisen edut verkossa<\/h2>\n<p>Ranskan lottovedonly\u00f6nnin tekeminen verkossa tarjoaa monia etuja, etenkin kun otetaan huomioon kuluttajatrendit ja siihen liittyv\u00e4 helppous.<\/p>\n<p>Monien muiden joukossa n\u00e4m\u00e4 ovat joitakin t\u00e4rkeimpi\u00e4 etuja, joita LottoHoy:n kautta pelaaminen tuo mukanaan:<\/p>\n<ul>\n<li>Transaktioiden turvallisuus.<\/li>\n<li>Mahdollisuus k\u00e4ytt\u00e4\u00e4 24\/7 vuoden jokaisena p\u00e4iv\u00e4n\u00e4 ostoja ja vetoja varten.<\/li>\n<li>Osta lippusi mist\u00e4 p\u00e4in maailmaa tahansa, ilman jonoja tai matkoja.<\/li>\n<li>Kun verkossa, osto lippu on aina turvassa k\u00e4ytt\u00e4j\u00e4tilill\u00e4si.<\/li>\n<li>Voitetut palkinnot talletetaan v\u00e4litt\u00f6m\u00e4sti k\u00e4ytt\u00e4j\u00e4tilillesi arvonnan toteutumisen j\u00e4lkeen ja kun <a href=\"https:\/\/lottohoy.com\/results\/lotto-fr\/\"><strong>Ranskan Loton tulokset<\/strong><\/a> on julkaistu.<\/li>\n<li>Saat tietoa kierr\u00e4tyksist\u00e4 ja poikkeuksellisista arvonnoista.<\/li>\n<\/ul>\n","protected":false},"excerpt":{"rendered":"<p>Pelaa Ranskan Lotto verkossa Ranskan lotto on yksi suosituimmista peleist\u00e4, joita tarjoaa Fran\u00e7aise des Jeux (FDJ), kaikkien Ranskan lottopelien j\u00e4rjest\u00e4j\u00e4. Kuten useimmat lotot maailmanlaajuisesti, Ranskan Lotto on varattu t\u00e4ysi-ik\u00e4isille pelaajille. T\u00e4ss\u00e4 tapauksessa Ranska on asettanut 18 vuoden ik\u00e4rajan, jotta voi osallistua ja ker\u00e4t\u00e4 palkintoja kaikissa peleiss\u00e4\u00e4n. Kuinka pelata Ranskan lottoa Voit pelata Ranskan lottoa verkossa [&hellip;]<\/p>\n","protected":false},"author":7,"featured_media":0,"parent":16581,"menu_order":12,"comment_status":"closed","ping_status":"closed","template":"lotto-fr.php","meta":{"_et_pb_use_builder":"","_et_pb_old_content":"","_et_gb_content_width":"","exclude_from_search":false,"footnotes":""},"class_list":["post-16705","page","type-page","status-publish","hentry"],"yoast_head":"<!-- This site is optimized with the Yoast SEO plugin v23.7 - https:\/\/yoast.com\/wordpress\/plugins\/seo\/ -->\n<title>Pelaa Ranskan lottoa verkossa, Ranskan suurinta lottoa.<\/title>\n<meta name=\"description\" content=\"Vihdoinkin saatavilla LottoHoy:ssa Ranskan t\u00e4rkein lotto. Osta lippusi mist\u00e4 tahansa ja tunne Ranskan Loton voittamisen j\u00e4nnitys.\" \/>\n<meta name=\"robots\" content=\"index, follow, max-snippet:-1, max-image-preview:large, max-video-preview:-1\" \/>\n<link rel=\"canonical\" href=\"https:\/\/lottohoy.com\/fi\/pelata\/pelaa-ranskan-lotto\/\" \/>\n<meta property=\"og:locale\" content=\"fi_FI\" \/>\n<meta property=\"og:type\" content=\"article\" \/>\n<meta property=\"og:title\" content=\"Pelaa Ranskan lottoa verkossa, Ranskan suurinta lottoa.\" \/>\n<meta property=\"og:description\" content=\"Vihdoinkin saatavilla LottoHoy:ssa Ranskan t\u00e4rkein lotto. Osta lippusi mist\u00e4 tahansa ja tunne Ranskan Loton voittamisen j\u00e4nnitys.\" \/>\n<meta property=\"og:url\" content=\"https:\/\/lottohoy.com\/fi\/pelata\/pelaa-ranskan-lotto\/\" \/>\n<meta property=\"og:site_name\" content=\"Lottohoy\" \/>\n<meta property=\"article:modified_time\" content=\"2025-03-25T10:27:13+00:00\" \/>\n<meta name=\"twitter:card\" content=\"summary_large_image\" \/>\n<meta name=\"twitter:label1\" content=\"Arvioitu lukuaika\" \/>\n\t<meta name=\"twitter:data1\" content=\"2 minuuttia\" \/>\n<script type=\"application\/ld+json\" class=\"yoast-schema-graph\">{\"@context\":\"https:\/\/schema.org\",\"@graph\":[{\"@type\":\"WebPage\",\"@id\":\"https:\/\/lottohoy.com\/fi\/pelata\/pelaa-ranskan-lotto\/\",\"url\":\"https:\/\/lottohoy.com\/fi\/pelata\/pelaa-ranskan-lotto\/\",\"name\":\"Pelaa Ranskan lottoa verkossa, Ranskan suurinta lottoa.\",\"isPartOf\":{\"@id\":\"https:\/\/lottohoy.com\/fi\/#website\"},\"datePublished\":\"2019-03-22T15:50:45+00:00\",\"dateModified\":\"2025-03-25T10:27:13+00:00\",\"description\":\"Vihdoinkin saatavilla LottoHoy:ssa Ranskan t\u00e4rkein lotto. Osta lippusi mist\u00e4 tahansa ja tunne Ranskan Loton voittamisen j\u00e4nnitys.\",\"breadcrumb\":{\"@id\":\"https:\/\/lottohoy.com\/fi\/pelata\/pelaa-ranskan-lotto\/#breadcrumb\"},\"inLanguage\":\"fi\",\"potentialAction\":[{\"@type\":\"ReadAction\",\"target\":[\"https:\/\/lottohoy.com\/fi\/pelata\/pelaa-ranskan-lotto\/\"]}]},{\"@type\":\"BreadcrumbList\",\"@id\":\"https:\/\/lottohoy.com\/fi\/pelata\/pelaa-ranskan-lotto\/#breadcrumb\",\"itemListElement\":[{\"@type\":\"ListItem\",\"position\":1,\"name\":\"Home\",\"item\":\"https:\/\/lottohoy.com\/fi\/\"},{\"@type\":\"ListItem\",\"position\":2,\"name\":\"Pelaa lottoa verkossa\",\"item\":\"https:\/\/lottohoy.com\/fi\/pelata\/\"},{\"@type\":\"ListItem\",\"position\":3,\"name\":\"Pelaa Ranskan Lotto\"}]},{\"@type\":\"WebSite\",\"@id\":\"https:\/\/lottohoy.com\/fi\/#website\",\"url\":\"https:\/\/lottohoy.com\/fi\/\",\"name\":\"Lottohoy\",\"description\":\"\",\"potentialAction\":[{\"@type\":\"SearchAction\",\"target\":{\"@type\":\"EntryPoint\",\"urlTemplate\":\"https:\/\/lottohoy.com\/fi\/?s={search_term_string}\"},\"query-input\":{\"@type\":\"PropertyValueSpecification\",\"valueRequired\":true,\"valueName\":\"search_term_string\"}}],\"inLanguage\":\"fi\"}]}<\/script>\n<!-- \/ Yoast SEO plugin. -->","yoast_head_json":{"title":"Pelaa Ranskan lottoa verkossa, Ranskan suurinta lottoa.","description":"Vihdoinkin saatavilla LottoHoy:ssa Ranskan t\u00e4rkein lotto. Osta lippusi mist\u00e4 tahansa ja tunne Ranskan Loton voittamisen j\u00e4nnitys.","robots":{"index":"index","follow":"follow","max-snippet":"max-snippet:-1","max-image-preview":"max-image-preview:large","max-video-preview":"max-video-preview:-1"},"canonical":"https:\/\/lottohoy.com\/fi\/pelata\/pelaa-ranskan-lotto\/","og_locale":"fi_FI","og_type":"article","og_title":"Pelaa Ranskan lottoa verkossa, Ranskan suurinta lottoa.","og_description":"Vihdoinkin saatavilla LottoHoy:ssa Ranskan t\u00e4rkein lotto. Osta lippusi mist\u00e4 tahansa ja tunne Ranskan Loton voittamisen j\u00e4nnitys.","og_url":"https:\/\/lottohoy.com\/fi\/pelata\/pelaa-ranskan-lotto\/","og_site_name":"Lottohoy","article_modified_time":"2025-03-25T10:27:13+00:00","twitter_card":"summary_large_image","twitter_misc":{"Arvioitu lukuaika":"2 minuuttia"},"schema":{"@context":"https:\/\/schema.org","@graph":[{"@type":"WebPage","@id":"https:\/\/lottohoy.com\/fi\/pelata\/pelaa-ranskan-lotto\/","url":"https:\/\/lottohoy.com\/fi\/pelata\/pelaa-ranskan-lotto\/","name":"Pelaa Ranskan lottoa verkossa, Ranskan suurinta lottoa.","isPartOf":{"@id":"https:\/\/lottohoy.com\/fi\/#website"},"datePublished":"2019-03-22T15:50:45+00:00","dateModified":"2025-03-25T10:27:13+00:00","description":"Vihdoinkin saatavilla LottoHoy:ssa Ranskan t\u00e4rkein lotto. Osta lippusi mist\u00e4 tahansa ja tunne Ranskan Loton voittamisen j\u00e4nnitys.","breadcrumb":{"@id":"https:\/\/lottohoy.com\/fi\/pelata\/pelaa-ranskan-lotto\/#breadcrumb"},"inLanguage":"fi","potentialAction":[{"@type":"ReadAction","target":["https:\/\/lottohoy.com\/fi\/pelata\/pelaa-ranskan-lotto\/"]}]},{"@type":"BreadcrumbList","@id":"https:\/\/lottohoy.com\/fi\/pelata\/pelaa-ranskan-lotto\/#breadcrumb","itemListElement":[{"@type":"ListItem","position":1,"name":"Home","item":"https:\/\/lottohoy.com\/fi\/"},{"@type":"ListItem","position":2,"name":"Pelaa lottoa verkossa","item":"https:\/\/lottohoy.com\/fi\/pelata\/"},{"@type":"ListItem","position":3,"name":"Pelaa Ranskan Lotto"}]},{"@type":"WebSite","@id":"https:\/\/lottohoy.com\/fi\/#website","url":"https:\/\/lottohoy.com\/fi\/","name":"Lottohoy","description":"","potentialAction":[{"@type":"SearchAction","target":{"@type":"EntryPoint","urlTemplate":"https:\/\/lottohoy.com\/fi\/?s={search_term_string}"},"query-input":{"@type":"PropertyValueSpecification","valueRequired":true,"valueName":"search_term_string"}}],"inLanguage":"fi"}]}},"_links":{"self":[{"href":"https:\/\/lottohoy.com\/fi\/wp-json\/wp\/v2\/pages\/16705","targetHints":{"allow":["GET"]}}],"collection":[{"href":"https:\/\/lottohoy.com\/fi\/wp-json\/wp\/v2\/pages"}],"about":[{"href":"https:\/\/lottohoy.com\/fi\/wp-json\/wp\/v2\/types\/page"}],"author":[{"embeddable":true,"href":"https:\/\/lottohoy.com\/fi\/wp-json\/wp\/v2\/users\/7"}],"replies":[{"embeddable":true,"href":"https:\/\/lottohoy.com\/fi\/wp-json\/wp\/v2\/comments?post=16705"}],"version-history":[{"count":1,"href":"https:\/\/lottohoy.com\/fi\/wp-json\/wp\/v2\/pages\/16705\/revisions"}],"predecessor-version":[{"id":16706,"href":"https:\/\/lottohoy.com\/fi\/wp-json\/wp\/v2\/pages\/16705\/revisions\/16706"}],"up":[{"embeddable":true,"href":"https:\/\/lottohoy.com\/fi\/wp-json\/wp\/v2\/pages\/16581"}],"wp:attachment":[{"href":"https:\/\/lottohoy.com\/fi\/wp-json\/wp\/v2\/media?parent=16705"}],"curies":[{"name":"wp","href":"https:\/\/api.w.org\/{rel}","templated":true}]}}