{"id":16694,"date":"2020-08-10T17:04:41","date_gmt":"2020-08-10T16:04:41","guid":{"rendered":"https:\/\/lottohoy.com\/pelata\/play-set-for-life-uk\/"},"modified":"2020-08-10T17:04:41","modified_gmt":"2020-08-10T16:04:41","slug":"play-set-for-life-uk","status":"publish","type":"page","link":"https:\/\/lottohoy.com\/fi\/pelata\/play-set-for-life-uk\/","title":{"rendered":"Play Set For Life (UK)"},"content":{"rendered":"<h2>Play Set for Life (UK)<\/h2>\n<p>Set for Life on Camelotin yll\u00e4pit\u00e4m\u00e4 The National Lottery -lotto, joka tarjoaa huippupelaajille mahdollisuuden voittaa 10 000 puntaa kuukaudessa 30 vuoden ajan. Muille kuin Ison-Britannian pelaajille Camelot tarjoaa kuitenkin kokonaisk\u00e4teisvaihtoehdon, joka vastaa sit\u00e4, mit\u00e4 olisit joutunut maksamaan elinkorkoina tai kyseiseen arvontaan kertyneen summan ensimm\u00e4iseen luokkaasi Pelaaminen on hyvin yksinkertaista, pelaajien on valittava taulukosta, joka koostuu 47 ruudusta, jotka on numeroitu 1:st\u00e4 47:\u00e4\u00e4n, p\u00e4\u00e4kombinaation 5 numeroa sek\u00e4 erityinen bonusnumero, joka tunnetaan nimell\u00e4 \u201dLife Ball\u201d (El\u00e4m\u00e4npallo), luettelosta, joka on numeroitu 1:st\u00e4 10:een.<\/p>\n<h2>Kuinka pelata Set for Life (UK) -peli\u00e4 verkossa?<\/h2>\n<p>Set for Life (UK) -pelin pelaaminen verkossa on todella helppoa, sinun tarvitsee vain luoda k\u00e4ytt\u00e4j\u00e4tili LottoHoy-sivustolle, jotta p\u00e4\u00e4set k\u00e4siksi kaikkiin tietoihin ker\u00e4yksist\u00e4, maksuista, tilauksista, ostetuista lipuista, tilastoista jne&#8230; Pelisivulla n\u00e4kyy viisi panossaraketta (joita kutsutaan my\u00f6s riveiksi), jokaisessa viidess\u00e4 sarakkeessa on ruudut, jotka on numeroitu 1-47 p\u00e4\u00e4numeroina, ja valitse toinen numero sarakkeen alareunasta, jossa on ympyr\u00e4t, jotka on numeroitu 1-10) ja Voit t\u00e4ytt\u00e4\u00e4 niin monta panossaraketta tai -rivi\u00e4 kuin haluat. Klikkaamalla ruutua \u201dlis\u00e4\u00e4 rivej\u00e4\u201d ilmestyy toiset viisi saraketta ja niin edelleen, kunnes haluat. Jokainen sarake viittaa yhteen vetoon, jonka hinta on 4 euroa riippuen vaihtokurssista Englannin punnan kanssa J\u00e4rjestelm\u00e4n avulla voit t\u00e4ytt\u00e4\u00e4 n\u00e4m\u00e4 ruudut manuaalisesti tai pikavalintaruudun avulla, joka ilmestyy jokaisen taulun yl\u00e4puolelle, anna j\u00e4rjestelm\u00e4n itse valita satunnaisesti vetomme yhdistelm\u00e4n. Kun numeroiden valinta yhteen tai useampaan sarakkeeseen on tehty, siirry JATKA-ruutuun ja jatka maksua. N\u00e4in yksinkertaista se on.<\/p>\n<h2>Mit\u00e4 palkintoja Set for Life (UK) jakaa?<\/h2>\n<p>Set for Life (UK) -peliss\u00e4 on kahdeksan (8) eri palkintoluokkaa. Voittaaksesi p\u00e4\u00e4palkinnon sinun on saatava viisi parasta numeroa ja Life Ball -numero. Set for Life (UK) -tuloksissa on kahdeksan kategoriaa &#8211; Ensimm\u00e4inen kategoria: 5 numeroa + Life Ball &#8211; Toinen kategoria: 5 p\u00e4\u00e4yhdistelm\u00e4levy\u00e4 &#8211; Kolmas luokka: 4 yhdistelm\u00e4osumaa + Life Ball &#8211; Nelj\u00e4s luokka: 4 yhdistelm\u00e4osumaa. &#8211; Viides kategoria: 3 yhdistelm\u00e4osumaa + Life Ball &#8211; Kuudes luokka: 3 osumaa p\u00e4\u00e4yhdistelm\u00e4\u00e4 &#8211; Seitsem\u00e4s luokka: 2 osumaa + Life Ball &#8211; Kahdeksas luokka: 2 osumaa<\/p>\n<h2>Milloin Set for Life (UK) arvotaan?<\/h2>\n<p>Tavallisesti Set for Life (UK) -arvonnat j\u00e4rjestet\u00e4\u00e4n joka maanantai ja torstai, molemmat klo 20:00 GMT Verkkokaupan osalta ostosten sis\u00e4\u00e4np\u00e4\u00e4sy suljetaan 2 tuntia ennen arvontojen juhlia hallinto- ja turvallisuuskysymysten vuoksi.<\/p>\n<h2>Kuinka paljon Set for Life (UK) -loton pelaaminen maksaa?<\/h2>\n<p>Jokaisen Set for Life (UK) -lottokupongin hinta LottoHoy:ssa on alkaen 4 \u20ac, ja se sis\u00e4lt\u00e4\u00e4 kaikki virallisten myyjien ja\/tai vastaavien kautta tapahtuvien ostojen k\u00e4sittely- ja hallinnointikulut.<\/p>\n","protected":false},"excerpt":{"rendered":"<p>Play Set for Life (UK) Set for Life on Camelotin yll\u00e4pit\u00e4m\u00e4 The National Lottery -lotto, joka tarjoaa huippupelaajille mahdollisuuden voittaa 10 000 puntaa kuukaudessa 30 vuoden ajan. Muille kuin Ison-Britannian pelaajille Camelot tarjoaa kuitenkin kokonaisk\u00e4teisvaihtoehdon, joka vastaa sit\u00e4, mit\u00e4 olisit joutunut maksamaan elinkorkoina tai kyseiseen arvontaan kertyneen summan ensimm\u00e4iseen luokkaasi Pelaaminen on hyvin yksinkertaista, pelaajien [&hellip;]<\/p>\n","protected":false},"author":2,"featured_media":0,"parent":16581,"menu_order":11,"comment_status":"closed","ping_status":"closed","template":"set-for-life.php","meta":{"_et_pb_use_builder":"","_et_pb_old_content":"","_et_gb_content_width":"","exclude_from_search":false,"footnotes":""},"class_list":["post-16694","page","type-page","status-publish","hentry"],"yoast_head":"<!-- This site is optimized with the Yoast SEO plugin v23.7 - https:\/\/yoast.com\/wordpress\/plugins\/seo\/ -->\n<title>Ole onnekas pelaamalla Set For Life -lottoa (UK) -LottoHoy.com.<\/title>\n<meta name=\"description\" content=\"Voit helposti valita numerot ja pelata Set for Life (UK) -lottoa verkossa kaikissa haluamissasi arvonnoissa, ilman ett\u00e4 menet\u00e4t yht\u00e4\u00e4n\" \/>\n<meta name=\"robots\" content=\"index, follow, max-snippet:-1, max-image-preview:large, max-video-preview:-1\" \/>\n<link rel=\"canonical\" href=\"https:\/\/lottohoy.com\/fi\/pelata\/play-set-for-life-uk\/\" \/>\n<meta property=\"og:locale\" content=\"fi_FI\" \/>\n<meta property=\"og:type\" content=\"article\" \/>\n<meta property=\"og:title\" content=\"Ole onnekas pelaamalla Set For Life -lottoa (UK) -LottoHoy.com.\" \/>\n<meta property=\"og:description\" content=\"Voit helposti valita numerot ja pelata Set for Life (UK) -lottoa verkossa kaikissa haluamissasi arvonnoissa, ilman ett\u00e4 menet\u00e4t yht\u00e4\u00e4n\" \/>\n<meta property=\"og:url\" content=\"https:\/\/lottohoy.com\/fi\/pelata\/play-set-for-life-uk\/\" \/>\n<meta property=\"og:site_name\" content=\"Lottohoy\" \/>\n<meta name=\"twitter:card\" content=\"summary_large_image\" \/>\n<meta name=\"twitter:label1\" content=\"Arvioitu lukuaika\" \/>\n\t<meta name=\"twitter:data1\" content=\"2 minuuttia\" \/>\n<script type=\"application\/ld+json\" class=\"yoast-schema-graph\">{\"@context\":\"https:\/\/schema.org\",\"@graph\":[{\"@type\":\"WebPage\",\"@id\":\"https:\/\/lottohoy.com\/fi\/pelata\/play-set-for-life-uk\/\",\"url\":\"https:\/\/lottohoy.com\/fi\/pelata\/play-set-for-life-uk\/\",\"name\":\"Ole onnekas pelaamalla Set For Life -lottoa (UK) -LottoHoy.com.\",\"isPartOf\":{\"@id\":\"https:\/\/lottohoy.com\/fi\/#website\"},\"datePublished\":\"2020-08-10T16:04:41+00:00\",\"dateModified\":\"2020-08-10T16:04:41+00:00\",\"description\":\"Voit helposti valita numerot ja pelata Set for Life (UK) -lottoa verkossa kaikissa haluamissasi arvonnoissa, ilman ett\u00e4 menet\u00e4t yht\u00e4\u00e4n\",\"breadcrumb\":{\"@id\":\"https:\/\/lottohoy.com\/fi\/pelata\/play-set-for-life-uk\/#breadcrumb\"},\"inLanguage\":\"fi\",\"potentialAction\":[{\"@type\":\"ReadAction\",\"target\":[\"https:\/\/lottohoy.com\/fi\/pelata\/play-set-for-life-uk\/\"]}]},{\"@type\":\"BreadcrumbList\",\"@id\":\"https:\/\/lottohoy.com\/fi\/pelata\/play-set-for-life-uk\/#breadcrumb\",\"itemListElement\":[{\"@type\":\"ListItem\",\"position\":1,\"name\":\"Home\",\"item\":\"https:\/\/lottohoy.com\/fi\/\"},{\"@type\":\"ListItem\",\"position\":2,\"name\":\"Pelaa lottoa verkossa\",\"item\":\"https:\/\/lottohoy.com\/fi\/pelata\/\"},{\"@type\":\"ListItem\",\"position\":3,\"name\":\"Play Set For Life (UK)\"}]},{\"@type\":\"WebSite\",\"@id\":\"https:\/\/lottohoy.com\/fi\/#website\",\"url\":\"https:\/\/lottohoy.com\/fi\/\",\"name\":\"Lottohoy\",\"description\":\"\",\"potentialAction\":[{\"@type\":\"SearchAction\",\"target\":{\"@type\":\"EntryPoint\",\"urlTemplate\":\"https:\/\/lottohoy.com\/fi\/?s={search_term_string}\"},\"query-input\":{\"@type\":\"PropertyValueSpecification\",\"valueRequired\":true,\"valueName\":\"search_term_string\"}}],\"inLanguage\":\"fi\"}]}<\/script>\n<!-- \/ Yoast SEO plugin. -->","yoast_head_json":{"title":"Ole onnekas pelaamalla Set For Life -lottoa (UK) -LottoHoy.com.","description":"Voit helposti valita numerot ja pelata Set for Life (UK) -lottoa verkossa kaikissa haluamissasi arvonnoissa, ilman ett\u00e4 menet\u00e4t yht\u00e4\u00e4n","robots":{"index":"index","follow":"follow","max-snippet":"max-snippet:-1","max-image-preview":"max-image-preview:large","max-video-preview":"max-video-preview:-1"},"canonical":"https:\/\/lottohoy.com\/fi\/pelata\/play-set-for-life-uk\/","og_locale":"fi_FI","og_type":"article","og_title":"Ole onnekas pelaamalla Set For Life -lottoa (UK) -LottoHoy.com.","og_description":"Voit helposti valita numerot ja pelata Set for Life (UK) -lottoa verkossa kaikissa haluamissasi arvonnoissa, ilman ett\u00e4 menet\u00e4t yht\u00e4\u00e4n","og_url":"https:\/\/lottohoy.com\/fi\/pelata\/play-set-for-life-uk\/","og_site_name":"Lottohoy","twitter_card":"summary_large_image","twitter_misc":{"Arvioitu lukuaika":"2 minuuttia"},"schema":{"@context":"https:\/\/schema.org","@graph":[{"@type":"WebPage","@id":"https:\/\/lottohoy.com\/fi\/pelata\/play-set-for-life-uk\/","url":"https:\/\/lottohoy.com\/fi\/pelata\/play-set-for-life-uk\/","name":"Ole onnekas pelaamalla Set For Life -lottoa (UK) -LottoHoy.com.","isPartOf":{"@id":"https:\/\/lottohoy.com\/fi\/#website"},"datePublished":"2020-08-10T16:04:41+00:00","dateModified":"2020-08-10T16:04:41+00:00","description":"Voit helposti valita numerot ja pelata Set for Life (UK) -lottoa verkossa kaikissa haluamissasi arvonnoissa, ilman ett\u00e4 menet\u00e4t yht\u00e4\u00e4n","breadcrumb":{"@id":"https:\/\/lottohoy.com\/fi\/pelata\/play-set-for-life-uk\/#breadcrumb"},"inLanguage":"fi","potentialAction":[{"@type":"ReadAction","target":["https:\/\/lottohoy.com\/fi\/pelata\/play-set-for-life-uk\/"]}]},{"@type":"BreadcrumbList","@id":"https:\/\/lottohoy.com\/fi\/pelata\/play-set-for-life-uk\/#breadcrumb","itemListElement":[{"@type":"ListItem","position":1,"name":"Home","item":"https:\/\/lottohoy.com\/fi\/"},{"@type":"ListItem","position":2,"name":"Pelaa lottoa verkossa","item":"https:\/\/lottohoy.com\/fi\/pelata\/"},{"@type":"ListItem","position":3,"name":"Play Set For Life (UK)"}]},{"@type":"WebSite","@id":"https:\/\/lottohoy.com\/fi\/#website","url":"https:\/\/lottohoy.com\/fi\/","name":"Lottohoy","description":"","potentialAction":[{"@type":"SearchAction","target":{"@type":"EntryPoint","urlTemplate":"https:\/\/lottohoy.com\/fi\/?s={search_term_string}"},"query-input":{"@type":"PropertyValueSpecification","valueRequired":true,"valueName":"search_term_string"}}],"inLanguage":"fi"}]}},"_links":{"self":[{"href":"https:\/\/lottohoy.com\/fi\/wp-json\/wp\/v2\/pages\/16694","targetHints":{"allow":["GET"]}}],"collection":[{"href":"https:\/\/lottohoy.com\/fi\/wp-json\/wp\/v2\/pages"}],"about":[{"href":"https:\/\/lottohoy.com\/fi\/wp-json\/wp\/v2\/types\/page"}],"author":[{"embeddable":true,"href":"https:\/\/lottohoy.com\/fi\/wp-json\/wp\/v2\/users\/2"}],"replies":[{"embeddable":true,"href":"https:\/\/lottohoy.com\/fi\/wp-json\/wp\/v2\/comments?post=16694"}],"version-history":[{"count":0,"href":"https:\/\/lottohoy.com\/fi\/wp-json\/wp\/v2\/pages\/16694\/revisions"}],"up":[{"embeddable":true,"href":"https:\/\/lottohoy.com\/fi\/wp-json\/wp\/v2\/pages\/16581"}],"wp:attachment":[{"href":"https:\/\/lottohoy.com\/fi\/wp-json\/wp\/v2\/media?parent=16694"}],"curies":[{"name":"wp","href":"https:\/\/api.w.org\/{rel}","templated":true}]}}