{"id":16688,"date":"2020-08-10T17:39:45","date_gmt":"2020-08-10T16:39:45","guid":{"rendered":"https:\/\/lottohoy.com\/pelata\/pelaa-thunderball\/"},"modified":"2020-08-10T17:39:45","modified_gmt":"2020-08-10T16:39:45","slug":"pelaa-thunderball","status":"publish","type":"page","link":"https:\/\/lottohoy.com\/fi\/pelata\/pelaa-thunderball\/","title":{"rendered":"Pelaa Thunderball"},"content":{"rendered":"<h2>Pelaa Thunderball verkossa<\/h2>\n<p>Thunderball on ep\u00e4tyypillinen arpajaiset, joissa on kiinte\u00e4 500 000 punnan palkinto kullekin parhaalle voittajalle, jota National Lottery j\u00e4rjest\u00e4\u00e4 Camelotin kautta. Thunderball-arpajaisten pelaamiseen verkossa voit k\u00e4ytt\u00e4\u00e4 meid\u00e4n kaltaistamme online-arpajaisalustaa, joka tarjoaa kaiken kodin mukavuuden ja luotettavuuden, sill\u00e4 tiedot ja tapahtumat on salattu turvallisuuden vuoksi. Kuten suurimmassa osassa arpajaisia, pelaavan henkil\u00f6n on oltava t\u00e4ysi-ik\u00e4inen, jotta h\u00e4n voi lunastaa palkinnot, jos n\u00e4in on. Kun p\u00e4\u00e4set Thunderball-pelin sivulle alustamme kautta, n\u00e4ytt\u00f6\u00f6n ilmestyy malli, jossa on erilaisia sarakkeita, joihin voit asettaa panoksesi, kutsumme niit\u00e4 my\u00f6s pelilinjoiksi. Jokainen sarake tai rivi vastaa panosta. N\u00e4it\u00e4 alkuper\u00e4isi\u00e4 sarakkeita voi suurentaa klikkaamalla LIS\u00c4\u00c4 LINJOJA -ruutua, ja n\u00e4kyviin tulee muita sarakkeita, joissa voit asettaa useampia panoksia samaan peliin. T\u00e4m\u00e4 voidaan toistaa niin monta kertaa kuin haluat ly\u00f6d\u00e4 vetoa sarakkeita tai linjoja. Jotta voit ly\u00f6d\u00e4 vetoa sarakkeelle, 5 39:st\u00e4 ensimm\u00e4isen laatikon ruudusta on oltava merkitty sek\u00e4 lis\u00e4ksi joukko ympyr\u00f6it\u00e4, jotka on numeroitu v\u00e4lille 1-14. Veto voidaan ly\u00f6d\u00e4 kahdella tavalla: manuaalisesti eli merkitsem\u00e4ll\u00e4 suoraan kunkin numeron ruudun, jonka haluat olevan osa vetoyhdistelm\u00e4\u00e4si. Tai voit halutessasi antaa j\u00e4rjestelm\u00e4n itse valita vedonly\u00f6ntiyhdistelm\u00e4n sattumanvaraisesti viem\u00e4ll\u00e4 kursorin sarakkeen yl\u00e4reunaan, jossa n\u00e4kyy ruutu, jossa lukee \u201dpikavalinta\u201d, ja napsauttamalla ruutua Jos veto voitetaan, palkintosumma hyvitet\u00e4\u00e4n automaattisesti k\u00e4ytt\u00e4j\u00e4tilille.<\/p>\n<h2>Milloin Thunderball arvotaan?<\/h2>\n<p>Alun perin Thunderball arvottiin vain lauantaisin, nyt Thunderball arvotaan joka tiistai, keskiviikko, perjantai ja lauantai klo 20:00 GMT Verkkolippujen sis\u00e4\u00e4np\u00e4\u00e4sy alustamme kautta sulkeutuu noin 2 tuntia ennen arvonnan virallista ajankohtaa ja aukeaa uudelleen arvonnan p\u00e4\u00e4tytty\u00e4, jotta liput voidaan validoida seuraavaa arvontakierrosta varten.<\/p>\n<h2>Mit\u00e4 etuja Thunderballin ostamisesta netist\u00e4 on?<\/h2>\n<p>Thunderballin ostaminen verkosta alustamme kautta antaa pelaajille kaikkialta maailmasta mahdollisuuden ostaa lippunsa riippumatta siit\u00e4, miss\u00e4 maassa he asuvat ja miss\u00e4 tilanteessa tahansa, yksinkertaisella internetyhteydell\u00e4 ja mill\u00e4 tahansa laitteella, tabletilla, matkapuhelimella tai tietokoneella Monien muiden ohella n\u00e4m\u00e4 ovat joitakin t\u00e4rkeimpi\u00e4 etuja, joita LottoHoy:n kautta pelaaminen tarjoaa: &#8211; Turvallisuus kaikissa taloudellisissa ja tietotransaktioissa &#8211; 24\/7 p\u00e4\u00e4sy vuoden jokaisena p\u00e4iv\u00e4n\u00e4 ostoihisi ja panostuksiisi. &#8211; Osta lippusi mist\u00e4 p\u00e4in maailmaa tahansa, ilman jonoja tai matkoja ja mihin vuorokaudenaikaan tahansa &#8211; Verkko-ostoksilla v\u00e4ltet\u00e4\u00e4n katoaminen tai v\u00e4\u00e4r\u00e4nlainen sijoittaminen, lippu pysyy aina turvallisesti k\u00e4ytt\u00e4j\u00e4n tilill\u00e4 ja virallinen lippu turvakamerassa. &#8211; Voitetut palkinnot talletetaan v\u00e4litt\u00f6m\u00e4sti k\u00e4ytt\u00e4j\u00e4n tilille, ja ne ovat k\u00e4ytett\u00e4viss\u00e4 ensimm\u00e4isest\u00e4 hetkest\u00e4 l\u00e4htien. Kun arvonta on suoritettu ja viralliset tulokset on julkaistu, voitetut palkintosummat kirjataan k\u00e4ytt\u00e4j\u00e4tilille. &#8211; Saat tietoa kertyneist\u00e4 j\u00e4ttipoteista ja ylim\u00e4\u00e4r\u00e4isist\u00e4 arvonnoista.<\/p>\n","protected":false},"excerpt":{"rendered":"<p>Pelaa Thunderball verkossa Thunderball on ep\u00e4tyypillinen arpajaiset, joissa on kiinte\u00e4 500 000 punnan palkinto kullekin parhaalle voittajalle, jota National Lottery j\u00e4rjest\u00e4\u00e4 Camelotin kautta. Thunderball-arpajaisten pelaamiseen verkossa voit k\u00e4ytt\u00e4\u00e4 meid\u00e4n kaltaistamme online-arpajaisalustaa, joka tarjoaa kaiken kodin mukavuuden ja luotettavuuden, sill\u00e4 tiedot ja tapahtumat on salattu turvallisuuden vuoksi. Kuten suurimmassa osassa arpajaisia, pelaavan henkil\u00f6n on oltava t\u00e4ysi-ik\u00e4inen, [&hellip;]<\/p>\n","protected":false},"author":2,"featured_media":0,"parent":16581,"menu_order":10,"comment_status":"closed","ping_status":"closed","template":"thunderball.php","meta":{"_et_pb_use_builder":"","_et_pb_old_content":"","_et_gb_content_width":"","exclude_from_search":false,"footnotes":""},"class_list":["post-16688","page","type-page","status-publish","hentry"],"yoast_head":"<!-- This site is optimized with the Yoast SEO plugin v23.7 - https:\/\/yoast.com\/wordpress\/plugins\/seo\/ -->\n<title>Vedonly\u00f6nti Thunderball-arvonnassa verkossa - Lottohoy.com<\/title>\n<meta name=\"description\" content=\"T\u00e4m\u00e4n loton pelaaminen verkossa tekee monille pelaajille helpoksi p\u00e4\u00e4st\u00e4 k\u00e4siksi kiinteisiin palkintoihin kaikissa luokissa\" \/>\n<meta name=\"robots\" content=\"index, follow, max-snippet:-1, max-image-preview:large, max-video-preview:-1\" \/>\n<link rel=\"canonical\" href=\"https:\/\/lottohoy.com\/fi\/pelata\/pelaa-thunderball\/\" \/>\n<meta property=\"og:locale\" content=\"fi_FI\" \/>\n<meta property=\"og:type\" content=\"article\" \/>\n<meta property=\"og:title\" content=\"Vedonly\u00f6nti Thunderball-arvonnassa verkossa - Lottohoy.com\" \/>\n<meta property=\"og:description\" content=\"T\u00e4m\u00e4n loton pelaaminen verkossa tekee monille pelaajille helpoksi p\u00e4\u00e4st\u00e4 k\u00e4siksi kiinteisiin palkintoihin kaikissa luokissa\" \/>\n<meta property=\"og:url\" content=\"https:\/\/lottohoy.com\/fi\/pelata\/pelaa-thunderball\/\" \/>\n<meta property=\"og:site_name\" content=\"Lottohoy\" \/>\n<meta name=\"twitter:card\" content=\"summary_large_image\" \/>\n<meta name=\"twitter:label1\" content=\"Arvioitu lukuaika\" \/>\n\t<meta name=\"twitter:data1\" content=\"2 minuuttia\" \/>\n<script type=\"application\/ld+json\" class=\"yoast-schema-graph\">{\"@context\":\"https:\/\/schema.org\",\"@graph\":[{\"@type\":\"WebPage\",\"@id\":\"https:\/\/lottohoy.com\/fi\/pelata\/pelaa-thunderball\/\",\"url\":\"https:\/\/lottohoy.com\/fi\/pelata\/pelaa-thunderball\/\",\"name\":\"Vedonly\u00f6nti Thunderball-arvonnassa verkossa - Lottohoy.com\",\"isPartOf\":{\"@id\":\"https:\/\/lottohoy.com\/fi\/#website\"},\"datePublished\":\"2020-08-10T16:39:45+00:00\",\"dateModified\":\"2020-08-10T16:39:45+00:00\",\"description\":\"T\u00e4m\u00e4n loton pelaaminen verkossa tekee monille pelaajille helpoksi p\u00e4\u00e4st\u00e4 k\u00e4siksi kiinteisiin palkintoihin kaikissa luokissa\",\"breadcrumb\":{\"@id\":\"https:\/\/lottohoy.com\/fi\/pelata\/pelaa-thunderball\/#breadcrumb\"},\"inLanguage\":\"fi\",\"potentialAction\":[{\"@type\":\"ReadAction\",\"target\":[\"https:\/\/lottohoy.com\/fi\/pelata\/pelaa-thunderball\/\"]}]},{\"@type\":\"BreadcrumbList\",\"@id\":\"https:\/\/lottohoy.com\/fi\/pelata\/pelaa-thunderball\/#breadcrumb\",\"itemListElement\":[{\"@type\":\"ListItem\",\"position\":1,\"name\":\"Home\",\"item\":\"https:\/\/lottohoy.com\/fi\/\"},{\"@type\":\"ListItem\",\"position\":2,\"name\":\"Pelaa lottoa verkossa\",\"item\":\"https:\/\/lottohoy.com\/fi\/pelata\/\"},{\"@type\":\"ListItem\",\"position\":3,\"name\":\"Pelaa Thunderball\"}]},{\"@type\":\"WebSite\",\"@id\":\"https:\/\/lottohoy.com\/fi\/#website\",\"url\":\"https:\/\/lottohoy.com\/fi\/\",\"name\":\"Lottohoy\",\"description\":\"\",\"potentialAction\":[{\"@type\":\"SearchAction\",\"target\":{\"@type\":\"EntryPoint\",\"urlTemplate\":\"https:\/\/lottohoy.com\/fi\/?s={search_term_string}\"},\"query-input\":{\"@type\":\"PropertyValueSpecification\",\"valueRequired\":true,\"valueName\":\"search_term_string\"}}],\"inLanguage\":\"fi\"}]}<\/script>\n<!-- \/ Yoast SEO plugin. -->","yoast_head_json":{"title":"Vedonly\u00f6nti Thunderball-arvonnassa verkossa - Lottohoy.com","description":"T\u00e4m\u00e4n loton pelaaminen verkossa tekee monille pelaajille helpoksi p\u00e4\u00e4st\u00e4 k\u00e4siksi kiinteisiin palkintoihin kaikissa luokissa","robots":{"index":"index","follow":"follow","max-snippet":"max-snippet:-1","max-image-preview":"max-image-preview:large","max-video-preview":"max-video-preview:-1"},"canonical":"https:\/\/lottohoy.com\/fi\/pelata\/pelaa-thunderball\/","og_locale":"fi_FI","og_type":"article","og_title":"Vedonly\u00f6nti Thunderball-arvonnassa verkossa - Lottohoy.com","og_description":"T\u00e4m\u00e4n loton pelaaminen verkossa tekee monille pelaajille helpoksi p\u00e4\u00e4st\u00e4 k\u00e4siksi kiinteisiin palkintoihin kaikissa luokissa","og_url":"https:\/\/lottohoy.com\/fi\/pelata\/pelaa-thunderball\/","og_site_name":"Lottohoy","twitter_card":"summary_large_image","twitter_misc":{"Arvioitu lukuaika":"2 minuuttia"},"schema":{"@context":"https:\/\/schema.org","@graph":[{"@type":"WebPage","@id":"https:\/\/lottohoy.com\/fi\/pelata\/pelaa-thunderball\/","url":"https:\/\/lottohoy.com\/fi\/pelata\/pelaa-thunderball\/","name":"Vedonly\u00f6nti Thunderball-arvonnassa verkossa - Lottohoy.com","isPartOf":{"@id":"https:\/\/lottohoy.com\/fi\/#website"},"datePublished":"2020-08-10T16:39:45+00:00","dateModified":"2020-08-10T16:39:45+00:00","description":"T\u00e4m\u00e4n loton pelaaminen verkossa tekee monille pelaajille helpoksi p\u00e4\u00e4st\u00e4 k\u00e4siksi kiinteisiin palkintoihin kaikissa luokissa","breadcrumb":{"@id":"https:\/\/lottohoy.com\/fi\/pelata\/pelaa-thunderball\/#breadcrumb"},"inLanguage":"fi","potentialAction":[{"@type":"ReadAction","target":["https:\/\/lottohoy.com\/fi\/pelata\/pelaa-thunderball\/"]}]},{"@type":"BreadcrumbList","@id":"https:\/\/lottohoy.com\/fi\/pelata\/pelaa-thunderball\/#breadcrumb","itemListElement":[{"@type":"ListItem","position":1,"name":"Home","item":"https:\/\/lottohoy.com\/fi\/"},{"@type":"ListItem","position":2,"name":"Pelaa lottoa verkossa","item":"https:\/\/lottohoy.com\/fi\/pelata\/"},{"@type":"ListItem","position":3,"name":"Pelaa Thunderball"}]},{"@type":"WebSite","@id":"https:\/\/lottohoy.com\/fi\/#website","url":"https:\/\/lottohoy.com\/fi\/","name":"Lottohoy","description":"","potentialAction":[{"@type":"SearchAction","target":{"@type":"EntryPoint","urlTemplate":"https:\/\/lottohoy.com\/fi\/?s={search_term_string}"},"query-input":{"@type":"PropertyValueSpecification","valueRequired":true,"valueName":"search_term_string"}}],"inLanguage":"fi"}]}},"_links":{"self":[{"href":"https:\/\/lottohoy.com\/fi\/wp-json\/wp\/v2\/pages\/16688","targetHints":{"allow":["GET"]}}],"collection":[{"href":"https:\/\/lottohoy.com\/fi\/wp-json\/wp\/v2\/pages"}],"about":[{"href":"https:\/\/lottohoy.com\/fi\/wp-json\/wp\/v2\/types\/page"}],"author":[{"embeddable":true,"href":"https:\/\/lottohoy.com\/fi\/wp-json\/wp\/v2\/users\/2"}],"replies":[{"embeddable":true,"href":"https:\/\/lottohoy.com\/fi\/wp-json\/wp\/v2\/comments?post=16688"}],"version-history":[{"count":0,"href":"https:\/\/lottohoy.com\/fi\/wp-json\/wp\/v2\/pages\/16688\/revisions"}],"up":[{"embeddable":true,"href":"https:\/\/lottohoy.com\/fi\/wp-json\/wp\/v2\/pages\/16581"}],"wp:attachment":[{"href":"https:\/\/lottohoy.com\/fi\/wp-json\/wp\/v2\/media?parent=16688"}],"curies":[{"name":"wp","href":"https:\/\/api.w.org\/{rel}","templated":true}]}}